{"id":478,"date":"2020-11-26T11:57:27","date_gmt":"2020-11-26T10:57:27","guid":{"rendered":"https:\/\/www.comverga.com\/?page_id=478"},"modified":"2021-02-02T21:00:14","modified_gmt":"2021-02-02T20:00:14","slug":"aplikacje-mobilne","status":"publish","type":"page","link":"https:\/\/www.comverga.com\/pol\/cs\/uslugi\/rozzwiazania\/aplikacje-mobilne\/","title":{"rendered":"Mobiln\u00ed aplikace"},"content":{"rendered":"<div data-elementor-type=\"wp-page\" data-elementor-id=\"478\" class=\"elementor elementor-478\">\n\t\t\t\t\t\t\t\t\t<section class=\"elementor-section elementor-top-section elementor-element elementor-element-2067f28b elementor-section-stretched elementor-section-content-middle elementor-section-boxed elementor-section-height-default elementor-section-height-default\" data-id=\"2067f28b\" data-element_type=\"section\" data-settings=\"{&quot;stretch_section&quot;:&quot;section-stretched&quot;,&quot;background_background&quot;:&quot;classic&quot;}\">\n\t\t\t\t\t\t<div class=\"elementor-container elementor-column-gap-default\">\n\t\t\t\t\t<div class=\"elementor-column elementor-col-50 elementor-top-column elementor-element elementor-element-25f2d5f3\" data-id=\"25f2d5f3\" data-element_type=\"column\">\n\t\t\t<div class=\"elementor-widget-wrap elementor-element-populated\">\n\t\t\t\t\t\t\t\t<div class=\"elementor-element elementor-element-498a8f3 elementor-widget elementor-widget-image\" data-id=\"498a8f3\" data-element_type=\"widget\" data-widget_type=\"image.default\">\n\t\t\t\t<div class=\"elementor-widget-container\">\n\t\t\t\t\t\t\t\t\t\t\t\t\t\t\t<img fetchpriority=\"high\" decoding=\"async\" width=\"500\" height=\"450\" src=\"https:\/\/www.comverga.com\/pol\/wp-content\/uploads\/sites\/2\/2021\/02\/apka_ilutracja.png\" class=\"attachment-medium_large size-medium_large wp-image-1894\" alt=\"\" srcset=\"https:\/\/www.comverga.com\/pol\/wp-content\/uploads\/sites\/2\/2021\/02\/apka_ilutracja.png 500w, https:\/\/www.comverga.com\/pol\/wp-content\/uploads\/sites\/2\/2021\/02\/apka_ilutracja-300x270.png 300w\" sizes=\"(max-width: 500px) 100vw, 500px\" \/>\t\t\t\t\t\t\t\t\t\t\t\t\t\t\t<\/div>\n\t\t\t\t<\/div>\n\t\t\t\t\t<\/div>\n\t\t<\/div>\n\t\t\t\t<div class=\"elementor-column elementor-col-50 elementor-top-column elementor-element elementor-element-adc2324\" data-id=\"adc2324\" data-element_type=\"column\">\n\t\t\t<div class=\"elementor-widget-wrap elementor-element-populated\">\n\t\t\t\t\t\t\t\t<div class=\"elementor-element elementor-element-82776ea elementor-widget elementor-widget-text-editor\" data-id=\"82776ea\" data-element_type=\"widget\" data-widget_type=\"text-editor.default\">\n\t\t\t\t<div class=\"elementor-widget-container\">\n\t\t\t\t\t\t\t<p><!-- wp:paragraph --><\/p>\n<p>Na sv\u011btov\u00e9m trhu se neust\u00e1le objevuj\u00ed nov\u00e9 mobiln\u00ed aplikace pro firmy - jejich po\u010det se po\u010d\u00edt\u00e1 na miliony! Dne\u0161n\u00ed chytr\u00e9 telefony jich podporuj\u00ed des\u00edtky a ka\u017ed\u00e1 z nich m\u016f\u017ee slou\u017eit k n\u011b\u010demu jin\u00e9mu: k z\u00e1bav\u011b, k rezervaci restaurace, k prohl\u00ed\u017een\u00ed fotografi\u00ed nebo ke komunikaci. My se v\u0161ak zam\u011b\u0159ujeme na \u0159e\u0161en\u00ed ur\u010den\u00e1 speci\u00e1ln\u011b pro firmy k lep\u0161\u00ed organizaci jejich pr\u00e1ce, sn\u00ed\u017een\u00ed n\u00e1klad\u016f, lep\u0161\u00edmu kontaktu se z\u00e1kazn\u00edky nebo rychlej\u0161\u00edmu zisku.<\/p>\n<p><!-- \/wp:paragraph --><!-- wp:paragraph --><\/p>\n<p>Bohu\u017eel n\u00e1klady na v\u00fdrobu jak\u00e9hokoli nov\u00e9ho syst\u00e9mu se m\u011b\u0159\u00ed v t\u00fddnech programov\u00e1n\u00ed, testov\u00e1n\u00ed a publikov\u00e1n\u00ed. V z\u00e1vislosti na jeho slo\u017eitosti to \u010dasto znamen\u00e1 zna\u010dn\u00e9 investice.<\/p>\n<p><!-- \/wp:paragraph --><!-- wp:paragraph --><\/p>\n<p>Proto jsme vyvinuli n\u00e1stroje, kter\u00e9 umo\u017e\u0148uj\u00ed rychl\u00e9 a efektivn\u00ed programov\u00e1n\u00ed mobiln\u00edch aplikac\u00ed pro firmy. Podnikov\u00e1 \u0159e\u0161en\u00ed, kter\u00e1 poskytujeme, jsou k dispozici jako komunik\u00e1tor, a to za velmi atraktivn\u00ed cenu. Na\u0161e slu\u017eby v sou\u010dasn\u00e9 dob\u011b vyu\u017e\u00edvaj\u00ed zn\u00e1m\u00e9 a respektovan\u00e9 spole\u010dnosti, v\u010detn\u011b glob\u00e1ln\u00edch korporac\u00ed a ve\u0159ejn\u00fdch instituc\u00ed.<\/p>\n<p><!-- \/wp:paragraph --><!-- wp:heading \/--><\/p>\t\t\t\t\t\t<\/div>\n\t\t\t\t<\/div>\n\t\t\t\t\t<\/div>\n\t\t<\/div>\n\t\t\t\t\t\t\t<\/div>\n\t\t<\/section>\n\t\t\t\t<section class=\"elementor-section elementor-top-section elementor-element elementor-element-1e550e7 elementor-section-content-middle elementor-section-stretched elementor-section-boxed elementor-section-height-default elementor-section-height-default\" data-id=\"1e550e7\" data-element_type=\"section\" data-settings=\"{&quot;stretch_section&quot;:&quot;section-stretched&quot;,&quot;background_background&quot;:&quot;classic&quot;}\">\n\t\t\t\t\t\t<div class=\"elementor-container elementor-column-gap-default\">\n\t\t\t\t\t<div class=\"elementor-column elementor-col-50 elementor-top-column elementor-element elementor-element-de88aee\" data-id=\"de88aee\" data-element_type=\"column\">\n\t\t\t<div class=\"elementor-widget-wrap elementor-element-populated\">\n\t\t\t\t\t\t\t\t<div class=\"elementor-element elementor-element-7b14614 elementor-widget elementor-widget-heading\" data-id=\"7b14614\" data-element_type=\"widget\" data-widget_type=\"heading.default\">\n\t\t\t\t<div class=\"elementor-widget-container\">\n\t\t\t<h2 class=\"elementor-heading-title elementor-size-default\">Personalizace aplikace<\/h2>\t\t<\/div>\n\t\t\t\t<\/div>\n\t\t\t\t<div class=\"elementor-element elementor-element-f252875 elementor-widget-divider--view-line elementor-widget elementor-widget-divider\" data-id=\"f252875\" data-element_type=\"widget\" data-widget_type=\"divider.default\">\n\t\t\t\t<div class=\"elementor-widget-container\">\n\t\t\t\t\t<div class=\"elementor-divider\">\n\t\t\t<span class=\"elementor-divider-separator\">\n\t\t\t\t\t\t<\/span>\n\t\t<\/div>\n\t\t\t\t<\/div>\n\t\t\t\t<\/div>\n\t\t\t\t<div class=\"elementor-element elementor-element-fe70c09 elementor-widget elementor-widget-text-editor\" data-id=\"fe70c09\" data-element_type=\"widget\" data-widget_type=\"text-editor.default\">\n\t\t\t\t<div class=\"elementor-widget-container\">\n\t\t\t\t\t\t\t<p>N\u00e1\u0161 komunik\u00e1tor je zalo\u017een na jednotn\u00e9m r\u00e1mci, kter\u00fd umo\u017e\u0148uje rychl\u00fd a efektivn\u00ed v\u00fdvoj aplikace. P\u0159esto si ka\u017ed\u00e1 aplikace m\u016f\u017ee zachovat sv\u016fj individu\u00e1ln\u00ed charakter p\u0159izp\u016fsoben\u00edm \u0159ady vizu\u00e1ln\u00edch prvk\u016f. Proto jsou jednotliv\u00e9 designov\u00e9 prvky, barevn\u00e9 sch\u00e9ma, kontaktn\u00ed \u00fadaje a formul\u00e1\u0159e pro zas\u00edl\u00e1n\u00ed zp\u011btn\u00e9 vazby navrhov\u00e1ny pro ka\u017edou aplikaci zvl\u00e1\u0161\u0165 podle pokyn\u016f z\u00e1kazn\u00edka.<\/p>\n<p><!-- \/wp:paragraph --><!-- wp:paragraph --><\/p>\n<p>Tot\u00e9\u017e plat\u00ed pro podm\u00ednky slu\u017eby a zpravodajsk\u00e9 kan\u00e1ly - ka\u017ed\u00fd u\u017eivatel aplikace se s\u00e1m rozhoduje, jak\u00fd obsah chce od vys\u00edlatele dost\u00e1vat.<\/p>\t\t\t\t\t\t<\/div>\n\t\t\t\t<\/div>\n\t\t\t\t\t<\/div>\n\t\t<\/div>\n\t\t\t\t<div class=\"elementor-column elementor-col-50 elementor-top-column elementor-element elementor-element-85af45e\" data-id=\"85af45e\" data-element_type=\"column\">\n\t\t\t<div class=\"elementor-widget-wrap elementor-element-populated\">\n\t\t\t\t\t\t\t\t<div class=\"elementor-element elementor-element-87eb9ae elementor-widget elementor-widget-image\" data-id=\"87eb9ae\" data-element_type=\"widget\" data-widget_type=\"image.default\">\n\t\t\t\t<div class=\"elementor-widget-container\">\n\t\t\t\t\t\t\t\t\t\t\t\t\t\t\t<img decoding=\"async\" width=\"580\" height=\"464\" src=\"https:\/\/www.comverga.com\/pol\/wp-content\/uploads\/sites\/2\/2021\/02\/komunikator-1-768x614.png\" class=\"attachment-medium_large size-medium_large wp-image-1906\" alt=\"\" srcset=\"https:\/\/www.comverga.com\/pol\/wp-content\/uploads\/sites\/2\/2021\/02\/komunikator-1-768x614.png 768w, https:\/\/www.comverga.com\/pol\/wp-content\/uploads\/sites\/2\/2021\/02\/komunikator-1-300x240.png 300w, https:\/\/www.comverga.com\/pol\/wp-content\/uploads\/sites\/2\/2021\/02\/komunikator-1.png 1000w\" sizes=\"(max-width: 580px) 100vw, 580px\" \/>\t\t\t\t\t\t\t\t\t\t\t\t\t\t\t<\/div>\n\t\t\t\t<\/div>\n\t\t\t\t\t<\/div>\n\t\t<\/div>\n\t\t\t\t\t\t\t<\/div>\n\t\t<\/section>\n\t\t\t\t<section class=\"elementor-section elementor-top-section elementor-element elementor-element-1eddd23 elementor-section-content-middle elementor-section-stretched elementor-section-boxed elementor-section-height-default elementor-section-height-default\" data-id=\"1eddd23\" data-element_type=\"section\" data-settings=\"{&quot;stretch_section&quot;:&quot;section-stretched&quot;,&quot;background_background&quot;:&quot;classic&quot;}\">\n\t\t\t\t\t\t<div class=\"elementor-container elementor-column-gap-default\">\n\t\t\t\t\t<div class=\"elementor-column elementor-col-50 elementor-top-column elementor-element elementor-element-827a152\" data-id=\"827a152\" data-element_type=\"column\">\n\t\t\t<div class=\"elementor-widget-wrap elementor-element-populated\">\n\t\t\t\t\t\t\t\t<div class=\"elementor-element elementor-element-2172c72 elementor-widget elementor-widget-image\" data-id=\"2172c72\" data-element_type=\"widget\" data-widget_type=\"image.default\">\n\t\t\t\t<div class=\"elementor-widget-container\">\n\t\t\t\t\t\t\t\t\t\t\t\t\t\t\t<img decoding=\"async\" width=\"580\" height=\"387\" src=\"https:\/\/www.comverga.com\/pol\/wp-content\/uploads\/sites\/2\/2021\/01\/mprofi-768x512.jpg\" class=\"attachment-medium_large size-medium_large wp-image-1114\" alt=\"\" srcset=\"https:\/\/www.comverga.com\/pol\/wp-content\/uploads\/sites\/2\/2021\/01\/mprofi-768x512.jpg 768w, https:\/\/www.comverga.com\/pol\/wp-content\/uploads\/sites\/2\/2021\/01\/mprofi-300x200.jpg 300w, https:\/\/www.comverga.com\/pol\/wp-content\/uploads\/sites\/2\/2021\/01\/mprofi.jpg 800w\" sizes=\"(max-width: 580px) 100vw, 580px\" \/>\t\t\t\t\t\t\t\t\t\t\t\t\t\t\t<\/div>\n\t\t\t\t<\/div>\n\t\t\t\t\t<\/div>\n\t\t<\/div>\n\t\t\t\t<div class=\"elementor-column elementor-col-50 elementor-top-column elementor-element elementor-element-0173020\" data-id=\"0173020\" data-element_type=\"column\">\n\t\t\t<div class=\"elementor-widget-wrap elementor-element-populated\">\n\t\t\t\t\t\t\t\t<div class=\"elementor-element elementor-element-3e90422 elementor-widget elementor-widget-heading\" data-id=\"3e90422\" data-element_type=\"widget\" data-widget_type=\"heading.default\">\n\t\t\t\t<div class=\"elementor-widget-container\">\n\t\t\t<h2 class=\"elementor-heading-title elementor-size-default\">Obousm\u011brn\u00e1 komunikace<\/h2>\t\t<\/div>\n\t\t\t\t<\/div>\n\t\t\t\t<div class=\"elementor-element elementor-element-74eaa76 elementor-widget-divider--view-line elementor-widget elementor-widget-divider\" data-id=\"74eaa76\" data-element_type=\"widget\" data-widget_type=\"divider.default\">\n\t\t\t\t<div class=\"elementor-widget-container\">\n\t\t\t\t\t<div class=\"elementor-divider\">\n\t\t\t<span class=\"elementor-divider-separator\">\n\t\t\t\t\t\t<\/span>\n\t\t<\/div>\n\t\t\t\t<\/div>\n\t\t\t\t<\/div>\n\t\t\t\t<div class=\"elementor-element elementor-element-25afbe7 elementor-widget elementor-widget-text-editor\" data-id=\"25afbe7\" data-element_type=\"widget\" data-widget_type=\"text-editor.default\">\n\t\t\t\t<div class=\"elementor-widget-container\">\n\t\t\t\t\t\t\t<p>Na\u0161i aplikaci naz\u00fdv\u00e1me KOMUNIK\u00c1TOR, proto\u017ee slou\u017e\u00ed k obousm\u011brn\u00e9 v\u00fdm\u011bn\u011b obsahu mezi spr\u00e1vcem a p\u0159\u00edjemci. Typick\u00fdm p\u0159\u00edkladem je vztah mezi M\u011aSTSKOU\/M\u00cdSTN\u00cd RADOU a OB\u010cANY, nebo FARNOST\u00cd-OB\u010cANY, nebo FIRMOU-zam\u011bstnanci, nebo DISTRIBUTOREM-Z\u00c1KAZN\u00cdKY. Ve v\u0161ech t\u011bchto prost\u0159ed\u00edch je efektivn\u00ed, rychl\u00e1 a levn\u00e1 komunikace nezbytn\u00e1. Je t\u0159eba rozeslat tis\u00edce minutov\u00fdch zpr\u00e1v.<\/p>\t\t\t\t\t\t<\/div>\n\t\t\t\t<\/div>\n\t\t\t\t\t<\/div>\n\t\t<\/div>\n\t\t\t\t\t\t\t<\/div>\n\t\t<\/section>\n\t\t\t\t\t\t\t<\/div>","protected":false},"excerpt":{"rendered":"<p>Na sv\u011btov\u00e9m trhu se neust\u00e1le objevuj\u00ed nov\u00e9 mobiln\u00ed aplikace pro firmy - jejich po\u010det se po\u010d\u00edt\u00e1 na miliony! Dne\u0161n\u00ed chytr\u00e9 telefony jich podporuj\u00ed des\u00edtky a ka\u017ed\u00e1 z nich m\u016f\u017ee slou\u017eit k n\u011b\u010demu jin\u00e9mu: k z\u00e1bav\u011b, k rezervaci restaurace, k prohl\u00ed\u017een\u00ed fotografi\u00ed nebo ke komunikaci. My se v\u0161ak zam\u011b\u0159ujeme na \u0159e\u0161en\u00ed ur\u010den\u00e1 speci\u00e1ln\u011b pro firmy, zam\u011b\u0159en\u00e1 na lep\u0161\u00ed organizaci pr\u00e1ce, [...].<\/p>","protected":false},"author":1,"featured_media":144,"parent":249,"menu_order":0,"comment_status":"closed","ping_status":"closed","template":"","meta":{"footnotes":""},"yoast_head":"<!-- This site is optimized with the Yoast SEO plugin v21.6 - https:\/\/yoast.com\/wordpress\/plugins\/seo\/ -->\n<title>Aplikacje mobilne - COMVERGA Poland<\/title>\n<meta name=\"robots\" content=\"index, follow, max-snippet:-1, max-image-preview:large, max-video-preview:-1\" \/>\n<link rel=\"canonical\" href=\"https:\/\/www.comverga.com\/pol\/cs\/uslugi\/rozzwiazania\/aplikacje-mobilne\/\" \/>\n<meta property=\"og:locale\" content=\"cs_CZ\" \/>\n<meta property=\"og:type\" content=\"article\" \/>\n<meta property=\"og:title\" content=\"Aplikacje mobilne - COMVERGA Poland\" \/>\n<meta property=\"og:description\" content=\"Na \u015bwiatowym rynku stale pojawiaj\u0105 si\u0119 nowe aplikacje mobilne dla biznesu \u2013 ich liczba mierzona jest w milionach! Wsp\u00f3\u0142czesne smartfony obs\u0142uguj\u0105 ich dziesi\u0105tki, ka\u017cda mo\u017ce s\u0142u\u017cy\u0107 do czego\u015b innego: do zabawy, do rezerwacji restauracji, do przegl\u0105dania zdj\u0119\u0107, czy do komunikacji. My skupiamy si\u0119 jednak na rozwi\u0105zaniach stworzonych specjalnie dla firm, maj\u0105cych celu lepsz\u0105 organizacj\u0119 pracy, [&hellip;]\" \/>\n<meta property=\"og:url\" content=\"https:\/\/www.comverga.com\/pol\/cs\/uslugi\/rozzwiazania\/aplikacje-mobilne\/\" \/>\n<meta property=\"og:site_name\" content=\"COMVERGA Poland\" \/>\n<meta property=\"article:modified_time\" content=\"2021-02-02T20:00:14+00:00\" \/>\n<meta property=\"og:image\" content=\"https:\/\/www.comverga.com\/pol\/wp-content\/uploads\/sites\/2\/2020\/11\/sprawdzanie-numerow-1-1.jpg\" \/>\n\t<meta property=\"og:image:width\" content=\"1920\" \/>\n\t<meta property=\"og:image:height\" content=\"620\" \/>\n\t<meta property=\"og:image:type\" content=\"image\/jpeg\" \/>\n<meta name=\"twitter:card\" content=\"summary_large_image\" \/>\n<meta name=\"twitter:label1\" content=\"Odhadovan\u00e1 doba \u010dten\u00ed\" \/>\n\t<meta name=\"twitter:data1\" content=\"2 minuty\" \/>\n<script type=\"application\/ld+json\" class=\"yoast-schema-graph\">{\"@context\":\"https:\/\/schema.org\",\"@graph\":[{\"@type\":\"WebPage\",\"@id\":\"https:\/\/www.comverga.com\/pol\/uslugi\/rozzwiazania\/aplikacje-mobilne\/\",\"url\":\"https:\/\/www.comverga.com\/pol\/uslugi\/rozzwiazania\/aplikacje-mobilne\/\",\"name\":\"Aplikacje mobilne - COMVERGA Poland\",\"isPartOf\":{\"@id\":\"https:\/\/www.comverga.com\/pol\/#website\"},\"datePublished\":\"2020-11-26T10:57:27+00:00\",\"dateModified\":\"2021-02-02T20:00:14+00:00\",\"breadcrumb\":{\"@id\":\"https:\/\/www.comverga.com\/pol\/uslugi\/rozzwiazania\/aplikacje-mobilne\/#breadcrumb\"},\"inLanguage\":\"cs\",\"potentialAction\":[{\"@type\":\"ReadAction\",\"target\":[\"https:\/\/www.comverga.com\/pol\/uslugi\/rozzwiazania\/aplikacje-mobilne\/\"]}]},{\"@type\":\"BreadcrumbList\",\"@id\":\"https:\/\/www.comverga.com\/pol\/uslugi\/rozzwiazania\/aplikacje-mobilne\/#breadcrumb\",\"itemListElement\":[{\"@type\":\"ListItem\",\"position\":1,\"name\":\"Us\u0142ugi\",\"item\":\"https:\/\/www.comverga.com\/pol\/uslugi\/\"},{\"@type\":\"ListItem\",\"position\":2,\"name\":\"Rozwi\u0105zania informatyczne i telekomunikacyjne\",\"item\":\"https:\/\/www.comverga.com\/pol\/uslugi\/rozzwiazania\/\"},{\"@type\":\"ListItem\",\"position\":3,\"name\":\"Aplikacje mobilne\"}]},{\"@type\":\"WebSite\",\"@id\":\"https:\/\/www.comverga.com\/pol\/#website\",\"url\":\"https:\/\/www.comverga.com\/pol\/\",\"name\":\"COMVERGA Poland\",\"description\":\"Comverga Poland\",\"publisher\":{\"@id\":\"https:\/\/www.comverga.com\/pol\/#organization\"},\"potentialAction\":[{\"@type\":\"SearchAction\",\"target\":{\"@type\":\"EntryPoint\",\"urlTemplate\":\"https:\/\/www.comverga.com\/pol\/?s={search_term_string}\"},\"query-input\":\"required name=search_term_string\"}],\"inLanguage\":\"cs\"},{\"@type\":\"Organization\",\"@id\":\"https:\/\/www.comverga.com\/pol\/#organization\",\"name\":\"COMVERGA Poland\",\"url\":\"https:\/\/www.comverga.com\/pol\/\",\"logo\":{\"@type\":\"ImageObject\",\"inLanguage\":\"cs\",\"@id\":\"https:\/\/www.comverga.com\/pol\/#\/schema\/logo\/image\/\",\"url\":\"https:\/\/www.comverga.com\/pol\/wp-content\/uploads\/sites\/2\/2020\/11\/Comverga_CC.png\",\"contentUrl\":\"https:\/\/www.comverga.com\/pol\/wp-content\/uploads\/sites\/2\/2020\/11\/Comverga_CC.png\",\"width\":800,\"height\":800,\"caption\":\"COMVERGA Poland\"},\"image\":{\"@id\":\"https:\/\/www.comverga.com\/pol\/#\/schema\/logo\/image\/\"}}]}<\/script>\n<!-- \/ Yoast SEO plugin. -->","yoast_head_json":{"title":"Aplikacje mobilne - COMVERGA Poland","robots":{"index":"index","follow":"follow","max-snippet":"max-snippet:-1","max-image-preview":"max-image-preview:large","max-video-preview":"max-video-preview:-1"},"canonical":"https:\/\/www.comverga.com\/pol\/cs\/uslugi\/rozzwiazania\/aplikacje-mobilne\/","og_locale":"cs_CZ","og_type":"article","og_title":"Aplikacje mobilne - COMVERGA Poland","og_description":"Na \u015bwiatowym rynku stale pojawiaj\u0105 si\u0119 nowe aplikacje mobilne dla biznesu \u2013 ich liczba mierzona jest w milionach! Wsp\u00f3\u0142czesne smartfony obs\u0142uguj\u0105 ich dziesi\u0105tki, ka\u017cda mo\u017ce s\u0142u\u017cy\u0107 do czego\u015b innego: do zabawy, do rezerwacji restauracji, do przegl\u0105dania zdj\u0119\u0107, czy do komunikacji. My skupiamy si\u0119 jednak na rozwi\u0105zaniach stworzonych specjalnie dla firm, maj\u0105cych celu lepsz\u0105 organizacj\u0119 pracy, [&hellip;]","og_url":"https:\/\/www.comverga.com\/pol\/cs\/uslugi\/rozzwiazania\/aplikacje-mobilne\/","og_site_name":"COMVERGA Poland","article_modified_time":"2021-02-02T20:00:14+00:00","og_image":[{"width":1920,"height":620,"url":"https:\/\/www.comverga.com\/pol\/wp-content\/uploads\/sites\/2\/2020\/11\/sprawdzanie-numerow-1-1.jpg","type":"image\/jpeg"}],"twitter_card":"summary_large_image","twitter_misc":{"Odhadovan\u00e1 doba \u010dten\u00ed":"2 minuty"},"schema":{"@context":"https:\/\/schema.org","@graph":[{"@type":"WebPage","@id":"https:\/\/www.comverga.com\/pol\/uslugi\/rozzwiazania\/aplikacje-mobilne\/","url":"https:\/\/www.comverga.com\/pol\/uslugi\/rozzwiazania\/aplikacje-mobilne\/","name":"Aplikacje mobilne - COMVERGA Poland","isPartOf":{"@id":"https:\/\/www.comverga.com\/pol\/#website"},"datePublished":"2020-11-26T10:57:27+00:00","dateModified":"2021-02-02T20:00:14+00:00","breadcrumb":{"@id":"https:\/\/www.comverga.com\/pol\/uslugi\/rozzwiazania\/aplikacje-mobilne\/#breadcrumb"},"inLanguage":"cs","potentialAction":[{"@type":"ReadAction","target":["https:\/\/www.comverga.com\/pol\/uslugi\/rozzwiazania\/aplikacje-mobilne\/"]}]},{"@type":"BreadcrumbList","@id":"https:\/\/www.comverga.com\/pol\/uslugi\/rozzwiazania\/aplikacje-mobilne\/#breadcrumb","itemListElement":[{"@type":"ListItem","position":1,"name":"Us\u0142ugi","item":"https:\/\/www.comverga.com\/pol\/uslugi\/"},{"@type":"ListItem","position":2,"name":"Rozwi\u0105zania informatyczne i telekomunikacyjne","item":"https:\/\/www.comverga.com\/pol\/uslugi\/rozzwiazania\/"},{"@type":"ListItem","position":3,"name":"Aplikacje mobilne"}]},{"@type":"WebSite","@id":"https:\/\/www.comverga.com\/pol\/#website","url":"https:\/\/www.comverga.com\/pol\/","name":"COMVERGA Polsko","description":"Comverga Polsko","publisher":{"@id":"https:\/\/www.comverga.com\/pol\/#organization"},"potentialAction":[{"@type":"SearchAction","target":{"@type":"EntryPoint","urlTemplate":"https:\/\/www.comverga.com\/pol\/?s={search_term_string}"},"query-input":"required name=search_term_string"}],"inLanguage":"cs"},{"@type":"Organization","@id":"https:\/\/www.comverga.com\/pol\/#organization","name":"COMVERGA Polsko","url":"https:\/\/www.comverga.com\/pol\/","logo":{"@type":"ImageObject","inLanguage":"cs","@id":"https:\/\/www.comverga.com\/pol\/#\/schema\/logo\/image\/","url":"https:\/\/www.comverga.com\/pol\/wp-content\/uploads\/sites\/2\/2020\/11\/Comverga_CC.png","contentUrl":"https:\/\/www.comverga.com\/pol\/wp-content\/uploads\/sites\/2\/2020\/11\/Comverga_CC.png","width":800,"height":800,"caption":"COMVERGA Poland"},"image":{"@id":"https:\/\/www.comverga.com\/pol\/#\/schema\/logo\/image\/"}}]}},"_links":{"self":[{"href":"https:\/\/www.comverga.com\/pol\/cs\/wp-json\/wp\/v2\/pages\/478"}],"collection":[{"href":"https:\/\/www.comverga.com\/pol\/cs\/wp-json\/wp\/v2\/pages"}],"about":[{"href":"https:\/\/www.comverga.com\/pol\/cs\/wp-json\/wp\/v2\/types\/page"}],"author":[{"embeddable":true,"href":"https:\/\/www.comverga.com\/pol\/cs\/wp-json\/wp\/v2\/users\/1"}],"replies":[{"embeddable":true,"href":"https:\/\/www.comverga.com\/pol\/cs\/wp-json\/wp\/v2\/comments?post=478"}],"version-history":[{"count":16,"href":"https:\/\/www.comverga.com\/pol\/cs\/wp-json\/wp\/v2\/pages\/478\/revisions"}],"predecessor-version":[{"id":1909,"href":"https:\/\/www.comverga.com\/pol\/cs\/wp-json\/wp\/v2\/pages\/478\/revisions\/1909"}],"up":[{"embeddable":true,"href":"https:\/\/www.comverga.com\/pol\/cs\/wp-json\/wp\/v2\/pages\/249"}],"wp:featuredmedia":[{"embeddable":true,"href":"https:\/\/www.comverga.com\/pol\/cs\/wp-json\/wp\/v2\/media\/144"}],"wp:attachment":[{"href":"https:\/\/www.comverga.com\/pol\/cs\/wp-json\/wp\/v2\/media?parent=478"}],"curies":[{"name":"wp","href":"https:\/\/api.w.org\/{rel}","templated":true}]}}