{"id":494,"date":"2020-11-26T12:25:17","date_gmt":"2020-11-26T11:25:17","guid":{"rendered":"https:\/\/www.comverga.com\/?page_id=494"},"modified":"2021-02-01T12:44:22","modified_gmt":"2021-02-01T11:44:22","slug":"sms-gw-api-gui","status":"publish","type":"page","link":"https:\/\/www.comverga.com\/pol\/cs\/uslugi\/uslugi-sms-wiadomosci\/sms-gw-api-gui\/","title":{"rendered":"SMS br\u00e1na"},"content":{"rendered":"<div data-elementor-type=\"wp-page\" data-elementor-id=\"494\" class=\"elementor elementor-494\">\n\t\t\t\t\t\t\t\t\t<section class=\"elementor-section elementor-top-section elementor-element elementor-element-549527c2 elementor-section-stretched elementor-section-boxed elementor-section-height-default elementor-section-height-default\" data-id=\"549527c2\" data-element_type=\"section\" data-settings=\"{&quot;stretch_section&quot;:&quot;section-stretched&quot;,&quot;background_background&quot;:&quot;classic&quot;}\">\n\t\t\t\t\t\t<div class=\"elementor-container elementor-column-gap-default\">\n\t\t\t\t\t<div class=\"elementor-column elementor-col-100 elementor-top-column elementor-element elementor-element-7bd738d7\" data-id=\"7bd738d7\" data-element_type=\"column\">\n\t\t\t<div class=\"elementor-widget-wrap elementor-element-populated\">\n\t\t\t\t\t\t\t\t<div class=\"elementor-element elementor-element-d810017 elementor-widget elementor-widget-text-editor\" data-id=\"d810017\" data-element_type=\"widget\" data-widget_type=\"text-editor.default\">\n\t\t\t\t<div class=\"elementor-widget-container\">\n\t\t\t\t\t\t\t<!-- wp:paragraph -->\n<p>Zdrojem dat pro komunikaci se z\u00e1kazn\u00edky a partnery jsou p\u0159edev\u0161\u00edm podnikov\u00e9 syst\u00e9my, a\u0165 u\u017e obchodn\u00ed, marketingov\u00e9 nebo provozn\u00ed. Data pro komunikaci se z\u00e1kazn\u00edky jsou v t\u011bchto syst\u00e9mech generov\u00e1na synchronn\u011b nebo asynchronn\u011b, n\u00e1sledn\u011b zpracov\u00e1v\u00e1na a odes\u00edl\u00e1na prost\u0159ednictv\u00edm r\u016fzn\u00fdch rozhran\u00ed, aplikac\u00ed a protokol\u016f. V n\u011bkter\u00fdch p\u0159\u00edpadech je v\u00fdhodn\u00e9 vyu\u017e\u00edt grafick\u00e9 u\u017eivatelsk\u00e9 rozhran\u00ed, kter\u00e9 umo\u017e\u0148uje u\u017eivatelsky p\u0159\u00edjemnou pr\u00e1ci s daty, spr\u00e1vu jednotliv\u00fdch kampan\u00ed a reakc\u00ed z\u00e1kazn\u00edk\u016f. Sou\u010dasn\u011b je d\u016fle\u017eit\u00e9 uplat\u0148ovat v\u0161echny postupy nezbytn\u00e9 pro zaji\u0161t\u011bn\u00ed ochrany osobn\u00edch \u00fadaj\u016f a ochrany p\u0159ed zneu\u017eit\u00edm (spam, phishing atd.). Krom\u011b v\u00fd\u0161e uveden\u00fdch funkc\u00ed poskytuje SMS br\u00e1na tak\u00e9 spr\u00e1vu jednotliv\u00fdch u\u017eivatel\u016f, statistiky provozu a mnoho dal\u0161\u00edch funkc\u00ed.<\/p>\n<!-- \/wp:paragraph -->\t\t\t\t\t\t<\/div>\n\t\t\t\t<\/div>\n\t\t\t\t\t<\/div>\n\t\t<\/div>\n\t\t\t\t\t\t\t<\/div>\n\t\t<\/section>\n\t\t\t\t\t\t\t<\/div>","protected":false},"excerpt":{"rendered":"<p>Zdrojem dat pro komunikaci se z\u00e1kazn\u00edky a partnery jsou p\u0159edev\u0161\u00edm podnikov\u00e9 syst\u00e9my, a\u0165 u\u017e obchodn\u00ed, marketingov\u00e9 nebo provozn\u00ed. Data pro komunikaci se z\u00e1kazn\u00edky jsou v t\u011bchto syst\u00e9mech generov\u00e1na synchronn\u011b nebo asynchronn\u011b a n\u00e1sledn\u011b zpracov\u00e1v\u00e1na a odes\u00edl\u00e1na prost\u0159ednictv\u00edm r\u016fzn\u00fdch rozhran\u00ed, aplikac\u00ed a protokol\u016f. V n\u011bkter\u00fdch p\u0159\u00edpadech je v\u00fdhodn\u00e9 pou\u017e\u00edt grafick\u00e9 u\u017eivatelsk\u00e9 rozhran\u00ed, kter\u00e9 umo\u017e\u0148uje [...]<\/p>","protected":false},"author":1,"featured_media":228,"parent":235,"menu_order":0,"comment_status":"closed","ping_status":"closed","template":"","meta":{"footnotes":""},"yoast_head":"<!-- This site is optimized with the Yoast SEO plugin v21.6 - https:\/\/yoast.com\/wordpress\/plugins\/seo\/ -->\n<title>Bramka SMS - COMVERGA Poland<\/title>\n<meta name=\"robots\" content=\"index, follow, max-snippet:-1, max-image-preview:large, max-video-preview:-1\" \/>\n<link rel=\"canonical\" href=\"https:\/\/www.comverga.com\/pol\/cs\/uslugi\/uslugi-sms-wiadomosci\/sms-gw-api-gui\/\" \/>\n<meta property=\"og:locale\" content=\"cs_CZ\" \/>\n<meta property=\"og:type\" content=\"article\" \/>\n<meta property=\"og:title\" content=\"Bramka SMS - COMVERGA Poland\" \/>\n<meta property=\"og:description\" content=\"\u0179r\u00f3d\u0142em danych do komunikacji z klientami i partnerami s\u0105 g\u0142\u00f3wnie systemy korporacyjne, zar\u00f3wno biznesowe, marketingowe, jak i operacyjne. Dane do komunikacji z klientami s\u0105 generowane w tych systemach synchronicznie lub asynchronicznie, nast\u0119pnie s\u0105 one przetwarzane i wysy\u0142ane za po\u015brednictwem r\u00f3\u017cnych interfejs\u00f3w, aplikacji i protoko\u0142\u00f3w. W niekt\u00f3rych przypadkach korzystne jest zastosowanie graficznego interfejsu u\u017cytkownika, kt\u00f3ry umo\u017cliwia [&hellip;]\" \/>\n<meta property=\"og:url\" content=\"https:\/\/www.comverga.com\/pol\/cs\/uslugi\/uslugi-sms-wiadomosci\/sms-gw-api-gui\/\" \/>\n<meta property=\"og:site_name\" content=\"COMVERGA Poland\" \/>\n<meta property=\"article:modified_time\" content=\"2021-02-01T11:44:22+00:00\" \/>\n<meta property=\"og:image\" content=\"https:\/\/www.comverga.com\/pol\/wp-content\/uploads\/sites\/2\/2020\/11\/Service_IoT.jpg\" \/>\n\t<meta property=\"og:image:width\" content=\"1920\" \/>\n\t<meta property=\"og:image:height\" content=\"1080\" \/>\n\t<meta property=\"og:image:type\" content=\"image\/jpeg\" \/>\n<meta name=\"twitter:card\" content=\"summary_large_image\" \/>\n<meta name=\"twitter:label1\" content=\"Odhadovan\u00e1 doba \u010dten\u00ed\" \/>\n\t<meta name=\"twitter:data1\" content=\"1 minuta\" \/>\n<script type=\"application\/ld+json\" class=\"yoast-schema-graph\">{\"@context\":\"https:\/\/schema.org\",\"@graph\":[{\"@type\":\"WebPage\",\"@id\":\"https:\/\/www.comverga.com\/pol\/uslugi\/uslugi-sms-wiadomosci\/sms-gw-api-gui\/\",\"url\":\"https:\/\/www.comverga.com\/pol\/uslugi\/uslugi-sms-wiadomosci\/sms-gw-api-gui\/\",\"name\":\"Bramka SMS - COMVERGA Poland\",\"isPartOf\":{\"@id\":\"https:\/\/www.comverga.com\/pol\/#website\"},\"datePublished\":\"2020-11-26T11:25:17+00:00\",\"dateModified\":\"2021-02-01T11:44:22+00:00\",\"breadcrumb\":{\"@id\":\"https:\/\/www.comverga.com\/pol\/uslugi\/uslugi-sms-wiadomosci\/sms-gw-api-gui\/#breadcrumb\"},\"inLanguage\":\"cs\",\"potentialAction\":[{\"@type\":\"ReadAction\",\"target\":[\"https:\/\/www.comverga.com\/pol\/uslugi\/uslugi-sms-wiadomosci\/sms-gw-api-gui\/\"]}]},{\"@type\":\"BreadcrumbList\",\"@id\":\"https:\/\/www.comverga.com\/pol\/uslugi\/uslugi-sms-wiadomosci\/sms-gw-api-gui\/#breadcrumb\",\"itemListElement\":[{\"@type\":\"ListItem\",\"position\":1,\"name\":\"Us\u0142ugi\",\"item\":\"https:\/\/www.comverga.com\/pol\/uslugi\/\"},{\"@type\":\"ListItem\",\"position\":2,\"name\":\"Masowa wysy\u0142ka SMS\",\"item\":\"https:\/\/www.comverga.com\/pol\/uslugi\/uslugi-sms-wiadomosci\/\"},{\"@type\":\"ListItem\",\"position\":3,\"name\":\"Bramka SMS\"}]},{\"@type\":\"WebSite\",\"@id\":\"https:\/\/www.comverga.com\/pol\/#website\",\"url\":\"https:\/\/www.comverga.com\/pol\/\",\"name\":\"COMVERGA Poland\",\"description\":\"Comverga Poland\",\"publisher\":{\"@id\":\"https:\/\/www.comverga.com\/pol\/#organization\"},\"potentialAction\":[{\"@type\":\"SearchAction\",\"target\":{\"@type\":\"EntryPoint\",\"urlTemplate\":\"https:\/\/www.comverga.com\/pol\/?s={search_term_string}\"},\"query-input\":\"required name=search_term_string\"}],\"inLanguage\":\"cs\"},{\"@type\":\"Organization\",\"@id\":\"https:\/\/www.comverga.com\/pol\/#organization\",\"name\":\"COMVERGA Poland\",\"url\":\"https:\/\/www.comverga.com\/pol\/\",\"logo\":{\"@type\":\"ImageObject\",\"inLanguage\":\"cs\",\"@id\":\"https:\/\/www.comverga.com\/pol\/#\/schema\/logo\/image\/\",\"url\":\"https:\/\/www.comverga.com\/pol\/wp-content\/uploads\/sites\/2\/2020\/11\/Comverga_CC.png\",\"contentUrl\":\"https:\/\/www.comverga.com\/pol\/wp-content\/uploads\/sites\/2\/2020\/11\/Comverga_CC.png\",\"width\":800,\"height\":800,\"caption\":\"COMVERGA Poland\"},\"image\":{\"@id\":\"https:\/\/www.comverga.com\/pol\/#\/schema\/logo\/image\/\"}}]}<\/script>\n<!-- \/ Yoast SEO plugin. -->","yoast_head_json":{"title":"SMS br\u00e1na - COMVERGA Polsko","robots":{"index":"index","follow":"follow","max-snippet":"max-snippet:-1","max-image-preview":"max-image-preview:large","max-video-preview":"max-video-preview:-1"},"canonical":"https:\/\/www.comverga.com\/pol\/cs\/uslugi\/uslugi-sms-wiadomosci\/sms-gw-api-gui\/","og_locale":"cs_CZ","og_type":"article","og_title":"Bramka SMS - COMVERGA Poland","og_description":"\u0179r\u00f3d\u0142em danych do komunikacji z klientami i partnerami s\u0105 g\u0142\u00f3wnie systemy korporacyjne, zar\u00f3wno biznesowe, marketingowe, jak i operacyjne. Dane do komunikacji z klientami s\u0105 generowane w tych systemach synchronicznie lub asynchronicznie, nast\u0119pnie s\u0105 one przetwarzane i wysy\u0142ane za po\u015brednictwem r\u00f3\u017cnych interfejs\u00f3w, aplikacji i protoko\u0142\u00f3w. W niekt\u00f3rych przypadkach korzystne jest zastosowanie graficznego interfejsu u\u017cytkownika, kt\u00f3ry umo\u017cliwia [&hellip;]","og_url":"https:\/\/www.comverga.com\/pol\/cs\/uslugi\/uslugi-sms-wiadomosci\/sms-gw-api-gui\/","og_site_name":"COMVERGA Poland","article_modified_time":"2021-02-01T11:44:22+00:00","og_image":[{"width":1920,"height":1080,"url":"https:\/\/www.comverga.com\/pol\/wp-content\/uploads\/sites\/2\/2020\/11\/Service_IoT.jpg","type":"image\/jpeg"}],"twitter_card":"summary_large_image","twitter_misc":{"Odhadovan\u00e1 doba \u010dten\u00ed":"1 minuta"},"schema":{"@context":"https:\/\/schema.org","@graph":[{"@type":"WebPage","@id":"https:\/\/www.comverga.com\/pol\/uslugi\/uslugi-sms-wiadomosci\/sms-gw-api-gui\/","url":"https:\/\/www.comverga.com\/pol\/uslugi\/uslugi-sms-wiadomosci\/sms-gw-api-gui\/","name":"SMS br\u00e1na - COMVERGA Polsko","isPartOf":{"@id":"https:\/\/www.comverga.com\/pol\/#website"},"datePublished":"2020-11-26T11:25:17+00:00","dateModified":"2021-02-01T11:44:22+00:00","breadcrumb":{"@id":"https:\/\/www.comverga.com\/pol\/uslugi\/uslugi-sms-wiadomosci\/sms-gw-api-gui\/#breadcrumb"},"inLanguage":"cs","potentialAction":[{"@type":"ReadAction","target":["https:\/\/www.comverga.com\/pol\/uslugi\/uslugi-sms-wiadomosci\/sms-gw-api-gui\/"]}]},{"@type":"BreadcrumbList","@id":"https:\/\/www.comverga.com\/pol\/uslugi\/uslugi-sms-wiadomosci\/sms-gw-api-gui\/#breadcrumb","itemListElement":[{"@type":"ListItem","position":1,"name":"Us\u0142ugi","item":"https:\/\/www.comverga.com\/pol\/uslugi\/"},{"@type":"ListItem","position":2,"name":"Masowa wysy\u0142ka SMS","item":"https:\/\/www.comverga.com\/pol\/uslugi\/uslugi-sms-wiadomosci\/"},{"@type":"ListItem","position":3,"name":"Bramka SMS"}]},{"@type":"WebSite","@id":"https:\/\/www.comverga.com\/pol\/#website","url":"https:\/\/www.comverga.com\/pol\/","name":"COMVERGA Polsko","description":"Comverga Polsko","publisher":{"@id":"https:\/\/www.comverga.com\/pol\/#organization"},"potentialAction":[{"@type":"SearchAction","target":{"@type":"EntryPoint","urlTemplate":"https:\/\/www.comverga.com\/pol\/?s={search_term_string}"},"query-input":"required name=search_term_string"}],"inLanguage":"cs"},{"@type":"Organization","@id":"https:\/\/www.comverga.com\/pol\/#organization","name":"COMVERGA Polsko","url":"https:\/\/www.comverga.com\/pol\/","logo":{"@type":"ImageObject","inLanguage":"cs","@id":"https:\/\/www.comverga.com\/pol\/#\/schema\/logo\/image\/","url":"https:\/\/www.comverga.com\/pol\/wp-content\/uploads\/sites\/2\/2020\/11\/Comverga_CC.png","contentUrl":"https:\/\/www.comverga.com\/pol\/wp-content\/uploads\/sites\/2\/2020\/11\/Comverga_CC.png","width":800,"height":800,"caption":"COMVERGA Poland"},"image":{"@id":"https:\/\/www.comverga.com\/pol\/#\/schema\/logo\/image\/"}}]}},"_links":{"self":[{"href":"https:\/\/www.comverga.com\/pol\/cs\/wp-json\/wp\/v2\/pages\/494"}],"collection":[{"href":"https:\/\/www.comverga.com\/pol\/cs\/wp-json\/wp\/v2\/pages"}],"about":[{"href":"https:\/\/www.comverga.com\/pol\/cs\/wp-json\/wp\/v2\/types\/page"}],"author":[{"embeddable":true,"href":"https:\/\/www.comverga.com\/pol\/cs\/wp-json\/wp\/v2\/users\/1"}],"replies":[{"embeddable":true,"href":"https:\/\/www.comverga.com\/pol\/cs\/wp-json\/wp\/v2\/comments?post=494"}],"version-history":[{"count":4,"href":"https:\/\/www.comverga.com\/pol\/cs\/wp-json\/wp\/v2\/pages\/494\/revisions"}],"predecessor-version":[{"id":1849,"href":"https:\/\/www.comverga.com\/pol\/cs\/wp-json\/wp\/v2\/pages\/494\/revisions\/1849"}],"up":[{"embeddable":true,"href":"https:\/\/www.comverga.com\/pol\/cs\/wp-json\/wp\/v2\/pages\/235"}],"wp:featuredmedia":[{"embeddable":true,"href":"https:\/\/www.comverga.com\/pol\/cs\/wp-json\/wp\/v2\/media\/228"}],"wp:attachment":[{"href":"https:\/\/www.comverga.com\/pol\/cs\/wp-json\/wp\/v2\/media?parent=494"}],"curies":[{"name":"wp","href":"https:\/\/api.w.org\/{rel}","templated":true}]}}