{"id":498,"date":"2020-11-26T12:26:28","date_gmt":"2020-11-26T11:26:28","guid":{"rendered":"https:\/\/www.comverga.com\/?page_id=498"},"modified":"2020-11-26T12:26:28","modified_gmt":"2020-11-26T11:26:28","slug":"sms-apps","status":"publish","type":"page","link":"https:\/\/www.comverga.com\/pol\/cs\/sluzby\/sms-messagingove-sluzby\/sms-apps\/","title":{"rendered":"Aplikace SMS"},"content":{"rendered":"<p>Na b\u00e1zi SMS je postavena cel\u00e1 \u0159ada specifick\u00fdch aplikac\u00ed, vyu\u017e\u00edvaj\u00edc\u00edch p\u0159edev\u0161\u00edm rychlou, neru\u0161ivou a obousm\u011brnou komunikaci, jak nap\u0159. p\u0159\u00edjem a zpracov\u00e1n\u00ed objedn\u00e1vekk, pr\u016fzkumy spokojenosti z\u00e1kazn\u00edk\u016f, notifika\u010dn\u00ed slu\u017eby, vstupenky, j\u00edzdenky, parkovac\u00ed l\u00edstky, elektronick\u00e9 recepty, hesla a mnoho dal\u0161\u00edch.<\/p>","protected":false},"excerpt":{"rendered":"<p>Na b\u00e1zi SMS je postavena cel\u00e1 \u0159ada specifick\u00fdch aplikac\u00ed, vyu\u017e\u00edvaj\u00edc\u00edch p\u0159edev\u0161\u00edm rychlou, neru\u0161ivou a obousm\u011brnou komunikaci, jak nap\u0159. p\u0159\u00edjem a zpracov\u00e1n\u00ed objedn\u00e1vekk, pr\u016fzkumy spokojenosti z\u00e1kazn\u00edk\u016f, notifika\u010dn\u00ed slu\u017eby, vstupenky, j\u00edzdenky, parkovac\u00ed l\u00edstky, elektronick\u00e9 recepty, hesla a mnoho dal\u0161\u00edch.<\/p>","protected":false},"author":1,"featured_media":136,"parent":182,"menu_order":0,"comment_status":"closed","ping_status":"closed","template":"","meta":{"footnotes":""},"yoast_head":"<!-- This site is optimized with the Yoast SEO plugin v21.6 - https:\/\/yoast.com\/wordpress\/plugins\/seo\/ -->\n<title>SMS Aplikace - COMVERGA Poland<\/title>\n<meta name=\"robots\" content=\"index, follow, max-snippet:-1, max-image-preview:large, max-video-preview:-1\" \/>\n<link rel=\"canonical\" href=\"https:\/\/www.comverga.com\/pol\/cs\/sluzby\/sms-messagingove-sluzby\/sms-apps\/\" \/>\n<meta property=\"og:locale\" content=\"cs_CZ\" \/>\n<meta property=\"og:type\" content=\"article\" \/>\n<meta property=\"og:title\" content=\"SMS Aplikace - COMVERGA Poland\" \/>\n<meta property=\"og:description\" content=\"Na b\u00e1zi SMS je postavena cel\u00e1 \u0159ada specifick\u00fdch aplikac\u00ed, vyu\u017e\u00edvaj\u00edc\u00edch p\u0159edev\u0161\u00edm rychlou, neru\u0161ivou a obousm\u011brnou komunikaci, jako nap\u0159. p\u0159\u00edjem a zpracov\u00e1n\u00ed objedn\u00e1vek, pr\u016fzkumy spokojenosti z\u00e1kazn\u00edk\u016f, notifika\u010dn\u00ed slu\u017eby, vstupenky, j\u00edzdenky, parkovac\u00ed l\u00edstky, elektronick\u00e9 recepty, hesla a mnoho dal\u0161\u00edch.\" \/>\n<meta property=\"og:url\" content=\"https:\/\/www.comverga.com\/pol\/cs\/sluzby\/sms-messagingove-sluzby\/sms-apps\/\" \/>\n<meta property=\"og:site_name\" content=\"COMVERGA Poland\" \/>\n<meta property=\"og:image\" content=\"https:\/\/www.comverga.com\/pol\/wp-content\/uploads\/sites\/2\/2020\/11\/mobilny-marketing-1.jpg\" \/>\n\t<meta property=\"og:image:width\" content=\"1920\" \/>\n\t<meta property=\"og:image:height\" content=\"620\" \/>\n\t<meta property=\"og:image:type\" content=\"image\/jpeg\" \/>\n<meta name=\"twitter:card\" content=\"summary_large_image\" \/>\n<script type=\"application\/ld+json\" class=\"yoast-schema-graph\">{\"@context\":\"https:\/\/schema.org\",\"@graph\":[{\"@type\":\"WebPage\",\"@id\":\"https:\/\/www.comverga.com\/pol\/sluzby\/sms-messagingove-sluzby\/sms-apps\/\",\"url\":\"https:\/\/www.comverga.com\/pol\/sluzby\/sms-messagingove-sluzby\/sms-apps\/\",\"name\":\"SMS Aplikace - COMVERGA Poland\",\"isPartOf\":{\"@id\":\"https:\/\/www.comverga.com\/pol\/#website\"},\"datePublished\":\"2020-11-26T11:26:28+00:00\",\"dateModified\":\"2020-11-26T11:26:28+00:00\",\"breadcrumb\":{\"@id\":\"https:\/\/www.comverga.com\/pol\/sluzby\/sms-messagingove-sluzby\/sms-apps\/#breadcrumb\"},\"inLanguage\":\"cs\",\"potentialAction\":[{\"@type\":\"ReadAction\",\"target\":[\"https:\/\/www.comverga.com\/pol\/sluzby\/sms-messagingove-sluzby\/sms-apps\/\"]}]},{\"@type\":\"BreadcrumbList\",\"@id\":\"https:\/\/www.comverga.com\/pol\/sluzby\/sms-messagingove-sluzby\/sms-apps\/#breadcrumb\",\"itemListElement\":[{\"@type\":\"ListItem\",\"position\":1,\"name\":\"Slu\u017eby\",\"item\":\"https:\/\/www.comverga.com\/pol\/sluzby\/\"},{\"@type\":\"ListItem\",\"position\":2,\"name\":\"SMS \/ Messagingov\u00e9 slu\u017eby\",\"item\":\"https:\/\/www.comverga.com\/pol\/sluzby\/sms-messagingove-sluzby\/\"},{\"@type\":\"ListItem\",\"position\":3,\"name\":\"SMS Aplikace\"}]},{\"@type\":\"WebSite\",\"@id\":\"https:\/\/www.comverga.com\/pol\/#website\",\"url\":\"https:\/\/www.comverga.com\/pol\/\",\"name\":\"COMVERGA Poland\",\"description\":\"Comverga Poland\",\"publisher\":{\"@id\":\"https:\/\/www.comverga.com\/pol\/#organization\"},\"potentialAction\":[{\"@type\":\"SearchAction\",\"target\":{\"@type\":\"EntryPoint\",\"urlTemplate\":\"https:\/\/www.comverga.com\/pol\/?s={search_term_string}\"},\"query-input\":\"required name=search_term_string\"}],\"inLanguage\":\"cs\"},{\"@type\":\"Organization\",\"@id\":\"https:\/\/www.comverga.com\/pol\/#organization\",\"name\":\"COMVERGA Poland\",\"url\":\"https:\/\/www.comverga.com\/pol\/\",\"logo\":{\"@type\":\"ImageObject\",\"inLanguage\":\"cs\",\"@id\":\"https:\/\/www.comverga.com\/pol\/#\/schema\/logo\/image\/\",\"url\":\"https:\/\/www.comverga.com\/pol\/wp-content\/uploads\/sites\/2\/2020\/11\/Comverga_CC.png\",\"contentUrl\":\"https:\/\/www.comverga.com\/pol\/wp-content\/uploads\/sites\/2\/2020\/11\/Comverga_CC.png\",\"width\":800,\"height\":800,\"caption\":\"COMVERGA Poland\"},\"image\":{\"@id\":\"https:\/\/www.comverga.com\/pol\/#\/schema\/logo\/image\/\"}}]}<\/script>\n<!-- \/ Yoast SEO plugin. -->","yoast_head_json":{"title":"SMS aplikace - COMVERGA Polsko","robots":{"index":"index","follow":"follow","max-snippet":"max-snippet:-1","max-image-preview":"max-image-preview:large","max-video-preview":"max-video-preview:-1"},"canonical":"https:\/\/www.comverga.com\/pol\/cs\/sluzby\/sms-messagingove-sluzby\/sms-apps\/","og_locale":"cs_CZ","og_type":"article","og_title":"SMS Aplikace - COMVERGA Poland","og_description":"Na b\u00e1zi SMS je postavena cel\u00e1 \u0159ada specifick\u00fdch aplikac\u00ed, vyu\u017e\u00edvaj\u00edc\u00edch p\u0159edev\u0161\u00edm rychlou, neru\u0161ivou a obousm\u011brnou komunikaci, jako nap\u0159. p\u0159\u00edjem a zpracov\u00e1n\u00ed objedn\u00e1vek, pr\u016fzkumy spokojenosti z\u00e1kazn\u00edk\u016f, notifika\u010dn\u00ed slu\u017eby, vstupenky, j\u00edzdenky, parkovac\u00ed l\u00edstky, elektronick\u00e9 recepty, hesla a mnoho dal\u0161\u00edch.","og_url":"https:\/\/www.comverga.com\/pol\/cs\/sluzby\/sms-messagingove-sluzby\/sms-apps\/","og_site_name":"COMVERGA Poland","og_image":[{"width":1920,"height":620,"url":"https:\/\/www.comverga.com\/pol\/wp-content\/uploads\/sites\/2\/2020\/11\/mobilny-marketing-1.jpg","type":"image\/jpeg"}],"twitter_card":"summary_large_image","schema":{"@context":"https:\/\/schema.org","@graph":[{"@type":"WebPage","@id":"https:\/\/www.comverga.com\/pol\/sluzby\/sms-messagingove-sluzby\/sms-apps\/","url":"https:\/\/www.comverga.com\/pol\/sluzby\/sms-messagingove-sluzby\/sms-apps\/","name":"SMS aplikace - COMVERGA Polsko","isPartOf":{"@id":"https:\/\/www.comverga.com\/pol\/#website"},"datePublished":"2020-11-26T11:26:28+00:00","dateModified":"2020-11-26T11:26:28+00:00","breadcrumb":{"@id":"https:\/\/www.comverga.com\/pol\/sluzby\/sms-messagingove-sluzby\/sms-apps\/#breadcrumb"},"inLanguage":"cs","potentialAction":[{"@type":"ReadAction","target":["https:\/\/www.comverga.com\/pol\/sluzby\/sms-messagingove-sluzby\/sms-apps\/"]}]},{"@type":"BreadcrumbList","@id":"https:\/\/www.comverga.com\/pol\/sluzby\/sms-messagingove-sluzby\/sms-apps\/#breadcrumb","itemListElement":[{"@type":"ListItem","position":1,"name":"Slu\u017eby","item":"https:\/\/www.comverga.com\/pol\/sluzby\/"},{"@type":"ListItem","position":2,"name":"SMS \/ Messagingov\u00e9 slu\u017eby","item":"https:\/\/www.comverga.com\/pol\/sluzby\/sms-messagingove-sluzby\/"},{"@type":"ListItem","position":3,"name":"SMS Aplikace"}]},{"@type":"WebSite","@id":"https:\/\/www.comverga.com\/pol\/#website","url":"https:\/\/www.comverga.com\/pol\/","name":"COMVERGA Polsko","description":"Comverga Polsko","publisher":{"@id":"https:\/\/www.comverga.com\/pol\/#organization"},"potentialAction":[{"@type":"SearchAction","target":{"@type":"EntryPoint","urlTemplate":"https:\/\/www.comverga.com\/pol\/?s={search_term_string}"},"query-input":"required name=search_term_string"}],"inLanguage":"cs"},{"@type":"Organization","@id":"https:\/\/www.comverga.com\/pol\/#organization","name":"COMVERGA Polsko","url":"https:\/\/www.comverga.com\/pol\/","logo":{"@type":"ImageObject","inLanguage":"cs","@id":"https:\/\/www.comverga.com\/pol\/#\/schema\/logo\/image\/","url":"https:\/\/www.comverga.com\/pol\/wp-content\/uploads\/sites\/2\/2020\/11\/Comverga_CC.png","contentUrl":"https:\/\/www.comverga.com\/pol\/wp-content\/uploads\/sites\/2\/2020\/11\/Comverga_CC.png","width":800,"height":800,"caption":"COMVERGA Poland"},"image":{"@id":"https:\/\/www.comverga.com\/pol\/#\/schema\/logo\/image\/"}}]}},"_links":{"self":[{"href":"https:\/\/www.comverga.com\/pol\/cs\/wp-json\/wp\/v2\/pages\/498"}],"collection":[{"href":"https:\/\/www.comverga.com\/pol\/cs\/wp-json\/wp\/v2\/pages"}],"about":[{"href":"https:\/\/www.comverga.com\/pol\/cs\/wp-json\/wp\/v2\/types\/page"}],"author":[{"embeddable":true,"href":"https:\/\/www.comverga.com\/pol\/cs\/wp-json\/wp\/v2\/users\/1"}],"replies":[{"embeddable":true,"href":"https:\/\/www.comverga.com\/pol\/cs\/wp-json\/wp\/v2\/comments?post=498"}],"version-history":[{"count":0,"href":"https:\/\/www.comverga.com\/pol\/cs\/wp-json\/wp\/v2\/pages\/498\/revisions"}],"up":[{"embeddable":true,"href":"https:\/\/www.comverga.com\/pol\/cs\/wp-json\/wp\/v2\/pages\/182"}],"wp:featuredmedia":[{"embeddable":true,"href":"https:\/\/www.comverga.com\/pol\/cs\/wp-json\/wp\/v2\/media\/136"}],"wp:attachment":[{"href":"https:\/\/www.comverga.com\/pol\/cs\/wp-json\/wp\/v2\/media?parent=498"}],"curies":[{"name":"wp","href":"https:\/\/api.w.org\/{rel}","templated":true}]}}