{"id":615,"date":"2020-11-27T16:55:01","date_gmt":"2020-11-27T15:55:01","guid":{"rendered":"https:\/\/www.comverga.com\/pol\/?page_id=615"},"modified":"2021-02-01T12:57:04","modified_gmt":"2021-02-01T11:57:04","slug":"remote-voting","status":"publish","type":"page","link":"https:\/\/www.comverga.com\/pol\/cs\/uslugi\/rozzwiazania\/remote-voting\/","title":{"rendered":"Hlasov\u00e1n\u00ed na d\u00e1lku"},"content":{"rendered":"<div data-elementor-type=\"wp-page\" data-elementor-id=\"615\" class=\"elementor elementor-615\">\n\t\t\t\t\t\t\t\t\t<section class=\"elementor-section elementor-top-section elementor-element elementor-element-161aeeca elementor-section-stretched elementor-section-boxed elementor-section-height-default elementor-section-height-default\" data-id=\"161aeeca\" data-element_type=\"section\" data-settings=\"{&quot;stretch_section&quot;:&quot;section-stretched&quot;,&quot;background_background&quot;:&quot;classic&quot;}\">\n\t\t\t\t\t\t<div class=\"elementor-container elementor-column-gap-default\">\n\t\t\t\t\t<div class=\"elementor-column elementor-col-100 elementor-top-column elementor-element elementor-element-254b0a87\" data-id=\"254b0a87\" data-element_type=\"column\">\n\t\t\t<div class=\"elementor-widget-wrap elementor-element-populated\">\n\t\t\t\t\t\t\t\t<div class=\"elementor-element elementor-element-5effd3a6 elementor-widget elementor-widget-text-editor\" data-id=\"5effd3a6\" data-element_type=\"widget\" data-widget_type=\"text-editor.default\">\n\t\t\t\t<div class=\"elementor-widget-container\">\n\t\t\t\t\t\t\t<!-- wp:paragraph -->\n<p>Vzd\u00e1len\u00e9 hlasov\u00e1n\u00ed umo\u017e\u0148uje prov\u00e1d\u011bt hlasov\u00e1n\u00ed a volby v organizac\u00edch s kolegi\u00e1ln\u00edmi rozhodovac\u00edmi org\u00e1ny. Pomoc\u00ed tohoto \u0159e\u0161en\u00ed m\u016f\u017eete prov\u00e1d\u011bt hlasov\u00e1n\u00ed na d\u00e1lku z libovoln\u00e9ho m\u00edsta. Hlasov\u00e1n\u00ed m\u016f\u017ee b\u00fdt tajn\u00e9. Mohou b\u00fdt tak\u00e9 omezena na seznam ur\u010den\u00fdch osob. V\u0161e, co pot\u0159ebujete, je po\u010d\u00edta\u010d nebo chytr\u00fd telefon a p\u0159\u00edstup na web.<\/p>\n<h4>Vlastnosti \u0159e\u0161en\u00ed:<\/h4>\n<!-- \/wp:paragraph --><!-- wp:paragraph \/--><!-- wp:paragraph -->\n<ul>\n<li>Jednotliv\u00e9\/v\u00edcen\u00e1sobn\u00e9 hlasov\u00e1n\u00ed pro skupinu libovoln\u00e9 velikosti<\/li>\n<li>Mo\u017enost hlasov\u00e1n\u00ed na d\u00e1lku prost\u0159ednictv\u00edm SMS<\/li>\n<li>Mo\u017enost hlasov\u00e1n\u00ed na d\u00e1lku prost\u0159ednictv\u00edm internetu<\/li>\n<li>Mo\u017enost umo\u017enit hlasov\u00e1n\u00ed pouze opr\u00e1vn\u011bn\u00fdm osob\u00e1m<\/li>\n<li>Mo\u017enost tajn\u00e9ho hlasov\u00e1n\u00ed<\/li>\n<li>Mechanismus blokov\u00e1n\u00ed odevzd\u00e1n\u00ed v\u00edce hlas\u016f<\/li>\n<li>Mo\u017enost zadat \u010dasov\u00e9 okno pro hlasov\u00e1n\u00ed<\/li>\n<li>Mo\u017enost definovat: hlasov\u00e1n\u00ed - jedna volba nebo v\u00edce voleb<\/li>\n<li>Zasl\u00e1n\u00ed osv\u011bd\u010den\u00ed o hlasov\u00e1n\u00ed \u00fa\u010dastn\u00edk\u016fm<\/li>\n<li>Mechanismus po\u010d\u00edt\u00e1n\u00ed hlas\u016f, zpr\u00e1vy, statistiky, analytika a archivace<\/li>\n<li>Soulad s RODO<\/li>\n<\/ul>\n<!-- \/wp:paragraph -->\t\t\t\t\t\t<\/div>\n\t\t\t\t<\/div>\n\t\t\t\t\t<\/div>\n\t\t<\/div>\n\t\t\t\t\t\t\t<\/div>\n\t\t<\/section>\n\t\t\t\t\t\t\t<\/div>","protected":false},"excerpt":{"rendered":"<p>Vzd\u00e1len\u00e9 hlasov\u00e1n\u00ed umo\u017e\u0148uje prov\u00e1d\u011bt hlasov\u00e1n\u00ed a volby v organizac\u00edch s kolegi\u00e1ln\u00edmi rozhodovac\u00edmi org\u00e1ny. Pomoc\u00ed tohoto \u0159e\u0161en\u00ed m\u016f\u017eete prov\u00e1d\u011bt hlasov\u00e1n\u00ed na d\u00e1lku z libovoln\u00e9ho m\u00edsta. Hlasov\u00e1n\u00ed m\u016f\u017ee b\u00fdt tajn\u00e9. Mohou b\u00fdt tak\u00e9 omezena na seznam ur\u010den\u00fdch osob. V\u0161e, co pot\u0159ebujete, je po\u010d\u00edta\u010d nebo chytr\u00fd telefon a p\u0159\u00edstup k internetu. Vlastnosti \u0159e\u0161en\u00ed: Jednor\u00e1zov\u00e9\/v\u00edcen\u00e1sobn\u00e9 hlasov\u00e1n\u00ed pro skupinu [...].<\/p>","protected":false},"author":1,"featured_media":131,"parent":249,"menu_order":3,"comment_status":"closed","ping_status":"closed","template":"","meta":{"footnotes":""},"yoast_head":"<!-- This site is optimized with the Yoast SEO plugin v21.6 - https:\/\/yoast.com\/wordpress\/plugins\/seo\/ -->\n<title>G\u0142osowania zdalne - COMVERGA Poland<\/title>\n<meta name=\"robots\" content=\"index, follow, max-snippet:-1, max-image-preview:large, max-video-preview:-1\" \/>\n<link rel=\"canonical\" href=\"https:\/\/www.comverga.com\/pol\/cs\/uslugi\/rozzwiazania\/remote-voting\/\" \/>\n<meta property=\"og:locale\" content=\"cs_CZ\" \/>\n<meta property=\"og:type\" content=\"article\" \/>\n<meta property=\"og:title\" content=\"G\u0142osowania zdalne - COMVERGA Poland\" \/>\n<meta property=\"og:description\" content=\"G\u0142osowania Zdalne pozwalaj\u0105 na przeprowadzanie g\u0142osowa\u0144 i wybor\u00f3w w organizacjach, w kt\u00f3rych wyst\u0119puj\u0105 kolegialne organy decyzyjne. Dzi\u0119ki temu rozwi\u0105zaniu mo\u017cesz przeprowadzi\u0107 zdalne g\u0142osowania z dowolnej lokalizacji. G\u0142osowania mog\u0105 mie\u0107 formu\u0142\u0119 tajn\u0105. Mog\u0105 te\u017c by\u0107 ograniczone do listy wskazanych os\u00f3b. Wystarczy komputer lub smartfon i dost\u0119p do sieci internetowej. Charakterystyka rozwi\u0105zania: Jednorazowe\/ wielokrotne g\u0142osowanie dla grupy [&hellip;]\" \/>\n<meta property=\"og:url\" content=\"https:\/\/www.comverga.com\/pol\/cs\/uslugi\/rozzwiazania\/remote-voting\/\" \/>\n<meta property=\"og:site_name\" content=\"COMVERGA Poland\" \/>\n<meta property=\"article:modified_time\" content=\"2021-02-01T11:57:04+00:00\" \/>\n<meta property=\"og:image\" content=\"https:\/\/www.comverga.com\/pol\/wp-content\/uploads\/sites\/2\/2020\/11\/glosowanie-zdalne-1-1.jpg\" \/>\n\t<meta property=\"og:image:width\" content=\"1920\" \/>\n\t<meta property=\"og:image:height\" content=\"620\" \/>\n\t<meta property=\"og:image:type\" content=\"image\/jpeg\" \/>\n<meta name=\"twitter:card\" content=\"summary_large_image\" \/>\n<meta name=\"twitter:label1\" content=\"Odhadovan\u00e1 doba \u010dten\u00ed\" \/>\n\t<meta name=\"twitter:data1\" content=\"1 minuta\" \/>\n<script type=\"application\/ld+json\" class=\"yoast-schema-graph\">{\"@context\":\"https:\/\/schema.org\",\"@graph\":[{\"@type\":\"WebPage\",\"@id\":\"https:\/\/www.comverga.com\/pol\/uslugi\/rozzwiazania\/remote-voting\/\",\"url\":\"https:\/\/www.comverga.com\/pol\/uslugi\/rozzwiazania\/remote-voting\/\",\"name\":\"G\u0142osowania zdalne - COMVERGA Poland\",\"isPartOf\":{\"@id\":\"https:\/\/www.comverga.com\/pol\/#website\"},\"datePublished\":\"2020-11-27T15:55:01+00:00\",\"dateModified\":\"2021-02-01T11:57:04+00:00\",\"breadcrumb\":{\"@id\":\"https:\/\/www.comverga.com\/pol\/uslugi\/rozzwiazania\/remote-voting\/#breadcrumb\"},\"inLanguage\":\"cs\",\"potentialAction\":[{\"@type\":\"ReadAction\",\"target\":[\"https:\/\/www.comverga.com\/pol\/uslugi\/rozzwiazania\/remote-voting\/\"]}]},{\"@type\":\"BreadcrumbList\",\"@id\":\"https:\/\/www.comverga.com\/pol\/uslugi\/rozzwiazania\/remote-voting\/#breadcrumb\",\"itemListElement\":[{\"@type\":\"ListItem\",\"position\":1,\"name\":\"Us\u0142ugi\",\"item\":\"https:\/\/www.comverga.com\/pol\/uslugi\/\"},{\"@type\":\"ListItem\",\"position\":2,\"name\":\"Rozwi\u0105zania informatyczne i telekomunikacyjne\",\"item\":\"https:\/\/www.comverga.com\/pol\/uslugi\/rozzwiazania\/\"},{\"@type\":\"ListItem\",\"position\":3,\"name\":\"G\u0142osowania zdalne\"}]},{\"@type\":\"WebSite\",\"@id\":\"https:\/\/www.comverga.com\/pol\/#website\",\"url\":\"https:\/\/www.comverga.com\/pol\/\",\"name\":\"COMVERGA Poland\",\"description\":\"Comverga Poland\",\"publisher\":{\"@id\":\"https:\/\/www.comverga.com\/pol\/#organization\"},\"potentialAction\":[{\"@type\":\"SearchAction\",\"target\":{\"@type\":\"EntryPoint\",\"urlTemplate\":\"https:\/\/www.comverga.com\/pol\/?s={search_term_string}\"},\"query-input\":\"required name=search_term_string\"}],\"inLanguage\":\"cs\"},{\"@type\":\"Organization\",\"@id\":\"https:\/\/www.comverga.com\/pol\/#organization\",\"name\":\"COMVERGA Poland\",\"url\":\"https:\/\/www.comverga.com\/pol\/\",\"logo\":{\"@type\":\"ImageObject\",\"inLanguage\":\"cs\",\"@id\":\"https:\/\/www.comverga.com\/pol\/#\/schema\/logo\/image\/\",\"url\":\"https:\/\/www.comverga.com\/pol\/wp-content\/uploads\/sites\/2\/2020\/11\/Comverga_CC.png\",\"contentUrl\":\"https:\/\/www.comverga.com\/pol\/wp-content\/uploads\/sites\/2\/2020\/11\/Comverga_CC.png\",\"width\":800,\"height\":800,\"caption\":\"COMVERGA Poland\"},\"image\":{\"@id\":\"https:\/\/www.comverga.com\/pol\/#\/schema\/logo\/image\/\"}}]}<\/script>\n<!-- \/ Yoast SEO plugin. -->","yoast_head_json":{"title":"G\u0142osowania zdalne - COMVERGA Poland","robots":{"index":"index","follow":"follow","max-snippet":"max-snippet:-1","max-image-preview":"max-image-preview:large","max-video-preview":"max-video-preview:-1"},"canonical":"https:\/\/www.comverga.com\/pol\/cs\/uslugi\/rozzwiazania\/remote-voting\/","og_locale":"cs_CZ","og_type":"article","og_title":"G\u0142osowania zdalne - COMVERGA Poland","og_description":"G\u0142osowania Zdalne pozwalaj\u0105 na przeprowadzanie g\u0142osowa\u0144 i wybor\u00f3w w organizacjach, w kt\u00f3rych wyst\u0119puj\u0105 kolegialne organy decyzyjne. Dzi\u0119ki temu rozwi\u0105zaniu mo\u017cesz przeprowadzi\u0107 zdalne g\u0142osowania z dowolnej lokalizacji. G\u0142osowania mog\u0105 mie\u0107 formu\u0142\u0119 tajn\u0105. Mog\u0105 te\u017c by\u0107 ograniczone do listy wskazanych os\u00f3b. Wystarczy komputer lub smartfon i dost\u0119p do sieci internetowej. Charakterystyka rozwi\u0105zania: Jednorazowe\/ wielokrotne g\u0142osowanie dla grupy [&hellip;]","og_url":"https:\/\/www.comverga.com\/pol\/cs\/uslugi\/rozzwiazania\/remote-voting\/","og_site_name":"COMVERGA Poland","article_modified_time":"2021-02-01T11:57:04+00:00","og_image":[{"width":1920,"height":620,"url":"https:\/\/www.comverga.com\/pol\/wp-content\/uploads\/sites\/2\/2020\/11\/glosowanie-zdalne-1-1.jpg","type":"image\/jpeg"}],"twitter_card":"summary_large_image","twitter_misc":{"Odhadovan\u00e1 doba \u010dten\u00ed":"1 minuta"},"schema":{"@context":"https:\/\/schema.org","@graph":[{"@type":"WebPage","@id":"https:\/\/www.comverga.com\/pol\/uslugi\/rozzwiazania\/remote-voting\/","url":"https:\/\/www.comverga.com\/pol\/uslugi\/rozzwiazania\/remote-voting\/","name":"G\u0142osowania zdalne - COMVERGA Poland","isPartOf":{"@id":"https:\/\/www.comverga.com\/pol\/#website"},"datePublished":"2020-11-27T15:55:01+00:00","dateModified":"2021-02-01T11:57:04+00:00","breadcrumb":{"@id":"https:\/\/www.comverga.com\/pol\/uslugi\/rozzwiazania\/remote-voting\/#breadcrumb"},"inLanguage":"cs","potentialAction":[{"@type":"ReadAction","target":["https:\/\/www.comverga.com\/pol\/uslugi\/rozzwiazania\/remote-voting\/"]}]},{"@type":"BreadcrumbList","@id":"https:\/\/www.comverga.com\/pol\/uslugi\/rozzwiazania\/remote-voting\/#breadcrumb","itemListElement":[{"@type":"ListItem","position":1,"name":"Us\u0142ugi","item":"https:\/\/www.comverga.com\/pol\/uslugi\/"},{"@type":"ListItem","position":2,"name":"Rozwi\u0105zania informatyczne i telekomunikacyjne","item":"https:\/\/www.comverga.com\/pol\/uslugi\/rozzwiazania\/"},{"@type":"ListItem","position":3,"name":"G\u0142osowania zdalne"}]},{"@type":"WebSite","@id":"https:\/\/www.comverga.com\/pol\/#website","url":"https:\/\/www.comverga.com\/pol\/","name":"COMVERGA Polsko","description":"Comverga Polsko","publisher":{"@id":"https:\/\/www.comverga.com\/pol\/#organization"},"potentialAction":[{"@type":"SearchAction","target":{"@type":"EntryPoint","urlTemplate":"https:\/\/www.comverga.com\/pol\/?s={search_term_string}"},"query-input":"required name=search_term_string"}],"inLanguage":"cs"},{"@type":"Organization","@id":"https:\/\/www.comverga.com\/pol\/#organization","name":"COMVERGA Polsko","url":"https:\/\/www.comverga.com\/pol\/","logo":{"@type":"ImageObject","inLanguage":"cs","@id":"https:\/\/www.comverga.com\/pol\/#\/schema\/logo\/image\/","url":"https:\/\/www.comverga.com\/pol\/wp-content\/uploads\/sites\/2\/2020\/11\/Comverga_CC.png","contentUrl":"https:\/\/www.comverga.com\/pol\/wp-content\/uploads\/sites\/2\/2020\/11\/Comverga_CC.png","width":800,"height":800,"caption":"COMVERGA Poland"},"image":{"@id":"https:\/\/www.comverga.com\/pol\/#\/schema\/logo\/image\/"}}]}},"_links":{"self":[{"href":"https:\/\/www.comverga.com\/pol\/cs\/wp-json\/wp\/v2\/pages\/615"}],"collection":[{"href":"https:\/\/www.comverga.com\/pol\/cs\/wp-json\/wp\/v2\/pages"}],"about":[{"href":"https:\/\/www.comverga.com\/pol\/cs\/wp-json\/wp\/v2\/types\/page"}],"author":[{"embeddable":true,"href":"https:\/\/www.comverga.com\/pol\/cs\/wp-json\/wp\/v2\/users\/1"}],"replies":[{"embeddable":true,"href":"https:\/\/www.comverga.com\/pol\/cs\/wp-json\/wp\/v2\/comments?post=615"}],"version-history":[{"count":6,"href":"https:\/\/www.comverga.com\/pol\/cs\/wp-json\/wp\/v2\/pages\/615\/revisions"}],"predecessor-version":[{"id":1865,"href":"https:\/\/www.comverga.com\/pol\/cs\/wp-json\/wp\/v2\/pages\/615\/revisions\/1865"}],"up":[{"embeddable":true,"href":"https:\/\/www.comverga.com\/pol\/cs\/wp-json\/wp\/v2\/pages\/249"}],"wp:featuredmedia":[{"embeddable":true,"href":"https:\/\/www.comverga.com\/pol\/cs\/wp-json\/wp\/v2\/media\/131"}],"wp:attachment":[{"href":"https:\/\/www.comverga.com\/pol\/cs\/wp-json\/wp\/v2\/media?parent=615"}],"curies":[{"name":"wp","href":"https:\/\/api.w.org\/{rel}","templated":true}]}}