{"id":617,"date":"2020-11-27T16:56:07","date_gmt":"2020-11-27T15:56:07","guid":{"rendered":"https:\/\/www.comverga.com\/pol\/?page_id=617"},"modified":"2020-11-27T16:56:07","modified_gmt":"2020-11-27T15:56:07","slug":"remote-voting","status":"publish","type":"page","link":"https:\/\/www.comverga.com\/pol\/cs\/services\/solutions\/remote-voting\/","title":{"rendered":"Hlasov\u00e1n\u00ed na d\u00e1lku"},"content":{"rendered":"<p>Hlasov\u00e1n\u00ed na d\u00e1lku umo\u017e\u0148uje hlasov\u00e1n\u00ed a volby v organizac\u00edch s kolektivn\u00edmi rozhodovac\u00edmi org\u00e1ny. D\u00edky tomuto \u0159e\u0161en\u00ed m\u016f\u017eete prov\u00e1d\u011bt hlasov\u00e1n\u00ed na d\u00e1lku z libovoln\u00e9ho m\u00edsta. Hlasov\u00e1n\u00ed m\u016f\u017ee b\u00fdt tajn\u00e9. Mohou b\u00fdt tak\u00e9 omezena na seznam ur\u010den\u00fdch osob. V\u0161e, co pot\u0159ebujete, je po\u010d\u00edta\u010d nebo chytr\u00fd telefon a p\u0159\u00edstup k internetu.<\/p>\n\n\n\n<p>Charakteristika \u0159e\u0161en\u00ed:<\/p>\n\n\n\n<p>Jednor\u00e1zov\u00e9 \/ v\u00edcen\u00e1sobn\u00e9 hlasov\u00e1n\u00ed pro skupinu libovoln\u00e9 velikosti<br>Hlasov\u00e1n\u00ed na d\u00e1lku prost\u0159ednictv\u00edm SMS<br>Hlasov\u00e1n\u00ed na d\u00e1lku p\u0159es internet<br>Hlasovat mohou pouze opr\u00e1vn\u011bn\u00e9 osoby<br>Mo\u017enost tajn\u00e9ho hlasov\u00e1n\u00ed<br>Mechanismus blokov\u00e1n\u00ed v\u00edce hlas\u016f<br>Mo\u017enost definovat \u010dasov\u00e9 okno hlasov\u00e1n\u00ed<br>Mo\u017enost definovat: hlasov\u00e1n\u00ed - s jednou nebo v\u00edce mo\u017enostmi volby<br>Zasl\u00e1n\u00ed osv\u011bd\u010den\u00ed o hlasov\u00e1n\u00ed \u00fa\u010dastn\u00edk\u016fm hlasov\u00e1n\u00ed<br>Mechanismus pro s\u010d\u00edt\u00e1n\u00ed hlas\u016f, zpr\u00e1vy, statistiky, anal\u00fdzy a archivaci.<br>Soulad s na\u0159\u00edzen\u00edm GDPR<\/p>","protected":false},"excerpt":{"rendered":"<p>Hlasov\u00e1n\u00ed na d\u00e1lku umo\u017e\u0148uje hlasov\u00e1n\u00ed a volby v organizac\u00edch s kolektivn\u00edmi rozhodovac\u00edmi org\u00e1ny. D\u00edky tomuto \u0159e\u0161en\u00ed m\u016f\u017eete prov\u00e1d\u011bt hlasov\u00e1n\u00ed na d\u00e1lku z libovoln\u00e9ho m\u00edsta. Hlasov\u00e1n\u00ed m\u016f\u017ee b\u00fdt tajn\u00e9. Mohou b\u00fdt tak\u00e9 omezena na seznam ur\u010den\u00fdch osob. V\u0161e, co pot\u0159ebujete, je po\u010d\u00edta\u010d nebo chytr\u00fd telefon a p\u0159\u00edstup k internetu. [...]<\/p>","protected":false},"author":1,"featured_media":131,"parent":167,"menu_order":3,"comment_status":"closed","ping_status":"closed","template":"","meta":{"footnotes":""},"yoast_head":"<!-- This site is optimized with the Yoast SEO plugin v21.6 - https:\/\/yoast.com\/wordpress\/plugins\/seo\/ -->\n<title>Remote Voting - COMVERGA Poland<\/title>\n<meta name=\"robots\" content=\"index, follow, max-snippet:-1, max-image-preview:large, max-video-preview:-1\" \/>\n<link rel=\"canonical\" href=\"https:\/\/www.comverga.com\/pol\/cs\/services\/solutions\/remote-voting\/\" \/>\n<meta property=\"og:locale\" content=\"cs_CZ\" \/>\n<meta property=\"og:type\" content=\"article\" \/>\n<meta property=\"og:title\" content=\"Remote Voting - COMVERGA Poland\" \/>\n<meta property=\"og:description\" content=\"Remote Votes allow voting and elections to be held in organizations with collective decision-making bodies. Thanks to this solution, you can conduct remote voting from any location. Voting may be secret. They can also be limited to the list of indicated people. All you need is a computer or smartphone and access to the Internet. [&hellip;]\" \/>\n<meta property=\"og:url\" content=\"https:\/\/www.comverga.com\/pol\/cs\/services\/solutions\/remote-voting\/\" \/>\n<meta property=\"og:site_name\" content=\"COMVERGA Poland\" \/>\n<meta property=\"og:image\" content=\"https:\/\/www.comverga.com\/pol\/wp-content\/uploads\/sites\/2\/2020\/11\/glosowanie-zdalne-1-1.jpg\" \/>\n\t<meta property=\"og:image:width\" content=\"1920\" \/>\n\t<meta property=\"og:image:height\" content=\"620\" \/>\n\t<meta property=\"og:image:type\" content=\"image\/jpeg\" \/>\n<meta name=\"twitter:card\" content=\"summary_large_image\" \/>\n<meta name=\"twitter:label1\" content=\"Odhadovan\u00e1 doba \u010dten\u00ed\" \/>\n\t<meta name=\"twitter:data1\" content=\"1 minuta\" \/>\n<script type=\"application\/ld+json\" class=\"yoast-schema-graph\">{\"@context\":\"https:\/\/schema.org\",\"@graph\":[{\"@type\":\"WebPage\",\"@id\":\"https:\/\/www.comverga.com\/pol\/services\/solutions\/remote-voting\/\",\"url\":\"https:\/\/www.comverga.com\/pol\/services\/solutions\/remote-voting\/\",\"name\":\"Remote Voting - COMVERGA Poland\",\"isPartOf\":{\"@id\":\"https:\/\/www.comverga.com\/pol\/#website\"},\"datePublished\":\"2020-11-27T15:56:07+00:00\",\"dateModified\":\"2020-11-27T15:56:07+00:00\",\"breadcrumb\":{\"@id\":\"https:\/\/www.comverga.com\/pol\/services\/solutions\/remote-voting\/#breadcrumb\"},\"inLanguage\":\"cs\",\"potentialAction\":[{\"@type\":\"ReadAction\",\"target\":[\"https:\/\/www.comverga.com\/pol\/services\/solutions\/remote-voting\/\"]}]},{\"@type\":\"BreadcrumbList\",\"@id\":\"https:\/\/www.comverga.com\/pol\/services\/solutions\/remote-voting\/#breadcrumb\",\"itemListElement\":[{\"@type\":\"ListItem\",\"position\":1,\"name\":\"Services\",\"item\":\"https:\/\/www.comverga.com\/pol\/services\/\"},{\"@type\":\"ListItem\",\"position\":2,\"name\":\"Solutions\",\"item\":\"https:\/\/www.comverga.com\/pol\/services\/solutions\/\"},{\"@type\":\"ListItem\",\"position\":3,\"name\":\"Remote Voting\"}]},{\"@type\":\"WebSite\",\"@id\":\"https:\/\/www.comverga.com\/pol\/#website\",\"url\":\"https:\/\/www.comverga.com\/pol\/\",\"name\":\"COMVERGA Poland\",\"description\":\"Comverga Poland\",\"publisher\":{\"@id\":\"https:\/\/www.comverga.com\/pol\/#organization\"},\"potentialAction\":[{\"@type\":\"SearchAction\",\"target\":{\"@type\":\"EntryPoint\",\"urlTemplate\":\"https:\/\/www.comverga.com\/pol\/?s={search_term_string}\"},\"query-input\":\"required name=search_term_string\"}],\"inLanguage\":\"cs\"},{\"@type\":\"Organization\",\"@id\":\"https:\/\/www.comverga.com\/pol\/#organization\",\"name\":\"COMVERGA Poland\",\"url\":\"https:\/\/www.comverga.com\/pol\/\",\"logo\":{\"@type\":\"ImageObject\",\"inLanguage\":\"cs\",\"@id\":\"https:\/\/www.comverga.com\/pol\/#\/schema\/logo\/image\/\",\"url\":\"https:\/\/www.comverga.com\/pol\/wp-content\/uploads\/sites\/2\/2020\/11\/Comverga_CC.png\",\"contentUrl\":\"https:\/\/www.comverga.com\/pol\/wp-content\/uploads\/sites\/2\/2020\/11\/Comverga_CC.png\",\"width\":800,\"height\":800,\"caption\":\"COMVERGA Poland\"},\"image\":{\"@id\":\"https:\/\/www.comverga.com\/pol\/#\/schema\/logo\/image\/\"}}]}<\/script>\n<!-- \/ Yoast SEO plugin. -->","yoast_head_json":{"title":"Remote Voting - COMVERGA Poland","robots":{"index":"index","follow":"follow","max-snippet":"max-snippet:-1","max-image-preview":"max-image-preview:large","max-video-preview":"max-video-preview:-1"},"canonical":"https:\/\/www.comverga.com\/pol\/cs\/services\/solutions\/remote-voting\/","og_locale":"cs_CZ","og_type":"article","og_title":"Remote Voting - COMVERGA Poland","og_description":"Remote Votes allow voting and elections to be held in organizations with collective decision-making bodies. Thanks to this solution, you can conduct remote voting from any location. Voting may be secret. They can also be limited to the list of indicated people. All you need is a computer or smartphone and access to the Internet. [&hellip;]","og_url":"https:\/\/www.comverga.com\/pol\/cs\/services\/solutions\/remote-voting\/","og_site_name":"COMVERGA Poland","og_image":[{"width":1920,"height":620,"url":"https:\/\/www.comverga.com\/pol\/wp-content\/uploads\/sites\/2\/2020\/11\/glosowanie-zdalne-1-1.jpg","type":"image\/jpeg"}],"twitter_card":"summary_large_image","twitter_misc":{"Odhadovan\u00e1 doba \u010dten\u00ed":"1 minuta"},"schema":{"@context":"https:\/\/schema.org","@graph":[{"@type":"WebPage","@id":"https:\/\/www.comverga.com\/pol\/services\/solutions\/remote-voting\/","url":"https:\/\/www.comverga.com\/pol\/services\/solutions\/remote-voting\/","name":"Remote Voting - COMVERGA Poland","isPartOf":{"@id":"https:\/\/www.comverga.com\/pol\/#website"},"datePublished":"2020-11-27T15:56:07+00:00","dateModified":"2020-11-27T15:56:07+00:00","breadcrumb":{"@id":"https:\/\/www.comverga.com\/pol\/services\/solutions\/remote-voting\/#breadcrumb"},"inLanguage":"cs","potentialAction":[{"@type":"ReadAction","target":["https:\/\/www.comverga.com\/pol\/services\/solutions\/remote-voting\/"]}]},{"@type":"BreadcrumbList","@id":"https:\/\/www.comverga.com\/pol\/services\/solutions\/remote-voting\/#breadcrumb","itemListElement":[{"@type":"ListItem","position":1,"name":"Services","item":"https:\/\/www.comverga.com\/pol\/services\/"},{"@type":"ListItem","position":2,"name":"Solutions","item":"https:\/\/www.comverga.com\/pol\/services\/solutions\/"},{"@type":"ListItem","position":3,"name":"Remote Voting"}]},{"@type":"WebSite","@id":"https:\/\/www.comverga.com\/pol\/#website","url":"https:\/\/www.comverga.com\/pol\/","name":"COMVERGA Polsko","description":"Comverga Polsko","publisher":{"@id":"https:\/\/www.comverga.com\/pol\/#organization"},"potentialAction":[{"@type":"SearchAction","target":{"@type":"EntryPoint","urlTemplate":"https:\/\/www.comverga.com\/pol\/?s={search_term_string}"},"query-input":"required name=search_term_string"}],"inLanguage":"cs"},{"@type":"Organization","@id":"https:\/\/www.comverga.com\/pol\/#organization","name":"COMVERGA Polsko","url":"https:\/\/www.comverga.com\/pol\/","logo":{"@type":"ImageObject","inLanguage":"cs","@id":"https:\/\/www.comverga.com\/pol\/#\/schema\/logo\/image\/","url":"https:\/\/www.comverga.com\/pol\/wp-content\/uploads\/sites\/2\/2020\/11\/Comverga_CC.png","contentUrl":"https:\/\/www.comverga.com\/pol\/wp-content\/uploads\/sites\/2\/2020\/11\/Comverga_CC.png","width":800,"height":800,"caption":"COMVERGA Poland"},"image":{"@id":"https:\/\/www.comverga.com\/pol\/#\/schema\/logo\/image\/"}}]}},"_links":{"self":[{"href":"https:\/\/www.comverga.com\/pol\/cs\/wp-json\/wp\/v2\/pages\/617"}],"collection":[{"href":"https:\/\/www.comverga.com\/pol\/cs\/wp-json\/wp\/v2\/pages"}],"about":[{"href":"https:\/\/www.comverga.com\/pol\/cs\/wp-json\/wp\/v2\/types\/page"}],"author":[{"embeddable":true,"href":"https:\/\/www.comverga.com\/pol\/cs\/wp-json\/wp\/v2\/users\/1"}],"replies":[{"embeddable":true,"href":"https:\/\/www.comverga.com\/pol\/cs\/wp-json\/wp\/v2\/comments?post=617"}],"version-history":[{"count":0,"href":"https:\/\/www.comverga.com\/pol\/cs\/wp-json\/wp\/v2\/pages\/617\/revisions"}],"up":[{"embeddable":true,"href":"https:\/\/www.comverga.com\/pol\/cs\/wp-json\/wp\/v2\/pages\/167"}],"wp:featuredmedia":[{"embeddable":true,"href":"https:\/\/www.comverga.com\/pol\/cs\/wp-json\/wp\/v2\/media\/131"}],"wp:attachment":[{"href":"https:\/\/www.comverga.com\/pol\/cs\/wp-json\/wp\/v2\/media?parent=617"}],"curies":[{"name":"wp","href":"https:\/\/api.w.org\/{rel}","templated":true}]}}