{"id":627,"date":"2020-11-30T06:28:40","date_gmt":"2020-11-30T05:28:40","guid":{"rendered":"https:\/\/www.comverga.com\/pol\/?page_id=627"},"modified":"2021-02-01T14:09:50","modified_gmt":"2021-02-01T13:09:50","slug":"training-booking-system","status":"publish","type":"page","link":"https:\/\/www.comverga.com\/pol\/cs\/uslugi\/rozzwiazania\/training-booking-system\/","title":{"rendered":"Rezerva\u010dn\u00ed syst\u00e9m \u0161kolen\u00ed"},"content":{"rendered":"<div data-elementor-type=\"wp-page\" data-elementor-id=\"627\" class=\"elementor elementor-627\">\n\t\t\t\t\t\t\t\t\t<section class=\"elementor-section elementor-top-section elementor-element elementor-element-122624a4 elementor-section-stretched elementor-section-boxed elementor-section-height-default elementor-section-height-default\" data-id=\"122624a4\" data-element_type=\"section\" data-settings=\"{&quot;stretch_section&quot;:&quot;section-stretched&quot;,&quot;background_background&quot;:&quot;classic&quot;}\">\n\t\t\t\t\t\t<div class=\"elementor-container elementor-column-gap-default\">\n\t\t\t\t\t<div class=\"elementor-column elementor-col-100 elementor-top-column elementor-element elementor-element-430c586d\" data-id=\"430c586d\" data-element_type=\"column\">\n\t\t\t<div class=\"elementor-widget-wrap elementor-element-populated\">\n\t\t\t\t\t\t\t\t<div class=\"elementor-element elementor-element-499da862 elementor-widget elementor-widget-text-editor\" data-id=\"499da862\" data-element_type=\"widget\" data-widget_type=\"text-editor.default\">\n\t\t\t\t<div class=\"elementor-widget-container\">\n\t\t\t\t\t\t\t<!-- wp:paragraph -->\n<p>Syst\u00e9m rezervace \u0161kolen\u00ed slou\u017e\u00ed k automatick\u00e9 registraci \u00fa\u010dastn\u00edk\u016f \u0161kolen\u00ed pomoc\u00ed obousm\u011brn\u00e9 komunikace SMS.<\/p>\n<!-- \/wp:paragraph --><!-- wp:paragraph -->\n<h4>Syst\u00e9m SRS umo\u017e\u0148uje spr\u00e1vci mimo jin\u00e9:<\/h4>\n<!-- \/wp:paragraph --><!-- wp:list -->\n<ul>\n<li>definov\u00e1n\u00ed obsahu pozv\u00e1nek,<\/li>\n<li>stanoven\u00ed term\u00edn\u016f \u0161kolen\u00ed<\/li>\n<li>v\u00fdb\u011br m\u00edsta \u0161kolen\u00ed a<\/li>\n<li>po\u010det voln\u00fdch m\u00edst pro vybran\u00e9 m\u00edsto a \u0161kolen\u00ed.<\/li>\n<\/ul>\n<!-- \/wp:list --><!-- wp:paragraph -->\n<p>Syst\u00e9m s\u00e1m o sob\u011b zaji\u0161\u0165uje, \u017ee se \u00fa\u010dastn\u00ed pouze tolik \u00fa\u010dastn\u00edk\u016f, kolik je k dispozici m\u00edst. Ti, kte\u0159\u00ed se nemohli p\u0159ihl\u00e1sit na ur\u010dit\u00fd term\u00edn z d\u016fvodu p\u0159epln\u011bn\u00ed kapacity, budou automaticky informov\u00e1ni a mohou se pokusit p\u0159ihl\u00e1sit na jin\u00fd voln\u00fd term\u00edn. Slu\u017eba je p\u0159\u00edstupn\u00e1 prost\u0159ednictv\u00edm webov\u00e9ho prohl\u00ed\u017ee\u010de po bezpe\u010dn\u00e9m p\u0159ihl\u00e1\u0161en\u00ed.<br \/>Slu\u017eba SRS umo\u017e\u0148uje zas\u00edlat pozv\u00e1nky SMS podle p\u0159edem definovan\u00e9ho sc\u00e9n\u00e1\u0159e kontakt\u016fm, jejich\u017e telefonn\u00ed \u010d\u00edsla byla importov\u00e1na prost\u0159ednictv\u00edm jednoduch\u00e9ho souboru CSV.<\/p>\n<!-- \/wp:paragraph -->\t\t\t\t\t\t<\/div>\n\t\t\t\t<\/div>\n\t\t\t\t\t<\/div>\n\t\t<\/div>\n\t\t\t\t\t\t\t<\/div>\n\t\t<\/section>\n\t\t\t\t\t\t\t<\/div>","protected":false},"excerpt":{"rendered":"<p>Rezerva\u010dn\u00ed syst\u00e9m \u0161kolen\u00ed slou\u017e\u00ed k automatick\u00e9 registraci \u00fa\u010dastn\u00edk\u016f \u0161kolen\u00ed pomoc\u00ed obousm\u011brn\u00e9 komunikace SMS. SRS umo\u017e\u0148uje spr\u00e1vci mimo jin\u00e9: definovat obsah pozv\u00e1nek, ur\u010dovat term\u00edny \u0161kolen\u00ed, vyb\u00edrat m\u00edsto \u0161kolen\u00ed a po\u010det voln\u00fdch m\u00edst pro vybran\u00e9 m\u00edsto a \u0161kolen\u00ed. Syst\u00e9m s\u00e1m zaji\u0161\u0165uje, aby bylo p\u0159ihl\u00e1\u0161eno pouze tolik \u00fa\u010dastn\u00edk\u016f, kolik je k dispozici m\u00edst. Ti, kte\u0159\u00ed se nep\u0159ihl\u00e1s\u00ed, budou [...].<\/p>","protected":false},"author":1,"featured_media":142,"parent":249,"menu_order":5,"comment_status":"closed","ping_status":"closed","template":"","meta":{"footnotes":""},"yoast_head":"<!-- This site is optimized with the Yoast SEO plugin v21.6 - https:\/\/yoast.com\/wordpress\/plugins\/seo\/ -->\n<title>System rezerwacji szkole\u0144 - COMVERGA Poland<\/title>\n<meta name=\"robots\" content=\"index, follow, max-snippet:-1, max-image-preview:large, max-video-preview:-1\" \/>\n<link rel=\"canonical\" href=\"https:\/\/www.comverga.com\/pol\/cs\/uslugi\/rozzwiazania\/training-booking-system\/\" \/>\n<meta property=\"og:locale\" content=\"cs_CZ\" \/>\n<meta property=\"og:type\" content=\"article\" \/>\n<meta property=\"og:title\" content=\"System rezerwacji szkole\u0144 - COMVERGA Poland\" \/>\n<meta property=\"og:description\" content=\"System Rezerwacji Szkole\u0144 s\u0142u\u017cy do automatycznej rejestracji uczestnik\u00f3w szkole\u0144 z wykorzystaniem dwukierunkowej komunikacji SMS. SRS pozwala administratorowi mi\u0119dzy innymi na: definiowanie tre\u015bci zaprosze\u0144, okre\u015blanie termin\u00f3w szkole\u0144 wyb\u00f3r lokalizacji szkolenia oraz liczb\u0119 dost\u0119pnych miejsc dla wybranej lokalizacji i szkolenia. System sam czuwa nad zarejestrowaniem tylko tylu uczestnik\u00f3w ile jest przewidzinych dla nich miesjc. Osoby, kt\u00f3rym nie [&hellip;]\" \/>\n<meta property=\"og:url\" content=\"https:\/\/www.comverga.com\/pol\/cs\/uslugi\/rozzwiazania\/training-booking-system\/\" \/>\n<meta property=\"og:site_name\" content=\"COMVERGA Poland\" \/>\n<meta property=\"article:modified_time\" content=\"2021-02-01T13:09:50+00:00\" \/>\n<meta property=\"og:image\" content=\"https:\/\/www.comverga.com\/pol\/wp-content\/uploads\/sites\/2\/2020\/11\/rezerwacja-szkolen-1.jpg\" \/>\n\t<meta property=\"og:image:width\" content=\"1920\" \/>\n\t<meta property=\"og:image:height\" content=\"620\" \/>\n\t<meta property=\"og:image:type\" content=\"image\/jpeg\" \/>\n<meta name=\"twitter:card\" content=\"summary_large_image\" \/>\n<meta name=\"twitter:label1\" content=\"Odhadovan\u00e1 doba \u010dten\u00ed\" \/>\n\t<meta name=\"twitter:data1\" content=\"1 minuta\" \/>\n<script type=\"application\/ld+json\" class=\"yoast-schema-graph\">{\"@context\":\"https:\/\/schema.org\",\"@graph\":[{\"@type\":\"WebPage\",\"@id\":\"https:\/\/www.comverga.com\/pol\/uslugi\/rozzwiazania\/training-booking-system\/\",\"url\":\"https:\/\/www.comverga.com\/pol\/uslugi\/rozzwiazania\/training-booking-system\/\",\"name\":\"System rezerwacji szkole\u0144 - COMVERGA Poland\",\"isPartOf\":{\"@id\":\"https:\/\/www.comverga.com\/pol\/#website\"},\"datePublished\":\"2020-11-30T05:28:40+00:00\",\"dateModified\":\"2021-02-01T13:09:50+00:00\",\"breadcrumb\":{\"@id\":\"https:\/\/www.comverga.com\/pol\/uslugi\/rozzwiazania\/training-booking-system\/#breadcrumb\"},\"inLanguage\":\"cs\",\"potentialAction\":[{\"@type\":\"ReadAction\",\"target\":[\"https:\/\/www.comverga.com\/pol\/uslugi\/rozzwiazania\/training-booking-system\/\"]}]},{\"@type\":\"BreadcrumbList\",\"@id\":\"https:\/\/www.comverga.com\/pol\/uslugi\/rozzwiazania\/training-booking-system\/#breadcrumb\",\"itemListElement\":[{\"@type\":\"ListItem\",\"position\":1,\"name\":\"Us\u0142ugi\",\"item\":\"https:\/\/www.comverga.com\/pol\/uslugi\/\"},{\"@type\":\"ListItem\",\"position\":2,\"name\":\"Rozwi\u0105zania informatyczne i telekomunikacyjne\",\"item\":\"https:\/\/www.comverga.com\/pol\/uslugi\/rozzwiazania\/\"},{\"@type\":\"ListItem\",\"position\":3,\"name\":\"System rezerwacji szkole\u0144\"}]},{\"@type\":\"WebSite\",\"@id\":\"https:\/\/www.comverga.com\/pol\/#website\",\"url\":\"https:\/\/www.comverga.com\/pol\/\",\"name\":\"COMVERGA Poland\",\"description\":\"Comverga Poland\",\"publisher\":{\"@id\":\"https:\/\/www.comverga.com\/pol\/#organization\"},\"potentialAction\":[{\"@type\":\"SearchAction\",\"target\":{\"@type\":\"EntryPoint\",\"urlTemplate\":\"https:\/\/www.comverga.com\/pol\/?s={search_term_string}\"},\"query-input\":\"required name=search_term_string\"}],\"inLanguage\":\"cs\"},{\"@type\":\"Organization\",\"@id\":\"https:\/\/www.comverga.com\/pol\/#organization\",\"name\":\"COMVERGA Poland\",\"url\":\"https:\/\/www.comverga.com\/pol\/\",\"logo\":{\"@type\":\"ImageObject\",\"inLanguage\":\"cs\",\"@id\":\"https:\/\/www.comverga.com\/pol\/#\/schema\/logo\/image\/\",\"url\":\"https:\/\/www.comverga.com\/pol\/wp-content\/uploads\/sites\/2\/2020\/11\/Comverga_CC.png\",\"contentUrl\":\"https:\/\/www.comverga.com\/pol\/wp-content\/uploads\/sites\/2\/2020\/11\/Comverga_CC.png\",\"width\":800,\"height\":800,\"caption\":\"COMVERGA Poland\"},\"image\":{\"@id\":\"https:\/\/www.comverga.com\/pol\/#\/schema\/logo\/image\/\"}}]}<\/script>\n<!-- \/ Yoast SEO plugin. -->","yoast_head_json":{"title":"System rezerwacji szkole\u0144 - COMVERGA Poland","robots":{"index":"index","follow":"follow","max-snippet":"max-snippet:-1","max-image-preview":"max-image-preview:large","max-video-preview":"max-video-preview:-1"},"canonical":"https:\/\/www.comverga.com\/pol\/cs\/uslugi\/rozzwiazania\/training-booking-system\/","og_locale":"cs_CZ","og_type":"article","og_title":"System rezerwacji szkole\u0144 - COMVERGA Poland","og_description":"System Rezerwacji Szkole\u0144 s\u0142u\u017cy do automatycznej rejestracji uczestnik\u00f3w szkole\u0144 z wykorzystaniem dwukierunkowej komunikacji SMS. SRS pozwala administratorowi mi\u0119dzy innymi na: definiowanie tre\u015bci zaprosze\u0144, okre\u015blanie termin\u00f3w szkole\u0144 wyb\u00f3r lokalizacji szkolenia oraz liczb\u0119 dost\u0119pnych miejsc dla wybranej lokalizacji i szkolenia. System sam czuwa nad zarejestrowaniem tylko tylu uczestnik\u00f3w ile jest przewidzinych dla nich miesjc. Osoby, kt\u00f3rym nie [&hellip;]","og_url":"https:\/\/www.comverga.com\/pol\/cs\/uslugi\/rozzwiazania\/training-booking-system\/","og_site_name":"COMVERGA Poland","article_modified_time":"2021-02-01T13:09:50+00:00","og_image":[{"width":1920,"height":620,"url":"https:\/\/www.comverga.com\/pol\/wp-content\/uploads\/sites\/2\/2020\/11\/rezerwacja-szkolen-1.jpg","type":"image\/jpeg"}],"twitter_card":"summary_large_image","twitter_misc":{"Odhadovan\u00e1 doba \u010dten\u00ed":"1 minuta"},"schema":{"@context":"https:\/\/schema.org","@graph":[{"@type":"WebPage","@id":"https:\/\/www.comverga.com\/pol\/uslugi\/rozzwiazania\/training-booking-system\/","url":"https:\/\/www.comverga.com\/pol\/uslugi\/rozzwiazania\/training-booking-system\/","name":"System rezerwacji szkole\u0144 - COMVERGA Poland","isPartOf":{"@id":"https:\/\/www.comverga.com\/pol\/#website"},"datePublished":"2020-11-30T05:28:40+00:00","dateModified":"2021-02-01T13:09:50+00:00","breadcrumb":{"@id":"https:\/\/www.comverga.com\/pol\/uslugi\/rozzwiazania\/training-booking-system\/#breadcrumb"},"inLanguage":"cs","potentialAction":[{"@type":"ReadAction","target":["https:\/\/www.comverga.com\/pol\/uslugi\/rozzwiazania\/training-booking-system\/"]}]},{"@type":"BreadcrumbList","@id":"https:\/\/www.comverga.com\/pol\/uslugi\/rozzwiazania\/training-booking-system\/#breadcrumb","itemListElement":[{"@type":"ListItem","position":1,"name":"Us\u0142ugi","item":"https:\/\/www.comverga.com\/pol\/uslugi\/"},{"@type":"ListItem","position":2,"name":"Rozwi\u0105zania informatyczne i telekomunikacyjne","item":"https:\/\/www.comverga.com\/pol\/uslugi\/rozzwiazania\/"},{"@type":"ListItem","position":3,"name":"System rezerwacji szkole\u0144"}]},{"@type":"WebSite","@id":"https:\/\/www.comverga.com\/pol\/#website","url":"https:\/\/www.comverga.com\/pol\/","name":"COMVERGA Polsko","description":"Comverga Polsko","publisher":{"@id":"https:\/\/www.comverga.com\/pol\/#organization"},"potentialAction":[{"@type":"SearchAction","target":{"@type":"EntryPoint","urlTemplate":"https:\/\/www.comverga.com\/pol\/?s={search_term_string}"},"query-input":"required name=search_term_string"}],"inLanguage":"cs"},{"@type":"Organization","@id":"https:\/\/www.comverga.com\/pol\/#organization","name":"COMVERGA Polsko","url":"https:\/\/www.comverga.com\/pol\/","logo":{"@type":"ImageObject","inLanguage":"cs","@id":"https:\/\/www.comverga.com\/pol\/#\/schema\/logo\/image\/","url":"https:\/\/www.comverga.com\/pol\/wp-content\/uploads\/sites\/2\/2020\/11\/Comverga_CC.png","contentUrl":"https:\/\/www.comverga.com\/pol\/wp-content\/uploads\/sites\/2\/2020\/11\/Comverga_CC.png","width":800,"height":800,"caption":"COMVERGA Poland"},"image":{"@id":"https:\/\/www.comverga.com\/pol\/#\/schema\/logo\/image\/"}}]}},"_links":{"self":[{"href":"https:\/\/www.comverga.com\/pol\/cs\/wp-json\/wp\/v2\/pages\/627"}],"collection":[{"href":"https:\/\/www.comverga.com\/pol\/cs\/wp-json\/wp\/v2\/pages"}],"about":[{"href":"https:\/\/www.comverga.com\/pol\/cs\/wp-json\/wp\/v2\/types\/page"}],"author":[{"embeddable":true,"href":"https:\/\/www.comverga.com\/pol\/cs\/wp-json\/wp\/v2\/users\/1"}],"replies":[{"embeddable":true,"href":"https:\/\/www.comverga.com\/pol\/cs\/wp-json\/wp\/v2\/comments?post=627"}],"version-history":[{"count":7,"href":"https:\/\/www.comverga.com\/pol\/cs\/wp-json\/wp\/v2\/pages\/627\/revisions"}],"predecessor-version":[{"id":1873,"href":"https:\/\/www.comverga.com\/pol\/cs\/wp-json\/wp\/v2\/pages\/627\/revisions\/1873"}],"up":[{"embeddable":true,"href":"https:\/\/www.comverga.com\/pol\/cs\/wp-json\/wp\/v2\/pages\/249"}],"wp:featuredmedia":[{"embeddable":true,"href":"https:\/\/www.comverga.com\/pol\/cs\/wp-json\/wp\/v2\/media\/142"}],"wp:attachment":[{"href":"https:\/\/www.comverga.com\/pol\/cs\/wp-json\/wp\/v2\/media?parent=627"}],"curies":[{"name":"wp","href":"https:\/\/api.w.org\/{rel}","templated":true}]}}