{"id":629,"date":"2020-11-30T06:29:16","date_gmt":"2020-11-30T05:29:16","guid":{"rendered":"https:\/\/www.comverga.com\/pol\/?page_id=629"},"modified":"2020-11-30T06:29:16","modified_gmt":"2020-11-30T05:29:16","slug":"training-booking-system","status":"publish","type":"page","link":"https:\/\/www.comverga.com\/pol\/cs\/services\/solutions\/training-booking-system\/","title":{"rendered":"Syst\u00e9m rezervace \u0161kolen\u00ed"},"content":{"rendered":"<p>Syst\u00e9m rezervace \u0161kolen\u00ed slou\u017e\u00ed k automatick\u00e9 registraci \u00fa\u010dastn\u00edk\u016f \u0161kolen\u00ed pomoc\u00ed obousm\u011brn\u00e9 komunikace SMS.<\/p>\n\n\n\n<p>TBS umo\u017e\u0148uje spr\u00e1vci mimo jin\u00e9:<\/p>\n\n\n\n<ul><li>definov\u00e1n\u00ed obsahu pozv\u00e1nek,<\/li><li>stanoven\u00ed term\u00edn\u016f \u0161kolen\u00ed<\/li><li>v\u00fdb\u011br m\u00edsta \u0161kolen\u00ed a<\/li><li>po\u010det voln\u00fdch m\u00edst pro vybran\u00e9 m\u00edsto a \u0161kolen\u00ed.<\/li><\/ul>\n\n\n\n<p>Syst\u00e9m s\u00e1m dohl\u00ed\u017e\u00ed na to, aby se zaregistrovalo jen tolik \u00fa\u010dastn\u00edk\u016f, kolik je pro n\u011b m\u00edst. Lid\u00e9, kte\u0159\u00ed se nemohli p\u0159ihl\u00e1sit na vybran\u00fd term\u00edn z d\u016fvodu vy\u010derp\u00e1n\u00ed kapacity m\u00edst, o tom budou automaticky informov\u00e1ni a mohou se pokusit p\u0159ihl\u00e1sit na jin\u00fd voln\u00fd term\u00edn. Slu\u017eba je dostupn\u00e1 z \u00farovn\u011b webov\u00e9ho prohl\u00ed\u017ee\u010de po bezpe\u010dn\u00e9m p\u0159ihl\u00e1\u0161en\u00ed.<br>Slu\u017eba TBS umo\u017e\u0148uje zas\u00edlat pozv\u00e1nky SMS podle p\u0159edem definovan\u00e9ho sc\u00e9n\u00e1\u0159e kontakt\u016fm, jejich\u017e telefonn\u00ed \u010d\u00edsla byla importov\u00e1na prost\u0159ednictv\u00edm jednoduch\u00e9ho souboru CSV.<\/p>","protected":false},"excerpt":{"rendered":"<p>Syst\u00e9m rezervace \u0161kolen\u00ed slou\u017e\u00ed k automatick\u00e9 registraci \u00fa\u010dastn\u00edk\u016f \u0161kolen\u00ed pomoc\u00ed obousm\u011brn\u00e9 komunikace SMS. TBS umo\u017e\u0148uje spr\u00e1vci mimo jin\u00e9: definovat obsah pozv\u00e1nek, nastavit term\u00edny \u0161kolen\u00ed, vybrat m\u00edsto \u0161kolen\u00ed a po\u010det voln\u00fdch m\u00edst pro vybran\u00e9 m\u00edsto a \u0161kolen\u00ed. Syst\u00e9m s\u00e1m hl\u00edd\u00e1 p\u0159ihla\u0161ov\u00e1n\u00ed \u00fa\u010dastn\u00edk\u016f na \u0161kolen\u00ed [...].<\/p>","protected":false},"author":1,"featured_media":142,"parent":167,"menu_order":5,"comment_status":"closed","ping_status":"closed","template":"","meta":{"footnotes":""},"yoast_head":"<!-- This site is optimized with the Yoast SEO plugin v21.6 - https:\/\/yoast.com\/wordpress\/plugins\/seo\/ -->\n<title>Training Booking System - COMVERGA Poland<\/title>\n<meta name=\"robots\" content=\"index, follow, max-snippet:-1, max-image-preview:large, max-video-preview:-1\" \/>\n<link rel=\"canonical\" href=\"https:\/\/www.comverga.com\/pol\/cs\/services\/solutions\/training-booking-system\/\" \/>\n<meta property=\"og:locale\" content=\"cs_CZ\" \/>\n<meta property=\"og:type\" content=\"article\" \/>\n<meta property=\"og:title\" content=\"Training Booking System - COMVERGA Poland\" \/>\n<meta property=\"og:description\" content=\"The Training Booking System is used for automatic registration of training participants using two-way SMS communication. TBS allows the administrator, among other things, to: defining the content of invitations, setting training dates choosing the training location and the number of available seats for the selected location and training. The system itself watches over the registration [&hellip;]\" \/>\n<meta property=\"og:url\" content=\"https:\/\/www.comverga.com\/pol\/cs\/services\/solutions\/training-booking-system\/\" \/>\n<meta property=\"og:site_name\" content=\"COMVERGA Poland\" \/>\n<meta property=\"og:image\" content=\"https:\/\/www.comverga.com\/pol\/wp-content\/uploads\/sites\/2\/2020\/11\/rezerwacja-szkolen-1.jpg\" \/>\n\t<meta property=\"og:image:width\" content=\"1920\" \/>\n\t<meta property=\"og:image:height\" content=\"620\" \/>\n\t<meta property=\"og:image:type\" content=\"image\/jpeg\" \/>\n<meta name=\"twitter:card\" content=\"summary_large_image\" \/>\n<meta name=\"twitter:label1\" content=\"Odhadovan\u00e1 doba \u010dten\u00ed\" \/>\n\t<meta name=\"twitter:data1\" content=\"1 minuta\" \/>\n<script type=\"application\/ld+json\" class=\"yoast-schema-graph\">{\"@context\":\"https:\/\/schema.org\",\"@graph\":[{\"@type\":\"WebPage\",\"@id\":\"https:\/\/www.comverga.com\/pol\/services\/solutions\/training-booking-system\/\",\"url\":\"https:\/\/www.comverga.com\/pol\/services\/solutions\/training-booking-system\/\",\"name\":\"Training Booking System - COMVERGA Poland\",\"isPartOf\":{\"@id\":\"https:\/\/www.comverga.com\/pol\/#website\"},\"datePublished\":\"2020-11-30T05:29:16+00:00\",\"dateModified\":\"2020-11-30T05:29:16+00:00\",\"breadcrumb\":{\"@id\":\"https:\/\/www.comverga.com\/pol\/services\/solutions\/training-booking-system\/#breadcrumb\"},\"inLanguage\":\"cs\",\"potentialAction\":[{\"@type\":\"ReadAction\",\"target\":[\"https:\/\/www.comverga.com\/pol\/services\/solutions\/training-booking-system\/\"]}]},{\"@type\":\"BreadcrumbList\",\"@id\":\"https:\/\/www.comverga.com\/pol\/services\/solutions\/training-booking-system\/#breadcrumb\",\"itemListElement\":[{\"@type\":\"ListItem\",\"position\":1,\"name\":\"Services\",\"item\":\"https:\/\/www.comverga.com\/pol\/services\/\"},{\"@type\":\"ListItem\",\"position\":2,\"name\":\"Solutions\",\"item\":\"https:\/\/www.comverga.com\/pol\/services\/solutions\/\"},{\"@type\":\"ListItem\",\"position\":3,\"name\":\"Training Booking System\"}]},{\"@type\":\"WebSite\",\"@id\":\"https:\/\/www.comverga.com\/pol\/#website\",\"url\":\"https:\/\/www.comverga.com\/pol\/\",\"name\":\"COMVERGA Poland\",\"description\":\"Comverga Poland\",\"publisher\":{\"@id\":\"https:\/\/www.comverga.com\/pol\/#organization\"},\"potentialAction\":[{\"@type\":\"SearchAction\",\"target\":{\"@type\":\"EntryPoint\",\"urlTemplate\":\"https:\/\/www.comverga.com\/pol\/?s={search_term_string}\"},\"query-input\":\"required name=search_term_string\"}],\"inLanguage\":\"cs\"},{\"@type\":\"Organization\",\"@id\":\"https:\/\/www.comverga.com\/pol\/#organization\",\"name\":\"COMVERGA Poland\",\"url\":\"https:\/\/www.comverga.com\/pol\/\",\"logo\":{\"@type\":\"ImageObject\",\"inLanguage\":\"cs\",\"@id\":\"https:\/\/www.comverga.com\/pol\/#\/schema\/logo\/image\/\",\"url\":\"https:\/\/www.comverga.com\/pol\/wp-content\/uploads\/sites\/2\/2020\/11\/Comverga_CC.png\",\"contentUrl\":\"https:\/\/www.comverga.com\/pol\/wp-content\/uploads\/sites\/2\/2020\/11\/Comverga_CC.png\",\"width\":800,\"height\":800,\"caption\":\"COMVERGA Poland\"},\"image\":{\"@id\":\"https:\/\/www.comverga.com\/pol\/#\/schema\/logo\/image\/\"}}]}<\/script>\n<!-- \/ Yoast SEO plugin. -->","yoast_head_json":{"title":"Training Booking System - COMVERGA Poland","robots":{"index":"index","follow":"follow","max-snippet":"max-snippet:-1","max-image-preview":"max-image-preview:large","max-video-preview":"max-video-preview:-1"},"canonical":"https:\/\/www.comverga.com\/pol\/cs\/services\/solutions\/training-booking-system\/","og_locale":"cs_CZ","og_type":"article","og_title":"Training Booking System - COMVERGA Poland","og_description":"The Training Booking System is used for automatic registration of training participants using two-way SMS communication. TBS allows the administrator, among other things, to: defining the content of invitations, setting training dates choosing the training location and the number of available seats for the selected location and training. The system itself watches over the registration [&hellip;]","og_url":"https:\/\/www.comverga.com\/pol\/cs\/services\/solutions\/training-booking-system\/","og_site_name":"COMVERGA Poland","og_image":[{"width":1920,"height":620,"url":"https:\/\/www.comverga.com\/pol\/wp-content\/uploads\/sites\/2\/2020\/11\/rezerwacja-szkolen-1.jpg","type":"image\/jpeg"}],"twitter_card":"summary_large_image","twitter_misc":{"Odhadovan\u00e1 doba \u010dten\u00ed":"1 minuta"},"schema":{"@context":"https:\/\/schema.org","@graph":[{"@type":"WebPage","@id":"https:\/\/www.comverga.com\/pol\/services\/solutions\/training-booking-system\/","url":"https:\/\/www.comverga.com\/pol\/services\/solutions\/training-booking-system\/","name":"Training Booking System - COMVERGA Poland","isPartOf":{"@id":"https:\/\/www.comverga.com\/pol\/#website"},"datePublished":"2020-11-30T05:29:16+00:00","dateModified":"2020-11-30T05:29:16+00:00","breadcrumb":{"@id":"https:\/\/www.comverga.com\/pol\/services\/solutions\/training-booking-system\/#breadcrumb"},"inLanguage":"cs","potentialAction":[{"@type":"ReadAction","target":["https:\/\/www.comverga.com\/pol\/services\/solutions\/training-booking-system\/"]}]},{"@type":"BreadcrumbList","@id":"https:\/\/www.comverga.com\/pol\/services\/solutions\/training-booking-system\/#breadcrumb","itemListElement":[{"@type":"ListItem","position":1,"name":"Services","item":"https:\/\/www.comverga.com\/pol\/services\/"},{"@type":"ListItem","position":2,"name":"Solutions","item":"https:\/\/www.comverga.com\/pol\/services\/solutions\/"},{"@type":"ListItem","position":3,"name":"Training Booking System"}]},{"@type":"WebSite","@id":"https:\/\/www.comverga.com\/pol\/#website","url":"https:\/\/www.comverga.com\/pol\/","name":"COMVERGA Polsko","description":"Comverga Polsko","publisher":{"@id":"https:\/\/www.comverga.com\/pol\/#organization"},"potentialAction":[{"@type":"SearchAction","target":{"@type":"EntryPoint","urlTemplate":"https:\/\/www.comverga.com\/pol\/?s={search_term_string}"},"query-input":"required name=search_term_string"}],"inLanguage":"cs"},{"@type":"Organization","@id":"https:\/\/www.comverga.com\/pol\/#organization","name":"COMVERGA Polsko","url":"https:\/\/www.comverga.com\/pol\/","logo":{"@type":"ImageObject","inLanguage":"cs","@id":"https:\/\/www.comverga.com\/pol\/#\/schema\/logo\/image\/","url":"https:\/\/www.comverga.com\/pol\/wp-content\/uploads\/sites\/2\/2020\/11\/Comverga_CC.png","contentUrl":"https:\/\/www.comverga.com\/pol\/wp-content\/uploads\/sites\/2\/2020\/11\/Comverga_CC.png","width":800,"height":800,"caption":"COMVERGA Poland"},"image":{"@id":"https:\/\/www.comverga.com\/pol\/#\/schema\/logo\/image\/"}}]}},"_links":{"self":[{"href":"https:\/\/www.comverga.com\/pol\/cs\/wp-json\/wp\/v2\/pages\/629"}],"collection":[{"href":"https:\/\/www.comverga.com\/pol\/cs\/wp-json\/wp\/v2\/pages"}],"about":[{"href":"https:\/\/www.comverga.com\/pol\/cs\/wp-json\/wp\/v2\/types\/page"}],"author":[{"embeddable":true,"href":"https:\/\/www.comverga.com\/pol\/cs\/wp-json\/wp\/v2\/users\/1"}],"replies":[{"embeddable":true,"href":"https:\/\/www.comverga.com\/pol\/cs\/wp-json\/wp\/v2\/comments?post=629"}],"version-history":[{"count":0,"href":"https:\/\/www.comverga.com\/pol\/cs\/wp-json\/wp\/v2\/pages\/629\/revisions"}],"up":[{"embeddable":true,"href":"https:\/\/www.comverga.com\/pol\/cs\/wp-json\/wp\/v2\/pages\/167"}],"wp:featuredmedia":[{"embeddable":true,"href":"https:\/\/www.comverga.com\/pol\/cs\/wp-json\/wp\/v2\/media\/142"}],"wp:attachment":[{"href":"https:\/\/www.comverga.com\/pol\/cs\/wp-json\/wp\/v2\/media?parent=629"}],"curies":[{"name":"wp","href":"https:\/\/api.w.org\/{rel}","templated":true}]}}