{"id":631,"date":"2020-11-30T06:36:00","date_gmt":"2020-11-30T05:36:00","guid":{"rendered":"https:\/\/www.comverga.com\/pol\/?page_id=631"},"modified":"2021-03-10T12:15:35","modified_gmt":"2021-03-10T11:15:35","slug":"predictive-dialers","status":"publish","type":"page","link":"https:\/\/www.comverga.com\/pol\/cs\/uslugi\/rozzwiazania\/predictive-dialers\/","title":{"rendered":"Prediktivn\u00ed \u010d\u00edseln\u00edky"},"content":{"rendered":"<div data-elementor-type=\"wp-page\" data-elementor-id=\"631\" class=\"elementor elementor-631\">\n\t\t\t\t\t\t\t\t\t<section class=\"elementor-section elementor-top-section elementor-element elementor-element-9868524 elementor-section-stretched elementor-section-boxed elementor-section-height-default elementor-section-height-default\" data-id=\"9868524\" data-element_type=\"section\" data-settings=\"{&quot;stretch_section&quot;:&quot;section-stretched&quot;,&quot;background_background&quot;:&quot;classic&quot;}\">\n\t\t\t\t\t\t<div class=\"elementor-container elementor-column-gap-default\">\n\t\t\t\t\t<div class=\"elementor-column elementor-col-100 elementor-top-column elementor-element elementor-element-581c130\" data-id=\"581c130\" data-element_type=\"column\">\n\t\t\t<div class=\"elementor-widget-wrap elementor-element-populated\">\n\t\t\t\t\t\t\t\t<div class=\"elementor-element elementor-element-600ed8e elementor-widget elementor-widget-heading\" data-id=\"600ed8e\" data-element_type=\"widget\" data-widget_type=\"heading.default\">\n\t\t\t\t<div class=\"elementor-widget-container\">\n\t\t\t<h2 class=\"elementor-heading-title elementor-size-large\">Efektivn\u00ed vyt\u00e1\u010den\u00ed: dialer<\/h2>\t\t<\/div>\n\t\t\t\t<\/div>\n\t\t\t\t<div class=\"elementor-element elementor-element-820c5bd elementor-widget-divider--view-line elementor-widget elementor-widget-divider\" data-id=\"820c5bd\" data-element_type=\"widget\" data-widget_type=\"divider.default\">\n\t\t\t\t<div class=\"elementor-widget-container\">\n\t\t\t\t\t<div class=\"elementor-divider\">\n\t\t\t<span class=\"elementor-divider-separator\">\n\t\t\t\t\t\t<\/span>\n\t\t<\/div>\n\t\t\t\t<\/div>\n\t\t\t\t<\/div>\n\t\t\t\t<div class=\"elementor-element elementor-element-ae18efb elementor-widget elementor-widget-text-editor\" data-id=\"ae18efb\" data-element_type=\"widget\" data-widget_type=\"text-editor.default\">\n\t\t\t\t<div class=\"elementor-widget-container\">\n\t\t\t\t\t\t\tJsou sou\u010d\u00e1st\u00ed syst\u00e9mu call centra a jsou zodpov\u011bdn\u00e9 za automatick\u00e9 sestavov\u00e1n\u00ed odchoz\u00edch hovor\u016f - dialery jsou \u010dasto pou\u017e\u00edvan\u00fdm \u0159e\u0161en\u00edm v modern\u00edch telekomunika\u010dn\u00edch centrech a pro komunika\u010dn\u00ed platformy. Funguj\u00ed jednoduch\u00fdm zp\u016fsobem, a to tak, \u017ee z\u0159izuj\u00ed hovory na \u010d\u00edsla z p\u0159edem p\u0159ipraven\u00e9ho seznamu kontakt\u016f. Dialer je n\u00e1stroj \u010dasto pou\u017e\u00edvan\u00fd pro odchoz\u00ed kampan\u011b v r\u016fzn\u00fdch call centrech. Automaticky vyt\u00e1\u010d\u00ed telefonn\u00ed \u010d\u00edsla p\u0159evzat\u00e1 z datab\u00e1ze.\t\t\t\t\t\t<\/div>\n\t\t\t\t<\/div>\n\t\t\t\t\t<\/div>\n\t\t<\/div>\n\t\t\t\t\t\t\t<\/div>\n\t\t<\/section>\n\t\t\t\t<section class=\"elementor-section elementor-top-section elementor-element elementor-element-072c0c0 elementor-section-stretched elementor-section-boxed elementor-section-height-default elementor-section-height-default\" data-id=\"072c0c0\" data-element_type=\"section\" data-settings=\"{&quot;stretch_section&quot;:&quot;section-stretched&quot;}\">\n\t\t\t\t\t\t<div class=\"elementor-container elementor-column-gap-default\">\n\t\t\t\t\t<div class=\"elementor-column elementor-col-100 elementor-top-column elementor-element elementor-element-3767c5c\" data-id=\"3767c5c\" data-element_type=\"column\">\n\t\t\t<div class=\"elementor-widget-wrap elementor-element-populated\">\n\t\t\t\t\t\t\t\t<div class=\"elementor-element elementor-element-1b47873 elementor-widget elementor-widget-heading\" data-id=\"1b47873\" data-element_type=\"widget\" data-widget_type=\"heading.default\">\n\t\t\t\t<div class=\"elementor-widget-container\">\n\t\t\t<h2 class=\"elementor-heading-title elementor-size-large\">\u0158e\u0161en\u00ed dostupn\u00e1 na trhu<\/h2>\t\t<\/div>\n\t\t\t\t<\/div>\n\t\t\t\t<div class=\"elementor-element elementor-element-ebe75b1 elementor-widget-divider--view-line elementor-widget elementor-widget-divider\" data-id=\"ebe75b1\" data-element_type=\"widget\" data-widget_type=\"divider.default\">\n\t\t\t\t<div class=\"elementor-widget-container\">\n\t\t\t\t\t<div class=\"elementor-divider\">\n\t\t\t<span class=\"elementor-divider-separator\">\n\t\t\t\t\t\t<\/span>\n\t\t<\/div>\n\t\t\t\t<\/div>\n\t\t\t\t<\/div>\n\t\t\t\t<div class=\"elementor-element elementor-element-eaf45c7 elementor-widget elementor-widget-text-editor\" data-id=\"eaf45c7\" data-element_type=\"widget\" data-widget_type=\"text-editor.default\">\n\t\t\t\t<div class=\"elementor-widget-container\">\n\t\t\t\t\t\t\t<p>V sou\u010dasn\u00e9 dob\u011b existuj\u00ed t\u0159i z\u00e1kladn\u00ed typy dialer\u016f, kter\u00e9 se li\u0161\u00ed p\u0159edev\u0161\u00edm sv\u00fdm dopadem na tempo pr\u00e1ce agent\u016f. P\u0159i rozhodov\u00e1n\u00ed o v\u00fdb\u011bru vhodn\u00e9ho \u0159e\u0161en\u00ed pro vlastn\u00ed komunika\u010dn\u00ed platformu nebo z\u00e1kaznick\u00fd servis \u010di obchodn\u00ed odd\u011blen\u00ed se vyplat\u00ed zv\u00e1\u017eit \u0159e\u0161en\u00ed dostupn\u00e1 na trhu.<\/p>\t\t\t\t\t\t<\/div>\n\t\t\t\t<\/div>\n\t\t\t\t\t<\/div>\n\t\t<\/div>\n\t\t\t\t\t\t\t<\/div>\n\t\t<\/section>\n\t\t\t\t<section class=\"elementor-section elementor-top-section elementor-element elementor-element-85480b4 elementor-section-stretched elementor-section-boxed elementor-section-height-default elementor-section-height-default\" data-id=\"85480b4\" data-element_type=\"section\" data-settings=\"{&quot;stretch_section&quot;:&quot;section-stretched&quot;}\">\n\t\t\t\t\t\t<div class=\"elementor-container elementor-column-gap-default\">\n\t\t\t\t\t<div class=\"elementor-column elementor-col-33 elementor-top-column elementor-element elementor-element-45c3033\" data-id=\"45c3033\" data-element_type=\"column\">\n\t\t\t<div class=\"elementor-widget-wrap elementor-element-populated\">\n\t\t\t\t\t\t\t\t<div class=\"elementor-element elementor-element-a5a5203 elementor-view-default elementor-widget elementor-widget-icon\" data-id=\"a5a5203\" data-element_type=\"widget\" data-widget_type=\"icon.default\">\n\t\t\t\t<div class=\"elementor-widget-container\">\n\t\t\t\t\t<div class=\"elementor-icon-wrapper\">\n\t\t\t<div class=\"elementor-icon\">\n\t\t\t<i aria-hidden=\"true\" class=\"far fa-comments\"><\/i>\t\t\t<\/div>\n\t\t<\/div>\n\t\t\t\t<\/div>\n\t\t\t\t<\/div>\n\t\t\t\t<div class=\"elementor-element elementor-element-7f28705 elementor-widget elementor-widget-heading\" data-id=\"7f28705\" data-element_type=\"widget\" data-widget_type=\"heading.default\">\n\t\t\t\t<div class=\"elementor-widget-container\">\n\t\t\t<h3 class=\"elementor-heading-title elementor-size-default\">N\u00e1hled dialeru<\/h3>\t\t<\/div>\n\t\t\t\t<\/div>\n\t\t\t\t<div class=\"elementor-element elementor-element-bdeb12e elementor-widget elementor-widget-text-editor\" data-id=\"bdeb12e\" data-element_type=\"widget\" data-widget_type=\"text-editor.default\">\n\t\t\t\t<div class=\"elementor-widget-container\">\n\t\t\t\t\t\t\tZam\u011b\u0159uje se zejm\u00e9na na kvalitu kontaktu se z\u00e1kazn\u00edky. Agent m\u00e1 k dispozici n\u00e1hled na \u00fadaje o z\u00e1kazn\u00edkovi, kter\u00fd mu umo\u017e\u0148uje vid\u011bt historii hovor\u016f a konverzac\u00ed. Po prostudov\u00e1n\u00ed dostupn\u00fdch informac\u00ed m\u016f\u017ee zvolit vhodnou strategii vol\u00e1n\u00ed a spojit se s konkr\u00e9tn\u00edm z\u00e1kazn\u00edkem prost\u0159ednictv\u00edm tla\u010d\u00edtka pro vol\u00e1n\u00ed (automatick\u00e1 volba). D\u00edky tomuto \u0159e\u0161en\u00ed se agent s\u00e1m rozhodne, zda chce s konkr\u00e9tn\u00edm z\u00e1kazn\u00edkem hovo\u0159it nyn\u00ed, nebo pozd\u011bji - v takov\u00e9m p\u0159\u00edpad\u011b m\u016f\u017ee p\u0159ej\u00edt k jin\u00e9mu z\u00e1znamu.\t\t\t\t\t\t<\/div>\n\t\t\t\t<\/div>\n\t\t\t\t\t<\/div>\n\t\t<\/div>\n\t\t\t\t<div class=\"elementor-column elementor-col-33 elementor-top-column elementor-element elementor-element-91a972c\" data-id=\"91a972c\" data-element_type=\"column\">\n\t\t\t<div class=\"elementor-widget-wrap elementor-element-populated\">\n\t\t\t\t\t\t\t\t<div class=\"elementor-element elementor-element-477e162 elementor-view-default elementor-widget elementor-widget-icon\" data-id=\"477e162\" data-element_type=\"widget\" data-widget_type=\"icon.default\">\n\t\t\t\t<div class=\"elementor-widget-container\">\n\t\t\t\t\t<div class=\"elementor-icon-wrapper\">\n\t\t\t<div class=\"elementor-icon\">\n\t\t\t<i aria-hidden=\"true\" class=\"fas fa-cogs\"><\/i>\t\t\t<\/div>\n\t\t<\/div>\n\t\t\t\t<\/div>\n\t\t\t\t<\/div>\n\t\t\t\t<div class=\"elementor-element elementor-element-53846c9 elementor-widget elementor-widget-heading\" data-id=\"53846c9\" data-element_type=\"widget\" data-widget_type=\"heading.default\">\n\t\t\t\t<div class=\"elementor-widget-container\">\n\t\t\t<h3 class=\"elementor-heading-title elementor-size-default\">Progresivn\u00ed dialer<\/h3>\t\t<\/div>\n\t\t\t\t<\/div>\n\t\t\t\t<div class=\"elementor-element elementor-element-1967caa elementor-widget elementor-widget-text-editor\" data-id=\"1967caa\" data-element_type=\"widget\" data-widget_type=\"text-editor.default\">\n\t\t\t\t<div class=\"elementor-widget-container\">\n\t\t\t\t\t\t\t<p>Je zam\u011b\u0159en sp\u00ed\u0161e na efektivitu call centra. Dialer samostatn\u011b vyto\u010d\u00ed \u010d\u00edslo z datab\u00e1ze a automaticky se spoj\u00ed se z\u00e1kazn\u00edkem, zat\u00edmco agent nem\u00e1 mo\u017enost \u010d\u00edslo p\u0159esko\u010dit a nedost\u00e1v\u00e1 informace, tak\u017ee se nem\u016f\u017ee na hovor p\u0159ipravit. U progresivn\u00edho standardu neexistuje mo\u017enost odfiltrov\u00e1n\u00ed ne\u00fasp\u011b\u0161n\u00fdch hovor\u016f, tak\u017ee se zkracuje skute\u010dn\u00fd pracovn\u00ed \u010das agent\u016f. \u010casto m\u00e1 takov\u00e9 \u0159e\u0161en\u00ed p\u0159edem stanovenou dobu pro zad\u00e1n\u00ed p\u0159\u00edpadn\u00fdch pozn\u00e1mek po ukon\u010den\u00ed hovoru a po uplynut\u00ed t\u00e9to doby se automaticky spoj\u00ed s dal\u0161\u00edm \u010d\u00edslem.<\/p>\n<p>\u00a0<\/p>\t\t\t\t\t\t<\/div>\n\t\t\t\t<\/div>\n\t\t\t\t\t<\/div>\n\t\t<\/div>\n\t\t\t\t<div class=\"elementor-column elementor-col-33 elementor-top-column elementor-element elementor-element-9533644\" data-id=\"9533644\" data-element_type=\"column\">\n\t\t\t<div class=\"elementor-widget-wrap elementor-element-populated\">\n\t\t\t\t\t\t\t\t<div class=\"elementor-element elementor-element-0380d2b elementor-view-default elementor-widget elementor-widget-icon\" data-id=\"0380d2b\" data-element_type=\"widget\" data-widget_type=\"icon.default\">\n\t\t\t\t<div class=\"elementor-widget-container\">\n\t\t\t\t\t<div class=\"elementor-icon-wrapper\">\n\t\t\t<div class=\"elementor-icon\">\n\t\t\t<i aria-hidden=\"true\" class=\"fas fa-headset\"><\/i>\t\t\t<\/div>\n\t\t<\/div>\n\t\t\t\t<\/div>\n\t\t\t\t<\/div>\n\t\t\t\t<div class=\"elementor-element elementor-element-4825928 elementor-widget elementor-widget-heading\" data-id=\"4825928\" data-element_type=\"widget\" data-widget_type=\"heading.default\">\n\t\t\t\t<div class=\"elementor-widget-container\">\n\t\t\t<h3 class=\"elementor-heading-title elementor-size-default\">Prediktivn\u00ed dialer<\/h3>\t\t<\/div>\n\t\t\t\t<\/div>\n\t\t\t\t<div class=\"elementor-element elementor-element-a616203 elementor-widget elementor-widget-text-editor\" data-id=\"a616203\" data-element_type=\"widget\" data-widget_type=\"text-editor.default\">\n\t\t\t\t<div class=\"elementor-widget-container\">\n\t\t\t\t\t\t\tJedn\u00e1 se o technicky nejpokro\u010dilej\u0161\u00ed \u0159e\u0161en\u00ed. Prediktivn\u00ed dialer vyu\u017e\u00edv\u00e1 slo\u017eit\u00e9 algoritmy ur\u010den\u00e9 k anal\u00fdze a kontrole r\u016fzn\u00fdch typ\u016f dat. Umo\u017e\u0148uje filtrovat ne\u00fasp\u011b\u0161n\u00e9 hovory a uskute\u010dnit v\u00edce hovor\u016f, p\u0159i\u010dem\u017e agent p\u0159ij\u00edm\u00e1 pouze ty hovory, kter\u00e9 byly skute\u010dn\u011b p\u0159ijaty skute\u010dnou osobou. B\u011bhem hovoru se Agentovi zobrazuj\u00ed informace o z\u00e1kazn\u00edkovi v informa\u010dn\u00ed datab\u00e1zi a pom\u00e1haj\u00ed mu podle nich \u0159\u00eddit hovor.\t\t\t\t\t\t<\/div>\n\t\t\t\t<\/div>\n\t\t\t\t\t<\/div>\n\t\t<\/div>\n\t\t\t\t\t\t\t<\/div>\n\t\t<\/section>\n\t\t\t\t<section class=\"elementor-section elementor-top-section elementor-element elementor-element-41913331 elementor-section-stretched elementor-section-boxed elementor-section-height-default elementor-section-height-default\" data-id=\"41913331\" data-element_type=\"section\" data-settings=\"{&quot;stretch_section&quot;:&quot;section-stretched&quot;,&quot;background_background&quot;:&quot;classic&quot;}\">\n\t\t\t\t\t\t<div class=\"elementor-container elementor-column-gap-default\">\n\t\t\t\t\t<div class=\"elementor-column elementor-col-100 elementor-top-column elementor-element elementor-element-1e4fa28a\" data-id=\"1e4fa28a\" data-element_type=\"column\">\n\t\t\t<div class=\"elementor-widget-wrap elementor-element-populated\">\n\t\t\t\t\t\t\t\t<div class=\"elementor-element elementor-element-3edeff25 elementor-widget elementor-widget-text-editor\" data-id=\"3edeff25\" data-element_type=\"widget\" data-widget_type=\"text-editor.default\">\n\t\t\t\t<div class=\"elementor-widget-container\">\n\t\t\t\t\t\t\t<table style=\"font-family: 'Roboto';font-size: 95%\">\n<tbody>\n<tr style=\"color: #fff;text-align: center\">\n<td style=\"background-color: #4f494a\"><\/td>\n<td style=\"background-color: #c30a17\"><strong>N\u00e1hled dialeru<\/strong><\/td>\n<td style=\"background-color: #ab1612;color: #fff;text-align: center\"><strong>Progresivn\u00ed dialer<\/strong><\/td>\n<td style=\"background-color: #8e1e2b\"><strong>Prediktivn\u00ed dialer<\/strong><\/td>\n<\/tr>\n<tr style=\"background-color: #f4f4f4\">\n<td>Iniciuje hovor s\u00e1m agent?<\/td>\n<td style=\"color: #4fb84a;text-align: center\"><i class=\"fas fa-check-circle\"><\/i>\n<\/td>\n<td style=\"color: #4f494a;text-align: center\"><i class=\"fas fa-ban\"><\/i><\/td>\n<td style=\"color: #4f494a;text-align: center\"><i class=\"fas fa-ban\"><\/i><\/td>\n<\/tr>\n<tr>\n<td>M\u00e1 agent p\u0159ed kontaktem \u010das na p\u0159ezkoum\u00e1n\u00ed \u00fadaj\u016f?<\/td>\n<td style=\"color: #4fb84a;text-align: center\"><i class=\"fas fa-check-circle\"><\/i>\n<\/td>\n<td style=\"color: #4f494a;text-align: center\"><i class=\"fas fa-ban\"><\/i><br>\n(v rozhovoru)<\/td>\n<td style=\"color: #4f494a;text-align: center\"><i class=\"fas fa-ban\"><\/i><br>\n(v rozhovoru)<\/td>\n<\/tr>\n<tr style=\"background-color: #f4f4f4\">\n<td>Umo\u017e\u0148uje dialer filtrov\u00e1n\u00ed obsazen\u00fdch, hlasov\u00fdch a zme\u0161kan\u00fdch hovor\u016f?<\/td>\n<td style=\"color: #4f494a;text-align: center\"><i class=\"fas fa-ban\"><\/i><\/td>\n<td style=\"color: #4f494a;text-align: center\"><i class=\"fas fa-ban\"><\/i><\/td>\n<td style=\"color: #4fb84a;text-align: center\"><i class=\"fas fa-check-circle\"><\/i>\n<\/td>\n<\/tr>\n<tr>\n<td>Vyv\u00edj\u00ed se syst\u00e9m (p\u0159izp\u016fsobuje se dostupnosti agent\u016f a zp\u016fsobu jejich pr\u00e1ce)?<\/td>\n<td style=\"color: #4f494a;text-align: center\"><i class=\"fas fa-ban\"><\/i><\/td>\n<td style=\"color: #4f494a;text-align: center\"><i class=\"fas fa-ban\"><\/i><\/td>\n<td style=\"color: #4fb84a;text-align: center\"><i class=\"fas fa-check-circle\"><\/i>\n<\/td>\n<\/tr>\n<tr style=\"background-color: #f4f4f4\">\n<td>Ur\u010duje syst\u00e9m s\u00e1m dal\u0161\u00ed pokusy o kontaktov\u00e1n\u00ed zme\u0161kan\u00fdch hovor\u016f?<\/td>\n<td style=\"color: #4f494a;text-align: center\"><i class=\"fas fa-ban\"><\/i><\/td>\n<td style=\"color: #4f494a;text-align: center\"><i class=\"fas fa-ban\"><\/i><\/td>\n<td style=\"color: #4fb84a;text-align: center\"><i class=\"fas fa-check-circle\"><\/i>\n<\/td>\n<\/tr>\n<\/tbody>\n<\/table>\t\t\t\t\t\t<\/div>\n\t\t\t\t<\/div>\n\t\t\t\t\t<\/div>\n\t\t<\/div>\n\t\t\t\t\t\t\t<\/div>\n\t\t<\/section>\n\t\t\t\t\t\t\t<\/div>","protected":false},"excerpt":{"rendered":"<p>Efektivn\u00ed vyt\u00e1\u010den\u00ed: dialer Jsou sou\u010d\u00e1st\u00ed syst\u00e9mu call centra a jsou zodpov\u011bdn\u00e9 za automatick\u00e9 sestavov\u00e1n\u00ed odchoz\u00edch hovor\u016f - dialery jsou \u010dasto pou\u017e\u00edvan\u00fdm \u0159e\u0161en\u00edm v modern\u00edch telekomunika\u010dn\u00edch centrech a pro komunika\u010dn\u00ed platformy. Funguj\u00ed jednoduch\u00fdm zp\u016fsobem, a to tak, \u017ee sb\u00edraj\u00ed hovory na \u010d\u00edsla z p\u0159edem p\u0159ipraven\u00e9ho seznamu kontakt\u016f. Dialer je n\u00e1stroj, kter\u00fd se \u010dasto pou\u017e\u00edv\u00e1 pro odchoz\u00ed kampan\u011b v r\u016fzn\u00fdch typech telefonn\u00edch syst\u00e9m\u016f.<\/p>","protected":false},"author":1,"featured_media":129,"parent":249,"menu_order":6,"comment_status":"closed","ping_status":"closed","template":"","meta":{"footnotes":""},"yoast_head":"<!-- This site is optimized with the Yoast SEO plugin v21.6 - https:\/\/yoast.com\/wordpress\/plugins\/seo\/ -->\n<title>Predictive Dialers - COMVERGA Poland<\/title>\n<meta name=\"robots\" content=\"index, follow, max-snippet:-1, max-image-preview:large, max-video-preview:-1\" \/>\n<link rel=\"canonical\" href=\"https:\/\/www.comverga.com\/pol\/cs\/uslugi\/rozzwiazania\/predictive-dialers\/\" \/>\n<meta property=\"og:locale\" content=\"cs_CZ\" \/>\n<meta property=\"og:type\" content=\"article\" \/>\n<meta property=\"og:title\" content=\"Predictive Dialers - COMVERGA Poland\" \/>\n<meta property=\"og:description\" content=\"Efektywne wybieranie numeru: dialer Stanowi\u0105 element systemu Call Center i odpowiadaj\u0105 za automatyczne nawi\u0105zanie po\u0142\u0105cze\u0144 wychodz\u0105cych \u2013 dialery s\u0105 cz\u0119sto stosowanym rozwi\u0105zaniem we wsp\u00f3\u0142czesnych centrach telekomunikacyjnych oraz dla platform komunikacyjnych. Dzia\u0142aj\u0105 w prosty spos\u00f3b, poprzez zestawienie po\u0142\u0105cze\u0144 na numery uprzednio przygotowanej listy kontaktowej. Dialer stanowi narz\u0119dzie ch\u0119tnie wykorzystywane przy kampaniach wychodz\u0105cych w r\u00f3\u017cnego rodzaju Call [&hellip;]\" \/>\n<meta property=\"og:url\" content=\"https:\/\/www.comverga.com\/pol\/cs\/uslugi\/rozzwiazania\/predictive-dialers\/\" \/>\n<meta property=\"og:site_name\" content=\"COMVERGA Poland\" \/>\n<meta property=\"article:modified_time\" content=\"2021-03-10T11:15:35+00:00\" \/>\n<meta property=\"og:image\" content=\"https:\/\/www.comverga.com\/pol\/wp-content\/uploads\/sites\/2\/2020\/11\/dialery-1.jpg\" \/>\n\t<meta property=\"og:image:width\" content=\"1920\" \/>\n\t<meta property=\"og:image:height\" content=\"620\" \/>\n\t<meta property=\"og:image:type\" content=\"image\/jpeg\" \/>\n<meta name=\"twitter:card\" content=\"summary_large_image\" \/>\n<meta name=\"twitter:label1\" content=\"Odhadovan\u00e1 doba \u010dten\u00ed\" \/>\n\t<meta name=\"twitter:data1\" content=\"2 minuty\" \/>\n<script type=\"application\/ld+json\" class=\"yoast-schema-graph\">{\"@context\":\"https:\/\/schema.org\",\"@graph\":[{\"@type\":\"WebPage\",\"@id\":\"https:\/\/www.comverga.com\/pol\/uslugi\/rozzwiazania\/predictive-dialers\/\",\"url\":\"https:\/\/www.comverga.com\/pol\/uslugi\/rozzwiazania\/predictive-dialers\/\",\"name\":\"Predictive Dialers - COMVERGA Poland\",\"isPartOf\":{\"@id\":\"https:\/\/www.comverga.com\/pol\/#website\"},\"datePublished\":\"2020-11-30T05:36:00+00:00\",\"dateModified\":\"2021-03-10T11:15:35+00:00\",\"breadcrumb\":{\"@id\":\"https:\/\/www.comverga.com\/pol\/uslugi\/rozzwiazania\/predictive-dialers\/#breadcrumb\"},\"inLanguage\":\"cs\",\"potentialAction\":[{\"@type\":\"ReadAction\",\"target\":[\"https:\/\/www.comverga.com\/pol\/uslugi\/rozzwiazania\/predictive-dialers\/\"]}]},{\"@type\":\"BreadcrumbList\",\"@id\":\"https:\/\/www.comverga.com\/pol\/uslugi\/rozzwiazania\/predictive-dialers\/#breadcrumb\",\"itemListElement\":[{\"@type\":\"ListItem\",\"position\":1,\"name\":\"Us\u0142ugi\",\"item\":\"https:\/\/www.comverga.com\/pol\/uslugi\/\"},{\"@type\":\"ListItem\",\"position\":2,\"name\":\"Rozwi\u0105zania informatyczne i telekomunikacyjne\",\"item\":\"https:\/\/www.comverga.com\/pol\/uslugi\/rozzwiazania\/\"},{\"@type\":\"ListItem\",\"position\":3,\"name\":\"Predictive Dialers\"}]},{\"@type\":\"WebSite\",\"@id\":\"https:\/\/www.comverga.com\/pol\/#website\",\"url\":\"https:\/\/www.comverga.com\/pol\/\",\"name\":\"COMVERGA Poland\",\"description\":\"Comverga Poland\",\"publisher\":{\"@id\":\"https:\/\/www.comverga.com\/pol\/#organization\"},\"potentialAction\":[{\"@type\":\"SearchAction\",\"target\":{\"@type\":\"EntryPoint\",\"urlTemplate\":\"https:\/\/www.comverga.com\/pol\/?s={search_term_string}\"},\"query-input\":\"required name=search_term_string\"}],\"inLanguage\":\"cs\"},{\"@type\":\"Organization\",\"@id\":\"https:\/\/www.comverga.com\/pol\/#organization\",\"name\":\"COMVERGA Poland\",\"url\":\"https:\/\/www.comverga.com\/pol\/\",\"logo\":{\"@type\":\"ImageObject\",\"inLanguage\":\"cs\",\"@id\":\"https:\/\/www.comverga.com\/pol\/#\/schema\/logo\/image\/\",\"url\":\"https:\/\/www.comverga.com\/pol\/wp-content\/uploads\/sites\/2\/2020\/11\/Comverga_CC.png\",\"contentUrl\":\"https:\/\/www.comverga.com\/pol\/wp-content\/uploads\/sites\/2\/2020\/11\/Comverga_CC.png\",\"width\":800,\"height\":800,\"caption\":\"COMVERGA Poland\"},\"image\":{\"@id\":\"https:\/\/www.comverga.com\/pol\/#\/schema\/logo\/image\/\"}}]}<\/script>\n<!-- \/ Yoast SEO plugin. -->","yoast_head_json":{"title":"Predictive Dialers - COMVERGA Poland","robots":{"index":"index","follow":"follow","max-snippet":"max-snippet:-1","max-image-preview":"max-image-preview:large","max-video-preview":"max-video-preview:-1"},"canonical":"https:\/\/www.comverga.com\/pol\/cs\/uslugi\/rozzwiazania\/predictive-dialers\/","og_locale":"cs_CZ","og_type":"article","og_title":"Predictive Dialers - COMVERGA Poland","og_description":"Efektywne wybieranie numeru: dialer Stanowi\u0105 element systemu Call Center i odpowiadaj\u0105 za automatyczne nawi\u0105zanie po\u0142\u0105cze\u0144 wychodz\u0105cych \u2013 dialery s\u0105 cz\u0119sto stosowanym rozwi\u0105zaniem we wsp\u00f3\u0142czesnych centrach telekomunikacyjnych oraz dla platform komunikacyjnych. Dzia\u0142aj\u0105 w prosty spos\u00f3b, poprzez zestawienie po\u0142\u0105cze\u0144 na numery uprzednio przygotowanej listy kontaktowej. Dialer stanowi narz\u0119dzie ch\u0119tnie wykorzystywane przy kampaniach wychodz\u0105cych w r\u00f3\u017cnego rodzaju Call [&hellip;]","og_url":"https:\/\/www.comverga.com\/pol\/cs\/uslugi\/rozzwiazania\/predictive-dialers\/","og_site_name":"COMVERGA Poland","article_modified_time":"2021-03-10T11:15:35+00:00","og_image":[{"width":1920,"height":620,"url":"https:\/\/www.comverga.com\/pol\/wp-content\/uploads\/sites\/2\/2020\/11\/dialery-1.jpg","type":"image\/jpeg"}],"twitter_card":"summary_large_image","twitter_misc":{"Odhadovan\u00e1 doba \u010dten\u00ed":"2 minuty"},"schema":{"@context":"https:\/\/schema.org","@graph":[{"@type":"WebPage","@id":"https:\/\/www.comverga.com\/pol\/uslugi\/rozzwiazania\/predictive-dialers\/","url":"https:\/\/www.comverga.com\/pol\/uslugi\/rozzwiazania\/predictive-dialers\/","name":"Predictive Dialers - COMVERGA Poland","isPartOf":{"@id":"https:\/\/www.comverga.com\/pol\/#website"},"datePublished":"2020-11-30T05:36:00+00:00","dateModified":"2021-03-10T11:15:35+00:00","breadcrumb":{"@id":"https:\/\/www.comverga.com\/pol\/uslugi\/rozzwiazania\/predictive-dialers\/#breadcrumb"},"inLanguage":"cs","potentialAction":[{"@type":"ReadAction","target":["https:\/\/www.comverga.com\/pol\/uslugi\/rozzwiazania\/predictive-dialers\/"]}]},{"@type":"BreadcrumbList","@id":"https:\/\/www.comverga.com\/pol\/uslugi\/rozzwiazania\/predictive-dialers\/#breadcrumb","itemListElement":[{"@type":"ListItem","position":1,"name":"Us\u0142ugi","item":"https:\/\/www.comverga.com\/pol\/uslugi\/"},{"@type":"ListItem","position":2,"name":"Rozwi\u0105zania informatyczne i telekomunikacyjne","item":"https:\/\/www.comverga.com\/pol\/uslugi\/rozzwiazania\/"},{"@type":"ListItem","position":3,"name":"Predictive Dialers"}]},{"@type":"WebSite","@id":"https:\/\/www.comverga.com\/pol\/#website","url":"https:\/\/www.comverga.com\/pol\/","name":"COMVERGA Polsko","description":"Comverga Polsko","publisher":{"@id":"https:\/\/www.comverga.com\/pol\/#organization"},"potentialAction":[{"@type":"SearchAction","target":{"@type":"EntryPoint","urlTemplate":"https:\/\/www.comverga.com\/pol\/?s={search_term_string}"},"query-input":"required name=search_term_string"}],"inLanguage":"cs"},{"@type":"Organization","@id":"https:\/\/www.comverga.com\/pol\/#organization","name":"COMVERGA Polsko","url":"https:\/\/www.comverga.com\/pol\/","logo":{"@type":"ImageObject","inLanguage":"cs","@id":"https:\/\/www.comverga.com\/pol\/#\/schema\/logo\/image\/","url":"https:\/\/www.comverga.com\/pol\/wp-content\/uploads\/sites\/2\/2020\/11\/Comverga_CC.png","contentUrl":"https:\/\/www.comverga.com\/pol\/wp-content\/uploads\/sites\/2\/2020\/11\/Comverga_CC.png","width":800,"height":800,"caption":"COMVERGA Poland"},"image":{"@id":"https:\/\/www.comverga.com\/pol\/#\/schema\/logo\/image\/"}}]}},"_links":{"self":[{"href":"https:\/\/www.comverga.com\/pol\/cs\/wp-json\/wp\/v2\/pages\/631"}],"collection":[{"href":"https:\/\/www.comverga.com\/pol\/cs\/wp-json\/wp\/v2\/pages"}],"about":[{"href":"https:\/\/www.comverga.com\/pol\/cs\/wp-json\/wp\/v2\/types\/page"}],"author":[{"embeddable":true,"href":"https:\/\/www.comverga.com\/pol\/cs\/wp-json\/wp\/v2\/users\/1"}],"replies":[{"embeddable":true,"href":"https:\/\/www.comverga.com\/pol\/cs\/wp-json\/wp\/v2\/comments?post=631"}],"version-history":[{"count":32,"href":"https:\/\/www.comverga.com\/pol\/cs\/wp-json\/wp\/v2\/pages\/631\/revisions"}],"predecessor-version":[{"id":2060,"href":"https:\/\/www.comverga.com\/pol\/cs\/wp-json\/wp\/v2\/pages\/631\/revisions\/2060"}],"up":[{"embeddable":true,"href":"https:\/\/www.comverga.com\/pol\/cs\/wp-json\/wp\/v2\/pages\/249"}],"wp:featuredmedia":[{"embeddable":true,"href":"https:\/\/www.comverga.com\/pol\/cs\/wp-json\/wp\/v2\/media\/129"}],"wp:attachment":[{"href":"https:\/\/www.comverga.com\/pol\/cs\/wp-json\/wp\/v2\/media?parent=631"}],"curies":[{"name":"wp","href":"https:\/\/api.w.org\/{rel}","templated":true}]}}