{"id":636,"date":"2020-11-30T06:44:04","date_gmt":"2020-11-30T05:44:04","guid":{"rendered":"https:\/\/www.comverga.com\/pol\/?page_id=636"},"modified":"2021-02-01T14:11:52","modified_gmt":"2021-02-01T13:11:52","slug":"number-verification","status":"publish","type":"page","link":"https:\/\/www.comverga.com\/pol\/cs\/uslugi\/rozzwiazania\/number-verification\/","title":{"rendered":"Kontrola \u010d\u00edsel"},"content":{"rendered":"<div data-elementor-type=\"wp-page\" data-elementor-id=\"636\" class=\"elementor elementor-636\">\n\t\t\t\t\t\t\t\t\t<section class=\"elementor-section elementor-top-section elementor-element elementor-element-4e390da7 elementor-section-stretched elementor-section-boxed elementor-section-height-default elementor-section-height-default\" data-id=\"4e390da7\" data-element_type=\"section\" data-settings=\"{&quot;stretch_section&quot;:&quot;section-stretched&quot;,&quot;background_background&quot;:&quot;classic&quot;}\">\n\t\t\t\t\t\t<div class=\"elementor-container elementor-column-gap-default\">\n\t\t\t\t\t<div class=\"elementor-column elementor-col-100 elementor-top-column elementor-element elementor-element-7b9cd579\" data-id=\"7b9cd579\" data-element_type=\"column\">\n\t\t\t<div class=\"elementor-widget-wrap elementor-element-populated\">\n\t\t\t\t\t\t\t\t<div class=\"elementor-element elementor-element-6a68638f elementor-widget elementor-widget-text-editor\" data-id=\"6a68638f\" data-element_type=\"widget\" data-widget_type=\"text-editor.default\">\n\t\t\t\t<div class=\"elementor-widget-container\">\n\t\t\t\t\t\t\t<!-- wp:paragraph -->\n<p>Slu\u017eba Number Check se pou\u017e\u00edv\u00e1 p\u0159i ov\u011b\u0159ov\u00e1n\u00ed datab\u00e1z\u00ed mobiln\u00edch \u010d\u00edsel. Jej\u00edm prost\u0159ednictv\u00edm je mo\u017en\u00e9 potvrdit obecn\u00e9 informace t\u00fdkaj\u00edc\u00ed se samotn\u00e9ho \u010d\u00edsla, jako je p\u0159\u00edslu\u0161nost k dan\u00e9 mobiln\u00ed s\u00edti, a podrobn\u00e9 informace, jako je n\u00e1zev s\u00edt\u011b, ke kter\u00e9 je \u010d\u00edslo p\u0159ihl\u00e1\u0161eno, stav aktivity \u010d\u00edsla atd. T\u0159et\u00edm aspektem je ov\u011b\u0159en\u00ed do\u010dasn\u00e9 aktivity a dostupnosti \u010d\u00edsla - na \u00farovni dosa\u017eitelnosti a vyt\u00ed\u017eenosti.<\/p>\n<!-- \/wp:paragraph -->\n\n<!-- wp:paragraph -->\n<p>V z\u00e1vislosti na typu o\u010dek\u00e1van\u00fdch informac\u00ed nab\u00edz\u00edme n\u00e1sleduj\u00edc\u00ed mo\u017enosti slu\u017eby Number Check:<\/p>\n<!-- \/wp:paragraph -->\n\n<!-- wp:list -->\n<ul><li>Kontrola BASIC<\/li><li>Kontrola PROFI<\/li><li>Kontrola TELCO<\/li><\/ul>\n<!-- \/wp:list -->\n\n<!-- wp:paragraph -->\n<p>* Bal\u00ed\u010dek BASIC pou\u017e\u00edv\u00e1 datab\u00e1ze p\u0159enesen\u00fdch \u010d\u00edsel a umo\u017e\u0148uje pouze identifikaci c\u00edlov\u00e9 s\u00edt\u011b, do kter\u00e9 dan\u00fd typ \u010d\u00edsla pat\u0159\u00ed. Tuto informaci nelze vykl\u00e1dat jako \u00fadaj o tom, \u017ee dan\u00e9 \u010d\u00edslo je v s\u00edti registrov\u00e1no nebo je aktivn\u00ed.<\/p>\n<!-- \/wp:paragraph -->\n\n<!-- wp:paragraph -->\n<p>* Bal\u00ed\u010dek PROFI pou\u017e\u00edv\u00e1 dotazy do registr\u016f HLR mobiln\u00edch oper\u00e1tor\u016f. Takto z\u00edskan\u00e9 informace jsou aktu\u00e1ln\u00ed a umo\u017e\u0148uj\u00ed ur\u010dit jejich polohu (zemi), spr\u00e1vnost a n\u011bkter\u00e9 aspekty \u010dinnosti (p\u0159ihl\u00e1\u0161en\u00ed do s\u00edt\u011b atd.).<\/p>\n<!-- \/wp:paragraph -->\n\n<!-- wp:paragraph -->\n<p>* Bal\u00ed\u010dek TELCO vyu\u017e\u00edv\u00e1 specifick\u00e9 telekomunika\u010dn\u00ed slu\u017eby ke kontrole kvality \u010d\u00edsla. Tento formul\u00e1\u0159 je ide\u00e1ln\u00ed pro ov\u011b\u0159en\u00ed stavu \u010d\u00edsla a jeho dostupnosti v telekomunika\u010dn\u00ed s\u00edti.<\/p>\n<!-- \/wp:paragraph -->\t\t\t\t\t\t<\/div>\n\t\t\t\t<\/div>\n\t\t\t\t\t<\/div>\n\t\t<\/div>\n\t\t\t\t\t\t\t<\/div>\n\t\t<\/section>\n\t\t\t\t\t\t\t<\/div>","protected":false},"excerpt":{"rendered":"<p>Slu\u017eba Number Check se pou\u017e\u00edv\u00e1 p\u0159i ov\u011b\u0159ov\u00e1n\u00ed datab\u00e1z\u00ed mobiln\u00edch \u010d\u00edsel. S jej\u00ed pomoc\u00ed je mo\u017en\u00e9 potvrdit obecn\u00e9 informace o samotn\u00e9m \u010d\u00edsle, jako je jeho p\u0159\u00edslu\u0161nost k ur\u010dit\u00e9 mobiln\u00ed s\u00edti, a konkr\u00e9tn\u00ed informace, jako je n\u00e1zev s\u00edt\u011b, ke kter\u00e9 je \u010d\u00edslo p\u0159ihl\u00e1\u0161eno, stav aktivity \u010d\u00edsla atd. T\u0159et\u00edm aspektem je ov\u011b\u0159en\u00ed do\u010dasn\u00e9 aktivity a dostupnosti \u010d\u00edsla - na [...]<\/p>","protected":false},"author":1,"featured_media":50,"parent":249,"menu_order":7,"comment_status":"closed","ping_status":"closed","template":"","meta":{"footnotes":""},"yoast_head":"<!-- This site is optimized with the Yoast SEO plugin v21.6 - https:\/\/yoast.com\/wordpress\/plugins\/seo\/ -->\n<title>Sprawdzanie numer\u00f3w - COMVERGA Poland<\/title>\n<meta name=\"robots\" content=\"index, follow, max-snippet:-1, max-image-preview:large, max-video-preview:-1\" \/>\n<link rel=\"canonical\" href=\"https:\/\/www.comverga.com\/pol\/cs\/uslugi\/rozzwiazania\/number-verification\/\" \/>\n<meta property=\"og:locale\" content=\"cs_CZ\" \/>\n<meta property=\"og:type\" content=\"article\" \/>\n<meta property=\"og:title\" content=\"Sprawdzanie numer\u00f3w - COMVERGA Poland\" \/>\n<meta property=\"og:description\" content=\"Us\u0142uga Sprawdzania Numer\u00f3w jest u\u017cywana w procesie weryfikacji baz numer\u00f3w kom\u00f3rkowych. Za jej pomoc\u0105 mo\u017cliwe jest potwierdzenie informacji og\u00f3lnych dotycz\u0105cych samego numeru, jak np. przynale\u017cno\u015b\u0107 do danej sieci kom\u00f3rkowej, oraz informacji szczeg\u00f3\u0142owych takich jak nazwa sieci, do kt\u00f3rej numer jest zalogowany, status aktywno\u015bci numeru, itp. Trzecim aspektem jest zweryfikowanie chwilowej aktywno\u015bci i dost\u0119pno\u015bci numeru- na [&hellip;]\" \/>\n<meta property=\"og:url\" content=\"https:\/\/www.comverga.com\/pol\/cs\/uslugi\/rozzwiazania\/number-verification\/\" \/>\n<meta property=\"og:site_name\" content=\"COMVERGA Poland\" \/>\n<meta property=\"article:modified_time\" content=\"2021-02-01T13:11:52+00:00\" \/>\n<meta property=\"og:image\" content=\"https:\/\/www.comverga.com\/pol\/wp-content\/uploads\/sites\/2\/2020\/11\/sprawdzanie-numerow-1.jpg\" \/>\n\t<meta property=\"og:image:width\" content=\"1920\" \/>\n\t<meta property=\"og:image:height\" content=\"620\" \/>\n\t<meta property=\"og:image:type\" content=\"image\/jpeg\" \/>\n<meta name=\"twitter:card\" content=\"summary_large_image\" \/>\n<meta name=\"twitter:label1\" content=\"Odhadovan\u00e1 doba \u010dten\u00ed\" \/>\n\t<meta name=\"twitter:data1\" content=\"1 minuta\" \/>\n<script type=\"application\/ld+json\" class=\"yoast-schema-graph\">{\"@context\":\"https:\/\/schema.org\",\"@graph\":[{\"@type\":\"WebPage\",\"@id\":\"https:\/\/www.comverga.com\/pol\/uslugi\/rozzwiazania\/number-verification\/\",\"url\":\"https:\/\/www.comverga.com\/pol\/uslugi\/rozzwiazania\/number-verification\/\",\"name\":\"Sprawdzanie numer\u00f3w - COMVERGA Poland\",\"isPartOf\":{\"@id\":\"https:\/\/www.comverga.com\/pol\/#website\"},\"datePublished\":\"2020-11-30T05:44:04+00:00\",\"dateModified\":\"2021-02-01T13:11:52+00:00\",\"breadcrumb\":{\"@id\":\"https:\/\/www.comverga.com\/pol\/uslugi\/rozzwiazania\/number-verification\/#breadcrumb\"},\"inLanguage\":\"cs\",\"potentialAction\":[{\"@type\":\"ReadAction\",\"target\":[\"https:\/\/www.comverga.com\/pol\/uslugi\/rozzwiazania\/number-verification\/\"]}]},{\"@type\":\"BreadcrumbList\",\"@id\":\"https:\/\/www.comverga.com\/pol\/uslugi\/rozzwiazania\/number-verification\/#breadcrumb\",\"itemListElement\":[{\"@type\":\"ListItem\",\"position\":1,\"name\":\"Us\u0142ugi\",\"item\":\"https:\/\/www.comverga.com\/pol\/uslugi\/\"},{\"@type\":\"ListItem\",\"position\":2,\"name\":\"Rozwi\u0105zania informatyczne i telekomunikacyjne\",\"item\":\"https:\/\/www.comverga.com\/pol\/uslugi\/rozzwiazania\/\"},{\"@type\":\"ListItem\",\"position\":3,\"name\":\"Sprawdzanie numer\u00f3w\"}]},{\"@type\":\"WebSite\",\"@id\":\"https:\/\/www.comverga.com\/pol\/#website\",\"url\":\"https:\/\/www.comverga.com\/pol\/\",\"name\":\"COMVERGA Poland\",\"description\":\"Comverga Poland\",\"publisher\":{\"@id\":\"https:\/\/www.comverga.com\/pol\/#organization\"},\"potentialAction\":[{\"@type\":\"SearchAction\",\"target\":{\"@type\":\"EntryPoint\",\"urlTemplate\":\"https:\/\/www.comverga.com\/pol\/?s={search_term_string}\"},\"query-input\":\"required name=search_term_string\"}],\"inLanguage\":\"cs\"},{\"@type\":\"Organization\",\"@id\":\"https:\/\/www.comverga.com\/pol\/#organization\",\"name\":\"COMVERGA Poland\",\"url\":\"https:\/\/www.comverga.com\/pol\/\",\"logo\":{\"@type\":\"ImageObject\",\"inLanguage\":\"cs\",\"@id\":\"https:\/\/www.comverga.com\/pol\/#\/schema\/logo\/image\/\",\"url\":\"https:\/\/www.comverga.com\/pol\/wp-content\/uploads\/sites\/2\/2020\/11\/Comverga_CC.png\",\"contentUrl\":\"https:\/\/www.comverga.com\/pol\/wp-content\/uploads\/sites\/2\/2020\/11\/Comverga_CC.png\",\"width\":800,\"height\":800,\"caption\":\"COMVERGA Poland\"},\"image\":{\"@id\":\"https:\/\/www.comverga.com\/pol\/#\/schema\/logo\/image\/\"}}]}<\/script>\n<!-- \/ Yoast SEO plugin. -->","yoast_head_json":{"title":"Sprawdzanie numer\u00f3w - COMVERGA Poland","robots":{"index":"index","follow":"follow","max-snippet":"max-snippet:-1","max-image-preview":"max-image-preview:large","max-video-preview":"max-video-preview:-1"},"canonical":"https:\/\/www.comverga.com\/pol\/cs\/uslugi\/rozzwiazania\/number-verification\/","og_locale":"cs_CZ","og_type":"article","og_title":"Sprawdzanie numer\u00f3w - COMVERGA Poland","og_description":"Us\u0142uga Sprawdzania Numer\u00f3w jest u\u017cywana w procesie weryfikacji baz numer\u00f3w kom\u00f3rkowych. Za jej pomoc\u0105 mo\u017cliwe jest potwierdzenie informacji og\u00f3lnych dotycz\u0105cych samego numeru, jak np. przynale\u017cno\u015b\u0107 do danej sieci kom\u00f3rkowej, oraz informacji szczeg\u00f3\u0142owych takich jak nazwa sieci, do kt\u00f3rej numer jest zalogowany, status aktywno\u015bci numeru, itp. Trzecim aspektem jest zweryfikowanie chwilowej aktywno\u015bci i dost\u0119pno\u015bci numeru- na [&hellip;]","og_url":"https:\/\/www.comverga.com\/pol\/cs\/uslugi\/rozzwiazania\/number-verification\/","og_site_name":"COMVERGA Poland","article_modified_time":"2021-02-01T13:11:52+00:00","og_image":[{"width":1920,"height":620,"url":"https:\/\/www.comverga.com\/pol\/wp-content\/uploads\/sites\/2\/2020\/11\/sprawdzanie-numerow-1.jpg","type":"image\/jpeg"}],"twitter_card":"summary_large_image","twitter_misc":{"Odhadovan\u00e1 doba \u010dten\u00ed":"1 minuta"},"schema":{"@context":"https:\/\/schema.org","@graph":[{"@type":"WebPage","@id":"https:\/\/www.comverga.com\/pol\/uslugi\/rozzwiazania\/number-verification\/","url":"https:\/\/www.comverga.com\/pol\/uslugi\/rozzwiazania\/number-verification\/","name":"Sprawdzanie numer\u00f3w - COMVERGA Poland","isPartOf":{"@id":"https:\/\/www.comverga.com\/pol\/#website"},"datePublished":"2020-11-30T05:44:04+00:00","dateModified":"2021-02-01T13:11:52+00:00","breadcrumb":{"@id":"https:\/\/www.comverga.com\/pol\/uslugi\/rozzwiazania\/number-verification\/#breadcrumb"},"inLanguage":"cs","potentialAction":[{"@type":"ReadAction","target":["https:\/\/www.comverga.com\/pol\/uslugi\/rozzwiazania\/number-verification\/"]}]},{"@type":"BreadcrumbList","@id":"https:\/\/www.comverga.com\/pol\/uslugi\/rozzwiazania\/number-verification\/#breadcrumb","itemListElement":[{"@type":"ListItem","position":1,"name":"Us\u0142ugi","item":"https:\/\/www.comverga.com\/pol\/uslugi\/"},{"@type":"ListItem","position":2,"name":"Rozwi\u0105zania informatyczne i telekomunikacyjne","item":"https:\/\/www.comverga.com\/pol\/uslugi\/rozzwiazania\/"},{"@type":"ListItem","position":3,"name":"Sprawdzanie numer\u00f3w"}]},{"@type":"WebSite","@id":"https:\/\/www.comverga.com\/pol\/#website","url":"https:\/\/www.comverga.com\/pol\/","name":"COMVERGA Polsko","description":"Comverga Polsko","publisher":{"@id":"https:\/\/www.comverga.com\/pol\/#organization"},"potentialAction":[{"@type":"SearchAction","target":{"@type":"EntryPoint","urlTemplate":"https:\/\/www.comverga.com\/pol\/?s={search_term_string}"},"query-input":"required name=search_term_string"}],"inLanguage":"cs"},{"@type":"Organization","@id":"https:\/\/www.comverga.com\/pol\/#organization","name":"COMVERGA Polsko","url":"https:\/\/www.comverga.com\/pol\/","logo":{"@type":"ImageObject","inLanguage":"cs","@id":"https:\/\/www.comverga.com\/pol\/#\/schema\/logo\/image\/","url":"https:\/\/www.comverga.com\/pol\/wp-content\/uploads\/sites\/2\/2020\/11\/Comverga_CC.png","contentUrl":"https:\/\/www.comverga.com\/pol\/wp-content\/uploads\/sites\/2\/2020\/11\/Comverga_CC.png","width":800,"height":800,"caption":"COMVERGA Poland"},"image":{"@id":"https:\/\/www.comverga.com\/pol\/#\/schema\/logo\/image\/"}}]}},"_links":{"self":[{"href":"https:\/\/www.comverga.com\/pol\/cs\/wp-json\/wp\/v2\/pages\/636"}],"collection":[{"href":"https:\/\/www.comverga.com\/pol\/cs\/wp-json\/wp\/v2\/pages"}],"about":[{"href":"https:\/\/www.comverga.com\/pol\/cs\/wp-json\/wp\/v2\/types\/page"}],"author":[{"embeddable":true,"href":"https:\/\/www.comverga.com\/pol\/cs\/wp-json\/wp\/v2\/users\/1"}],"replies":[{"embeddable":true,"href":"https:\/\/www.comverga.com\/pol\/cs\/wp-json\/wp\/v2\/comments?post=636"}],"version-history":[{"count":7,"href":"https:\/\/www.comverga.com\/pol\/cs\/wp-json\/wp\/v2\/pages\/636\/revisions"}],"predecessor-version":[{"id":1877,"href":"https:\/\/www.comverga.com\/pol\/cs\/wp-json\/wp\/v2\/pages\/636\/revisions\/1877"}],"up":[{"embeddable":true,"href":"https:\/\/www.comverga.com\/pol\/cs\/wp-json\/wp\/v2\/pages\/249"}],"wp:featuredmedia":[{"embeddable":true,"href":"https:\/\/www.comverga.com\/pol\/cs\/wp-json\/wp\/v2\/media\/50"}],"wp:attachment":[{"href":"https:\/\/www.comverga.com\/pol\/cs\/wp-json\/wp\/v2\/media?parent=636"}],"curies":[{"name":"wp","href":"https:\/\/api.w.org\/{rel}","templated":true}]}}