{"id":719,"date":"2020-12-02T11:39:01","date_gmt":"2020-12-02T10:39:01","guid":{"rendered":"https:\/\/www.comverga.com\/pol\/?page_id=719"},"modified":"2020-12-02T11:39:01","modified_gmt":"2020-12-02T10:39:01","slug":"custom-projects","status":"publish","type":"page","link":"https:\/\/www.comverga.com\/pol\/cs\/services\/solutions\/custom-projects\/","title":{"rendered":"Projekty na zak\u00e1zku"},"content":{"rendered":"<p>Zak\u00e1zkov\u00e9 aplikace se obvykle vyzna\u010duj\u00ed jedine\u010dnou funk\u010dnost\u00ed a individu\u00e1ln\u00edm p\u0159\u00edstupem k navr\u017een\u00e9mu \u0159e\u0161en\u00ed nebo procesu. Implementace IT projektu je komplexn\u00ed z\u00e1le\u017eitost, kter\u00e1 vy\u017eaduje jak technick\u00e9 porozum\u011bn\u00ed samotn\u00e9mu IT \u0159e\u0161en\u00ed, tak i obchodn\u00edm pot\u0159eb\u00e1m klienta. To je pro n\u00e1s samoz\u0159ejmost\u00ed, a proto si na\u0161i klienti cen\u00ed spolupr\u00e1ce s n\u00e1mi v \u0161irok\u00e9m spektru<\/p>\n\n\n\n<p>Vytv\u00e1\u0159\u00edme webov\u00e9, mobiln\u00ed a hybridn\u00ed aplikace.<br>Zav\u00e1d\u00edme digitalizaci a automatizaci proces\u016f a obsahu.<br>Implementujeme syst\u00e9mov\u00e9 integrace v r\u016fzn\u00fdch architektur\u00e1ch a technologi\u00edch.<br>Db\u00e1me na spr\u00e1vnou u\u017eivatelskou zku\u0161enost a efektivitu \u0159e\u0161en\u00ed.<br>Zaji\u0161\u0165ujeme \u00fadr\u017ebu a v\u00fdvoj poskytovan\u00fdch \u0159e\u0161en\u00ed.<br>\u0158e\u0161en\u00ed realizujeme komplexn\u011b - od anal\u00fdzy a poradenstv\u00ed, p\u0159es n\u00e1vrh, k\u00f3dov\u00e1n\u00ed nebo parametrizaci a\u017e po implementaci a plynul\u00fd p\u0159echod na \u00fadr\u017ebu. N\u00e1\u0161 profesion\u00e1ln\u00ed t\u00fdm v\u00e1s provede v\u0161emi f\u00e1zemi tvorby nov\u00e9ho \u0159e\u0161en\u00ed. \u00dazce spolupracujeme s na\u0161imi klienty a nab\u00edz\u00edme jim poradenstv\u00ed a podporu p\u0159i realizaci cel\u00e9ho projektu.<\/p>\n\n\n\n<p>Jsme zapojeni do v\u0161ech f\u00e1z\u00ed projektu.<\/p>\n\n\n\n<p>poskytujeme podporu a poradenstv\u00ed p\u0159i definov\u00e1n\u00ed funk\u010dn\u00edch a nefunk\u010dn\u00edch po\u017eadavk\u016f,<br>dohl\u00ed\u017e\u00edme a koordinujeme proces v\u00fdvoje, testov\u00e1n\u00ed a dokumentace softwaru.<br>dohl\u00ed\u017e\u00edme na spr\u00e1vnou implementaci a provoz.<br>Db\u00e1me na bezpe\u010dnost projektu a rozpo\u010det klienta t\u00edm, \u017ee vyb\u00edr\u00e1me popul\u00e1rn\u00ed frameworky a komponenty podporovan\u00e9 komunitou, co\u017e n\u00e1m umo\u017e\u0148uje realizovat projekt na z\u00e1klad\u011b optim\u00e1ln\u00edch n\u00e1klad\u016f. Sd\u00edl\u00edme znalosti, a proto se na\u0161i klienti p\u0159i realizaci projekt\u016f s n\u00e1mi c\u00edt\u00ed jist\u011b.<\/p>","protected":false},"excerpt":{"rendered":"<p>Zak\u00e1zkov\u00e9 aplikace se obvykle vyzna\u010duj\u00ed jedine\u010dnou funk\u010dnost\u00ed a individu\u00e1ln\u00edm p\u0159\u00edstupem k navr\u017een\u00e9mu \u0159e\u0161en\u00ed nebo procesu. Implementace IT projektu je komplexn\u00ed z\u00e1le\u017eitost, kter\u00e1 vy\u017eaduje jak technick\u00e9 porozum\u011bn\u00ed samotn\u00e9mu IT \u0159e\u0161en\u00ed, tak i obchodn\u00edm pot\u0159eb\u00e1m klienta. To je pro n\u00e1s samoz\u0159ejm\u00e9, a proto si na\u0161i klienti cen\u00ed [...].<\/p>","protected":false},"author":1,"featured_media":71,"parent":167,"menu_order":0,"comment_status":"closed","ping_status":"closed","template":"","meta":{"footnotes":""},"yoast_head":"<!-- This site is optimized with the Yoast SEO plugin v21.6 - https:\/\/yoast.com\/wordpress\/plugins\/seo\/ -->\n<title>Custom projects - COMVERGA Poland<\/title>\n<meta name=\"robots\" content=\"index, follow, max-snippet:-1, max-image-preview:large, max-video-preview:-1\" \/>\n<link rel=\"canonical\" href=\"https:\/\/www.comverga.com\/pol\/cs\/services\/solutions\/custom-projects\/\" \/>\n<meta property=\"og:locale\" content=\"cs_CZ\" \/>\n<meta property=\"og:type\" content=\"article\" \/>\n<meta property=\"og:title\" content=\"Custom projects - COMVERGA Poland\" \/>\n<meta property=\"og:description\" content=\"Custom applications are usually characterized by unique functionality and an individual approach to the designed solution or process. The implementation of an IT project is a complex undertaking that requires both a technical understanding of the IT solution itself and the client&#8217;s business needs. It is obvious to us, which is why our Clients value [&hellip;]\" \/>\n<meta property=\"og:url\" content=\"https:\/\/www.comverga.com\/pol\/cs\/services\/solutions\/custom-projects\/\" \/>\n<meta property=\"og:site_name\" content=\"COMVERGA Poland\" \/>\n<meta property=\"og:image\" content=\"https:\/\/www.comverga.com\/pol\/wp-content\/uploads\/sites\/2\/2020\/11\/photo5.jpg\" \/>\n\t<meta property=\"og:image:width\" content=\"1280\" \/>\n\t<meta property=\"og:image:height\" content=\"720\" \/>\n\t<meta property=\"og:image:type\" content=\"image\/jpeg\" \/>\n<meta name=\"twitter:card\" content=\"summary_large_image\" \/>\n<meta name=\"twitter:label1\" content=\"Odhadovan\u00e1 doba \u010dten\u00ed\" \/>\n\t<meta name=\"twitter:data1\" content=\"1 minuta\" \/>\n<script type=\"application\/ld+json\" class=\"yoast-schema-graph\">{\"@context\":\"https:\/\/schema.org\",\"@graph\":[{\"@type\":\"WebPage\",\"@id\":\"https:\/\/www.comverga.com\/pol\/services\/solutions\/custom-projects\/\",\"url\":\"https:\/\/www.comverga.com\/pol\/services\/solutions\/custom-projects\/\",\"name\":\"Custom projects - COMVERGA Poland\",\"isPartOf\":{\"@id\":\"https:\/\/www.comverga.com\/pol\/#website\"},\"datePublished\":\"2020-12-02T10:39:01+00:00\",\"dateModified\":\"2020-12-02T10:39:01+00:00\",\"breadcrumb\":{\"@id\":\"https:\/\/www.comverga.com\/pol\/services\/solutions\/custom-projects\/#breadcrumb\"},\"inLanguage\":\"cs\",\"potentialAction\":[{\"@type\":\"ReadAction\",\"target\":[\"https:\/\/www.comverga.com\/pol\/services\/solutions\/custom-projects\/\"]}]},{\"@type\":\"BreadcrumbList\",\"@id\":\"https:\/\/www.comverga.com\/pol\/services\/solutions\/custom-projects\/#breadcrumb\",\"itemListElement\":[{\"@type\":\"ListItem\",\"position\":1,\"name\":\"Services\",\"item\":\"https:\/\/www.comverga.com\/pol\/services\/\"},{\"@type\":\"ListItem\",\"position\":2,\"name\":\"Solutions\",\"item\":\"https:\/\/www.comverga.com\/pol\/services\/solutions\/\"},{\"@type\":\"ListItem\",\"position\":3,\"name\":\"Custom projects\"}]},{\"@type\":\"WebSite\",\"@id\":\"https:\/\/www.comverga.com\/pol\/#website\",\"url\":\"https:\/\/www.comverga.com\/pol\/\",\"name\":\"COMVERGA Poland\",\"description\":\"Comverga Poland\",\"publisher\":{\"@id\":\"https:\/\/www.comverga.com\/pol\/#organization\"},\"potentialAction\":[{\"@type\":\"SearchAction\",\"target\":{\"@type\":\"EntryPoint\",\"urlTemplate\":\"https:\/\/www.comverga.com\/pol\/?s={search_term_string}\"},\"query-input\":\"required name=search_term_string\"}],\"inLanguage\":\"cs\"},{\"@type\":\"Organization\",\"@id\":\"https:\/\/www.comverga.com\/pol\/#organization\",\"name\":\"COMVERGA Poland\",\"url\":\"https:\/\/www.comverga.com\/pol\/\",\"logo\":{\"@type\":\"ImageObject\",\"inLanguage\":\"cs\",\"@id\":\"https:\/\/www.comverga.com\/pol\/#\/schema\/logo\/image\/\",\"url\":\"https:\/\/www.comverga.com\/pol\/wp-content\/uploads\/sites\/2\/2020\/11\/Comverga_CC.png\",\"contentUrl\":\"https:\/\/www.comverga.com\/pol\/wp-content\/uploads\/sites\/2\/2020\/11\/Comverga_CC.png\",\"width\":800,\"height\":800,\"caption\":\"COMVERGA Poland\"},\"image\":{\"@id\":\"https:\/\/www.comverga.com\/pol\/#\/schema\/logo\/image\/\"}}]}<\/script>\n<!-- \/ Yoast SEO plugin. -->","yoast_head_json":{"title":"Custom projects - COMVERGA Poland","robots":{"index":"index","follow":"follow","max-snippet":"max-snippet:-1","max-image-preview":"max-image-preview:large","max-video-preview":"max-video-preview:-1"},"canonical":"https:\/\/www.comverga.com\/pol\/cs\/services\/solutions\/custom-projects\/","og_locale":"cs_CZ","og_type":"article","og_title":"Custom projects - COMVERGA Poland","og_description":"Custom applications are usually characterized by unique functionality and an individual approach to the designed solution or process. The implementation of an IT project is a complex undertaking that requires both a technical understanding of the IT solution itself and the client&#8217;s business needs. It is obvious to us, which is why our Clients value [&hellip;]","og_url":"https:\/\/www.comverga.com\/pol\/cs\/services\/solutions\/custom-projects\/","og_site_name":"COMVERGA Poland","og_image":[{"width":1280,"height":720,"url":"https:\/\/www.comverga.com\/pol\/wp-content\/uploads\/sites\/2\/2020\/11\/photo5.jpg","type":"image\/jpeg"}],"twitter_card":"summary_large_image","twitter_misc":{"Odhadovan\u00e1 doba \u010dten\u00ed":"1 minuta"},"schema":{"@context":"https:\/\/schema.org","@graph":[{"@type":"WebPage","@id":"https:\/\/www.comverga.com\/pol\/services\/solutions\/custom-projects\/","url":"https:\/\/www.comverga.com\/pol\/services\/solutions\/custom-projects\/","name":"Custom projects - COMVERGA Poland","isPartOf":{"@id":"https:\/\/www.comverga.com\/pol\/#website"},"datePublished":"2020-12-02T10:39:01+00:00","dateModified":"2020-12-02T10:39:01+00:00","breadcrumb":{"@id":"https:\/\/www.comverga.com\/pol\/services\/solutions\/custom-projects\/#breadcrumb"},"inLanguage":"cs","potentialAction":[{"@type":"ReadAction","target":["https:\/\/www.comverga.com\/pol\/services\/solutions\/custom-projects\/"]}]},{"@type":"BreadcrumbList","@id":"https:\/\/www.comverga.com\/pol\/services\/solutions\/custom-projects\/#breadcrumb","itemListElement":[{"@type":"ListItem","position":1,"name":"Services","item":"https:\/\/www.comverga.com\/pol\/services\/"},{"@type":"ListItem","position":2,"name":"Solutions","item":"https:\/\/www.comverga.com\/pol\/services\/solutions\/"},{"@type":"ListItem","position":3,"name":"Custom projects"}]},{"@type":"WebSite","@id":"https:\/\/www.comverga.com\/pol\/#website","url":"https:\/\/www.comverga.com\/pol\/","name":"COMVERGA Polsko","description":"Comverga Polsko","publisher":{"@id":"https:\/\/www.comverga.com\/pol\/#organization"},"potentialAction":[{"@type":"SearchAction","target":{"@type":"EntryPoint","urlTemplate":"https:\/\/www.comverga.com\/pol\/?s={search_term_string}"},"query-input":"required name=search_term_string"}],"inLanguage":"cs"},{"@type":"Organization","@id":"https:\/\/www.comverga.com\/pol\/#organization","name":"COMVERGA Polsko","url":"https:\/\/www.comverga.com\/pol\/","logo":{"@type":"ImageObject","inLanguage":"cs","@id":"https:\/\/www.comverga.com\/pol\/#\/schema\/logo\/image\/","url":"https:\/\/www.comverga.com\/pol\/wp-content\/uploads\/sites\/2\/2020\/11\/Comverga_CC.png","contentUrl":"https:\/\/www.comverga.com\/pol\/wp-content\/uploads\/sites\/2\/2020\/11\/Comverga_CC.png","width":800,"height":800,"caption":"COMVERGA Poland"},"image":{"@id":"https:\/\/www.comverga.com\/pol\/#\/schema\/logo\/image\/"}}]}},"_links":{"self":[{"href":"https:\/\/www.comverga.com\/pol\/cs\/wp-json\/wp\/v2\/pages\/719"}],"collection":[{"href":"https:\/\/www.comverga.com\/pol\/cs\/wp-json\/wp\/v2\/pages"}],"about":[{"href":"https:\/\/www.comverga.com\/pol\/cs\/wp-json\/wp\/v2\/types\/page"}],"author":[{"embeddable":true,"href":"https:\/\/www.comverga.com\/pol\/cs\/wp-json\/wp\/v2\/users\/1"}],"replies":[{"embeddable":true,"href":"https:\/\/www.comverga.com\/pol\/cs\/wp-json\/wp\/v2\/comments?post=719"}],"version-history":[{"count":0,"href":"https:\/\/www.comverga.com\/pol\/cs\/wp-json\/wp\/v2\/pages\/719\/revisions"}],"up":[{"embeddable":true,"href":"https:\/\/www.comverga.com\/pol\/cs\/wp-json\/wp\/v2\/pages\/167"}],"wp:featuredmedia":[{"embeddable":true,"href":"https:\/\/www.comverga.com\/pol\/cs\/wp-json\/wp\/v2\/media\/71"}],"wp:attachment":[{"href":"https:\/\/www.comverga.com\/pol\/cs\/wp-json\/wp\/v2\/media?parent=719"}],"curies":[{"name":"wp","href":"https:\/\/api.w.org\/{rel}","templated":true}]}}