{"id":741,"date":"2020-12-02T11:43:48","date_gmt":"2020-12-02T10:43:48","guid":{"rendered":"https:\/\/www.comverga.com\/pol\/?page_id=741"},"modified":"2020-12-02T11:43:48","modified_gmt":"2020-12-02T10:43:48","slug":"ivr","status":"publish","type":"page","link":"https:\/\/www.comverga.com\/pol\/cs\/services\/solutions\/ivr\/","title":{"rendered":"IVR"},"content":{"rendered":"<p>Inteligentn\u00ed hlasov\u00fd oznamovac\u00ed syst\u00e9m - tj. o IVR<br>Interaktivn\u00ed hlasov\u00e1 odezva je hlasov\u00fd informa\u010dn\u00ed syst\u00e9m automatizovan\u00fd telefonn\u00edmi p\u0159\u00edstroji. Umo\u017e\u0148uje interaktivn\u00ed obsluhu volaj\u00edc\u00edch a z\u00e1rove\u0148 je samoobslu\u017en\u00fdm a rychl\u00fdm kan\u00e1lem p\u0159\u00edstupu k informac\u00edm nebo slu\u017eb\u00e1m pro u\u017eivatele. Projevuje se ve zpr\u00e1v\u011b, kter\u00e1 zazn\u00ed po nav\u00e1z\u00e1n\u00ed spojen\u00ed. D\u0159\u00edve se nahr\u00e1v\u00e1 tak, aby volaj\u00edc\u00edm umo\u017enila zvolit jednu z mo\u017enost\u00ed nab\u00eddky ve variant\u011b t\u00f3nu DTMF nebo pomoc\u00ed rozpozn\u00e1v\u00e1n\u00ed \u0159e\u010di.<\/p>\n\n\n\n<h2 class=\"wp-block-heading\">Oblasti pou\u017eit\u00ed<\/h2>\n\n\n\n<p>Syst\u00e9m slou\u017e\u00ed k obsluze velk\u00e9ho po\u010dtu telefonn\u00edch spojen\u00ed, proto se nej\u010dast\u011bji pou\u017e\u00edv\u00e1 v tzv. call centru. Pou\u017e\u00edv\u00e1 se tak\u00e9 v:<\/p>\n\n\n\n<p>telefonn\u00ed bankovnictv\u00ed,<br>telemarketing,<br>soukrom\u00e9 kliniky (l\u00e9ka\u0159sk\u00e9, zubn\u00ed, kosmetick\u00e9),<br>rezervace hotelu,<br>obsluha v\u011brnostn\u00edch program\u016f,<br>Hlasov\u00e1n\u00ed v z\u00e1bavn\u00fdch televizn\u00edch po\u0159adech,<br>z\u00e1kaznick\u00e9 slu\u017eby mobiln\u00edch oper\u00e1tor\u016f,<br>a mnoha dal\u0161\u00edch oblastech.<br>Inteligentn\u00ed syst\u00e9m ozn\u00e1men\u00ed slou\u017e\u00ed p\u0159edev\u0161\u00edm k ov\u011b\u0159ov\u00e1n\u00ed a sb\u011bru dat, prezentaci informac\u00ed a elektronick\u00e9 rezervaci.<\/p>","protected":false},"excerpt":{"rendered":"<p>Inteligentn\u00ed hlasov\u00fd oznamovac\u00ed syst\u00e9m - tj. o IVRInteraktivn\u00ed hlasov\u00e1 odezva je hlasov\u00fd informa\u010dn\u00ed syst\u00e9m automatizovan\u00fd telefonn\u00edmi p\u0159\u00edstroji. Umo\u017e\u0148uje interaktivn\u00ed obsluhu volaj\u00edc\u00edch a z\u00e1rove\u0148 je pro u\u017eivatele samoobslu\u017en\u00fdm a rychl\u00fdm kan\u00e1lem p\u0159\u00edstupu k informac\u00edm nebo slu\u017eb\u00e1m. Projevuje se ve zpr\u00e1v\u011b, kter\u00e1 zazn\u00ed po nav\u00e1z\u00e1n\u00ed spojen\u00ed. [...]<\/p>","protected":false},"author":1,"featured_media":132,"parent":167,"menu_order":0,"comment_status":"closed","ping_status":"closed","template":"","meta":{"footnotes":""},"yoast_head":"<!-- This site is optimized with the Yoast SEO plugin v21.6 - https:\/\/yoast.com\/wordpress\/plugins\/seo\/ -->\n<title>IVR - COMVERGA Poland<\/title>\n<meta name=\"robots\" content=\"index, follow, max-snippet:-1, max-image-preview:large, max-video-preview:-1\" \/>\n<link rel=\"canonical\" href=\"https:\/\/www.comverga.com\/pol\/cs\/services\/solutions\/ivr\/\" \/>\n<meta property=\"og:locale\" content=\"cs_CZ\" \/>\n<meta property=\"og:type\" content=\"article\" \/>\n<meta property=\"og:title\" content=\"IVR - COMVERGA Poland\" \/>\n<meta property=\"og:description\" content=\"Intelligent Voice Announcement System &#8211; i.e. about IVRInteractive Voice Response is a voice information system automated by telephone sets. It allows for interactive handling of callers, being at the same time a self-service and fast channel of access to information or services for users. It manifests itself in the message heard after establishing the connection. [&hellip;]\" \/>\n<meta property=\"og:url\" content=\"https:\/\/www.comverga.com\/pol\/cs\/services\/solutions\/ivr\/\" \/>\n<meta property=\"og:site_name\" content=\"COMVERGA Poland\" \/>\n<meta property=\"og:image\" content=\"https:\/\/www.comverga.com\/pol\/wp-content\/uploads\/sites\/2\/2020\/11\/ivr-1-1.jpg\" \/>\n\t<meta property=\"og:image:width\" content=\"1920\" \/>\n\t<meta property=\"og:image:height\" content=\"620\" \/>\n\t<meta property=\"og:image:type\" content=\"image\/jpeg\" \/>\n<meta name=\"twitter:card\" content=\"summary_large_image\" \/>\n<meta name=\"twitter:label1\" content=\"Odhadovan\u00e1 doba \u010dten\u00ed\" \/>\n\t<meta name=\"twitter:data1\" content=\"1 minuta\" \/>\n<script type=\"application\/ld+json\" class=\"yoast-schema-graph\">{\"@context\":\"https:\/\/schema.org\",\"@graph\":[{\"@type\":\"WebPage\",\"@id\":\"https:\/\/www.comverga.com\/pol\/services\/solutions\/ivr\/\",\"url\":\"https:\/\/www.comverga.com\/pol\/services\/solutions\/ivr\/\",\"name\":\"IVR - COMVERGA Poland\",\"isPartOf\":{\"@id\":\"https:\/\/www.comverga.com\/pol\/#website\"},\"datePublished\":\"2020-12-02T10:43:48+00:00\",\"dateModified\":\"2020-12-02T10:43:48+00:00\",\"breadcrumb\":{\"@id\":\"https:\/\/www.comverga.com\/pol\/services\/solutions\/ivr\/#breadcrumb\"},\"inLanguage\":\"cs\",\"potentialAction\":[{\"@type\":\"ReadAction\",\"target\":[\"https:\/\/www.comverga.com\/pol\/services\/solutions\/ivr\/\"]}]},{\"@type\":\"BreadcrumbList\",\"@id\":\"https:\/\/www.comverga.com\/pol\/services\/solutions\/ivr\/#breadcrumb\",\"itemListElement\":[{\"@type\":\"ListItem\",\"position\":1,\"name\":\"Services\",\"item\":\"https:\/\/www.comverga.com\/pol\/services\/\"},{\"@type\":\"ListItem\",\"position\":2,\"name\":\"Solutions\",\"item\":\"https:\/\/www.comverga.com\/pol\/services\/solutions\/\"},{\"@type\":\"ListItem\",\"position\":3,\"name\":\"IVR\"}]},{\"@type\":\"WebSite\",\"@id\":\"https:\/\/www.comverga.com\/pol\/#website\",\"url\":\"https:\/\/www.comverga.com\/pol\/\",\"name\":\"COMVERGA Poland\",\"description\":\"Comverga Poland\",\"publisher\":{\"@id\":\"https:\/\/www.comverga.com\/pol\/#organization\"},\"potentialAction\":[{\"@type\":\"SearchAction\",\"target\":{\"@type\":\"EntryPoint\",\"urlTemplate\":\"https:\/\/www.comverga.com\/pol\/?s={search_term_string}\"},\"query-input\":\"required name=search_term_string\"}],\"inLanguage\":\"cs\"},{\"@type\":\"Organization\",\"@id\":\"https:\/\/www.comverga.com\/pol\/#organization\",\"name\":\"COMVERGA Poland\",\"url\":\"https:\/\/www.comverga.com\/pol\/\",\"logo\":{\"@type\":\"ImageObject\",\"inLanguage\":\"cs\",\"@id\":\"https:\/\/www.comverga.com\/pol\/#\/schema\/logo\/image\/\",\"url\":\"https:\/\/www.comverga.com\/pol\/wp-content\/uploads\/sites\/2\/2020\/11\/Comverga_CC.png\",\"contentUrl\":\"https:\/\/www.comverga.com\/pol\/wp-content\/uploads\/sites\/2\/2020\/11\/Comverga_CC.png\",\"width\":800,\"height\":800,\"caption\":\"COMVERGA Poland\"},\"image\":{\"@id\":\"https:\/\/www.comverga.com\/pol\/#\/schema\/logo\/image\/\"}}]}<\/script>\n<!-- \/ Yoast SEO plugin. -->","yoast_head_json":{"title":"IVR - COMVERGA Poland","robots":{"index":"index","follow":"follow","max-snippet":"max-snippet:-1","max-image-preview":"max-image-preview:large","max-video-preview":"max-video-preview:-1"},"canonical":"https:\/\/www.comverga.com\/pol\/cs\/services\/solutions\/ivr\/","og_locale":"cs_CZ","og_type":"article","og_title":"IVR - COMVERGA Poland","og_description":"Intelligent Voice Announcement System &#8211; i.e. about IVRInteractive Voice Response is a voice information system automated by telephone sets. It allows for interactive handling of callers, being at the same time a self-service and fast channel of access to information or services for users. It manifests itself in the message heard after establishing the connection. [&hellip;]","og_url":"https:\/\/www.comverga.com\/pol\/cs\/services\/solutions\/ivr\/","og_site_name":"COMVERGA Poland","og_image":[{"width":1920,"height":620,"url":"https:\/\/www.comverga.com\/pol\/wp-content\/uploads\/sites\/2\/2020\/11\/ivr-1-1.jpg","type":"image\/jpeg"}],"twitter_card":"summary_large_image","twitter_misc":{"Odhadovan\u00e1 doba \u010dten\u00ed":"1 minuta"},"schema":{"@context":"https:\/\/schema.org","@graph":[{"@type":"WebPage","@id":"https:\/\/www.comverga.com\/pol\/services\/solutions\/ivr\/","url":"https:\/\/www.comverga.com\/pol\/services\/solutions\/ivr\/","name":"IVR - COMVERGA Poland","isPartOf":{"@id":"https:\/\/www.comverga.com\/pol\/#website"},"datePublished":"2020-12-02T10:43:48+00:00","dateModified":"2020-12-02T10:43:48+00:00","breadcrumb":{"@id":"https:\/\/www.comverga.com\/pol\/services\/solutions\/ivr\/#breadcrumb"},"inLanguage":"cs","potentialAction":[{"@type":"ReadAction","target":["https:\/\/www.comverga.com\/pol\/services\/solutions\/ivr\/"]}]},{"@type":"BreadcrumbList","@id":"https:\/\/www.comverga.com\/pol\/services\/solutions\/ivr\/#breadcrumb","itemListElement":[{"@type":"ListItem","position":1,"name":"Services","item":"https:\/\/www.comverga.com\/pol\/services\/"},{"@type":"ListItem","position":2,"name":"Solutions","item":"https:\/\/www.comverga.com\/pol\/services\/solutions\/"},{"@type":"ListItem","position":3,"name":"IVR"}]},{"@type":"WebSite","@id":"https:\/\/www.comverga.com\/pol\/#website","url":"https:\/\/www.comverga.com\/pol\/","name":"COMVERGA Polsko","description":"Comverga Polsko","publisher":{"@id":"https:\/\/www.comverga.com\/pol\/#organization"},"potentialAction":[{"@type":"SearchAction","target":{"@type":"EntryPoint","urlTemplate":"https:\/\/www.comverga.com\/pol\/?s={search_term_string}"},"query-input":"required name=search_term_string"}],"inLanguage":"cs"},{"@type":"Organization","@id":"https:\/\/www.comverga.com\/pol\/#organization","name":"COMVERGA Polsko","url":"https:\/\/www.comverga.com\/pol\/","logo":{"@type":"ImageObject","inLanguage":"cs","@id":"https:\/\/www.comverga.com\/pol\/#\/schema\/logo\/image\/","url":"https:\/\/www.comverga.com\/pol\/wp-content\/uploads\/sites\/2\/2020\/11\/Comverga_CC.png","contentUrl":"https:\/\/www.comverga.com\/pol\/wp-content\/uploads\/sites\/2\/2020\/11\/Comverga_CC.png","width":800,"height":800,"caption":"COMVERGA Poland"},"image":{"@id":"https:\/\/www.comverga.com\/pol\/#\/schema\/logo\/image\/"}}]}},"_links":{"self":[{"href":"https:\/\/www.comverga.com\/pol\/cs\/wp-json\/wp\/v2\/pages\/741"}],"collection":[{"href":"https:\/\/www.comverga.com\/pol\/cs\/wp-json\/wp\/v2\/pages"}],"about":[{"href":"https:\/\/www.comverga.com\/pol\/cs\/wp-json\/wp\/v2\/types\/page"}],"author":[{"embeddable":true,"href":"https:\/\/www.comverga.com\/pol\/cs\/wp-json\/wp\/v2\/users\/1"}],"replies":[{"embeddable":true,"href":"https:\/\/www.comverga.com\/pol\/cs\/wp-json\/wp\/v2\/comments?post=741"}],"version-history":[{"count":0,"href":"https:\/\/www.comverga.com\/pol\/cs\/wp-json\/wp\/v2\/pages\/741\/revisions"}],"up":[{"embeddable":true,"href":"https:\/\/www.comverga.com\/pol\/cs\/wp-json\/wp\/v2\/pages\/167"}],"wp:featuredmedia":[{"embeddable":true,"href":"https:\/\/www.comverga.com\/pol\/cs\/wp-json\/wp\/v2\/media\/132"}],"wp:attachment":[{"href":"https:\/\/www.comverga.com\/pol\/cs\/wp-json\/wp\/v2\/media?parent=741"}],"curies":[{"name":"wp","href":"https:\/\/api.w.org\/{rel}","templated":true}]}}