{"id":842,"date":"2020-12-15T15:08:02","date_gmt":"2020-12-15T14:08:02","guid":{"rendered":"https:\/\/www.comverga.com\/pol\/?page_id=842"},"modified":"2021-03-10T16:10:40","modified_gmt":"2021-03-10T15:10:40","slug":"windykacja-sms","status":"publish","type":"page","link":"https:\/\/www.comverga.com\/pol\/cs\/branze\/windykacja-sms\/","title":{"rendered":"Vym\u00e1h\u00e1n\u00ed pohled\u00e1vek prost\u0159ednictv\u00edm SMS"},"content":{"rendered":"<div data-elementor-type=\"wp-page\" data-elementor-id=\"842\" class=\"elementor elementor-842\">\n\t\t\t\t\t\t\t\t\t<section class=\"elementor-section elementor-top-section elementor-element elementor-element-436387e5 elementor-section-stretched elementor-section-boxed elementor-section-height-default elementor-section-height-default\" data-id=\"436387e5\" data-element_type=\"section\" data-settings=\"{&quot;stretch_section&quot;:&quot;section-stretched&quot;,&quot;background_background&quot;:&quot;classic&quot;}\">\n\t\t\t\t\t\t<div class=\"elementor-container elementor-column-gap-default\">\n\t\t\t\t\t<div class=\"elementor-column elementor-col-100 elementor-top-column elementor-element elementor-element-b33f7c4\" data-id=\"b33f7c4\" data-element_type=\"column\">\n\t\t\t<div class=\"elementor-widget-wrap elementor-element-populated\">\n\t\t\t\t\t\t\t\t<div class=\"elementor-element elementor-element-d3bf188 elementor-widget elementor-widget-heading\" data-id=\"d3bf188\" data-element_type=\"widget\" data-widget_type=\"heading.default\">\n\t\t\t\t<div class=\"elementor-widget-container\">\n\t\t\t<h2 class=\"elementor-heading-title elementor-size-default\">Slu\u017eby COMVERGA pro vym\u00e1h\u00e1n\u00ed pohled\u00e1vek<\/h2>\t\t<\/div>\n\t\t\t\t<\/div>\n\t\t\t\t<div class=\"elementor-element elementor-element-ef8f4b3 elementor-widget-divider--view-line elementor-widget elementor-widget-divider\" data-id=\"ef8f4b3\" data-element_type=\"widget\" data-widget_type=\"divider.default\">\n\t\t\t\t<div class=\"elementor-widget-container\">\n\t\t\t\t\t<div class=\"elementor-divider\">\n\t\t\t<span class=\"elementor-divider-separator\">\n\t\t\t\t\t\t<\/span>\n\t\t<\/div>\n\t\t\t\t<\/div>\n\t\t\t\t<\/div>\n\t\t\t\t\t<\/div>\n\t\t<\/div>\n\t\t\t\t\t\t\t<\/div>\n\t\t<\/section>\n\t\t\t\t<section class=\"elementor-section elementor-top-section elementor-element elementor-element-a6c9342 elementor-section-stretched elementor-section-boxed elementor-section-height-default elementor-section-height-default\" data-id=\"a6c9342\" data-element_type=\"section\" data-settings=\"{&quot;stretch_section&quot;:&quot;section-stretched&quot;,&quot;background_background&quot;:&quot;classic&quot;}\">\n\t\t\t\t\t\t<div class=\"elementor-container elementor-column-gap-default\">\n\t\t\t\t\t<div class=\"elementor-column elementor-col-100 elementor-top-column elementor-element elementor-element-3782032\" data-id=\"3782032\" data-element_type=\"column\">\n\t\t\t<div class=\"elementor-widget-wrap elementor-element-populated\">\n\t\t\t\t\t\t\t\t<div class=\"elementor-element elementor-element-acfd8b6 elementor-widget elementor-widget-text-editor\" data-id=\"acfd8b6\" data-element_type=\"widget\" data-widget_type=\"text-editor.default\">\n\t\t\t\t<div class=\"elementor-widget-container\">\n\t\t\t\t\t\t\t<p>Od roku 2004 \u00fazce spolupracujeme se spole\u010dnostmi v oblasti vym\u00e1h\u00e1n\u00ed pohled\u00e1vek.<\/p>\n<p>Nejb\u011b\u017en\u011bj\u0161\u00edm komunika\u010dn\u00edm kan\u00e1lem v automatizovan\u00e9m vym\u00e1h\u00e1n\u00ed pohled\u00e1vek a v procesech p\u0159ed vym\u00e1h\u00e1n\u00edm jsou SMS. V z\u00e1vislosti na stavu p\u0159\u00edpadu jsou SMS zpr\u00e1vy zas\u00edl\u00e1ny s alfanumerick\u00fdm polem odes\u00edlatele (n\u00e1zev inkasn\u00ed nebo p\u0159edinkasn\u00ed spole\u010dnosti v z\u00e1hlav\u00ed zpr\u00e1vy). Obl\u00edben\u00e9 a \u00fa\u010dinn\u00e9 jsou tak\u00e9 zpr\u00e1vy zas\u00edlan\u00e9 s cel\u00fdm \u010d\u00edslem mobiln\u00edho telefonu - pro vytvo\u0159en\u00ed efektu p\u0159ekvapen\u00ed. V\u0161echny SMS kampan\u011b jsou samoz\u0159ejm\u011b podpo\u0159eny telefonick\u00fdmi aktivitami exekutora. Zde se slu\u017eba DIALER osv\u011bd\u010duje v p\u0159\u00edpad\u011b velk\u00fdch \"volateln\u00fdch\" datab\u00e1z\u00ed.<\/p>\n<p>Na\u0161e dlouholet\u00e9 zku\u0161enosti potvrzuj\u00ed vysokou efektivitu t\u011bchto \u010dinnost\u00ed p\u0159i kontaktu spole\u010dnosti s dlu\u017en\u00edkem. Mezi typick\u00e9 procesy, kter\u00e9 \u0159e\u0161\u00edme, pat\u0159\u00ed:<\/p>\n<ul>\n<li>P\u0159ipomenut\u00ed nadch\u00e1zej\u00edc\u00edch plateb (kontaktn\u00ed formul\u00e1\u0159: SMS)<\/li>\n<li>Informace o nezaznamen\u00e1n\u00ed platby po datu splatnosti - 15 dn\u00ed, 30 dn\u00ed, 45 dn\u00ed a pozd\u011bji. Forma kontaktu: FORMA: SMS, IVR<\/li>\n<li>Potvrzen\u00ed \u00fadaj\u016f o hovoru, tzv. m-karta. Zpr\u00e1va zaslan\u00e1 po telefonick\u00e9m rozhovoru s agentem obsahuje: jm\u00e9no zam\u011bstnance spole\u010dnosti, \u010d\u00edslo p\u0159\u00edpadu a dal\u0161\u00ed n\u00e1le\u017eitosti pro snadn\u00e9 nahl\u00e9dnut\u00ed. Forma: SMS<\/li>\n<\/ul>\n<p>Z nam\u011b\u0159en\u00e9 efektivity vym\u00e1h\u00e1n\u00ed pohled\u00e1vek podporovan\u00e9 na\u0161imi slu\u017ebami vypl\u00fdv\u00e1:<\/p>\n<ul>\n<li>zkr\u00e1cen\u00e1 doba splatnosti<\/li>\n<li>zlep\u0161en\u00ed vym\u00e1h\u00e1n\u00ed pohled\u00e1vek<\/li>\n<li>n\u00edzk\u00e9 n\u00e1klady na osloven\u00ed dlu\u017en\u00edka za \u00fa\u010delem sjedn\u00e1n\u00ed spl\u00e1tkov\u00e9ho kalend\u00e1\u0159e.<\/li>\n<\/ul>\t\t\t\t\t\t<\/div>\n\t\t\t\t<\/div>\n\t\t\t\t\t<\/div>\n\t\t<\/div>\n\t\t\t\t\t\t\t<\/div>\n\t\t<\/section>\n\t\t\t\t<section class=\"elementor-section elementor-top-section elementor-element elementor-element-37bf990 elementor-section-stretched elementor-section-boxed elementor-section-height-default elementor-section-height-default\" data-id=\"37bf990\" data-element_type=\"section\" data-settings=\"{&quot;stretch_section&quot;:&quot;section-stretched&quot;}\">\n\t\t\t\t\t\t<div class=\"elementor-container elementor-column-gap-default\">\n\t\t\t\t\t<div class=\"elementor-column elementor-col-50 elementor-top-column elementor-element elementor-element-0bea1eb\" data-id=\"0bea1eb\" data-element_type=\"column\" data-settings=\"{&quot;background_background&quot;:&quot;classic&quot;}\">\n\t\t\t<div class=\"elementor-widget-wrap elementor-element-populated\">\n\t\t\t\t\t\t\t\t<div class=\"elementor-element elementor-element-a278219 premium-testimonial__skin1 elementor-widget elementor-widget-premium-addon-testimonials\" data-id=\"a278219\" data-element_type=\"widget\" data-settings=\"{&quot;skin&quot;:&quot;skin1&quot;,&quot;img_position&quot;:&quot;relative&quot;,&quot;arrows_lq_effect&quot;:&quot;none&quot;}\" data-widget_type=\"premium-addon-testimonials.default\">\n\t\t\t\t<div class=\"elementor-widget-container\">\n\t\t\t\r\n\t\t\r\n\t\t<div class=\"premium-testimonial-box\">\r\n\r\n\t\t\t\r\n\t\t\t\t<div class=\"premium-testimonial-container\">\r\n\r\n\t\t\t\t\t\t\t\t\t\t\t<div class=\"premium-testimonial-upper-quote\">\r\n\t\t\t\t\t\t\t<svg id=\"Layer_1\" class=\"premium-testimonial-quote\" xmlns=\"http:\/\/www.w3.org\/2000\/svg\" width=\"48\" height=\"37\" viewbox=\"0 0 48 37\"><path d=\"m37,37c6.07,0,11-4.93,11-11s-4.93-11-11-11c-.32,0-.63.02-.94.05.54-4.81,2.18-9.43,4.79-13.52.19-.31.2-.7.03-1.01-.18-.32-.51-.52-.88-.52h-2c-.27,0-.54.11-.73.31-5.14,5.41-11.27,14.26-11.27,25.69,0,6.07,4.93,10.99,11,11h0Zm-26,0c6.07,0,11-4.93,11-11s-4.93-11-11-11c-.32,0-.63.02-.94.05.54-4.81,2.18-9.43,4.79-13.52.19-.31.2-.7.03-1.01-.18-.32-.51-.52-.87-.52h-2c-.27,0-.54.11-.73.31C6.13,5.72,0,14.57,0,26c0,6.07,4.93,10.99,11,11h0Zm0,0\"\/><\/svg>\t\t\t\t\t\t<\/div>\r\n\t\t\t\t\t\r\n\t\t\t\t\t<div class=\"premium-testimonial-content-wrapper\">\r\n\r\n\t\t\t\t\t\t\r\n\t\t\t\t\t\t<div class=\"premium-testimonial-text-wrapper\">\r\n\t\t\t\t\t\t\t<div >\r\n\t\t\t\t\t\t\t\tMATERNA Communications poskytuje hlasov\u00e9 a SMS zpr\u00e1vy pro spole\u010dnost UPC od roku 2005.\n\u0158e\u0161en\u00ed nab\u00edzen\u00e1 v\u00fd\u0161e uvedenou spole\u010dnost\u00ed optimalizovala proces vinkulace. (...)\t\t\t\t\t\t\t<\/div>\r\n\t\t\t\t\t\t<\/div>\r\n\r\n\t\t\t\t\t\t\r\n\t\t\t\t\t\t\r\n\r\n\t\t\t\t\t\t\t\t\t\t\t\t\t\t\t<div class=\"premium-testimonial-img-wrapper\">\r\n\t\t\t\t\t\t\t\t\t<img decoding=\"async\" src=\"https:\/\/www.comverga.com\/pol\/wp-content\/plugins\/elementor\/assets\/images\/placeholder.png\" alt=\"\" class=\"premium-testimonial-person-image\">\r\n\t\t\t\t\t\t\t\t<\/div>\r\n\t\t\t\t\t\t\t\r\n\r\n\t\t\t\t\t\t\t<div class=\"premium-testimonial-author-info\">\r\n\t\t\t\t\t\t\t\t<h3 class=\"premium-testimonial-person-name\">\r\n\t\t\t\t\t\t\t\t\t<span >\r\n\t\t\t\t\t\t\t\t\t\tPawel Gruszka\t\t\t\t\t\t\t\t\t<\/span>\r\n\t\t\t\t\t\t\t\t<\/h3>\r\n\r\n\t\t\t\t\t\t\t\t\t\t\t\t\t\t\t\t\t<h4 class=\"premium-testimonial-job\">\r\n\t\t\t\t\t\t\t\t\t\t\t\t\t\t\t\t\t\t\t<span class=\"premium-testimonial-company-link\" >\r\n\t\t\t\t\t\t\t\t\t\t\t\u0158editel odd\u011blen\u00ed poplatk\u016f a inkasa, UPS\t\t\t\t\t\t\t\t\t\t<\/span>\r\n\t\t\t\t\t\t\t\t\t\t\t\t\t\t\t\t\t\t<\/h4>\r\n\t\t\t\t\t\t\t\t\t\t\t\t\t\t\t<\/div>\r\n\r\n\t\t\t\t\t\t\r\n\t\t\t\t\t<\/div>\r\n\r\n\t\t\t\t\t\t\t\t\t\t\t<div class=\"premium-testimonial-lower-quote\">\r\n\t\t\t\t\t\t\t<svg id=\"Layer_1\" class=\"premium-testimonial-quote\" xmlns=\"http:\/\/www.w3.org\/2000\/svg\" width=\"48\" height=\"37\" viewbox=\"0 0 48 37\"><path d=\"m37,37c6.07,0,11-4.93,11-11s-4.93-11-11-11c-.32,0-.63.02-.94.05.54-4.81,2.18-9.43,4.79-13.52.19-.31.2-.7.03-1.01-.18-.32-.51-.52-.88-.52h-2c-.27,0-.54.11-.73.31-5.14,5.41-11.27,14.26-11.27,25.69,0,6.07,4.93,10.99,11,11h0Zm-26,0c6.07,0,11-4.93,11-11s-4.93-11-11-11c-.32,0-.63.02-.94.05.54-4.81,2.18-9.43,4.79-13.52.19-.31.2-.7.03-1.01-.18-.32-.51-.52-.87-.52h-2c-.27,0-.54.11-.73.31C6.13,5.72,0,14.57,0,26c0,6.07,4.93,10.99,11,11h0Zm0,0\"\/><\/svg>\t\t\t\t\t\t<\/div>\r\n\t\t\t\t\t\t\t\t\t<\/div>\r\n\r\n\t\t\t\r\n\r\n\t\t<\/div>\r\n\t\t\t\t<\/div>\n\t\t\t\t<\/div>\n\t\t\t\t\t<\/div>\n\t\t<\/div>\n\t\t\t\t<div class=\"elementor-column elementor-col-50 elementor-top-column elementor-element elementor-element-5817530\" data-id=\"5817530\" data-element_type=\"column\" data-settings=\"{&quot;background_background&quot;:&quot;classic&quot;}\">\n\t\t\t<div class=\"elementor-widget-wrap elementor-element-populated\">\n\t\t\t\t\t\t\t\t<div class=\"elementor-element elementor-element-d637a06 premium-testimonial__skin1 elementor-widget elementor-widget-premium-addon-testimonials\" data-id=\"d637a06\" data-element_type=\"widget\" data-settings=\"{&quot;skin&quot;:&quot;skin1&quot;,&quot;img_position&quot;:&quot;relative&quot;,&quot;arrows_lq_effect&quot;:&quot;none&quot;}\" data-widget_type=\"premium-addon-testimonials.default\">\n\t\t\t\t<div class=\"elementor-widget-container\">\n\t\t\t\r\n\t\t\r\n\t\t<div class=\"premium-testimonial-box\">\r\n\r\n\t\t\t\r\n\t\t\t\t<div class=\"premium-testimonial-container\">\r\n\r\n\t\t\t\t\t\t\t\t\t\t\t<div class=\"premium-testimonial-upper-quote\">\r\n\t\t\t\t\t\t\t<svg id=\"Layer_1\" class=\"premium-testimonial-quote\" xmlns=\"http:\/\/www.w3.org\/2000\/svg\" width=\"48\" height=\"37\" viewbox=\"0 0 48 37\"><path d=\"m37,37c6.07,0,11-4.93,11-11s-4.93-11-11-11c-.32,0-.63.02-.94.05.54-4.81,2.18-9.43,4.79-13.52.19-.31.2-.7.03-1.01-.18-.32-.51-.52-.88-.52h-2c-.27,0-.54.11-.73.31-5.14,5.41-11.27,14.26-11.27,25.69,0,6.07,4.93,10.99,11,11h0Zm-26,0c6.07,0,11-4.93,11-11s-4.93-11-11-11c-.32,0-.63.02-.94.05.54-4.81,2.18-9.43,4.79-13.52.19-.31.2-.7.03-1.01-.18-.32-.51-.52-.87-.52h-2c-.27,0-.54.11-.73.31C6.13,5.72,0,14.57,0,26c0,6.07,4.93,10.99,11,11h0Zm0,0\"\/><\/svg>\t\t\t\t\t\t<\/div>\r\n\t\t\t\t\t\r\n\t\t\t\t\t<div class=\"premium-testimonial-content-wrapper\">\r\n\r\n\t\t\t\t\t\t\r\n\t\t\t\t\t\t<div class=\"premium-testimonial-text-wrapper\">\r\n\t\t\t\t\t\t\t<div >\r\n\t\t\t\t\t\t\t\t<p>Od \u0159\u00edjna 2008 spolupracujeme se spole\u010dnost\u00ed KRUK v oblasti textov\u00fdch a hlasov\u00fdch zpr\u00e1v. Spolupr\u00e1ce s touto spole\u010dnost\u00ed je vynikaj\u00edc\u00ed.<br \/>R\u00e1di bychom v\u00e1m doporu\u010dili profesion\u00e1ln\u00ed slu\u017eby spole\u010dnosti COMVERGA, vlastn\u00edka n\u00e1stroje mProfi.<\/p>\t\t\t\t\t\t\t<\/div>\r\n\t\t\t\t\t\t<\/div>\r\n\r\n\t\t\t\t\t\t\r\n\t\t\t\t\t\t\r\n\r\n\t\t\t\t\t\t\t\t\t\t\t\t\t\t\t<div class=\"premium-testimonial-img-wrapper\">\r\n\t\t\t\t\t\t\t\t\t<img decoding=\"async\" src=\"https:\/\/www.comverga.com\/pol\/wp-content\/plugins\/elementor\/assets\/images\/placeholder.png\" alt=\"\" class=\"premium-testimonial-person-image\">\r\n\t\t\t\t\t\t\t\t<\/div>\r\n\t\t\t\t\t\t\t\r\n\r\n\t\t\t\t\t\t\t<div class=\"premium-testimonial-author-info\">\r\n\t\t\t\t\t\t\t\t<h3 class=\"premium-testimonial-person-name\">\r\n\t\t\t\t\t\t\t\t\t<span >\r\n\t\t\t\t\t\t\t\t\t\tLuke Neuman\t\t\t\t\t\t\t\t\t<\/span>\r\n\t\t\t\t\t\t\t\t<\/h3>\r\n\r\n\t\t\t\t\t\t\t\t\t\t\t\t\t\t\t\t\t<h4 class=\"premium-testimonial-job\">\r\n\t\t\t\t\t\t\t\t\t\t\t\t\t\t\t\t\t\t\t<span class=\"premium-testimonial-company-link\" >\r\n\t\t\t\t\t\t\t\t\t\t\t\u00a0\u0158editel IT, KRUK S.A.\t\t\t\t\t\t\t\t\t\t<\/span>\r\n\t\t\t\t\t\t\t\t\t\t\t\t\t\t\t\t\t\t<\/h4>\r\n\t\t\t\t\t\t\t\t\t\t\t\t\t\t\t<\/div>\r\n\r\n\t\t\t\t\t\t\r\n\t\t\t\t\t<\/div>\r\n\r\n\t\t\t\t\t\t\t\t\t\t\t<div class=\"premium-testimonial-lower-quote\">\r\n\t\t\t\t\t\t\t<svg id=\"Layer_1\" class=\"premium-testimonial-quote\" xmlns=\"http:\/\/www.w3.org\/2000\/svg\" width=\"48\" height=\"37\" viewbox=\"0 0 48 37\"><path d=\"m37,37c6.07,0,11-4.93,11-11s-4.93-11-11-11c-.32,0-.63.02-.94.05.54-4.81,2.18-9.43,4.79-13.52.19-.31.2-.7.03-1.01-.18-.32-.51-.52-.88-.52h-2c-.27,0-.54.11-.73.31-5.14,5.41-11.27,14.26-11.27,25.69,0,6.07,4.93,10.99,11,11h0Zm-26,0c6.07,0,11-4.93,11-11s-4.93-11-11-11c-.32,0-.63.02-.94.05.54-4.81,2.18-9.43,4.79-13.52.19-.31.2-.7.03-1.01-.18-.32-.51-.52-.87-.52h-2c-.27,0-.54.11-.73.31C6.13,5.72,0,14.57,0,26c0,6.07,4.93,10.99,11,11h0Zm0,0\"\/><\/svg>\t\t\t\t\t\t<\/div>\r\n\t\t\t\t\t\t\t\t\t<\/div>\r\n\r\n\t\t\t\r\n\r\n\t\t<\/div>\r\n\t\t\t\t<\/div>\n\t\t\t\t<\/div>\n\t\t\t\t<div class=\"elementor-element elementor-element-fdeed10 elementor-widget elementor-widget-text-editor\" data-id=\"fdeed10\" data-element_type=\"widget\" data-widget_type=\"text-editor.default\">\n\t\t\t\t<div class=\"elementor-widget-container\">\n\t\t\t\t\t\t\t\t\t\t\t\t\t<\/div>\n\t\t\t\t<\/div>\n\t\t\t\t\t<\/div>\n\t\t<\/div>\n\t\t\t\t\t\t\t<\/div>\n\t\t<\/section>\n\t\t\t\t\t\t\t<\/div>","protected":false},"excerpt":{"rendered":"<p>Slu\u017eby COMVERGA pro vym\u00e1h\u00e1n\u00ed pohled\u00e1vek Od roku 2004 \u00fazce spolupracujeme se spole\u010dnostmi v oblasti vym\u00e1h\u00e1n\u00ed pohled\u00e1vek. Nejb\u011b\u017en\u011bj\u0161\u00edm komunika\u010dn\u00edm kan\u00e1lem v automatizovan\u00e9m vym\u00e1h\u00e1n\u00ed pohled\u00e1vek a v p\u0159edvym\u00e1hac\u00edch procesech jsou SMS. V z\u00e1vislosti na stavu p\u0159\u00edpadu jsou SMS zpr\u00e1vy zas\u00edl\u00e1ny s alfanumerick\u00fdm polem odes\u00edlatele (n\u00e1zev inkasn\u00ed nebo smluvn\u00ed spole\u010dnosti v z\u00e1hlav\u00ed zpr\u00e1vy). Obl\u00edben\u00e9 a \u00fa\u010dinn\u00e9 jsou tak\u00e9 zpr\u00e1vy zas\u00edlan\u00e9 [...].<\/p>","protected":false},"author":1,"featured_media":53,"parent":348,"menu_order":2,"comment_status":"closed","ping_status":"closed","template":"","meta":{"footnotes":""},"yoast_head":"<!-- This site is optimized with the Yoast SEO plugin v21.6 - https:\/\/yoast.com\/wordpress\/plugins\/seo\/ -->\n<title>Windykacja SMS - COMVERGA Poland<\/title>\n<meta name=\"robots\" content=\"index, follow, max-snippet:-1, max-image-preview:large, max-video-preview:-1\" \/>\n<link rel=\"canonical\" href=\"https:\/\/www.comverga.com\/pol\/cs\/branze\/windykacja-sms\/\" \/>\n<meta property=\"og:locale\" content=\"cs_CZ\" \/>\n<meta property=\"og:type\" content=\"article\" \/>\n<meta property=\"og:title\" content=\"Windykacja SMS - COMVERGA Poland\" \/>\n<meta property=\"og:description\" content=\"Us\u0142ugi COMVERGA dla Windykacji Od 2004 roku bardzo blisko wsp\u00f3\u0142pracujemy z firmami z sektora windykacji nale\u017cno\u015bci. Najpopularniejszym kana\u0142em komunikacji w automatycznych procesach windykacyjnych, i pre-windykacyjnych jest SMS. W zalezno\u015bci od statusu sprawy, wiadomo\u015bci SMS wysy\u0142ane s\u0105 z alfanumerycznym polem nadawcy (nazwa firmy windykuj\u0105cej lub zlecaj\u0105cej w nag\u0142\u00f3wku wiadomo\u015bci). Popularne i skuteczne s\u0105 r\u00f3wnie\u017c wiadomo\u015bci wysy\u0142ane [&hellip;]\" \/>\n<meta property=\"og:url\" content=\"https:\/\/www.comverga.com\/pol\/cs\/branze\/windykacja-sms\/\" \/>\n<meta property=\"og:site_name\" content=\"COMVERGA Poland\" \/>\n<meta property=\"article:modified_time\" content=\"2021-03-10T15:10:40+00:00\" \/>\n<meta property=\"og:image\" content=\"https:\/\/www.comverga.com\/pol\/wp-content\/uploads\/sites\/2\/2020\/11\/windykacja-sms.jpg\" \/>\n\t<meta property=\"og:image:width\" content=\"1920\" \/>\n\t<meta property=\"og:image:height\" content=\"955\" \/>\n\t<meta property=\"og:image:type\" content=\"image\/jpeg\" \/>\n<meta name=\"twitter:card\" content=\"summary_large_image\" \/>\n<meta name=\"twitter:label1\" content=\"Odhadovan\u00e1 doba \u010dten\u00ed\" \/>\n\t<meta name=\"twitter:data1\" content=\"2 minuty\" \/>\n<script type=\"application\/ld+json\" class=\"yoast-schema-graph\">{\"@context\":\"https:\/\/schema.org\",\"@graph\":[{\"@type\":\"WebPage\",\"@id\":\"https:\/\/www.comverga.com\/pol\/branze\/windykacja-sms\/\",\"url\":\"https:\/\/www.comverga.com\/pol\/branze\/windykacja-sms\/\",\"name\":\"Windykacja SMS - COMVERGA Poland\",\"isPartOf\":{\"@id\":\"https:\/\/www.comverga.com\/pol\/#website\"},\"datePublished\":\"2020-12-15T14:08:02+00:00\",\"dateModified\":\"2021-03-10T15:10:40+00:00\",\"breadcrumb\":{\"@id\":\"https:\/\/www.comverga.com\/pol\/branze\/windykacja-sms\/#breadcrumb\"},\"inLanguage\":\"cs\",\"potentialAction\":[{\"@type\":\"ReadAction\",\"target\":[\"https:\/\/www.comverga.com\/pol\/branze\/windykacja-sms\/\"]}]},{\"@type\":\"BreadcrumbList\",\"@id\":\"https:\/\/www.comverga.com\/pol\/branze\/windykacja-sms\/#breadcrumb\",\"itemListElement\":[{\"@type\":\"ListItem\",\"position\":1,\"name\":\"Bran\u017ce\",\"item\":\"https:\/\/www.comverga.com\/pol\/branze\/\"},{\"@type\":\"ListItem\",\"position\":2,\"name\":\"Windykacja SMS\"}]},{\"@type\":\"WebSite\",\"@id\":\"https:\/\/www.comverga.com\/pol\/#website\",\"url\":\"https:\/\/www.comverga.com\/pol\/\",\"name\":\"COMVERGA Poland\",\"description\":\"Comverga Poland\",\"publisher\":{\"@id\":\"https:\/\/www.comverga.com\/pol\/#organization\"},\"potentialAction\":[{\"@type\":\"SearchAction\",\"target\":{\"@type\":\"EntryPoint\",\"urlTemplate\":\"https:\/\/www.comverga.com\/pol\/?s={search_term_string}\"},\"query-input\":\"required name=search_term_string\"}],\"inLanguage\":\"cs\"},{\"@type\":\"Organization\",\"@id\":\"https:\/\/www.comverga.com\/pol\/#organization\",\"name\":\"COMVERGA Poland\",\"url\":\"https:\/\/www.comverga.com\/pol\/\",\"logo\":{\"@type\":\"ImageObject\",\"inLanguage\":\"cs\",\"@id\":\"https:\/\/www.comverga.com\/pol\/#\/schema\/logo\/image\/\",\"url\":\"https:\/\/www.comverga.com\/pol\/wp-content\/uploads\/sites\/2\/2020\/11\/Comverga_CC.png\",\"contentUrl\":\"https:\/\/www.comverga.com\/pol\/wp-content\/uploads\/sites\/2\/2020\/11\/Comverga_CC.png\",\"width\":800,\"height\":800,\"caption\":\"COMVERGA Poland\"},\"image\":{\"@id\":\"https:\/\/www.comverga.com\/pol\/#\/schema\/logo\/image\/\"}}]}<\/script>\n<!-- \/ Yoast SEO plugin. -->","yoast_head_json":{"title":"Windykacja SMS - COMVERGA Poland","robots":{"index":"index","follow":"follow","max-snippet":"max-snippet:-1","max-image-preview":"max-image-preview:large","max-video-preview":"max-video-preview:-1"},"canonical":"https:\/\/www.comverga.com\/pol\/cs\/branze\/windykacja-sms\/","og_locale":"cs_CZ","og_type":"article","og_title":"Windykacja SMS - COMVERGA Poland","og_description":"Us\u0142ugi COMVERGA dla Windykacji Od 2004 roku bardzo blisko wsp\u00f3\u0142pracujemy z firmami z sektora windykacji nale\u017cno\u015bci. Najpopularniejszym kana\u0142em komunikacji w automatycznych procesach windykacyjnych, i pre-windykacyjnych jest SMS. W zalezno\u015bci od statusu sprawy, wiadomo\u015bci SMS wysy\u0142ane s\u0105 z alfanumerycznym polem nadawcy (nazwa firmy windykuj\u0105cej lub zlecaj\u0105cej w nag\u0142\u00f3wku wiadomo\u015bci). Popularne i skuteczne s\u0105 r\u00f3wnie\u017c wiadomo\u015bci wysy\u0142ane [&hellip;]","og_url":"https:\/\/www.comverga.com\/pol\/cs\/branze\/windykacja-sms\/","og_site_name":"COMVERGA Poland","article_modified_time":"2021-03-10T15:10:40+00:00","og_image":[{"width":1920,"height":955,"url":"https:\/\/www.comverga.com\/pol\/wp-content\/uploads\/sites\/2\/2020\/11\/windykacja-sms.jpg","type":"image\/jpeg"}],"twitter_card":"summary_large_image","twitter_misc":{"Odhadovan\u00e1 doba \u010dten\u00ed":"2 minuty"},"schema":{"@context":"https:\/\/schema.org","@graph":[{"@type":"WebPage","@id":"https:\/\/www.comverga.com\/pol\/branze\/windykacja-sms\/","url":"https:\/\/www.comverga.com\/pol\/branze\/windykacja-sms\/","name":"Windykacja SMS - COMVERGA Poland","isPartOf":{"@id":"https:\/\/www.comverga.com\/pol\/#website"},"datePublished":"2020-12-15T14:08:02+00:00","dateModified":"2021-03-10T15:10:40+00:00","breadcrumb":{"@id":"https:\/\/www.comverga.com\/pol\/branze\/windykacja-sms\/#breadcrumb"},"inLanguage":"cs","potentialAction":[{"@type":"ReadAction","target":["https:\/\/www.comverga.com\/pol\/branze\/windykacja-sms\/"]}]},{"@type":"BreadcrumbList","@id":"https:\/\/www.comverga.com\/pol\/branze\/windykacja-sms\/#breadcrumb","itemListElement":[{"@type":"ListItem","position":1,"name":"Bran\u017ce","item":"https:\/\/www.comverga.com\/pol\/branze\/"},{"@type":"ListItem","position":2,"name":"Windykacja SMS"}]},{"@type":"WebSite","@id":"https:\/\/www.comverga.com\/pol\/#website","url":"https:\/\/www.comverga.com\/pol\/","name":"COMVERGA Polsko","description":"Comverga Polsko","publisher":{"@id":"https:\/\/www.comverga.com\/pol\/#organization"},"potentialAction":[{"@type":"SearchAction","target":{"@type":"EntryPoint","urlTemplate":"https:\/\/www.comverga.com\/pol\/?s={search_term_string}"},"query-input":"required name=search_term_string"}],"inLanguage":"cs"},{"@type":"Organization","@id":"https:\/\/www.comverga.com\/pol\/#organization","name":"COMVERGA Polsko","url":"https:\/\/www.comverga.com\/pol\/","logo":{"@type":"ImageObject","inLanguage":"cs","@id":"https:\/\/www.comverga.com\/pol\/#\/schema\/logo\/image\/","url":"https:\/\/www.comverga.com\/pol\/wp-content\/uploads\/sites\/2\/2020\/11\/Comverga_CC.png","contentUrl":"https:\/\/www.comverga.com\/pol\/wp-content\/uploads\/sites\/2\/2020\/11\/Comverga_CC.png","width":800,"height":800,"caption":"COMVERGA Poland"},"image":{"@id":"https:\/\/www.comverga.com\/pol\/#\/schema\/logo\/image\/"}}]}},"_links":{"self":[{"href":"https:\/\/www.comverga.com\/pol\/cs\/wp-json\/wp\/v2\/pages\/842"}],"collection":[{"href":"https:\/\/www.comverga.com\/pol\/cs\/wp-json\/wp\/v2\/pages"}],"about":[{"href":"https:\/\/www.comverga.com\/pol\/cs\/wp-json\/wp\/v2\/types\/page"}],"author":[{"embeddable":true,"href":"https:\/\/www.comverga.com\/pol\/cs\/wp-json\/wp\/v2\/users\/1"}],"replies":[{"embeddable":true,"href":"https:\/\/www.comverga.com\/pol\/cs\/wp-json\/wp\/v2\/comments?post=842"}],"version-history":[{"count":15,"href":"https:\/\/www.comverga.com\/pol\/cs\/wp-json\/wp\/v2\/pages\/842\/revisions"}],"predecessor-version":[{"id":2072,"href":"https:\/\/www.comverga.com\/pol\/cs\/wp-json\/wp\/v2\/pages\/842\/revisions\/2072"}],"up":[{"embeddable":true,"href":"https:\/\/www.comverga.com\/pol\/cs\/wp-json\/wp\/v2\/pages\/348"}],"wp:featuredmedia":[{"embeddable":true,"href":"https:\/\/www.comverga.com\/pol\/cs\/wp-json\/wp\/v2\/media\/53"}],"wp:attachment":[{"href":"https:\/\/www.comverga.com\/pol\/cs\/wp-json\/wp\/v2\/media?parent=842"}],"curies":[{"name":"wp","href":"https:\/\/api.w.org\/{rel}","templated":true}]}}