{"id":846,"date":"2020-12-15T15:15:37","date_gmt":"2020-12-15T14:15:37","guid":{"rendered":"https:\/\/www.comverga.com\/pol\/?page_id=846"},"modified":"2021-03-17T17:24:39","modified_gmt":"2021-03-17T16:24:39","slug":"finanse","status":"publish","type":"page","link":"https:\/\/www.comverga.com\/pol\/cs\/branze\/finanse\/","title":{"rendered":"Finance"},"content":{"rendered":"<div data-elementor-type=\"wp-page\" data-elementor-id=\"846\" class=\"elementor elementor-846\">\n\t\t\t\t\t\t\t\t\t<section class=\"elementor-section elementor-top-section elementor-element elementor-element-2f8a373f elementor-section-stretched elementor-section-boxed elementor-section-height-default elementor-section-height-default\" data-id=\"2f8a373f\" data-element_type=\"section\" data-settings=\"{&quot;stretch_section&quot;:&quot;section-stretched&quot;,&quot;background_background&quot;:&quot;classic&quot;}\">\n\t\t\t\t\t\t<div class=\"elementor-container elementor-column-gap-default\">\n\t\t\t\t\t<div class=\"elementor-column elementor-col-100 elementor-top-column elementor-element elementor-element-1bce045f\" data-id=\"1bce045f\" data-element_type=\"column\">\n\t\t\t<div class=\"elementor-widget-wrap elementor-element-populated\">\n\t\t\t\t\t\t\t\t<div class=\"elementor-element elementor-element-2f0f4706 elementor-widget elementor-widget-text-editor\" data-id=\"2f0f4706\" data-element_type=\"widget\" data-widget_type=\"text-editor.default\">\n\t\t\t\t<div class=\"elementor-widget-container\">\n\t\t\t\t\t\t\t<!-- wp:paragraph -->\n<p>V oblasti financ\u00ed si ji\u017e spo\u010d\u00edtali, \u017ee spolehliv\u00e9 informace jsou k nezaplacen\u00ed.<br \/>\u010cetn\u00e9 projekty, kter\u00e9 na\u0161e spole\u010dnost v posledn\u00edch letech realizovala, n\u00e1m umo\u017enily vyvinout \u0161irokou \u0161k\u00e1lu \u0159e\u0161en\u00ed, kter\u00e1 maj\u00ed z\u00e1sadn\u00ed v\u00fdznam pro komunikaci modern\u00edch finan\u010dn\u00edch instituc\u00ed. Nab\u00edz\u00edme n\u00e1stroje pro snadn\u00fd kontakt mezi spole\u010dnost\u00ed a jej\u00edmi z\u00e1kazn\u00edky, zalo\u017een\u00e9 na slu\u017eb\u00e1ch SMS, VMS nebo MMS.<\/p>\n<!-- \/wp:paragraph --><!-- wp:paragraph -->\n<p>Odv\u011btvov\u011b specializovan\u00e9 slu\u017eby umo\u017e\u0148uj\u00ed komplexn\u00ed obsluhu obchodn\u00edch proces\u016f v bank\u00e1ch, poji\u0161\u0165ovn\u00e1ch a inkasn\u00edch spole\u010dnostech. Nejb\u011b\u017en\u011bj\u0161\u00edm modelem spolupr\u00e1ce s klientem je tvorba \u0159e\u0161en\u00ed na m\u00edru, kter\u00e1 jsou p\u0159izp\u016fsobena po\u017eadavk\u016fm a pot\u0159eb\u00e1m klienta na z\u00e1klad\u011b individu\u00e1ln\u00edho posouzen\u00ed.<\/p>\n<!-- \/wp:paragraph --><!-- wp:paragraph -->\n<p><strong>V\u00fdhody pro finan\u010dn\u00ed spole\u010dnosti vyu\u017e\u00edvaj\u00edc\u00ed na\u0161e slu\u017eby:<\/strong><\/p>\n<!-- \/wp:paragraph --><!-- wp:list -->\n<ul>\n<li>Komplexn\u00ed spr\u00e1va vztah\u016f se z\u00e1kazn\u00edky (upom\u00ednky, ozn\u00e1men\u00ed, inkaso)<\/li>\n<li>Informace a nab\u00eddka nov\u00fdch produkt\u016f a slu\u017eeb<\/li>\n<li>Budov\u00e1n\u00ed vztah\u016f se z\u00e1kazn\u00edky zas\u00edl\u00e1n\u00edm v\u011brnostn\u00edch zpr\u00e1v (nap\u0159. \"D\u011bkujeme, \u017ee jste s n\u00e1mi ji\u017e 5 let\").<\/li>\n<li>Zkoum\u00e1n\u00ed a hodnocen\u00ed po dokon\u010den\u00fdch procesech, nap\u0159. \u00fav\u011br, poji\u0161t\u011bn\u00ed.<\/li>\n<li>Sn\u00ed\u017een\u00ed n\u00e1klad\u016f spojen\u00fdch s dopisn\u00ed korespondenc\u00ed ve prosp\u011bch levn\u00fdch elektronick\u00fdch zpr\u00e1v (nap\u0159. sms, mms).<\/li>\n<\/ul>\n<!-- \/wp:list --><!-- wp:heading \/--><!-- wp:list \/-->\t\t\t\t\t\t<\/div>\n\t\t\t\t<\/div>\n\t\t\t\t\t<\/div>\n\t\t<\/div>\n\t\t\t\t\t\t\t<\/div>\n\t\t<\/section>\n\t\t\t\t<section class=\"elementor-section elementor-top-section elementor-element elementor-element-90b367f elementor-section-stretched elementor-section-boxed elementor-section-height-default elementor-section-height-default\" data-id=\"90b367f\" data-element_type=\"section\" data-settings=\"{&quot;stretch_section&quot;:&quot;section-stretched&quot;}\">\n\t\t\t\t\t\t<div class=\"elementor-container elementor-column-gap-default\">\n\t\t\t\t\t<div class=\"elementor-column elementor-col-50 elementor-top-column elementor-element elementor-element-59103b7\" data-id=\"59103b7\" data-element_type=\"column\">\n\t\t\t<div class=\"elementor-widget-wrap elementor-element-populated\">\n\t\t\t\t\t\t\t\t<div class=\"elementor-element elementor-element-930dbd4 premium-title-center premium-title-color elementor-widget elementor-widget-premium-addon-title\" data-id=\"930dbd4\" data-element_type=\"widget\" data-widget_type=\"premium-addon-title.default\">\n\t\t\t\t<div class=\"elementor-widget-container\">\n\t\t\t\r\n\t\t<div class=\"premium-title-container style3\">\r\n\t\t\t<h2 class=\"premium-title-header premium-title-style3\">\r\n\t\t\t\t\r\n\t\t\t\t\r\n\t\t\t\t\t\t\t\t\t\t\t\t<span class=\"premium-title-text\" >\r\n\t\t\t\t\tSlu\u017eby\t\t\t\t<\/span>\r\n\t\t\t\t\t\r\n\t\t\t\t\t\t\t\t\t\t\t<\/h2>\r\n\t\t<\/div>\r\n\r\n\t\t\t\t<\/div>\n\t\t\t\t<\/div>\n\t\t\t\t<div class=\"elementor-element elementor-element-61602bf elementor-widget elementor-widget-text-editor\" data-id=\"61602bf\" data-element_type=\"widget\" data-widget_type=\"text-editor.default\">\n\t\t\t\t<div class=\"elementor-widget-container\">\n\t\t\t\t\t\t\t<ul>\n<li>Integrace syst\u00e9m\u016f ICT s platformami slu\u017eeb: IVR, SMS, Dialer, Voice Mail<\/li>\n<li>mProfi<\/li>\n<\/ul>\t\t\t\t\t\t<\/div>\n\t\t\t\t<\/div>\n\t\t\t\t\t<\/div>\n\t\t<\/div>\n\t\t\t\t<div class=\"elementor-column elementor-col-50 elementor-top-column elementor-element elementor-element-c8bfe23\" data-id=\"c8bfe23\" data-element_type=\"column\">\n\t\t\t<div class=\"elementor-widget-wrap elementor-element-populated\">\n\t\t\t\t\t\t\t\t<div class=\"elementor-element elementor-element-50a51ee premium-title-center premium-title-color elementor-widget elementor-widget-premium-addon-title\" data-id=\"50a51ee\" data-element_type=\"widget\" data-widget_type=\"premium-addon-title.default\">\n\t\t\t\t<div class=\"elementor-widget-container\">\n\t\t\t\r\n\t\t<div class=\"premium-title-container style3\">\r\n\t\t\t<h2 class=\"premium-title-header premium-title-style3\">\r\n\t\t\t\t\r\n\t\t\t\t\r\n\t\t\t\t\t\t\t\t\t\t\t\t<span class=\"premium-title-text\" >\r\n\t\t\t\t\tD\u016fv\u011b\u0159uj\u00ed n\u00e1m\t\t\t\t<\/span>\r\n\t\t\t\t\t\r\n\t\t\t\t\t\t\t\t\t\t\t<\/h2>\r\n\t\t<\/div>\r\n\r\n\t\t\t\t<\/div>\n\t\t\t\t<\/div>\n\t\t\t\t<div class=\"elementor-element elementor-element-a92e586 elementor-widget elementor-widget-text-editor\" data-id=\"a92e586\" data-element_type=\"widget\" data-widget_type=\"text-editor.default\">\n\t\t\t\t<div class=\"elementor-widget-container\">\n\t\t\t\t\t\t\t<ul>\n<li>Sygma Bank<\/li>\n<li>Raven<\/li>\n<li>Odkaz4<\/li>\n<li>PKO BP Bank<\/li>\n<li>Liberty<\/li>\n<\/ul>\t\t\t\t\t\t<\/div>\n\t\t\t\t<\/div>\n\t\t\t\t\t<\/div>\n\t\t<\/div>\n\t\t\t\t\t\t\t<\/div>\n\t\t<\/section>\n\t\t\t\t\t\t\t<\/div>","protected":false},"excerpt":{"rendered":"<p>V oblasti financ\u00ed si ji\u017e spo\u010d\u00edtali, \u017ee spolehliv\u00e9 informace jsou k nezaplacen\u00ed.\u010cetn\u00e9 projekty, kter\u00e9 na\u0161e spole\u010dnost v posledn\u00edch letech realizovala, n\u00e1m umo\u017enily vyvinout \u0161irokou \u0161k\u00e1lu \u0159e\u0161en\u00ed, kter\u00e1 maj\u00ed z\u00e1sadn\u00ed v\u00fdznam pro komunikaci modern\u00edch finan\u010dn\u00edch instituc\u00ed. Nab\u00edz\u00edme n\u00e1stroje pro snadn\u00fd kontakt mezi spole\u010dnost\u00ed a jej\u00edmi z\u00e1kazn\u00edky, zalo\u017een\u00e9 na slu\u017eb\u00e1ch SMS, VMS nebo MMS. Slu\u017eby ur\u010den\u00e9 pro toto odv\u011btv\u00ed umo\u017e\u0148uj\u00ed komplexn\u00ed [...].<\/p>","protected":false},"author":1,"featured_media":847,"parent":348,"menu_order":3,"comment_status":"closed","ping_status":"closed","template":"","meta":{"footnotes":""},"yoast_head":"<!-- This site is optimized with the Yoast SEO plugin v21.6 - https:\/\/yoast.com\/wordpress\/plugins\/seo\/ -->\n<title>Finanse - COMVERGA Poland<\/title>\n<meta name=\"robots\" content=\"index, follow, max-snippet:-1, max-image-preview:large, max-video-preview:-1\" \/>\n<link rel=\"canonical\" href=\"https:\/\/www.comverga.com\/pol\/cs\/branze\/finanse\/\" \/>\n<meta property=\"og:locale\" content=\"cs_CZ\" \/>\n<meta property=\"og:type\" content=\"article\" \/>\n<meta property=\"og:title\" content=\"Finanse - COMVERGA Poland\" \/>\n<meta property=\"og:description\" content=\"W finansach ju\u017c policzyli, \u017ce rzetelna informacja jest bezcenna.Liczne projekty prowadzone w ostatnich latach przez nasz\u0105 firm\u0119 pozwoli\u0142y nam na wypracowanie bogatej oferty rozwi\u0105za\u0144, b\u0119d\u0105cych podstaw\u0105 w komunikacji nowoczesnych instytucji finansowych. Oferujemy instrumenty s\u0142u\u017c\u0105ce do \u0142atwego kontaktu pomi\u0119dzy firm\u0105 a jej klientami, oparte na us\u0142ugach SMS, VMS czy MMS. Serwisy dedykowane dla bran\u017cy umo\u017cliwiaj\u0105 kompleksow\u0105 [&hellip;]\" \/>\n<meta property=\"og:url\" content=\"https:\/\/www.comverga.com\/pol\/cs\/branze\/finanse\/\" \/>\n<meta property=\"og:site_name\" content=\"COMVERGA Poland\" \/>\n<meta property=\"article:modified_time\" content=\"2021-03-17T16:24:39+00:00\" \/>\n<meta property=\"og:image\" content=\"https:\/\/www.comverga.com\/pol\/wp-content\/uploads\/sites\/2\/2020\/12\/finanse-3.jpg\" \/>\n\t<meta property=\"og:image:width\" content=\"1920\" \/>\n\t<meta property=\"og:image:height\" content=\"620\" \/>\n\t<meta property=\"og:image:type\" content=\"image\/jpeg\" \/>\n<meta name=\"twitter:card\" content=\"summary_large_image\" \/>\n<meta name=\"twitter:label1\" content=\"Odhadovan\u00e1 doba \u010dten\u00ed\" \/>\n\t<meta name=\"twitter:data1\" content=\"1 minuta\" \/>\n<script type=\"application\/ld+json\" class=\"yoast-schema-graph\">{\"@context\":\"https:\/\/schema.org\",\"@graph\":[{\"@type\":\"WebPage\",\"@id\":\"https:\/\/www.comverga.com\/pol\/branze\/finanse\/\",\"url\":\"https:\/\/www.comverga.com\/pol\/branze\/finanse\/\",\"name\":\"Finanse - COMVERGA Poland\",\"isPartOf\":{\"@id\":\"https:\/\/www.comverga.com\/pol\/#website\"},\"datePublished\":\"2020-12-15T14:15:37+00:00\",\"dateModified\":\"2021-03-17T16:24:39+00:00\",\"breadcrumb\":{\"@id\":\"https:\/\/www.comverga.com\/pol\/branze\/finanse\/#breadcrumb\"},\"inLanguage\":\"cs\",\"potentialAction\":[{\"@type\":\"ReadAction\",\"target\":[\"https:\/\/www.comverga.com\/pol\/branze\/finanse\/\"]}]},{\"@type\":\"BreadcrumbList\",\"@id\":\"https:\/\/www.comverga.com\/pol\/branze\/finanse\/#breadcrumb\",\"itemListElement\":[{\"@type\":\"ListItem\",\"position\":1,\"name\":\"Bran\u017ce\",\"item\":\"https:\/\/www.comverga.com\/pol\/branze\/\"},{\"@type\":\"ListItem\",\"position\":2,\"name\":\"Finanse\"}]},{\"@type\":\"WebSite\",\"@id\":\"https:\/\/www.comverga.com\/pol\/#website\",\"url\":\"https:\/\/www.comverga.com\/pol\/\",\"name\":\"COMVERGA Poland\",\"description\":\"Comverga Poland\",\"publisher\":{\"@id\":\"https:\/\/www.comverga.com\/pol\/#organization\"},\"potentialAction\":[{\"@type\":\"SearchAction\",\"target\":{\"@type\":\"EntryPoint\",\"urlTemplate\":\"https:\/\/www.comverga.com\/pol\/?s={search_term_string}\"},\"query-input\":\"required name=search_term_string\"}],\"inLanguage\":\"cs\"},{\"@type\":\"Organization\",\"@id\":\"https:\/\/www.comverga.com\/pol\/#organization\",\"name\":\"COMVERGA Poland\",\"url\":\"https:\/\/www.comverga.com\/pol\/\",\"logo\":{\"@type\":\"ImageObject\",\"inLanguage\":\"cs\",\"@id\":\"https:\/\/www.comverga.com\/pol\/#\/schema\/logo\/image\/\",\"url\":\"https:\/\/www.comverga.com\/pol\/wp-content\/uploads\/sites\/2\/2020\/11\/Comverga_CC.png\",\"contentUrl\":\"https:\/\/www.comverga.com\/pol\/wp-content\/uploads\/sites\/2\/2020\/11\/Comverga_CC.png\",\"width\":800,\"height\":800,\"caption\":\"COMVERGA Poland\"},\"image\":{\"@id\":\"https:\/\/www.comverga.com\/pol\/#\/schema\/logo\/image\/\"}}]}<\/script>\n<!-- \/ Yoast SEO plugin. -->","yoast_head_json":{"title":"Finance - COMVERGA Polsko","robots":{"index":"index","follow":"follow","max-snippet":"max-snippet:-1","max-image-preview":"max-image-preview:large","max-video-preview":"max-video-preview:-1"},"canonical":"https:\/\/www.comverga.com\/pol\/cs\/branze\/finanse\/","og_locale":"cs_CZ","og_type":"article","og_title":"Finanse - COMVERGA Poland","og_description":"W finansach ju\u017c policzyli, \u017ce rzetelna informacja jest bezcenna.Liczne projekty prowadzone w ostatnich latach przez nasz\u0105 firm\u0119 pozwoli\u0142y nam na wypracowanie bogatej oferty rozwi\u0105za\u0144, b\u0119d\u0105cych podstaw\u0105 w komunikacji nowoczesnych instytucji finansowych. Oferujemy instrumenty s\u0142u\u017c\u0105ce do \u0142atwego kontaktu pomi\u0119dzy firm\u0105 a jej klientami, oparte na us\u0142ugach SMS, VMS czy MMS. Serwisy dedykowane dla bran\u017cy umo\u017cliwiaj\u0105 kompleksow\u0105 [&hellip;]","og_url":"https:\/\/www.comverga.com\/pol\/cs\/branze\/finanse\/","og_site_name":"COMVERGA Poland","article_modified_time":"2021-03-17T16:24:39+00:00","og_image":[{"width":1920,"height":620,"url":"https:\/\/www.comverga.com\/pol\/wp-content\/uploads\/sites\/2\/2020\/12\/finanse-3.jpg","type":"image\/jpeg"}],"twitter_card":"summary_large_image","twitter_misc":{"Odhadovan\u00e1 doba \u010dten\u00ed":"1 minuta"},"schema":{"@context":"https:\/\/schema.org","@graph":[{"@type":"WebPage","@id":"https:\/\/www.comverga.com\/pol\/branze\/finanse\/","url":"https:\/\/www.comverga.com\/pol\/branze\/finanse\/","name":"Finance - COMVERGA Polsko","isPartOf":{"@id":"https:\/\/www.comverga.com\/pol\/#website"},"datePublished":"2020-12-15T14:15:37+00:00","dateModified":"2021-03-17T16:24:39+00:00","breadcrumb":{"@id":"https:\/\/www.comverga.com\/pol\/branze\/finanse\/#breadcrumb"},"inLanguage":"cs","potentialAction":[{"@type":"ReadAction","target":["https:\/\/www.comverga.com\/pol\/branze\/finanse\/"]}]},{"@type":"BreadcrumbList","@id":"https:\/\/www.comverga.com\/pol\/branze\/finanse\/#breadcrumb","itemListElement":[{"@type":"ListItem","position":1,"name":"Bran\u017ce","item":"https:\/\/www.comverga.com\/pol\/branze\/"},{"@type":"ListItem","position":2,"name":"Finanse"}]},{"@type":"WebSite","@id":"https:\/\/www.comverga.com\/pol\/#website","url":"https:\/\/www.comverga.com\/pol\/","name":"COMVERGA Polsko","description":"Comverga Polsko","publisher":{"@id":"https:\/\/www.comverga.com\/pol\/#organization"},"potentialAction":[{"@type":"SearchAction","target":{"@type":"EntryPoint","urlTemplate":"https:\/\/www.comverga.com\/pol\/?s={search_term_string}"},"query-input":"required name=search_term_string"}],"inLanguage":"cs"},{"@type":"Organization","@id":"https:\/\/www.comverga.com\/pol\/#organization","name":"COMVERGA Polsko","url":"https:\/\/www.comverga.com\/pol\/","logo":{"@type":"ImageObject","inLanguage":"cs","@id":"https:\/\/www.comverga.com\/pol\/#\/schema\/logo\/image\/","url":"https:\/\/www.comverga.com\/pol\/wp-content\/uploads\/sites\/2\/2020\/11\/Comverga_CC.png","contentUrl":"https:\/\/www.comverga.com\/pol\/wp-content\/uploads\/sites\/2\/2020\/11\/Comverga_CC.png","width":800,"height":800,"caption":"COMVERGA Poland"},"image":{"@id":"https:\/\/www.comverga.com\/pol\/#\/schema\/logo\/image\/"}}]}},"_links":{"self":[{"href":"https:\/\/www.comverga.com\/pol\/cs\/wp-json\/wp\/v2\/pages\/846"}],"collection":[{"href":"https:\/\/www.comverga.com\/pol\/cs\/wp-json\/wp\/v2\/pages"}],"about":[{"href":"https:\/\/www.comverga.com\/pol\/cs\/wp-json\/wp\/v2\/types\/page"}],"author":[{"embeddable":true,"href":"https:\/\/www.comverga.com\/pol\/cs\/wp-json\/wp\/v2\/users\/1"}],"replies":[{"embeddable":true,"href":"https:\/\/www.comverga.com\/pol\/cs\/wp-json\/wp\/v2\/comments?post=846"}],"version-history":[{"count":13,"href":"https:\/\/www.comverga.com\/pol\/cs\/wp-json\/wp\/v2\/pages\/846\/revisions"}],"predecessor-version":[{"id":2076,"href":"https:\/\/www.comverga.com\/pol\/cs\/wp-json\/wp\/v2\/pages\/846\/revisions\/2076"}],"up":[{"embeddable":true,"href":"https:\/\/www.comverga.com\/pol\/cs\/wp-json\/wp\/v2\/pages\/348"}],"wp:featuredmedia":[{"embeddable":true,"href":"https:\/\/www.comverga.com\/pol\/cs\/wp-json\/wp\/v2\/media\/847"}],"wp:attachment":[{"href":"https:\/\/www.comverga.com\/pol\/cs\/wp-json\/wp\/v2\/media?parent=846"}],"curies":[{"name":"wp","href":"https:\/\/api.w.org\/{rel}","templated":true}]}}