{"id":853,"date":"2020-12-15T15:19:14","date_gmt":"2020-12-15T14:19:14","guid":{"rendered":"https:\/\/www.comverga.com\/pol\/?page_id=853"},"modified":"2021-03-17T17:29:41","modified_gmt":"2021-03-17T16:29:41","slug":"opieka-medyczna","status":"publish","type":"page","link":"https:\/\/www.comverga.com\/pol\/cs\/branze\/opieka-medyczna\/","title":{"rendered":"L\u00e9ka\u0159sk\u00e1 p\u00e9\u010de"},"content":{"rendered":"<div data-elementor-type=\"wp-page\" data-elementor-id=\"853\" class=\"elementor elementor-853\">\n\t\t\t\t\t\t\t\t\t<section class=\"elementor-section elementor-top-section elementor-element elementor-element-61429b63 elementor-section-stretched elementor-section-boxed elementor-section-height-default elementor-section-height-default\" data-id=\"61429b63\" data-element_type=\"section\" data-settings=\"{&quot;stretch_section&quot;:&quot;section-stretched&quot;,&quot;background_background&quot;:&quot;classic&quot;}\">\n\t\t\t\t\t\t<div class=\"elementor-container elementor-column-gap-default\">\n\t\t\t\t\t<div class=\"elementor-column elementor-col-100 elementor-top-column elementor-element elementor-element-6f361380\" data-id=\"6f361380\" data-element_type=\"column\">\n\t\t\t<div class=\"elementor-widget-wrap elementor-element-populated\">\n\t\t\t\t\t\t\t\t<div class=\"elementor-element elementor-element-b5b33fb elementor-widget elementor-widget-heading\" data-id=\"b5b33fb\" data-element_type=\"widget\" data-widget_type=\"heading.default\">\n\t\t\t\t<div class=\"elementor-widget-container\">\n\t\t\t<h2 class=\"elementor-heading-title elementor-size-large\">Zam\u011b\u0159en\u00ed na zdravou komunikaci<\/h2>\t\t<\/div>\n\t\t\t\t<\/div>\n\t\t\t\t<div class=\"elementor-element elementor-element-0c4ae0e elementor-widget-divider--view-line elementor-widget elementor-widget-divider\" data-id=\"0c4ae0e\" data-element_type=\"widget\" data-widget_type=\"divider.default\">\n\t\t\t\t<div class=\"elementor-widget-container\">\n\t\t\t\t\t<div class=\"elementor-divider\">\n\t\t\t<span class=\"elementor-divider-separator\">\n\t\t\t\t\t\t<\/span>\n\t\t<\/div>\n\t\t\t\t<\/div>\n\t\t\t\t<\/div>\n\t\t\t\t<div class=\"elementor-element elementor-element-f3ad457 elementor-widget elementor-widget-text-editor\" data-id=\"f3ad457\" data-element_type=\"widget\" data-widget_type=\"text-editor.default\">\n\t\t\t\t<div class=\"elementor-widget-container\">\n\t\t\t\t\t\t\t<!-- wp:paragraph -->\n<p>Nab\u00edz\u00edme specializovan\u00e1 \u0159e\u0161en\u00ed pro \u0161iroce ch\u00e1pan\u00fd sektor zdravotnictv\u00ed. \u010cetn\u00e9 projekty, kter\u00e9 na\u0161e spole\u010dnost v posledn\u00edch letech realizovala, n\u00e1m umo\u017enily vyvinout \u0161irokou \u0161k\u00e1lu produkt\u016f ur\u010den\u00fdch subjekt\u016fm, kter\u00e9 poskytuj\u00ed zdravotnick\u00e9 slu\u017eby a cen\u00ed si dobr\u00e9ho kontaktu s pacientem. Poskytujeme komplexn\u00ed slu\u017eby pro velk\u00e9 l\u00e9ka\u0159sk\u00e9 skupiny, jednotliv\u00e9 nemocnice i men\u0161\u00ed ordinace a kliniky .<\/p>\n<!-- \/wp:paragraph --><!-- wp:paragraph -->\n<p>Z na\u0161eho rozs\u00e1hl\u00e9ho portfolia produkt\u016f jsou v oblasti zdravotnictv\u00ed nej\u00fasp\u011b\u0161n\u011bj\u0161\u00ed slu\u017eby mProfi a profilovan\u00e1 \u0159e\u0161en\u00ed na m\u00edru.<\/p>\n<!-- \/wp:paragraph --><!-- wp:heading -->\n<h2>P\u0159\u00edle\u017eitosti, kter\u00e9 na\u0161e slu\u017eby nab\u00edzej\u00ed:<\/h2>\n<!-- \/wp:heading --><!-- wp:list -->\n<ul>\n<li>Osv\u011bd\u010den\u00e1 jednosm\u011brn\u00e1 a obousm\u011brn\u00e1 komunikace mezi zdravotnick\u00fdm za\u0159\u00edzen\u00edm a pacientem.<\/li>\n<li>Spr\u00e1va kalend\u00e1\u0159e sch\u016fzek (potvrzov\u00e1n\u00ed, odkl\u00e1d\u00e1n\u00ed a ru\u0161en\u00ed sch\u016fzek).<\/li>\n<li>Zji\u0161\u0165ov\u00e1n\u00ed n\u00e1zor\u016f a prov\u00e1d\u011bn\u00ed pr\u016fzkum\u016f mezi pacienty<\/li>\n<li>Zas\u00edl\u00e1n\u00ed individu\u00e1ln\u00edch marketingov\u00fdch sd\u011blen\u00ed, nap\u0159. slev, ale tak\u00e9 odborn\u00fdch sd\u011blen\u00ed, nap\u0159. l\u00e9ka\u0159sk\u00fdch rad.<\/li>\n<li>Mo\u017enost pln\u00e9 integrace s vlastn\u00edmi syst\u00e9my pro rezervaci term\u00edn\u016f v za\u0159\u00edzen\u00edch<\/li>\n<\/ul>\n<!-- \/wp:list --><!-- wp:heading \/--><!-- wp:list \/-->\t\t\t\t\t\t<\/div>\n\t\t\t\t<\/div>\n\t\t\t\t\t<\/div>\n\t\t<\/div>\n\t\t\t\t\t\t\t<\/div>\n\t\t<\/section>\n\t\t\t\t<section class=\"elementor-section elementor-top-section elementor-element elementor-element-7f6e066 elementor-section-stretched elementor-section-boxed elementor-section-height-default elementor-section-height-default\" data-id=\"7f6e066\" data-element_type=\"section\" data-settings=\"{&quot;stretch_section&quot;:&quot;section-stretched&quot;}\">\n\t\t\t\t\t\t<div class=\"elementor-container elementor-column-gap-default\">\n\t\t\t\t\t<div class=\"elementor-column elementor-col-50 elementor-top-column elementor-element elementor-element-5de63ca\" data-id=\"5de63ca\" data-element_type=\"column\">\n\t\t\t<div class=\"elementor-widget-wrap elementor-element-populated\">\n\t\t\t\t\t\t\t\t<div class=\"elementor-element elementor-element-a66c482 premium-title-center premium-title-color elementor-widget elementor-widget-premium-addon-title\" data-id=\"a66c482\" data-element_type=\"widget\" data-widget_type=\"premium-addon-title.default\">\n\t\t\t\t<div class=\"elementor-widget-container\">\n\t\t\t\r\n\t\t<div class=\"premium-title-container style3\">\r\n\t\t\t<h2 class=\"premium-title-header premium-title-style3\">\r\n\t\t\t\t\r\n\t\t\t\t\r\n\t\t\t\t\t\t\t\t\t\t\t\t<span class=\"premium-title-text\" >\r\n\t\t\t\t\tSlu\u017eby\t\t\t\t<\/span>\r\n\t\t\t\t\t\r\n\t\t\t\t\t\t\t\t\t\t\t<\/h2>\r\n\t\t<\/div>\r\n\r\n\t\t\t\t<\/div>\n\t\t\t\t<\/div>\n\t\t\t\t<div class=\"elementor-element elementor-element-7152c28 elementor-widget elementor-widget-text-editor\" data-id=\"7152c28\" data-element_type=\"widget\" data-widget_type=\"text-editor.default\">\n\t\t\t\t<div class=\"elementor-widget-container\">\n\t\t\t\t\t\t\t<ul>\n<li>Na m\u00edru \u0161it\u00e9<\/li>\n<li>Hotov\u00e1 \u0159e\u0161en\u00ed mProfi<\/li>\n<li>Mobiln\u00ed aplikace<\/li>\n<\/ul>\t\t\t\t\t\t<\/div>\n\t\t\t\t<\/div>\n\t\t\t\t\t<\/div>\n\t\t<\/div>\n\t\t\t\t<div class=\"elementor-column elementor-col-50 elementor-top-column elementor-element elementor-element-dab38e2\" data-id=\"dab38e2\" data-element_type=\"column\">\n\t\t\t<div class=\"elementor-widget-wrap elementor-element-populated\">\n\t\t\t\t\t\t\t\t<div class=\"elementor-element elementor-element-a93003c premium-title-center premium-title-color elementor-widget elementor-widget-premium-addon-title\" data-id=\"a93003c\" data-element_type=\"widget\" data-widget_type=\"premium-addon-title.default\">\n\t\t\t\t<div class=\"elementor-widget-container\">\n\t\t\t\r\n\t\t<div class=\"premium-title-container style3\">\r\n\t\t\t<h2 class=\"premium-title-header premium-title-style3\">\r\n\t\t\t\t\r\n\t\t\t\t\r\n\t\t\t\t\t\t\t\t\t\t\t\t<span class=\"premium-title-text\" >\r\n\t\t\t\t\tD\u016fv\u011b\u0159uj\u00ed n\u00e1m\t\t\t\t<\/span>\r\n\t\t\t\t\t\r\n\t\t\t\t\t\t\t\t\t\t\t<\/h2>\r\n\t\t<\/div>\r\n\r\n\t\t\t\t<\/div>\n\t\t\t\t<\/div>\n\t\t\t\t<div class=\"elementor-element elementor-element-dc1d246 elementor-widget elementor-widget-text-editor\" data-id=\"dc1d246\" data-element_type=\"widget\" data-widget_type=\"text-editor.default\">\n\t\t\t\t<div class=\"elementor-widget-container\">\n\t\t\t\t\t\t\t<ul>\n<li>Lux Med - P\u0159\u00edpadov\u00e1 studie<\/li>\n<li>Medicover<\/li>\n<li>Damian Centre<\/li>\n<\/ul>\t\t\t\t\t\t<\/div>\n\t\t\t\t<\/div>\n\t\t\t\t\t<\/div>\n\t\t<\/div>\n\t\t\t\t\t\t\t<\/div>\n\t\t<\/section>\n\t\t\t\t\t\t\t<\/div>","protected":false},"excerpt":{"rendered":"<p>Vsa\u010fte na zdravou komunikaci Nab\u00edz\u00edme specializovan\u00e1 \u0159e\u0161en\u00ed pro zdravotnictv\u00ed v nej\u0161ir\u0161\u00edm slova smyslu. \u010cetn\u00e9 projekty, kter\u00e9 na\u0161e spole\u010dnost v posledn\u00edch letech realizovala, n\u00e1m umo\u017enily vyvinout \u0161irokou \u0161k\u00e1lu produkt\u016f ur\u010den\u00fdch subjekt\u016fm, kter\u00e9 poskytuj\u00ed zdravotnick\u00e9 slu\u017eby a cen\u00ed si dobr\u00e9ho kontaktu s pacientem. Umo\u017e\u0148ujeme komplexn\u00ed slu\u017eby pro velk\u00e9 l\u00e9ka\u0159sk\u00e9 skupiny, jednotliv\u00e9 nemocnice, ale i men\u0161\u00ed ordinace, a to jak pro [...]<\/p>","protected":false},"author":1,"featured_media":854,"parent":348,"menu_order":4,"comment_status":"closed","ping_status":"closed","template":"","meta":{"footnotes":""},"yoast_head":"<!-- This site is optimized with the Yoast SEO plugin v21.6 - https:\/\/yoast.com\/wordpress\/plugins\/seo\/ -->\n<title>Opieka medyczna - COMVERGA Poland<\/title>\n<meta name=\"robots\" content=\"index, follow, max-snippet:-1, max-image-preview:large, max-video-preview:-1\" \/>\n<link rel=\"canonical\" href=\"https:\/\/www.comverga.com\/pol\/cs\/branze\/opieka-medyczna\/\" \/>\n<meta property=\"og:locale\" content=\"cs_CZ\" \/>\n<meta property=\"og:type\" content=\"article\" \/>\n<meta property=\"og:title\" content=\"Opieka medyczna - COMVERGA Poland\" \/>\n<meta property=\"og:description\" content=\"Postaw na zdrow\u0105 komunikacj\u0119 Oferujemy rozwi\u0105zania dedykowane dla szeroko rozumianego sektora ochrony zdrowia. Liczne projekty prowadzone w ostatnich latach przez nasz\u0105 firm\u0119 pozwoli\u0142y nam na wypracowanie bogatej oferty produkt\u00f3w kierowanych do podmiot\u00f3w, kt\u00f3re \u015bwiadcz\u0105 us\u0142ugi medyczne i ceni\u0105 sobie dobry kontakt z pacjentem. Umo\u017cliwiamy kompleksow\u0105 obs\u0142ug\u0119 du\u017cych grup medycznych, pojedynczych szpitali, a tak\u017ce mniejszych gabinet\u00f3w [&hellip;]\" \/>\n<meta property=\"og:url\" content=\"https:\/\/www.comverga.com\/pol\/cs\/branze\/opieka-medyczna\/\" \/>\n<meta property=\"og:site_name\" content=\"COMVERGA Poland\" \/>\n<meta property=\"article:modified_time\" content=\"2021-03-17T16:29:41+00:00\" \/>\n<meta property=\"og:image\" content=\"https:\/\/www.comverga.com\/pol\/wp-content\/uploads\/sites\/2\/2020\/12\/opieka-medyczna.jpg\" \/>\n\t<meta property=\"og:image:width\" content=\"1920\" \/>\n\t<meta property=\"og:image:height\" content=\"620\" \/>\n\t<meta property=\"og:image:type\" content=\"image\/jpeg\" \/>\n<meta name=\"twitter:card\" content=\"summary_large_image\" \/>\n<meta name=\"twitter:label1\" content=\"Odhadovan\u00e1 doba \u010dten\u00ed\" \/>\n\t<meta name=\"twitter:data1\" content=\"1 minuta\" \/>\n<script type=\"application\/ld+json\" class=\"yoast-schema-graph\">{\"@context\":\"https:\/\/schema.org\",\"@graph\":[{\"@type\":\"WebPage\",\"@id\":\"https:\/\/www.comverga.com\/pol\/branze\/opieka-medyczna\/\",\"url\":\"https:\/\/www.comverga.com\/pol\/branze\/opieka-medyczna\/\",\"name\":\"Opieka medyczna - COMVERGA Poland\",\"isPartOf\":{\"@id\":\"https:\/\/www.comverga.com\/pol\/#website\"},\"datePublished\":\"2020-12-15T14:19:14+00:00\",\"dateModified\":\"2021-03-17T16:29:41+00:00\",\"breadcrumb\":{\"@id\":\"https:\/\/www.comverga.com\/pol\/branze\/opieka-medyczna\/#breadcrumb\"},\"inLanguage\":\"cs\",\"potentialAction\":[{\"@type\":\"ReadAction\",\"target\":[\"https:\/\/www.comverga.com\/pol\/branze\/opieka-medyczna\/\"]}]},{\"@type\":\"BreadcrumbList\",\"@id\":\"https:\/\/www.comverga.com\/pol\/branze\/opieka-medyczna\/#breadcrumb\",\"itemListElement\":[{\"@type\":\"ListItem\",\"position\":1,\"name\":\"Bran\u017ce\",\"item\":\"https:\/\/www.comverga.com\/pol\/branze\/\"},{\"@type\":\"ListItem\",\"position\":2,\"name\":\"Opieka medyczna\"}]},{\"@type\":\"WebSite\",\"@id\":\"https:\/\/www.comverga.com\/pol\/#website\",\"url\":\"https:\/\/www.comverga.com\/pol\/\",\"name\":\"COMVERGA Poland\",\"description\":\"Comverga Poland\",\"publisher\":{\"@id\":\"https:\/\/www.comverga.com\/pol\/#organization\"},\"potentialAction\":[{\"@type\":\"SearchAction\",\"target\":{\"@type\":\"EntryPoint\",\"urlTemplate\":\"https:\/\/www.comverga.com\/pol\/?s={search_term_string}\"},\"query-input\":\"required name=search_term_string\"}],\"inLanguage\":\"cs\"},{\"@type\":\"Organization\",\"@id\":\"https:\/\/www.comverga.com\/pol\/#organization\",\"name\":\"COMVERGA Poland\",\"url\":\"https:\/\/www.comverga.com\/pol\/\",\"logo\":{\"@type\":\"ImageObject\",\"inLanguage\":\"cs\",\"@id\":\"https:\/\/www.comverga.com\/pol\/#\/schema\/logo\/image\/\",\"url\":\"https:\/\/www.comverga.com\/pol\/wp-content\/uploads\/sites\/2\/2020\/11\/Comverga_CC.png\",\"contentUrl\":\"https:\/\/www.comverga.com\/pol\/wp-content\/uploads\/sites\/2\/2020\/11\/Comverga_CC.png\",\"width\":800,\"height\":800,\"caption\":\"COMVERGA Poland\"},\"image\":{\"@id\":\"https:\/\/www.comverga.com\/pol\/#\/schema\/logo\/image\/\"}}]}<\/script>\n<!-- \/ Yoast SEO plugin. -->","yoast_head_json":{"title":"L\u00e9ka\u0159sk\u00e1 p\u00e9\u010de - COMVERGA Polsko","robots":{"index":"index","follow":"follow","max-snippet":"max-snippet:-1","max-image-preview":"max-image-preview:large","max-video-preview":"max-video-preview:-1"},"canonical":"https:\/\/www.comverga.com\/pol\/cs\/branze\/opieka-medyczna\/","og_locale":"cs_CZ","og_type":"article","og_title":"Opieka medyczna - COMVERGA Poland","og_description":"Postaw na zdrow\u0105 komunikacj\u0119 Oferujemy rozwi\u0105zania dedykowane dla szeroko rozumianego sektora ochrony zdrowia. Liczne projekty prowadzone w ostatnich latach przez nasz\u0105 firm\u0119 pozwoli\u0142y nam na wypracowanie bogatej oferty produkt\u00f3w kierowanych do podmiot\u00f3w, kt\u00f3re \u015bwiadcz\u0105 us\u0142ugi medyczne i ceni\u0105 sobie dobry kontakt z pacjentem. Umo\u017cliwiamy kompleksow\u0105 obs\u0142ug\u0119 du\u017cych grup medycznych, pojedynczych szpitali, a tak\u017ce mniejszych gabinet\u00f3w [&hellip;]","og_url":"https:\/\/www.comverga.com\/pol\/cs\/branze\/opieka-medyczna\/","og_site_name":"COMVERGA Poland","article_modified_time":"2021-03-17T16:29:41+00:00","og_image":[{"width":1920,"height":620,"url":"https:\/\/www.comverga.com\/pol\/wp-content\/uploads\/sites\/2\/2020\/12\/opieka-medyczna.jpg","type":"image\/jpeg"}],"twitter_card":"summary_large_image","twitter_misc":{"Odhadovan\u00e1 doba \u010dten\u00ed":"1 minuta"},"schema":{"@context":"https:\/\/schema.org","@graph":[{"@type":"WebPage","@id":"https:\/\/www.comverga.com\/pol\/branze\/opieka-medyczna\/","url":"https:\/\/www.comverga.com\/pol\/branze\/opieka-medyczna\/","name":"L\u00e9ka\u0159sk\u00e1 p\u00e9\u010de - COMVERGA Polsko","isPartOf":{"@id":"https:\/\/www.comverga.com\/pol\/#website"},"datePublished":"2020-12-15T14:19:14+00:00","dateModified":"2021-03-17T16:29:41+00:00","breadcrumb":{"@id":"https:\/\/www.comverga.com\/pol\/branze\/opieka-medyczna\/#breadcrumb"},"inLanguage":"cs","potentialAction":[{"@type":"ReadAction","target":["https:\/\/www.comverga.com\/pol\/branze\/opieka-medyczna\/"]}]},{"@type":"BreadcrumbList","@id":"https:\/\/www.comverga.com\/pol\/branze\/opieka-medyczna\/#breadcrumb","itemListElement":[{"@type":"ListItem","position":1,"name":"Bran\u017ce","item":"https:\/\/www.comverga.com\/pol\/branze\/"},{"@type":"ListItem","position":2,"name":"Opieka medyczna"}]},{"@type":"WebSite","@id":"https:\/\/www.comverga.com\/pol\/#website","url":"https:\/\/www.comverga.com\/pol\/","name":"COMVERGA Polsko","description":"Comverga Polsko","publisher":{"@id":"https:\/\/www.comverga.com\/pol\/#organization"},"potentialAction":[{"@type":"SearchAction","target":{"@type":"EntryPoint","urlTemplate":"https:\/\/www.comverga.com\/pol\/?s={search_term_string}"},"query-input":"required name=search_term_string"}],"inLanguage":"cs"},{"@type":"Organization","@id":"https:\/\/www.comverga.com\/pol\/#organization","name":"COMVERGA Polsko","url":"https:\/\/www.comverga.com\/pol\/","logo":{"@type":"ImageObject","inLanguage":"cs","@id":"https:\/\/www.comverga.com\/pol\/#\/schema\/logo\/image\/","url":"https:\/\/www.comverga.com\/pol\/wp-content\/uploads\/sites\/2\/2020\/11\/Comverga_CC.png","contentUrl":"https:\/\/www.comverga.com\/pol\/wp-content\/uploads\/sites\/2\/2020\/11\/Comverga_CC.png","width":800,"height":800,"caption":"COMVERGA Poland"},"image":{"@id":"https:\/\/www.comverga.com\/pol\/#\/schema\/logo\/image\/"}}]}},"_links":{"self":[{"href":"https:\/\/www.comverga.com\/pol\/cs\/wp-json\/wp\/v2\/pages\/853"}],"collection":[{"href":"https:\/\/www.comverga.com\/pol\/cs\/wp-json\/wp\/v2\/pages"}],"about":[{"href":"https:\/\/www.comverga.com\/pol\/cs\/wp-json\/wp\/v2\/types\/page"}],"author":[{"embeddable":true,"href":"https:\/\/www.comverga.com\/pol\/cs\/wp-json\/wp\/v2\/users\/1"}],"replies":[{"embeddable":true,"href":"https:\/\/www.comverga.com\/pol\/cs\/wp-json\/wp\/v2\/comments?post=853"}],"version-history":[{"count":11,"href":"https:\/\/www.comverga.com\/pol\/cs\/wp-json\/wp\/v2\/pages\/853\/revisions"}],"predecessor-version":[{"id":2079,"href":"https:\/\/www.comverga.com\/pol\/cs\/wp-json\/wp\/v2\/pages\/853\/revisions\/2079"}],"up":[{"embeddable":true,"href":"https:\/\/www.comverga.com\/pol\/cs\/wp-json\/wp\/v2\/pages\/348"}],"wp:featuredmedia":[{"embeddable":true,"href":"https:\/\/www.comverga.com\/pol\/cs\/wp-json\/wp\/v2\/media\/854"}],"wp:attachment":[{"href":"https:\/\/www.comverga.com\/pol\/cs\/wp-json\/wp\/v2\/media?parent=853"}],"curies":[{"name":"wp","href":"https:\/\/api.w.org\/{rel}","templated":true}]}}