{"id":859,"date":"2020-12-15T15:21:33","date_gmt":"2020-12-15T14:21:33","guid":{"rendered":"https:\/\/www.comverga.com\/pol\/?page_id=859"},"modified":"2021-03-17T17:36:28","modified_gmt":"2021-03-17T16:36:28","slug":"telekomunikacja","status":"publish","type":"page","link":"https:\/\/www.comverga.com\/pol\/cs\/branze\/telekomunikacja\/","title":{"rendered":"Telekomunikace"},"content":{"rendered":"<div data-elementor-type=\"wp-page\" data-elementor-id=\"859\" class=\"elementor elementor-859\">\n\t\t\t\t\t\t\t\t\t<section class=\"elementor-section elementor-top-section elementor-element elementor-element-6ad0f0da elementor-section-stretched elementor-section-boxed elementor-section-height-default elementor-section-height-default\" data-id=\"6ad0f0da\" data-element_type=\"section\" data-settings=\"{&quot;stretch_section&quot;:&quot;section-stretched&quot;,&quot;background_background&quot;:&quot;classic&quot;}\">\n\t\t\t\t\t\t<div class=\"elementor-container elementor-column-gap-default\">\n\t\t\t\t\t<div class=\"elementor-column elementor-col-100 elementor-top-column elementor-element elementor-element-566cd718\" data-id=\"566cd718\" data-element_type=\"column\">\n\t\t\t<div class=\"elementor-widget-wrap elementor-element-populated\">\n\t\t\t\t\t\t\t\t<div class=\"elementor-element elementor-element-833725b elementor-widget elementor-widget-heading\" data-id=\"833725b\" data-element_type=\"widget\" data-widget_type=\"heading.default\">\n\t\t\t\t<div class=\"elementor-widget-container\">\n\t\t\t<h2 class=\"elementor-heading-title elementor-size-large\">Spojujeme se s lidmi<\/h2>\t\t<\/div>\n\t\t\t\t<\/div>\n\t\t\t\t<div class=\"elementor-element elementor-element-4a839e7 elementor-widget-divider--view-line elementor-widget elementor-widget-divider\" data-id=\"4a839e7\" data-element_type=\"widget\" data-widget_type=\"divider.default\">\n\t\t\t\t<div class=\"elementor-widget-container\">\n\t\t\t\t\t<div class=\"elementor-divider\">\n\t\t\t<span class=\"elementor-divider-separator\">\n\t\t\t\t\t\t<\/span>\n\t\t<\/div>\n\t\t\t\t<\/div>\n\t\t\t\t<\/div>\n\t\t\t\t<div class=\"elementor-element elementor-element-322f49ae elementor-widget elementor-widget-text-editor\" data-id=\"322f49ae\" data-element_type=\"widget\" data-widget_type=\"text-editor.default\">\n\t\t\t\t<div class=\"elementor-widget-container\">\n\t\t\t\t\t\t\t<!-- wp:paragraph -->\n<p>V r\u00e1mci na\u0161\u00ed nab\u00eddky ur\u010den\u00e9 pro telekomunika\u010dn\u00ed pr\u016fmysl umo\u017e\u0148ujeme z\u00e1kazn\u00edk\u016fm pln\u011b ovl\u00e1dat proces komunikace s jejich \u00fa\u010dastn\u00edky. V reakci na st\u00e1le se roz\u0161i\u0159uj\u00edc\u00ed nab\u00eddku mobiln\u00edch slu\u017eeb jsme vyvinuli n\u00e1stroje zalo\u017een\u00e9 na SMS, VMS a MMS, kter\u00e9 zefektiv\u0148uj\u00ed v\u00fdm\u011bnu informac\u00ed a pom\u00e1haj\u00ed je\u0161t\u011b efektivn\u011bji oslovit va\u0161e publikum.<\/p>\n<!-- \/wp:paragraph --><!-- wp:paragraph -->\n<p>Telekomunika\u010dn\u00edm partner\u016fm nab\u00edz\u00edme mProfi, kter\u00e9 lze pln\u011b p\u0159izp\u016fsobit a roz\u0161\u00ed\u0159it podle individu\u00e1ln\u00edch po\u017eadavk\u016f. V praxi to znamen\u00e1, \u017ee oper\u00e1tor m\u016f\u017ee n\u00e1stroj roz\u0161\u00ed\u0159it o vlastn\u00ed moduly nebo p\u0159epracovat vzhled a - nap\u0159\u00edklad - um\u00edstit vlastn\u00ed logo (model white labelling).<\/p>\n<!-- \/wp:paragraph --><!-- wp:paragraph -->\n<p>Navrhujeme tak\u00e9 roz\u0161\u00ed\u0159it st\u00e1vaj\u00edc\u00ed \u0159e\u0161en\u00ed o dal\u0161\u00ed prvky, jako jsou s\u00ed\u0165ov\u00e1 za\u0159\u00edzen\u00ed, WAP GW, SMSC, signaliza\u010dn\u00ed uzel, platforma pro spr\u00e1vu obsahu MACS a mnoho dal\u0161\u00edch.<\/p>\n<!-- \/wp:paragraph --><!-- wp:heading \/--><!-- wp:list \/--><!-- wp:heading \/--><!-- wp:list \/--><!-- wp:heading \/--><!-- wp:list \/-->\t\t\t\t\t\t<\/div>\n\t\t\t\t<\/div>\n\t\t\t\t\t<\/div>\n\t\t<\/div>\n\t\t\t\t\t\t\t<\/div>\n\t\t<\/section>\n\t\t\t\t<section class=\"elementor-section elementor-top-section elementor-element elementor-element-9981c9e elementor-section-stretched elementor-section-boxed elementor-section-height-default elementor-section-height-default\" data-id=\"9981c9e\" data-element_type=\"section\" data-settings=\"{&quot;stretch_section&quot;:&quot;section-stretched&quot;}\">\n\t\t\t\t\t\t<div class=\"elementor-container elementor-column-gap-default\">\n\t\t\t\t\t<div class=\"elementor-column elementor-col-50 elementor-top-column elementor-element elementor-element-86d423b\" data-id=\"86d423b\" data-element_type=\"column\">\n\t\t\t<div class=\"elementor-widget-wrap elementor-element-populated\">\n\t\t\t\t\t\t\t\t<div class=\"elementor-element elementor-element-00ff12f premium-title-center premium-title-color elementor-widget elementor-widget-premium-addon-title\" data-id=\"00ff12f\" data-element_type=\"widget\" data-widget_type=\"premium-addon-title.default\">\n\t\t\t\t<div class=\"elementor-widget-container\">\n\t\t\t\r\n\t\t<div class=\"premium-title-container style3\">\r\n\t\t\t<h2 class=\"premium-title-header premium-title-style3\">\r\n\t\t\t\t\r\n\t\t\t\t\r\n\t\t\t\t\t\t\t\t\t\t\t\t<span class=\"premium-title-text\" >\r\n\t\t\t\t\tSlu\u017eby\t\t\t\t<\/span>\r\n\t\t\t\t\t\r\n\t\t\t\t\t\t\t\t\t\t\t<\/h2>\r\n\t\t<\/div>\r\n\r\n\t\t\t\t<\/div>\n\t\t\t\t<\/div>\n\t\t\t\t<div class=\"elementor-element elementor-element-a1e714d elementor-widget elementor-widget-text-editor\" data-id=\"a1e714d\" data-element_type=\"widget\" data-widget_type=\"text-editor.default\">\n\t\t\t\t<div class=\"elementor-widget-container\">\n\t\t\t\t\t\t\t<ul>\n<li>Slu\u017eby na m\u00edru<\/li>\n<li>Telekomunika\u010dn\u00ed platformy: WAP GW, SMSC, syst\u00e9m hlasov\u00e9 po\u0161ty, signaliza\u010dn\u00ed uzel<\/li>\n<li>mProfi<\/li>\n<li>Mobiln\u00ed aplikace<\/li>\n<\/ul>\t\t\t\t\t\t<\/div>\n\t\t\t\t<\/div>\n\t\t\t\t\t<\/div>\n\t\t<\/div>\n\t\t\t\t<div class=\"elementor-column elementor-col-50 elementor-top-column elementor-element elementor-element-290ce08\" data-id=\"290ce08\" data-element_type=\"column\">\n\t\t\t<div class=\"elementor-widget-wrap elementor-element-populated\">\n\t\t\t\t\t\t\t\t<div class=\"elementor-element elementor-element-d1a49bb premium-title-center premium-title-color elementor-widget elementor-widget-premium-addon-title\" data-id=\"d1a49bb\" data-element_type=\"widget\" data-widget_type=\"premium-addon-title.default\">\n\t\t\t\t<div class=\"elementor-widget-container\">\n\t\t\t\r\n\t\t<div class=\"premium-title-container style3\">\r\n\t\t\t<h2 class=\"premium-title-header premium-title-style3\">\r\n\t\t\t\t\r\n\t\t\t\t\r\n\t\t\t\t\t\t\t\t\t\t\t\t<span class=\"premium-title-text\" >\r\n\t\t\t\t\tD\u016fv\u011b\u0159uj\u00ed n\u00e1m\t\t\t\t<\/span>\r\n\t\t\t\t\t\r\n\t\t\t\t\t\t\t\t\t\t\t<\/h2>\r\n\t\t<\/div>\r\n\r\n\t\t\t\t<\/div>\n\t\t\t\t<\/div>\n\t\t\t\t<div class=\"elementor-element elementor-element-66d502f elementor-widget elementor-widget-text-editor\" data-id=\"66d502f\" data-element_type=\"widget\" data-widget_type=\"text-editor.default\">\n\t\t\t\t<div class=\"elementor-widget-container\">\n\t\t\t\t\t\t\t<ul>\n<li>Telekomunikacja Polska S.A. - P\u0159\u00edpadov\u00e1 studie<\/li>\n<li>Orange<\/li>\n<li>T-Mobile<\/li>\n<li>P4<\/li>\n<li>UPC<\/li>\n<li>Sferia<\/li>\n<\/ul>\t\t\t\t\t\t<\/div>\n\t\t\t\t<\/div>\n\t\t\t\t\t<\/div>\n\t\t<\/div>\n\t\t\t\t\t\t\t<\/div>\n\t\t<\/section>\n\t\t\t\t<section class=\"elementor-section elementor-top-section elementor-element elementor-element-ad06bcb elementor-section-stretched elementor-section-boxed elementor-section-height-default elementor-section-height-default\" data-id=\"ad06bcb\" data-element_type=\"section\" data-settings=\"{&quot;stretch_section&quot;:&quot;section-stretched&quot;}\">\n\t\t\t\t\t\t<div class=\"elementor-container elementor-column-gap-default\">\n\t\t\t\t\t<div class=\"elementor-column elementor-col-100 elementor-top-column elementor-element elementor-element-aa333fc\" data-id=\"aa333fc\" data-element_type=\"column\">\n\t\t\t<div class=\"elementor-widget-wrap elementor-element-populated\">\n\t\t\t\t\t\t\t\t<div class=\"elementor-element elementor-element-e9c236c elementor-widget elementor-widget-heading\" data-id=\"e9c236c\" data-element_type=\"widget\" data-widget_type=\"heading.default\">\n\t\t\t\t<div class=\"elementor-widget-container\">\n\t\t\t<h2 class=\"elementor-heading-title elementor-size-large\">P\u0159\u00edle\u017eitosti, kter\u00e9 nab\u00edzej\u00ed na\u0161e slu\u017eby<\/h2>\t\t<\/div>\n\t\t\t\t<\/div>\n\t\t\t\t<div class=\"elementor-element elementor-element-01539b0 elementor-widget-divider--view-line elementor-widget elementor-widget-divider\" data-id=\"01539b0\" data-element_type=\"widget\" data-widget_type=\"divider.default\">\n\t\t\t\t<div class=\"elementor-widget-container\">\n\t\t\t\t\t<div class=\"elementor-divider\">\n\t\t\t<span class=\"elementor-divider-separator\">\n\t\t\t\t\t\t<\/span>\n\t\t<\/div>\n\t\t\t\t<\/div>\n\t\t\t\t<\/div>\n\t\t\t\t<div class=\"elementor-element elementor-element-88b8ffc elementor-widget elementor-widget-text-editor\" data-id=\"88b8ffc\" data-element_type=\"widget\" data-widget_type=\"text-editor.default\">\n\t\t\t\t<div class=\"elementor-widget-container\">\n\t\t\t\t\t\t\t<ul>\n<li>Zas\u00edl\u00e1n\u00ed textov\u00fdch a hlasov\u00fdch zpr\u00e1v<\/li>\n<li>Osv\u011bd\u010den\u00e1 komunikace s masov\u00fdm z\u00e1kazn\u00edkem<\/li>\n<li>Profilov\u00e1n\u00ed zpr\u00e1v podle \u00fa\u010delu: upom\u00ednky, potvrzen\u00ed, vym\u00e1h\u00e1n\u00ed pohled\u00e1vek, nab\u00eddky a mnoho dal\u0161\u00edho.<\/li>\n<li>Segmentace zpr\u00e1v pro konkr\u00e9tn\u00ed publikum<\/li>\n<li>Prov\u00e1d\u011bn\u00ed hodnot\u00edc\u00edch aktivit: pr\u016fzkumy, ankety, pr\u016fzkumy spokojenosti.<\/li>\n<\/ul>\t\t\t\t\t\t<\/div>\n\t\t\t\t<\/div>\n\t\t\t\t\t<\/div>\n\t\t<\/div>\n\t\t\t\t\t\t\t<\/div>\n\t\t<\/section>\n\t\t\t\t\t\t\t<\/div>","protected":false},"excerpt":{"rendered":"<p>Spojujeme se s lidmi V r\u00e1mci na\u0161\u00ed nab\u00eddky ur\u010den\u00e9 pro telekomunika\u010dn\u00ed pr\u016fmysl umo\u017e\u0148ujeme z\u00e1kazn\u00edk\u016fm pln\u011b ovl\u00e1dat proces komunikace s jejich \u00fa\u010dastn\u00edky. V reakci na st\u00e1le se roz\u0161i\u0159uj\u00edc\u00ed nab\u00eddku mobiln\u00edch slu\u017eeb jsme vytvo\u0159ili n\u00e1stroje zalo\u017een\u00e9 na SMS, VMS a MMS, kter\u00e9 zefektiv\u0148uj\u00ed v\u00fdm\u011bnu informac\u00ed a pom\u00e1haj\u00ed je\u0161t\u011b efektivn\u011bji oslovit va\u0161e publikum. Na\u0161im telekomunika\u010dn\u00edm partner\u016fm nab\u00edz\u00edme slu\u017ebu mProfi, kterou lze vyu\u017e\u00edt pro [...]<\/p>","protected":false},"author":1,"featured_media":860,"parent":348,"menu_order":5,"comment_status":"closed","ping_status":"closed","template":"","meta":{"footnotes":""},"yoast_head":"<!-- This site is optimized with the Yoast SEO plugin v21.6 - https:\/\/yoast.com\/wordpress\/plugins\/seo\/ -->\n<title>Telekomunikacja - COMVERGA Poland<\/title>\n<meta name=\"robots\" content=\"index, follow, max-snippet:-1, max-image-preview:large, max-video-preview:-1\" \/>\n<link rel=\"canonical\" href=\"https:\/\/www.comverga.com\/pol\/cs\/branze\/telekomunikacja\/\" \/>\n<meta property=\"og:locale\" content=\"cs_CZ\" \/>\n<meta property=\"og:type\" content=\"article\" \/>\n<meta property=\"og:title\" content=\"Telekomunikacja - COMVERGA Poland\" \/>\n<meta property=\"og:description\" content=\"\u0141\u0105czymy z lud\u017ami W ramach oferty dedykowanej dla bran\u017cy telekomunikacyjnej umo\u017cliwiamy klientom pe\u0142n\u0105 kontrol\u0119 nad procesem komunikacji ze swoimi abonentami. W odpowiedzi na coraz szerszy zakres us\u0142ug mobilnych stworzyli\u015bmy narz\u0119dzia oparte na SMS, VMS i MMS, kt\u00f3re usprawniaj\u0105 wymian\u0119 informacji oraz pomagaj\u0105 jeszcze skuteczniej dociera\u0107 do odbiorc\u00f3w. Partnerom telekomunikacyjnym oferujemy us\u0142ugi mProfi, kt\u00f3ra mo\u017ce by\u0107 [&hellip;]\" \/>\n<meta property=\"og:url\" content=\"https:\/\/www.comverga.com\/pol\/cs\/branze\/telekomunikacja\/\" \/>\n<meta property=\"og:site_name\" content=\"COMVERGA Poland\" \/>\n<meta property=\"article:modified_time\" content=\"2021-03-17T16:36:28+00:00\" \/>\n<meta property=\"og:image\" content=\"https:\/\/www.comverga.com\/pol\/wp-content\/uploads\/sites\/2\/2020\/12\/telekomunikacja.jpg\" \/>\n\t<meta property=\"og:image:width\" content=\"1920\" \/>\n\t<meta property=\"og:image:height\" content=\"620\" \/>\n\t<meta property=\"og:image:type\" content=\"image\/jpeg\" \/>\n<meta name=\"twitter:card\" content=\"summary_large_image\" \/>\n<meta name=\"twitter:label1\" content=\"Odhadovan\u00e1 doba \u010dten\u00ed\" \/>\n\t<meta name=\"twitter:data1\" content=\"1 minuta\" \/>\n<script type=\"application\/ld+json\" class=\"yoast-schema-graph\">{\"@context\":\"https:\/\/schema.org\",\"@graph\":[{\"@type\":\"WebPage\",\"@id\":\"https:\/\/www.comverga.com\/pol\/branze\/telekomunikacja\/\",\"url\":\"https:\/\/www.comverga.com\/pol\/branze\/telekomunikacja\/\",\"name\":\"Telekomunikacja - COMVERGA Poland\",\"isPartOf\":{\"@id\":\"https:\/\/www.comverga.com\/pol\/#website\"},\"datePublished\":\"2020-12-15T14:21:33+00:00\",\"dateModified\":\"2021-03-17T16:36:28+00:00\",\"breadcrumb\":{\"@id\":\"https:\/\/www.comverga.com\/pol\/branze\/telekomunikacja\/#breadcrumb\"},\"inLanguage\":\"cs\",\"potentialAction\":[{\"@type\":\"ReadAction\",\"target\":[\"https:\/\/www.comverga.com\/pol\/branze\/telekomunikacja\/\"]}]},{\"@type\":\"BreadcrumbList\",\"@id\":\"https:\/\/www.comverga.com\/pol\/branze\/telekomunikacja\/#breadcrumb\",\"itemListElement\":[{\"@type\":\"ListItem\",\"position\":1,\"name\":\"Bran\u017ce\",\"item\":\"https:\/\/www.comverga.com\/pol\/branze\/\"},{\"@type\":\"ListItem\",\"position\":2,\"name\":\"Telekomunikacja\"}]},{\"@type\":\"WebSite\",\"@id\":\"https:\/\/www.comverga.com\/pol\/#website\",\"url\":\"https:\/\/www.comverga.com\/pol\/\",\"name\":\"COMVERGA Poland\",\"description\":\"Comverga Poland\",\"publisher\":{\"@id\":\"https:\/\/www.comverga.com\/pol\/#organization\"},\"potentialAction\":[{\"@type\":\"SearchAction\",\"target\":{\"@type\":\"EntryPoint\",\"urlTemplate\":\"https:\/\/www.comverga.com\/pol\/?s={search_term_string}\"},\"query-input\":\"required name=search_term_string\"}],\"inLanguage\":\"cs\"},{\"@type\":\"Organization\",\"@id\":\"https:\/\/www.comverga.com\/pol\/#organization\",\"name\":\"COMVERGA Poland\",\"url\":\"https:\/\/www.comverga.com\/pol\/\",\"logo\":{\"@type\":\"ImageObject\",\"inLanguage\":\"cs\",\"@id\":\"https:\/\/www.comverga.com\/pol\/#\/schema\/logo\/image\/\",\"url\":\"https:\/\/www.comverga.com\/pol\/wp-content\/uploads\/sites\/2\/2020\/11\/Comverga_CC.png\",\"contentUrl\":\"https:\/\/www.comverga.com\/pol\/wp-content\/uploads\/sites\/2\/2020\/11\/Comverga_CC.png\",\"width\":800,\"height\":800,\"caption\":\"COMVERGA Poland\"},\"image\":{\"@id\":\"https:\/\/www.comverga.com\/pol\/#\/schema\/logo\/image\/\"}}]}<\/script>\n<!-- \/ Yoast SEO plugin. -->","yoast_head_json":{"title":"Telekomunikace - COMVERGA Polsko","robots":{"index":"index","follow":"follow","max-snippet":"max-snippet:-1","max-image-preview":"max-image-preview:large","max-video-preview":"max-video-preview:-1"},"canonical":"https:\/\/www.comverga.com\/pol\/cs\/branze\/telekomunikacja\/","og_locale":"cs_CZ","og_type":"article","og_title":"Telekomunikacja - COMVERGA Poland","og_description":"\u0141\u0105czymy z lud\u017ami W ramach oferty dedykowanej dla bran\u017cy telekomunikacyjnej umo\u017cliwiamy klientom pe\u0142n\u0105 kontrol\u0119 nad procesem komunikacji ze swoimi abonentami. W odpowiedzi na coraz szerszy zakres us\u0142ug mobilnych stworzyli\u015bmy narz\u0119dzia oparte na SMS, VMS i MMS, kt\u00f3re usprawniaj\u0105 wymian\u0119 informacji oraz pomagaj\u0105 jeszcze skuteczniej dociera\u0107 do odbiorc\u00f3w. Partnerom telekomunikacyjnym oferujemy us\u0142ugi mProfi, kt\u00f3ra mo\u017ce by\u0107 [&hellip;]","og_url":"https:\/\/www.comverga.com\/pol\/cs\/branze\/telekomunikacja\/","og_site_name":"COMVERGA Poland","article_modified_time":"2021-03-17T16:36:28+00:00","og_image":[{"width":1920,"height":620,"url":"https:\/\/www.comverga.com\/pol\/wp-content\/uploads\/sites\/2\/2020\/12\/telekomunikacja.jpg","type":"image\/jpeg"}],"twitter_card":"summary_large_image","twitter_misc":{"Odhadovan\u00e1 doba \u010dten\u00ed":"1 minuta"},"schema":{"@context":"https:\/\/schema.org","@graph":[{"@type":"WebPage","@id":"https:\/\/www.comverga.com\/pol\/branze\/telekomunikacja\/","url":"https:\/\/www.comverga.com\/pol\/branze\/telekomunikacja\/","name":"Telekomunikace - COMVERGA Polsko","isPartOf":{"@id":"https:\/\/www.comverga.com\/pol\/#website"},"datePublished":"2020-12-15T14:21:33+00:00","dateModified":"2021-03-17T16:36:28+00:00","breadcrumb":{"@id":"https:\/\/www.comverga.com\/pol\/branze\/telekomunikacja\/#breadcrumb"},"inLanguage":"cs","potentialAction":[{"@type":"ReadAction","target":["https:\/\/www.comverga.com\/pol\/branze\/telekomunikacja\/"]}]},{"@type":"BreadcrumbList","@id":"https:\/\/www.comverga.com\/pol\/branze\/telekomunikacja\/#breadcrumb","itemListElement":[{"@type":"ListItem","position":1,"name":"Bran\u017ce","item":"https:\/\/www.comverga.com\/pol\/branze\/"},{"@type":"ListItem","position":2,"name":"Telekomunikacja"}]},{"@type":"WebSite","@id":"https:\/\/www.comverga.com\/pol\/#website","url":"https:\/\/www.comverga.com\/pol\/","name":"COMVERGA Polsko","description":"Comverga Polsko","publisher":{"@id":"https:\/\/www.comverga.com\/pol\/#organization"},"potentialAction":[{"@type":"SearchAction","target":{"@type":"EntryPoint","urlTemplate":"https:\/\/www.comverga.com\/pol\/?s={search_term_string}"},"query-input":"required name=search_term_string"}],"inLanguage":"cs"},{"@type":"Organization","@id":"https:\/\/www.comverga.com\/pol\/#organization","name":"COMVERGA Polsko","url":"https:\/\/www.comverga.com\/pol\/","logo":{"@type":"ImageObject","inLanguage":"cs","@id":"https:\/\/www.comverga.com\/pol\/#\/schema\/logo\/image\/","url":"https:\/\/www.comverga.com\/pol\/wp-content\/uploads\/sites\/2\/2020\/11\/Comverga_CC.png","contentUrl":"https:\/\/www.comverga.com\/pol\/wp-content\/uploads\/sites\/2\/2020\/11\/Comverga_CC.png","width":800,"height":800,"caption":"COMVERGA Poland"},"image":{"@id":"https:\/\/www.comverga.com\/pol\/#\/schema\/logo\/image\/"}}]}},"_links":{"self":[{"href":"https:\/\/www.comverga.com\/pol\/cs\/wp-json\/wp\/v2\/pages\/859"}],"collection":[{"href":"https:\/\/www.comverga.com\/pol\/cs\/wp-json\/wp\/v2\/pages"}],"about":[{"href":"https:\/\/www.comverga.com\/pol\/cs\/wp-json\/wp\/v2\/types\/page"}],"author":[{"embeddable":true,"href":"https:\/\/www.comverga.com\/pol\/cs\/wp-json\/wp\/v2\/users\/1"}],"replies":[{"embeddable":true,"href":"https:\/\/www.comverga.com\/pol\/cs\/wp-json\/wp\/v2\/comments?post=859"}],"version-history":[{"count":8,"href":"https:\/\/www.comverga.com\/pol\/cs\/wp-json\/wp\/v2\/pages\/859\/revisions"}],"predecessor-version":[{"id":2082,"href":"https:\/\/www.comverga.com\/pol\/cs\/wp-json\/wp\/v2\/pages\/859\/revisions\/2082"}],"up":[{"embeddable":true,"href":"https:\/\/www.comverga.com\/pol\/cs\/wp-json\/wp\/v2\/pages\/348"}],"wp:featuredmedia":[{"embeddable":true,"href":"https:\/\/www.comverga.com\/pol\/cs\/wp-json\/wp\/v2\/media\/860"}],"wp:attachment":[{"href":"https:\/\/www.comverga.com\/pol\/cs\/wp-json\/wp\/v2\/media?parent=859"}],"curies":[{"name":"wp","href":"https:\/\/api.w.org\/{rel}","templated":true}]}}