{"id":872,"date":"2020-12-15T15:32:24","date_gmt":"2020-12-15T14:32:24","guid":{"rendered":"https:\/\/www.comverga.com\/pol\/?page_id=872"},"modified":"2021-03-17T17:43:04","modified_gmt":"2021-03-17T16:43:04","slug":"edukacja","status":"publish","type":"page","link":"https:\/\/www.comverga.com\/pol\/cs\/branze\/edukacja\/","title":{"rendered":"Vzd\u011bl\u00e1v\u00e1n\u00ed"},"content":{"rendered":"<div data-elementor-type=\"wp-page\" data-elementor-id=\"872\" class=\"elementor elementor-872\">\n\t\t\t\t\t\t\t\t\t<section class=\"elementor-section elementor-top-section elementor-element elementor-element-5294004f elementor-section-stretched elementor-section-boxed elementor-section-height-default elementor-section-height-default\" data-id=\"5294004f\" data-element_type=\"section\" data-settings=\"{&quot;stretch_section&quot;:&quot;section-stretched&quot;,&quot;background_background&quot;:&quot;classic&quot;}\">\n\t\t\t\t\t\t<div class=\"elementor-container elementor-column-gap-default\">\n\t\t\t\t\t<div class=\"elementor-column elementor-col-100 elementor-top-column elementor-element elementor-element-11b49ea6\" data-id=\"11b49ea6\" data-element_type=\"column\">\n\t\t\t<div class=\"elementor-widget-wrap elementor-element-populated\">\n\t\t\t\t\t\t\t\t<div class=\"elementor-element elementor-element-9e94e98 elementor-widget elementor-widget-heading\" data-id=\"9e94e98\" data-element_type=\"widget\" data-widget_type=\"heading.default\">\n\t\t\t\t<div class=\"elementor-widget-container\">\n\t\t\t<h2 class=\"elementor-heading-title elementor-size-large\">Komunikace SMS, VMS a MMS jako pom\u016fcka pro vzd\u011bl\u00e1v\u00e1n\u00ed<\/h2>\t\t<\/div>\n\t\t\t\t<\/div>\n\t\t\t\t<div class=\"elementor-element elementor-element-96c888a elementor-widget-divider--view-line elementor-widget elementor-widget-divider\" data-id=\"96c888a\" data-element_type=\"widget\" data-widget_type=\"divider.default\">\n\t\t\t\t<div class=\"elementor-widget-container\">\n\t\t\t\t\t<div class=\"elementor-divider\">\n\t\t\t<span class=\"elementor-divider-separator\">\n\t\t\t\t\t\t<\/span>\n\t\t<\/div>\n\t\t\t\t<\/div>\n\t\t\t\t<\/div>\n\t\t\t\t<div class=\"elementor-element elementor-element-1c94d972 elementor-widget elementor-widget-text-editor\" data-id=\"1c94d972\" data-element_type=\"widget\" data-widget_type=\"text-editor.default\">\n\t\t\t\t<div class=\"elementor-widget-container\">\n\t\t\t\t\t\t\t<!-- wp:heading \/--><!-- wp:paragraph -->\n<p>N\u00e1stroje pro oblast vzd\u011bl\u00e1v\u00e1n\u00ed podporuj\u00ed procesy \u0161kolen\u00ed, v\u00fduky a kou\u010dov\u00e1n\u00ed v\u0161eho druhu. Tato nab\u00eddka je ur\u010dena instituc\u00edm a firm\u00e1m, kter\u00e9 cht\u011bj\u00ed zajistit p\u0159ed\u00e1v\u00e1n\u00ed znalost\u00ed \u00fa\u010dastn\u00edk\u016fm \u0161kolen\u00ed nebo student\u016fm modern\u00edm - a z\u00e1rove\u0148 efektivn\u00edm - zp\u016fsobem.<\/p>\n<!-- \/wp:paragraph --><!-- wp:heading -->\n<h2>V\u00fdhody na\u0161ich slu\u017eeb:<\/h2>\n<!-- \/wp:heading --><!-- wp:list -->\n<ul>\n<li>Pr\u016fb\u011b\u017en\u00e9 vyhodnocov\u00e1n\u00ed \u00fa\u010dink\u016f \u0161kolen\u00ed prost\u0159ednictv\u00edm zas\u00edl\u00e1n\u00ed kv\u00edz\u016f a ot\u00e1zek t\u00fdkaj\u00edc\u00edch se zvolen\u00fdch t\u00e9mat.<\/li>\n<li>Roz\u0161\u00ed\u0159en\u00ed rozsahu kurz\u016f o dal\u0161\u00ed informace zas\u00edlan\u00e9 na mobiln\u00ed telefony (nap\u0159. zas\u00edl\u00e1n\u00ed recept\u016f po skon\u010den\u00ed kulin\u00e1\u0159sk\u00e9ho kurzu).<\/li>\n<li>Dal\u0161\u00ed komunika\u010dn\u00ed kan\u00e1l mezi organiz\u00e1torem a \u00fa\u010dastn\u00edky r\u016fzn\u00fdch aktivit (dotazn\u00edky, upom\u00ednky, informace o term\u00ednech, sjedn\u00e1v\u00e1n\u00ed a ru\u0161en\u00ed sch\u016fzek\/konzultac\u00ed).<\/li>\n<li>Mo\u017enost po\u0159\u00e1d\u00e1n\u00ed mobiln\u00edch kurz\u016f<\/li>\n<\/ul>\n<!-- \/wp:list --><!-- wp:paragraph -->\n<p>O \u00fa\u010dinnosti na\u0161ich \u0159e\u0161en\u00ed se p\u0159esv\u011bd\u010duje st\u00e1le v\u00edce za\u0159\u00edzen\u00ed p\u00e9\u010de o d\u011bti, jako jsou jesle a mate\u0159sk\u00e9 \u0161koly. D\u00edky na\u0161im produkt\u016fm se znateln\u011b zlep\u0161uje komunikace mezi pe\u010dovatelkami a rodi\u010di d\u011bt\u00ed, kter\u00e9 je nav\u0161t\u011bvuj\u00ed.<\/p>\n<!-- \/wp:paragraph --><!-- wp:heading \/-->\t\t\t\t\t\t<\/div>\n\t\t\t\t<\/div>\n\t\t\t\t\t<\/div>\n\t\t<\/div>\n\t\t\t\t\t\t\t<\/div>\n\t\t<\/section>\n\t\t\t\t<section class=\"elementor-section elementor-top-section elementor-element elementor-element-ac3a156 elementor-section-stretched elementor-section-boxed elementor-section-height-default elementor-section-height-default\" data-id=\"ac3a156\" data-element_type=\"section\" data-settings=\"{&quot;stretch_section&quot;:&quot;section-stretched&quot;}\">\n\t\t\t\t\t\t<div class=\"elementor-container elementor-column-gap-default\">\n\t\t\t\t\t<div class=\"elementor-column elementor-col-50 elementor-top-column elementor-element elementor-element-0544ded\" data-id=\"0544ded\" data-element_type=\"column\">\n\t\t\t<div class=\"elementor-widget-wrap elementor-element-populated\">\n\t\t\t\t\t\t\t\t<div class=\"elementor-element elementor-element-ab748f1 premium-title-center premium-title-color elementor-widget elementor-widget-premium-addon-title\" data-id=\"ab748f1\" data-element_type=\"widget\" data-widget_type=\"premium-addon-title.default\">\n\t\t\t\t<div class=\"elementor-widget-container\">\n\t\t\t\r\n\t\t<div class=\"premium-title-container style3\">\r\n\t\t\t<h2 class=\"premium-title-header premium-title-style3\">\r\n\t\t\t\t\r\n\t\t\t\t\r\n\t\t\t\t\t\t\t\t\t\t\t\t<span class=\"premium-title-text\" >\r\n\t\t\t\t\tSlu\u017eby\t\t\t\t<\/span>\r\n\t\t\t\t\t\r\n\t\t\t\t\t\t\t\t\t\t\t<\/h2>\r\n\t\t<\/div>\r\n\r\n\t\t\t\t<\/div>\n\t\t\t\t<\/div>\n\t\t\t\t<div class=\"elementor-element elementor-element-33626b2 elementor-widget elementor-widget-text-editor\" data-id=\"33626b2\" data-element_type=\"widget\" data-widget_type=\"text-editor.default\">\n\t\t\t\t<div class=\"elementor-widget-container\">\n\t\t\t\t\t\t\t<ul>\n<li>Na m\u00edru \u0161it\u00e9<\/li>\n<li>Hotov\u00e1 \u0159e\u0161en\u00ed mProfi<\/li>\n<li>Mobiln\u00ed aplikace<\/li>\n<\/ul>\t\t\t\t\t\t<\/div>\n\t\t\t\t<\/div>\n\t\t\t\t\t<\/div>\n\t\t<\/div>\n\t\t\t\t<div class=\"elementor-column elementor-col-50 elementor-top-column elementor-element elementor-element-199ed03\" data-id=\"199ed03\" data-element_type=\"column\">\n\t\t\t<div class=\"elementor-widget-wrap elementor-element-populated\">\n\t\t\t\t\t\t\t\t<div class=\"elementor-element elementor-element-98154f4 premium-title-center premium-title-color elementor-widget elementor-widget-premium-addon-title\" data-id=\"98154f4\" data-element_type=\"widget\" data-widget_type=\"premium-addon-title.default\">\n\t\t\t\t<div class=\"elementor-widget-container\">\n\t\t\t\r\n\t\t<div class=\"premium-title-container style3\">\r\n\t\t\t<h2 class=\"premium-title-header premium-title-style3\">\r\n\t\t\t\t\r\n\t\t\t\t\r\n\t\t\t\t\t\t\t\t\t\t\t\t<span class=\"premium-title-text\" >\r\n\t\t\t\t\tD\u016fv\u011b\u0159uj\u00ed n\u00e1m\t\t\t\t<\/span>\r\n\t\t\t\t\t\r\n\t\t\t\t\t\t\t\t\t\t\t<\/h2>\r\n\t\t<\/div>\r\n\r\n\t\t\t\t<\/div>\n\t\t\t\t<\/div>\n\t\t\t\t<div class=\"elementor-element elementor-element-98c9e50 elementor-widget elementor-widget-text-editor\" data-id=\"98c9e50\" data-element_type=\"widget\" data-widget_type=\"text-editor.default\">\n\t\t\t\t<div class=\"elementor-widget-container\">\n\t\t\t\t\t\t\t<ul>\n<li>Sandler<\/li>\n<li>Rada rodi\u010d\u016f \u0161koln\u00edho komplexu v \u0141azech<\/li>\n<\/ul>\t\t\t\t\t\t<\/div>\n\t\t\t\t<\/div>\n\t\t\t\t\t<\/div>\n\t\t<\/div>\n\t\t\t\t\t\t\t<\/div>\n\t\t<\/section>\n\t\t\t\t\t\t\t<\/div>","protected":false},"excerpt":{"rendered":"<p>SMS, VMS a MMS komunikace jako pom\u016fcky pro \u0161kolen\u00ed N\u00e1stroje pro oblast vzd\u011bl\u00e1v\u00e1n\u00ed podporuj\u00ed \u0161kolen\u00ed, v\u00fduku a kou\u010dov\u00e1n\u00ed v\u0161eho druhu. Jedn\u00e1 se o nab\u00eddku ur\u010denou instituc\u00edm a firm\u00e1m, kter\u00e9 cht\u011bj\u00ed zajistit p\u0159ed\u00e1v\u00e1n\u00ed znalost\u00ed \u00fa\u010dastn\u00edk\u016fm \u0161kolen\u00ed nebo student\u016fm modern\u00edm - a z\u00e1rove\u0148 efektivn\u00edm - zp\u016fsobem. V\u00fdhody na\u0161ich slu\u017eeb: Pr\u016fb\u011b\u017en\u00e9 vyhodnocov\u00e1n\u00ed efekt\u016f \u0161kolen\u00ed prost\u0159ednictv\u00edm zas\u00edl\u00e1n\u00ed kv\u00edz\u016f [...].<\/p>","protected":false},"author":1,"featured_media":873,"parent":348,"menu_order":7,"comment_status":"closed","ping_status":"closed","template":"","meta":{"footnotes":""},"yoast_head":"<!-- This site is optimized with the Yoast SEO plugin v21.6 - https:\/\/yoast.com\/wordpress\/plugins\/seo\/ -->\n<title>Edukacja - COMVERGA Poland<\/title>\n<meta name=\"robots\" content=\"index, follow, max-snippet:-1, max-image-preview:large, max-video-preview:-1\" \/>\n<link rel=\"canonical\" href=\"https:\/\/www.comverga.com\/pol\/cs\/branze\/edukacja\/\" \/>\n<meta property=\"og:locale\" content=\"cs_CZ\" \/>\n<meta property=\"og:type\" content=\"article\" \/>\n<meta property=\"og:title\" content=\"Edukacja - COMVERGA Poland\" \/>\n<meta property=\"og:description\" content=\"Komunikacja SMS, VMS i MMS jako pomoc w kszta\u0142ceniu Narz\u0119dzia dla sektora edukacyjnego wspieraj\u0105 procesy szkoleniowe, nauczania oraz wszelkiego rodzaju treningi. To oferta kierowana do instytucji i firm, kt\u00f3re chc\u0105 w spos\u00f3b nowoczesny &#8211; a przy tym skuteczny &#8211; zapewni\u0107 przekazanie wiedzy kursantom czy studentom. Zalety naszych us\u0142ug: Sta\u0142a ewaluacji efekt\u00f3w szkole\u0144 poprzez przesy\u0142anie quiz\u00f3w [&hellip;]\" \/>\n<meta property=\"og:url\" content=\"https:\/\/www.comverga.com\/pol\/cs\/branze\/edukacja\/\" \/>\n<meta property=\"og:site_name\" content=\"COMVERGA Poland\" \/>\n<meta property=\"article:modified_time\" content=\"2021-03-17T16:43:04+00:00\" \/>\n<meta property=\"og:image\" content=\"https:\/\/www.comverga.com\/pol\/wp-content\/uploads\/sites\/2\/2020\/12\/edukacja-1.jpg\" \/>\n\t<meta property=\"og:image:width\" content=\"1920\" \/>\n\t<meta property=\"og:image:height\" content=\"620\" \/>\n\t<meta property=\"og:image:type\" content=\"image\/jpeg\" \/>\n<meta name=\"twitter:card\" content=\"summary_large_image\" \/>\n<meta name=\"twitter:label1\" content=\"Odhadovan\u00e1 doba \u010dten\u00ed\" \/>\n\t<meta name=\"twitter:data1\" content=\"1 minuta\" \/>\n<script type=\"application\/ld+json\" class=\"yoast-schema-graph\">{\"@context\":\"https:\/\/schema.org\",\"@graph\":[{\"@type\":\"WebPage\",\"@id\":\"https:\/\/www.comverga.com\/pol\/branze\/edukacja\/\",\"url\":\"https:\/\/www.comverga.com\/pol\/branze\/edukacja\/\",\"name\":\"Edukacja - COMVERGA Poland\",\"isPartOf\":{\"@id\":\"https:\/\/www.comverga.com\/pol\/#website\"},\"datePublished\":\"2020-12-15T14:32:24+00:00\",\"dateModified\":\"2021-03-17T16:43:04+00:00\",\"breadcrumb\":{\"@id\":\"https:\/\/www.comverga.com\/pol\/branze\/edukacja\/#breadcrumb\"},\"inLanguage\":\"cs\",\"potentialAction\":[{\"@type\":\"ReadAction\",\"target\":[\"https:\/\/www.comverga.com\/pol\/branze\/edukacja\/\"]}]},{\"@type\":\"BreadcrumbList\",\"@id\":\"https:\/\/www.comverga.com\/pol\/branze\/edukacja\/#breadcrumb\",\"itemListElement\":[{\"@type\":\"ListItem\",\"position\":1,\"name\":\"Bran\u017ce\",\"item\":\"https:\/\/www.comverga.com\/pol\/branze\/\"},{\"@type\":\"ListItem\",\"position\":2,\"name\":\"Edukacja\"}]},{\"@type\":\"WebSite\",\"@id\":\"https:\/\/www.comverga.com\/pol\/#website\",\"url\":\"https:\/\/www.comverga.com\/pol\/\",\"name\":\"COMVERGA Poland\",\"description\":\"Comverga Poland\",\"publisher\":{\"@id\":\"https:\/\/www.comverga.com\/pol\/#organization\"},\"potentialAction\":[{\"@type\":\"SearchAction\",\"target\":{\"@type\":\"EntryPoint\",\"urlTemplate\":\"https:\/\/www.comverga.com\/pol\/?s={search_term_string}\"},\"query-input\":\"required name=search_term_string\"}],\"inLanguage\":\"cs\"},{\"@type\":\"Organization\",\"@id\":\"https:\/\/www.comverga.com\/pol\/#organization\",\"name\":\"COMVERGA Poland\",\"url\":\"https:\/\/www.comverga.com\/pol\/\",\"logo\":{\"@type\":\"ImageObject\",\"inLanguage\":\"cs\",\"@id\":\"https:\/\/www.comverga.com\/pol\/#\/schema\/logo\/image\/\",\"url\":\"https:\/\/www.comverga.com\/pol\/wp-content\/uploads\/sites\/2\/2020\/11\/Comverga_CC.png\",\"contentUrl\":\"https:\/\/www.comverga.com\/pol\/wp-content\/uploads\/sites\/2\/2020\/11\/Comverga_CC.png\",\"width\":800,\"height\":800,\"caption\":\"COMVERGA Poland\"},\"image\":{\"@id\":\"https:\/\/www.comverga.com\/pol\/#\/schema\/logo\/image\/\"}}]}<\/script>\n<!-- \/ Yoast SEO plugin. -->","yoast_head_json":{"title":"Edukacja - COMVERGA Poland","robots":{"index":"index","follow":"follow","max-snippet":"max-snippet:-1","max-image-preview":"max-image-preview:large","max-video-preview":"max-video-preview:-1"},"canonical":"https:\/\/www.comverga.com\/pol\/cs\/branze\/edukacja\/","og_locale":"cs_CZ","og_type":"article","og_title":"Edukacja - COMVERGA Poland","og_description":"Komunikacja SMS, VMS i MMS jako pomoc w kszta\u0142ceniu Narz\u0119dzia dla sektora edukacyjnego wspieraj\u0105 procesy szkoleniowe, nauczania oraz wszelkiego rodzaju treningi. To oferta kierowana do instytucji i firm, kt\u00f3re chc\u0105 w spos\u00f3b nowoczesny &#8211; a przy tym skuteczny &#8211; zapewni\u0107 przekazanie wiedzy kursantom czy studentom. Zalety naszych us\u0142ug: Sta\u0142a ewaluacji efekt\u00f3w szkole\u0144 poprzez przesy\u0142anie quiz\u00f3w [&hellip;]","og_url":"https:\/\/www.comverga.com\/pol\/cs\/branze\/edukacja\/","og_site_name":"COMVERGA Poland","article_modified_time":"2021-03-17T16:43:04+00:00","og_image":[{"width":1920,"height":620,"url":"https:\/\/www.comverga.com\/pol\/wp-content\/uploads\/sites\/2\/2020\/12\/edukacja-1.jpg","type":"image\/jpeg"}],"twitter_card":"summary_large_image","twitter_misc":{"Odhadovan\u00e1 doba \u010dten\u00ed":"1 minuta"},"schema":{"@context":"https:\/\/schema.org","@graph":[{"@type":"WebPage","@id":"https:\/\/www.comverga.com\/pol\/branze\/edukacja\/","url":"https:\/\/www.comverga.com\/pol\/branze\/edukacja\/","name":"Edukacja - COMVERGA Poland","isPartOf":{"@id":"https:\/\/www.comverga.com\/pol\/#website"},"datePublished":"2020-12-15T14:32:24+00:00","dateModified":"2021-03-17T16:43:04+00:00","breadcrumb":{"@id":"https:\/\/www.comverga.com\/pol\/branze\/edukacja\/#breadcrumb"},"inLanguage":"cs","potentialAction":[{"@type":"ReadAction","target":["https:\/\/www.comverga.com\/pol\/branze\/edukacja\/"]}]},{"@type":"BreadcrumbList","@id":"https:\/\/www.comverga.com\/pol\/branze\/edukacja\/#breadcrumb","itemListElement":[{"@type":"ListItem","position":1,"name":"Bran\u017ce","item":"https:\/\/www.comverga.com\/pol\/branze\/"},{"@type":"ListItem","position":2,"name":"Edukacja"}]},{"@type":"WebSite","@id":"https:\/\/www.comverga.com\/pol\/#website","url":"https:\/\/www.comverga.com\/pol\/","name":"COMVERGA Polsko","description":"Comverga Polsko","publisher":{"@id":"https:\/\/www.comverga.com\/pol\/#organization"},"potentialAction":[{"@type":"SearchAction","target":{"@type":"EntryPoint","urlTemplate":"https:\/\/www.comverga.com\/pol\/?s={search_term_string}"},"query-input":"required name=search_term_string"}],"inLanguage":"cs"},{"@type":"Organization","@id":"https:\/\/www.comverga.com\/pol\/#organization","name":"COMVERGA Polsko","url":"https:\/\/www.comverga.com\/pol\/","logo":{"@type":"ImageObject","inLanguage":"cs","@id":"https:\/\/www.comverga.com\/pol\/#\/schema\/logo\/image\/","url":"https:\/\/www.comverga.com\/pol\/wp-content\/uploads\/sites\/2\/2020\/11\/Comverga_CC.png","contentUrl":"https:\/\/www.comverga.com\/pol\/wp-content\/uploads\/sites\/2\/2020\/11\/Comverga_CC.png","width":800,"height":800,"caption":"COMVERGA Poland"},"image":{"@id":"https:\/\/www.comverga.com\/pol\/#\/schema\/logo\/image\/"}}]}},"_links":{"self":[{"href":"https:\/\/www.comverga.com\/pol\/cs\/wp-json\/wp\/v2\/pages\/872"}],"collection":[{"href":"https:\/\/www.comverga.com\/pol\/cs\/wp-json\/wp\/v2\/pages"}],"about":[{"href":"https:\/\/www.comverga.com\/pol\/cs\/wp-json\/wp\/v2\/types\/page"}],"author":[{"embeddable":true,"href":"https:\/\/www.comverga.com\/pol\/cs\/wp-json\/wp\/v2\/users\/1"}],"replies":[{"embeddable":true,"href":"https:\/\/www.comverga.com\/pol\/cs\/wp-json\/wp\/v2\/comments?post=872"}],"version-history":[{"count":11,"href":"https:\/\/www.comverga.com\/pol\/cs\/wp-json\/wp\/v2\/pages\/872\/revisions"}],"predecessor-version":[{"id":2091,"href":"https:\/\/www.comverga.com\/pol\/cs\/wp-json\/wp\/v2\/pages\/872\/revisions\/2091"}],"up":[{"embeddable":true,"href":"https:\/\/www.comverga.com\/pol\/cs\/wp-json\/wp\/v2\/pages\/348"}],"wp:featuredmedia":[{"embeddable":true,"href":"https:\/\/www.comverga.com\/pol\/cs\/wp-json\/wp\/v2\/media\/873"}],"wp:attachment":[{"href":"https:\/\/www.comverga.com\/pol\/cs\/wp-json\/wp\/v2\/media?parent=872"}],"curies":[{"name":"wp","href":"https:\/\/api.w.org\/{rel}","templated":true}]}}