{"id":877,"date":"2020-12-15T15:34:39","date_gmt":"2020-12-15T14:34:39","guid":{"rendered":"https:\/\/www.comverga.com\/pol\/?page_id=877"},"modified":"2021-02-03T13:39:20","modified_gmt":"2021-02-03T12:39:20","slug":"biznes-lokalny","status":"publish","type":"page","link":"https:\/\/www.comverga.com\/pol\/cs\/branze\/biznes-lokalny\/","title":{"rendered":"M\u00edstn\u00ed podnik"},"content":{"rendered":"<div data-elementor-type=\"wp-page\" data-elementor-id=\"877\" class=\"elementor elementor-877\">\n\t\t\t\t\t\t\t\t\t<section class=\"elementor-section elementor-top-section elementor-element elementor-element-11b86133 elementor-section-stretched elementor-section-boxed elementor-section-height-default elementor-section-height-default\" data-id=\"11b86133\" data-element_type=\"section\" data-settings=\"{&quot;stretch_section&quot;:&quot;section-stretched&quot;,&quot;background_background&quot;:&quot;classic&quot;}\">\n\t\t\t\t\t\t<div class=\"elementor-container elementor-column-gap-default\">\n\t\t\t\t\t<div class=\"elementor-column elementor-col-100 elementor-top-column elementor-element elementor-element-4cf5cfc8\" data-id=\"4cf5cfc8\" data-element_type=\"column\">\n\t\t\t<div class=\"elementor-widget-wrap elementor-element-populated\">\n\t\t\t\t\t\t\t\t<div class=\"elementor-element elementor-element-2a49f176 elementor-widget elementor-widget-text-editor\" data-id=\"2a49f176\" data-element_type=\"widget\" data-widget_type=\"text-editor.default\">\n\t\t\t\t<div class=\"elementor-widget-container\">\n\t\t\t\t\t\t\t<!-- wp:heading -->\n<h2>Komunikace v bezprost\u0159edn\u00edm okol\u00ed - m\u00edstn\u00ed podnik<\/h2>\n<!-- \/wp:heading -->\n\n<!-- wp:paragraph -->\n<p>Nab\u00edz\u00edme n\u00e1stroje, kter\u00e9 podporuj\u00ed mal\u00e9 podniky, zejm\u00e9na ty, kter\u00e9 jsou zalo\u017eeny na slu\u017eb\u00e1ch. Na\u0161e \u0159e\u0161en\u00ed mohou vyu\u017e\u00edvat nap\u0159\u00edklad kade\u0159nictv\u00ed, l\u00e9ka\u0159sk\u00e9 a zubn\u00ed ordinace, kosmetick\u00e9 salony, autoservisy a mnoho dal\u0161\u00edch.<\/p>\n<!-- \/wp:paragraph -->\n\n<!-- wp:paragraph -->\n<p>Pro mal\u00e9 spole\u010dnosti poskytuj\u00edc\u00ed slu\u017eby m\u016f\u017ee m\u00edt technologie zas\u00edl\u00e1n\u00ed SMS zpr\u00e1v velmi v\u00fdznamn\u00fd dopad na kvalitu kontaktu i rozsah podnik\u00e1n\u00ed - umo\u017e\u0148uje jim zv\u00fd\u0161it rozsah osloven\u00ed st\u00e1vaj\u00edc\u00edch i potenci\u00e1ln\u00edch z\u00e1kazn\u00edk\u016f.<\/p>\n<!-- \/wp:paragraph -->\n\n<!-- wp:heading -->\n<h2><strong>Hlavn\u00ed v\u00fdhody pro na\u0161e klienty:<\/strong><\/h2>\n<!-- \/wp:heading -->\n\n<!-- wp:list -->\n<ul><li>Mo\u017enost veden\u00ed z\u00e1znam\u016f o sch\u016fzk\u00e1ch a jedn\u00e1n\u00edch<\/li><li>P\u0159ipomenut\u00ed term\u00edn\u016f sch\u016fzek a servisn\u00edch prohl\u00eddek (nap\u0159. v\u00fdm\u011bna pneumatik).<\/li><li>Oslovov\u00e1n\u00ed s obchodn\u00edmi a propaga\u010dn\u00edmi informacemi<\/li><li>Hodnocen\u00ed a pr\u016fb\u011b\u017en\u00fd kontakt se z\u00e1kazn\u00edky a p\u0159edev\u0161\u00edm budov\u00e1n\u00ed vlastn\u00ed z\u00e1kaznick\u00e9 z\u00e1kladny.<\/li><li>Jednosm\u011brn\u00e1 i obousm\u011brn\u00e1 komunikace (potvrzen\u00ed \u00fa\u010dasti, z\u00e1pis, sb\u011br n\u00e1zor\u016f, pr\u016fzkumy, hodnocen\u00ed).<\/li><\/ul>\n<!-- \/wp:list -->\n\n<!-- wp:heading -->\n<h2>Slu\u017eby:<\/h2>\n<!-- \/wp:heading -->\n\n<!-- wp:list -->\n<ul><li>mProfi<\/li><li>Slu\u017eby na m\u00edru<\/li><\/ul>\n<!-- \/wp:list -->\t\t\t\t\t\t<\/div>\n\t\t\t\t<\/div>\n\t\t\t\t\t<\/div>\n\t\t<\/div>\n\t\t\t\t\t\t\t<\/div>\n\t\t<\/section>\n\t\t\t\t\t\t\t<\/div>","protected":false},"excerpt":{"rendered":"<p>Komunikace v bezprost\u0159edn\u00edm okol\u00ed - m\u00edstn\u00ed podnik\u00e1n\u00ed Nab\u00edz\u00edme n\u00e1stroje, kter\u00e9 podporuj\u00ed mal\u00e9 podniky, zejm\u00e9na podniky poskytuj\u00edc\u00ed slu\u017eby. Na\u0161e \u0159e\u0161en\u00ed mohou vyu\u017e\u00edvat nap\u0159\u00edklad kade\u0159nictv\u00ed, l\u00e9ka\u0159sk\u00e9 a zubn\u00ed ordinace, kosmetick\u00e9 salony, autoservisy a mnoho dal\u0161\u00edch. Pro mal\u00e9 podniky zalo\u017een\u00e9 na slu\u017eb\u00e1ch m\u016f\u017ee m\u00edt technologie zas\u00edl\u00e1n\u00ed SMS zpr\u00e1v velmi v\u00fdznamn\u00fd dopad na kvalitu kontaktu a [...]<\/p>","protected":false},"author":1,"featured_media":1948,"parent":348,"menu_order":8,"comment_status":"closed","ping_status":"closed","template":"","meta":{"footnotes":""},"yoast_head":"<!-- This site is optimized with the Yoast SEO plugin v21.6 - https:\/\/yoast.com\/wordpress\/plugins\/seo\/ -->\n<title>Biznes lokalny - COMVERGA Poland<\/title>\n<meta name=\"robots\" content=\"index, follow, max-snippet:-1, max-image-preview:large, max-video-preview:-1\" \/>\n<link rel=\"canonical\" href=\"https:\/\/www.comverga.com\/pol\/cs\/branze\/biznes-lokalny\/\" \/>\n<meta property=\"og:locale\" content=\"cs_CZ\" \/>\n<meta property=\"og:type\" content=\"article\" \/>\n<meta property=\"og:title\" content=\"Biznes lokalny - COMVERGA Poland\" \/>\n<meta property=\"og:description\" content=\"Komunikacja w najbli\u017cszym otoczeniu &#8211; biznes lokalny Oferujemy narz\u0119dzia, kt\u00f3re wspieraj\u0105 ma\u0142y biznes, w szczeg\u00f3lno\u015bci ten oparty na us\u0142ugach. Z naszych rozwi\u0105za\u0144 mog\u0105 korzystaj\u0105 np.: salony fryzjerskie, gabinety lekarskie i stomatologiczne, gabinety kosmetyczne, warsztaty samochodowe i wiele innych. W przypadku niewielkich przedsi\u0119biorstw us\u0142ugowych, technologia komunikat\u00f3w SMS mo\u017ce mie\u0107 bardzo istotny wp\u0142yw na jako\u015b\u0107 kontaktu, a [&hellip;]\" \/>\n<meta property=\"og:url\" content=\"https:\/\/www.comverga.com\/pol\/cs\/branze\/biznes-lokalny\/\" \/>\n<meta property=\"og:site_name\" content=\"COMVERGA Poland\" \/>\n<meta property=\"article:modified_time\" content=\"2021-02-03T12:39:20+00:00\" \/>\n<meta property=\"og:image\" content=\"https:\/\/www.comverga.com\/pol\/wp-content\/uploads\/sites\/2\/2021\/02\/biznes_lokalny-1.jpg\" \/>\n\t<meta property=\"og:image:width\" content=\"1290\" \/>\n\t<meta property=\"og:image:height\" content=\"857\" \/>\n\t<meta property=\"og:image:type\" content=\"image\/jpeg\" \/>\n<meta name=\"twitter:card\" content=\"summary_large_image\" \/>\n<meta name=\"twitter:label1\" content=\"Odhadovan\u00e1 doba \u010dten\u00ed\" \/>\n\t<meta name=\"twitter:data1\" content=\"1 minuta\" \/>\n<script type=\"application\/ld+json\" class=\"yoast-schema-graph\">{\"@context\":\"https:\/\/schema.org\",\"@graph\":[{\"@type\":\"WebPage\",\"@id\":\"https:\/\/www.comverga.com\/pol\/branze\/biznes-lokalny\/\",\"url\":\"https:\/\/www.comverga.com\/pol\/branze\/biznes-lokalny\/\",\"name\":\"Biznes lokalny - COMVERGA Poland\",\"isPartOf\":{\"@id\":\"https:\/\/www.comverga.com\/pol\/#website\"},\"datePublished\":\"2020-12-15T14:34:39+00:00\",\"dateModified\":\"2021-02-03T12:39:20+00:00\",\"breadcrumb\":{\"@id\":\"https:\/\/www.comverga.com\/pol\/branze\/biznes-lokalny\/#breadcrumb\"},\"inLanguage\":\"cs\",\"potentialAction\":[{\"@type\":\"ReadAction\",\"target\":[\"https:\/\/www.comverga.com\/pol\/branze\/biznes-lokalny\/\"]}]},{\"@type\":\"BreadcrumbList\",\"@id\":\"https:\/\/www.comverga.com\/pol\/branze\/biznes-lokalny\/#breadcrumb\",\"itemListElement\":[{\"@type\":\"ListItem\",\"position\":1,\"name\":\"Bran\u017ce\",\"item\":\"https:\/\/www.comverga.com\/pol\/branze\/\"},{\"@type\":\"ListItem\",\"position\":2,\"name\":\"Biznes lokalny\"}]},{\"@type\":\"WebSite\",\"@id\":\"https:\/\/www.comverga.com\/pol\/#website\",\"url\":\"https:\/\/www.comverga.com\/pol\/\",\"name\":\"COMVERGA Poland\",\"description\":\"Comverga Poland\",\"publisher\":{\"@id\":\"https:\/\/www.comverga.com\/pol\/#organization\"},\"potentialAction\":[{\"@type\":\"SearchAction\",\"target\":{\"@type\":\"EntryPoint\",\"urlTemplate\":\"https:\/\/www.comverga.com\/pol\/?s={search_term_string}\"},\"query-input\":\"required name=search_term_string\"}],\"inLanguage\":\"cs\"},{\"@type\":\"Organization\",\"@id\":\"https:\/\/www.comverga.com\/pol\/#organization\",\"name\":\"COMVERGA Poland\",\"url\":\"https:\/\/www.comverga.com\/pol\/\",\"logo\":{\"@type\":\"ImageObject\",\"inLanguage\":\"cs\",\"@id\":\"https:\/\/www.comverga.com\/pol\/#\/schema\/logo\/image\/\",\"url\":\"https:\/\/www.comverga.com\/pol\/wp-content\/uploads\/sites\/2\/2020\/11\/Comverga_CC.png\",\"contentUrl\":\"https:\/\/www.comverga.com\/pol\/wp-content\/uploads\/sites\/2\/2020\/11\/Comverga_CC.png\",\"width\":800,\"height\":800,\"caption\":\"COMVERGA Poland\"},\"image\":{\"@id\":\"https:\/\/www.comverga.com\/pol\/#\/schema\/logo\/image\/\"}}]}<\/script>\n<!-- \/ Yoast SEO plugin. -->","yoast_head_json":{"title":"M\u00edstn\u00ed podnik - COMVERGA Polsko","robots":{"index":"index","follow":"follow","max-snippet":"max-snippet:-1","max-image-preview":"max-image-preview:large","max-video-preview":"max-video-preview:-1"},"canonical":"https:\/\/www.comverga.com\/pol\/cs\/branze\/biznes-lokalny\/","og_locale":"cs_CZ","og_type":"article","og_title":"Biznes lokalny - COMVERGA Poland","og_description":"Komunikacja w najbli\u017cszym otoczeniu &#8211; biznes lokalny Oferujemy narz\u0119dzia, kt\u00f3re wspieraj\u0105 ma\u0142y biznes, w szczeg\u00f3lno\u015bci ten oparty na us\u0142ugach. Z naszych rozwi\u0105za\u0144 mog\u0105 korzystaj\u0105 np.: salony fryzjerskie, gabinety lekarskie i stomatologiczne, gabinety kosmetyczne, warsztaty samochodowe i wiele innych. W przypadku niewielkich przedsi\u0119biorstw us\u0142ugowych, technologia komunikat\u00f3w SMS mo\u017ce mie\u0107 bardzo istotny wp\u0142yw na jako\u015b\u0107 kontaktu, a [&hellip;]","og_url":"https:\/\/www.comverga.com\/pol\/cs\/branze\/biznes-lokalny\/","og_site_name":"COMVERGA Poland","article_modified_time":"2021-02-03T12:39:20+00:00","og_image":[{"width":1290,"height":857,"url":"https:\/\/www.comverga.com\/pol\/wp-content\/uploads\/sites\/2\/2021\/02\/biznes_lokalny-1.jpg","type":"image\/jpeg"}],"twitter_card":"summary_large_image","twitter_misc":{"Odhadovan\u00e1 doba \u010dten\u00ed":"1 minuta"},"schema":{"@context":"https:\/\/schema.org","@graph":[{"@type":"WebPage","@id":"https:\/\/www.comverga.com\/pol\/branze\/biznes-lokalny\/","url":"https:\/\/www.comverga.com\/pol\/branze\/biznes-lokalny\/","name":"M\u00edstn\u00ed podnik - COMVERGA Polsko","isPartOf":{"@id":"https:\/\/www.comverga.com\/pol\/#website"},"datePublished":"2020-12-15T14:34:39+00:00","dateModified":"2021-02-03T12:39:20+00:00","breadcrumb":{"@id":"https:\/\/www.comverga.com\/pol\/branze\/biznes-lokalny\/#breadcrumb"},"inLanguage":"cs","potentialAction":[{"@type":"ReadAction","target":["https:\/\/www.comverga.com\/pol\/branze\/biznes-lokalny\/"]}]},{"@type":"BreadcrumbList","@id":"https:\/\/www.comverga.com\/pol\/branze\/biznes-lokalny\/#breadcrumb","itemListElement":[{"@type":"ListItem","position":1,"name":"Bran\u017ce","item":"https:\/\/www.comverga.com\/pol\/branze\/"},{"@type":"ListItem","position":2,"name":"Biznes lokalny"}]},{"@type":"WebSite","@id":"https:\/\/www.comverga.com\/pol\/#website","url":"https:\/\/www.comverga.com\/pol\/","name":"COMVERGA Polsko","description":"Comverga Polsko","publisher":{"@id":"https:\/\/www.comverga.com\/pol\/#organization"},"potentialAction":[{"@type":"SearchAction","target":{"@type":"EntryPoint","urlTemplate":"https:\/\/www.comverga.com\/pol\/?s={search_term_string}"},"query-input":"required name=search_term_string"}],"inLanguage":"cs"},{"@type":"Organization","@id":"https:\/\/www.comverga.com\/pol\/#organization","name":"COMVERGA Polsko","url":"https:\/\/www.comverga.com\/pol\/","logo":{"@type":"ImageObject","inLanguage":"cs","@id":"https:\/\/www.comverga.com\/pol\/#\/schema\/logo\/image\/","url":"https:\/\/www.comverga.com\/pol\/wp-content\/uploads\/sites\/2\/2020\/11\/Comverga_CC.png","contentUrl":"https:\/\/www.comverga.com\/pol\/wp-content\/uploads\/sites\/2\/2020\/11\/Comverga_CC.png","width":800,"height":800,"caption":"COMVERGA Poland"},"image":{"@id":"https:\/\/www.comverga.com\/pol\/#\/schema\/logo\/image\/"}}]}},"_links":{"self":[{"href":"https:\/\/www.comverga.com\/pol\/cs\/wp-json\/wp\/v2\/pages\/877"}],"collection":[{"href":"https:\/\/www.comverga.com\/pol\/cs\/wp-json\/wp\/v2\/pages"}],"about":[{"href":"https:\/\/www.comverga.com\/pol\/cs\/wp-json\/wp\/v2\/types\/page"}],"author":[{"embeddable":true,"href":"https:\/\/www.comverga.com\/pol\/cs\/wp-json\/wp\/v2\/users\/1"}],"replies":[{"embeddable":true,"href":"https:\/\/www.comverga.com\/pol\/cs\/wp-json\/wp\/v2\/comments?post=877"}],"version-history":[{"count":7,"href":"https:\/\/www.comverga.com\/pol\/cs\/wp-json\/wp\/v2\/pages\/877\/revisions"}],"predecessor-version":[{"id":1951,"href":"https:\/\/www.comverga.com\/pol\/cs\/wp-json\/wp\/v2\/pages\/877\/revisions\/1951"}],"up":[{"embeddable":true,"href":"https:\/\/www.comverga.com\/pol\/cs\/wp-json\/wp\/v2\/pages\/348"}],"wp:featuredmedia":[{"embeddable":true,"href":"https:\/\/www.comverga.com\/pol\/cs\/wp-json\/wp\/v2\/media\/1948"}],"wp:attachment":[{"href":"https:\/\/www.comverga.com\/pol\/cs\/wp-json\/wp\/v2\/media?parent=877"}],"curies":[{"name":"wp","href":"https:\/\/api.w.org\/{rel}","templated":true}]}}