{"id":155,"date":"2020-11-25T12:11:54","date_gmt":"2020-11-25T11:11:54","guid":{"rendered":"https:\/\/www.comverga.com\/?page_id=155"},"modified":"2020-11-25T12:11:54","modified_gmt":"2020-11-25T11:11:54","slug":"sms-messaging-services","status":"publish","type":"page","link":"https:\/\/www.comverga.com\/pol\/de\/services\/sms-messaging-services\/","title":{"rendered":"SMS \/ Messaging-Dienste"},"content":{"rendered":"<p>Wenn Sie schnell und effizient mit Ihren Partnern, Kunden, Klienten kommunizieren m\u00fcssen, nutzen Sie die Kommunikation per SMS. Sie k\u00f6nnen SMS einseitig nutzen, um z.B. Ihre Kunden \u00fcber Neuigkeiten, Preisangebote, aktuelle Rabatte zu informieren. Oder Sie k\u00f6nnen Kunden, B\u00fcrgerinnen und B\u00fcrger kontaktieren und deren Antworten in beide Richtungen mit einer SMS-Umfrage und -Kampagne verarbeiten.<br>Neben SMS k\u00f6nnen Sie auch Sprachnachrichten, E-Mails und verschiedene Kommunikationsanwendungen f\u00fcr Ihre Kommunikation nutzen.<\/p>","protected":false},"excerpt":{"rendered":"<p>Wenn Sie schnell und effizient mit Ihren Partnern, Kunden, Klienten kommunizieren m\u00fcssen, nutzen Sie die Kommunikation per SMS. Sie k\u00f6nnen SMS einseitig nutzen, um z.B. Ihre Kunden \u00fcber Neuigkeiten, Preisangebote, aktuelle Rabatte zu informieren. Es ist auch m\u00f6glich, Kunden und B\u00fcrger zu kontaktieren und ihre Antworten in beide Richtungen zu verarbeiten, indem Sie eine SMS-Umfrage und -Kampagne [...].<\/p>","protected":false},"author":1,"featured_media":234,"parent":153,"menu_order":103,"comment_status":"closed","ping_status":"closed","template":"","meta":{"footnotes":""},"yoast_head":"<!-- This site is optimized with the Yoast SEO plugin v21.6 - https:\/\/yoast.com\/wordpress\/plugins\/seo\/ -->\n<title>SMS \/ Messaging Services - COMVERGA Poland<\/title>\n<meta name=\"description\" content=\"If you need to communicate quickly and efficiently with your partners, customers, clients, use communication via SMS.\" \/>\n<meta name=\"robots\" content=\"index, follow, max-snippet:-1, max-image-preview:large, max-video-preview:-1\" \/>\n<link rel=\"canonical\" href=\"https:\/\/www.comverga.com\/pol\/de\/services\/sms-messaging-services\/\" \/>\n<meta property=\"og:locale\" content=\"de_DE\" \/>\n<meta property=\"og:type\" content=\"article\" \/>\n<meta property=\"og:title\" content=\"SMS \/ Messaging Services - COMVERGA Poland\" \/>\n<meta property=\"og:description\" content=\"If you need to communicate quickly and efficiently with your partners, customers, clients, use communication via SMS.\" \/>\n<meta property=\"og:url\" content=\"https:\/\/www.comverga.com\/pol\/de\/services\/sms-messaging-services\/\" \/>\n<meta property=\"og:site_name\" content=\"COMVERGA Poland\" \/>\n<meta property=\"og:image\" content=\"https:\/\/www.comverga.com\/pol\/wp-content\/uploads\/sites\/2\/2020\/11\/Service_Messig-1.jpg\" \/>\n\t<meta property=\"og:image:width\" content=\"1920\" \/>\n\t<meta property=\"og:image:height\" content=\"1080\" \/>\n\t<meta property=\"og:image:type\" content=\"image\/jpeg\" \/>\n<meta name=\"twitter:card\" content=\"summary_large_image\" \/>\n<script type=\"application\/ld+json\" class=\"yoast-schema-graph\">{\"@context\":\"https:\/\/schema.org\",\"@graph\":[{\"@type\":\"WebPage\",\"@id\":\"https:\/\/www.comverga.com\/pol\/services\/sms-messaging-services\/\",\"url\":\"https:\/\/www.comverga.com\/pol\/services\/sms-messaging-services\/\",\"name\":\"SMS \/ Messaging Services - COMVERGA Poland\",\"isPartOf\":{\"@id\":\"https:\/\/www.comverga.com\/pol\/#website\"},\"datePublished\":\"2020-11-25T11:11:54+00:00\",\"dateModified\":\"2020-11-25T11:11:54+00:00\",\"description\":\"If you need to communicate quickly and efficiently with your partners, customers, clients, use communication via SMS.\",\"breadcrumb\":{\"@id\":\"https:\/\/www.comverga.com\/pol\/services\/sms-messaging-services\/#breadcrumb\"},\"inLanguage\":\"de\",\"potentialAction\":[{\"@type\":\"ReadAction\",\"target\":[\"https:\/\/www.comverga.com\/pol\/services\/sms-messaging-services\/\"]}]},{\"@type\":\"BreadcrumbList\",\"@id\":\"https:\/\/www.comverga.com\/pol\/services\/sms-messaging-services\/#breadcrumb\",\"itemListElement\":[{\"@type\":\"ListItem\",\"position\":1,\"name\":\"Services\",\"item\":\"https:\/\/www.comverga.com\/pol\/services\/\"},{\"@type\":\"ListItem\",\"position\":2,\"name\":\"SMS \/ Messaging Services\"}]},{\"@type\":\"WebSite\",\"@id\":\"https:\/\/www.comverga.com\/pol\/#website\",\"url\":\"https:\/\/www.comverga.com\/pol\/\",\"name\":\"COMVERGA Poland\",\"description\":\"Comverga Poland\",\"publisher\":{\"@id\":\"https:\/\/www.comverga.com\/pol\/#organization\"},\"potentialAction\":[{\"@type\":\"SearchAction\",\"target\":{\"@type\":\"EntryPoint\",\"urlTemplate\":\"https:\/\/www.comverga.com\/pol\/?s={search_term_string}\"},\"query-input\":\"required name=search_term_string\"}],\"inLanguage\":\"de\"},{\"@type\":\"Organization\",\"@id\":\"https:\/\/www.comverga.com\/pol\/#organization\",\"name\":\"COMVERGA Poland\",\"url\":\"https:\/\/www.comverga.com\/pol\/\",\"logo\":{\"@type\":\"ImageObject\",\"inLanguage\":\"de\",\"@id\":\"https:\/\/www.comverga.com\/pol\/#\/schema\/logo\/image\/\",\"url\":\"https:\/\/www.comverga.com\/pol\/wp-content\/uploads\/sites\/2\/2020\/11\/Comverga_CC.png\",\"contentUrl\":\"https:\/\/www.comverga.com\/pol\/wp-content\/uploads\/sites\/2\/2020\/11\/Comverga_CC.png\",\"width\":800,\"height\":800,\"caption\":\"COMVERGA Poland\"},\"image\":{\"@id\":\"https:\/\/www.comverga.com\/pol\/#\/schema\/logo\/image\/\"}}]}<\/script>\n<!-- \/ Yoast SEO plugin. -->","yoast_head_json":{"title":"SMS \/ Messaging Services - COMVERGA Poland","description":"If you need to communicate quickly and efficiently with your partners, customers, clients, use communication via SMS.","robots":{"index":"index","follow":"follow","max-snippet":"max-snippet:-1","max-image-preview":"max-image-preview:large","max-video-preview":"max-video-preview:-1"},"canonical":"https:\/\/www.comverga.com\/pol\/de\/services\/sms-messaging-services\/","og_locale":"de_DE","og_type":"article","og_title":"SMS \/ Messaging Services - COMVERGA Poland","og_description":"If you need to communicate quickly and efficiently with your partners, customers, clients, use communication via SMS.","og_url":"https:\/\/www.comverga.com\/pol\/de\/services\/sms-messaging-services\/","og_site_name":"COMVERGA Poland","og_image":[{"width":1920,"height":1080,"url":"https:\/\/www.comverga.com\/pol\/wp-content\/uploads\/sites\/2\/2020\/11\/Service_Messig-1.jpg","type":"image\/jpeg"}],"twitter_card":"summary_large_image","schema":{"@context":"https:\/\/schema.org","@graph":[{"@type":"WebPage","@id":"https:\/\/www.comverga.com\/pol\/services\/sms-messaging-services\/","url":"https:\/\/www.comverga.com\/pol\/services\/sms-messaging-services\/","name":"SMS \/ Messaging Services - COMVERGA Poland","isPartOf":{"@id":"https:\/\/www.comverga.com\/pol\/#website"},"datePublished":"2020-11-25T11:11:54+00:00","dateModified":"2020-11-25T11:11:54+00:00","description":"If you need to communicate quickly and efficiently with your partners, customers, clients, use communication via SMS.","breadcrumb":{"@id":"https:\/\/www.comverga.com\/pol\/services\/sms-messaging-services\/#breadcrumb"},"inLanguage":"de","potentialAction":[{"@type":"ReadAction","target":["https:\/\/www.comverga.com\/pol\/services\/sms-messaging-services\/"]}]},{"@type":"BreadcrumbList","@id":"https:\/\/www.comverga.com\/pol\/services\/sms-messaging-services\/#breadcrumb","itemListElement":[{"@type":"ListItem","position":1,"name":"Services","item":"https:\/\/www.comverga.com\/pol\/services\/"},{"@type":"ListItem","position":2,"name":"SMS \/ Messaging Services"}]},{"@type":"WebSite","@id":"https:\/\/www.comverga.com\/pol\/#website","url":"https:\/\/www.comverga.com\/pol\/","name":"COMVERGA Polen","description":"Comverga Polen","publisher":{"@id":"https:\/\/www.comverga.com\/pol\/#organization"},"potentialAction":[{"@type":"SearchAction","target":{"@type":"EntryPoint","urlTemplate":"https:\/\/www.comverga.com\/pol\/?s={search_term_string}"},"query-input":"required name=search_term_string"}],"inLanguage":"de"},{"@type":"Organization","@id":"https:\/\/www.comverga.com\/pol\/#organization","name":"COMVERGA Polen","url":"https:\/\/www.comverga.com\/pol\/","logo":{"@type":"ImageObject","inLanguage":"de","@id":"https:\/\/www.comverga.com\/pol\/#\/schema\/logo\/image\/","url":"https:\/\/www.comverga.com\/pol\/wp-content\/uploads\/sites\/2\/2020\/11\/Comverga_CC.png","contentUrl":"https:\/\/www.comverga.com\/pol\/wp-content\/uploads\/sites\/2\/2020\/11\/Comverga_CC.png","width":800,"height":800,"caption":"COMVERGA Poland"},"image":{"@id":"https:\/\/www.comverga.com\/pol\/#\/schema\/logo\/image\/"}}]}},"_links":{"self":[{"href":"https:\/\/www.comverga.com\/pol\/de\/wp-json\/wp\/v2\/pages\/155"}],"collection":[{"href":"https:\/\/www.comverga.com\/pol\/de\/wp-json\/wp\/v2\/pages"}],"about":[{"href":"https:\/\/www.comverga.com\/pol\/de\/wp-json\/wp\/v2\/types\/page"}],"author":[{"embeddable":true,"href":"https:\/\/www.comverga.com\/pol\/de\/wp-json\/wp\/v2\/users\/1"}],"replies":[{"embeddable":true,"href":"https:\/\/www.comverga.com\/pol\/de\/wp-json\/wp\/v2\/comments?post=155"}],"version-history":[{"count":0,"href":"https:\/\/www.comverga.com\/pol\/de\/wp-json\/wp\/v2\/pages\/155\/revisions"}],"up":[{"embeddable":true,"href":"https:\/\/www.comverga.com\/pol\/de\/wp-json\/wp\/v2\/pages\/153"}],"wp:featuredmedia":[{"embeddable":true,"href":"https:\/\/www.comverga.com\/pol\/de\/wp-json\/wp\/v2\/media\/234"}],"wp:attachment":[{"href":"https:\/\/www.comverga.com\/pol\/de\/wp-json\/wp\/v2\/media?parent=155"}],"curies":[{"name":"wp","href":"https:\/\/api.w.org\/{rel}","templated":true}]}}