{"id":171,"date":"2020-11-25T12:40:38","date_gmt":"2020-11-25T11:40:38","guid":{"rendered":"https:\/\/www.comverga.com\/?page_id=171"},"modified":"2020-11-25T12:40:38","modified_gmt":"2020-11-25T11:40:38","slug":"payment-services","status":"publish","type":"page","link":"https:\/\/www.comverga.com\/pol\/de\/services\/payment-services\/","title":{"rendered":"Zahlungsdienste"},"content":{"rendered":"<p>Wir bieten unseren Partnern ein modernes Bezahlsystem, das es ihren Kunden erm\u00f6glicht, verschiedene Dienste bargeldlos per Handy, Zahlungskarte oder \u00dcberweisung zu bezahlen. Es ist m\u00f6glich, verschiedene Abrechnungsmodelle zu nutzen - Post-Paid-Dienste, Pre-Paid-Dienste, Abonnement oder Hot Billing.<\/p>","protected":false},"excerpt":{"rendered":"<p>Wir bieten unseren Partnern ein modernes Bezahlsystem, das es ihren Kunden erm\u00f6glicht, verschiedene Dienste bargeldlos per Handy, Zahlungskarte oder \u00dcberweisung zu bezahlen. Es ist m\u00f6glich, verschiedene Abrechnungsmodelle zu nutzen - Post-Paid-Dienste, Pre-Paid-Dienste, Abonnement oder Hot Billing.<\/p>","protected":false},"author":1,"featured_media":223,"parent":153,"menu_order":104,"comment_status":"closed","ping_status":"closed","template":"","meta":{"footnotes":""},"yoast_head":"<!-- This site is optimized with the Yoast SEO plugin v21.6 - https:\/\/yoast.com\/wordpress\/plugins\/seo\/ -->\n<title>Payment Services - COMVERGA Poland<\/title>\n<meta name=\"description\" content=\"We offer our partners a modern payment system, which enables their customers to can pay for various services without cash using their mobile phone, payment card or bank transfer.\" \/>\n<meta name=\"robots\" content=\"index, follow, max-snippet:-1, max-image-preview:large, max-video-preview:-1\" \/>\n<link rel=\"canonical\" href=\"https:\/\/www.comverga.com\/pol\/de\/services\/payment-services\/\" \/>\n<meta property=\"og:locale\" content=\"de_DE\" \/>\n<meta property=\"og:type\" content=\"article\" \/>\n<meta property=\"og:title\" content=\"Payment Services - COMVERGA Poland\" \/>\n<meta property=\"og:description\" content=\"We offer our partners a modern payment system, which enables their customers to can pay for various services without cash using their mobile phone, payment card or bank transfer.\" \/>\n<meta property=\"og:url\" content=\"https:\/\/www.comverga.com\/pol\/de\/services\/payment-services\/\" \/>\n<meta property=\"og:site_name\" content=\"COMVERGA Poland\" \/>\n<meta property=\"og:image\" content=\"https:\/\/www.comverga.com\/pol\/wp-content\/uploads\/sites\/2\/2020\/11\/Service_Paym.jpg\" \/>\n\t<meta property=\"og:image:width\" content=\"1920\" \/>\n\t<meta property=\"og:image:height\" content=\"1080\" \/>\n\t<meta property=\"og:image:type\" content=\"image\/jpeg\" \/>\n<meta name=\"twitter:card\" content=\"summary_large_image\" \/>\n<script type=\"application\/ld+json\" class=\"yoast-schema-graph\">{\"@context\":\"https:\/\/schema.org\",\"@graph\":[{\"@type\":\"WebPage\",\"@id\":\"https:\/\/www.comverga.com\/pol\/services\/payment-services\/\",\"url\":\"https:\/\/www.comverga.com\/pol\/services\/payment-services\/\",\"name\":\"Payment Services - COMVERGA Poland\",\"isPartOf\":{\"@id\":\"https:\/\/www.comverga.com\/pol\/#website\"},\"datePublished\":\"2020-11-25T11:40:38+00:00\",\"dateModified\":\"2020-11-25T11:40:38+00:00\",\"description\":\"We offer our partners a modern payment system, which enables their customers to can pay for various services without cash using their mobile phone, payment card or bank transfer.\",\"breadcrumb\":{\"@id\":\"https:\/\/www.comverga.com\/pol\/services\/payment-services\/#breadcrumb\"},\"inLanguage\":\"de\",\"potentialAction\":[{\"@type\":\"ReadAction\",\"target\":[\"https:\/\/www.comverga.com\/pol\/services\/payment-services\/\"]}]},{\"@type\":\"BreadcrumbList\",\"@id\":\"https:\/\/www.comverga.com\/pol\/services\/payment-services\/#breadcrumb\",\"itemListElement\":[{\"@type\":\"ListItem\",\"position\":1,\"name\":\"Services\",\"item\":\"https:\/\/www.comverga.com\/pol\/services\/\"},{\"@type\":\"ListItem\",\"position\":2,\"name\":\"Payment Services\"}]},{\"@type\":\"WebSite\",\"@id\":\"https:\/\/www.comverga.com\/pol\/#website\",\"url\":\"https:\/\/www.comverga.com\/pol\/\",\"name\":\"COMVERGA Poland\",\"description\":\"Comverga Poland\",\"publisher\":{\"@id\":\"https:\/\/www.comverga.com\/pol\/#organization\"},\"potentialAction\":[{\"@type\":\"SearchAction\",\"target\":{\"@type\":\"EntryPoint\",\"urlTemplate\":\"https:\/\/www.comverga.com\/pol\/?s={search_term_string}\"},\"query-input\":\"required name=search_term_string\"}],\"inLanguage\":\"de\"},{\"@type\":\"Organization\",\"@id\":\"https:\/\/www.comverga.com\/pol\/#organization\",\"name\":\"COMVERGA Poland\",\"url\":\"https:\/\/www.comverga.com\/pol\/\",\"logo\":{\"@type\":\"ImageObject\",\"inLanguage\":\"de\",\"@id\":\"https:\/\/www.comverga.com\/pol\/#\/schema\/logo\/image\/\",\"url\":\"https:\/\/www.comverga.com\/pol\/wp-content\/uploads\/sites\/2\/2020\/11\/Comverga_CC.png\",\"contentUrl\":\"https:\/\/www.comverga.com\/pol\/wp-content\/uploads\/sites\/2\/2020\/11\/Comverga_CC.png\",\"width\":800,\"height\":800,\"caption\":\"COMVERGA Poland\"},\"image\":{\"@id\":\"https:\/\/www.comverga.com\/pol\/#\/schema\/logo\/image\/\"}}]}<\/script>\n<!-- \/ Yoast SEO plugin. -->","yoast_head_json":{"title":"Payment Services - COMVERGA Poland","description":"We offer our partners a modern payment system, which enables their customers to can pay for various services without cash using their mobile phone, payment card or bank transfer.","robots":{"index":"index","follow":"follow","max-snippet":"max-snippet:-1","max-image-preview":"max-image-preview:large","max-video-preview":"max-video-preview:-1"},"canonical":"https:\/\/www.comverga.com\/pol\/de\/services\/payment-services\/","og_locale":"de_DE","og_type":"article","og_title":"Payment Services - COMVERGA Poland","og_description":"We offer our partners a modern payment system, which enables their customers to can pay for various services without cash using their mobile phone, payment card or bank transfer.","og_url":"https:\/\/www.comverga.com\/pol\/de\/services\/payment-services\/","og_site_name":"COMVERGA Poland","og_image":[{"width":1920,"height":1080,"url":"https:\/\/www.comverga.com\/pol\/wp-content\/uploads\/sites\/2\/2020\/11\/Service_Paym.jpg","type":"image\/jpeg"}],"twitter_card":"summary_large_image","schema":{"@context":"https:\/\/schema.org","@graph":[{"@type":"WebPage","@id":"https:\/\/www.comverga.com\/pol\/services\/payment-services\/","url":"https:\/\/www.comverga.com\/pol\/services\/payment-services\/","name":"Payment Services - COMVERGA Poland","isPartOf":{"@id":"https:\/\/www.comverga.com\/pol\/#website"},"datePublished":"2020-11-25T11:40:38+00:00","dateModified":"2020-11-25T11:40:38+00:00","description":"We offer our partners a modern payment system, which enables their customers to can pay for various services without cash using their mobile phone, payment card or bank transfer.","breadcrumb":{"@id":"https:\/\/www.comverga.com\/pol\/services\/payment-services\/#breadcrumb"},"inLanguage":"de","potentialAction":[{"@type":"ReadAction","target":["https:\/\/www.comverga.com\/pol\/services\/payment-services\/"]}]},{"@type":"BreadcrumbList","@id":"https:\/\/www.comverga.com\/pol\/services\/payment-services\/#breadcrumb","itemListElement":[{"@type":"ListItem","position":1,"name":"Services","item":"https:\/\/www.comverga.com\/pol\/services\/"},{"@type":"ListItem","position":2,"name":"Payment Services"}]},{"@type":"WebSite","@id":"https:\/\/www.comverga.com\/pol\/#website","url":"https:\/\/www.comverga.com\/pol\/","name":"COMVERGA Polen","description":"Comverga Polen","publisher":{"@id":"https:\/\/www.comverga.com\/pol\/#organization"},"potentialAction":[{"@type":"SearchAction","target":{"@type":"EntryPoint","urlTemplate":"https:\/\/www.comverga.com\/pol\/?s={search_term_string}"},"query-input":"required name=search_term_string"}],"inLanguage":"de"},{"@type":"Organization","@id":"https:\/\/www.comverga.com\/pol\/#organization","name":"COMVERGA Polen","url":"https:\/\/www.comverga.com\/pol\/","logo":{"@type":"ImageObject","inLanguage":"de","@id":"https:\/\/www.comverga.com\/pol\/#\/schema\/logo\/image\/","url":"https:\/\/www.comverga.com\/pol\/wp-content\/uploads\/sites\/2\/2020\/11\/Comverga_CC.png","contentUrl":"https:\/\/www.comverga.com\/pol\/wp-content\/uploads\/sites\/2\/2020\/11\/Comverga_CC.png","width":800,"height":800,"caption":"COMVERGA Poland"},"image":{"@id":"https:\/\/www.comverga.com\/pol\/#\/schema\/logo\/image\/"}}]}},"_links":{"self":[{"href":"https:\/\/www.comverga.com\/pol\/de\/wp-json\/wp\/v2\/pages\/171"}],"collection":[{"href":"https:\/\/www.comverga.com\/pol\/de\/wp-json\/wp\/v2\/pages"}],"about":[{"href":"https:\/\/www.comverga.com\/pol\/de\/wp-json\/wp\/v2\/types\/page"}],"author":[{"embeddable":true,"href":"https:\/\/www.comverga.com\/pol\/de\/wp-json\/wp\/v2\/users\/1"}],"replies":[{"embeddable":true,"href":"https:\/\/www.comverga.com\/pol\/de\/wp-json\/wp\/v2\/comments?post=171"}],"version-history":[{"count":0,"href":"https:\/\/www.comverga.com\/pol\/de\/wp-json\/wp\/v2\/pages\/171\/revisions"}],"up":[{"embeddable":true,"href":"https:\/\/www.comverga.com\/pol\/de\/wp-json\/wp\/v2\/pages\/153"}],"wp:featuredmedia":[{"embeddable":true,"href":"https:\/\/www.comverga.com\/pol\/de\/wp-json\/wp\/v2\/media\/223"}],"wp:attachment":[{"href":"https:\/\/www.comverga.com\/pol\/de\/wp-json\/wp\/v2\/media?parent=171"}],"curies":[{"name":"wp","href":"https:\/\/api.w.org\/{rel}","templated":true}]}}