{"id":2107,"date":"2021-10-20T17:07:30","date_gmt":"2021-10-20T15:07:30","guid":{"rendered":"https:\/\/www.comverga.com\/pol\/?page_id=2107"},"modified":"2022-01-19T09:37:18","modified_gmt":"2022-01-19T08:37:18","slug":"praca","status":"publish","type":"page","link":"https:\/\/www.comverga.com\/pol\/de\/praca\/","title":{"rendered":"Arbeit"},"content":{"rendered":"<div data-elementor-type=\"wp-page\" data-elementor-id=\"2107\" class=\"elementor elementor-2107\">\n\t\t\t\t\t\t\t\t\t<section class=\"elementor-section elementor-top-section elementor-element elementor-element-1144c806 elementor-section-stretched elementor-section-boxed elementor-section-height-default elementor-section-height-default\" data-id=\"1144c806\" data-element_type=\"section\" data-settings=\"{&quot;stretch_section&quot;:&quot;section-stretched&quot;,&quot;background_background&quot;:&quot;classic&quot;}\">\n\t\t\t\t\t\t<div class=\"elementor-container elementor-column-gap-default\">\n\t\t\t\t\t<div class=\"elementor-column elementor-col-100 elementor-top-column elementor-element elementor-element-b1cb4ac\" data-id=\"b1cb4ac\" data-element_type=\"column\">\n\t\t\t<div class=\"elementor-widget-wrap elementor-element-populated\">\n\t\t\t\t\t\t\t\t<div class=\"elementor-element elementor-element-9549a7c premium-header-inline premium-lq__none premium-box-lq__none elementor-widget elementor-widget-premium-addon-dual-header\" data-id=\"9549a7c\" data-element_type=\"widget\" data-widget_type=\"premium-addon-dual-header.default\">\n\t\t\t\t<div class=\"elementor-widget-container\">\n\t\t\t\r\n\t\t\t\t\t<h2 class=\"premium-dual-header-first-header\"><span class=\"premium-dual-header-first-span\">11\/01\/2022 <\/span><span class=\"premium-dual-header-second-header\">Key Account Manager \/ Arbeitsort: Warschau<\/span><\/h2> \t\t\r\n\t\t\t\t<\/div>\n\t\t\t\t<\/div>\n\t\t\t\t<div class=\"elementor-element elementor-element-2a583fc elementor-widget-divider--view-line elementor-widget elementor-widget-divider\" data-id=\"2a583fc\" data-element_type=\"widget\" data-widget_type=\"divider.default\">\n\t\t\t\t<div class=\"elementor-widget-container\">\n\t\t\t\t\t<div class=\"elementor-divider\">\n\t\t\t<span class=\"elementor-divider-separator\">\n\t\t\t\t\t\t<\/span>\n\t\t<\/div>\n\t\t\t\t<\/div>\n\t\t\t\t<\/div>\n\t\t\t\t<div class=\"elementor-element elementor-element-19d7b686 elementor-widget elementor-widget-text-editor\" data-id=\"19d7b686\" data-element_type=\"widget\" data-widget_type=\"text-editor.default\">\n\t\t\t\t<div class=\"elementor-widget-container\">\n\t\t\t\t\t\t\t<h4>Wir suchen derzeit eine neue Person, die f\u00fcr den aktiven Verkauf von COMVERGA-L\u00f6sungen, die enge Zusammenarbeit mit Kunden und die Entwicklung neuer Produkte und Vertriebsrichtungen in Polen verantwortlich ist.<\/h4>\n<h5><strong>Zu den Aufgaben des Stelleninhabers geh\u00f6ren: <\/strong><\/h5>\n<ul>\n<li>Gewinnung neuer Kunden f\u00fcr die Nutzung von COMVERGA-L\u00f6sungen<\/li>\n<li>Planung und Umsetzung der budgetierten Verkaufsziele in den zugewiesenen Kundengruppen und Marktsegmenten,<\/li>\n<li>Aktive Beteiligung an der Ausarbeitung der Strategie und der Planung von Aktivit\u00e4ten im Rahmen der Ausarbeitung der Verkaufsstrategie<\/li>\n<li>kontinuierliche Zusammenarbeit mit den Kunden zur Maximierung der Einnahmen aus den erbrachten Dienstleistungen und dem Verkauf von erg\u00e4nzenden Produkten<\/li>\n<li>die F\u00e4higkeit, die Kundenbed\u00fcrfnisse effektiv zu analysieren und die richtigen L\u00f6sungen aus unserem Portfolio auszuw\u00e4hlen<\/li>\n<li>F\u00e4higkeit, Menschen auf allen Ebenen der Organisation zu erreichen und Gesch\u00e4ftsbeziehungen aufzubauen<\/li>\n<li>selbst\u00e4ndiges Erkennen, Bieten und Umsetzen von neuen Verkaufsm\u00f6glichkeiten<\/li>\n<li>aktive Beteiligung am Verkaufsprozess und \u00dcberwachung der Umsetzung von Handelsvertr\u00e4gen<\/li>\n<li>effektive Verhandlung, Kl\u00e4rung von Vereinbarungen und Formalisierung von Vertr\u00e4gen<\/li>\n<li>F\u00e4higkeit, Pr\u00e4sentationen und Gesch\u00e4ftssitzungen vorzubereiten und durchzuf\u00fchren<\/li>\n<li>Umsetzung der im Rahmen der Marketingstrategie vorbereiteten Marketingaktivit\u00e4ten, wobei ein wesentlicher Beitrag zu deren Entwicklung geleistet wird<\/li>\n<li>F\u00f6rderung eines positiven und professionellen Images des Unternehmens bei Kunden und Kollegen<\/li>\n<li>laufende Beobachtung und Analyse des Marktes und der Aktivit\u00e4ten der Wettbewerber<\/li>\n<li>Regelm\u00e4\u00dfige Berichterstattung \u00fcber den Stand der Projekte und die Auswirkungen der umgesetzten L\u00f6sungen, Verwaltung des Kundenstamms<\/li>\n<\/ul>\n<p><strong>Anforderungen: <\/strong><\/p>\n<ul>\n<li>mindestens 5 Jahre Erfahrung als Verkaufsleiter oder Key Account Manager<\/li>\n<li>erforderliche Erfahrung oder allgemeine Kenntnisse im Bereich des Verkaufs von Softwarel\u00f6sungen oder IT- oder Telekommunikationsdiensten<\/li>\n<li>aktive Beziehungen in Ihrem eigenen Gesch\u00e4ftsnetz, einschlie\u00dflich Branchenkontakte<\/li>\n<li>Erfahrung in der Durchf\u00fchrung von Verkaufsaktivit\u00e4ten, Verkaufsgespr\u00e4chen, Verhandlungen, Erstellung von Angeboten und Preiskalkulationen - nachweisliche Erfolge im Verkauf<\/li>\n<li>autonome Planung von Verkaufsaktivit\u00e4ten mit einem Zeithorizont<\/li>\n<li>Leichtigkeit beim Aufbau und der Entwicklung von Gesch\u00e4ftsbeziehungen<\/li>\n<li>Kenntnisse der englischen Sprache (in Wort und Schrift)<\/li>\n<li>ausgezeichnete zwischenmenschliche und kommunikative F\u00e4higkeiten<\/li>\n<li>Selbstst\u00e4ndigkeit, Beharrlichkeit und Ergebnisorientierung<\/li>\n<li>gute Arbeitsorganisation und F\u00e4higkeit, Prozesse zu steuern<\/li>\n<li>technologische Interessen\/Erfahrungen\/Bef\u00e4higungen (willkommen)<\/li>\n<\/ul>\n<p><strong>Wir bieten:<\/strong><\/p>\n<ul>\n<li>einen sicheren Arbeitsplatz in einem dynamischen internationalen Technologieunternehmen<\/li>\n<li>die M\u00f6glichkeit, sich weiter zu qualifizieren, eine Ausbildung zu w\u00e4hlen und interessante berufliche Herausforderungen anzunehmen<\/li>\n<li>die M\u00f6glichkeit, eine geeignete Form der Besch\u00e4ftigung zu w\u00e4hlen<\/li>\n<li>hybrid arbeitendes System<\/li>\n<li>eine Verg\u00fctung, die sich aus einem Grundgehalt und einer leistungsbezogenen Provisionskomponente zusammensetzt<\/li>\n<li>wichtige Arbeitsmittel, medizinische Versorgung, Betriebsverpflegung und eine kreative und freundliche Arbeitsatmosph\u00e4re<\/li>\n<\/ul>\n<p><strong>Bitte kontaktieren Sie uns direkt per E-Mail:<\/strong> <a href=\"mailto:praca@comverga.com\">praca@comverga.com<\/a><\/p>\n<p><!-- \/wp:paragraph --><\/p>\t\t\t\t\t\t<\/div>\n\t\t\t\t<\/div>\n\t\t\t\t<div class=\"elementor-element elementor-element-5028d27 elementor-widget-divider--view-line elementor-widget elementor-widget-divider\" data-id=\"5028d27\" data-element_type=\"widget\" data-widget_type=\"divider.default\">\n\t\t\t\t<div class=\"elementor-widget-container\">\n\t\t\t\t\t<div class=\"elementor-divider\">\n\t\t\t<span class=\"elementor-divider-separator\">\n\t\t\t\t\t\t<\/span>\n\t\t<\/div>\n\t\t\t\t<\/div>\n\t\t\t\t<\/div>\n\t\t\t\t<div class=\"elementor-element elementor-element-3e292ed premium-header-inline premium-lq__none premium-box-lq__none elementor-widget elementor-widget-premium-addon-dual-header\" data-id=\"3e292ed\" data-element_type=\"widget\" data-widget_type=\"premium-addon-dual-header.default\">\n\t\t\t\t<div class=\"elementor-widget-container\">\n\t\t\t\r\n\t\t\t\t\t<h2 class=\"premium-dual-header-first-header\"><span class=\"premium-dual-header-first-span\">20\/10\/2021 <\/span><span class=\"premium-dual-header-second-header\">Projektleiter<\/span><\/h2> \t\t\r\n\t\t\t\t<\/div>\n\t\t\t\t<\/div>\n\t\t\t\t<div class=\"elementor-element elementor-element-f8c3990 elementor-widget-divider--view-line elementor-widget elementor-widget-divider\" data-id=\"f8c3990\" data-element_type=\"widget\" data-widget_type=\"divider.default\">\n\t\t\t\t<div class=\"elementor-widget-container\">\n\t\t\t\t\t<div class=\"elementor-divider\">\n\t\t\t<span class=\"elementor-divider-separator\">\n\t\t\t\t\t\t<\/span>\n\t\t<\/div>\n\t\t\t\t<\/div>\n\t\t\t\t<\/div>\n\t\t\t\t<div class=\"elementor-element elementor-element-8021590 elementor-widget elementor-widget-text-editor\" data-id=\"8021590\" data-element_type=\"widget\" data-widget_type=\"text-editor.default\">\n\t\t\t\t<div class=\"elementor-widget-container\">\n\t\t\t\t\t\t\t<p><!-- wp:paragraph --><\/p>\n<h4>Wir suchen derzeit einen Bewerber f\u00fcr die Stelle eines <strong>Projektleiter.<\/strong><\/h4>\n<h5><strong><br \/>Die Person, die diese Position innehat:<br \/><\/strong><\/h5>\n<ul>\n<li>leitet Projekte im Technologiesektor, vorzugsweise in der Softwareentwicklung<\/li>\n<li>ist ordentlich, achtet genau auf Details<\/li>\n<li>beherrscht die Nutzung von Computeranwendungen f\u00fcr Kommunikation, Planung, Kalenderf\u00fchrung und Aufgabenmanagement<\/li>\n<li>kennt die Grunds\u00e4tze der Entwicklung von Webanwendungen, Front- und Back-End-Architektur sind ihm nicht fremd<\/li>\n<li>spricht und schreibt Englisch<\/li>\n<li>in einem kleinen, familiengef\u00fchrten Unternehmen wachsen will<\/li>\n<li>legt Wert auf Ehrlichkeit, scheut sich nicht, im Rahmen der \u00fcbertragenen Aufgaben Entscheidungen zu treffen, sucht nach L\u00f6sungen f\u00fcr Probleme und nicht nach Problemen<\/li>\n<\/ul>\n<p><strong>Typische Aufgaben des Bewerbers\/der Bewerberin:<\/strong><\/p>\n<ul>\n<li>Pr\u00e4sentation von L\u00f6sungen und Dienstleistungen f\u00fcr Kunden<\/li>\n<li>Teilnahme an Tests f\u00fcr neue Dienste<\/li>\n<li>Pflege der Beziehungen zu den technischen Teams<\/li>\n<li>an interessanten Diskussionen \u00fcber neue Dienstleistungen, Trends und Entwicklungen teilnehmen.<\/li>\n<\/ul>\n<p><strong>Wir bieten:<\/strong><\/p>\n<ul>\n<li>einen festen Arbeitsplatz in einem internationalen Technologieunternehmen<\/li>\n<li>die M\u00f6glichkeit, sich weiter zu qualifizieren und interessante berufliche Herausforderungen anzunehmen<\/li>\n<li>die M\u00f6glichkeit, eine geeignete Form der Besch\u00e4ftigung zu w\u00e4hlen<\/li>\n<li>wichtige Arbeitsmittel, medizinische Versorgung, Betriebsverpflegung und eine kreative und freundliche Arbeitsatmosph\u00e4re<\/li>\n<li>Zugang zum Chillout-Raum,<\/li>\n<li>G\u00fcnstiger B\u00fcrostandort in der N\u00e4he einer U-Bahn-Station<\/li>\n<li>Wahl der externen Ausbildung<\/li>\n<\/ul>\n<p><strong>Bitte kontaktieren Sie uns direkt per E-Mail:<\/strong> <a href=\"mailto:piotr.herman@comverga.com\">piotr.herman@comverga.com<\/a><\/p>\n<p><!-- \/wp:paragraph --><\/p>\t\t\t\t\t\t<\/div>\n\t\t\t\t<\/div>\n\t\t\t\t\t<\/div>\n\t\t<\/div>\n\t\t\t\t\t\t\t<\/div>\n\t\t<\/section>\n\t\t\t\t\t\t\t<\/div>","protected":false},"excerpt":{"rendered":"<p>11\/01\/2022 Key Account Manager \/ Arbeitsort: Warschau Wir suchen derzeit eine neue Person zur Verst\u00e4rkung unseres Teams, die f\u00fcr den aktiven Verkauf von COMVERGA-L\u00f6sungen, die enge Zusammenarbeit mit Kunden und die Entwicklung neuer Produkte und Vertriebsrichtungen in Polen verantwortlich sein wird Zu den Aufgaben der eingestellten Person geh\u00f6ren: die Gewinnung neuer Kunden f\u00fcr die Nutzung von COMVERGA-L\u00f6sungen, die Planung und Umsetzung von [...]<\/p>","protected":false},"author":4,"featured_media":145,"parent":0,"menu_order":0,"comment_status":"closed","ping_status":"closed","template":"","meta":{"footnotes":""},"yoast_head":"<!-- This site is optimized with the Yoast SEO plugin v21.6 - https:\/\/yoast.com\/wordpress\/plugins\/seo\/ -->\n<title>Praca - COMVERGA Poland<\/title>\n<meta name=\"robots\" content=\"index, follow, max-snippet:-1, max-image-preview:large, max-video-preview:-1\" \/>\n<link rel=\"canonical\" href=\"https:\/\/www.comverga.com\/pol\/de\/praca\/\" \/>\n<meta property=\"og:locale\" content=\"de_DE\" \/>\n<meta property=\"og:type\" content=\"article\" \/>\n<meta property=\"og:title\" content=\"Praca - COMVERGA Poland\" \/>\n<meta property=\"og:description\" content=\"11\/01\/2022 Key Account Manager \/ miejsce pracy: Warszawa Obecnie poszukujemy nowej osoby do zespo\u0142u, kt\u00f3ra b\u0119dzie odpowiada\u0142a za aktywn\u0105 sprzeda\u017c rozwi\u0105za\u0144 COMVERGA, \u015bcis\u0142\u0105 wsp\u00f3\u0142prac\u0119 z Klientami oraz rozw\u00f3j nowych produkt\u00f3w i kierunk\u00f3w sprzeda\u017cy w Polsce Do obowi\u0105zk\u00f3w osoby zatrudnionej b\u0119dzie nale\u017ca\u0142o: pozyskiwanie nowych Klient\u00f3w do korzystania z rozwi\u0105za\u0144 COMVERGA planowanie i realizacja za\u0142o\u017conych w bud\u017cecie [&hellip;]\" \/>\n<meta property=\"og:url\" content=\"https:\/\/www.comverga.com\/pol\/de\/praca\/\" \/>\n<meta property=\"og:site_name\" content=\"COMVERGA Poland\" \/>\n<meta property=\"article:modified_time\" content=\"2022-01-19T08:37:18+00:00\" \/>\n<meta property=\"og:image\" content=\"https:\/\/www.comverga.com\/pol\/wp-content\/uploads\/sites\/2\/2020\/11\/technologiekomunikacji-1.jpg\" \/>\n\t<meta property=\"og:image:width\" content=\"1920\" \/>\n\t<meta property=\"og:image:height\" content=\"955\" \/>\n\t<meta property=\"og:image:type\" content=\"image\/jpeg\" \/>\n<meta name=\"twitter:card\" content=\"summary_large_image\" \/>\n<meta name=\"twitter:label1\" content=\"Gesch\u00e4tzte Lesezeit\" \/>\n\t<meta name=\"twitter:data1\" content=\"3\u00a0Minuten\" \/>\n<script type=\"application\/ld+json\" class=\"yoast-schema-graph\">{\"@context\":\"https:\/\/schema.org\",\"@graph\":[{\"@type\":\"WebPage\",\"@id\":\"https:\/\/www.comverga.com\/pol\/praca\/\",\"url\":\"https:\/\/www.comverga.com\/pol\/praca\/\",\"name\":\"Praca - COMVERGA Poland\",\"isPartOf\":{\"@id\":\"https:\/\/www.comverga.com\/pol\/#website\"},\"datePublished\":\"2021-10-20T15:07:30+00:00\",\"dateModified\":\"2022-01-19T08:37:18+00:00\",\"inLanguage\":\"de\",\"potentialAction\":[{\"@type\":\"ReadAction\",\"target\":[\"https:\/\/www.comverga.com\/pol\/praca\/\"]}]},{\"@type\":\"WebSite\",\"@id\":\"https:\/\/www.comverga.com\/pol\/#website\",\"url\":\"https:\/\/www.comverga.com\/pol\/\",\"name\":\"COMVERGA Poland\",\"description\":\"Comverga Poland\",\"publisher\":{\"@id\":\"https:\/\/www.comverga.com\/pol\/#organization\"},\"potentialAction\":[{\"@type\":\"SearchAction\",\"target\":{\"@type\":\"EntryPoint\",\"urlTemplate\":\"https:\/\/www.comverga.com\/pol\/?s={search_term_string}\"},\"query-input\":\"required name=search_term_string\"}],\"inLanguage\":\"de\"},{\"@type\":\"Organization\",\"@id\":\"https:\/\/www.comverga.com\/pol\/#organization\",\"name\":\"COMVERGA Poland\",\"url\":\"https:\/\/www.comverga.com\/pol\/\",\"logo\":{\"@type\":\"ImageObject\",\"inLanguage\":\"de\",\"@id\":\"https:\/\/www.comverga.com\/pol\/#\/schema\/logo\/image\/\",\"url\":\"https:\/\/www.comverga.com\/pol\/wp-content\/uploads\/sites\/2\/2020\/11\/Comverga_CC.png\",\"contentUrl\":\"https:\/\/www.comverga.com\/pol\/wp-content\/uploads\/sites\/2\/2020\/11\/Comverga_CC.png\",\"width\":800,\"height\":800,\"caption\":\"COMVERGA Poland\"},\"image\":{\"@id\":\"https:\/\/www.comverga.com\/pol\/#\/schema\/logo\/image\/\"}}]}<\/script>\n<!-- \/ Yoast SEO plugin. -->","yoast_head_json":{"title":"Praca - COMVERGA Poland","robots":{"index":"index","follow":"follow","max-snippet":"max-snippet:-1","max-image-preview":"max-image-preview:large","max-video-preview":"max-video-preview:-1"},"canonical":"https:\/\/www.comverga.com\/pol\/de\/praca\/","og_locale":"de_DE","og_type":"article","og_title":"Praca - COMVERGA Poland","og_description":"11\/01\/2022 Key Account Manager \/ miejsce pracy: Warszawa Obecnie poszukujemy nowej osoby do zespo\u0142u, kt\u00f3ra b\u0119dzie odpowiada\u0142a za aktywn\u0105 sprzeda\u017c rozwi\u0105za\u0144 COMVERGA, \u015bcis\u0142\u0105 wsp\u00f3\u0142prac\u0119 z Klientami oraz rozw\u00f3j nowych produkt\u00f3w i kierunk\u00f3w sprzeda\u017cy w Polsce Do obowi\u0105zk\u00f3w osoby zatrudnionej b\u0119dzie nale\u017ca\u0142o: pozyskiwanie nowych Klient\u00f3w do korzystania z rozwi\u0105za\u0144 COMVERGA planowanie i realizacja za\u0142o\u017conych w bud\u017cecie [&hellip;]","og_url":"https:\/\/www.comverga.com\/pol\/de\/praca\/","og_site_name":"COMVERGA Poland","article_modified_time":"2022-01-19T08:37:18+00:00","og_image":[{"width":1920,"height":955,"url":"https:\/\/www.comverga.com\/pol\/wp-content\/uploads\/sites\/2\/2020\/11\/technologiekomunikacji-1.jpg","type":"image\/jpeg"}],"twitter_card":"summary_large_image","twitter_misc":{"Gesch\u00e4tzte Lesezeit":"3\u00a0Minuten"},"schema":{"@context":"https:\/\/schema.org","@graph":[{"@type":"WebPage","@id":"https:\/\/www.comverga.com\/pol\/praca\/","url":"https:\/\/www.comverga.com\/pol\/praca\/","name":"Praca - COMVERGA Poland","isPartOf":{"@id":"https:\/\/www.comverga.com\/pol\/#website"},"datePublished":"2021-10-20T15:07:30+00:00","dateModified":"2022-01-19T08:37:18+00:00","inLanguage":"de","potentialAction":[{"@type":"ReadAction","target":["https:\/\/www.comverga.com\/pol\/praca\/"]}]},{"@type":"WebSite","@id":"https:\/\/www.comverga.com\/pol\/#website","url":"https:\/\/www.comverga.com\/pol\/","name":"COMVERGA Polen","description":"Comverga Polen","publisher":{"@id":"https:\/\/www.comverga.com\/pol\/#organization"},"potentialAction":[{"@type":"SearchAction","target":{"@type":"EntryPoint","urlTemplate":"https:\/\/www.comverga.com\/pol\/?s={search_term_string}"},"query-input":"required name=search_term_string"}],"inLanguage":"de"},{"@type":"Organization","@id":"https:\/\/www.comverga.com\/pol\/#organization","name":"COMVERGA Polen","url":"https:\/\/www.comverga.com\/pol\/","logo":{"@type":"ImageObject","inLanguage":"de","@id":"https:\/\/www.comverga.com\/pol\/#\/schema\/logo\/image\/","url":"https:\/\/www.comverga.com\/pol\/wp-content\/uploads\/sites\/2\/2020\/11\/Comverga_CC.png","contentUrl":"https:\/\/www.comverga.com\/pol\/wp-content\/uploads\/sites\/2\/2020\/11\/Comverga_CC.png","width":800,"height":800,"caption":"COMVERGA Poland"},"image":{"@id":"https:\/\/www.comverga.com\/pol\/#\/schema\/logo\/image\/"}}]}},"_links":{"self":[{"href":"https:\/\/www.comverga.com\/pol\/de\/wp-json\/wp\/v2\/pages\/2107"}],"collection":[{"href":"https:\/\/www.comverga.com\/pol\/de\/wp-json\/wp\/v2\/pages"}],"about":[{"href":"https:\/\/www.comverga.com\/pol\/de\/wp-json\/wp\/v2\/types\/page"}],"author":[{"embeddable":true,"href":"https:\/\/www.comverga.com\/pol\/de\/wp-json\/wp\/v2\/users\/4"}],"replies":[{"embeddable":true,"href":"https:\/\/www.comverga.com\/pol\/de\/wp-json\/wp\/v2\/comments?post=2107"}],"version-history":[{"count":31,"href":"https:\/\/www.comverga.com\/pol\/de\/wp-json\/wp\/v2\/pages\/2107\/revisions"}],"predecessor-version":[{"id":2142,"href":"https:\/\/www.comverga.com\/pol\/de\/wp-json\/wp\/v2\/pages\/2107\/revisions\/2142"}],"wp:featuredmedia":[{"embeddable":true,"href":"https:\/\/www.comverga.com\/pol\/de\/wp-json\/wp\/v2\/media\/145"}],"wp:attachment":[{"href":"https:\/\/www.comverga.com\/pol\/de\/wp-json\/wp\/v2\/media?parent=2107"}],"curies":[{"name":"wp","href":"https:\/\/api.w.org\/{rel}","templated":true}]}}