{"id":235,"date":"2020-11-25T13:29:21","date_gmt":"2020-11-25T12:29:21","guid":{"rendered":"https:\/\/www.comverga.com\/?page_id=235"},"modified":"2021-02-01T12:42:39","modified_gmt":"2021-02-01T11:42:39","slug":"uslugi-sms-wiadomosci","status":"publish","type":"page","link":"https:\/\/www.comverga.com\/pol\/de\/uslugi\/uslugi-sms-wiadomosci\/","title":{"rendered":"SMS-Massenversand"},"content":{"rendered":"<div data-elementor-type=\"wp-page\" data-elementor-id=\"235\" class=\"elementor elementor-235\">\n\t\t\t\t\t\t\t\t\t<section class=\"elementor-section elementor-top-section elementor-element elementor-element-35529a7 elementor-section-stretched elementor-section-boxed elementor-section-height-default elementor-section-height-default\" data-id=\"35529a7\" data-element_type=\"section\" data-settings=\"{&quot;stretch_section&quot;:&quot;section-stretched&quot;,&quot;background_background&quot;:&quot;classic&quot;}\">\n\t\t\t\t\t\t<div class=\"elementor-container elementor-column-gap-default\">\n\t\t\t\t\t<div class=\"elementor-column elementor-col-100 elementor-top-column elementor-element elementor-element-2d187bbf\" data-id=\"2d187bbf\" data-element_type=\"column\">\n\t\t\t<div class=\"elementor-widget-wrap elementor-element-populated\">\n\t\t\t\t\t\t\t\t<div class=\"elementor-element elementor-element-19d9eed9 elementor-widget elementor-widget-text-editor\" data-id=\"19d9eed9\" data-element_type=\"widget\" data-widget_type=\"text-editor.default\">\n\t\t\t\t<div class=\"elementor-widget-container\">\n\t\t\t\t\t\t\t<!-- wp:paragraph -->\n<p>Wenn Sie schnell und effizient mit Ihren Partnern und Kunden kommunizieren m\u00fcssen, nutzen Sie die SMS-Kommunikation. Sie k\u00f6nnen Einweg-SMS verwenden, um z. B. \u00fcber Neuigkeiten, Preisangebote und aktuelle Rabatte zu informieren. Sie k\u00f6nnen auch \u00fcber Zwei-Wege-Nachrichten mit den Empf\u00e4ngern in Kontakt treten, indem Sie Abholdienste, SMS-Umfragen und interaktive Marketingkampagnen nutzen.<br>Neben SMS k\u00f6nnen Sie auch Sprachnachrichten, E-Mails und ma\u00dfgeschneiderte mobile Apps mit Sofortnachrichtenfunktion verwenden.<\/p>\n<!-- \/wp:paragraph -->\t\t\t\t\t\t<\/div>\n\t\t\t\t<\/div>\n\t\t\t\t\t<\/div>\n\t\t<\/div>\n\t\t\t\t\t\t\t<\/div>\n\t\t<\/section>\n\t\t\t\t\t\t\t<\/div>","protected":false},"excerpt":{"rendered":"<p>Wenn Sie schnell und effizient mit Ihren Partnern und Kunden kommunizieren m\u00fcssen, nutzen Sie die SMS-Kommunikation. Sie k\u00f6nnen Einweg-SMS nutzen, um z. B. \u00fcber Neuigkeiten, Preisangebote, aktuelle Rabatte zu informieren. Sie k\u00f6nnen die Empf\u00e4nger auch \u00fcber bidirektionale Nachrichten kontaktieren, indem Sie Nachrichtenempfangsdienste, SMS-Umfragen und interaktive Marketingkampagnen nutzen.<\/p>","protected":false},"author":1,"featured_media":144,"parent":231,"menu_order":103,"comment_status":"closed","ping_status":"closed","template":"","meta":{"footnotes":""},"yoast_head":"<!-- This site is optimized with the Yoast SEO plugin v21.6 - https:\/\/yoast.com\/wordpress\/plugins\/seo\/ -->\n<title>Masowa wysy\u0142ka SMS - COMVERGA Poland<\/title>\n<meta name=\"description\" content=\"Je\u015bli potrzebujesz szybko i sprawnie komunikowa\u0107 si\u0119 ze swoimi partnerami, klientami, klientami, skorzystaj z komunikacji przez SMS.\" \/>\n<meta name=\"robots\" content=\"index, follow, max-snippet:-1, max-image-preview:large, max-video-preview:-1\" \/>\n<link rel=\"canonical\" href=\"https:\/\/www.comverga.com\/pol\/de\/uslugi\/uslugi-sms-wiadomosci\/\" \/>\n<meta property=\"og:locale\" content=\"de_DE\" \/>\n<meta property=\"og:type\" content=\"article\" \/>\n<meta property=\"og:title\" content=\"Masowa wysy\u0142ka SMS - COMVERGA Poland\" \/>\n<meta property=\"og:description\" content=\"Je\u015bli potrzebujesz szybko i sprawnie komunikowa\u0107 si\u0119 ze swoimi partnerami, klientami, klientami, skorzystaj z komunikacji przez SMS.\" \/>\n<meta property=\"og:url\" content=\"https:\/\/www.comverga.com\/pol\/de\/uslugi\/uslugi-sms-wiadomosci\/\" \/>\n<meta property=\"og:site_name\" content=\"COMVERGA Poland\" \/>\n<meta property=\"article:modified_time\" content=\"2021-02-01T11:42:39+00:00\" \/>\n<meta property=\"og:image\" content=\"https:\/\/www.comverga.com\/pol\/wp-content\/uploads\/sites\/2\/2020\/11\/sprawdzanie-numerow-1-1.jpg\" \/>\n\t<meta property=\"og:image:width\" content=\"1920\" \/>\n\t<meta property=\"og:image:height\" content=\"620\" \/>\n\t<meta property=\"og:image:type\" content=\"image\/jpeg\" \/>\n<meta name=\"twitter:card\" content=\"summary_large_image\" \/>\n<script type=\"application\/ld+json\" class=\"yoast-schema-graph\">{\"@context\":\"https:\/\/schema.org\",\"@graph\":[{\"@type\":\"WebPage\",\"@id\":\"https:\/\/www.comverga.com\/pol\/uslugi\/uslugi-sms-wiadomosci\/\",\"url\":\"https:\/\/www.comverga.com\/pol\/uslugi\/uslugi-sms-wiadomosci\/\",\"name\":\"Masowa wysy\u0142ka SMS - COMVERGA Poland\",\"isPartOf\":{\"@id\":\"https:\/\/www.comverga.com\/pol\/#website\"},\"datePublished\":\"2020-11-25T12:29:21+00:00\",\"dateModified\":\"2021-02-01T11:42:39+00:00\",\"description\":\"Je\u015bli potrzebujesz szybko i sprawnie komunikowa\u0107 si\u0119 ze swoimi partnerami, klientami, klientami, skorzystaj z komunikacji przez SMS.\",\"breadcrumb\":{\"@id\":\"https:\/\/www.comverga.com\/pol\/uslugi\/uslugi-sms-wiadomosci\/#breadcrumb\"},\"inLanguage\":\"de\",\"potentialAction\":[{\"@type\":\"ReadAction\",\"target\":[\"https:\/\/www.comverga.com\/pol\/uslugi\/uslugi-sms-wiadomosci\/\"]}]},{\"@type\":\"BreadcrumbList\",\"@id\":\"https:\/\/www.comverga.com\/pol\/uslugi\/uslugi-sms-wiadomosci\/#breadcrumb\",\"itemListElement\":[{\"@type\":\"ListItem\",\"position\":1,\"name\":\"Us\u0142ugi\",\"item\":\"https:\/\/www.comverga.com\/pol\/uslugi\/\"},{\"@type\":\"ListItem\",\"position\":2,\"name\":\"Masowa wysy\u0142ka SMS\"}]},{\"@type\":\"WebSite\",\"@id\":\"https:\/\/www.comverga.com\/pol\/#website\",\"url\":\"https:\/\/www.comverga.com\/pol\/\",\"name\":\"COMVERGA Poland\",\"description\":\"Comverga Poland\",\"publisher\":{\"@id\":\"https:\/\/www.comverga.com\/pol\/#organization\"},\"potentialAction\":[{\"@type\":\"SearchAction\",\"target\":{\"@type\":\"EntryPoint\",\"urlTemplate\":\"https:\/\/www.comverga.com\/pol\/?s={search_term_string}\"},\"query-input\":\"required name=search_term_string\"}],\"inLanguage\":\"de\"},{\"@type\":\"Organization\",\"@id\":\"https:\/\/www.comverga.com\/pol\/#organization\",\"name\":\"COMVERGA Poland\",\"url\":\"https:\/\/www.comverga.com\/pol\/\",\"logo\":{\"@type\":\"ImageObject\",\"inLanguage\":\"de\",\"@id\":\"https:\/\/www.comverga.com\/pol\/#\/schema\/logo\/image\/\",\"url\":\"https:\/\/www.comverga.com\/pol\/wp-content\/uploads\/sites\/2\/2020\/11\/Comverga_CC.png\",\"contentUrl\":\"https:\/\/www.comverga.com\/pol\/wp-content\/uploads\/sites\/2\/2020\/11\/Comverga_CC.png\",\"width\":800,\"height\":800,\"caption\":\"COMVERGA Poland\"},\"image\":{\"@id\":\"https:\/\/www.comverga.com\/pol\/#\/schema\/logo\/image\/\"}}]}<\/script>\n<!-- \/ Yoast SEO plugin. -->","yoast_head_json":{"title":"Masowa wysy\u0142ka SMS - COMVERGA Poland","description":"Je\u015bli potrzebujesz szybko i sprawnie komunikowa\u0107 si\u0119 ze swoimi partnerami, klientami, klientami, skorzystaj z komunikacji przez SMS.","robots":{"index":"index","follow":"follow","max-snippet":"max-snippet:-1","max-image-preview":"max-image-preview:large","max-video-preview":"max-video-preview:-1"},"canonical":"https:\/\/www.comverga.com\/pol\/de\/uslugi\/uslugi-sms-wiadomosci\/","og_locale":"de_DE","og_type":"article","og_title":"Masowa wysy\u0142ka SMS - COMVERGA Poland","og_description":"Je\u015bli potrzebujesz szybko i sprawnie komunikowa\u0107 si\u0119 ze swoimi partnerami, klientami, klientami, skorzystaj z komunikacji przez SMS.","og_url":"https:\/\/www.comverga.com\/pol\/de\/uslugi\/uslugi-sms-wiadomosci\/","og_site_name":"COMVERGA Poland","article_modified_time":"2021-02-01T11:42:39+00:00","og_image":[{"width":1920,"height":620,"url":"https:\/\/www.comverga.com\/pol\/wp-content\/uploads\/sites\/2\/2020\/11\/sprawdzanie-numerow-1-1.jpg","type":"image\/jpeg"}],"twitter_card":"summary_large_image","schema":{"@context":"https:\/\/schema.org","@graph":[{"@type":"WebPage","@id":"https:\/\/www.comverga.com\/pol\/uslugi\/uslugi-sms-wiadomosci\/","url":"https:\/\/www.comverga.com\/pol\/uslugi\/uslugi-sms-wiadomosci\/","name":"Masowa wysy\u0142ka SMS - COMVERGA Poland","isPartOf":{"@id":"https:\/\/www.comverga.com\/pol\/#website"},"datePublished":"2020-11-25T12:29:21+00:00","dateModified":"2021-02-01T11:42:39+00:00","description":"Je\u015bli potrzebujesz szybko i sprawnie komunikowa\u0107 si\u0119 ze swoimi partnerami, klientami, klientami, skorzystaj z komunikacji przez SMS.","breadcrumb":{"@id":"https:\/\/www.comverga.com\/pol\/uslugi\/uslugi-sms-wiadomosci\/#breadcrumb"},"inLanguage":"de","potentialAction":[{"@type":"ReadAction","target":["https:\/\/www.comverga.com\/pol\/uslugi\/uslugi-sms-wiadomosci\/"]}]},{"@type":"BreadcrumbList","@id":"https:\/\/www.comverga.com\/pol\/uslugi\/uslugi-sms-wiadomosci\/#breadcrumb","itemListElement":[{"@type":"ListItem","position":1,"name":"Us\u0142ugi","item":"https:\/\/www.comverga.com\/pol\/uslugi\/"},{"@type":"ListItem","position":2,"name":"Masowa wysy\u0142ka SMS"}]},{"@type":"WebSite","@id":"https:\/\/www.comverga.com\/pol\/#website","url":"https:\/\/www.comverga.com\/pol\/","name":"COMVERGA Polen","description":"Comverga Polen","publisher":{"@id":"https:\/\/www.comverga.com\/pol\/#organization"},"potentialAction":[{"@type":"SearchAction","target":{"@type":"EntryPoint","urlTemplate":"https:\/\/www.comverga.com\/pol\/?s={search_term_string}"},"query-input":"required name=search_term_string"}],"inLanguage":"de"},{"@type":"Organization","@id":"https:\/\/www.comverga.com\/pol\/#organization","name":"COMVERGA Polen","url":"https:\/\/www.comverga.com\/pol\/","logo":{"@type":"ImageObject","inLanguage":"de","@id":"https:\/\/www.comverga.com\/pol\/#\/schema\/logo\/image\/","url":"https:\/\/www.comverga.com\/pol\/wp-content\/uploads\/sites\/2\/2020\/11\/Comverga_CC.png","contentUrl":"https:\/\/www.comverga.com\/pol\/wp-content\/uploads\/sites\/2\/2020\/11\/Comverga_CC.png","width":800,"height":800,"caption":"COMVERGA Poland"},"image":{"@id":"https:\/\/www.comverga.com\/pol\/#\/schema\/logo\/image\/"}}]}},"_links":{"self":[{"href":"https:\/\/www.comverga.com\/pol\/de\/wp-json\/wp\/v2\/pages\/235"}],"collection":[{"href":"https:\/\/www.comverga.com\/pol\/de\/wp-json\/wp\/v2\/pages"}],"about":[{"href":"https:\/\/www.comverga.com\/pol\/de\/wp-json\/wp\/v2\/types\/page"}],"author":[{"embeddable":true,"href":"https:\/\/www.comverga.com\/pol\/de\/wp-json\/wp\/v2\/users\/1"}],"replies":[{"embeddable":true,"href":"https:\/\/www.comverga.com\/pol\/de\/wp-json\/wp\/v2\/comments?post=235"}],"version-history":[{"count":5,"href":"https:\/\/www.comverga.com\/pol\/de\/wp-json\/wp\/v2\/pages\/235\/revisions"}],"predecessor-version":[{"id":1846,"href":"https:\/\/www.comverga.com\/pol\/de\/wp-json\/wp\/v2\/pages\/235\/revisions\/1846"}],"up":[{"embeddable":true,"href":"https:\/\/www.comverga.com\/pol\/de\/wp-json\/wp\/v2\/pages\/231"}],"wp:featuredmedia":[{"embeddable":true,"href":"https:\/\/www.comverga.com\/pol\/de\/wp-json\/wp\/v2\/media\/144"}],"wp:attachment":[{"href":"https:\/\/www.comverga.com\/pol\/de\/wp-json\/wp\/v2\/media?parent=235"}],"curies":[{"name":"wp","href":"https:\/\/api.w.org\/{rel}","templated":true}]}}