{"id":238,"date":"2020-11-25T13:38:24","date_gmt":"2020-11-25T12:38:24","guid":{"rendered":"https:\/\/www.comverga.com\/?page_id=238"},"modified":"2021-02-01T12:39:20","modified_gmt":"2021-02-01T11:39:20","slug":"eksploatacja-infrastruktury-telekomunikacyjnej","status":"publish","type":"page","link":"https:\/\/www.comverga.com\/pol\/de\/uslugi\/eksploatacja-infrastruktury-telekomunikacyjnej\/","title":{"rendered":"Verwaltung der Telekommunikationsinfrastruktur"},"content":{"rendered":"<div data-elementor-type=\"wp-page\" data-elementor-id=\"238\" class=\"elementor elementor-238\">\n\t\t\t\t\t\t\t\t\t<section class=\"elementor-section elementor-top-section elementor-element elementor-element-3c4b5cda elementor-section-stretched elementor-section-boxed elementor-section-height-default elementor-section-height-default\" data-id=\"3c4b5cda\" data-element_type=\"section\" data-settings=\"{&quot;stretch_section&quot;:&quot;section-stretched&quot;,&quot;background_background&quot;:&quot;classic&quot;}\">\n\t\t\t\t\t\t<div class=\"elementor-container elementor-column-gap-default\">\n\t\t\t\t\t<div class=\"elementor-column elementor-col-100 elementor-top-column elementor-element elementor-element-142c5240\" data-id=\"142c5240\" data-element_type=\"column\">\n\t\t\t<div class=\"elementor-widget-wrap elementor-element-populated\">\n\t\t\t\t\t\t\t\t<div class=\"elementor-element elementor-element-95595e9 elementor-widget elementor-widget-text-editor\" data-id=\"95595e9\" data-element_type=\"widget\" data-widget_type=\"text-editor.default\">\n\t\t\t\t<div class=\"elementor-widget-container\">\n\t\t\t\t\t\t\t<!-- wp:paragraph -->\n<p>Wir entwickeln und unterhalten unsere eigene Telekommunikationsinfrastruktur. Dadurch k\u00f6nnen wir unabh\u00e4ngig von Technologien, Anbietern und Netzen hochwertige Dienste anbieten. Wir verbinden Betreiber und Diensteanbieter in unserer Infrastruktur, so dass wir unseren Partnern und Kunden eine breite Palette konvergenter Dienste anbieten k\u00f6nnen.<\/p>\n<!-- \/wp:paragraph -->\t\t\t\t\t\t<\/div>\n\t\t\t\t<\/div>\n\t\t\t\t\t<\/div>\n\t\t<\/div>\n\t\t\t\t\t\t\t<\/div>\n\t\t<\/section>\n\t\t\t\t\t\t\t<\/div>","protected":false},"excerpt":{"rendered":"<p>Wir entwickeln und unterhalten unsere eigene Telekommunikationsinfrastruktur. Dadurch k\u00f6nnen wir unabh\u00e4ngig von Technologien, Anbietern und Netzen hochwertige Dienste anbieten. Wir verbinden Betreiber und Diensteanbieter in unserer Infrastruktur, so dass wir unseren Partnern und Kunden eine breite Palette konvergenter Dienste anbieten k\u00f6nnen.<\/p>","protected":false},"author":1,"featured_media":220,"parent":231,"menu_order":102,"comment_status":"closed","ping_status":"closed","template":"","meta":{"footnotes":""},"yoast_head":"<!-- This site is optimized with the Yoast SEO plugin v21.6 - https:\/\/yoast.com\/wordpress\/plugins\/seo\/ -->\n<title>Zarz\u0105dzanie infrastruktur\u0105 telekomunikacyjn\u0105 - COMVERGA Poland<\/title>\n<meta name=\"robots\" content=\"index, follow, max-snippet:-1, max-image-preview:large, max-video-preview:-1\" \/>\n<link rel=\"canonical\" href=\"https:\/\/www.comverga.com\/pol\/de\/uslugi\/eksploatacja-infrastruktury-telekomunikacyjnej\/\" \/>\n<meta property=\"og:locale\" content=\"de_DE\" \/>\n<meta property=\"og:type\" content=\"article\" \/>\n<meta property=\"og:title\" content=\"Zarz\u0105dzanie infrastruktur\u0105 telekomunikacyjn\u0105 - COMVERGA Poland\" \/>\n<meta property=\"og:description\" content=\"Rozwijamy i utrzymujemy w\u0142asn\u0105 infrastruktur\u0119 telekomunikacyjn\u0105. To pozwala nam \u015bwiadczy\u0107 wysokiej jako\u015bci us\u0142ugi niezale\u017cne od technologii, dostawc\u00f3w i sieci. \u0141\u0105czymy operator\u00f3w i us\u0142ugodawc\u00f3w w naszej infrastrukturze, aby\u015bmy mogli oferowa\u0107 pe\u0142ny zakres us\u0142ug konwergentnych naszym partnerom i klientom.\" \/>\n<meta property=\"og:url\" content=\"https:\/\/www.comverga.com\/pol\/de\/uslugi\/eksploatacja-infrastruktury-telekomunikacyjnej\/\" \/>\n<meta property=\"og:site_name\" content=\"COMVERGA Poland\" \/>\n<meta property=\"article:modified_time\" content=\"2021-02-01T11:39:20+00:00\" \/>\n<meta property=\"og:image\" content=\"https:\/\/www.comverga.com\/pol\/wp-content\/uploads\/sites\/2\/2020\/11\/Service_TelInfr.jpg\" \/>\n\t<meta property=\"og:image:width\" content=\"1920\" \/>\n\t<meta property=\"og:image:height\" content=\"1080\" \/>\n\t<meta property=\"og:image:type\" content=\"image\/jpeg\" \/>\n<meta name=\"twitter:card\" content=\"summary_large_image\" \/>\n<script type=\"application\/ld+json\" class=\"yoast-schema-graph\">{\"@context\":\"https:\/\/schema.org\",\"@graph\":[{\"@type\":\"WebPage\",\"@id\":\"https:\/\/www.comverga.com\/pol\/uslugi\/eksploatacja-infrastruktury-telekomunikacyjnej\/\",\"url\":\"https:\/\/www.comverga.com\/pol\/uslugi\/eksploatacja-infrastruktury-telekomunikacyjnej\/\",\"name\":\"Zarz\u0105dzanie infrastruktur\u0105 telekomunikacyjn\u0105 - COMVERGA Poland\",\"isPartOf\":{\"@id\":\"https:\/\/www.comverga.com\/pol\/#website\"},\"datePublished\":\"2020-11-25T12:38:24+00:00\",\"dateModified\":\"2021-02-01T11:39:20+00:00\",\"breadcrumb\":{\"@id\":\"https:\/\/www.comverga.com\/pol\/uslugi\/eksploatacja-infrastruktury-telekomunikacyjnej\/#breadcrumb\"},\"inLanguage\":\"de\",\"potentialAction\":[{\"@type\":\"ReadAction\",\"target\":[\"https:\/\/www.comverga.com\/pol\/uslugi\/eksploatacja-infrastruktury-telekomunikacyjnej\/\"]}]},{\"@type\":\"BreadcrumbList\",\"@id\":\"https:\/\/www.comverga.com\/pol\/uslugi\/eksploatacja-infrastruktury-telekomunikacyjnej\/#breadcrumb\",\"itemListElement\":[{\"@type\":\"ListItem\",\"position\":1,\"name\":\"Us\u0142ugi\",\"item\":\"https:\/\/www.comverga.com\/pol\/uslugi\/\"},{\"@type\":\"ListItem\",\"position\":2,\"name\":\"Zarz\u0105dzanie infrastruktur\u0105 telekomunikacyjn\u0105\"}]},{\"@type\":\"WebSite\",\"@id\":\"https:\/\/www.comverga.com\/pol\/#website\",\"url\":\"https:\/\/www.comverga.com\/pol\/\",\"name\":\"COMVERGA Poland\",\"description\":\"Comverga Poland\",\"publisher\":{\"@id\":\"https:\/\/www.comverga.com\/pol\/#organization\"},\"potentialAction\":[{\"@type\":\"SearchAction\",\"target\":{\"@type\":\"EntryPoint\",\"urlTemplate\":\"https:\/\/www.comverga.com\/pol\/?s={search_term_string}\"},\"query-input\":\"required name=search_term_string\"}],\"inLanguage\":\"de\"},{\"@type\":\"Organization\",\"@id\":\"https:\/\/www.comverga.com\/pol\/#organization\",\"name\":\"COMVERGA Poland\",\"url\":\"https:\/\/www.comverga.com\/pol\/\",\"logo\":{\"@type\":\"ImageObject\",\"inLanguage\":\"de\",\"@id\":\"https:\/\/www.comverga.com\/pol\/#\/schema\/logo\/image\/\",\"url\":\"https:\/\/www.comverga.com\/pol\/wp-content\/uploads\/sites\/2\/2020\/11\/Comverga_CC.png\",\"contentUrl\":\"https:\/\/www.comverga.com\/pol\/wp-content\/uploads\/sites\/2\/2020\/11\/Comverga_CC.png\",\"width\":800,\"height\":800,\"caption\":\"COMVERGA Poland\"},\"image\":{\"@id\":\"https:\/\/www.comverga.com\/pol\/#\/schema\/logo\/image\/\"}}]}<\/script>\n<!-- \/ Yoast SEO plugin. -->","yoast_head_json":{"title":"Zarz\u0105dzanie infrastruktur\u0105 telekomunikacyjn\u0105 - COMVERGA Poland","robots":{"index":"index","follow":"follow","max-snippet":"max-snippet:-1","max-image-preview":"max-image-preview:large","max-video-preview":"max-video-preview:-1"},"canonical":"https:\/\/www.comverga.com\/pol\/de\/uslugi\/eksploatacja-infrastruktury-telekomunikacyjnej\/","og_locale":"de_DE","og_type":"article","og_title":"Zarz\u0105dzanie infrastruktur\u0105 telekomunikacyjn\u0105 - COMVERGA Poland","og_description":"Rozwijamy i utrzymujemy w\u0142asn\u0105 infrastruktur\u0119 telekomunikacyjn\u0105. To pozwala nam \u015bwiadczy\u0107 wysokiej jako\u015bci us\u0142ugi niezale\u017cne od technologii, dostawc\u00f3w i sieci. \u0141\u0105czymy operator\u00f3w i us\u0142ugodawc\u00f3w w naszej infrastrukturze, aby\u015bmy mogli oferowa\u0107 pe\u0142ny zakres us\u0142ug konwergentnych naszym partnerom i klientom.","og_url":"https:\/\/www.comverga.com\/pol\/de\/uslugi\/eksploatacja-infrastruktury-telekomunikacyjnej\/","og_site_name":"COMVERGA Poland","article_modified_time":"2021-02-01T11:39:20+00:00","og_image":[{"width":1920,"height":1080,"url":"https:\/\/www.comverga.com\/pol\/wp-content\/uploads\/sites\/2\/2020\/11\/Service_TelInfr.jpg","type":"image\/jpeg"}],"twitter_card":"summary_large_image","schema":{"@context":"https:\/\/schema.org","@graph":[{"@type":"WebPage","@id":"https:\/\/www.comverga.com\/pol\/uslugi\/eksploatacja-infrastruktury-telekomunikacyjnej\/","url":"https:\/\/www.comverga.com\/pol\/uslugi\/eksploatacja-infrastruktury-telekomunikacyjnej\/","name":"Zarz\u0105dzanie infrastruktur\u0105 telekomunikacyjn\u0105 - COMVERGA Poland","isPartOf":{"@id":"https:\/\/www.comverga.com\/pol\/#website"},"datePublished":"2020-11-25T12:38:24+00:00","dateModified":"2021-02-01T11:39:20+00:00","breadcrumb":{"@id":"https:\/\/www.comverga.com\/pol\/uslugi\/eksploatacja-infrastruktury-telekomunikacyjnej\/#breadcrumb"},"inLanguage":"de","potentialAction":[{"@type":"ReadAction","target":["https:\/\/www.comverga.com\/pol\/uslugi\/eksploatacja-infrastruktury-telekomunikacyjnej\/"]}]},{"@type":"BreadcrumbList","@id":"https:\/\/www.comverga.com\/pol\/uslugi\/eksploatacja-infrastruktury-telekomunikacyjnej\/#breadcrumb","itemListElement":[{"@type":"ListItem","position":1,"name":"Us\u0142ugi","item":"https:\/\/www.comverga.com\/pol\/uslugi\/"},{"@type":"ListItem","position":2,"name":"Zarz\u0105dzanie infrastruktur\u0105 telekomunikacyjn\u0105"}]},{"@type":"WebSite","@id":"https:\/\/www.comverga.com\/pol\/#website","url":"https:\/\/www.comverga.com\/pol\/","name":"COMVERGA Polen","description":"Comverga Polen","publisher":{"@id":"https:\/\/www.comverga.com\/pol\/#organization"},"potentialAction":[{"@type":"SearchAction","target":{"@type":"EntryPoint","urlTemplate":"https:\/\/www.comverga.com\/pol\/?s={search_term_string}"},"query-input":"required name=search_term_string"}],"inLanguage":"de"},{"@type":"Organization","@id":"https:\/\/www.comverga.com\/pol\/#organization","name":"COMVERGA Polen","url":"https:\/\/www.comverga.com\/pol\/","logo":{"@type":"ImageObject","inLanguage":"de","@id":"https:\/\/www.comverga.com\/pol\/#\/schema\/logo\/image\/","url":"https:\/\/www.comverga.com\/pol\/wp-content\/uploads\/sites\/2\/2020\/11\/Comverga_CC.png","contentUrl":"https:\/\/www.comverga.com\/pol\/wp-content\/uploads\/sites\/2\/2020\/11\/Comverga_CC.png","width":800,"height":800,"caption":"COMVERGA Poland"},"image":{"@id":"https:\/\/www.comverga.com\/pol\/#\/schema\/logo\/image\/"}}]}},"_links":{"self":[{"href":"https:\/\/www.comverga.com\/pol\/de\/wp-json\/wp\/v2\/pages\/238"}],"collection":[{"href":"https:\/\/www.comverga.com\/pol\/de\/wp-json\/wp\/v2\/pages"}],"about":[{"href":"https:\/\/www.comverga.com\/pol\/de\/wp-json\/wp\/v2\/types\/page"}],"author":[{"embeddable":true,"href":"https:\/\/www.comverga.com\/pol\/de\/wp-json\/wp\/v2\/users\/1"}],"replies":[{"embeddable":true,"href":"https:\/\/www.comverga.com\/pol\/de\/wp-json\/wp\/v2\/comments?post=238"}],"version-history":[{"count":6,"href":"https:\/\/www.comverga.com\/pol\/de\/wp-json\/wp\/v2\/pages\/238\/revisions"}],"predecessor-version":[{"id":1843,"href":"https:\/\/www.comverga.com\/pol\/de\/wp-json\/wp\/v2\/pages\/238\/revisions\/1843"}],"up":[{"embeddable":true,"href":"https:\/\/www.comverga.com\/pol\/de\/wp-json\/wp\/v2\/pages\/231"}],"wp:featuredmedia":[{"embeddable":true,"href":"https:\/\/www.comverga.com\/pol\/de\/wp-json\/wp\/v2\/media\/220"}],"wp:attachment":[{"href":"https:\/\/www.comverga.com\/pol\/de\/wp-json\/wp\/v2\/media?parent=238"}],"curies":[{"name":"wp","href":"https:\/\/api.w.org\/{rel}","templated":true}]}}