{"id":240,"date":"2020-11-25T13:41:30","date_gmt":"2020-11-25T12:41:30","guid":{"rendered":"https:\/\/www.comverga.com\/?page_id=240"},"modified":"2021-01-27T18:23:38","modified_gmt":"2021-01-27T17:23:38","slug":"oprogramowanie-jako-usluga-platforma-jako-usluga","status":"publish","type":"page","link":"https:\/\/www.comverga.com\/pol\/de\/uslugi\/oprogramowanie-jako-usluga-platforma-jako-usluga\/","title":{"rendered":"Software als Dienstleistung \/ Plattform als Dienstleistung"},"content":{"rendered":"<div data-elementor-type=\"wp-page\" data-elementor-id=\"240\" class=\"elementor elementor-240\">\n\t\t\t\t\t\t\t\t\t<section class=\"elementor-section elementor-top-section elementor-element elementor-element-4ba915cd elementor-section-stretched elementor-section-boxed elementor-section-height-default elementor-section-height-default\" data-id=\"4ba915cd\" data-element_type=\"section\" data-settings=\"{&quot;stretch_section&quot;:&quot;section-stretched&quot;,&quot;background_background&quot;:&quot;classic&quot;}\">\n\t\t\t\t\t\t<div class=\"elementor-container elementor-column-gap-default\">\n\t\t\t\t\t<div class=\"elementor-column elementor-col-100 elementor-top-column elementor-element elementor-element-4faec19b\" data-id=\"4faec19b\" data-element_type=\"column\">\n\t\t\t<div class=\"elementor-widget-wrap elementor-element-populated\">\n\t\t\t\t\t\t\t\t<div class=\"elementor-element elementor-element-41481c94 elementor-widget elementor-widget-text-editor\" data-id=\"41481c94\" data-element_type=\"widget\" data-widget_type=\"text-editor.default\">\n\t\t\t\t<div class=\"elementor-widget-container\">\n\t\t\t\t\t\t\t<!-- wp:paragraph -->\n<p>Wir entwickeln unsere eigenen Kommunikationsplattformen und -anwendungen und bieten Support daf\u00fcr. Wir verfolgen die neuesten technologischen Trends und passen unsere L\u00f6sungen an die Bed\u00fcrfnisse der einzelnen Partner und Projekte an.<\/p>\n<!-- \/wp:paragraph -->\n\n<!-- wp:paragraph -->\n<p>Unser Ziel ist es, diese L\u00f6sungen zu optimalen Kosten und in der k\u00fcrzest m\u00f6glichen Zeit zu liefern. Wir verwenden modernste agile Methoden zur Durchf\u00fchrung von Softwareprojekten.<br>Die Service Delivery Platform (SDP) von COMVERGA bietet eine umfassende Palette von Modulen und Funktionen f\u00fcr die Erstellung, Bereitstellung, Aktivierung, Abrechnung und Verwaltung von Telekommunikations- und verwandten Diensten. Der Schwerpunkt liegt auf der einfachen Implementierung von konvergenten Diensten, bei denen der Kunde verschiedene Arten von Telekommunikationsdiensten in Kombination mit verschiedenen Ger\u00e4ten und anderen Diensten - Gesch\u00e4fts-, Finanz-, Versicherungsdiensten usw. - nutzt.<\/p>\n<!-- \/wp:paragraph -->\t\t\t\t\t\t<\/div>\n\t\t\t\t<\/div>\n\t\t\t\t\t<\/div>\n\t\t<\/div>\n\t\t\t\t\t\t\t<\/div>\n\t\t<\/section>\n\t\t\t\t\t\t\t<\/div>","protected":false},"excerpt":{"rendered":"<p>Wir entwickeln unsere eigenen Kommunikationsplattformen und -anwendungen und bieten Support daf\u00fcr. Wir verfolgen die neuesten technologischen Trends und passen unsere L\u00f6sungen an die Bed\u00fcrfnisse der einzelnen Partner und Projekte an. Unser Ziel ist es, diese L\u00f6sungen zu optimalen Kosten und in k\u00fcrzester Zeit zu liefern. F\u00fcr die Durchf\u00fchrung von Software-Projekten verwenden wir modernste agile Methoden.COMVERGAs Service Delivery Platform (SDP) bietet eine vollst\u00e4ndige Palette von Modulen und [...]<\/p>","protected":false},"author":1,"featured_media":134,"parent":231,"menu_order":101,"comment_status":"closed","ping_status":"closed","template":"","meta":{"footnotes":""},"yoast_head":"<!-- This site is optimized with the Yoast SEO plugin v21.6 - https:\/\/yoast.com\/wordpress\/plugins\/seo\/ -->\n<title>Oprogramowanie jako us\u0142uga \/ platforma jako us\u0142uga - COMVERGA Poland<\/title>\n<meta name=\"description\" content=\"Wir entwickeln und betreiben unsere eigenen Kommunikationsplattformen und -anwendungen. Wir folgen den neuesten technologischen Trends und passen unsere L\u00f6sungen an einzelne Partner und Projekte an.\" \/>\n<meta name=\"robots\" content=\"index, follow, max-snippet:-1, max-image-preview:large, max-video-preview:-1\" \/>\n<link rel=\"canonical\" href=\"https:\/\/www.comverga.com\/pol\/de\/uslugi\/oprogramowanie-jako-usluga-platforma-jako-usluga\/\" \/>\n<meta property=\"og:locale\" content=\"de_DE\" \/>\n<meta property=\"og:type\" content=\"article\" \/>\n<meta property=\"og:title\" content=\"Oprogramowanie jako us\u0142uga \/ platforma jako us\u0142uga - COMVERGA Poland\" \/>\n<meta property=\"og:description\" content=\"Wir entwickeln und betreiben unsere eigenen Kommunikationsplattformen und -anwendungen. Wir folgen den neuesten technologischen Trends und passen unsere L\u00f6sungen an einzelne Partner und Projekte an.\" \/>\n<meta property=\"og:url\" content=\"https:\/\/www.comverga.com\/pol\/de\/uslugi\/oprogramowanie-jako-usluga-platforma-jako-usluga\/\" \/>\n<meta property=\"og:site_name\" content=\"COMVERGA Poland\" \/>\n<meta property=\"article:modified_time\" content=\"2021-01-27T17:23:38+00:00\" \/>\n<meta property=\"og:image\" content=\"https:\/\/www.comverga.com\/pol\/wp-content\/uploads\/sites\/2\/2020\/11\/m-learning-1-1.jpg\" \/>\n\t<meta property=\"og:image:width\" content=\"1920\" \/>\n\t<meta property=\"og:image:height\" content=\"620\" \/>\n\t<meta property=\"og:image:type\" content=\"image\/jpeg\" \/>\n<meta name=\"twitter:card\" content=\"summary_large_image\" \/>\n<meta name=\"twitter:label1\" content=\"Gesch\u00e4tzte Lesezeit\" \/>\n\t<meta name=\"twitter:data1\" content=\"1\u00a0Minute\" \/>\n<script type=\"application\/ld+json\" class=\"yoast-schema-graph\">{\"@context\":\"https:\/\/schema.org\",\"@graph\":[{\"@type\":\"WebPage\",\"@id\":\"https:\/\/www.comverga.com\/pol\/uslugi\/oprogramowanie-jako-usluga-platforma-jako-usluga\/\",\"url\":\"https:\/\/www.comverga.com\/pol\/uslugi\/oprogramowanie-jako-usluga-platforma-jako-usluga\/\",\"name\":\"Oprogramowanie jako us\u0142uga \/ platforma jako us\u0142uga - COMVERGA Poland\",\"isPartOf\":{\"@id\":\"https:\/\/www.comverga.com\/pol\/#website\"},\"datePublished\":\"2020-11-25T12:41:30+00:00\",\"dateModified\":\"2021-01-27T17:23:38+00:00\",\"description\":\"Wir entwickeln und betreiben unsere eigenen Kommunikationsplattformen und -anwendungen. Wir folgen den neuesten technologischen Trends und passen unsere L\u00f6sungen an einzelne Partner und Projekte an.\",\"breadcrumb\":{\"@id\":\"https:\/\/www.comverga.com\/pol\/uslugi\/oprogramowanie-jako-usluga-platforma-jako-usluga\/#breadcrumb\"},\"inLanguage\":\"de\",\"potentialAction\":[{\"@type\":\"ReadAction\",\"target\":[\"https:\/\/www.comverga.com\/pol\/uslugi\/oprogramowanie-jako-usluga-platforma-jako-usluga\/\"]}]},{\"@type\":\"BreadcrumbList\",\"@id\":\"https:\/\/www.comverga.com\/pol\/uslugi\/oprogramowanie-jako-usluga-platforma-jako-usluga\/#breadcrumb\",\"itemListElement\":[{\"@type\":\"ListItem\",\"position\":1,\"name\":\"Us\u0142ugi\",\"item\":\"https:\/\/www.comverga.com\/pol\/uslugi\/\"},{\"@type\":\"ListItem\",\"position\":2,\"name\":\"Oprogramowanie jako us\u0142uga \/ platforma jako us\u0142uga\"}]},{\"@type\":\"WebSite\",\"@id\":\"https:\/\/www.comverga.com\/pol\/#website\",\"url\":\"https:\/\/www.comverga.com\/pol\/\",\"name\":\"COMVERGA Poland\",\"description\":\"Comverga Poland\",\"publisher\":{\"@id\":\"https:\/\/www.comverga.com\/pol\/#organization\"},\"potentialAction\":[{\"@type\":\"SearchAction\",\"target\":{\"@type\":\"EntryPoint\",\"urlTemplate\":\"https:\/\/www.comverga.com\/pol\/?s={search_term_string}\"},\"query-input\":\"required name=search_term_string\"}],\"inLanguage\":\"de\"},{\"@type\":\"Organization\",\"@id\":\"https:\/\/www.comverga.com\/pol\/#organization\",\"name\":\"COMVERGA Poland\",\"url\":\"https:\/\/www.comverga.com\/pol\/\",\"logo\":{\"@type\":\"ImageObject\",\"inLanguage\":\"de\",\"@id\":\"https:\/\/www.comverga.com\/pol\/#\/schema\/logo\/image\/\",\"url\":\"https:\/\/www.comverga.com\/pol\/wp-content\/uploads\/sites\/2\/2020\/11\/Comverga_CC.png\",\"contentUrl\":\"https:\/\/www.comverga.com\/pol\/wp-content\/uploads\/sites\/2\/2020\/11\/Comverga_CC.png\",\"width\":800,\"height\":800,\"caption\":\"COMVERGA Poland\"},\"image\":{\"@id\":\"https:\/\/www.comverga.com\/pol\/#\/schema\/logo\/image\/\"}}]}<\/script>\n<!-- \/ Yoast SEO plugin. -->","yoast_head_json":{"title":"Oprogramowanie jako us\u0142uga \/ platforma jako us\u0142uga - COMVERGA Poland","description":"Wir entwickeln und betreiben unsere eigenen Kommunikationsplattformen und -anwendungen. Wir folgen den neuesten technologischen Trends und passen unsere L\u00f6sungen an einzelne Partner und Projekte an.","robots":{"index":"index","follow":"follow","max-snippet":"max-snippet:-1","max-image-preview":"max-image-preview:large","max-video-preview":"max-video-preview:-1"},"canonical":"https:\/\/www.comverga.com\/pol\/de\/uslugi\/oprogramowanie-jako-usluga-platforma-jako-usluga\/","og_locale":"de_DE","og_type":"article","og_title":"Oprogramowanie jako us\u0142uga \/ platforma jako us\u0142uga - COMVERGA Poland","og_description":"Wir entwickeln und betreiben unsere eigenen Kommunikationsplattformen und -anwendungen. Wir folgen den neuesten technologischen Trends und passen unsere L\u00f6sungen an einzelne Partner und Projekte an.","og_url":"https:\/\/www.comverga.com\/pol\/de\/uslugi\/oprogramowanie-jako-usluga-platforma-jako-usluga\/","og_site_name":"COMVERGA Poland","article_modified_time":"2021-01-27T17:23:38+00:00","og_image":[{"width":1920,"height":620,"url":"https:\/\/www.comverga.com\/pol\/wp-content\/uploads\/sites\/2\/2020\/11\/m-learning-1-1.jpg","type":"image\/jpeg"}],"twitter_card":"summary_large_image","twitter_misc":{"Gesch\u00e4tzte Lesezeit":"1\u00a0Minute"},"schema":{"@context":"https:\/\/schema.org","@graph":[{"@type":"WebPage","@id":"https:\/\/www.comverga.com\/pol\/uslugi\/oprogramowanie-jako-usluga-platforma-jako-usluga\/","url":"https:\/\/www.comverga.com\/pol\/uslugi\/oprogramowanie-jako-usluga-platforma-jako-usluga\/","name":"Oprogramowanie jako us\u0142uga \/ platforma jako us\u0142uga - COMVERGA Poland","isPartOf":{"@id":"https:\/\/www.comverga.com\/pol\/#website"},"datePublished":"2020-11-25T12:41:30+00:00","dateModified":"2021-01-27T17:23:38+00:00","description":"Wir entwickeln und betreiben unsere eigenen Kommunikationsplattformen und -anwendungen. Wir folgen den neuesten technologischen Trends und passen unsere L\u00f6sungen an einzelne Partner und Projekte an.","breadcrumb":{"@id":"https:\/\/www.comverga.com\/pol\/uslugi\/oprogramowanie-jako-usluga-platforma-jako-usluga\/#breadcrumb"},"inLanguage":"de","potentialAction":[{"@type":"ReadAction","target":["https:\/\/www.comverga.com\/pol\/uslugi\/oprogramowanie-jako-usluga-platforma-jako-usluga\/"]}]},{"@type":"BreadcrumbList","@id":"https:\/\/www.comverga.com\/pol\/uslugi\/oprogramowanie-jako-usluga-platforma-jako-usluga\/#breadcrumb","itemListElement":[{"@type":"ListItem","position":1,"name":"Us\u0142ugi","item":"https:\/\/www.comverga.com\/pol\/uslugi\/"},{"@type":"ListItem","position":2,"name":"Oprogramowanie jako us\u0142uga \/ platforma jako us\u0142uga"}]},{"@type":"WebSite","@id":"https:\/\/www.comverga.com\/pol\/#website","url":"https:\/\/www.comverga.com\/pol\/","name":"COMVERGA Polen","description":"Comverga Polen","publisher":{"@id":"https:\/\/www.comverga.com\/pol\/#organization"},"potentialAction":[{"@type":"SearchAction","target":{"@type":"EntryPoint","urlTemplate":"https:\/\/www.comverga.com\/pol\/?s={search_term_string}"},"query-input":"required name=search_term_string"}],"inLanguage":"de"},{"@type":"Organization","@id":"https:\/\/www.comverga.com\/pol\/#organization","name":"COMVERGA Polen","url":"https:\/\/www.comverga.com\/pol\/","logo":{"@type":"ImageObject","inLanguage":"de","@id":"https:\/\/www.comverga.com\/pol\/#\/schema\/logo\/image\/","url":"https:\/\/www.comverga.com\/pol\/wp-content\/uploads\/sites\/2\/2020\/11\/Comverga_CC.png","contentUrl":"https:\/\/www.comverga.com\/pol\/wp-content\/uploads\/sites\/2\/2020\/11\/Comverga_CC.png","width":800,"height":800,"caption":"COMVERGA Poland"},"image":{"@id":"https:\/\/www.comverga.com\/pol\/#\/schema\/logo\/image\/"}}]}},"_links":{"self":[{"href":"https:\/\/www.comverga.com\/pol\/de\/wp-json\/wp\/v2\/pages\/240"}],"collection":[{"href":"https:\/\/www.comverga.com\/pol\/de\/wp-json\/wp\/v2\/pages"}],"about":[{"href":"https:\/\/www.comverga.com\/pol\/de\/wp-json\/wp\/v2\/types\/page"}],"author":[{"embeddable":true,"href":"https:\/\/www.comverga.com\/pol\/de\/wp-json\/wp\/v2\/users\/1"}],"replies":[{"embeddable":true,"href":"https:\/\/www.comverga.com\/pol\/de\/wp-json\/wp\/v2\/comments?post=240"}],"version-history":[{"count":7,"href":"https:\/\/www.comverga.com\/pol\/de\/wp-json\/wp\/v2\/pages\/240\/revisions"}],"predecessor-version":[{"id":1758,"href":"https:\/\/www.comverga.com\/pol\/de\/wp-json\/wp\/v2\/pages\/240\/revisions\/1758"}],"up":[{"embeddable":true,"href":"https:\/\/www.comverga.com\/pol\/de\/wp-json\/wp\/v2\/pages\/231"}],"wp:featuredmedia":[{"embeddable":true,"href":"https:\/\/www.comverga.com\/pol\/de\/wp-json\/wp\/v2\/media\/134"}],"wp:attachment":[{"href":"https:\/\/www.comverga.com\/pol\/de\/wp-json\/wp\/v2\/media?parent=240"}],"curies":[{"name":"wp","href":"https:\/\/api.w.org\/{rel}","templated":true}]}}