{"id":246,"date":"2020-11-25T13:43:12","date_gmt":"2020-11-25T12:43:12","guid":{"rendered":"https:\/\/www.comverga.com\/?page_id=246"},"modified":"2021-02-01T12:30:29","modified_gmt":"2021-02-01T11:30:29","slug":"sdp-dla-m2m-iot","status":"publish","type":"page","link":"https:\/\/www.comverga.com\/pol\/de\/uslugi\/oprogramowanie-jako-usluga-platforma-jako-usluga\/sdp-dla-m2m-iot\/","title":{"rendered":"SDP f\u00fcr M2M \/ IoT"},"content":{"rendered":"<div data-elementor-type=\"wp-page\" data-elementor-id=\"246\" class=\"elementor elementor-246\">\n\t\t\t\t\t\t\t\t\t<section class=\"elementor-section elementor-top-section elementor-element elementor-element-104d1f43 elementor-section-stretched elementor-section-boxed elementor-section-height-default elementor-section-height-default\" data-id=\"104d1f43\" data-element_type=\"section\" data-settings=\"{&quot;stretch_section&quot;:&quot;section-stretched&quot;,&quot;background_background&quot;:&quot;classic&quot;}\">\n\t\t\t\t\t\t<div class=\"elementor-container elementor-column-gap-default\">\n\t\t\t\t\t<div class=\"elementor-column elementor-col-100 elementor-top-column elementor-element elementor-element-69e58796\" data-id=\"69e58796\" data-element_type=\"column\">\n\t\t\t<div class=\"elementor-widget-wrap elementor-element-populated\">\n\t\t\t\t\t\t\t\t<div class=\"elementor-element elementor-element-52953242 elementor-widget elementor-widget-text-editor\" data-id=\"52953242\" data-element_type=\"widget\" data-widget_type=\"text-editor.default\">\n\t\t\t\t<div class=\"elementor-widget-container\">\n\t\t\t\t\t\t\t<!-- wp:paragraph -->\n<p>Neben der Bereitstellung der Daten\u00fcbertragung ben\u00f6tigen intelligente Ger\u00e4te und Anwendungen eine Reihe weiterer unterst\u00fctzender Prozesse, um ihren effektiven Vertrieb \u00fcber verschiedene Kan\u00e4le zu erm\u00f6glichen, damit sie einem m\u00f6glichst gro\u00dfen Kreis von Endnutzern zur Verf\u00fcgung stehen. Gleichzeitig muss ihre Installation und Unterst\u00fctzung durch lokale Partner sichergestellt werden.<\/p>\n<!-- \/wp:paragraph -->\n\n<!-- wp:paragraph -->\n<p>Die SDP-Plattform erm\u00f6glicht ein vollst\u00e4ndiges Management des Vertriebskanals auf allen Ebenen, d. h. f\u00fcr Gro\u00dfhandelsanbieter von Konnektivit\u00e4t, Ger\u00e4te- und Paketdistributoren, lokale Wiederverk\u00e4ufer oder Servicepartner und Endnutzer. Sie bietet den gesamten Produktlebenszyklus, die Aktivierung und Deaktivierung von Diensten, die Abrechnung von Diensten und die Bezahlung.<\/p>\n<!-- \/wp:paragraph -->\t\t\t\t\t\t<\/div>\n\t\t\t\t<\/div>\n\t\t\t\t\t<\/div>\n\t\t<\/div>\n\t\t\t\t\t\t\t<\/div>\n\t\t<\/section>\n\t\t\t\t\t\t\t<\/div>","protected":false},"excerpt":{"rendered":"<p>Neben der Bereitstellung der Daten\u00fcbertragung ben\u00f6tigen intelligente Ger\u00e4te und Anwendungen eine Reihe weiterer unterst\u00fctzender Prozesse, um ihren effektiven Vertrieb \u00fcber verschiedene Kan\u00e4le zu erm\u00f6glichen, damit sie einem m\u00f6glichst gro\u00dfen Kreis von Endnutzern zur Verf\u00fcgung stehen. Gleichzeitig muss ihre Installation und Unterst\u00fctzung durch lokale Partner sichergestellt werden. Die SDP-Plattform erm\u00f6glicht ein umfassendes Vertriebskanalmanagement auf allen Ebenen, d. h. im Gro\u00dfhandel [...]<\/p>","protected":false},"author":1,"featured_media":71,"parent":240,"menu_order":0,"comment_status":"closed","ping_status":"closed","template":"","meta":{"footnotes":""},"yoast_head":"<!-- This site is optimized with the Yoast SEO plugin v21.6 - https:\/\/yoast.com\/wordpress\/plugins\/seo\/ -->\n<title>SDP dla M2M \/ IoT - COMVERGA Poland<\/title>\n<meta name=\"description\" content=\"In addition to data connectivity, smart devices and applications require a number of other support processes that enable their efficient distribution through various distribution channels so that they become accessible to the widest possible range of end users.\" \/>\n<meta name=\"robots\" content=\"index, follow, max-snippet:-1, max-image-preview:large, max-video-preview:-1\" \/>\n<link rel=\"canonical\" href=\"https:\/\/www.comverga.com\/pol\/de\/uslugi\/oprogramowanie-jako-usluga-platforma-jako-usluga\/sdp-dla-m2m-iot\/\" \/>\n<meta property=\"og:locale\" content=\"de_DE\" \/>\n<meta property=\"og:type\" content=\"article\" \/>\n<meta property=\"og:title\" content=\"SDP dla M2M \/ IoT - COMVERGA Poland\" \/>\n<meta property=\"og:description\" content=\"In addition to data connectivity, smart devices and applications require a number of other support processes that enable their efficient distribution through various distribution channels so that they become accessible to the widest possible range of end users.\" \/>\n<meta property=\"og:url\" content=\"https:\/\/www.comverga.com\/pol\/de\/uslugi\/oprogramowanie-jako-usluga-platforma-jako-usluga\/sdp-dla-m2m-iot\/\" \/>\n<meta property=\"og:site_name\" content=\"COMVERGA Poland\" \/>\n<meta property=\"article:modified_time\" content=\"2021-02-01T11:30:29+00:00\" \/>\n<meta property=\"og:image\" content=\"https:\/\/www.comverga.com\/pol\/wp-content\/uploads\/sites\/2\/2020\/11\/photo5.jpg\" \/>\n\t<meta property=\"og:image:width\" content=\"1280\" \/>\n\t<meta property=\"og:image:height\" content=\"720\" \/>\n\t<meta property=\"og:image:type\" content=\"image\/jpeg\" \/>\n<meta name=\"twitter:card\" content=\"summary_large_image\" \/>\n<meta name=\"twitter:label1\" content=\"Gesch\u00e4tzte Lesezeit\" \/>\n\t<meta name=\"twitter:data1\" content=\"1\u00a0Minute\" \/>\n<script type=\"application\/ld+json\" class=\"yoast-schema-graph\">{\"@context\":\"https:\/\/schema.org\",\"@graph\":[{\"@type\":\"WebPage\",\"@id\":\"https:\/\/www.comverga.com\/pol\/uslugi\/oprogramowanie-jako-usluga-platforma-jako-usluga\/sdp-dla-m2m-iot\/\",\"url\":\"https:\/\/www.comverga.com\/pol\/uslugi\/oprogramowanie-jako-usluga-platforma-jako-usluga\/sdp-dla-m2m-iot\/\",\"name\":\"SDP dla M2M \/ IoT - COMVERGA Poland\",\"isPartOf\":{\"@id\":\"https:\/\/www.comverga.com\/pol\/#website\"},\"datePublished\":\"2020-11-25T12:43:12+00:00\",\"dateModified\":\"2021-02-01T11:30:29+00:00\",\"description\":\"In addition to data connectivity, smart devices and applications require a number of other support processes that enable their efficient distribution through various distribution channels so that they become accessible to the widest possible range of end users.\",\"breadcrumb\":{\"@id\":\"https:\/\/www.comverga.com\/pol\/uslugi\/oprogramowanie-jako-usluga-platforma-jako-usluga\/sdp-dla-m2m-iot\/#breadcrumb\"},\"inLanguage\":\"de\",\"potentialAction\":[{\"@type\":\"ReadAction\",\"target\":[\"https:\/\/www.comverga.com\/pol\/uslugi\/oprogramowanie-jako-usluga-platforma-jako-usluga\/sdp-dla-m2m-iot\/\"]}]},{\"@type\":\"BreadcrumbList\",\"@id\":\"https:\/\/www.comverga.com\/pol\/uslugi\/oprogramowanie-jako-usluga-platforma-jako-usluga\/sdp-dla-m2m-iot\/#breadcrumb\",\"itemListElement\":[{\"@type\":\"ListItem\",\"position\":1,\"name\":\"Us\u0142ugi\",\"item\":\"https:\/\/www.comverga.com\/pol\/uslugi\/\"},{\"@type\":\"ListItem\",\"position\":2,\"name\":\"Oprogramowanie jako us\u0142uga \/ platforma jako us\u0142uga\",\"item\":\"https:\/\/www.comverga.com\/pol\/uslugi\/oprogramowanie-jako-usluga-platforma-jako-usluga\/\"},{\"@type\":\"ListItem\",\"position\":3,\"name\":\"SDP dla M2M \/ IoT\"}]},{\"@type\":\"WebSite\",\"@id\":\"https:\/\/www.comverga.com\/pol\/#website\",\"url\":\"https:\/\/www.comverga.com\/pol\/\",\"name\":\"COMVERGA Poland\",\"description\":\"Comverga Poland\",\"publisher\":{\"@id\":\"https:\/\/www.comverga.com\/pol\/#organization\"},\"potentialAction\":[{\"@type\":\"SearchAction\",\"target\":{\"@type\":\"EntryPoint\",\"urlTemplate\":\"https:\/\/www.comverga.com\/pol\/?s={search_term_string}\"},\"query-input\":\"required name=search_term_string\"}],\"inLanguage\":\"de\"},{\"@type\":\"Organization\",\"@id\":\"https:\/\/www.comverga.com\/pol\/#organization\",\"name\":\"COMVERGA Poland\",\"url\":\"https:\/\/www.comverga.com\/pol\/\",\"logo\":{\"@type\":\"ImageObject\",\"inLanguage\":\"de\",\"@id\":\"https:\/\/www.comverga.com\/pol\/#\/schema\/logo\/image\/\",\"url\":\"https:\/\/www.comverga.com\/pol\/wp-content\/uploads\/sites\/2\/2020\/11\/Comverga_CC.png\",\"contentUrl\":\"https:\/\/www.comverga.com\/pol\/wp-content\/uploads\/sites\/2\/2020\/11\/Comverga_CC.png\",\"width\":800,\"height\":800,\"caption\":\"COMVERGA Poland\"},\"image\":{\"@id\":\"https:\/\/www.comverga.com\/pol\/#\/schema\/logo\/image\/\"}}]}<\/script>\n<!-- \/ Yoast SEO plugin. -->","yoast_head_json":{"title":"SDP dla M2M \/ IoT - COMVERGA Poland","description":"In addition to data connectivity, smart devices and applications require a number of other support processes that enable their efficient distribution through various distribution channels so that they become accessible to the widest possible range of end users.","robots":{"index":"index","follow":"follow","max-snippet":"max-snippet:-1","max-image-preview":"max-image-preview:large","max-video-preview":"max-video-preview:-1"},"canonical":"https:\/\/www.comverga.com\/pol\/de\/uslugi\/oprogramowanie-jako-usluga-platforma-jako-usluga\/sdp-dla-m2m-iot\/","og_locale":"de_DE","og_type":"article","og_title":"SDP dla M2M \/ IoT - COMVERGA Poland","og_description":"In addition to data connectivity, smart devices and applications require a number of other support processes that enable their efficient distribution through various distribution channels so that they become accessible to the widest possible range of end users.","og_url":"https:\/\/www.comverga.com\/pol\/de\/uslugi\/oprogramowanie-jako-usluga-platforma-jako-usluga\/sdp-dla-m2m-iot\/","og_site_name":"COMVERGA Poland","article_modified_time":"2021-02-01T11:30:29+00:00","og_image":[{"width":1280,"height":720,"url":"https:\/\/www.comverga.com\/pol\/wp-content\/uploads\/sites\/2\/2020\/11\/photo5.jpg","type":"image\/jpeg"}],"twitter_card":"summary_large_image","twitter_misc":{"Gesch\u00e4tzte Lesezeit":"1\u00a0Minute"},"schema":{"@context":"https:\/\/schema.org","@graph":[{"@type":"WebPage","@id":"https:\/\/www.comverga.com\/pol\/uslugi\/oprogramowanie-jako-usluga-platforma-jako-usluga\/sdp-dla-m2m-iot\/","url":"https:\/\/www.comverga.com\/pol\/uslugi\/oprogramowanie-jako-usluga-platforma-jako-usluga\/sdp-dla-m2m-iot\/","name":"SDP dla M2M \/ IoT - COMVERGA Poland","isPartOf":{"@id":"https:\/\/www.comverga.com\/pol\/#website"},"datePublished":"2020-11-25T12:43:12+00:00","dateModified":"2021-02-01T11:30:29+00:00","description":"In addition to data connectivity, smart devices and applications require a number of other support processes that enable their efficient distribution through various distribution channels so that they become accessible to the widest possible range of end users.","breadcrumb":{"@id":"https:\/\/www.comverga.com\/pol\/uslugi\/oprogramowanie-jako-usluga-platforma-jako-usluga\/sdp-dla-m2m-iot\/#breadcrumb"},"inLanguage":"de","potentialAction":[{"@type":"ReadAction","target":["https:\/\/www.comverga.com\/pol\/uslugi\/oprogramowanie-jako-usluga-platforma-jako-usluga\/sdp-dla-m2m-iot\/"]}]},{"@type":"BreadcrumbList","@id":"https:\/\/www.comverga.com\/pol\/uslugi\/oprogramowanie-jako-usluga-platforma-jako-usluga\/sdp-dla-m2m-iot\/#breadcrumb","itemListElement":[{"@type":"ListItem","position":1,"name":"Us\u0142ugi","item":"https:\/\/www.comverga.com\/pol\/uslugi\/"},{"@type":"ListItem","position":2,"name":"Oprogramowanie jako us\u0142uga \/ platforma jako us\u0142uga","item":"https:\/\/www.comverga.com\/pol\/uslugi\/oprogramowanie-jako-usluga-platforma-jako-usluga\/"},{"@type":"ListItem","position":3,"name":"SDP dla M2M \/ IoT"}]},{"@type":"WebSite","@id":"https:\/\/www.comverga.com\/pol\/#website","url":"https:\/\/www.comverga.com\/pol\/","name":"COMVERGA Polen","description":"Comverga Polen","publisher":{"@id":"https:\/\/www.comverga.com\/pol\/#organization"},"potentialAction":[{"@type":"SearchAction","target":{"@type":"EntryPoint","urlTemplate":"https:\/\/www.comverga.com\/pol\/?s={search_term_string}"},"query-input":"required name=search_term_string"}],"inLanguage":"de"},{"@type":"Organization","@id":"https:\/\/www.comverga.com\/pol\/#organization","name":"COMVERGA Polen","url":"https:\/\/www.comverga.com\/pol\/","logo":{"@type":"ImageObject","inLanguage":"de","@id":"https:\/\/www.comverga.com\/pol\/#\/schema\/logo\/image\/","url":"https:\/\/www.comverga.com\/pol\/wp-content\/uploads\/sites\/2\/2020\/11\/Comverga_CC.png","contentUrl":"https:\/\/www.comverga.com\/pol\/wp-content\/uploads\/sites\/2\/2020\/11\/Comverga_CC.png","width":800,"height":800,"caption":"COMVERGA Poland"},"image":{"@id":"https:\/\/www.comverga.com\/pol\/#\/schema\/logo\/image\/"}}]}},"_links":{"self":[{"href":"https:\/\/www.comverga.com\/pol\/de\/wp-json\/wp\/v2\/pages\/246"}],"collection":[{"href":"https:\/\/www.comverga.com\/pol\/de\/wp-json\/wp\/v2\/pages"}],"about":[{"href":"https:\/\/www.comverga.com\/pol\/de\/wp-json\/wp\/v2\/types\/page"}],"author":[{"embeddable":true,"href":"https:\/\/www.comverga.com\/pol\/de\/wp-json\/wp\/v2\/users\/1"}],"replies":[{"embeddable":true,"href":"https:\/\/www.comverga.com\/pol\/de\/wp-json\/wp\/v2\/comments?post=246"}],"version-history":[{"count":4,"href":"https:\/\/www.comverga.com\/pol\/de\/wp-json\/wp\/v2\/pages\/246\/revisions"}],"predecessor-version":[{"id":1834,"href":"https:\/\/www.comverga.com\/pol\/de\/wp-json\/wp\/v2\/pages\/246\/revisions\/1834"}],"up":[{"embeddable":true,"href":"https:\/\/www.comverga.com\/pol\/de\/wp-json\/wp\/v2\/pages\/240"}],"wp:featuredmedia":[{"embeddable":true,"href":"https:\/\/www.comverga.com\/pol\/de\/wp-json\/wp\/v2\/media\/71"}],"wp:attachment":[{"href":"https:\/\/www.comverga.com\/pol\/de\/wp-json\/wp\/v2\/media?parent=246"}],"curies":[{"name":"wp","href":"https:\/\/api.w.org\/{rel}","templated":true}]}}