{"id":348,"date":"2020-11-25T15:08:34","date_gmt":"2020-11-25T14:08:34","guid":{"rendered":"https:\/\/www.comverga.com\/?page_id=348"},"modified":"2021-02-03T12:01:16","modified_gmt":"2021-02-03T11:01:16","slug":"branze","status":"publish","type":"page","link":"https:\/\/www.comverga.com\/pol\/de\/branze\/","title":{"rendered":"Branchen"},"content":{"rendered":"<div data-elementor-type=\"wp-page\" data-elementor-id=\"348\" class=\"elementor elementor-348\">\n\t\t\t\t\t\t\t\t\t<section class=\"elementor-section elementor-top-section elementor-element elementor-element-350eccc2 elementor-section-stretched elementor-section-boxed elementor-section-height-default elementor-section-height-default\" data-id=\"350eccc2\" data-element_type=\"section\" data-settings=\"{&quot;stretch_section&quot;:&quot;section-stretched&quot;,&quot;background_background&quot;:&quot;classic&quot;}\">\n\t\t\t\t\t\t<div class=\"elementor-container elementor-column-gap-default\">\n\t\t\t\t\t<div class=\"elementor-column elementor-col-100 elementor-top-column elementor-element elementor-element-5702d9e8\" data-id=\"5702d9e8\" data-element_type=\"column\">\n\t\t\t<div class=\"elementor-widget-wrap elementor-element-populated\">\n\t\t\t\t\t\t\t\t<div class=\"elementor-element elementor-element-457a1625 elementor-widget elementor-widget-text-editor\" data-id=\"457a1625\" data-element_type=\"widget\" data-widget_type=\"text-editor.default\">\n\t\t\t\t<div class=\"elementor-widget-container\">\n\t\t\t\t\t\t\t<p>Unser Angebot richtet sich an Vertreter aus den Bereichen Finanzen, Verwaltung, Telekommunikation, Bildung und Medizin.<\/p>\n<p>Die L\u00f6sungen, die wir anbieten, sind nicht nur SMS-Werbung f\u00fcr Unternehmen. Wir bieten mobile Gesch\u00e4ftsanwendungen, die den elektronischen Handel und lokale Unternehmen unterst\u00fctzen. Unsere Systeme verbessern den Kontakt mit Kunden und erreichen Massenpublikum mit personalisierten Nachrichten.<\/p>\n<p>In medizinischen Einrichtungen oder in den Kundendienstabteilungen verschiedener Unternehmen wird sich ein IVR-System als n\u00fctzlich erweisen. Dank ihm h\u00f6rt der Anrufer automatische Nachrichten und w\u00e4hlt die entsprechenden Punkte aus dem Men\u00fc aus, das beispielsweise die \u00dcberpr\u00fcfung des Kunden, die Wahl der Sprache oder eine bestimmte Dienstleistung erm\u00f6glicht.<\/p>\n\t\t\t\t\t\t<\/div>\n\t\t\t\t<\/div>\n\t\t\t\t<div class=\"elementor-element elementor-element-b93bd45 elementor-widget elementor-widget-heading\" data-id=\"b93bd45\" data-element_type=\"widget\" data-widget_type=\"heading.default\">\n\t\t\t\t<div class=\"elementor-widget-container\">\n\t\t\t<h2 class=\"elementor-heading-title elementor-size-large\">Sehen Sie, f\u00fcr wen wir arbeiten<\/h2>\t\t<\/div>\n\t\t\t\t<\/div>\n\t\t\t\t<div class=\"elementor-element elementor-element-6f3c07f elementor-widget-divider--view-line elementor-widget elementor-widget-divider\" data-id=\"6f3c07f\" data-element_type=\"widget\" data-widget_type=\"divider.default\">\n\t\t\t\t<div class=\"elementor-widget-container\">\n\t\t\t\t\t<div class=\"elementor-divider\">\n\t\t\t<span class=\"elementor-divider-separator\">\n\t\t\t\t\t\t<\/span>\n\t\t<\/div>\n\t\t\t\t<\/div>\n\t\t\t\t<\/div>\n\t\t\t\t\t<\/div>\n\t\t<\/div>\n\t\t\t\t\t\t\t<\/div>\n\t\t<\/section>\n\t\t\t\t\t\t\t<\/div>","protected":false},"excerpt":{"rendered":"<p>Unser Angebot richtet sich an Vertreter des Finanz-, Verwaltungs-, Telekommunikations-, Bildungs- und Medizinsektors. Die vorgeschlagenen L\u00f6sungen sind nicht nur SMS-Werbung f\u00fcr Unternehmen. Wir bieten mobile Anwendungen f\u00fcr Unternehmen, die den elektronischen Handel und lokale Unternehmen unterst\u00fctzen. Unsere Systeme verbessern den Kontakt mit den Kunden und erreichen ein Massenpublikum mit personalisierten Nachrichten. In medizinischen Einrichtungen oder Abteilungen [...].<\/p>","protected":false},"author":1,"featured_media":1729,"parent":0,"menu_order":0,"comment_status":"closed","ping_status":"closed","template":"","meta":{"footnotes":""},"yoast_head":"<!-- This site is optimized with the Yoast SEO plugin v21.6 - https:\/\/yoast.com\/wordpress\/plugins\/seo\/ -->\n<title>Bran\u017ce - COMVERGA Poland<\/title>\n<meta name=\"robots\" content=\"index, follow, max-snippet:-1, max-image-preview:large, max-video-preview:-1\" \/>\n<link rel=\"canonical\" href=\"https:\/\/www.comverga.com\/pol\/de\/branze\/\" \/>\n<meta property=\"og:locale\" content=\"de_DE\" \/>\n<meta property=\"og:type\" content=\"article\" \/>\n<meta property=\"og:title\" content=\"Bran\u017ce - COMVERGA Poland\" \/>\n<meta property=\"og:description\" content=\"Ofert\u0119 kierujemy dla przedstawicieli zar\u00f3wno bran\u017cy finansowej, administracyjnej, telekomunikacyjnej, edukacyjnej, jak i medycznej. Proponowane rozwi\u0105zania to nie tylko reklama SMS dla firm. Oferujemy aplikacje mobilne dla biznesu , kt\u00f3re wspieraj\u0105 dzia\u0142alno\u015b\u0107 e-commerce, a\u00a0tak\u017ce lokalnych firm. Nasze systemy usprawniaj\u0105 kontakt z klientem i dotarcie ze spersonalizowanym komunikatem do masowych odbiorc\u00f3w. W plac\u00f3wkach medycznych czy te\u017c dzia\u0142ach [&hellip;]\" \/>\n<meta property=\"og:url\" content=\"https:\/\/www.comverga.com\/pol\/de\/branze\/\" \/>\n<meta property=\"og:site_name\" content=\"COMVERGA Poland\" \/>\n<meta property=\"article:modified_time\" content=\"2021-02-03T11:01:16+00:00\" \/>\n<meta property=\"og:image\" content=\"https:\/\/www.comverga.com\/pol\/wp-content\/uploads\/sites\/2\/2021\/01\/binary-code-2508931_1920.jpg\" \/>\n\t<meta property=\"og:image:width\" content=\"1920\" \/>\n\t<meta property=\"og:image:height\" content=\"1280\" \/>\n\t<meta property=\"og:image:type\" content=\"image\/jpeg\" \/>\n<meta name=\"twitter:card\" content=\"summary_large_image\" \/>\n<meta name=\"twitter:label1\" content=\"Gesch\u00e4tzte Lesezeit\" \/>\n\t<meta name=\"twitter:data1\" content=\"1\u00a0Minute\" \/>\n<script type=\"application\/ld+json\" class=\"yoast-schema-graph\">{\"@context\":\"https:\/\/schema.org\",\"@graph\":[{\"@type\":\"WebPage\",\"@id\":\"https:\/\/www.comverga.com\/pol\/branze\/\",\"url\":\"https:\/\/www.comverga.com\/pol\/branze\/\",\"name\":\"Bran\u017ce - COMVERGA Poland\",\"isPartOf\":{\"@id\":\"https:\/\/www.comverga.com\/pol\/#website\"},\"datePublished\":\"2020-11-25T14:08:34+00:00\",\"dateModified\":\"2021-02-03T11:01:16+00:00\",\"inLanguage\":\"de\",\"potentialAction\":[{\"@type\":\"ReadAction\",\"target\":[\"https:\/\/www.comverga.com\/pol\/branze\/\"]}]},{\"@type\":\"WebSite\",\"@id\":\"https:\/\/www.comverga.com\/pol\/#website\",\"url\":\"https:\/\/www.comverga.com\/pol\/\",\"name\":\"COMVERGA Poland\",\"description\":\"Comverga Poland\",\"publisher\":{\"@id\":\"https:\/\/www.comverga.com\/pol\/#organization\"},\"potentialAction\":[{\"@type\":\"SearchAction\",\"target\":{\"@type\":\"EntryPoint\",\"urlTemplate\":\"https:\/\/www.comverga.com\/pol\/?s={search_term_string}\"},\"query-input\":\"required name=search_term_string\"}],\"inLanguage\":\"de\"},{\"@type\":\"Organization\",\"@id\":\"https:\/\/www.comverga.com\/pol\/#organization\",\"name\":\"COMVERGA Poland\",\"url\":\"https:\/\/www.comverga.com\/pol\/\",\"logo\":{\"@type\":\"ImageObject\",\"inLanguage\":\"de\",\"@id\":\"https:\/\/www.comverga.com\/pol\/#\/schema\/logo\/image\/\",\"url\":\"https:\/\/www.comverga.com\/pol\/wp-content\/uploads\/sites\/2\/2020\/11\/Comverga_CC.png\",\"contentUrl\":\"https:\/\/www.comverga.com\/pol\/wp-content\/uploads\/sites\/2\/2020\/11\/Comverga_CC.png\",\"width\":800,\"height\":800,\"caption\":\"COMVERGA Poland\"},\"image\":{\"@id\":\"https:\/\/www.comverga.com\/pol\/#\/schema\/logo\/image\/\"}}]}<\/script>\n<!-- \/ Yoast SEO plugin. -->","yoast_head_json":{"title":"Branchen - COMVERGA Polen","robots":{"index":"index","follow":"follow","max-snippet":"max-snippet:-1","max-image-preview":"max-image-preview:large","max-video-preview":"max-video-preview:-1"},"canonical":"https:\/\/www.comverga.com\/pol\/de\/branze\/","og_locale":"de_DE","og_type":"article","og_title":"Bran\u017ce - COMVERGA Poland","og_description":"Ofert\u0119 kierujemy dla przedstawicieli zar\u00f3wno bran\u017cy finansowej, administracyjnej, telekomunikacyjnej, edukacyjnej, jak i medycznej. Proponowane rozwi\u0105zania to nie tylko reklama SMS dla firm. Oferujemy aplikacje mobilne dla biznesu , kt\u00f3re wspieraj\u0105 dzia\u0142alno\u015b\u0107 e-commerce, a\u00a0tak\u017ce lokalnych firm. Nasze systemy usprawniaj\u0105 kontakt z klientem i dotarcie ze spersonalizowanym komunikatem do masowych odbiorc\u00f3w. W plac\u00f3wkach medycznych czy te\u017c dzia\u0142ach [&hellip;]","og_url":"https:\/\/www.comverga.com\/pol\/de\/branze\/","og_site_name":"COMVERGA Poland","article_modified_time":"2021-02-03T11:01:16+00:00","og_image":[{"width":1920,"height":1280,"url":"https:\/\/www.comverga.com\/pol\/wp-content\/uploads\/sites\/2\/2021\/01\/binary-code-2508931_1920.jpg","type":"image\/jpeg"}],"twitter_card":"summary_large_image","twitter_misc":{"Gesch\u00e4tzte Lesezeit":"1\u00a0Minute"},"schema":{"@context":"https:\/\/schema.org","@graph":[{"@type":"WebPage","@id":"https:\/\/www.comverga.com\/pol\/branze\/","url":"https:\/\/www.comverga.com\/pol\/branze\/","name":"Branchen - COMVERGA Polen","isPartOf":{"@id":"https:\/\/www.comverga.com\/pol\/#website"},"datePublished":"2020-11-25T14:08:34+00:00","dateModified":"2021-02-03T11:01:16+00:00","inLanguage":"de","potentialAction":[{"@type":"ReadAction","target":["https:\/\/www.comverga.com\/pol\/branze\/"]}]},{"@type":"WebSite","@id":"https:\/\/www.comverga.com\/pol\/#website","url":"https:\/\/www.comverga.com\/pol\/","name":"COMVERGA Polen","description":"Comverga Polen","publisher":{"@id":"https:\/\/www.comverga.com\/pol\/#organization"},"potentialAction":[{"@type":"SearchAction","target":{"@type":"EntryPoint","urlTemplate":"https:\/\/www.comverga.com\/pol\/?s={search_term_string}"},"query-input":"required name=search_term_string"}],"inLanguage":"de"},{"@type":"Organization","@id":"https:\/\/www.comverga.com\/pol\/#organization","name":"COMVERGA Polen","url":"https:\/\/www.comverga.com\/pol\/","logo":{"@type":"ImageObject","inLanguage":"de","@id":"https:\/\/www.comverga.com\/pol\/#\/schema\/logo\/image\/","url":"https:\/\/www.comverga.com\/pol\/wp-content\/uploads\/sites\/2\/2020\/11\/Comverga_CC.png","contentUrl":"https:\/\/www.comverga.com\/pol\/wp-content\/uploads\/sites\/2\/2020\/11\/Comverga_CC.png","width":800,"height":800,"caption":"COMVERGA Poland"},"image":{"@id":"https:\/\/www.comverga.com\/pol\/#\/schema\/logo\/image\/"}}]}},"_links":{"self":[{"href":"https:\/\/www.comverga.com\/pol\/de\/wp-json\/wp\/v2\/pages\/348"}],"collection":[{"href":"https:\/\/www.comverga.com\/pol\/de\/wp-json\/wp\/v2\/pages"}],"about":[{"href":"https:\/\/www.comverga.com\/pol\/de\/wp-json\/wp\/v2\/types\/page"}],"author":[{"embeddable":true,"href":"https:\/\/www.comverga.com\/pol\/de\/wp-json\/wp\/v2\/users\/1"}],"replies":[{"embeddable":true,"href":"https:\/\/www.comverga.com\/pol\/de\/wp-json\/wp\/v2\/comments?post=348"}],"version-history":[{"count":7,"href":"https:\/\/www.comverga.com\/pol\/de\/wp-json\/wp\/v2\/pages\/348\/revisions"}],"predecessor-version":[{"id":1913,"href":"https:\/\/www.comverga.com\/pol\/de\/wp-json\/wp\/v2\/pages\/348\/revisions\/1913"}],"wp:featuredmedia":[{"embeddable":true,"href":"https:\/\/www.comverga.com\/pol\/de\/wp-json\/wp\/v2\/media\/1729"}],"wp:attachment":[{"href":"https:\/\/www.comverga.com\/pol\/de\/wp-json\/wp\/v2\/media?parent=348"}],"curies":[{"name":"wp","href":"https:\/\/api.w.org\/{rel}","templated":true}]}}