{"id":384,"date":"2020-11-25T15:26:06","date_gmt":"2020-11-25T14:26:06","guid":{"rendered":"https:\/\/www.comverga.com\/?page_id=384"},"modified":"2021-02-03T15:50:38","modified_gmt":"2021-02-03T14:50:38","slug":"historia","status":"publish","type":"page","link":"https:\/\/www.comverga.com\/pol\/de\/historia\/","title":{"rendered":"Unsere Geschichte"},"content":{"rendered":"<div data-elementor-type=\"wp-page\" data-elementor-id=\"384\" class=\"elementor elementor-384\">\n\t\t\t\t\t\t\t\t\t<section class=\"elementor-section elementor-top-section elementor-element elementor-element-5328295e elementor-section-stretched elementor-section-boxed elementor-section-height-default elementor-section-height-default\" data-id=\"5328295e\" data-element_type=\"section\" data-settings=\"{&quot;stretch_section&quot;:&quot;section-stretched&quot;,&quot;background_background&quot;:&quot;classic&quot;}\">\n\t\t\t\t\t\t<div class=\"elementor-container elementor-column-gap-default\">\n\t\t\t\t\t<div class=\"elementor-column elementor-col-100 elementor-top-column elementor-element elementor-element-7243091e\" data-id=\"7243091e\" data-element_type=\"column\">\n\t\t\t<div class=\"elementor-widget-wrap elementor-element-populated\">\n\t\t\t\t\t\t\t\t<div class=\"elementor-element elementor-element-52f7930e elementor-widget elementor-widget-text-editor\" data-id=\"52f7930e\" data-element_type=\"widget\" data-widget_type=\"text-editor.default\">\n\t\t\t\t<div class=\"elementor-widget-container\">\n\t\t\t\t\t\t\t<!-- wp:paragraph -->\n<p>Wir sind ein Familienunternehmen mit einer Geschichte von mehr als 20 Jahren. Die zweite Generation ist bereits im Unternehmen t\u00e4tig. Unser Erfolg basiert auf der langfristigen Zusammenarbeit mit unseren Gesch\u00e4ftspartnern und Kunden. Wir freuen uns gemeinsam auf eine stabile und fruchtbare Entwicklung unseres Unternehmens.<\/p>\n<!-- \/wp:paragraph -->\n\n<!-- wp:paragraph -->\n<p>Wir begannen mit Messaging-Diensten zwischen Mobilfunk- und Festnetzen. Dann haben wir unser Portfolio um Sprach- und Datendienste erweitert und eine breite Palette an konvergenten Mehrwertdiensten und -anwendungen geschaffen.<\/p>\n<!-- \/wp:paragraph -->\n\n<!-- wp:paragraph -->\n<p>Der nat\u00fcrliche n\u00e4chste Schritt bei der Erweiterung unseres Angebots waren Zahlungsdienste und deren Kombination mit Telekommunikationsdiensten.<\/p>\n<!-- \/wp:paragraph -->\n\n<!-- wp:paragraph -->\n<p>Wir entwickeln unsere eigenen IT-Systeme und -Plattformen und verf\u00fcgen \u00fcber eine eigene technologische Infrastruktur, um Dienste unabh\u00e4ngig von Technologien, Anbietern und Betreibern bereitzustellen. Wir kombinieren verschiedene Netze und Hosting-Anbieter mit unserer Infrastruktur, um unseren Partnern und Kunden eine breite Palette konvergenter Dienste anbieten zu k\u00f6nnen.<\/p>\n<!-- \/wp:paragraph -->\n\n<!-- wp:paragraph -->\n<p>Wir sind von Telekommunikations- und Zahlungsdienstleistern lizenziert. Unser Datensicherheitsmanagementsystem ist nach ISO 27001 zertifiziert.<\/p>\n<!-- \/wp:paragraph -->\n\n<!-- wp:paragraph -->\n<p>Nach 20 Jahren im Gesch\u00e4ft ist unser Engagement f\u00fcr Kommunikation und Konvergenz noch st\u00e4rker geworden und ist auch unsere Vision f\u00fcr die Zukunft. Wir haben daher beschlossen, diese Tatsache auch durch unsere Marke zu kommunizieren. Nach 20 Jahren werden wir also zu COMVERGA... f\u00fcr mindestens 20 weitere Jahre.<\/p>\n<!-- \/wp:paragraph -->\n\n<!-- wp:image {\"id\":971,\"sizeSlug\":\"large\",\"linkDestination\":\"none\"} -->\n<figure class=\"wp-block-image size-large\"><img fetchpriority=\"high\" decoding=\"async\" width=\"1024\" height=\"186\" src=\"https:\/\/www.comverga.com\/pol\/wp-content\/uploads\/sites\/2\/2020\/12\/history-1024x186.png\" alt=\"\" class=\"wp-image-971\" srcset=\"https:\/\/www.comverga.com\/pol\/wp-content\/uploads\/sites\/2\/2020\/12\/history-1024x186.png 1024w, https:\/\/www.comverga.com\/pol\/wp-content\/uploads\/sites\/2\/2020\/12\/history-300x54.png 300w, https:\/\/www.comverga.com\/pol\/wp-content\/uploads\/sites\/2\/2020\/12\/history-768x139.png 768w, https:\/\/www.comverga.com\/pol\/wp-content\/uploads\/sites\/2\/2020\/12\/history-1536x279.png 1536w, https:\/\/www.comverga.com\/pol\/wp-content\/uploads\/sites\/2\/2020\/12\/history-1200x218.png 1200w, https:\/\/www.comverga.com\/pol\/wp-content\/uploads\/sites\/2\/2020\/12\/history-1980x359.png 1980w, https:\/\/www.comverga.com\/pol\/wp-content\/uploads\/sites\/2\/2020\/12\/history.png 2000w\" sizes=\"(max-width: 1024px) 100vw, 1024px\" \/><\/figure>\n<!-- \/wp:image -->\t\t\t\t\t\t<\/div>\n\t\t\t\t<\/div>\n\t\t\t\t\t<\/div>\n\t\t<\/div>\n\t\t\t\t\t\t\t<\/div>\n\t\t<\/section>\n\t\t\t\t\t\t\t<\/div>","protected":false},"excerpt":{"rendered":"<p>Wir sind ein Familienunternehmen mit einer Geschichte von mehr als 20 Jahren. Die zweite Generation ist bereits im Unternehmen t\u00e4tig. Unser Erfolg basiert auf der langfristigen Zusammenarbeit mit unseren Gesch\u00e4ftspartnern und Kunden. Gemeinsam freuen wir uns \u00fcber die stabile und fruchtbare Entwicklung unseres Unternehmens. Wir haben mit Messaging-Diensten zwischen Mobilfunk- und Festnetzen begonnen. Dann haben wir unser Angebot um Sprach- und Datendienste erweitert [...]<\/p>","protected":false},"author":1,"featured_media":148,"parent":0,"menu_order":0,"comment_status":"closed","ping_status":"closed","template":"","meta":{"footnotes":""},"yoast_head":"<!-- This site is optimized with the Yoast SEO plugin v21.6 - https:\/\/yoast.com\/wordpress\/plugins\/seo\/ -->\n<title>Nasza historia - COMVERGA Poland<\/title>\n<meta name=\"robots\" content=\"index, follow, max-snippet:-1, max-image-preview:large, max-video-preview:-1\" \/>\n<link rel=\"canonical\" href=\"https:\/\/www.comverga.com\/pol\/de\/historia\/\" \/>\n<meta property=\"og:locale\" content=\"de_DE\" \/>\n<meta property=\"og:type\" content=\"article\" \/>\n<meta property=\"og:title\" content=\"Nasza historia - COMVERGA Poland\" \/>\n<meta property=\"og:description\" content=\"Jeste\u015bmy firm\u0105 rodzinn\u0105 z ponad 20-letni\u0105 histori\u0105. W firmie pracuje ju\u017c drugie pokolenie. Nasz sukces opiera si\u0119 na d\u0142ugoterminowej wsp\u00f3\u0142pracy z naszymi partnerami biznesowymi i klientami. Cieszymy si\u0119 wsp\u00f3lnie ze stabilnego i owocnego rozwoju naszej dzia\u0142alno\u015bci. Zacz\u0119li\u015bmy od us\u0142ug przesy\u0142ania wiadomo\u015bci mi\u0119dzy sieciami kom\u00f3rkowymi i stacjonarnymi. Nast\u0119pnie dodali\u015bmy us\u0142ugi g\u0142osowe i transmisji danych do naszego [&hellip;]\" \/>\n<meta property=\"og:url\" content=\"https:\/\/www.comverga.com\/pol\/de\/historia\/\" \/>\n<meta property=\"og:site_name\" content=\"COMVERGA Poland\" \/>\n<meta property=\"article:modified_time\" content=\"2021-02-03T14:50:38+00:00\" \/>\n<meta property=\"og:image\" content=\"https:\/\/www.comverga.com\/pol\/wp-content\/uploads\/sites\/2\/2020\/11\/new.jpg\" \/>\n\t<meta property=\"og:image:width\" content=\"1920\" \/>\n\t<meta property=\"og:image:height\" content=\"1080\" \/>\n\t<meta property=\"og:image:type\" content=\"image\/jpeg\" \/>\n<meta name=\"twitter:card\" content=\"summary_large_image\" \/>\n<meta name=\"twitter:label1\" content=\"Gesch\u00e4tzte Lesezeit\" \/>\n\t<meta name=\"twitter:data1\" content=\"1\u00a0Minute\" \/>\n<script type=\"application\/ld+json\" class=\"yoast-schema-graph\">{\"@context\":\"https:\/\/schema.org\",\"@graph\":[{\"@type\":\"WebPage\",\"@id\":\"https:\/\/www.comverga.com\/pol\/historia\/\",\"url\":\"https:\/\/www.comverga.com\/pol\/historia\/\",\"name\":\"Nasza historia - COMVERGA Poland\",\"isPartOf\":{\"@id\":\"https:\/\/www.comverga.com\/pol\/#website\"},\"datePublished\":\"2020-11-25T14:26:06+00:00\",\"dateModified\":\"2021-02-03T14:50:38+00:00\",\"inLanguage\":\"de\",\"potentialAction\":[{\"@type\":\"ReadAction\",\"target\":[\"https:\/\/www.comverga.com\/pol\/historia\/\"]}]},{\"@type\":\"WebSite\",\"@id\":\"https:\/\/www.comverga.com\/pol\/#website\",\"url\":\"https:\/\/www.comverga.com\/pol\/\",\"name\":\"COMVERGA Poland\",\"description\":\"Comverga Poland\",\"publisher\":{\"@id\":\"https:\/\/www.comverga.com\/pol\/#organization\"},\"potentialAction\":[{\"@type\":\"SearchAction\",\"target\":{\"@type\":\"EntryPoint\",\"urlTemplate\":\"https:\/\/www.comverga.com\/pol\/?s={search_term_string}\"},\"query-input\":\"required name=search_term_string\"}],\"inLanguage\":\"de\"},{\"@type\":\"Organization\",\"@id\":\"https:\/\/www.comverga.com\/pol\/#organization\",\"name\":\"COMVERGA Poland\",\"url\":\"https:\/\/www.comverga.com\/pol\/\",\"logo\":{\"@type\":\"ImageObject\",\"inLanguage\":\"de\",\"@id\":\"https:\/\/www.comverga.com\/pol\/#\/schema\/logo\/image\/\",\"url\":\"https:\/\/www.comverga.com\/pol\/wp-content\/uploads\/sites\/2\/2020\/11\/Comverga_CC.png\",\"contentUrl\":\"https:\/\/www.comverga.com\/pol\/wp-content\/uploads\/sites\/2\/2020\/11\/Comverga_CC.png\",\"width\":800,\"height\":800,\"caption\":\"COMVERGA Poland\"},\"image\":{\"@id\":\"https:\/\/www.comverga.com\/pol\/#\/schema\/logo\/image\/\"}}]}<\/script>\n<!-- \/ Yoast SEO plugin. -->","yoast_head_json":{"title":"Nasza historia - COMVERGA Poland","robots":{"index":"index","follow":"follow","max-snippet":"max-snippet:-1","max-image-preview":"max-image-preview:large","max-video-preview":"max-video-preview:-1"},"canonical":"https:\/\/www.comverga.com\/pol\/de\/historia\/","og_locale":"de_DE","og_type":"article","og_title":"Nasza historia - COMVERGA Poland","og_description":"Jeste\u015bmy firm\u0105 rodzinn\u0105 z ponad 20-letni\u0105 histori\u0105. W firmie pracuje ju\u017c drugie pokolenie. Nasz sukces opiera si\u0119 na d\u0142ugoterminowej wsp\u00f3\u0142pracy z naszymi partnerami biznesowymi i klientami. Cieszymy si\u0119 wsp\u00f3lnie ze stabilnego i owocnego rozwoju naszej dzia\u0142alno\u015bci. Zacz\u0119li\u015bmy od us\u0142ug przesy\u0142ania wiadomo\u015bci mi\u0119dzy sieciami kom\u00f3rkowymi i stacjonarnymi. Nast\u0119pnie dodali\u015bmy us\u0142ugi g\u0142osowe i transmisji danych do naszego [&hellip;]","og_url":"https:\/\/www.comverga.com\/pol\/de\/historia\/","og_site_name":"COMVERGA Poland","article_modified_time":"2021-02-03T14:50:38+00:00","og_image":[{"width":1920,"height":1080,"url":"https:\/\/www.comverga.com\/pol\/wp-content\/uploads\/sites\/2\/2020\/11\/new.jpg","type":"image\/jpeg"}],"twitter_card":"summary_large_image","twitter_misc":{"Gesch\u00e4tzte Lesezeit":"1\u00a0Minute"},"schema":{"@context":"https:\/\/schema.org","@graph":[{"@type":"WebPage","@id":"https:\/\/www.comverga.com\/pol\/historia\/","url":"https:\/\/www.comverga.com\/pol\/historia\/","name":"Nasza historia - COMVERGA Poland","isPartOf":{"@id":"https:\/\/www.comverga.com\/pol\/#website"},"datePublished":"2020-11-25T14:26:06+00:00","dateModified":"2021-02-03T14:50:38+00:00","inLanguage":"de","potentialAction":[{"@type":"ReadAction","target":["https:\/\/www.comverga.com\/pol\/historia\/"]}]},{"@type":"WebSite","@id":"https:\/\/www.comverga.com\/pol\/#website","url":"https:\/\/www.comverga.com\/pol\/","name":"COMVERGA Polen","description":"Comverga Polen","publisher":{"@id":"https:\/\/www.comverga.com\/pol\/#organization"},"potentialAction":[{"@type":"SearchAction","target":{"@type":"EntryPoint","urlTemplate":"https:\/\/www.comverga.com\/pol\/?s={search_term_string}"},"query-input":"required name=search_term_string"}],"inLanguage":"de"},{"@type":"Organization","@id":"https:\/\/www.comverga.com\/pol\/#organization","name":"COMVERGA Polen","url":"https:\/\/www.comverga.com\/pol\/","logo":{"@type":"ImageObject","inLanguage":"de","@id":"https:\/\/www.comverga.com\/pol\/#\/schema\/logo\/image\/","url":"https:\/\/www.comverga.com\/pol\/wp-content\/uploads\/sites\/2\/2020\/11\/Comverga_CC.png","contentUrl":"https:\/\/www.comverga.com\/pol\/wp-content\/uploads\/sites\/2\/2020\/11\/Comverga_CC.png","width":800,"height":800,"caption":"COMVERGA Poland"},"image":{"@id":"https:\/\/www.comverga.com\/pol\/#\/schema\/logo\/image\/"}}]}},"_links":{"self":[{"href":"https:\/\/www.comverga.com\/pol\/de\/wp-json\/wp\/v2\/pages\/384"}],"collection":[{"href":"https:\/\/www.comverga.com\/pol\/de\/wp-json\/wp\/v2\/pages"}],"about":[{"href":"https:\/\/www.comverga.com\/pol\/de\/wp-json\/wp\/v2\/types\/page"}],"author":[{"embeddable":true,"href":"https:\/\/www.comverga.com\/pol\/de\/wp-json\/wp\/v2\/users\/1"}],"replies":[{"embeddable":true,"href":"https:\/\/www.comverga.com\/pol\/de\/wp-json\/wp\/v2\/comments?post=384"}],"version-history":[{"count":9,"href":"https:\/\/www.comverga.com\/pol\/de\/wp-json\/wp\/v2\/pages\/384\/revisions"}],"predecessor-version":[{"id":1966,"href":"https:\/\/www.comverga.com\/pol\/de\/wp-json\/wp\/v2\/pages\/384\/revisions\/1966"}],"wp:featuredmedia":[{"embeddable":true,"href":"https:\/\/www.comverga.com\/pol\/de\/wp-json\/wp\/v2\/media\/148"}],"wp:attachment":[{"href":"https:\/\/www.comverga.com\/pol\/de\/wp-json\/wp\/v2\/media?parent=384"}],"curies":[{"name":"wp","href":"https:\/\/api.w.org\/{rel}","templated":true}]}}