{"id":388,"date":"2020-11-25T15:27:55","date_gmt":"2020-11-25T14:27:55","guid":{"rendered":"https:\/\/www.comverga.com\/?page_id=388"},"modified":"2020-11-25T15:27:55","modified_gmt":"2020-11-25T14:27:55","slug":"mise","status":"publish","type":"page","link":"https:\/\/www.comverga.com\/pol\/de\/mise\/","title":{"rendered":"Mise"},"content":{"rendered":"<p>Jsme stabiln\u00ed rodinn\u00e1 spole\u010dnost, st\u00e1le se rozv\u00edj\u00edme a sledujeme nov\u00e9 trendy, abyychom byli vedouc\u00edm dodavatelem modern\u00edch telekomunika\u010dn\u00edch slu\u017eeb. Na\u0161\u00edm c\u00edlem je b\u00fdt pro z\u00e1kazn\u00edka preferovan\u00fdm partnerem v komunikac\u00edch. Skrze kvalitu slu\u017eeb a hled\u00e1n\u00ed spole\u010dn\u00fdch \u0159e\u0161en\u00ed chcie\u0107 budovat vedouc\u00ed pozici mezi evropsk\u00fdmi spole\u010dnostmi na komunika\u010dn\u00edm a IT trhu s glob\u00e1ln\u00edm z\u00e1sahem.<\/p>\n\n\n\n<p>Wir reagieren pruzn\u011b auf die Bed\u00fcrfnisse unserer Kunden und erwerben ihnen eine grundlegende und funktional optimierte L\u00f6sung. Wir wollen ein Partner sein, der die Arbeit erleichtert, den Gemeinschaftssinn verbessert und die Entwicklung neuer Gesch\u00e4ftsmodelle durch moderne und fortschrittliche Kommunikationstechnologien erm\u00f6glicht. Klademe vysok\u00fd d\u016fraz na ethick\u00fd aspekt podnik\u00e1n\u00ed se zvl\u00e1\u0161tn\u00ed pozornost\u00ed k respektu k druh\u00e9 osob\u011b - z\u00e1kazn\u00edkovi, partnerovi i dodavateli.<\/p>","protected":false},"excerpt":{"rendered":"<p>Jsme stabiln\u00ed rodinn\u00e1 spole\u010dnost, st\u00e1le se rozv\u00edj\u00edme a sledujeme nov\u00e9 trendy, abychom byli vedouc\u00edm dodavatelem modern\u00edch telekomunika\u010dn\u00edch slu\u017eeb. Na\u0161\u00edm c\u00edlem je b\u00fdt pro z\u00e1kazn\u00edka preferovan\u00fdm partnerem v komunikac\u00edch. Skrze kvalitu slu\u017eeb a hled\u00e1n\u00ed spole\u010dn\u00fdch \u0159e\u0161en\u00ed chceme budovat vedouc\u00ed pozici mezi evropsk\u00fdmi spole\u010dnostmi na komunika\u010dn\u00edm a IT trhu s glob\u00e1ln\u00edm z\u00e1sahem. Reagujeme pru\u017en\u011b na pot\u0159eby na\u0161ich [&hellip;]<\/p>","protected":false},"author":1,"featured_media":145,"parent":0,"menu_order":0,"comment_status":"closed","ping_status":"closed","template":"","meta":{"footnotes":""},"yoast_head":"<!-- This site is optimized with the Yoast SEO plugin v21.6 - https:\/\/yoast.com\/wordpress\/plugins\/seo\/ -->\n<title>Mise - COMVERGA Poland<\/title>\n<meta name=\"robots\" content=\"index, follow, max-snippet:-1, max-image-preview:large, max-video-preview:-1\" \/>\n<link rel=\"canonical\" href=\"https:\/\/www.comverga.com\/pol\/de\/mise\/\" \/>\n<meta property=\"og:locale\" content=\"de_DE\" \/>\n<meta property=\"og:type\" content=\"article\" \/>\n<meta property=\"og:title\" content=\"Mise - COMVERGA Poland\" \/>\n<meta property=\"og:description\" content=\"Jsme stabiln\u00ed rodinn\u00e1 spole\u010dnost, st\u00e1le se rozv\u00edj\u00edme a sledujeme nov\u00e9 trendy, abychom byli vedouc\u00edm dodavatelem modern\u00edch telekomunika\u010dn\u00edch slu\u017eeb. Na\u0161\u00edm c\u00edlem je b\u00fdt pro z\u00e1kazn\u00edka preferovan\u00fdm partnerem v komunikac\u00edch. Skrze kvalitu slu\u017eeb a hled\u00e1n\u00ed spole\u010dn\u00fdch \u0159e\u0161en\u00ed chceme budovat vedouc\u00ed pozici mezi evropsk\u00fdmi spole\u010dnostmi na komunika\u010dn\u00edm a IT trhu s glob\u00e1ln\u00edm z\u00e1sahem. Reagujeme pru\u017en\u011b na pot\u0159eby na\u0161ich [&hellip;]\" \/>\n<meta property=\"og:url\" content=\"https:\/\/www.comverga.com\/pol\/de\/mise\/\" \/>\n<meta property=\"og:site_name\" content=\"COMVERGA Poland\" \/>\n<meta property=\"og:image\" content=\"https:\/\/www.comverga.com\/pol\/wp-content\/uploads\/sites\/2\/2020\/11\/technologiekomunikacji-1.jpg\" \/>\n\t<meta property=\"og:image:width\" content=\"1920\" \/>\n\t<meta property=\"og:image:height\" content=\"955\" \/>\n\t<meta property=\"og:image:type\" content=\"image\/jpeg\" \/>\n<meta name=\"twitter:card\" content=\"summary_large_image\" \/>\n<meta name=\"twitter:label1\" content=\"Gesch\u00e4tzte Lesezeit\" \/>\n\t<meta name=\"twitter:data1\" content=\"1\u00a0Minute\" \/>\n<script type=\"application\/ld+json\" class=\"yoast-schema-graph\">{\"@context\":\"https:\/\/schema.org\",\"@graph\":[{\"@type\":\"WebPage\",\"@id\":\"https:\/\/www.comverga.com\/pol\/mise\/\",\"url\":\"https:\/\/www.comverga.com\/pol\/mise\/\",\"name\":\"Mise - COMVERGA Poland\",\"isPartOf\":{\"@id\":\"https:\/\/www.comverga.com\/pol\/#website\"},\"datePublished\":\"2020-11-25T14:27:55+00:00\",\"dateModified\":\"2020-11-25T14:27:55+00:00\",\"inLanguage\":\"de\",\"potentialAction\":[{\"@type\":\"ReadAction\",\"target\":[\"https:\/\/www.comverga.com\/pol\/mise\/\"]}]},{\"@type\":\"WebSite\",\"@id\":\"https:\/\/www.comverga.com\/pol\/#website\",\"url\":\"https:\/\/www.comverga.com\/pol\/\",\"name\":\"COMVERGA Poland\",\"description\":\"Comverga Poland\",\"publisher\":{\"@id\":\"https:\/\/www.comverga.com\/pol\/#organization\"},\"potentialAction\":[{\"@type\":\"SearchAction\",\"target\":{\"@type\":\"EntryPoint\",\"urlTemplate\":\"https:\/\/www.comverga.com\/pol\/?s={search_term_string}\"},\"query-input\":\"required name=search_term_string\"}],\"inLanguage\":\"de\"},{\"@type\":\"Organization\",\"@id\":\"https:\/\/www.comverga.com\/pol\/#organization\",\"name\":\"COMVERGA Poland\",\"url\":\"https:\/\/www.comverga.com\/pol\/\",\"logo\":{\"@type\":\"ImageObject\",\"inLanguage\":\"de\",\"@id\":\"https:\/\/www.comverga.com\/pol\/#\/schema\/logo\/image\/\",\"url\":\"https:\/\/www.comverga.com\/pol\/wp-content\/uploads\/sites\/2\/2020\/11\/Comverga_CC.png\",\"contentUrl\":\"https:\/\/www.comverga.com\/pol\/wp-content\/uploads\/sites\/2\/2020\/11\/Comverga_CC.png\",\"width\":800,\"height\":800,\"caption\":\"COMVERGA Poland\"},\"image\":{\"@id\":\"https:\/\/www.comverga.com\/pol\/#\/schema\/logo\/image\/\"}}]}<\/script>\n<!-- \/ Yoast SEO plugin. -->","yoast_head_json":{"title":"Mise - COMVERGA Poland","robots":{"index":"index","follow":"follow","max-snippet":"max-snippet:-1","max-image-preview":"max-image-preview:large","max-video-preview":"max-video-preview:-1"},"canonical":"https:\/\/www.comverga.com\/pol\/de\/mise\/","og_locale":"de_DE","og_type":"article","og_title":"Mise - COMVERGA Poland","og_description":"Jsme stabiln\u00ed rodinn\u00e1 spole\u010dnost, st\u00e1le se rozv\u00edj\u00edme a sledujeme nov\u00e9 trendy, abychom byli vedouc\u00edm dodavatelem modern\u00edch telekomunika\u010dn\u00edch slu\u017eeb. Na\u0161\u00edm c\u00edlem je b\u00fdt pro z\u00e1kazn\u00edka preferovan\u00fdm partnerem v komunikac\u00edch. Skrze kvalitu slu\u017eeb a hled\u00e1n\u00ed spole\u010dn\u00fdch \u0159e\u0161en\u00ed chceme budovat vedouc\u00ed pozici mezi evropsk\u00fdmi spole\u010dnostmi na komunika\u010dn\u00edm a IT trhu s glob\u00e1ln\u00edm z\u00e1sahem. Reagujeme pru\u017en\u011b na pot\u0159eby na\u0161ich [&hellip;]","og_url":"https:\/\/www.comverga.com\/pol\/de\/mise\/","og_site_name":"COMVERGA Poland","og_image":[{"width":1920,"height":955,"url":"https:\/\/www.comverga.com\/pol\/wp-content\/uploads\/sites\/2\/2020\/11\/technologiekomunikacji-1.jpg","type":"image\/jpeg"}],"twitter_card":"summary_large_image","twitter_misc":{"Gesch\u00e4tzte Lesezeit":"1\u00a0Minute"},"schema":{"@context":"https:\/\/schema.org","@graph":[{"@type":"WebPage","@id":"https:\/\/www.comverga.com\/pol\/mise\/","url":"https:\/\/www.comverga.com\/pol\/mise\/","name":"Mise - COMVERGA Poland","isPartOf":{"@id":"https:\/\/www.comverga.com\/pol\/#website"},"datePublished":"2020-11-25T14:27:55+00:00","dateModified":"2020-11-25T14:27:55+00:00","inLanguage":"de","potentialAction":[{"@type":"ReadAction","target":["https:\/\/www.comverga.com\/pol\/mise\/"]}]},{"@type":"WebSite","@id":"https:\/\/www.comverga.com\/pol\/#website","url":"https:\/\/www.comverga.com\/pol\/","name":"COMVERGA Polen","description":"Comverga Polen","publisher":{"@id":"https:\/\/www.comverga.com\/pol\/#organization"},"potentialAction":[{"@type":"SearchAction","target":{"@type":"EntryPoint","urlTemplate":"https:\/\/www.comverga.com\/pol\/?s={search_term_string}"},"query-input":"required name=search_term_string"}],"inLanguage":"de"},{"@type":"Organization","@id":"https:\/\/www.comverga.com\/pol\/#organization","name":"COMVERGA Polen","url":"https:\/\/www.comverga.com\/pol\/","logo":{"@type":"ImageObject","inLanguage":"de","@id":"https:\/\/www.comverga.com\/pol\/#\/schema\/logo\/image\/","url":"https:\/\/www.comverga.com\/pol\/wp-content\/uploads\/sites\/2\/2020\/11\/Comverga_CC.png","contentUrl":"https:\/\/www.comverga.com\/pol\/wp-content\/uploads\/sites\/2\/2020\/11\/Comverga_CC.png","width":800,"height":800,"caption":"COMVERGA Poland"},"image":{"@id":"https:\/\/www.comverga.com\/pol\/#\/schema\/logo\/image\/"}}]}},"_links":{"self":[{"href":"https:\/\/www.comverga.com\/pol\/de\/wp-json\/wp\/v2\/pages\/388"}],"collection":[{"href":"https:\/\/www.comverga.com\/pol\/de\/wp-json\/wp\/v2\/pages"}],"about":[{"href":"https:\/\/www.comverga.com\/pol\/de\/wp-json\/wp\/v2\/types\/page"}],"author":[{"embeddable":true,"href":"https:\/\/www.comverga.com\/pol\/de\/wp-json\/wp\/v2\/users\/1"}],"replies":[{"embeddable":true,"href":"https:\/\/www.comverga.com\/pol\/de\/wp-json\/wp\/v2\/comments?post=388"}],"version-history":[{"count":0,"href":"https:\/\/www.comverga.com\/pol\/de\/wp-json\/wp\/v2\/pages\/388\/revisions"}],"wp:featuredmedia":[{"embeddable":true,"href":"https:\/\/www.comverga.com\/pol\/de\/wp-json\/wp\/v2\/media\/145"}],"wp:attachment":[{"href":"https:\/\/www.comverga.com\/pol\/de\/wp-json\/wp\/v2\/media?parent=388"}],"curies":[{"name":"wp","href":"https:\/\/api.w.org\/{rel}","templated":true}]}}