{"id":396,"date":"2020-11-25T15:29:55","date_gmt":"2020-11-25T14:29:55","guid":{"rendered":"https:\/\/www.comverga.com\/?page_id=396"},"modified":"2021-02-03T15:47:25","modified_gmt":"2021-02-03T14:47:25","slug":"misja","status":"publish","type":"page","link":"https:\/\/www.comverga.com\/pol\/de\/misja\/","title":{"rendered":"Mission"},"content":{"rendered":"<div data-elementor-type=\"wp-page\" data-elementor-id=\"396\" class=\"elementor elementor-396\">\n\t\t\t\t\t\t\t\t\t<section class=\"elementor-section elementor-top-section elementor-element elementor-element-1144c806 elementor-section-stretched elementor-section-boxed elementor-section-height-default elementor-section-height-default\" data-id=\"1144c806\" data-element_type=\"section\" data-settings=\"{&quot;stretch_section&quot;:&quot;section-stretched&quot;,&quot;background_background&quot;:&quot;classic&quot;}\">\n\t\t\t\t\t\t<div class=\"elementor-container elementor-column-gap-default\">\n\t\t\t\t\t<div class=\"elementor-column elementor-col-100 elementor-top-column elementor-element elementor-element-b1cb4ac\" data-id=\"b1cb4ac\" data-element_type=\"column\">\n\t\t\t<div class=\"elementor-widget-wrap elementor-element-populated\">\n\t\t\t\t\t\t\t\t<div class=\"elementor-element elementor-element-19d7b686 elementor-widget elementor-widget-text-editor\" data-id=\"19d7b686\" data-element_type=\"widget\" data-widget_type=\"text-editor.default\">\n\t\t\t\t<div class=\"elementor-widget-container\">\n\t\t\t\t\t\t\t<!-- wp:paragraph -->\n<p>Wir sind ein stabiles Familienunternehmen, das st\u00e4ndig w\u00e4chst und neuen Trends folgt, um ein f\u00fchrender Anbieter von modernen Telekommunikationsdiensten zu sein. Unser Ziel ist es, der vom Kunden bevorzugte Anbieter von IT-Dienstleistungen f\u00fcr Unternehmen zu sein. Durch die Qualit\u00e4t unserer Dienstleistungen und die Suche nach gemeinsamen L\u00f6sungen wollen wir eine f\u00fchrende Position unter den europ\u00e4ischen ICT-Unternehmen mit globaler Reichweite einnehmen.<\/p>\n<!-- \/wp:paragraph -->\n\n<!-- wp:paragraph -->\n<p>Wir gehen flexibel auf die Bed\u00fcrfnisse unserer Kunden ein und bieten ihnen kosten- und funktionsoptimierte L\u00f6sungen. Wir wollen ein Partner sein, der die Arbeit erleichtert, die Abl\u00e4ufe im Unternehmen verbessert und die Entwicklung neuer Gesch\u00e4ftsmodelle erm\u00f6glicht, indem er die fortschrittlichsten Technologien und L\u00f6sungen einsetzt. Wir legen h\u00f6chsten Wert auf den ethischen Aspekt der Gesch\u00e4ftst\u00e4tigkeit, mit besonderem Augenmerk auf den Respekt vor dem Gegen\u00fcber - ob Kunde, Partner oder Dienstleister.<\/p>\n<!-- \/wp:paragraph -->\t\t\t\t\t\t<\/div>\n\t\t\t\t<\/div>\n\t\t\t\t\t<\/div>\n\t\t<\/div>\n\t\t\t\t\t\t\t<\/div>\n\t\t<\/section>\n\t\t\t\t\t\t\t<\/div>","protected":false},"excerpt":{"rendered":"<p>Wir sind ein stabiles Familienunternehmen, das st\u00e4ndig w\u00e4chst und neuen Trends folgt, um ein f\u00fchrender Anbieter von modernen Telekommunikationsdiensten zu sein. Unser Ziel ist es, der von unseren Kunden bevorzugte Anbieter von IT-Dienstleistungen f\u00fcr Unternehmen zu sein. Durch die Qualit\u00e4t unserer Dienstleistungen und die Suche nach gemeinsamen L\u00f6sungen wollen wir eine f\u00fchrende Position unter den europ\u00e4ischen ICT-Unternehmen mit globaler Reichweite einnehmen. Wir reagieren flexibel auf die Bed\u00fcrfnisse der [...]<\/p>","protected":false},"author":1,"featured_media":145,"parent":0,"menu_order":0,"comment_status":"closed","ping_status":"closed","template":"","meta":{"footnotes":""},"yoast_head":"<!-- This site is optimized with the Yoast SEO plugin v21.6 - https:\/\/yoast.com\/wordpress\/plugins\/seo\/ -->\n<title>Misja - COMVERGA Poland<\/title>\n<meta name=\"robots\" content=\"index, follow, max-snippet:-1, max-image-preview:large, max-video-preview:-1\" \/>\n<link rel=\"canonical\" href=\"https:\/\/www.comverga.com\/pol\/de\/misja\/\" \/>\n<meta property=\"og:locale\" content=\"de_DE\" \/>\n<meta property=\"og:type\" content=\"article\" \/>\n<meta property=\"og:title\" content=\"Misja - COMVERGA Poland\" \/>\n<meta property=\"og:description\" content=\"Jeste\u015bmy stabiln\u0105 firm\u0105 rodzinn\u0105, stale si\u0119 rozwijamy i \u015bledzimy nowe trendy, aby by\u0107 wiod\u0105cym dostawc\u0105 nowoczesnych us\u0142ug telekomunikacyjnych. D\u0105\u017ceniem naszej firmy jest by\u0107 preferowan\u0105 przez klienta firm\u0105, \u015bwiadcz\u0105c\u0105 us\u0142ugi informatyczne dla biznesu. Poprzez jako\u015b\u0107 obs\u0142ugi oraz poszukiwanie wsp\u00f3lnych rozwi\u0105za\u0144 chcemy budowa\u0107 pozycj\u0119 lidera w\u015br\u00f3d europejskich przedsi\u0119biorstw bran\u017cy teleinformatycznej o zasi\u0119gu globalnym. Elastycznie reagujemy na potrzeby [&hellip;]\" \/>\n<meta property=\"og:url\" content=\"https:\/\/www.comverga.com\/pol\/de\/misja\/\" \/>\n<meta property=\"og:site_name\" content=\"COMVERGA Poland\" \/>\n<meta property=\"article:modified_time\" content=\"2021-02-03T14:47:25+00:00\" \/>\n<meta property=\"og:image\" content=\"https:\/\/www.comverga.com\/pol\/wp-content\/uploads\/sites\/2\/2020\/11\/technologiekomunikacji-1.jpg\" \/>\n\t<meta property=\"og:image:width\" content=\"1920\" \/>\n\t<meta property=\"og:image:height\" content=\"955\" \/>\n\t<meta property=\"og:image:type\" content=\"image\/jpeg\" \/>\n<meta name=\"twitter:card\" content=\"summary_large_image\" \/>\n<meta name=\"twitter:label1\" content=\"Gesch\u00e4tzte Lesezeit\" \/>\n\t<meta name=\"twitter:data1\" content=\"1\u00a0Minute\" \/>\n<script type=\"application\/ld+json\" class=\"yoast-schema-graph\">{\"@context\":\"https:\/\/schema.org\",\"@graph\":[{\"@type\":\"WebPage\",\"@id\":\"https:\/\/www.comverga.com\/pol\/misja\/\",\"url\":\"https:\/\/www.comverga.com\/pol\/misja\/\",\"name\":\"Misja - COMVERGA Poland\",\"isPartOf\":{\"@id\":\"https:\/\/www.comverga.com\/pol\/#website\"},\"datePublished\":\"2020-11-25T14:29:55+00:00\",\"dateModified\":\"2021-02-03T14:47:25+00:00\",\"inLanguage\":\"de\",\"potentialAction\":[{\"@type\":\"ReadAction\",\"target\":[\"https:\/\/www.comverga.com\/pol\/misja\/\"]}]},{\"@type\":\"WebSite\",\"@id\":\"https:\/\/www.comverga.com\/pol\/#website\",\"url\":\"https:\/\/www.comverga.com\/pol\/\",\"name\":\"COMVERGA Poland\",\"description\":\"Comverga Poland\",\"publisher\":{\"@id\":\"https:\/\/www.comverga.com\/pol\/#organization\"},\"potentialAction\":[{\"@type\":\"SearchAction\",\"target\":{\"@type\":\"EntryPoint\",\"urlTemplate\":\"https:\/\/www.comverga.com\/pol\/?s={search_term_string}\"},\"query-input\":\"required name=search_term_string\"}],\"inLanguage\":\"de\"},{\"@type\":\"Organization\",\"@id\":\"https:\/\/www.comverga.com\/pol\/#organization\",\"name\":\"COMVERGA Poland\",\"url\":\"https:\/\/www.comverga.com\/pol\/\",\"logo\":{\"@type\":\"ImageObject\",\"inLanguage\":\"de\",\"@id\":\"https:\/\/www.comverga.com\/pol\/#\/schema\/logo\/image\/\",\"url\":\"https:\/\/www.comverga.com\/pol\/wp-content\/uploads\/sites\/2\/2020\/11\/Comverga_CC.png\",\"contentUrl\":\"https:\/\/www.comverga.com\/pol\/wp-content\/uploads\/sites\/2\/2020\/11\/Comverga_CC.png\",\"width\":800,\"height\":800,\"caption\":\"COMVERGA Poland\"},\"image\":{\"@id\":\"https:\/\/www.comverga.com\/pol\/#\/schema\/logo\/image\/\"}}]}<\/script>\n<!-- \/ Yoast SEO plugin. -->","yoast_head_json":{"title":"Misja - COMVERGA Poland","robots":{"index":"index","follow":"follow","max-snippet":"max-snippet:-1","max-image-preview":"max-image-preview:large","max-video-preview":"max-video-preview:-1"},"canonical":"https:\/\/www.comverga.com\/pol\/de\/misja\/","og_locale":"de_DE","og_type":"article","og_title":"Misja - COMVERGA Poland","og_description":"Jeste\u015bmy stabiln\u0105 firm\u0105 rodzinn\u0105, stale si\u0119 rozwijamy i \u015bledzimy nowe trendy, aby by\u0107 wiod\u0105cym dostawc\u0105 nowoczesnych us\u0142ug telekomunikacyjnych. D\u0105\u017ceniem naszej firmy jest by\u0107 preferowan\u0105 przez klienta firm\u0105, \u015bwiadcz\u0105c\u0105 us\u0142ugi informatyczne dla biznesu. Poprzez jako\u015b\u0107 obs\u0142ugi oraz poszukiwanie wsp\u00f3lnych rozwi\u0105za\u0144 chcemy budowa\u0107 pozycj\u0119 lidera w\u015br\u00f3d europejskich przedsi\u0119biorstw bran\u017cy teleinformatycznej o zasi\u0119gu globalnym. Elastycznie reagujemy na potrzeby [&hellip;]","og_url":"https:\/\/www.comverga.com\/pol\/de\/misja\/","og_site_name":"COMVERGA Poland","article_modified_time":"2021-02-03T14:47:25+00:00","og_image":[{"width":1920,"height":955,"url":"https:\/\/www.comverga.com\/pol\/wp-content\/uploads\/sites\/2\/2020\/11\/technologiekomunikacji-1.jpg","type":"image\/jpeg"}],"twitter_card":"summary_large_image","twitter_misc":{"Gesch\u00e4tzte Lesezeit":"1\u00a0Minute"},"schema":{"@context":"https:\/\/schema.org","@graph":[{"@type":"WebPage","@id":"https:\/\/www.comverga.com\/pol\/misja\/","url":"https:\/\/www.comverga.com\/pol\/misja\/","name":"Misja - COMVERGA Poland","isPartOf":{"@id":"https:\/\/www.comverga.com\/pol\/#website"},"datePublished":"2020-11-25T14:29:55+00:00","dateModified":"2021-02-03T14:47:25+00:00","inLanguage":"de","potentialAction":[{"@type":"ReadAction","target":["https:\/\/www.comverga.com\/pol\/misja\/"]}]},{"@type":"WebSite","@id":"https:\/\/www.comverga.com\/pol\/#website","url":"https:\/\/www.comverga.com\/pol\/","name":"COMVERGA Polen","description":"Comverga Polen","publisher":{"@id":"https:\/\/www.comverga.com\/pol\/#organization"},"potentialAction":[{"@type":"SearchAction","target":{"@type":"EntryPoint","urlTemplate":"https:\/\/www.comverga.com\/pol\/?s={search_term_string}"},"query-input":"required name=search_term_string"}],"inLanguage":"de"},{"@type":"Organization","@id":"https:\/\/www.comverga.com\/pol\/#organization","name":"COMVERGA Polen","url":"https:\/\/www.comverga.com\/pol\/","logo":{"@type":"ImageObject","inLanguage":"de","@id":"https:\/\/www.comverga.com\/pol\/#\/schema\/logo\/image\/","url":"https:\/\/www.comverga.com\/pol\/wp-content\/uploads\/sites\/2\/2020\/11\/Comverga_CC.png","contentUrl":"https:\/\/www.comverga.com\/pol\/wp-content\/uploads\/sites\/2\/2020\/11\/Comverga_CC.png","width":800,"height":800,"caption":"COMVERGA Poland"},"image":{"@id":"https:\/\/www.comverga.com\/pol\/#\/schema\/logo\/image\/"}}]}},"_links":{"self":[{"href":"https:\/\/www.comverga.com\/pol\/de\/wp-json\/wp\/v2\/pages\/396"}],"collection":[{"href":"https:\/\/www.comverga.com\/pol\/de\/wp-json\/wp\/v2\/pages"}],"about":[{"href":"https:\/\/www.comverga.com\/pol\/de\/wp-json\/wp\/v2\/types\/page"}],"author":[{"embeddable":true,"href":"https:\/\/www.comverga.com\/pol\/de\/wp-json\/wp\/v2\/users\/1"}],"replies":[{"embeddable":true,"href":"https:\/\/www.comverga.com\/pol\/de\/wp-json\/wp\/v2\/comments?post=396"}],"version-history":[{"count":3,"href":"https:\/\/www.comverga.com\/pol\/de\/wp-json\/wp\/v2\/pages\/396\/revisions"}],"predecessor-version":[{"id":1963,"href":"https:\/\/www.comverga.com\/pol\/de\/wp-json\/wp\/v2\/pages\/396\/revisions\/1963"}],"wp:featuredmedia":[{"embeddable":true,"href":"https:\/\/www.comverga.com\/pol\/de\/wp-json\/wp\/v2\/media\/145"}],"wp:attachment":[{"href":"https:\/\/www.comverga.com\/pol\/de\/wp-json\/wp\/v2\/media?parent=396"}],"curies":[{"name":"wp","href":"https:\/\/api.w.org\/{rel}","templated":true}]}}