{"id":478,"date":"2020-11-26T11:57:27","date_gmt":"2020-11-26T10:57:27","guid":{"rendered":"https:\/\/www.comverga.com\/?page_id=478"},"modified":"2021-02-02T21:00:14","modified_gmt":"2021-02-02T20:00:14","slug":"aplikacje-mobilne","status":"publish","type":"page","link":"https:\/\/www.comverga.com\/pol\/de\/uslugi\/rozzwiazania\/aplikacje-mobilne\/","title":{"rendered":"Mobile Anwendungen"},"content":{"rendered":"<div data-elementor-type=\"wp-page\" data-elementor-id=\"478\" class=\"elementor elementor-478\">\n\t\t\t\t\t\t\t\t\t<section class=\"elementor-section elementor-top-section elementor-element elementor-element-2067f28b elementor-section-stretched elementor-section-content-middle elementor-section-boxed elementor-section-height-default elementor-section-height-default\" data-id=\"2067f28b\" data-element_type=\"section\" data-settings=\"{&quot;stretch_section&quot;:&quot;section-stretched&quot;,&quot;background_background&quot;:&quot;classic&quot;}\">\n\t\t\t\t\t\t<div class=\"elementor-container elementor-column-gap-default\">\n\t\t\t\t\t<div class=\"elementor-column elementor-col-50 elementor-top-column elementor-element elementor-element-25f2d5f3\" data-id=\"25f2d5f3\" data-element_type=\"column\">\n\t\t\t<div class=\"elementor-widget-wrap elementor-element-populated\">\n\t\t\t\t\t\t\t\t<div class=\"elementor-element elementor-element-498a8f3 elementor-widget elementor-widget-image\" data-id=\"498a8f3\" data-element_type=\"widget\" data-widget_type=\"image.default\">\n\t\t\t\t<div class=\"elementor-widget-container\">\n\t\t\t\t\t\t\t\t\t\t\t\t\t\t\t<img fetchpriority=\"high\" decoding=\"async\" width=\"500\" height=\"450\" src=\"https:\/\/www.comverga.com\/pol\/wp-content\/uploads\/sites\/2\/2021\/02\/apka_ilutracja.png\" class=\"attachment-medium_large size-medium_large wp-image-1894\" alt=\"\" srcset=\"https:\/\/www.comverga.com\/pol\/wp-content\/uploads\/sites\/2\/2021\/02\/apka_ilutracja.png 500w, https:\/\/www.comverga.com\/pol\/wp-content\/uploads\/sites\/2\/2021\/02\/apka_ilutracja-300x270.png 300w\" sizes=\"(max-width: 500px) 100vw, 500px\" \/>\t\t\t\t\t\t\t\t\t\t\t\t\t\t\t<\/div>\n\t\t\t\t<\/div>\n\t\t\t\t\t<\/div>\n\t\t<\/div>\n\t\t\t\t<div class=\"elementor-column elementor-col-50 elementor-top-column elementor-element elementor-element-adc2324\" data-id=\"adc2324\" data-element_type=\"column\">\n\t\t\t<div class=\"elementor-widget-wrap elementor-element-populated\">\n\t\t\t\t\t\t\t\t<div class=\"elementor-element elementor-element-82776ea elementor-widget elementor-widget-text-editor\" data-id=\"82776ea\" data-element_type=\"widget\" data-widget_type=\"text-editor.default\">\n\t\t\t\t<div class=\"elementor-widget-container\">\n\t\t\t\t\t\t\t<p><!-- wp:paragraph --><\/p>\n<p>Auf dem Weltmarkt erscheinen st\u00e4ndig neue mobile Apps f\u00fcr Unternehmen - ihre Zahl geht in die Millionen! Die heutigen Smartphones unterst\u00fctzen Dutzende von ihnen, von denen jede f\u00fcr etwas anderes verwendet werden kann: zur Unterhaltung, zum Buchen eines Restaurants, zum Anzeigen von Fotos oder zur Kommunikation. Wir konzentrieren uns jedoch auf L\u00f6sungen, die speziell f\u00fcr Unternehmen entwickelt wurden, um ihre Arbeit besser zu organisieren, die Kosten zu senken, einen besseren Kontakt zu den Kunden herzustellen oder schnellere Gewinne zu erzielen.<\/p>\n<p><!-- \/wp:paragraph --><!-- wp:paragraph --><\/p>\n<p>Leider werden die Kosten f\u00fcr die Erstellung eines neuen Systems in Wochen der Programmierung, Pr\u00fcfung und Ver\u00f6ffentlichung gemessen. Je nach Komplexit\u00e4t des Systems bedeutet dies oft eine erhebliche Investition.<\/p>\n<p><!-- \/wp:paragraph --><!-- wp:paragraph --><\/p>\n<p>Deshalb haben wir Tools entwickelt, die eine schnelle und effiziente Programmierung von mobilen Anwendungen f\u00fcr Unternehmen erm\u00f6glichen. Die von uns angebotenen Unternehmensl\u00f6sungen werden als Kommunikator zu einem sehr attraktiven Preis zur Verf\u00fcgung gestellt. Unsere Dienstleistungen werden derzeit von bekannten und angesehenen Unternehmen genutzt, darunter auch von globalen Konzernen und \u00f6ffentlichen Einrichtungen.<\/p>\n<p><!-- \/wp:paragraph --><!-- wp:heading \/--><\/p>\t\t\t\t\t\t<\/div>\n\t\t\t\t<\/div>\n\t\t\t\t\t<\/div>\n\t\t<\/div>\n\t\t\t\t\t\t\t<\/div>\n\t\t<\/section>\n\t\t\t\t<section class=\"elementor-section elementor-top-section elementor-element elementor-element-1e550e7 elementor-section-content-middle elementor-section-stretched elementor-section-boxed elementor-section-height-default elementor-section-height-default\" data-id=\"1e550e7\" data-element_type=\"section\" data-settings=\"{&quot;stretch_section&quot;:&quot;section-stretched&quot;,&quot;background_background&quot;:&quot;classic&quot;}\">\n\t\t\t\t\t\t<div class=\"elementor-container elementor-column-gap-default\">\n\t\t\t\t\t<div class=\"elementor-column elementor-col-50 elementor-top-column elementor-element elementor-element-de88aee\" data-id=\"de88aee\" data-element_type=\"column\">\n\t\t\t<div class=\"elementor-widget-wrap elementor-element-populated\">\n\t\t\t\t\t\t\t\t<div class=\"elementor-element elementor-element-7b14614 elementor-widget elementor-widget-heading\" data-id=\"7b14614\" data-element_type=\"widget\" data-widget_type=\"heading.default\">\n\t\t\t\t<div class=\"elementor-widget-container\">\n\t\t\t<h2 class=\"elementor-heading-title elementor-size-default\">Personalisierung von Anwendungen<\/h2>\t\t<\/div>\n\t\t\t\t<\/div>\n\t\t\t\t<div class=\"elementor-element elementor-element-f252875 elementor-widget-divider--view-line elementor-widget elementor-widget-divider\" data-id=\"f252875\" data-element_type=\"widget\" data-widget_type=\"divider.default\">\n\t\t\t\t<div class=\"elementor-widget-container\">\n\t\t\t\t\t<div class=\"elementor-divider\">\n\t\t\t<span class=\"elementor-divider-separator\">\n\t\t\t\t\t\t<\/span>\n\t\t<\/div>\n\t\t\t\t<\/div>\n\t\t\t\t<\/div>\n\t\t\t\t<div class=\"elementor-element elementor-element-fe70c09 elementor-widget elementor-widget-text-editor\" data-id=\"fe70c09\" data-element_type=\"widget\" data-widget_type=\"text-editor.default\">\n\t\t\t\t<div class=\"elementor-widget-container\">\n\t\t\t\t\t\t\t<p>Unser Communicator basiert auf einem einheitlichen Rahmen, der eine schnelle und effiziente Entwicklung der Anwendung erm\u00f6glicht. Dennoch kann jede Anwendung ihren individuellen Charakter behalten, indem eine Reihe von visuellen Elementen personalisiert wird. Daher werden die einzelnen Designelemente, das Farbschema, die Kontaktdaten und die Formulare f\u00fcr R\u00fcckmeldungen f\u00fcr jede Anwendung separat nach den Vorgaben des Kunden gestaltet.<\/p>\n<p><!-- \/wp:paragraph --><!-- wp:paragraph --><\/p>\n<p>Das Gleiche gilt f\u00fcr die Nutzungsbedingungen und die Newsfeeds - jeder App-Nutzer entscheidet selbst, welche Inhalte er vom Sender erhalten m\u00f6chte.<\/p>\t\t\t\t\t\t<\/div>\n\t\t\t\t<\/div>\n\t\t\t\t\t<\/div>\n\t\t<\/div>\n\t\t\t\t<div class=\"elementor-column elementor-col-50 elementor-top-column elementor-element elementor-element-85af45e\" data-id=\"85af45e\" data-element_type=\"column\">\n\t\t\t<div class=\"elementor-widget-wrap elementor-element-populated\">\n\t\t\t\t\t\t\t\t<div class=\"elementor-element elementor-element-87eb9ae elementor-widget elementor-widget-image\" data-id=\"87eb9ae\" data-element_type=\"widget\" data-widget_type=\"image.default\">\n\t\t\t\t<div class=\"elementor-widget-container\">\n\t\t\t\t\t\t\t\t\t\t\t\t\t\t\t<img decoding=\"async\" width=\"580\" height=\"464\" src=\"https:\/\/www.comverga.com\/pol\/wp-content\/uploads\/sites\/2\/2021\/02\/komunikator-1-768x614.png\" class=\"attachment-medium_large size-medium_large wp-image-1906\" alt=\"\" srcset=\"https:\/\/www.comverga.com\/pol\/wp-content\/uploads\/sites\/2\/2021\/02\/komunikator-1-768x614.png 768w, https:\/\/www.comverga.com\/pol\/wp-content\/uploads\/sites\/2\/2021\/02\/komunikator-1-300x240.png 300w, https:\/\/www.comverga.com\/pol\/wp-content\/uploads\/sites\/2\/2021\/02\/komunikator-1.png 1000w\" sizes=\"(max-width: 580px) 100vw, 580px\" \/>\t\t\t\t\t\t\t\t\t\t\t\t\t\t\t<\/div>\n\t\t\t\t<\/div>\n\t\t\t\t\t<\/div>\n\t\t<\/div>\n\t\t\t\t\t\t\t<\/div>\n\t\t<\/section>\n\t\t\t\t<section class=\"elementor-section elementor-top-section elementor-element elementor-element-1eddd23 elementor-section-content-middle elementor-section-stretched elementor-section-boxed elementor-section-height-default elementor-section-height-default\" data-id=\"1eddd23\" data-element_type=\"section\" data-settings=\"{&quot;stretch_section&quot;:&quot;section-stretched&quot;,&quot;background_background&quot;:&quot;classic&quot;}\">\n\t\t\t\t\t\t<div class=\"elementor-container elementor-column-gap-default\">\n\t\t\t\t\t<div class=\"elementor-column elementor-col-50 elementor-top-column elementor-element elementor-element-827a152\" data-id=\"827a152\" data-element_type=\"column\">\n\t\t\t<div class=\"elementor-widget-wrap elementor-element-populated\">\n\t\t\t\t\t\t\t\t<div class=\"elementor-element elementor-element-2172c72 elementor-widget elementor-widget-image\" data-id=\"2172c72\" data-element_type=\"widget\" data-widget_type=\"image.default\">\n\t\t\t\t<div class=\"elementor-widget-container\">\n\t\t\t\t\t\t\t\t\t\t\t\t\t\t\t<img decoding=\"async\" width=\"580\" height=\"387\" src=\"https:\/\/www.comverga.com\/pol\/wp-content\/uploads\/sites\/2\/2021\/01\/mprofi-768x512.jpg\" class=\"attachment-medium_large size-medium_large wp-image-1114\" alt=\"\" srcset=\"https:\/\/www.comverga.com\/pol\/wp-content\/uploads\/sites\/2\/2021\/01\/mprofi-768x512.jpg 768w, https:\/\/www.comverga.com\/pol\/wp-content\/uploads\/sites\/2\/2021\/01\/mprofi-300x200.jpg 300w, https:\/\/www.comverga.com\/pol\/wp-content\/uploads\/sites\/2\/2021\/01\/mprofi.jpg 800w\" sizes=\"(max-width: 580px) 100vw, 580px\" \/>\t\t\t\t\t\t\t\t\t\t\t\t\t\t\t<\/div>\n\t\t\t\t<\/div>\n\t\t\t\t\t<\/div>\n\t\t<\/div>\n\t\t\t\t<div class=\"elementor-column elementor-col-50 elementor-top-column elementor-element elementor-element-0173020\" data-id=\"0173020\" data-element_type=\"column\">\n\t\t\t<div class=\"elementor-widget-wrap elementor-element-populated\">\n\t\t\t\t\t\t\t\t<div class=\"elementor-element elementor-element-3e90422 elementor-widget elementor-widget-heading\" data-id=\"3e90422\" data-element_type=\"widget\" data-widget_type=\"heading.default\">\n\t\t\t\t<div class=\"elementor-widget-container\">\n\t\t\t<h2 class=\"elementor-heading-title elementor-size-default\">Kommunikation in beide Richtungen<\/h2>\t\t<\/div>\n\t\t\t\t<\/div>\n\t\t\t\t<div class=\"elementor-element elementor-element-74eaa76 elementor-widget-divider--view-line elementor-widget elementor-widget-divider\" data-id=\"74eaa76\" data-element_type=\"widget\" data-widget_type=\"divider.default\">\n\t\t\t\t<div class=\"elementor-widget-container\">\n\t\t\t\t\t<div class=\"elementor-divider\">\n\t\t\t<span class=\"elementor-divider-separator\">\n\t\t\t\t\t\t<\/span>\n\t\t<\/div>\n\t\t\t\t<\/div>\n\t\t\t\t<\/div>\n\t\t\t\t<div class=\"elementor-element elementor-element-25afbe7 elementor-widget elementor-widget-text-editor\" data-id=\"25afbe7\" data-element_type=\"widget\" data-widget_type=\"text-editor.default\">\n\t\t\t\t<div class=\"elementor-widget-container\">\n\t\t\t\t\t\t\t<p>Wir nennen unsere Anwendung COMMUNICATOR, weil sie f\u00fcr den wechselseitigen Austausch von Inhalten zwischen dem Administrator und den Empf\u00e4ngern verwendet wird. Ein typisches Beispiel hierf\u00fcr ist die Beziehung zwischen STADTRAT und B\u00dcRGERN, oder GEMEINDE-BESUCHERN, oder UNTERNEHMENS-Mitarbeitern oder VERTRIEBSKUNDEN. In all diesen Umgebungen ist eine effektive, schnelle und kosteng\u00fcnstige Kommunikation unerl\u00e4sslich. Es gibt Tausende von einmin\u00fctigen Nachrichten, die zu verschicken sind.<\/p>\t\t\t\t\t\t<\/div>\n\t\t\t\t<\/div>\n\t\t\t\t\t<\/div>\n\t\t<\/div>\n\t\t\t\t\t\t\t<\/div>\n\t\t<\/section>\n\t\t\t\t\t\t\t<\/div>","protected":false},"excerpt":{"rendered":"<p>Auf dem Weltmarkt erscheinen st\u00e4ndig neue mobile Apps f\u00fcr Unternehmen - ihre Zahl geht in die Millionen! Die heutigen Smartphones unterst\u00fctzen Dutzende von ihnen, von denen jede f\u00fcr etwas anderes verwendet werden kann: zur Unterhaltung, zum Buchen eines Restaurants, zum Anzeigen von Fotos oder zur Kommunikation. Wir konzentrieren uns jedoch auf L\u00f6sungen, die speziell f\u00fcr Unternehmen entwickelt wurden und auf eine bessere Arbeitsorganisation abzielen, [...].<\/p>","protected":false},"author":1,"featured_media":144,"parent":249,"menu_order":0,"comment_status":"closed","ping_status":"closed","template":"","meta":{"footnotes":""},"yoast_head":"<!-- This site is optimized with the Yoast SEO plugin v21.6 - https:\/\/yoast.com\/wordpress\/plugins\/seo\/ -->\n<title>Aplikacje mobilne - COMVERGA Poland<\/title>\n<meta name=\"robots\" content=\"index, follow, max-snippet:-1, max-image-preview:large, max-video-preview:-1\" \/>\n<link rel=\"canonical\" href=\"https:\/\/www.comverga.com\/pol\/de\/uslugi\/rozzwiazania\/aplikacje-mobilne\/\" \/>\n<meta property=\"og:locale\" content=\"de_DE\" \/>\n<meta property=\"og:type\" content=\"article\" \/>\n<meta property=\"og:title\" content=\"Aplikacje mobilne - COMVERGA Poland\" \/>\n<meta property=\"og:description\" content=\"Na \u015bwiatowym rynku stale pojawiaj\u0105 si\u0119 nowe aplikacje mobilne dla biznesu \u2013 ich liczba mierzona jest w milionach! Wsp\u00f3\u0142czesne smartfony obs\u0142uguj\u0105 ich dziesi\u0105tki, ka\u017cda mo\u017ce s\u0142u\u017cy\u0107 do czego\u015b innego: do zabawy, do rezerwacji restauracji, do przegl\u0105dania zdj\u0119\u0107, czy do komunikacji. My skupiamy si\u0119 jednak na rozwi\u0105zaniach stworzonych specjalnie dla firm, maj\u0105cych celu lepsz\u0105 organizacj\u0119 pracy, [&hellip;]\" \/>\n<meta property=\"og:url\" content=\"https:\/\/www.comverga.com\/pol\/de\/uslugi\/rozzwiazania\/aplikacje-mobilne\/\" \/>\n<meta property=\"og:site_name\" content=\"COMVERGA Poland\" \/>\n<meta property=\"article:modified_time\" content=\"2021-02-02T20:00:14+00:00\" \/>\n<meta property=\"og:image\" content=\"https:\/\/www.comverga.com\/pol\/wp-content\/uploads\/sites\/2\/2020\/11\/sprawdzanie-numerow-1-1.jpg\" \/>\n\t<meta property=\"og:image:width\" content=\"1920\" \/>\n\t<meta property=\"og:image:height\" content=\"620\" \/>\n\t<meta property=\"og:image:type\" content=\"image\/jpeg\" \/>\n<meta name=\"twitter:card\" content=\"summary_large_image\" \/>\n<meta name=\"twitter:label1\" content=\"Gesch\u00e4tzte Lesezeit\" \/>\n\t<meta name=\"twitter:data1\" content=\"2\u00a0Minuten\" \/>\n<script type=\"application\/ld+json\" class=\"yoast-schema-graph\">{\"@context\":\"https:\/\/schema.org\",\"@graph\":[{\"@type\":\"WebPage\",\"@id\":\"https:\/\/www.comverga.com\/pol\/uslugi\/rozzwiazania\/aplikacje-mobilne\/\",\"url\":\"https:\/\/www.comverga.com\/pol\/uslugi\/rozzwiazania\/aplikacje-mobilne\/\",\"name\":\"Aplikacje mobilne - COMVERGA Poland\",\"isPartOf\":{\"@id\":\"https:\/\/www.comverga.com\/pol\/#website\"},\"datePublished\":\"2020-11-26T10:57:27+00:00\",\"dateModified\":\"2021-02-02T20:00:14+00:00\",\"breadcrumb\":{\"@id\":\"https:\/\/www.comverga.com\/pol\/uslugi\/rozzwiazania\/aplikacje-mobilne\/#breadcrumb\"},\"inLanguage\":\"de\",\"potentialAction\":[{\"@type\":\"ReadAction\",\"target\":[\"https:\/\/www.comverga.com\/pol\/uslugi\/rozzwiazania\/aplikacje-mobilne\/\"]}]},{\"@type\":\"BreadcrumbList\",\"@id\":\"https:\/\/www.comverga.com\/pol\/uslugi\/rozzwiazania\/aplikacje-mobilne\/#breadcrumb\",\"itemListElement\":[{\"@type\":\"ListItem\",\"position\":1,\"name\":\"Us\u0142ugi\",\"item\":\"https:\/\/www.comverga.com\/pol\/uslugi\/\"},{\"@type\":\"ListItem\",\"position\":2,\"name\":\"Rozwi\u0105zania informatyczne i telekomunikacyjne\",\"item\":\"https:\/\/www.comverga.com\/pol\/uslugi\/rozzwiazania\/\"},{\"@type\":\"ListItem\",\"position\":3,\"name\":\"Aplikacje mobilne\"}]},{\"@type\":\"WebSite\",\"@id\":\"https:\/\/www.comverga.com\/pol\/#website\",\"url\":\"https:\/\/www.comverga.com\/pol\/\",\"name\":\"COMVERGA Poland\",\"description\":\"Comverga Poland\",\"publisher\":{\"@id\":\"https:\/\/www.comverga.com\/pol\/#organization\"},\"potentialAction\":[{\"@type\":\"SearchAction\",\"target\":{\"@type\":\"EntryPoint\",\"urlTemplate\":\"https:\/\/www.comverga.com\/pol\/?s={search_term_string}\"},\"query-input\":\"required name=search_term_string\"}],\"inLanguage\":\"de\"},{\"@type\":\"Organization\",\"@id\":\"https:\/\/www.comverga.com\/pol\/#organization\",\"name\":\"COMVERGA Poland\",\"url\":\"https:\/\/www.comverga.com\/pol\/\",\"logo\":{\"@type\":\"ImageObject\",\"inLanguage\":\"de\",\"@id\":\"https:\/\/www.comverga.com\/pol\/#\/schema\/logo\/image\/\",\"url\":\"https:\/\/www.comverga.com\/pol\/wp-content\/uploads\/sites\/2\/2020\/11\/Comverga_CC.png\",\"contentUrl\":\"https:\/\/www.comverga.com\/pol\/wp-content\/uploads\/sites\/2\/2020\/11\/Comverga_CC.png\",\"width\":800,\"height\":800,\"caption\":\"COMVERGA Poland\"},\"image\":{\"@id\":\"https:\/\/www.comverga.com\/pol\/#\/schema\/logo\/image\/\"}}]}<\/script>\n<!-- \/ Yoast SEO plugin. -->","yoast_head_json":{"title":"Mobile Anwendungen - COMVERGA Polen","robots":{"index":"index","follow":"follow","max-snippet":"max-snippet:-1","max-image-preview":"max-image-preview:large","max-video-preview":"max-video-preview:-1"},"canonical":"https:\/\/www.comverga.com\/pol\/de\/uslugi\/rozzwiazania\/aplikacje-mobilne\/","og_locale":"de_DE","og_type":"article","og_title":"Aplikacje mobilne - COMVERGA Poland","og_description":"Na \u015bwiatowym rynku stale pojawiaj\u0105 si\u0119 nowe aplikacje mobilne dla biznesu \u2013 ich liczba mierzona jest w milionach! Wsp\u00f3\u0142czesne smartfony obs\u0142uguj\u0105 ich dziesi\u0105tki, ka\u017cda mo\u017ce s\u0142u\u017cy\u0107 do czego\u015b innego: do zabawy, do rezerwacji restauracji, do przegl\u0105dania zdj\u0119\u0107, czy do komunikacji. My skupiamy si\u0119 jednak na rozwi\u0105zaniach stworzonych specjalnie dla firm, maj\u0105cych celu lepsz\u0105 organizacj\u0119 pracy, [&hellip;]","og_url":"https:\/\/www.comverga.com\/pol\/de\/uslugi\/rozzwiazania\/aplikacje-mobilne\/","og_site_name":"COMVERGA Poland","article_modified_time":"2021-02-02T20:00:14+00:00","og_image":[{"width":1920,"height":620,"url":"https:\/\/www.comverga.com\/pol\/wp-content\/uploads\/sites\/2\/2020\/11\/sprawdzanie-numerow-1-1.jpg","type":"image\/jpeg"}],"twitter_card":"summary_large_image","twitter_misc":{"Gesch\u00e4tzte Lesezeit":"2\u00a0Minuten"},"schema":{"@context":"https:\/\/schema.org","@graph":[{"@type":"WebPage","@id":"https:\/\/www.comverga.com\/pol\/uslugi\/rozzwiazania\/aplikacje-mobilne\/","url":"https:\/\/www.comverga.com\/pol\/uslugi\/rozzwiazania\/aplikacje-mobilne\/","name":"Mobile Anwendungen - COMVERGA Polen","isPartOf":{"@id":"https:\/\/www.comverga.com\/pol\/#website"},"datePublished":"2020-11-26T10:57:27+00:00","dateModified":"2021-02-02T20:00:14+00:00","breadcrumb":{"@id":"https:\/\/www.comverga.com\/pol\/uslugi\/rozzwiazania\/aplikacje-mobilne\/#breadcrumb"},"inLanguage":"de","potentialAction":[{"@type":"ReadAction","target":["https:\/\/www.comverga.com\/pol\/uslugi\/rozzwiazania\/aplikacje-mobilne\/"]}]},{"@type":"BreadcrumbList","@id":"https:\/\/www.comverga.com\/pol\/uslugi\/rozzwiazania\/aplikacje-mobilne\/#breadcrumb","itemListElement":[{"@type":"ListItem","position":1,"name":"Us\u0142ugi","item":"https:\/\/www.comverga.com\/pol\/uslugi\/"},{"@type":"ListItem","position":2,"name":"Rozwi\u0105zania informatyczne i telekomunikacyjne","item":"https:\/\/www.comverga.com\/pol\/uslugi\/rozzwiazania\/"},{"@type":"ListItem","position":3,"name":"Aplikacje mobilne"}]},{"@type":"WebSite","@id":"https:\/\/www.comverga.com\/pol\/#website","url":"https:\/\/www.comverga.com\/pol\/","name":"COMVERGA Polen","description":"Comverga Polen","publisher":{"@id":"https:\/\/www.comverga.com\/pol\/#organization"},"potentialAction":[{"@type":"SearchAction","target":{"@type":"EntryPoint","urlTemplate":"https:\/\/www.comverga.com\/pol\/?s={search_term_string}"},"query-input":"required name=search_term_string"}],"inLanguage":"de"},{"@type":"Organization","@id":"https:\/\/www.comverga.com\/pol\/#organization","name":"COMVERGA Polen","url":"https:\/\/www.comverga.com\/pol\/","logo":{"@type":"ImageObject","inLanguage":"de","@id":"https:\/\/www.comverga.com\/pol\/#\/schema\/logo\/image\/","url":"https:\/\/www.comverga.com\/pol\/wp-content\/uploads\/sites\/2\/2020\/11\/Comverga_CC.png","contentUrl":"https:\/\/www.comverga.com\/pol\/wp-content\/uploads\/sites\/2\/2020\/11\/Comverga_CC.png","width":800,"height":800,"caption":"COMVERGA Poland"},"image":{"@id":"https:\/\/www.comverga.com\/pol\/#\/schema\/logo\/image\/"}}]}},"_links":{"self":[{"href":"https:\/\/www.comverga.com\/pol\/de\/wp-json\/wp\/v2\/pages\/478"}],"collection":[{"href":"https:\/\/www.comverga.com\/pol\/de\/wp-json\/wp\/v2\/pages"}],"about":[{"href":"https:\/\/www.comverga.com\/pol\/de\/wp-json\/wp\/v2\/types\/page"}],"author":[{"embeddable":true,"href":"https:\/\/www.comverga.com\/pol\/de\/wp-json\/wp\/v2\/users\/1"}],"replies":[{"embeddable":true,"href":"https:\/\/www.comverga.com\/pol\/de\/wp-json\/wp\/v2\/comments?post=478"}],"version-history":[{"count":16,"href":"https:\/\/www.comverga.com\/pol\/de\/wp-json\/wp\/v2\/pages\/478\/revisions"}],"predecessor-version":[{"id":1909,"href":"https:\/\/www.comverga.com\/pol\/de\/wp-json\/wp\/v2\/pages\/478\/revisions\/1909"}],"up":[{"embeddable":true,"href":"https:\/\/www.comverga.com\/pol\/de\/wp-json\/wp\/v2\/pages\/249"}],"wp:featuredmedia":[{"embeddable":true,"href":"https:\/\/www.comverga.com\/pol\/de\/wp-json\/wp\/v2\/media\/144"}],"wp:attachment":[{"href":"https:\/\/www.comverga.com\/pol\/de\/wp-json\/wp\/v2\/media?parent=478"}],"curies":[{"name":"wp","href":"https:\/\/api.w.org\/{rel}","templated":true}]}}