{"id":480,"date":"2020-11-26T12:03:19","date_gmt":"2020-11-26T11:03:19","guid":{"rendered":"https:\/\/www.comverga.com\/?page_id=480"},"modified":"2020-11-26T12:03:19","modified_gmt":"2020-11-26T11:03:19","slug":"mobile-marketing","status":"publish","type":"page","link":"https:\/\/www.comverga.com\/pol\/de\/services\/solutions\/mobile-marketing\/","title":{"rendered":"Mobiles Marketing"},"content":{"rendered":"<p>Wir verf\u00fcgen \u00fcber fertige L\u00f6sungen, die es uns erm\u00f6glichen, die Funktionalit\u00e4t von Unternehmen und Institutionen zu erh\u00f6hen. Die SMS-Plattform wird auf der Grundlage einer gr\u00fcndlichen Analyse der Probleme der Kunden erstellt und zielt darauf ab, die L\u00f6sungen bestm\u00f6glich an die individuellen Bed\u00fcrfnisse, Vorlieben, Arbeitsweise oder das Gesch\u00e4ftsprofil anzupassen. Wir k\u00fcmmern uns darum, die richtige L\u00f6sung aus dem vorgefertigten Mobile-Marketing-Angebot zu finden, wobei wir die Anpassung an die vom Kunden angebotenen Dienstleistungen ber\u00fccksichtigen.<\/p>\n\n\n\n<p>Unsere vorgefertigten L\u00f6sungen nutzen das urspr\u00fcngliche Design der SMS-Plattform. Es handelt sich um eine Kommunikationsplattform f\u00fcr Unternehmen, die es den Nutzern erm\u00f6glicht, Dienste zu konfigurieren, die sowohl auf Text- als auch auf Sprachnachrichten und der automatischen Registrierung der Empf\u00e4nger basieren. Das System erm\u00f6glicht es Ihnen, das volle Potenzial der Nachricht zu nutzen. Heutige Verbraucher nutzen Mobiltelefone fast st\u00e4ndig, sie haben das Ger\u00e4t fast immer bei sich. Deshalb lohnt es sich, \u00fcber ihre optimale Nutzung nachzudenken.<\/p>\n\n\n\n<p>Die SMS-Kommunikation erm\u00f6glicht es Ihnen:<br>den Empf\u00e4nger direkt zu erreichen,<br>die Botschaft an ein breites Publikum zu richten,<br>\u00dcbertragung zu geringen Kosten,<br>die Empf\u00e4nger sofort erreichen,<br>ein hohes Ma\u00df an Resonanz zu erzielen,<br>Automatisierung und Personalisierung der Nachricht.<br><\/p>\n\n\n\n<p>Anwendungsbereich<br>Die Kommunikationsplattform verwendet die primitivste SMS-Funktion. Sie erm\u00f6glicht in erster Linie das Senden einer kurzen Textnachricht. Es sollte auch nicht vergessen werden, dass die mobile Kommunikation derzeit auch Nachrichten wie MMS, VMS, QR-Codes verwenden kann. SMS-Benachrichtigungen k\u00f6nnen Links enthalten. Die M\u00f6glichkeit, auf Werbung in dieser Form zu reagieren, bietet die Gelegenheit, die SMS-Kommunikation in Bereichen wie diesen zu nutzen:<\/p>\n\n\n\n<p>mobile Kurse<\/p>\n\n\n\n<ul><li>Die zyklische Zustellung von Benachrichtigungen kann zur Erstellung eines Schulungsprogramms verwendet werden. Der Empf\u00e4nger erh\u00e4lt in bestimmten Abst\u00e4nden Inhalte, die das Bewusstsein sch\u00e4rfen und bestimmte Botschaften vertiefen.<br>Abstimmungen, Umfragen, Wettbewerbe<\/li><li>Die SMS-Kommunikation kann zur Durchf\u00fchrung von Abstimmungen oder Umfragen in Echtzeit genutzt werden. So k\u00f6nnen Sie die Vorlieben von Kunden oder bestehenden Nutzern kennenlernen, Meinungen einholen usw.<br>Kontaktdatenbank<\/li><li>Das SMS-Benachrichtigungssystem bietet die M\u00f6glichkeit, eine Datenbank nach Ihren W\u00fcnschen aufzubauen.<br>Aktionen und Kampagnen<\/li><li>Das SMS-Marketing nutzt die L\u00f6sung gerne in Form von zyklischer Versendung von Textanzeigen, QR-Codes oder Links zu bestimmten Videos oder Bildern.<br>Anwendungsbereich<br>Die mobile Kommunikation wird in vielen Bereichen und Branchen eingesetzt. SMS f\u00fcr Unternehmen und von Unternehmen eingesetzt werden so konfiguriert, dass sie an das Gesch\u00e4ftsprofil des Unternehmens angepasst sind. Beispiele f\u00fcr Anwendungsbereiche:<\/li><\/ul>\n\n\n\n<p>Institutionen und \u00c4mter<br>Staatliche \u00c4mter und kommunale Einrichtungen nutzen das SMS Center, um f\u00fcr ihre Aktivit\u00e4ten zu werben und die Einwohner und B\u00fcrger z. B. \u00fcber kulturelle, sportliche, politische usw. Veranstaltungen zu informieren. Veranstaltungen. Es erm\u00f6glicht die \u00dcbermittlung von Informationen \u00fcber m\u00f6gliche Krisensituationen und Bedrohungen.<\/p>\n\n\n\n<p>Gesundheitsdienst<br>Ambulante Kliniken, Arztpraxen und Rehabilitationszentren nutzen die SMS-Plattform, um die Patientenregistrierung und den Service zu verbessern, z. B. durch den Versand von Testergebnissen, Terminerinnerungen oder die M\u00f6glichkeit, Besuche abzusagen.<\/p>\n\n\n\n<p>Organisation von Veranstaltungen<br>Die mobile Kommunikation erm\u00f6glicht es Ihnen, SMS f\u00fcr Unternehmen zu nutzen, die verschiedene Arten von Veranstaltungen organisieren. Alle Veranstaltungsvorbereitungseinheiten und Teilnehmer werden vor, w\u00e4hrend und nach der Veranstaltung auf dem Laufenden gehalten.<\/p>\n\n\n\n<p>Logistik<br>Die Kommunikationsplattform wird in der Logistik zur Benachrichtigung von Kurieren, Absendern und Empf\u00e4ngern eingesetzt. Alle am Lieferprozess Beteiligten sind \u00fcber die Lieferzeit, m\u00f6gliche \u00c4nderungen usw. gut informiert.<\/p>\n\n\n\n<p>Handel<br>Die mProfi Kommunikationsplattform mit der API-L\u00f6sung erm\u00f6glicht es Ihnen, Kunden per SMS \u00fcber den Status der Bestellung, Rabatte oder Belohnungen f\u00fcr die Teilnahme am Treueprogramm etc. zu informieren.<\/p>\n\n\n\n<p>Finanzen<br>Banken und Finanzinstitute nutzen h\u00e4ufig die mobile Kommunikation in Form eines Systems zur Authentifizierung von \u00dcberweisungen, zur Weiterleitung von Zahlungen usw.<\/p>\n\n\n\n<p>Tourismus<br>Reiseb\u00fcros verwenden SMS-Benachrichtigungen und -Erinnerungen, um den Reiseteilnehmern wichtige Namen mitzuteilen. Dies k\u00f6nnen z. B. Erinnerungen an Impfungen, Visa, P\u00e4sse, Informationen \u00fcber touristische Attraktionen vor Ort, Nachrichten \u00fcber \u00c4nderungen im Reiseplan usw. sein.<\/p>","protected":false},"excerpt":{"rendered":"<p>Wir verf\u00fcgen \u00fcber fertige L\u00f6sungen, die es uns erm\u00f6glichen, die Funktionalit\u00e4t von Unternehmen und Institutionen zu erh\u00f6hen. Die SMS-Plattform wird auf der Grundlage einer gr\u00fcndlichen Analyse der Probleme der Kunden erstellt und zielt darauf ab, die L\u00f6sungen bestm\u00f6glich an die individuellen Bed\u00fcrfnisse, Pr\u00e4ferenzen, Arbeitsweise oder das Gesch\u00e4ftsprofil anzupassen. Wir k\u00fcmmern uns darum, die richtige L\u00f6sung von Anfang an zu finden [...].<\/p>","protected":false},"author":1,"featured_media":148,"parent":167,"menu_order":0,"comment_status":"closed","ping_status":"closed","template":"","meta":{"footnotes":""},"yoast_head":"<!-- This site is optimized with the Yoast SEO plugin v21.6 - https:\/\/yoast.com\/wordpress\/plugins\/seo\/ -->\n<title>Mobile Marketing - COMVERGA Poland<\/title>\n<meta name=\"robots\" content=\"index, follow, max-snippet:-1, max-image-preview:large, max-video-preview:-1\" \/>\n<link rel=\"canonical\" href=\"https:\/\/www.comverga.com\/pol\/de\/services\/solutions\/mobile-marketing\/\" \/>\n<meta property=\"og:locale\" content=\"de_DE\" \/>\n<meta property=\"og:type\" content=\"article\" \/>\n<meta property=\"og:title\" content=\"Mobile Marketing - COMVERGA Poland\" \/>\n<meta property=\"og:description\" content=\"We have ready-made solutions that allow us to increase the functionality of enterprises and institutions. The SMS platform is created on the basis of a thorough analysis of customers&#8217; problems, and aims to best adapt solutions to individual needs, preferences, work mode or business profile. We take care to find the right solution from the [&hellip;]\" \/>\n<meta property=\"og:url\" content=\"https:\/\/www.comverga.com\/pol\/de\/services\/solutions\/mobile-marketing\/\" \/>\n<meta property=\"og:site_name\" content=\"COMVERGA Poland\" \/>\n<meta property=\"og:image\" content=\"https:\/\/www.comverga.com\/pol\/wp-content\/uploads\/sites\/2\/2020\/11\/new.jpg\" \/>\n\t<meta property=\"og:image:width\" content=\"1920\" \/>\n\t<meta property=\"og:image:height\" content=\"1080\" \/>\n\t<meta property=\"og:image:type\" content=\"image\/jpeg\" \/>\n<meta name=\"twitter:card\" content=\"summary_large_image\" \/>\n<meta name=\"twitter:label1\" content=\"Gesch\u00e4tzte Lesezeit\" \/>\n\t<meta name=\"twitter:data1\" content=\"3\u00a0Minuten\" \/>\n<script type=\"application\/ld+json\" class=\"yoast-schema-graph\">{\"@context\":\"https:\/\/schema.org\",\"@graph\":[{\"@type\":\"WebPage\",\"@id\":\"https:\/\/www.comverga.com\/pol\/services\/solutions\/mobile-marketing\/\",\"url\":\"https:\/\/www.comverga.com\/pol\/services\/solutions\/mobile-marketing\/\",\"name\":\"Mobile Marketing - COMVERGA Poland\",\"isPartOf\":{\"@id\":\"https:\/\/www.comverga.com\/pol\/#website\"},\"datePublished\":\"2020-11-26T11:03:19+00:00\",\"dateModified\":\"2020-11-26T11:03:19+00:00\",\"breadcrumb\":{\"@id\":\"https:\/\/www.comverga.com\/pol\/services\/solutions\/mobile-marketing\/#breadcrumb\"},\"inLanguage\":\"de\",\"potentialAction\":[{\"@type\":\"ReadAction\",\"target\":[\"https:\/\/www.comverga.com\/pol\/services\/solutions\/mobile-marketing\/\"]}]},{\"@type\":\"BreadcrumbList\",\"@id\":\"https:\/\/www.comverga.com\/pol\/services\/solutions\/mobile-marketing\/#breadcrumb\",\"itemListElement\":[{\"@type\":\"ListItem\",\"position\":1,\"name\":\"Services\",\"item\":\"https:\/\/www.comverga.com\/pol\/services\/\"},{\"@type\":\"ListItem\",\"position\":2,\"name\":\"Solutions\",\"item\":\"https:\/\/www.comverga.com\/pol\/services\/solutions\/\"},{\"@type\":\"ListItem\",\"position\":3,\"name\":\"Mobile Marketing\"}]},{\"@type\":\"WebSite\",\"@id\":\"https:\/\/www.comverga.com\/pol\/#website\",\"url\":\"https:\/\/www.comverga.com\/pol\/\",\"name\":\"COMVERGA Poland\",\"description\":\"Comverga Poland\",\"publisher\":{\"@id\":\"https:\/\/www.comverga.com\/pol\/#organization\"},\"potentialAction\":[{\"@type\":\"SearchAction\",\"target\":{\"@type\":\"EntryPoint\",\"urlTemplate\":\"https:\/\/www.comverga.com\/pol\/?s={search_term_string}\"},\"query-input\":\"required name=search_term_string\"}],\"inLanguage\":\"de\"},{\"@type\":\"Organization\",\"@id\":\"https:\/\/www.comverga.com\/pol\/#organization\",\"name\":\"COMVERGA Poland\",\"url\":\"https:\/\/www.comverga.com\/pol\/\",\"logo\":{\"@type\":\"ImageObject\",\"inLanguage\":\"de\",\"@id\":\"https:\/\/www.comverga.com\/pol\/#\/schema\/logo\/image\/\",\"url\":\"https:\/\/www.comverga.com\/pol\/wp-content\/uploads\/sites\/2\/2020\/11\/Comverga_CC.png\",\"contentUrl\":\"https:\/\/www.comverga.com\/pol\/wp-content\/uploads\/sites\/2\/2020\/11\/Comverga_CC.png\",\"width\":800,\"height\":800,\"caption\":\"COMVERGA Poland\"},\"image\":{\"@id\":\"https:\/\/www.comverga.com\/pol\/#\/schema\/logo\/image\/\"}}]}<\/script>\n<!-- \/ Yoast SEO plugin. -->","yoast_head_json":{"title":"Mobiles Marketing - COMVERGA Polen","robots":{"index":"index","follow":"follow","max-snippet":"max-snippet:-1","max-image-preview":"max-image-preview:large","max-video-preview":"max-video-preview:-1"},"canonical":"https:\/\/www.comverga.com\/pol\/de\/services\/solutions\/mobile-marketing\/","og_locale":"de_DE","og_type":"article","og_title":"Mobile Marketing - COMVERGA Poland","og_description":"We have ready-made solutions that allow us to increase the functionality of enterprises and institutions. The SMS platform is created on the basis of a thorough analysis of customers&#8217; problems, and aims to best adapt solutions to individual needs, preferences, work mode or business profile. We take care to find the right solution from the [&hellip;]","og_url":"https:\/\/www.comverga.com\/pol\/de\/services\/solutions\/mobile-marketing\/","og_site_name":"COMVERGA Poland","og_image":[{"width":1920,"height":1080,"url":"https:\/\/www.comverga.com\/pol\/wp-content\/uploads\/sites\/2\/2020\/11\/new.jpg","type":"image\/jpeg"}],"twitter_card":"summary_large_image","twitter_misc":{"Gesch\u00e4tzte Lesezeit":"3\u00a0Minuten"},"schema":{"@context":"https:\/\/schema.org","@graph":[{"@type":"WebPage","@id":"https:\/\/www.comverga.com\/pol\/services\/solutions\/mobile-marketing\/","url":"https:\/\/www.comverga.com\/pol\/services\/solutions\/mobile-marketing\/","name":"Mobiles Marketing - COMVERGA Polen","isPartOf":{"@id":"https:\/\/www.comverga.com\/pol\/#website"},"datePublished":"2020-11-26T11:03:19+00:00","dateModified":"2020-11-26T11:03:19+00:00","breadcrumb":{"@id":"https:\/\/www.comverga.com\/pol\/services\/solutions\/mobile-marketing\/#breadcrumb"},"inLanguage":"de","potentialAction":[{"@type":"ReadAction","target":["https:\/\/www.comverga.com\/pol\/services\/solutions\/mobile-marketing\/"]}]},{"@type":"BreadcrumbList","@id":"https:\/\/www.comverga.com\/pol\/services\/solutions\/mobile-marketing\/#breadcrumb","itemListElement":[{"@type":"ListItem","position":1,"name":"Services","item":"https:\/\/www.comverga.com\/pol\/services\/"},{"@type":"ListItem","position":2,"name":"Solutions","item":"https:\/\/www.comverga.com\/pol\/services\/solutions\/"},{"@type":"ListItem","position":3,"name":"Mobile Marketing"}]},{"@type":"WebSite","@id":"https:\/\/www.comverga.com\/pol\/#website","url":"https:\/\/www.comverga.com\/pol\/","name":"COMVERGA Polen","description":"Comverga Polen","publisher":{"@id":"https:\/\/www.comverga.com\/pol\/#organization"},"potentialAction":[{"@type":"SearchAction","target":{"@type":"EntryPoint","urlTemplate":"https:\/\/www.comverga.com\/pol\/?s={search_term_string}"},"query-input":"required name=search_term_string"}],"inLanguage":"de"},{"@type":"Organization","@id":"https:\/\/www.comverga.com\/pol\/#organization","name":"COMVERGA Polen","url":"https:\/\/www.comverga.com\/pol\/","logo":{"@type":"ImageObject","inLanguage":"de","@id":"https:\/\/www.comverga.com\/pol\/#\/schema\/logo\/image\/","url":"https:\/\/www.comverga.com\/pol\/wp-content\/uploads\/sites\/2\/2020\/11\/Comverga_CC.png","contentUrl":"https:\/\/www.comverga.com\/pol\/wp-content\/uploads\/sites\/2\/2020\/11\/Comverga_CC.png","width":800,"height":800,"caption":"COMVERGA Poland"},"image":{"@id":"https:\/\/www.comverga.com\/pol\/#\/schema\/logo\/image\/"}}]}},"_links":{"self":[{"href":"https:\/\/www.comverga.com\/pol\/de\/wp-json\/wp\/v2\/pages\/480"}],"collection":[{"href":"https:\/\/www.comverga.com\/pol\/de\/wp-json\/wp\/v2\/pages"}],"about":[{"href":"https:\/\/www.comverga.com\/pol\/de\/wp-json\/wp\/v2\/types\/page"}],"author":[{"embeddable":true,"href":"https:\/\/www.comverga.com\/pol\/de\/wp-json\/wp\/v2\/users\/1"}],"replies":[{"embeddable":true,"href":"https:\/\/www.comverga.com\/pol\/de\/wp-json\/wp\/v2\/comments?post=480"}],"version-history":[{"count":0,"href":"https:\/\/www.comverga.com\/pol\/de\/wp-json\/wp\/v2\/pages\/480\/revisions"}],"up":[{"embeddable":true,"href":"https:\/\/www.comverga.com\/pol\/de\/wp-json\/wp\/v2\/pages\/167"}],"wp:featuredmedia":[{"embeddable":true,"href":"https:\/\/www.comverga.com\/pol\/de\/wp-json\/wp\/v2\/media\/148"}],"wp:attachment":[{"href":"https:\/\/www.comverga.com\/pol\/de\/wp-json\/wp\/v2\/media?parent=480"}],"curies":[{"name":"wp","href":"https:\/\/api.w.org\/{rel}","templated":true}]}}