{"id":617,"date":"2020-11-27T16:56:07","date_gmt":"2020-11-27T15:56:07","guid":{"rendered":"https:\/\/www.comverga.com\/pol\/?page_id=617"},"modified":"2020-11-27T16:56:07","modified_gmt":"2020-11-27T15:56:07","slug":"remote-voting","status":"publish","type":"page","link":"https:\/\/www.comverga.com\/pol\/de\/services\/solutions\/remote-voting\/","title":{"rendered":"Fernabstimmung"},"content":{"rendered":"<p>Fernabstimmungen erm\u00f6glichen die Durchf\u00fchrung von Abstimmungen und Wahlen in Organisationen mit kollektiven Entscheidungsgremien. Dank dieser L\u00f6sung k\u00f6nnen Sie Fernabstimmungen von jedem beliebigen Ort aus durchf\u00fchren. Die Abstimmungen k\u00f6nnen geheim sein. Sie k\u00f6nnen auch auf die Liste der angegebenen Personen beschr\u00e4nkt werden. Alles, was Sie brauchen, ist ein Computer oder Smartphone und ein Internetzugang.<\/p>\n\n\n\n<p>Merkmale der L\u00f6sung:<\/p>\n\n\n\n<p>Einmalige\/mehrmalige Abstimmung f\u00fcr eine Gruppe beliebiger Gr\u00f6\u00dfe<br>Fernabstimmung per SMS<br>Fernabstimmung \u00fcber das Internet<br>Nur autorisierte Personen d\u00fcrfen abstimmen<br>Geheime Abstimmung m\u00f6glich<br>Mechanismus zur Blockierung mehrerer Stimmen<br>M\u00f6glichkeit, das Zeitfenster f\u00fcr die Abstimmung zu definieren<br>M\u00f6glichkeit zu definieren: Abstimmung - einfache oder mehrfache Wahl<br>\u00dcbermittlung eines Abstimmungsscheins an die Teilnehmer der Abstimmung<br>Mechanismus f\u00fcr Stimmenausz\u00e4hlung, Berichte, Statistiken, Analysen und Archivierung<br>Einhaltung der GDPR<\/p>","protected":false},"excerpt":{"rendered":"<p>Fernabstimmungen erm\u00f6glichen die Durchf\u00fchrung von Abstimmungen und Wahlen in Organisationen mit kollektiven Entscheidungsgremien. Dank dieser L\u00f6sung k\u00f6nnen Sie Fernabstimmungen von jedem beliebigen Ort aus durchf\u00fchren. Die Abstimmungen k\u00f6nnen geheim sein. Sie k\u00f6nnen auch auf die Liste der angegebenen Personen beschr\u00e4nkt werden. Alles, was Sie brauchen, ist ein Computer oder Smartphone und ein Internetzugang. [...]<\/p>","protected":false},"author":1,"featured_media":131,"parent":167,"menu_order":3,"comment_status":"closed","ping_status":"closed","template":"","meta":{"footnotes":""},"yoast_head":"<!-- This site is optimized with the Yoast SEO plugin v21.6 - https:\/\/yoast.com\/wordpress\/plugins\/seo\/ -->\n<title>Remote Voting - COMVERGA Poland<\/title>\n<meta name=\"robots\" content=\"index, follow, max-snippet:-1, max-image-preview:large, max-video-preview:-1\" \/>\n<link rel=\"canonical\" href=\"https:\/\/www.comverga.com\/pol\/de\/services\/solutions\/remote-voting\/\" \/>\n<meta property=\"og:locale\" content=\"de_DE\" \/>\n<meta property=\"og:type\" content=\"article\" \/>\n<meta property=\"og:title\" content=\"Remote Voting - COMVERGA Poland\" \/>\n<meta property=\"og:description\" content=\"Remote Votes allow voting and elections to be held in organizations with collective decision-making bodies. Thanks to this solution, you can conduct remote voting from any location. Voting may be secret. They can also be limited to the list of indicated people. All you need is a computer or smartphone and access to the Internet. [&hellip;]\" \/>\n<meta property=\"og:url\" content=\"https:\/\/www.comverga.com\/pol\/de\/services\/solutions\/remote-voting\/\" \/>\n<meta property=\"og:site_name\" content=\"COMVERGA Poland\" \/>\n<meta property=\"og:image\" content=\"https:\/\/www.comverga.com\/pol\/wp-content\/uploads\/sites\/2\/2020\/11\/glosowanie-zdalne-1-1.jpg\" \/>\n\t<meta property=\"og:image:width\" content=\"1920\" \/>\n\t<meta property=\"og:image:height\" content=\"620\" \/>\n\t<meta property=\"og:image:type\" content=\"image\/jpeg\" \/>\n<meta name=\"twitter:card\" content=\"summary_large_image\" \/>\n<meta name=\"twitter:label1\" content=\"Gesch\u00e4tzte Lesezeit\" \/>\n\t<meta name=\"twitter:data1\" content=\"1\u00a0Minute\" \/>\n<script type=\"application\/ld+json\" class=\"yoast-schema-graph\">{\"@context\":\"https:\/\/schema.org\",\"@graph\":[{\"@type\":\"WebPage\",\"@id\":\"https:\/\/www.comverga.com\/pol\/services\/solutions\/remote-voting\/\",\"url\":\"https:\/\/www.comverga.com\/pol\/services\/solutions\/remote-voting\/\",\"name\":\"Remote Voting - COMVERGA Poland\",\"isPartOf\":{\"@id\":\"https:\/\/www.comverga.com\/pol\/#website\"},\"datePublished\":\"2020-11-27T15:56:07+00:00\",\"dateModified\":\"2020-11-27T15:56:07+00:00\",\"breadcrumb\":{\"@id\":\"https:\/\/www.comverga.com\/pol\/services\/solutions\/remote-voting\/#breadcrumb\"},\"inLanguage\":\"de\",\"potentialAction\":[{\"@type\":\"ReadAction\",\"target\":[\"https:\/\/www.comverga.com\/pol\/services\/solutions\/remote-voting\/\"]}]},{\"@type\":\"BreadcrumbList\",\"@id\":\"https:\/\/www.comverga.com\/pol\/services\/solutions\/remote-voting\/#breadcrumb\",\"itemListElement\":[{\"@type\":\"ListItem\",\"position\":1,\"name\":\"Services\",\"item\":\"https:\/\/www.comverga.com\/pol\/services\/\"},{\"@type\":\"ListItem\",\"position\":2,\"name\":\"Solutions\",\"item\":\"https:\/\/www.comverga.com\/pol\/services\/solutions\/\"},{\"@type\":\"ListItem\",\"position\":3,\"name\":\"Remote Voting\"}]},{\"@type\":\"WebSite\",\"@id\":\"https:\/\/www.comverga.com\/pol\/#website\",\"url\":\"https:\/\/www.comverga.com\/pol\/\",\"name\":\"COMVERGA Poland\",\"description\":\"Comverga Poland\",\"publisher\":{\"@id\":\"https:\/\/www.comverga.com\/pol\/#organization\"},\"potentialAction\":[{\"@type\":\"SearchAction\",\"target\":{\"@type\":\"EntryPoint\",\"urlTemplate\":\"https:\/\/www.comverga.com\/pol\/?s={search_term_string}\"},\"query-input\":\"required name=search_term_string\"}],\"inLanguage\":\"de\"},{\"@type\":\"Organization\",\"@id\":\"https:\/\/www.comverga.com\/pol\/#organization\",\"name\":\"COMVERGA Poland\",\"url\":\"https:\/\/www.comverga.com\/pol\/\",\"logo\":{\"@type\":\"ImageObject\",\"inLanguage\":\"de\",\"@id\":\"https:\/\/www.comverga.com\/pol\/#\/schema\/logo\/image\/\",\"url\":\"https:\/\/www.comverga.com\/pol\/wp-content\/uploads\/sites\/2\/2020\/11\/Comverga_CC.png\",\"contentUrl\":\"https:\/\/www.comverga.com\/pol\/wp-content\/uploads\/sites\/2\/2020\/11\/Comverga_CC.png\",\"width\":800,\"height\":800,\"caption\":\"COMVERGA Poland\"},\"image\":{\"@id\":\"https:\/\/www.comverga.com\/pol\/#\/schema\/logo\/image\/\"}}]}<\/script>\n<!-- \/ Yoast SEO plugin. -->","yoast_head_json":{"title":"Remote Voting - COMVERGA Poland","robots":{"index":"index","follow":"follow","max-snippet":"max-snippet:-1","max-image-preview":"max-image-preview:large","max-video-preview":"max-video-preview:-1"},"canonical":"https:\/\/www.comverga.com\/pol\/de\/services\/solutions\/remote-voting\/","og_locale":"de_DE","og_type":"article","og_title":"Remote Voting - COMVERGA Poland","og_description":"Remote Votes allow voting and elections to be held in organizations with collective decision-making bodies. Thanks to this solution, you can conduct remote voting from any location. Voting may be secret. They can also be limited to the list of indicated people. All you need is a computer or smartphone and access to the Internet. [&hellip;]","og_url":"https:\/\/www.comverga.com\/pol\/de\/services\/solutions\/remote-voting\/","og_site_name":"COMVERGA Poland","og_image":[{"width":1920,"height":620,"url":"https:\/\/www.comverga.com\/pol\/wp-content\/uploads\/sites\/2\/2020\/11\/glosowanie-zdalne-1-1.jpg","type":"image\/jpeg"}],"twitter_card":"summary_large_image","twitter_misc":{"Gesch\u00e4tzte Lesezeit":"1\u00a0Minute"},"schema":{"@context":"https:\/\/schema.org","@graph":[{"@type":"WebPage","@id":"https:\/\/www.comverga.com\/pol\/services\/solutions\/remote-voting\/","url":"https:\/\/www.comverga.com\/pol\/services\/solutions\/remote-voting\/","name":"Remote Voting - COMVERGA Poland","isPartOf":{"@id":"https:\/\/www.comverga.com\/pol\/#website"},"datePublished":"2020-11-27T15:56:07+00:00","dateModified":"2020-11-27T15:56:07+00:00","breadcrumb":{"@id":"https:\/\/www.comverga.com\/pol\/services\/solutions\/remote-voting\/#breadcrumb"},"inLanguage":"de","potentialAction":[{"@type":"ReadAction","target":["https:\/\/www.comverga.com\/pol\/services\/solutions\/remote-voting\/"]}]},{"@type":"BreadcrumbList","@id":"https:\/\/www.comverga.com\/pol\/services\/solutions\/remote-voting\/#breadcrumb","itemListElement":[{"@type":"ListItem","position":1,"name":"Services","item":"https:\/\/www.comverga.com\/pol\/services\/"},{"@type":"ListItem","position":2,"name":"Solutions","item":"https:\/\/www.comverga.com\/pol\/services\/solutions\/"},{"@type":"ListItem","position":3,"name":"Remote Voting"}]},{"@type":"WebSite","@id":"https:\/\/www.comverga.com\/pol\/#website","url":"https:\/\/www.comverga.com\/pol\/","name":"COMVERGA Polen","description":"Comverga Polen","publisher":{"@id":"https:\/\/www.comverga.com\/pol\/#organization"},"potentialAction":[{"@type":"SearchAction","target":{"@type":"EntryPoint","urlTemplate":"https:\/\/www.comverga.com\/pol\/?s={search_term_string}"},"query-input":"required name=search_term_string"}],"inLanguage":"de"},{"@type":"Organization","@id":"https:\/\/www.comverga.com\/pol\/#organization","name":"COMVERGA Polen","url":"https:\/\/www.comverga.com\/pol\/","logo":{"@type":"ImageObject","inLanguage":"de","@id":"https:\/\/www.comverga.com\/pol\/#\/schema\/logo\/image\/","url":"https:\/\/www.comverga.com\/pol\/wp-content\/uploads\/sites\/2\/2020\/11\/Comverga_CC.png","contentUrl":"https:\/\/www.comverga.com\/pol\/wp-content\/uploads\/sites\/2\/2020\/11\/Comverga_CC.png","width":800,"height":800,"caption":"COMVERGA Poland"},"image":{"@id":"https:\/\/www.comverga.com\/pol\/#\/schema\/logo\/image\/"}}]}},"_links":{"self":[{"href":"https:\/\/www.comverga.com\/pol\/de\/wp-json\/wp\/v2\/pages\/617"}],"collection":[{"href":"https:\/\/www.comverga.com\/pol\/de\/wp-json\/wp\/v2\/pages"}],"about":[{"href":"https:\/\/www.comverga.com\/pol\/de\/wp-json\/wp\/v2\/types\/page"}],"author":[{"embeddable":true,"href":"https:\/\/www.comverga.com\/pol\/de\/wp-json\/wp\/v2\/users\/1"}],"replies":[{"embeddable":true,"href":"https:\/\/www.comverga.com\/pol\/de\/wp-json\/wp\/v2\/comments?post=617"}],"version-history":[{"count":0,"href":"https:\/\/www.comverga.com\/pol\/de\/wp-json\/wp\/v2\/pages\/617\/revisions"}],"up":[{"embeddable":true,"href":"https:\/\/www.comverga.com\/pol\/de\/wp-json\/wp\/v2\/pages\/167"}],"wp:featuredmedia":[{"embeddable":true,"href":"https:\/\/www.comverga.com\/pol\/de\/wp-json\/wp\/v2\/media\/131"}],"wp:attachment":[{"href":"https:\/\/www.comverga.com\/pol\/de\/wp-json\/wp\/v2\/media?parent=617"}],"curies":[{"name":"wp","href":"https:\/\/api.w.org\/{rel}","templated":true}]}}