{"id":627,"date":"2020-11-30T06:28:40","date_gmt":"2020-11-30T05:28:40","guid":{"rendered":"https:\/\/www.comverga.com\/pol\/?page_id=627"},"modified":"2021-02-01T14:09:50","modified_gmt":"2021-02-01T13:09:50","slug":"training-booking-system","status":"publish","type":"page","link":"https:\/\/www.comverga.com\/pol\/de\/uslugi\/rozzwiazania\/training-booking-system\/","title":{"rendered":"Buchungssystem f\u00fcr Schulungen"},"content":{"rendered":"<div data-elementor-type=\"wp-page\" data-elementor-id=\"627\" class=\"elementor elementor-627\">\n\t\t\t\t\t\t\t\t\t<section class=\"elementor-section elementor-top-section elementor-element elementor-element-122624a4 elementor-section-stretched elementor-section-boxed elementor-section-height-default elementor-section-height-default\" data-id=\"122624a4\" data-element_type=\"section\" data-settings=\"{&quot;stretch_section&quot;:&quot;section-stretched&quot;,&quot;background_background&quot;:&quot;classic&quot;}\">\n\t\t\t\t\t\t<div class=\"elementor-container elementor-column-gap-default\">\n\t\t\t\t\t<div class=\"elementor-column elementor-col-100 elementor-top-column elementor-element elementor-element-430c586d\" data-id=\"430c586d\" data-element_type=\"column\">\n\t\t\t<div class=\"elementor-widget-wrap elementor-element-populated\">\n\t\t\t\t\t\t\t\t<div class=\"elementor-element elementor-element-499da862 elementor-widget elementor-widget-text-editor\" data-id=\"499da862\" data-element_type=\"widget\" data-widget_type=\"text-editor.default\">\n\t\t\t\t<div class=\"elementor-widget-container\">\n\t\t\t\t\t\t\t<!-- wp:paragraph -->\n<p>Das Ausbildungsbuchungssystem wird zur automatischen Anmeldung von Auszubildenden \u00fcber eine Zwei-Wege-SMS-Kommunikation verwendet.<\/p>\n<!-- \/wp:paragraph --><!-- wp:paragraph -->\n<h4>SRS erm\u00f6glicht dem Administrator unter anderem folgende Aufgaben:<\/h4>\n<!-- \/wp:paragraph --><!-- wp:list -->\n<ul>\n<li>die Festlegung des Inhalts von Einladungen,<\/li>\n<li>Festlegung von Schulungsterminen<\/li>\n<li>Wahl des Schulungsortes und<\/li>\n<li>die Anzahl der verf\u00fcgbaren Pl\u00e4tze f\u00fcr den gew\u00e4hlten Ort und die Ausbildung.<\/li>\n<\/ul>\n<!-- \/wp:list --><!-- wp:paragraph -->\n<p>Das System selbst stellt sicher, dass nur so viele Teilnehmer teilnehmen, wie Pl\u00e4tze vorhanden sind. Diejenigen, die sich f\u00fcr einen bestimmten Termin wegen \u00dcberbuchung nicht anmelden konnten, werden automatisch informiert und k\u00f6nnen es an einem anderen freien Termin erneut versuchen. Der Dienst ist \u00fcber einen Webbrowser zug\u00e4nglich, nachdem man sich sicher angemeldet hat.<br \/>Der SRS-Dienst erm\u00f6glicht es, SMS-Einladungen nach einem vordefinierten Szenario an Kontakte zu senden, deren Telefonnummern \u00fcber eine einfache CSV-Datei importiert wurden.<\/p>\n<!-- \/wp:paragraph -->\t\t\t\t\t\t<\/div>\n\t\t\t\t<\/div>\n\t\t\t\t\t<\/div>\n\t\t<\/div>\n\t\t\t\t\t\t\t<\/div>\n\t\t<\/section>\n\t\t\t\t\t\t\t<\/div>","protected":false},"excerpt":{"rendered":"<p>Das Training Reservation System (SRS) dient der automatischen Anmeldung von Auszubildenden \u00fcber eine bidirektionale SMS-Kommunikation. SRS erm\u00f6glicht dem Administrator u.a: die Festlegung des Inhalts der Einladungen, die Angabe der Schulungstermine, die Auswahl des Schulungsortes und die Anzahl der verf\u00fcgbaren Pl\u00e4tze f\u00fcr den gew\u00e4hlten Ort und die Schulung. Das System selbst sorgt daf\u00fcr, dass nur so viele Teilnehmer angemeldet werden, wie Pl\u00e4tze vorhanden sind. Diejenigen, die sich nicht [...].<\/p>","protected":false},"author":1,"featured_media":142,"parent":249,"menu_order":5,"comment_status":"closed","ping_status":"closed","template":"","meta":{"footnotes":""},"yoast_head":"<!-- This site is optimized with the Yoast SEO plugin v21.6 - https:\/\/yoast.com\/wordpress\/plugins\/seo\/ -->\n<title>System rezerwacji szkole\u0144 - COMVERGA Poland<\/title>\n<meta name=\"robots\" content=\"index, follow, max-snippet:-1, max-image-preview:large, max-video-preview:-1\" \/>\n<link rel=\"canonical\" href=\"https:\/\/www.comverga.com\/pol\/de\/uslugi\/rozzwiazania\/training-booking-system\/\" \/>\n<meta property=\"og:locale\" content=\"de_DE\" \/>\n<meta property=\"og:type\" content=\"article\" \/>\n<meta property=\"og:title\" content=\"System rezerwacji szkole\u0144 - COMVERGA Poland\" \/>\n<meta property=\"og:description\" content=\"System Rezerwacji Szkole\u0144 s\u0142u\u017cy do automatycznej rejestracji uczestnik\u00f3w szkole\u0144 z wykorzystaniem dwukierunkowej komunikacji SMS. SRS pozwala administratorowi mi\u0119dzy innymi na: definiowanie tre\u015bci zaprosze\u0144, okre\u015blanie termin\u00f3w szkole\u0144 wyb\u00f3r lokalizacji szkolenia oraz liczb\u0119 dost\u0119pnych miejsc dla wybranej lokalizacji i szkolenia. System sam czuwa nad zarejestrowaniem tylko tylu uczestnik\u00f3w ile jest przewidzinych dla nich miesjc. Osoby, kt\u00f3rym nie [&hellip;]\" \/>\n<meta property=\"og:url\" content=\"https:\/\/www.comverga.com\/pol\/de\/uslugi\/rozzwiazania\/training-booking-system\/\" \/>\n<meta property=\"og:site_name\" content=\"COMVERGA Poland\" \/>\n<meta property=\"article:modified_time\" content=\"2021-02-01T13:09:50+00:00\" \/>\n<meta property=\"og:image\" content=\"https:\/\/www.comverga.com\/pol\/wp-content\/uploads\/sites\/2\/2020\/11\/rezerwacja-szkolen-1.jpg\" \/>\n\t<meta property=\"og:image:width\" content=\"1920\" \/>\n\t<meta property=\"og:image:height\" content=\"620\" \/>\n\t<meta property=\"og:image:type\" content=\"image\/jpeg\" \/>\n<meta name=\"twitter:card\" content=\"summary_large_image\" \/>\n<meta name=\"twitter:label1\" content=\"Gesch\u00e4tzte Lesezeit\" \/>\n\t<meta name=\"twitter:data1\" content=\"1\u00a0Minute\" \/>\n<script type=\"application\/ld+json\" class=\"yoast-schema-graph\">{\"@context\":\"https:\/\/schema.org\",\"@graph\":[{\"@type\":\"WebPage\",\"@id\":\"https:\/\/www.comverga.com\/pol\/uslugi\/rozzwiazania\/training-booking-system\/\",\"url\":\"https:\/\/www.comverga.com\/pol\/uslugi\/rozzwiazania\/training-booking-system\/\",\"name\":\"System rezerwacji szkole\u0144 - COMVERGA Poland\",\"isPartOf\":{\"@id\":\"https:\/\/www.comverga.com\/pol\/#website\"},\"datePublished\":\"2020-11-30T05:28:40+00:00\",\"dateModified\":\"2021-02-01T13:09:50+00:00\",\"breadcrumb\":{\"@id\":\"https:\/\/www.comverga.com\/pol\/uslugi\/rozzwiazania\/training-booking-system\/#breadcrumb\"},\"inLanguage\":\"de\",\"potentialAction\":[{\"@type\":\"ReadAction\",\"target\":[\"https:\/\/www.comverga.com\/pol\/uslugi\/rozzwiazania\/training-booking-system\/\"]}]},{\"@type\":\"BreadcrumbList\",\"@id\":\"https:\/\/www.comverga.com\/pol\/uslugi\/rozzwiazania\/training-booking-system\/#breadcrumb\",\"itemListElement\":[{\"@type\":\"ListItem\",\"position\":1,\"name\":\"Us\u0142ugi\",\"item\":\"https:\/\/www.comverga.com\/pol\/uslugi\/\"},{\"@type\":\"ListItem\",\"position\":2,\"name\":\"Rozwi\u0105zania informatyczne i telekomunikacyjne\",\"item\":\"https:\/\/www.comverga.com\/pol\/uslugi\/rozzwiazania\/\"},{\"@type\":\"ListItem\",\"position\":3,\"name\":\"System rezerwacji szkole\u0144\"}]},{\"@type\":\"WebSite\",\"@id\":\"https:\/\/www.comverga.com\/pol\/#website\",\"url\":\"https:\/\/www.comverga.com\/pol\/\",\"name\":\"COMVERGA Poland\",\"description\":\"Comverga Poland\",\"publisher\":{\"@id\":\"https:\/\/www.comverga.com\/pol\/#organization\"},\"potentialAction\":[{\"@type\":\"SearchAction\",\"target\":{\"@type\":\"EntryPoint\",\"urlTemplate\":\"https:\/\/www.comverga.com\/pol\/?s={search_term_string}\"},\"query-input\":\"required name=search_term_string\"}],\"inLanguage\":\"de\"},{\"@type\":\"Organization\",\"@id\":\"https:\/\/www.comverga.com\/pol\/#organization\",\"name\":\"COMVERGA Poland\",\"url\":\"https:\/\/www.comverga.com\/pol\/\",\"logo\":{\"@type\":\"ImageObject\",\"inLanguage\":\"de\",\"@id\":\"https:\/\/www.comverga.com\/pol\/#\/schema\/logo\/image\/\",\"url\":\"https:\/\/www.comverga.com\/pol\/wp-content\/uploads\/sites\/2\/2020\/11\/Comverga_CC.png\",\"contentUrl\":\"https:\/\/www.comverga.com\/pol\/wp-content\/uploads\/sites\/2\/2020\/11\/Comverga_CC.png\",\"width\":800,\"height\":800,\"caption\":\"COMVERGA Poland\"},\"image\":{\"@id\":\"https:\/\/www.comverga.com\/pol\/#\/schema\/logo\/image\/\"}}]}<\/script>\n<!-- \/ Yoast SEO plugin. -->","yoast_head_json":{"title":"System rezerwacji szkole\u0144 - COMVERGA Poland","robots":{"index":"index","follow":"follow","max-snippet":"max-snippet:-1","max-image-preview":"max-image-preview:large","max-video-preview":"max-video-preview:-1"},"canonical":"https:\/\/www.comverga.com\/pol\/de\/uslugi\/rozzwiazania\/training-booking-system\/","og_locale":"de_DE","og_type":"article","og_title":"System rezerwacji szkole\u0144 - COMVERGA Poland","og_description":"System Rezerwacji Szkole\u0144 s\u0142u\u017cy do automatycznej rejestracji uczestnik\u00f3w szkole\u0144 z wykorzystaniem dwukierunkowej komunikacji SMS. SRS pozwala administratorowi mi\u0119dzy innymi na: definiowanie tre\u015bci zaprosze\u0144, okre\u015blanie termin\u00f3w szkole\u0144 wyb\u00f3r lokalizacji szkolenia oraz liczb\u0119 dost\u0119pnych miejsc dla wybranej lokalizacji i szkolenia. System sam czuwa nad zarejestrowaniem tylko tylu uczestnik\u00f3w ile jest przewidzinych dla nich miesjc. Osoby, kt\u00f3rym nie [&hellip;]","og_url":"https:\/\/www.comverga.com\/pol\/de\/uslugi\/rozzwiazania\/training-booking-system\/","og_site_name":"COMVERGA Poland","article_modified_time":"2021-02-01T13:09:50+00:00","og_image":[{"width":1920,"height":620,"url":"https:\/\/www.comverga.com\/pol\/wp-content\/uploads\/sites\/2\/2020\/11\/rezerwacja-szkolen-1.jpg","type":"image\/jpeg"}],"twitter_card":"summary_large_image","twitter_misc":{"Gesch\u00e4tzte Lesezeit":"1\u00a0Minute"},"schema":{"@context":"https:\/\/schema.org","@graph":[{"@type":"WebPage","@id":"https:\/\/www.comverga.com\/pol\/uslugi\/rozzwiazania\/training-booking-system\/","url":"https:\/\/www.comverga.com\/pol\/uslugi\/rozzwiazania\/training-booking-system\/","name":"System rezerwacji szkole\u0144 - COMVERGA Poland","isPartOf":{"@id":"https:\/\/www.comverga.com\/pol\/#website"},"datePublished":"2020-11-30T05:28:40+00:00","dateModified":"2021-02-01T13:09:50+00:00","breadcrumb":{"@id":"https:\/\/www.comverga.com\/pol\/uslugi\/rozzwiazania\/training-booking-system\/#breadcrumb"},"inLanguage":"de","potentialAction":[{"@type":"ReadAction","target":["https:\/\/www.comverga.com\/pol\/uslugi\/rozzwiazania\/training-booking-system\/"]}]},{"@type":"BreadcrumbList","@id":"https:\/\/www.comverga.com\/pol\/uslugi\/rozzwiazania\/training-booking-system\/#breadcrumb","itemListElement":[{"@type":"ListItem","position":1,"name":"Us\u0142ugi","item":"https:\/\/www.comverga.com\/pol\/uslugi\/"},{"@type":"ListItem","position":2,"name":"Rozwi\u0105zania informatyczne i telekomunikacyjne","item":"https:\/\/www.comverga.com\/pol\/uslugi\/rozzwiazania\/"},{"@type":"ListItem","position":3,"name":"System rezerwacji szkole\u0144"}]},{"@type":"WebSite","@id":"https:\/\/www.comverga.com\/pol\/#website","url":"https:\/\/www.comverga.com\/pol\/","name":"COMVERGA Polen","description":"Comverga Polen","publisher":{"@id":"https:\/\/www.comverga.com\/pol\/#organization"},"potentialAction":[{"@type":"SearchAction","target":{"@type":"EntryPoint","urlTemplate":"https:\/\/www.comverga.com\/pol\/?s={search_term_string}"},"query-input":"required name=search_term_string"}],"inLanguage":"de"},{"@type":"Organization","@id":"https:\/\/www.comverga.com\/pol\/#organization","name":"COMVERGA Polen","url":"https:\/\/www.comverga.com\/pol\/","logo":{"@type":"ImageObject","inLanguage":"de","@id":"https:\/\/www.comverga.com\/pol\/#\/schema\/logo\/image\/","url":"https:\/\/www.comverga.com\/pol\/wp-content\/uploads\/sites\/2\/2020\/11\/Comverga_CC.png","contentUrl":"https:\/\/www.comverga.com\/pol\/wp-content\/uploads\/sites\/2\/2020\/11\/Comverga_CC.png","width":800,"height":800,"caption":"COMVERGA Poland"},"image":{"@id":"https:\/\/www.comverga.com\/pol\/#\/schema\/logo\/image\/"}}]}},"_links":{"self":[{"href":"https:\/\/www.comverga.com\/pol\/de\/wp-json\/wp\/v2\/pages\/627"}],"collection":[{"href":"https:\/\/www.comverga.com\/pol\/de\/wp-json\/wp\/v2\/pages"}],"about":[{"href":"https:\/\/www.comverga.com\/pol\/de\/wp-json\/wp\/v2\/types\/page"}],"author":[{"embeddable":true,"href":"https:\/\/www.comverga.com\/pol\/de\/wp-json\/wp\/v2\/users\/1"}],"replies":[{"embeddable":true,"href":"https:\/\/www.comverga.com\/pol\/de\/wp-json\/wp\/v2\/comments?post=627"}],"version-history":[{"count":7,"href":"https:\/\/www.comverga.com\/pol\/de\/wp-json\/wp\/v2\/pages\/627\/revisions"}],"predecessor-version":[{"id":1873,"href":"https:\/\/www.comverga.com\/pol\/de\/wp-json\/wp\/v2\/pages\/627\/revisions\/1873"}],"up":[{"embeddable":true,"href":"https:\/\/www.comverga.com\/pol\/de\/wp-json\/wp\/v2\/pages\/249"}],"wp:featuredmedia":[{"embeddable":true,"href":"https:\/\/www.comverga.com\/pol\/de\/wp-json\/wp\/v2\/media\/142"}],"wp:attachment":[{"href":"https:\/\/www.comverga.com\/pol\/de\/wp-json\/wp\/v2\/media?parent=627"}],"curies":[{"name":"wp","href":"https:\/\/api.w.org\/{rel}","templated":true}]}}