{"id":631,"date":"2020-11-30T06:36:00","date_gmt":"2020-11-30T05:36:00","guid":{"rendered":"https:\/\/www.comverga.com\/pol\/?page_id=631"},"modified":"2021-03-10T12:15:35","modified_gmt":"2021-03-10T11:15:35","slug":"predictive-dialers","status":"publish","type":"page","link":"https:\/\/www.comverga.com\/pol\/de\/uslugi\/rozzwiazania\/predictive-dialers\/","title":{"rendered":"Pr\u00e4diktive W\u00e4hlger\u00e4te"},"content":{"rendered":"<div data-elementor-type=\"wp-page\" data-elementor-id=\"631\" class=\"elementor elementor-631\">\n\t\t\t\t\t\t\t\t\t<section class=\"elementor-section elementor-top-section elementor-element elementor-element-9868524 elementor-section-stretched elementor-section-boxed elementor-section-height-default elementor-section-height-default\" data-id=\"9868524\" data-element_type=\"section\" data-settings=\"{&quot;stretch_section&quot;:&quot;section-stretched&quot;,&quot;background_background&quot;:&quot;classic&quot;}\">\n\t\t\t\t\t\t<div class=\"elementor-container elementor-column-gap-default\">\n\t\t\t\t\t<div class=\"elementor-column elementor-col-100 elementor-top-column elementor-element elementor-element-581c130\" data-id=\"581c130\" data-element_type=\"column\">\n\t\t\t<div class=\"elementor-widget-wrap elementor-element-populated\">\n\t\t\t\t\t\t\t\t<div class=\"elementor-element elementor-element-600ed8e elementor-widget elementor-widget-heading\" data-id=\"600ed8e\" data-element_type=\"widget\" data-widget_type=\"heading.default\">\n\t\t\t\t<div class=\"elementor-widget-container\">\n\t\t\t<h2 class=\"elementor-heading-title elementor-size-large\">Effizientes W\u00e4hlen: Dialer<\/h2>\t\t<\/div>\n\t\t\t\t<\/div>\n\t\t\t\t<div class=\"elementor-element elementor-element-820c5bd elementor-widget-divider--view-line elementor-widget elementor-widget-divider\" data-id=\"820c5bd\" data-element_type=\"widget\" data-widget_type=\"divider.default\">\n\t\t\t\t<div class=\"elementor-widget-container\">\n\t\t\t\t\t<div class=\"elementor-divider\">\n\t\t\t<span class=\"elementor-divider-separator\">\n\t\t\t\t\t\t<\/span>\n\t\t<\/div>\n\t\t\t\t<\/div>\n\t\t\t\t<\/div>\n\t\t\t\t<div class=\"elementor-element elementor-element-ae18efb elementor-widget elementor-widget-text-editor\" data-id=\"ae18efb\" data-element_type=\"widget\" data-widget_type=\"text-editor.default\">\n\t\t\t\t<div class=\"elementor-widget-container\">\n\t\t\t\t\t\t\tSie sind Teil des Call-Center-Systems und f\u00fcr den automatischen Aufbau ausgehender Anrufe zust\u00e4ndig - Dialer sind eine h\u00e4ufig verwendete L\u00f6sung in modernen Telekommunikationszentren und f\u00fcr Kommunikationsplattformen. Sie funktionieren auf einfache Weise, indem sie Anrufe an Nummern auf einer vorbereiteten Kontaktliste aufbauen. Der Dialer ist ein Instrument, das h\u00e4ufig f\u00fcr Outbound-Kampagnen in verschiedenen Callcentern eingesetzt wird. Sie w\u00e4hlen automatisch Telefonnummern aus einer Datenbank.\t\t\t\t\t\t<\/div>\n\t\t\t\t<\/div>\n\t\t\t\t\t<\/div>\n\t\t<\/div>\n\t\t\t\t\t\t\t<\/div>\n\t\t<\/section>\n\t\t\t\t<section class=\"elementor-section elementor-top-section elementor-element elementor-element-072c0c0 elementor-section-stretched elementor-section-boxed elementor-section-height-default elementor-section-height-default\" data-id=\"072c0c0\" data-element_type=\"section\" data-settings=\"{&quot;stretch_section&quot;:&quot;section-stretched&quot;}\">\n\t\t\t\t\t\t<div class=\"elementor-container elementor-column-gap-default\">\n\t\t\t\t\t<div class=\"elementor-column elementor-col-100 elementor-top-column elementor-element elementor-element-3767c5c\" data-id=\"3767c5c\" data-element_type=\"column\">\n\t\t\t<div class=\"elementor-widget-wrap elementor-element-populated\">\n\t\t\t\t\t\t\t\t<div class=\"elementor-element elementor-element-1b47873 elementor-widget elementor-widget-heading\" data-id=\"1b47873\" data-element_type=\"widget\" data-widget_type=\"heading.default\">\n\t\t\t\t<div class=\"elementor-widget-container\">\n\t\t\t<h2 class=\"elementor-heading-title elementor-size-large\">Auf dem Markt verf\u00fcgbare L\u00f6sungen<\/h2>\t\t<\/div>\n\t\t\t\t<\/div>\n\t\t\t\t<div class=\"elementor-element elementor-element-ebe75b1 elementor-widget-divider--view-line elementor-widget elementor-widget-divider\" data-id=\"ebe75b1\" data-element_type=\"widget\" data-widget_type=\"divider.default\">\n\t\t\t\t<div class=\"elementor-widget-container\">\n\t\t\t\t\t<div class=\"elementor-divider\">\n\t\t\t<span class=\"elementor-divider-separator\">\n\t\t\t\t\t\t<\/span>\n\t\t<\/div>\n\t\t\t\t<\/div>\n\t\t\t\t<\/div>\n\t\t\t\t<div class=\"elementor-element elementor-element-eaf45c7 elementor-widget elementor-widget-text-editor\" data-id=\"eaf45c7\" data-element_type=\"widget\" data-widget_type=\"text-editor.default\">\n\t\t\t\t<div class=\"elementor-widget-container\">\n\t\t\t\t\t\t\t<p>Derzeit gibt es drei Grundtypen von Dialern, die sich in erster Linie durch ihre Auswirkungen auf das Tempo der Agenten unterscheiden. Bei der Entscheidung f\u00fcr die richtige L\u00f6sung f\u00fcr die eigene Kommunikationsplattform oder Kundendienst- bzw. Vertriebsabteilung lohnt es sich, die auf dem Markt verf\u00fcgbaren L\u00f6sungen zu betrachten.<\/p>\t\t\t\t\t\t<\/div>\n\t\t\t\t<\/div>\n\t\t\t\t\t<\/div>\n\t\t<\/div>\n\t\t\t\t\t\t\t<\/div>\n\t\t<\/section>\n\t\t\t\t<section class=\"elementor-section elementor-top-section elementor-element elementor-element-85480b4 elementor-section-stretched elementor-section-boxed elementor-section-height-default elementor-section-height-default\" data-id=\"85480b4\" data-element_type=\"section\" data-settings=\"{&quot;stretch_section&quot;:&quot;section-stretched&quot;}\">\n\t\t\t\t\t\t<div class=\"elementor-container elementor-column-gap-default\">\n\t\t\t\t\t<div class=\"elementor-column elementor-col-33 elementor-top-column elementor-element elementor-element-45c3033\" data-id=\"45c3033\" data-element_type=\"column\">\n\t\t\t<div class=\"elementor-widget-wrap elementor-element-populated\">\n\t\t\t\t\t\t\t\t<div class=\"elementor-element elementor-element-a5a5203 elementor-view-default elementor-widget elementor-widget-icon\" data-id=\"a5a5203\" data-element_type=\"widget\" data-widget_type=\"icon.default\">\n\t\t\t\t<div class=\"elementor-widget-container\">\n\t\t\t\t\t<div class=\"elementor-icon-wrapper\">\n\t\t\t<div class=\"elementor-icon\">\n\t\t\t<i aria-hidden=\"true\" class=\"far fa-comments\"><\/i>\t\t\t<\/div>\n\t\t<\/div>\n\t\t\t\t<\/div>\n\t\t\t\t<\/div>\n\t\t\t\t<div class=\"elementor-element elementor-element-7f28705 elementor-widget elementor-widget-heading\" data-id=\"7f28705\" data-element_type=\"widget\" data-widget_type=\"heading.default\">\n\t\t\t\t<div class=\"elementor-widget-container\">\n\t\t\t<h3 class=\"elementor-heading-title elementor-size-default\">Vorschau Dialer<\/h3>\t\t<\/div>\n\t\t\t\t<\/div>\n\t\t\t\t<div class=\"elementor-element elementor-element-bdeb12e elementor-widget elementor-widget-text-editor\" data-id=\"bdeb12e\" data-element_type=\"widget\" data-widget_type=\"text-editor.default\">\n\t\t\t\t<div class=\"elementor-widget-container\">\n\t\t\t\t\t\t\tSie ist besonders auf die Qualit\u00e4t des Kundenkontakts ausgerichtet. Der Agent hat eine Vorschau auf die Kundendaten, die es ihm erm\u00f6glicht, den Verlauf von Anrufen und Gespr\u00e4chen zu sehen. Nach Durchsicht der verf\u00fcgbaren Informationen kann er die geeignete Anrufstrategie w\u00e4hlen und sich \u00fcber die Ruftaste mit einem bestimmten Kunden verbinden (automatische Anwahl). Mit dieser L\u00f6sung entscheidet der Agent selbst, ob er jetzt oder zu einem sp\u00e4teren Zeitpunkt mit einem bestimmten Kunden sprechen m\u00f6chte - in diesem Fall kann er zu einem anderen Datensatz \u00fcbergehen.\t\t\t\t\t\t<\/div>\n\t\t\t\t<\/div>\n\t\t\t\t\t<\/div>\n\t\t<\/div>\n\t\t\t\t<div class=\"elementor-column elementor-col-33 elementor-top-column elementor-element elementor-element-91a972c\" data-id=\"91a972c\" data-element_type=\"column\">\n\t\t\t<div class=\"elementor-widget-wrap elementor-element-populated\">\n\t\t\t\t\t\t\t\t<div class=\"elementor-element elementor-element-477e162 elementor-view-default elementor-widget elementor-widget-icon\" data-id=\"477e162\" data-element_type=\"widget\" data-widget_type=\"icon.default\">\n\t\t\t\t<div class=\"elementor-widget-container\">\n\t\t\t\t\t<div class=\"elementor-icon-wrapper\">\n\t\t\t<div class=\"elementor-icon\">\n\t\t\t<i aria-hidden=\"true\" class=\"fas fa-cogs\"><\/i>\t\t\t<\/div>\n\t\t<\/div>\n\t\t\t\t<\/div>\n\t\t\t\t<\/div>\n\t\t\t\t<div class=\"elementor-element elementor-element-53846c9 elementor-widget elementor-widget-heading\" data-id=\"53846c9\" data-element_type=\"widget\" data-widget_type=\"heading.default\">\n\t\t\t\t<div class=\"elementor-widget-container\">\n\t\t\t<h3 class=\"elementor-heading-title elementor-size-default\">Progressives W\u00e4hlger\u00e4t<\/h3>\t\t<\/div>\n\t\t\t\t<\/div>\n\t\t\t\t<div class=\"elementor-element elementor-element-1967caa elementor-widget elementor-widget-text-editor\" data-id=\"1967caa\" data-element_type=\"widget\" data-widget_type=\"text-editor.default\">\n\t\t\t\t<div class=\"elementor-widget-container\">\n\t\t\t\t\t\t\t<p>Es ist eher auf die Effizienz des Callcenters ausgerichtet. Der Dialer w\u00e4hlt selbst\u00e4ndig eine Nummer aus der Datenbank und verbindet sich automatisch mit dem Kunden, w\u00e4hrend der Agent keine M\u00f6glichkeit hat, die Nummer zu \u00fcberspringen, und keine Informationen erh\u00e4lt, so dass er sich nicht auf den Anruf vorbereiten kann. Beim progressiven Standard gibt es keine M\u00f6glichkeit, erfolglose Anrufe herauszufiltern, so dass die tats\u00e4chliche Arbeitszeit der Agenten reduziert wird. H\u00e4ufig verf\u00fcgt eine solche L\u00f6sung \u00fcber eine vorher festgelegte Zeit f\u00fcr die Eingabe von Notizen, falls vorhanden, nachdem der Anruf abgeschlossen ist, und verbindet automatisch mit der n\u00e4chsten Nummer, nachdem diese Zeit verstrichen ist.<\/p>\n<p>\u00a0<\/p>\t\t\t\t\t\t<\/div>\n\t\t\t\t<\/div>\n\t\t\t\t\t<\/div>\n\t\t<\/div>\n\t\t\t\t<div class=\"elementor-column elementor-col-33 elementor-top-column elementor-element elementor-element-9533644\" data-id=\"9533644\" data-element_type=\"column\">\n\t\t\t<div class=\"elementor-widget-wrap elementor-element-populated\">\n\t\t\t\t\t\t\t\t<div class=\"elementor-element elementor-element-0380d2b elementor-view-default elementor-widget elementor-widget-icon\" data-id=\"0380d2b\" data-element_type=\"widget\" data-widget_type=\"icon.default\">\n\t\t\t\t<div class=\"elementor-widget-container\">\n\t\t\t\t\t<div class=\"elementor-icon-wrapper\">\n\t\t\t<div class=\"elementor-icon\">\n\t\t\t<i aria-hidden=\"true\" class=\"fas fa-headset\"><\/i>\t\t\t<\/div>\n\t\t<\/div>\n\t\t\t\t<\/div>\n\t\t\t\t<\/div>\n\t\t\t\t<div class=\"elementor-element elementor-element-4825928 elementor-widget elementor-widget-heading\" data-id=\"4825928\" data-element_type=\"widget\" data-widget_type=\"heading.default\">\n\t\t\t\t<div class=\"elementor-widget-container\">\n\t\t\t<h3 class=\"elementor-heading-title elementor-size-default\">Pr\u00e4diktives W\u00e4hlger\u00e4t<\/h3>\t\t<\/div>\n\t\t\t\t<\/div>\n\t\t\t\t<div class=\"elementor-element elementor-element-a616203 elementor-widget elementor-widget-text-editor\" data-id=\"a616203\" data-element_type=\"widget\" data-widget_type=\"text-editor.default\">\n\t\t\t\t<div class=\"elementor-widget-container\">\n\t\t\t\t\t\t\tEs handelt sich um die technisch fortschrittlichste L\u00f6sung. Predictive Dialer verwendet komplexe Algorithmen zur Analyse und Kontrolle verschiedener Datentypen. So k\u00f6nnen erfolglose Anrufe gefiltert und mehrere Anrufe get\u00e4tigt werden, wobei der Agent nur Anrufe annimmt, die tats\u00e4chlich von einer realen Person beantwortet wurden. W\u00e4hrend des Anrufs werden dem Agenten Informationen \u00fcber den Kunden in der Informationsdatenbank angezeigt, die ihm helfen, den Anruf entsprechend zu f\u00fchren.\t\t\t\t\t\t<\/div>\n\t\t\t\t<\/div>\n\t\t\t\t\t<\/div>\n\t\t<\/div>\n\t\t\t\t\t\t\t<\/div>\n\t\t<\/section>\n\t\t\t\t<section class=\"elementor-section elementor-top-section elementor-element elementor-element-41913331 elementor-section-stretched elementor-section-boxed elementor-section-height-default elementor-section-height-default\" data-id=\"41913331\" data-element_type=\"section\" data-settings=\"{&quot;stretch_section&quot;:&quot;section-stretched&quot;,&quot;background_background&quot;:&quot;classic&quot;}\">\n\t\t\t\t\t\t<div class=\"elementor-container elementor-column-gap-default\">\n\t\t\t\t\t<div class=\"elementor-column elementor-col-100 elementor-top-column elementor-element elementor-element-1e4fa28a\" data-id=\"1e4fa28a\" data-element_type=\"column\">\n\t\t\t<div class=\"elementor-widget-wrap elementor-element-populated\">\n\t\t\t\t\t\t\t\t<div class=\"elementor-element elementor-element-3edeff25 elementor-widget elementor-widget-text-editor\" data-id=\"3edeff25\" data-element_type=\"widget\" data-widget_type=\"text-editor.default\">\n\t\t\t\t<div class=\"elementor-widget-container\">\n\t\t\t\t\t\t\t<table style=\"font-family: 'Roboto';font-size: 95%\">\n<tbody>\n<tr style=\"color: #fff;text-align: center\">\n<td style=\"background-color: #4f494a\"><\/td>\n<td style=\"background-color: #c30a17\"><strong>Vorschau Dialer<\/strong><\/td>\n<td style=\"background-color: #ab1612;color: #fff;text-align: center\"><strong>Progressives W\u00e4hlger\u00e4t<\/strong><\/td>\n<td style=\"background-color: #8e1e2b\"><strong>Pr\u00e4diktives W\u00e4hlger\u00e4t<\/strong><\/td>\n<\/tr>\n<tr style=\"background-color: #f4f4f4\">\n<td>Initiiert der Agent den Anruf selbst?<\/td>\n<td style=\"color: #4fb84a;text-align: center\"><i class=\"fas fa-check-circle\"><\/i>\n<\/td>\n<td style=\"color: #4f494a;text-align: center\"><i class=\"fas fa-ban\"><\/i><\/td>\n<td style=\"color: #4f494a;text-align: center\"><i class=\"fas fa-ban\"><\/i><\/td>\n<\/tr>\n<tr>\n<td>Hat der Bearbeiter Zeit, die Daten vor der Kontaktaufnahme zu pr\u00fcfen?<\/td>\n<td style=\"color: #4fb84a;text-align: center\"><i class=\"fas fa-check-circle\"><\/i>\n<\/td>\n<td style=\"color: #4f494a;text-align: center\"><i class=\"fas fa-ban\"><\/i><br>\n(im Gespr\u00e4ch)<\/td>\n<td style=\"color: #4f494a;text-align: center\"><i class=\"fas fa-ban\"><\/i><br>\n(im Gespr\u00e4ch)<\/td>\n<\/tr>\n<tr style=\"background-color: #f4f4f4\">\n<td>Bietet das W\u00e4hlger\u00e4t die M\u00f6glichkeit, besetzte Anrufe, Anrufbeantworter und verpasste Anrufe herauszufiltern?<\/td>\n<td style=\"color: #4f494a;text-align: center\"><i class=\"fas fa-ban\"><\/i><\/td>\n<td style=\"color: #4f494a;text-align: center\"><i class=\"fas fa-ban\"><\/i><\/td>\n<td style=\"color: #4fb84a;text-align: center\"><i class=\"fas fa-check-circle\"><\/i>\n<\/td>\n<\/tr>\n<tr>\n<td>Entwickelt sich das System weiter (indem es sich an die Verf\u00fcgbarkeit von Agenten und deren Arbeitsweise anpasst)?<\/td>\n<td style=\"color: #4f494a;text-align: center\"><i class=\"fas fa-ban\"><\/i><\/td>\n<td style=\"color: #4f494a;text-align: center\"><i class=\"fas fa-ban\"><\/i><\/td>\n<td style=\"color: #4fb84a;text-align: center\"><i class=\"fas fa-check-circle\"><\/i>\n<\/td>\n<\/tr>\n<tr style=\"background-color: #f4f4f4\">\n<td>Bestimmt das System selbst die n\u00e4chsten Kontaktversuche bei verpassten Anrufen?<\/td>\n<td style=\"color: #4f494a;text-align: center\"><i class=\"fas fa-ban\"><\/i><\/td>\n<td style=\"color: #4f494a;text-align: center\"><i class=\"fas fa-ban\"><\/i><\/td>\n<td style=\"color: #4fb84a;text-align: center\"><i class=\"fas fa-check-circle\"><\/i>\n<\/td>\n<\/tr>\n<\/tbody>\n<\/table>\t\t\t\t\t\t<\/div>\n\t\t\t\t<\/div>\n\t\t\t\t\t<\/div>\n\t\t<\/div>\n\t\t\t\t\t\t\t<\/div>\n\t\t<\/section>\n\t\t\t\t\t\t\t<\/div>","protected":false},"excerpt":{"rendered":"<p>Effizientes W\u00e4hlen: der Dialer Sie sind Teil des Callcenter-Systems und f\u00fcr den automatischen Aufbau ausgehender Anrufe zust\u00e4ndig - Dialer sind eine h\u00e4ufig verwendete L\u00f6sung in modernen Telekommunikationszentren und f\u00fcr Kommunikationsplattformen. Sie funktionieren auf einfache Weise, indem sie Anrufe an Nummern auf einer vorbereiteten Kontaktliste zusammenstellen. Der Dialer ist ein Instrument, das h\u00e4ufig f\u00fcr Outbound-Kampagnen bei verschiedenen Arten von Anrufen eingesetzt wird [...]<\/p>","protected":false},"author":1,"featured_media":129,"parent":249,"menu_order":6,"comment_status":"closed","ping_status":"closed","template":"","meta":{"footnotes":""},"yoast_head":"<!-- This site is optimized with the Yoast SEO plugin v21.6 - https:\/\/yoast.com\/wordpress\/plugins\/seo\/ -->\n<title>Predictive Dialers - COMVERGA Poland<\/title>\n<meta name=\"robots\" content=\"index, follow, max-snippet:-1, max-image-preview:large, max-video-preview:-1\" \/>\n<link rel=\"canonical\" href=\"https:\/\/www.comverga.com\/pol\/de\/uslugi\/rozzwiazania\/predictive-dialers\/\" \/>\n<meta property=\"og:locale\" content=\"de_DE\" \/>\n<meta property=\"og:type\" content=\"article\" \/>\n<meta property=\"og:title\" content=\"Predictive Dialers - COMVERGA Poland\" \/>\n<meta property=\"og:description\" content=\"Efektywne wybieranie numeru: dialer Stanowi\u0105 element systemu Call Center i odpowiadaj\u0105 za automatyczne nawi\u0105zanie po\u0142\u0105cze\u0144 wychodz\u0105cych \u2013 dialery s\u0105 cz\u0119sto stosowanym rozwi\u0105zaniem we wsp\u00f3\u0142czesnych centrach telekomunikacyjnych oraz dla platform komunikacyjnych. Dzia\u0142aj\u0105 w prosty spos\u00f3b, poprzez zestawienie po\u0142\u0105cze\u0144 na numery uprzednio przygotowanej listy kontaktowej. Dialer stanowi narz\u0119dzie ch\u0119tnie wykorzystywane przy kampaniach wychodz\u0105cych w r\u00f3\u017cnego rodzaju Call [&hellip;]\" \/>\n<meta property=\"og:url\" content=\"https:\/\/www.comverga.com\/pol\/de\/uslugi\/rozzwiazania\/predictive-dialers\/\" \/>\n<meta property=\"og:site_name\" content=\"COMVERGA Poland\" \/>\n<meta property=\"article:modified_time\" content=\"2021-03-10T11:15:35+00:00\" \/>\n<meta property=\"og:image\" content=\"https:\/\/www.comverga.com\/pol\/wp-content\/uploads\/sites\/2\/2020\/11\/dialery-1.jpg\" \/>\n\t<meta property=\"og:image:width\" content=\"1920\" \/>\n\t<meta property=\"og:image:height\" content=\"620\" \/>\n\t<meta property=\"og:image:type\" content=\"image\/jpeg\" \/>\n<meta name=\"twitter:card\" content=\"summary_large_image\" \/>\n<meta name=\"twitter:label1\" content=\"Gesch\u00e4tzte Lesezeit\" \/>\n\t<meta name=\"twitter:data1\" content=\"2\u00a0Minuten\" \/>\n<script type=\"application\/ld+json\" class=\"yoast-schema-graph\">{\"@context\":\"https:\/\/schema.org\",\"@graph\":[{\"@type\":\"WebPage\",\"@id\":\"https:\/\/www.comverga.com\/pol\/uslugi\/rozzwiazania\/predictive-dialers\/\",\"url\":\"https:\/\/www.comverga.com\/pol\/uslugi\/rozzwiazania\/predictive-dialers\/\",\"name\":\"Predictive Dialers - COMVERGA Poland\",\"isPartOf\":{\"@id\":\"https:\/\/www.comverga.com\/pol\/#website\"},\"datePublished\":\"2020-11-30T05:36:00+00:00\",\"dateModified\":\"2021-03-10T11:15:35+00:00\",\"breadcrumb\":{\"@id\":\"https:\/\/www.comverga.com\/pol\/uslugi\/rozzwiazania\/predictive-dialers\/#breadcrumb\"},\"inLanguage\":\"de\",\"potentialAction\":[{\"@type\":\"ReadAction\",\"target\":[\"https:\/\/www.comverga.com\/pol\/uslugi\/rozzwiazania\/predictive-dialers\/\"]}]},{\"@type\":\"BreadcrumbList\",\"@id\":\"https:\/\/www.comverga.com\/pol\/uslugi\/rozzwiazania\/predictive-dialers\/#breadcrumb\",\"itemListElement\":[{\"@type\":\"ListItem\",\"position\":1,\"name\":\"Us\u0142ugi\",\"item\":\"https:\/\/www.comverga.com\/pol\/uslugi\/\"},{\"@type\":\"ListItem\",\"position\":2,\"name\":\"Rozwi\u0105zania informatyczne i telekomunikacyjne\",\"item\":\"https:\/\/www.comverga.com\/pol\/uslugi\/rozzwiazania\/\"},{\"@type\":\"ListItem\",\"position\":3,\"name\":\"Predictive Dialers\"}]},{\"@type\":\"WebSite\",\"@id\":\"https:\/\/www.comverga.com\/pol\/#website\",\"url\":\"https:\/\/www.comverga.com\/pol\/\",\"name\":\"COMVERGA Poland\",\"description\":\"Comverga Poland\",\"publisher\":{\"@id\":\"https:\/\/www.comverga.com\/pol\/#organization\"},\"potentialAction\":[{\"@type\":\"SearchAction\",\"target\":{\"@type\":\"EntryPoint\",\"urlTemplate\":\"https:\/\/www.comverga.com\/pol\/?s={search_term_string}\"},\"query-input\":\"required name=search_term_string\"}],\"inLanguage\":\"de\"},{\"@type\":\"Organization\",\"@id\":\"https:\/\/www.comverga.com\/pol\/#organization\",\"name\":\"COMVERGA Poland\",\"url\":\"https:\/\/www.comverga.com\/pol\/\",\"logo\":{\"@type\":\"ImageObject\",\"inLanguage\":\"de\",\"@id\":\"https:\/\/www.comverga.com\/pol\/#\/schema\/logo\/image\/\",\"url\":\"https:\/\/www.comverga.com\/pol\/wp-content\/uploads\/sites\/2\/2020\/11\/Comverga_CC.png\",\"contentUrl\":\"https:\/\/www.comverga.com\/pol\/wp-content\/uploads\/sites\/2\/2020\/11\/Comverga_CC.png\",\"width\":800,\"height\":800,\"caption\":\"COMVERGA Poland\"},\"image\":{\"@id\":\"https:\/\/www.comverga.com\/pol\/#\/schema\/logo\/image\/\"}}]}<\/script>\n<!-- \/ Yoast SEO plugin. -->","yoast_head_json":{"title":"Pr\u00e4diktive W\u00e4hlger\u00e4te - COMVERGA Polen","robots":{"index":"index","follow":"follow","max-snippet":"max-snippet:-1","max-image-preview":"max-image-preview:large","max-video-preview":"max-video-preview:-1"},"canonical":"https:\/\/www.comverga.com\/pol\/de\/uslugi\/rozzwiazania\/predictive-dialers\/","og_locale":"de_DE","og_type":"article","og_title":"Predictive Dialers - COMVERGA Poland","og_description":"Efektywne wybieranie numeru: dialer Stanowi\u0105 element systemu Call Center i odpowiadaj\u0105 za automatyczne nawi\u0105zanie po\u0142\u0105cze\u0144 wychodz\u0105cych \u2013 dialery s\u0105 cz\u0119sto stosowanym rozwi\u0105zaniem we wsp\u00f3\u0142czesnych centrach telekomunikacyjnych oraz dla platform komunikacyjnych. Dzia\u0142aj\u0105 w prosty spos\u00f3b, poprzez zestawienie po\u0142\u0105cze\u0144 na numery uprzednio przygotowanej listy kontaktowej. Dialer stanowi narz\u0119dzie ch\u0119tnie wykorzystywane przy kampaniach wychodz\u0105cych w r\u00f3\u017cnego rodzaju Call [&hellip;]","og_url":"https:\/\/www.comverga.com\/pol\/de\/uslugi\/rozzwiazania\/predictive-dialers\/","og_site_name":"COMVERGA Poland","article_modified_time":"2021-03-10T11:15:35+00:00","og_image":[{"width":1920,"height":620,"url":"https:\/\/www.comverga.com\/pol\/wp-content\/uploads\/sites\/2\/2020\/11\/dialery-1.jpg","type":"image\/jpeg"}],"twitter_card":"summary_large_image","twitter_misc":{"Gesch\u00e4tzte Lesezeit":"2\u00a0Minuten"},"schema":{"@context":"https:\/\/schema.org","@graph":[{"@type":"WebPage","@id":"https:\/\/www.comverga.com\/pol\/uslugi\/rozzwiazania\/predictive-dialers\/","url":"https:\/\/www.comverga.com\/pol\/uslugi\/rozzwiazania\/predictive-dialers\/","name":"Pr\u00e4diktive W\u00e4hlger\u00e4te - COMVERGA Polen","isPartOf":{"@id":"https:\/\/www.comverga.com\/pol\/#website"},"datePublished":"2020-11-30T05:36:00+00:00","dateModified":"2021-03-10T11:15:35+00:00","breadcrumb":{"@id":"https:\/\/www.comverga.com\/pol\/uslugi\/rozzwiazania\/predictive-dialers\/#breadcrumb"},"inLanguage":"de","potentialAction":[{"@type":"ReadAction","target":["https:\/\/www.comverga.com\/pol\/uslugi\/rozzwiazania\/predictive-dialers\/"]}]},{"@type":"BreadcrumbList","@id":"https:\/\/www.comverga.com\/pol\/uslugi\/rozzwiazania\/predictive-dialers\/#breadcrumb","itemListElement":[{"@type":"ListItem","position":1,"name":"Us\u0142ugi","item":"https:\/\/www.comverga.com\/pol\/uslugi\/"},{"@type":"ListItem","position":2,"name":"Rozwi\u0105zania informatyczne i telekomunikacyjne","item":"https:\/\/www.comverga.com\/pol\/uslugi\/rozzwiazania\/"},{"@type":"ListItem","position":3,"name":"Predictive Dialers"}]},{"@type":"WebSite","@id":"https:\/\/www.comverga.com\/pol\/#website","url":"https:\/\/www.comverga.com\/pol\/","name":"COMVERGA Polen","description":"Comverga Polen","publisher":{"@id":"https:\/\/www.comverga.com\/pol\/#organization"},"potentialAction":[{"@type":"SearchAction","target":{"@type":"EntryPoint","urlTemplate":"https:\/\/www.comverga.com\/pol\/?s={search_term_string}"},"query-input":"required name=search_term_string"}],"inLanguage":"de"},{"@type":"Organization","@id":"https:\/\/www.comverga.com\/pol\/#organization","name":"COMVERGA Polen","url":"https:\/\/www.comverga.com\/pol\/","logo":{"@type":"ImageObject","inLanguage":"de","@id":"https:\/\/www.comverga.com\/pol\/#\/schema\/logo\/image\/","url":"https:\/\/www.comverga.com\/pol\/wp-content\/uploads\/sites\/2\/2020\/11\/Comverga_CC.png","contentUrl":"https:\/\/www.comverga.com\/pol\/wp-content\/uploads\/sites\/2\/2020\/11\/Comverga_CC.png","width":800,"height":800,"caption":"COMVERGA Poland"},"image":{"@id":"https:\/\/www.comverga.com\/pol\/#\/schema\/logo\/image\/"}}]}},"_links":{"self":[{"href":"https:\/\/www.comverga.com\/pol\/de\/wp-json\/wp\/v2\/pages\/631"}],"collection":[{"href":"https:\/\/www.comverga.com\/pol\/de\/wp-json\/wp\/v2\/pages"}],"about":[{"href":"https:\/\/www.comverga.com\/pol\/de\/wp-json\/wp\/v2\/types\/page"}],"author":[{"embeddable":true,"href":"https:\/\/www.comverga.com\/pol\/de\/wp-json\/wp\/v2\/users\/1"}],"replies":[{"embeddable":true,"href":"https:\/\/www.comverga.com\/pol\/de\/wp-json\/wp\/v2\/comments?post=631"}],"version-history":[{"count":32,"href":"https:\/\/www.comverga.com\/pol\/de\/wp-json\/wp\/v2\/pages\/631\/revisions"}],"predecessor-version":[{"id":2060,"href":"https:\/\/www.comverga.com\/pol\/de\/wp-json\/wp\/v2\/pages\/631\/revisions\/2060"}],"up":[{"embeddable":true,"href":"https:\/\/www.comverga.com\/pol\/de\/wp-json\/wp\/v2\/pages\/249"}],"wp:featuredmedia":[{"embeddable":true,"href":"https:\/\/www.comverga.com\/pol\/de\/wp-json\/wp\/v2\/media\/129"}],"wp:attachment":[{"href":"https:\/\/www.comverga.com\/pol\/de\/wp-json\/wp\/v2\/media?parent=631"}],"curies":[{"name":"wp","href":"https:\/\/api.w.org\/{rel}","templated":true}]}}