{"id":719,"date":"2020-12-02T11:39:01","date_gmt":"2020-12-02T10:39:01","guid":{"rendered":"https:\/\/www.comverga.com\/pol\/?page_id=719"},"modified":"2020-12-02T11:39:01","modified_gmt":"2020-12-02T10:39:01","slug":"custom-projects","status":"publish","type":"page","link":"https:\/\/www.comverga.com\/pol\/de\/services\/solutions\/custom-projects\/","title":{"rendered":"Kundenspezifische Projekte"},"content":{"rendered":"<p>Ma\u00dfgeschneiderte Anwendungen zeichnen sich in der Regel durch einzigartige Funktionen und einen individuellen Ansatz f\u00fcr die entwickelte L\u00f6sung oder den Prozess aus. Die Umsetzung eines IT-Projekts ist ein komplexes Unterfangen, das sowohl ein technisches Verst\u00e4ndnis f\u00fcr die IT-L\u00f6sung selbst als auch f\u00fcr die gesch\u00e4ftlichen Anforderungen des Kunden erfordert. Das ist f\u00fcr uns selbstverst\u00e4ndlich, weshalb unsere Kunden die Zusammenarbeit mit uns in einer Vielzahl von Bereichen sch\u00e4tzen<\/p>\n\n\n\n<p>Wir erstellen Web-, mobile und hybride Anwendungen.<br>Wir f\u00fchren die Digitalisierung und Automatisierung von Prozessen und Inhalten ein.<br>Wir implementieren Systemintegrationen in verschiedenen Architekturen und Technologien.<br>Wir k\u00fcmmern uns um das richtige Nutzererlebnis und die Effizienz der L\u00f6sungen.<br>Wir sorgen f\u00fcr die Wartung und Weiterentwicklung der bereitgestellten L\u00f6sungen.<br>Wir implementieren L\u00f6sungen umfassend - von der Analyse und Beratung \u00fcber Design, Kodierung oder Parametrisierung bis hin zur Implementierung und dem reibungslosen \u00dcbergang zur Wartung. Unser professionelles Team begleitet Sie durch alle Phasen der Erstellung einer neuen L\u00f6sung. Wir arbeiten eng mit unseren Kunden zusammen und bieten Beratung und Unterst\u00fctzung bei der Umsetzung des gesamten Projekts.<\/p>\n\n\n\n<p>Wir sind in jede Phase des Projekts eingebunden.<\/p>\n\n\n\n<p>Wir unterst\u00fctzen und beraten bei der Definition von funktionalen und nicht-funktionalen Anforderungen,<br>wir beaufsichtigen und koordinieren den Prozess der Softwareentwicklung, der Tests und der Dokumentation<br>wir wachen \u00fcber die korrekte Umsetzung und den Betrieb.<br>Wir k\u00fcmmern uns um die Sicherheit des Projekts und das Budget des Kunden, indem wir popul\u00e4re Frameworks und Komponenten ausw\u00e4hlen, die von der Community unterst\u00fctzt werden, was es uns erm\u00f6glicht, das Projekt kostenoptimal umzusetzen. Wir teilen unser Wissen und das ist der Grund, warum unsere Kunden sich sicher f\u00fchlen, wenn sie Projekte mit uns umsetzen.<\/p>","protected":false},"excerpt":{"rendered":"<p>Ma\u00dfgeschneiderte Anwendungen zeichnen sich in der Regel durch einzigartige Funktionen und einen individuellen Ansatz f\u00fcr die entwickelte L\u00f6sung oder den Prozess aus. Die Umsetzung eines IT-Projekts ist ein komplexes Unterfangen, das sowohl ein technisches Verst\u00e4ndnis f\u00fcr die IT-L\u00f6sung selbst als auch f\u00fcr die gesch\u00e4ftlichen Anforderungen des Kunden erfordert. Das ist f\u00fcr uns selbstverst\u00e4ndlich, weshalb unsere Kunden [...].<\/p>","protected":false},"author":1,"featured_media":71,"parent":167,"menu_order":0,"comment_status":"closed","ping_status":"closed","template":"","meta":{"footnotes":""},"yoast_head":"<!-- This site is optimized with the Yoast SEO plugin v21.6 - https:\/\/yoast.com\/wordpress\/plugins\/seo\/ -->\n<title>Custom projects - COMVERGA Poland<\/title>\n<meta name=\"robots\" content=\"index, follow, max-snippet:-1, max-image-preview:large, max-video-preview:-1\" \/>\n<link rel=\"canonical\" href=\"https:\/\/www.comverga.com\/pol\/de\/services\/solutions\/custom-projects\/\" \/>\n<meta property=\"og:locale\" content=\"de_DE\" \/>\n<meta property=\"og:type\" content=\"article\" \/>\n<meta property=\"og:title\" content=\"Custom projects - COMVERGA Poland\" \/>\n<meta property=\"og:description\" content=\"Custom applications are usually characterized by unique functionality and an individual approach to the designed solution or process. The implementation of an IT project is a complex undertaking that requires both a technical understanding of the IT solution itself and the client&#8217;s business needs. It is obvious to us, which is why our Clients value [&hellip;]\" \/>\n<meta property=\"og:url\" content=\"https:\/\/www.comverga.com\/pol\/de\/services\/solutions\/custom-projects\/\" \/>\n<meta property=\"og:site_name\" content=\"COMVERGA Poland\" \/>\n<meta property=\"og:image\" content=\"https:\/\/www.comverga.com\/pol\/wp-content\/uploads\/sites\/2\/2020\/11\/photo5.jpg\" \/>\n\t<meta property=\"og:image:width\" content=\"1280\" \/>\n\t<meta property=\"og:image:height\" content=\"720\" \/>\n\t<meta property=\"og:image:type\" content=\"image\/jpeg\" \/>\n<meta name=\"twitter:card\" content=\"summary_large_image\" \/>\n<meta name=\"twitter:label1\" content=\"Gesch\u00e4tzte Lesezeit\" \/>\n\t<meta name=\"twitter:data1\" content=\"1\u00a0Minute\" \/>\n<script type=\"application\/ld+json\" class=\"yoast-schema-graph\">{\"@context\":\"https:\/\/schema.org\",\"@graph\":[{\"@type\":\"WebPage\",\"@id\":\"https:\/\/www.comverga.com\/pol\/services\/solutions\/custom-projects\/\",\"url\":\"https:\/\/www.comverga.com\/pol\/services\/solutions\/custom-projects\/\",\"name\":\"Custom projects - COMVERGA Poland\",\"isPartOf\":{\"@id\":\"https:\/\/www.comverga.com\/pol\/#website\"},\"datePublished\":\"2020-12-02T10:39:01+00:00\",\"dateModified\":\"2020-12-02T10:39:01+00:00\",\"breadcrumb\":{\"@id\":\"https:\/\/www.comverga.com\/pol\/services\/solutions\/custom-projects\/#breadcrumb\"},\"inLanguage\":\"de\",\"potentialAction\":[{\"@type\":\"ReadAction\",\"target\":[\"https:\/\/www.comverga.com\/pol\/services\/solutions\/custom-projects\/\"]}]},{\"@type\":\"BreadcrumbList\",\"@id\":\"https:\/\/www.comverga.com\/pol\/services\/solutions\/custom-projects\/#breadcrumb\",\"itemListElement\":[{\"@type\":\"ListItem\",\"position\":1,\"name\":\"Services\",\"item\":\"https:\/\/www.comverga.com\/pol\/services\/\"},{\"@type\":\"ListItem\",\"position\":2,\"name\":\"Solutions\",\"item\":\"https:\/\/www.comverga.com\/pol\/services\/solutions\/\"},{\"@type\":\"ListItem\",\"position\":3,\"name\":\"Custom projects\"}]},{\"@type\":\"WebSite\",\"@id\":\"https:\/\/www.comverga.com\/pol\/#website\",\"url\":\"https:\/\/www.comverga.com\/pol\/\",\"name\":\"COMVERGA Poland\",\"description\":\"Comverga Poland\",\"publisher\":{\"@id\":\"https:\/\/www.comverga.com\/pol\/#organization\"},\"potentialAction\":[{\"@type\":\"SearchAction\",\"target\":{\"@type\":\"EntryPoint\",\"urlTemplate\":\"https:\/\/www.comverga.com\/pol\/?s={search_term_string}\"},\"query-input\":\"required name=search_term_string\"}],\"inLanguage\":\"de\"},{\"@type\":\"Organization\",\"@id\":\"https:\/\/www.comverga.com\/pol\/#organization\",\"name\":\"COMVERGA Poland\",\"url\":\"https:\/\/www.comverga.com\/pol\/\",\"logo\":{\"@type\":\"ImageObject\",\"inLanguage\":\"de\",\"@id\":\"https:\/\/www.comverga.com\/pol\/#\/schema\/logo\/image\/\",\"url\":\"https:\/\/www.comverga.com\/pol\/wp-content\/uploads\/sites\/2\/2020\/11\/Comverga_CC.png\",\"contentUrl\":\"https:\/\/www.comverga.com\/pol\/wp-content\/uploads\/sites\/2\/2020\/11\/Comverga_CC.png\",\"width\":800,\"height\":800,\"caption\":\"COMVERGA Poland\"},\"image\":{\"@id\":\"https:\/\/www.comverga.com\/pol\/#\/schema\/logo\/image\/\"}}]}<\/script>\n<!-- \/ Yoast SEO plugin. -->","yoast_head_json":{"title":"Custom projects - COMVERGA Poland","robots":{"index":"index","follow":"follow","max-snippet":"max-snippet:-1","max-image-preview":"max-image-preview:large","max-video-preview":"max-video-preview:-1"},"canonical":"https:\/\/www.comverga.com\/pol\/de\/services\/solutions\/custom-projects\/","og_locale":"de_DE","og_type":"article","og_title":"Custom projects - COMVERGA Poland","og_description":"Custom applications are usually characterized by unique functionality and an individual approach to the designed solution or process. The implementation of an IT project is a complex undertaking that requires both a technical understanding of the IT solution itself and the client&#8217;s business needs. It is obvious to us, which is why our Clients value [&hellip;]","og_url":"https:\/\/www.comverga.com\/pol\/de\/services\/solutions\/custom-projects\/","og_site_name":"COMVERGA Poland","og_image":[{"width":1280,"height":720,"url":"https:\/\/www.comverga.com\/pol\/wp-content\/uploads\/sites\/2\/2020\/11\/photo5.jpg","type":"image\/jpeg"}],"twitter_card":"summary_large_image","twitter_misc":{"Gesch\u00e4tzte Lesezeit":"1\u00a0Minute"},"schema":{"@context":"https:\/\/schema.org","@graph":[{"@type":"WebPage","@id":"https:\/\/www.comverga.com\/pol\/services\/solutions\/custom-projects\/","url":"https:\/\/www.comverga.com\/pol\/services\/solutions\/custom-projects\/","name":"Custom projects - COMVERGA Poland","isPartOf":{"@id":"https:\/\/www.comverga.com\/pol\/#website"},"datePublished":"2020-12-02T10:39:01+00:00","dateModified":"2020-12-02T10:39:01+00:00","breadcrumb":{"@id":"https:\/\/www.comverga.com\/pol\/services\/solutions\/custom-projects\/#breadcrumb"},"inLanguage":"de","potentialAction":[{"@type":"ReadAction","target":["https:\/\/www.comverga.com\/pol\/services\/solutions\/custom-projects\/"]}]},{"@type":"BreadcrumbList","@id":"https:\/\/www.comverga.com\/pol\/services\/solutions\/custom-projects\/#breadcrumb","itemListElement":[{"@type":"ListItem","position":1,"name":"Services","item":"https:\/\/www.comverga.com\/pol\/services\/"},{"@type":"ListItem","position":2,"name":"Solutions","item":"https:\/\/www.comverga.com\/pol\/services\/solutions\/"},{"@type":"ListItem","position":3,"name":"Custom projects"}]},{"@type":"WebSite","@id":"https:\/\/www.comverga.com\/pol\/#website","url":"https:\/\/www.comverga.com\/pol\/","name":"COMVERGA Polen","description":"Comverga Polen","publisher":{"@id":"https:\/\/www.comverga.com\/pol\/#organization"},"potentialAction":[{"@type":"SearchAction","target":{"@type":"EntryPoint","urlTemplate":"https:\/\/www.comverga.com\/pol\/?s={search_term_string}"},"query-input":"required name=search_term_string"}],"inLanguage":"de"},{"@type":"Organization","@id":"https:\/\/www.comverga.com\/pol\/#organization","name":"COMVERGA Polen","url":"https:\/\/www.comverga.com\/pol\/","logo":{"@type":"ImageObject","inLanguage":"de","@id":"https:\/\/www.comverga.com\/pol\/#\/schema\/logo\/image\/","url":"https:\/\/www.comverga.com\/pol\/wp-content\/uploads\/sites\/2\/2020\/11\/Comverga_CC.png","contentUrl":"https:\/\/www.comverga.com\/pol\/wp-content\/uploads\/sites\/2\/2020\/11\/Comverga_CC.png","width":800,"height":800,"caption":"COMVERGA Poland"},"image":{"@id":"https:\/\/www.comverga.com\/pol\/#\/schema\/logo\/image\/"}}]}},"_links":{"self":[{"href":"https:\/\/www.comverga.com\/pol\/de\/wp-json\/wp\/v2\/pages\/719"}],"collection":[{"href":"https:\/\/www.comverga.com\/pol\/de\/wp-json\/wp\/v2\/pages"}],"about":[{"href":"https:\/\/www.comverga.com\/pol\/de\/wp-json\/wp\/v2\/types\/page"}],"author":[{"embeddable":true,"href":"https:\/\/www.comverga.com\/pol\/de\/wp-json\/wp\/v2\/users\/1"}],"replies":[{"embeddable":true,"href":"https:\/\/www.comverga.com\/pol\/de\/wp-json\/wp\/v2\/comments?post=719"}],"version-history":[{"count":0,"href":"https:\/\/www.comverga.com\/pol\/de\/wp-json\/wp\/v2\/pages\/719\/revisions"}],"up":[{"embeddable":true,"href":"https:\/\/www.comverga.com\/pol\/de\/wp-json\/wp\/v2\/pages\/167"}],"wp:featuredmedia":[{"embeddable":true,"href":"https:\/\/www.comverga.com\/pol\/de\/wp-json\/wp\/v2\/media\/71"}],"wp:attachment":[{"href":"https:\/\/www.comverga.com\/pol\/de\/wp-json\/wp\/v2\/media?parent=719"}],"curies":[{"name":"wp","href":"https:\/\/api.w.org\/{rel}","templated":true}]}}