{"id":741,"date":"2020-12-02T11:43:48","date_gmt":"2020-12-02T10:43:48","guid":{"rendered":"https:\/\/www.comverga.com\/pol\/?page_id=741"},"modified":"2020-12-02T11:43:48","modified_gmt":"2020-12-02T10:43:48","slug":"ivr","status":"publish","type":"page","link":"https:\/\/www.comverga.com\/pol\/de\/services\/solutions\/ivr\/","title":{"rendered":"IVR"},"content":{"rendered":"<p>Intelligentes Sprachansage-System - d.h. \u00fcber IVR<br>Interactive Voice Response ist ein durch Telefonapparate automatisiertes Sprachinformationssystem. Es erm\u00f6glicht den interaktiven Umgang mit Anrufern und ist gleichzeitig ein Selbstbedienungs- und Schnellzugang zu Informationen oder Dienstleistungen f\u00fcr die Nutzer. Es manifestiert sich in der Nachricht, die nach dem Verbindungsaufbau zu h\u00f6ren ist. Zuvor wird sie so aufgezeichnet, dass der Anrufer eine der Men\u00fcoptionen in der DTMF-Tonvariante oder mittels Spracherkennung ausw\u00e4hlen kann.<\/p>\n\n\n\n<h2 class=\"wp-block-heading\">Anwendungsbereiche<\/h2>\n\n\n\n<p>Das System dient der Abwicklung einer gro\u00dfen Anzahl von Telefonverbindungen und wird daher am h\u00e4ufigsten im so genannten Call Center eingesetzt. Es wird auch verwendet in:<\/p>\n\n\n\n<p>Telefon-Banking,<br>Telemarketing,<br>Privatkliniken (Medizin, Zahnmedizin, Kosmetik),<br>Hotelreservierungen,<br>Wartung von Treueprogrammen,<br>Abstimmungen \u00fcber Unterhaltungssendungen im Fernsehen,<br>Kundenservice der Mobilfunkbetreiber,<br>und viele andere Bereiche.<br>Das intelligente Anzeigensystem wird in erster Linie f\u00fcr die Datenpr\u00fcfung und -erfassung, die Informationsdarstellung und die elektronische Buchung eingesetzt.<\/p>","protected":false},"excerpt":{"rendered":"<p>Intelligent Voice Announcement System - d.h. \u00fcber IVRInteractive Voice Response ist ein durch Telefonapparate automatisiertes Sprachinformationssystem. Es erm\u00f6glicht den interaktiven Umgang mit Anrufern und ist gleichzeitig ein Selbstbedienungs- und schneller Zugangskanal zu Informationen oder Diensten f\u00fcr die Nutzer. Es manifestiert sich in der Nachricht, die nach dem Verbindungsaufbau zu h\u00f6ren ist. [...]<\/p>","protected":false},"author":1,"featured_media":132,"parent":167,"menu_order":0,"comment_status":"closed","ping_status":"closed","template":"","meta":{"footnotes":""},"yoast_head":"<!-- This site is optimized with the Yoast SEO plugin v21.6 - https:\/\/yoast.com\/wordpress\/plugins\/seo\/ -->\n<title>IVR - COMVERGA Poland<\/title>\n<meta name=\"robots\" content=\"index, follow, max-snippet:-1, max-image-preview:large, max-video-preview:-1\" \/>\n<link rel=\"canonical\" href=\"https:\/\/www.comverga.com\/pol\/de\/services\/solutions\/ivr\/\" \/>\n<meta property=\"og:locale\" content=\"de_DE\" \/>\n<meta property=\"og:type\" content=\"article\" \/>\n<meta property=\"og:title\" content=\"IVR - COMVERGA Poland\" \/>\n<meta property=\"og:description\" content=\"Intelligent Voice Announcement System &#8211; i.e. about IVRInteractive Voice Response is a voice information system automated by telephone sets. It allows for interactive handling of callers, being at the same time a self-service and fast channel of access to information or services for users. It manifests itself in the message heard after establishing the connection. [&hellip;]\" \/>\n<meta property=\"og:url\" content=\"https:\/\/www.comverga.com\/pol\/de\/services\/solutions\/ivr\/\" \/>\n<meta property=\"og:site_name\" content=\"COMVERGA Poland\" \/>\n<meta property=\"og:image\" content=\"https:\/\/www.comverga.com\/pol\/wp-content\/uploads\/sites\/2\/2020\/11\/ivr-1-1.jpg\" \/>\n\t<meta property=\"og:image:width\" content=\"1920\" \/>\n\t<meta property=\"og:image:height\" content=\"620\" \/>\n\t<meta property=\"og:image:type\" content=\"image\/jpeg\" \/>\n<meta name=\"twitter:card\" content=\"summary_large_image\" \/>\n<meta name=\"twitter:label1\" content=\"Gesch\u00e4tzte Lesezeit\" \/>\n\t<meta name=\"twitter:data1\" content=\"1\u00a0Minute\" \/>\n<script type=\"application\/ld+json\" class=\"yoast-schema-graph\">{\"@context\":\"https:\/\/schema.org\",\"@graph\":[{\"@type\":\"WebPage\",\"@id\":\"https:\/\/www.comverga.com\/pol\/services\/solutions\/ivr\/\",\"url\":\"https:\/\/www.comverga.com\/pol\/services\/solutions\/ivr\/\",\"name\":\"IVR - COMVERGA Poland\",\"isPartOf\":{\"@id\":\"https:\/\/www.comverga.com\/pol\/#website\"},\"datePublished\":\"2020-12-02T10:43:48+00:00\",\"dateModified\":\"2020-12-02T10:43:48+00:00\",\"breadcrumb\":{\"@id\":\"https:\/\/www.comverga.com\/pol\/services\/solutions\/ivr\/#breadcrumb\"},\"inLanguage\":\"de\",\"potentialAction\":[{\"@type\":\"ReadAction\",\"target\":[\"https:\/\/www.comverga.com\/pol\/services\/solutions\/ivr\/\"]}]},{\"@type\":\"BreadcrumbList\",\"@id\":\"https:\/\/www.comverga.com\/pol\/services\/solutions\/ivr\/#breadcrumb\",\"itemListElement\":[{\"@type\":\"ListItem\",\"position\":1,\"name\":\"Services\",\"item\":\"https:\/\/www.comverga.com\/pol\/services\/\"},{\"@type\":\"ListItem\",\"position\":2,\"name\":\"Solutions\",\"item\":\"https:\/\/www.comverga.com\/pol\/services\/solutions\/\"},{\"@type\":\"ListItem\",\"position\":3,\"name\":\"IVR\"}]},{\"@type\":\"WebSite\",\"@id\":\"https:\/\/www.comverga.com\/pol\/#website\",\"url\":\"https:\/\/www.comverga.com\/pol\/\",\"name\":\"COMVERGA Poland\",\"description\":\"Comverga Poland\",\"publisher\":{\"@id\":\"https:\/\/www.comverga.com\/pol\/#organization\"},\"potentialAction\":[{\"@type\":\"SearchAction\",\"target\":{\"@type\":\"EntryPoint\",\"urlTemplate\":\"https:\/\/www.comverga.com\/pol\/?s={search_term_string}\"},\"query-input\":\"required name=search_term_string\"}],\"inLanguage\":\"de\"},{\"@type\":\"Organization\",\"@id\":\"https:\/\/www.comverga.com\/pol\/#organization\",\"name\":\"COMVERGA Poland\",\"url\":\"https:\/\/www.comverga.com\/pol\/\",\"logo\":{\"@type\":\"ImageObject\",\"inLanguage\":\"de\",\"@id\":\"https:\/\/www.comverga.com\/pol\/#\/schema\/logo\/image\/\",\"url\":\"https:\/\/www.comverga.com\/pol\/wp-content\/uploads\/sites\/2\/2020\/11\/Comverga_CC.png\",\"contentUrl\":\"https:\/\/www.comverga.com\/pol\/wp-content\/uploads\/sites\/2\/2020\/11\/Comverga_CC.png\",\"width\":800,\"height\":800,\"caption\":\"COMVERGA Poland\"},\"image\":{\"@id\":\"https:\/\/www.comverga.com\/pol\/#\/schema\/logo\/image\/\"}}]}<\/script>\n<!-- \/ Yoast SEO plugin. -->","yoast_head_json":{"title":"IVR - COMVERGA Poland","robots":{"index":"index","follow":"follow","max-snippet":"max-snippet:-1","max-image-preview":"max-image-preview:large","max-video-preview":"max-video-preview:-1"},"canonical":"https:\/\/www.comverga.com\/pol\/de\/services\/solutions\/ivr\/","og_locale":"de_DE","og_type":"article","og_title":"IVR - COMVERGA Poland","og_description":"Intelligent Voice Announcement System &#8211; i.e. about IVRInteractive Voice Response is a voice information system automated by telephone sets. It allows for interactive handling of callers, being at the same time a self-service and fast channel of access to information or services for users. It manifests itself in the message heard after establishing the connection. [&hellip;]","og_url":"https:\/\/www.comverga.com\/pol\/de\/services\/solutions\/ivr\/","og_site_name":"COMVERGA Poland","og_image":[{"width":1920,"height":620,"url":"https:\/\/www.comverga.com\/pol\/wp-content\/uploads\/sites\/2\/2020\/11\/ivr-1-1.jpg","type":"image\/jpeg"}],"twitter_card":"summary_large_image","twitter_misc":{"Gesch\u00e4tzte Lesezeit":"1\u00a0Minute"},"schema":{"@context":"https:\/\/schema.org","@graph":[{"@type":"WebPage","@id":"https:\/\/www.comverga.com\/pol\/services\/solutions\/ivr\/","url":"https:\/\/www.comverga.com\/pol\/services\/solutions\/ivr\/","name":"IVR - COMVERGA Poland","isPartOf":{"@id":"https:\/\/www.comverga.com\/pol\/#website"},"datePublished":"2020-12-02T10:43:48+00:00","dateModified":"2020-12-02T10:43:48+00:00","breadcrumb":{"@id":"https:\/\/www.comverga.com\/pol\/services\/solutions\/ivr\/#breadcrumb"},"inLanguage":"de","potentialAction":[{"@type":"ReadAction","target":["https:\/\/www.comverga.com\/pol\/services\/solutions\/ivr\/"]}]},{"@type":"BreadcrumbList","@id":"https:\/\/www.comverga.com\/pol\/services\/solutions\/ivr\/#breadcrumb","itemListElement":[{"@type":"ListItem","position":1,"name":"Services","item":"https:\/\/www.comverga.com\/pol\/services\/"},{"@type":"ListItem","position":2,"name":"Solutions","item":"https:\/\/www.comverga.com\/pol\/services\/solutions\/"},{"@type":"ListItem","position":3,"name":"IVR"}]},{"@type":"WebSite","@id":"https:\/\/www.comverga.com\/pol\/#website","url":"https:\/\/www.comverga.com\/pol\/","name":"COMVERGA Polen","description":"Comverga Polen","publisher":{"@id":"https:\/\/www.comverga.com\/pol\/#organization"},"potentialAction":[{"@type":"SearchAction","target":{"@type":"EntryPoint","urlTemplate":"https:\/\/www.comverga.com\/pol\/?s={search_term_string}"},"query-input":"required name=search_term_string"}],"inLanguage":"de"},{"@type":"Organization","@id":"https:\/\/www.comverga.com\/pol\/#organization","name":"COMVERGA Polen","url":"https:\/\/www.comverga.com\/pol\/","logo":{"@type":"ImageObject","inLanguage":"de","@id":"https:\/\/www.comverga.com\/pol\/#\/schema\/logo\/image\/","url":"https:\/\/www.comverga.com\/pol\/wp-content\/uploads\/sites\/2\/2020\/11\/Comverga_CC.png","contentUrl":"https:\/\/www.comverga.com\/pol\/wp-content\/uploads\/sites\/2\/2020\/11\/Comverga_CC.png","width":800,"height":800,"caption":"COMVERGA Poland"},"image":{"@id":"https:\/\/www.comverga.com\/pol\/#\/schema\/logo\/image\/"}}]}},"_links":{"self":[{"href":"https:\/\/www.comverga.com\/pol\/de\/wp-json\/wp\/v2\/pages\/741"}],"collection":[{"href":"https:\/\/www.comverga.com\/pol\/de\/wp-json\/wp\/v2\/pages"}],"about":[{"href":"https:\/\/www.comverga.com\/pol\/de\/wp-json\/wp\/v2\/types\/page"}],"author":[{"embeddable":true,"href":"https:\/\/www.comverga.com\/pol\/de\/wp-json\/wp\/v2\/users\/1"}],"replies":[{"embeddable":true,"href":"https:\/\/www.comverga.com\/pol\/de\/wp-json\/wp\/v2\/comments?post=741"}],"version-history":[{"count":0,"href":"https:\/\/www.comverga.com\/pol\/de\/wp-json\/wp\/v2\/pages\/741\/revisions"}],"up":[{"embeddable":true,"href":"https:\/\/www.comverga.com\/pol\/de\/wp-json\/wp\/v2\/pages\/167"}],"wp:featuredmedia":[{"embeddable":true,"href":"https:\/\/www.comverga.com\/pol\/de\/wp-json\/wp\/v2\/media\/132"}],"wp:attachment":[{"href":"https:\/\/www.comverga.com\/pol\/de\/wp-json\/wp\/v2\/media?parent=741"}],"curies":[{"name":"wp","href":"https:\/\/api.w.org\/{rel}","templated":true}]}}