{"id":829,"date":"2020-12-15T13:35:39","date_gmt":"2020-12-15T12:35:39","guid":{"rendered":"https:\/\/www.comverga.com\/pol\/?page_id=829"},"modified":"2021-02-03T12:14:46","modified_gmt":"2021-02-03T11:14:46","slug":"administracja","status":"publish","type":"page","link":"https:\/\/www.comverga.com\/pol\/de\/branze\/administracja\/","title":{"rendered":"Verwaltung"},"content":{"rendered":"<div data-elementor-type=\"wp-page\" data-elementor-id=\"829\" class=\"elementor elementor-829\">\n\t\t\t\t\t\t\t\t\t<section class=\"elementor-section elementor-top-section elementor-element elementor-element-346f3f57 elementor-section-stretched elementor-section-boxed elementor-section-height-default elementor-section-height-default\" data-id=\"346f3f57\" data-element_type=\"section\" data-settings=\"{&quot;stretch_section&quot;:&quot;section-stretched&quot;,&quot;background_background&quot;:&quot;classic&quot;}\">\n\t\t\t\t\t\t<div class=\"elementor-container elementor-column-gap-default\">\n\t\t\t\t\t<div class=\"elementor-column elementor-col-100 elementor-top-column elementor-element elementor-element-15852ae2\" data-id=\"15852ae2\" data-element_type=\"column\">\n\t\t\t<div class=\"elementor-widget-wrap elementor-element-populated\">\n\t\t\t\t\t\t\t\t<div class=\"elementor-element elementor-element-b1de15a elementor-widget elementor-widget-heading\" data-id=\"b1de15a\" data-element_type=\"widget\" data-widget_type=\"heading.default\">\n\t\t\t\t<div class=\"elementor-widget-container\">\n\t\t\t<h2 class=\"elementor-heading-title elementor-size-large\">Im Dienste der \u00f6ffentlichen Verwaltung<\/h2>\t\t<\/div>\n\t\t\t\t<\/div>\n\t\t\t\t<div class=\"elementor-element elementor-element-bb3c6ff elementor-widget-divider--view-line elementor-widget elementor-widget-divider\" data-id=\"bb3c6ff\" data-element_type=\"widget\" data-widget_type=\"divider.default\">\n\t\t\t\t<div class=\"elementor-widget-container\">\n\t\t\t\t\t<div class=\"elementor-divider\">\n\t\t\t<span class=\"elementor-divider-separator\">\n\t\t\t\t\t\t<\/span>\n\t\t<\/div>\n\t\t\t\t<\/div>\n\t\t\t\t<\/div>\n\t\t\t\t<div class=\"elementor-element elementor-element-62bffdc elementor-widget elementor-widget-text-editor\" data-id=\"62bffdc\" data-element_type=\"widget\" data-widget_type=\"text-editor.default\">\n\t\t\t\t<div class=\"elementor-widget-container\">\n\t\t\t\t\t\t\t<p>Unser Unternehmen ist aktiv an der Entwicklung der Informationsgesellschaft beteiligt. Ein Schl\u00fcsselelement beim Aufbau eines modernen Staates ist die Bereitstellung \u00f6ffentlicher Dienstleistungen mit Unterst\u00fctzung moderner Telekommunikationsl\u00f6sungen.<\/p>\n<p>Seit 2012 verf\u00fcgen wir \u00fcber ein GIODO-Zertifikat, das unsere Kompetenz im Bereich des Schutzes personenbezogener Daten best\u00e4tigt.<\/p>\n<p><strong>Die am h\u00e4ufigsten verwendete L\u00f6sung ist der mProfi-Dienst, der Folgendes bietet:<\/strong><\/p>\n<ul>\n<li>Erreichen eines breiten Spektrums von Menschen in jeder lokalen Gemeinschaft mit Informationen.<\/li>\n<li>Hochwirksame Botschaft, die sowohl an Mobiltelefone als auch an Festnetzanschl\u00fcsse gesendet werden kann - beliebt in kleineren St\u00e4dten.<\/li>\n<li>Integration der lokalen Gemeinschaft durch regelm\u00e4\u00dfige Informationen \u00fcber aktuelle Ereignisse in der Stadt, Gemeinde oder Region.<\/li>\n<li>F\u00f6rderung von Kultur- und Sportveranstaltungen, um die Besucherzahlen zu erh\u00f6hen.<\/li>\n<li>Erh\u00f6hung des Komforts und der Sicherheit der Anwohner durch Ad-hoc-Meldungen \u00fcber Hindernisse an einem bestimmten Ort oder drohende Gefahren.<\/li>\n<\/ul>\n<p><strong>Ausgew\u00e4hlte Module des mProfi-Dienstes erm\u00f6glichen es den B\u00fcros:<\/strong><\/p>\n<ul>\n<li>Aufbau eines Antragsteller-\/Kundenstamms<\/li>\n<li>Abwicklung der t\u00e4glichen Kontakte mit der \u00d6ffentlichkeit<\/li>\n<li>\u00dcbermittlung von Alarmmeldungen<\/li>\n<li>Durchf\u00fchrung von Abstimmungen oder Wettbewerben bei Veranstaltungen zur F\u00f6rderung der Stadt oder Gemeinde<\/li>\n<li>und viele mehr...<\/li>\n<\/ul>\n<p>Als Teil des mProfi-Dienstes stellen wir auch eine spezielle Smartphone-App f\u00fcr die effiziente Umsetzung der oben genannten Dienstleistungen zur Verf\u00fcgung. Zus\u00e4tzlich zu dem beliebten mProfi-Service bieten wir der Verwaltung die M\u00f6glichkeit, eigene Systeme und ma\u00dfgeschneiderte Dienste zu erstellen.<\/p>\t\t\t\t\t\t<\/div>\n\t\t\t\t<\/div>\n\t\t\t\t\t<\/div>\n\t\t<\/div>\n\t\t\t\t\t\t\t<\/div>\n\t\t<\/section>\n\t\t\t\t<section class=\"elementor-section elementor-top-section elementor-element elementor-element-7b8495a elementor-section-stretched elementor-section-boxed elementor-section-height-default elementor-section-height-default\" data-id=\"7b8495a\" data-element_type=\"section\" data-settings=\"{&quot;stretch_section&quot;:&quot;section-stretched&quot;}\">\n\t\t\t\t\t\t<div class=\"elementor-container elementor-column-gap-default\">\n\t\t\t\t\t<div class=\"elementor-column elementor-col-50 elementor-top-column elementor-element elementor-element-bcde066\" data-id=\"bcde066\" data-element_type=\"column\">\n\t\t\t<div class=\"elementor-widget-wrap elementor-element-populated\">\n\t\t\t\t\t\t\t\t<div class=\"elementor-element elementor-element-1654a99 premium-title-center premium-title-color elementor-widget elementor-widget-premium-addon-title\" data-id=\"1654a99\" data-element_type=\"widget\" data-widget_type=\"premium-addon-title.default\">\n\t\t\t\t<div class=\"elementor-widget-container\">\n\t\t\t\r\n\t\t<div class=\"premium-title-container style3\">\r\n\t\t\t<h2 class=\"premium-title-header premium-title-style3\">\r\n\t\t\t\t\r\n\t\t\t\t\r\n\t\t\t\t\t\t\t\t\t\t\t\t<span class=\"premium-title-text\" >\r\n\t\t\t\t\tDienstleistungen\t\t\t\t<\/span>\r\n\t\t\t\t\t\r\n\t\t\t\t\t\t\t\t\t\t\t<\/h2>\r\n\t\t<\/div>\r\n\r\n\t\t\t\t<\/div>\n\t\t\t\t<\/div>\n\t\t\t\t<div class=\"elementor-element elementor-element-c0f8a58 elementor-widget elementor-widget-text-editor\" data-id=\"c0f8a58\" data-element_type=\"widget\" data-widget_type=\"text-editor.default\">\n\t\t\t\t<div class=\"elementor-widget-container\">\n\t\t\t\t\t\t\t<ul>\n<li>Ma\u00dfgeschneidert<\/li>\n<li>Fertige mProfi-L\u00f6sungen<\/li>\n<li>Mobile Anwendungen<\/li>\n<\/ul>\t\t\t\t\t\t<\/div>\n\t\t\t\t<\/div>\n\t\t\t\t\t<\/div>\n\t\t<\/div>\n\t\t\t\t<div class=\"elementor-column elementor-col-50 elementor-top-column elementor-element elementor-element-19a83c0\" data-id=\"19a83c0\" data-element_type=\"column\">\n\t\t\t<div class=\"elementor-widget-wrap elementor-element-populated\">\n\t\t\t\t\t\t\t\t<div class=\"elementor-element elementor-element-c02ca89 premium-title-center premium-title-color elementor-widget elementor-widget-premium-addon-title\" data-id=\"c02ca89\" data-element_type=\"widget\" data-widget_type=\"premium-addon-title.default\">\n\t\t\t\t<div class=\"elementor-widget-container\">\n\t\t\t\r\n\t\t<div class=\"premium-title-container style3\">\r\n\t\t\t<h2 class=\"premium-title-header premium-title-style3\">\r\n\t\t\t\t\r\n\t\t\t\t\r\n\t\t\t\t\t\t\t\t\t\t\t\t<span class=\"premium-title-text\" >\r\n\t\t\t\t\tSie vertrauen uns\t\t\t\t<\/span>\r\n\t\t\t\t\t\r\n\t\t\t\t\t\t\t\t\t\t\t<\/h2>\r\n\t\t<\/div>\r\n\r\n\t\t\t\t<\/div>\n\t\t\t\t<\/div>\n\t\t\t\t<div class=\"elementor-element elementor-element-a09352c elementor-widget elementor-widget-text-editor\" data-id=\"a09352c\" data-element_type=\"widget\" data-widget_type=\"text-editor.default\">\n\t\t\t\t<div class=\"elementor-widget-container\">\n\t\t\t\t\t\t\t<ul>\n<li>B\u00fcro Lesznowola<\/li>\n<li>Poczta Polska<\/li>\n<li>B\u00fcro der Gemeinde Ursyn\u00f3w<\/li>\n<\/ul>\t\t\t\t\t\t<\/div>\n\t\t\t\t<\/div>\n\t\t\t\t\t<\/div>\n\t\t<\/div>\n\t\t\t\t\t\t\t<\/div>\n\t\t<\/section>\n\t\t\t\t\t\t\t<\/div>","protected":false},"excerpt":{"rendered":"<p>Im Dienste der \u00f6ffentlichen Verwaltung Unser Unternehmen ist aktiv an der Entwicklung der Informationsgesellschaft beteiligt. Ein Schl\u00fcsselelement beim Aufbau eines modernen Staates ist die Bereitstellung \u00f6ffentlicher Dienstleistungen mit Unterst\u00fctzung moderner Telekommunikationsl\u00f6sungen. Seit 2012 verf\u00fcgen wir \u00fcber ein GIODO-Zertifikat, das unsere Kompetenz im Bereich des Schutzes personenbezogener Daten best\u00e4tigt. Die am h\u00e4ufigsten genutzte L\u00f6sung ist der mProfi-Dienst, der Folgendes bietet: Erreichen eines breiten Spektrums von [...] mit Informationen.<\/p>","protected":false},"author":1,"featured_media":830,"parent":348,"menu_order":0,"comment_status":"closed","ping_status":"closed","template":"","meta":{"footnotes":""},"yoast_head":"<!-- This site is optimized with the Yoast SEO plugin v21.6 - https:\/\/yoast.com\/wordpress\/plugins\/seo\/ -->\n<title>Administracja - COMVERGA Poland<\/title>\n<meta name=\"robots\" content=\"index, follow, max-snippet:-1, max-image-preview:large, max-video-preview:-1\" \/>\n<link rel=\"canonical\" href=\"https:\/\/www.comverga.com\/pol\/de\/branze\/administracja\/\" \/>\n<meta property=\"og:locale\" content=\"de_DE\" \/>\n<meta property=\"og:type\" content=\"article\" \/>\n<meta property=\"og:title\" content=\"Administracja - COMVERGA Poland\" \/>\n<meta property=\"og:description\" content=\"W s\u0142u\u017cbie administracji publicznej Nasza firma aktywnie w\u0142\u0105cza si\u0119 w rozw\u00f3j spo\u0142ecze\u0144stwa informacyjnego. Kluczowym elementem budowy nowoczesnego pa\u0144stwa jest \u015bwiadczenie us\u0142ug publicznych przy wsparciu nowoczesnych rozwi\u0105za\u0144 telekomunikacyjnych. Od 2012 roku posiadamy certyfikat GIODO, potwierdzaj\u0105cy nasze kompetencje w zakresie ochrony danych osobowych. Najcz\u0119\u015bciej wykorzystywanym rozwi\u0105zaniem jest us\u0142uga mProfi, kt\u00f3ra zapewnia: Dotarcie z informacj\u0105 do szerokiego grona [&hellip;]\" \/>\n<meta property=\"og:url\" content=\"https:\/\/www.comverga.com\/pol\/de\/branze\/administracja\/\" \/>\n<meta property=\"og:site_name\" content=\"COMVERGA Poland\" \/>\n<meta property=\"article:modified_time\" content=\"2021-02-03T11:14:46+00:00\" \/>\n<meta property=\"og:image\" content=\"https:\/\/www.comverga.com\/pol\/wp-content\/uploads\/sites\/2\/2020\/12\/administracja.jpg\" \/>\n\t<meta property=\"og:image:width\" content=\"1920\" \/>\n\t<meta property=\"og:image:height\" content=\"620\" \/>\n\t<meta property=\"og:image:type\" content=\"image\/jpeg\" \/>\n<meta name=\"twitter:card\" content=\"summary_large_image\" \/>\n<meta name=\"twitter:label1\" content=\"Gesch\u00e4tzte Lesezeit\" \/>\n\t<meta name=\"twitter:data1\" content=\"1\u00a0Minute\" \/>\n<script type=\"application\/ld+json\" class=\"yoast-schema-graph\">{\"@context\":\"https:\/\/schema.org\",\"@graph\":[{\"@type\":\"WebPage\",\"@id\":\"https:\/\/www.comverga.com\/pol\/branze\/administracja\/\",\"url\":\"https:\/\/www.comverga.com\/pol\/branze\/administracja\/\",\"name\":\"Administracja - COMVERGA Poland\",\"isPartOf\":{\"@id\":\"https:\/\/www.comverga.com\/pol\/#website\"},\"datePublished\":\"2020-12-15T12:35:39+00:00\",\"dateModified\":\"2021-02-03T11:14:46+00:00\",\"breadcrumb\":{\"@id\":\"https:\/\/www.comverga.com\/pol\/branze\/administracja\/#breadcrumb\"},\"inLanguage\":\"de\",\"potentialAction\":[{\"@type\":\"ReadAction\",\"target\":[\"https:\/\/www.comverga.com\/pol\/branze\/administracja\/\"]}]},{\"@type\":\"BreadcrumbList\",\"@id\":\"https:\/\/www.comverga.com\/pol\/branze\/administracja\/#breadcrumb\",\"itemListElement\":[{\"@type\":\"ListItem\",\"position\":1,\"name\":\"Bran\u017ce\",\"item\":\"https:\/\/www.comverga.com\/pol\/branze\/\"},{\"@type\":\"ListItem\",\"position\":2,\"name\":\"Administracja\"}]},{\"@type\":\"WebSite\",\"@id\":\"https:\/\/www.comverga.com\/pol\/#website\",\"url\":\"https:\/\/www.comverga.com\/pol\/\",\"name\":\"COMVERGA Poland\",\"description\":\"Comverga Poland\",\"publisher\":{\"@id\":\"https:\/\/www.comverga.com\/pol\/#organization\"},\"potentialAction\":[{\"@type\":\"SearchAction\",\"target\":{\"@type\":\"EntryPoint\",\"urlTemplate\":\"https:\/\/www.comverga.com\/pol\/?s={search_term_string}\"},\"query-input\":\"required name=search_term_string\"}],\"inLanguage\":\"de\"},{\"@type\":\"Organization\",\"@id\":\"https:\/\/www.comverga.com\/pol\/#organization\",\"name\":\"COMVERGA Poland\",\"url\":\"https:\/\/www.comverga.com\/pol\/\",\"logo\":{\"@type\":\"ImageObject\",\"inLanguage\":\"de\",\"@id\":\"https:\/\/www.comverga.com\/pol\/#\/schema\/logo\/image\/\",\"url\":\"https:\/\/www.comverga.com\/pol\/wp-content\/uploads\/sites\/2\/2020\/11\/Comverga_CC.png\",\"contentUrl\":\"https:\/\/www.comverga.com\/pol\/wp-content\/uploads\/sites\/2\/2020\/11\/Comverga_CC.png\",\"width\":800,\"height\":800,\"caption\":\"COMVERGA Poland\"},\"image\":{\"@id\":\"https:\/\/www.comverga.com\/pol\/#\/schema\/logo\/image\/\"}}]}<\/script>\n<!-- \/ Yoast SEO plugin. -->","yoast_head_json":{"title":"Administracja - COMVERGA Poland","robots":{"index":"index","follow":"follow","max-snippet":"max-snippet:-1","max-image-preview":"max-image-preview:large","max-video-preview":"max-video-preview:-1"},"canonical":"https:\/\/www.comverga.com\/pol\/de\/branze\/administracja\/","og_locale":"de_DE","og_type":"article","og_title":"Administracja - COMVERGA Poland","og_description":"W s\u0142u\u017cbie administracji publicznej Nasza firma aktywnie w\u0142\u0105cza si\u0119 w rozw\u00f3j spo\u0142ecze\u0144stwa informacyjnego. Kluczowym elementem budowy nowoczesnego pa\u0144stwa jest \u015bwiadczenie us\u0142ug publicznych przy wsparciu nowoczesnych rozwi\u0105za\u0144 telekomunikacyjnych. Od 2012 roku posiadamy certyfikat GIODO, potwierdzaj\u0105cy nasze kompetencje w zakresie ochrony danych osobowych. Najcz\u0119\u015bciej wykorzystywanym rozwi\u0105zaniem jest us\u0142uga mProfi, kt\u00f3ra zapewnia: Dotarcie z informacj\u0105 do szerokiego grona [&hellip;]","og_url":"https:\/\/www.comverga.com\/pol\/de\/branze\/administracja\/","og_site_name":"COMVERGA Poland","article_modified_time":"2021-02-03T11:14:46+00:00","og_image":[{"width":1920,"height":620,"url":"https:\/\/www.comverga.com\/pol\/wp-content\/uploads\/sites\/2\/2020\/12\/administracja.jpg","type":"image\/jpeg"}],"twitter_card":"summary_large_image","twitter_misc":{"Gesch\u00e4tzte Lesezeit":"1\u00a0Minute"},"schema":{"@context":"https:\/\/schema.org","@graph":[{"@type":"WebPage","@id":"https:\/\/www.comverga.com\/pol\/branze\/administracja\/","url":"https:\/\/www.comverga.com\/pol\/branze\/administracja\/","name":"Administracja - COMVERGA Poland","isPartOf":{"@id":"https:\/\/www.comverga.com\/pol\/#website"},"datePublished":"2020-12-15T12:35:39+00:00","dateModified":"2021-02-03T11:14:46+00:00","breadcrumb":{"@id":"https:\/\/www.comverga.com\/pol\/branze\/administracja\/#breadcrumb"},"inLanguage":"de","potentialAction":[{"@type":"ReadAction","target":["https:\/\/www.comverga.com\/pol\/branze\/administracja\/"]}]},{"@type":"BreadcrumbList","@id":"https:\/\/www.comverga.com\/pol\/branze\/administracja\/#breadcrumb","itemListElement":[{"@type":"ListItem","position":1,"name":"Bran\u017ce","item":"https:\/\/www.comverga.com\/pol\/branze\/"},{"@type":"ListItem","position":2,"name":"Administracja"}]},{"@type":"WebSite","@id":"https:\/\/www.comverga.com\/pol\/#website","url":"https:\/\/www.comverga.com\/pol\/","name":"COMVERGA Polen","description":"Comverga Polen","publisher":{"@id":"https:\/\/www.comverga.com\/pol\/#organization"},"potentialAction":[{"@type":"SearchAction","target":{"@type":"EntryPoint","urlTemplate":"https:\/\/www.comverga.com\/pol\/?s={search_term_string}"},"query-input":"required name=search_term_string"}],"inLanguage":"de"},{"@type":"Organization","@id":"https:\/\/www.comverga.com\/pol\/#organization","name":"COMVERGA Polen","url":"https:\/\/www.comverga.com\/pol\/","logo":{"@type":"ImageObject","inLanguage":"de","@id":"https:\/\/www.comverga.com\/pol\/#\/schema\/logo\/image\/","url":"https:\/\/www.comverga.com\/pol\/wp-content\/uploads\/sites\/2\/2020\/11\/Comverga_CC.png","contentUrl":"https:\/\/www.comverga.com\/pol\/wp-content\/uploads\/sites\/2\/2020\/11\/Comverga_CC.png","width":800,"height":800,"caption":"COMVERGA Poland"},"image":{"@id":"https:\/\/www.comverga.com\/pol\/#\/schema\/logo\/image\/"}}]}},"_links":{"self":[{"href":"https:\/\/www.comverga.com\/pol\/de\/wp-json\/wp\/v2\/pages\/829"}],"collection":[{"href":"https:\/\/www.comverga.com\/pol\/de\/wp-json\/wp\/v2\/pages"}],"about":[{"href":"https:\/\/www.comverga.com\/pol\/de\/wp-json\/wp\/v2\/types\/page"}],"author":[{"embeddable":true,"href":"https:\/\/www.comverga.com\/pol\/de\/wp-json\/wp\/v2\/users\/1"}],"replies":[{"embeddable":true,"href":"https:\/\/www.comverga.com\/pol\/de\/wp-json\/wp\/v2\/comments?post=829"}],"version-history":[{"count":12,"href":"https:\/\/www.comverga.com\/pol\/de\/wp-json\/wp\/v2\/pages\/829\/revisions"}],"predecessor-version":[{"id":1922,"href":"https:\/\/www.comverga.com\/pol\/de\/wp-json\/wp\/v2\/pages\/829\/revisions\/1922"}],"up":[{"embeddable":true,"href":"https:\/\/www.comverga.com\/pol\/de\/wp-json\/wp\/v2\/pages\/348"}],"wp:featuredmedia":[{"embeddable":true,"href":"https:\/\/www.comverga.com\/pol\/de\/wp-json\/wp\/v2\/media\/830"}],"wp:attachment":[{"href":"https:\/\/www.comverga.com\/pol\/de\/wp-json\/wp\/v2\/media?parent=829"}],"curies":[{"name":"wp","href":"https:\/\/api.w.org\/{rel}","templated":true}]}}