{"id":842,"date":"2020-12-15T15:08:02","date_gmt":"2020-12-15T14:08:02","guid":{"rendered":"https:\/\/www.comverga.com\/pol\/?page_id=842"},"modified":"2021-03-10T16:10:40","modified_gmt":"2021-03-10T15:10:40","slug":"windykacja-sms","status":"publish","type":"page","link":"https:\/\/www.comverga.com\/pol\/de\/branze\/windykacja-sms\/","title":{"rendered":"SMS-Inkasso"},"content":{"rendered":"<div data-elementor-type=\"wp-page\" data-elementor-id=\"842\" class=\"elementor elementor-842\">\n\t\t\t\t\t\t\t\t\t<section class=\"elementor-section elementor-top-section elementor-element elementor-element-436387e5 elementor-section-stretched elementor-section-boxed elementor-section-height-default elementor-section-height-default\" data-id=\"436387e5\" data-element_type=\"section\" data-settings=\"{&quot;stretch_section&quot;:&quot;section-stretched&quot;,&quot;background_background&quot;:&quot;classic&quot;}\">\n\t\t\t\t\t\t<div class=\"elementor-container elementor-column-gap-default\">\n\t\t\t\t\t<div class=\"elementor-column elementor-col-100 elementor-top-column elementor-element elementor-element-b33f7c4\" data-id=\"b33f7c4\" data-element_type=\"column\">\n\t\t\t<div class=\"elementor-widget-wrap elementor-element-populated\">\n\t\t\t\t\t\t\t\t<div class=\"elementor-element elementor-element-d3bf188 elementor-widget elementor-widget-heading\" data-id=\"d3bf188\" data-element_type=\"widget\" data-widget_type=\"heading.default\">\n\t\t\t\t<div class=\"elementor-widget-container\">\n\t\t\t<h2 class=\"elementor-heading-title elementor-size-default\">COMVERGA Dienstleistungen f\u00fcr den Forderungseinzug<\/h2>\t\t<\/div>\n\t\t\t\t<\/div>\n\t\t\t\t<div class=\"elementor-element elementor-element-ef8f4b3 elementor-widget-divider--view-line elementor-widget elementor-widget-divider\" data-id=\"ef8f4b3\" data-element_type=\"widget\" data-widget_type=\"divider.default\">\n\t\t\t\t<div class=\"elementor-widget-container\">\n\t\t\t\t\t<div class=\"elementor-divider\">\n\t\t\t<span class=\"elementor-divider-separator\">\n\t\t\t\t\t\t<\/span>\n\t\t<\/div>\n\t\t\t\t<\/div>\n\t\t\t\t<\/div>\n\t\t\t\t\t<\/div>\n\t\t<\/div>\n\t\t\t\t\t\t\t<\/div>\n\t\t<\/section>\n\t\t\t\t<section class=\"elementor-section elementor-top-section elementor-element elementor-element-a6c9342 elementor-section-stretched elementor-section-boxed elementor-section-height-default elementor-section-height-default\" data-id=\"a6c9342\" data-element_type=\"section\" data-settings=\"{&quot;stretch_section&quot;:&quot;section-stretched&quot;,&quot;background_background&quot;:&quot;classic&quot;}\">\n\t\t\t\t\t\t<div class=\"elementor-container elementor-column-gap-default\">\n\t\t\t\t\t<div class=\"elementor-column elementor-col-100 elementor-top-column elementor-element elementor-element-3782032\" data-id=\"3782032\" data-element_type=\"column\">\n\t\t\t<div class=\"elementor-widget-wrap elementor-element-populated\">\n\t\t\t\t\t\t\t\t<div class=\"elementor-element elementor-element-acfd8b6 elementor-widget elementor-widget-text-editor\" data-id=\"acfd8b6\" data-element_type=\"widget\" data-widget_type=\"text-editor.default\">\n\t\t\t\t<div class=\"elementor-widget-container\">\n\t\t\t\t\t\t\t<p>Seit 2004 arbeiten wir sehr eng mit Unternehmen aus der Inkassobranche zusammen.<\/p>\n<p>Der gebr\u00e4uchlichste Kommunikationskanal im automatisierten Inkasso- und Vorinkassoverfahren ist die SMS. Je nach Status des Falles werden SMS-Nachrichten mit einem alphanumerischen Absenderfeld (dem Namen des Inkasso- oder Vorinkassounternehmens im Nachrichtenkopf) verschickt. Beliebt und effektiv sind auch Nachrichten, die mit der vollst\u00e4ndigen Handynummer verschickt werden, um einen \u00dcberraschungseffekt zu erzielen. Nat\u00fcrlich werden alle SMS-Kampagnen durch die telefonischen Aktivit\u00e4ten des Inkassounternehmens unterst\u00fctzt. Hier bew\u00e4hrt sich der DIALER-Dienst bei gro\u00dfen \"anrufbaren\" Datenbanken.<\/p>\n<p>Unsere langj\u00e4hrige Erfahrung best\u00e4tigt die hohe Effektivit\u00e4t dieser T\u00e4tigkeiten im Kontakt des Unternehmens mit dem Schuldner. Typische Prozesse, die wir bearbeiten, sind:<\/p>\n<ul>\n<li>Mahnungen f\u00fcr anstehende Zahlungen (Kontaktformular: SMS)<\/li>\n<li>Informationen \u00fcber die Nichterfassung von Zahlungen nach dem F\u00e4lligkeitsdatum - 15 Tage, 30 Tage, 45 Tage und sp\u00e4ter. Form der Kontaktaufnahme: SMS, IVR<\/li>\n<li>Best\u00e4tigung der Einzelheiten des Anrufs, die so genannte m-card. Die Nachricht, die nach einem Telefongespr\u00e4ch mit einem Agenten verschickt wird, enth\u00e4lt: den Namen des Unternehmensmitarbeiters, die Fallnummer und andere notwendige Angaben f\u00fcr eine einfache Referenz. Form: SMS<\/li>\n<\/ul>\n<p>Die gemessene Wirksamkeit der durch unsere Dienstleistungen unterst\u00fctzten Inkassot\u00e4tigkeiten zeigt:<\/p>\n<ul>\n<li>verk\u00fcrzte Zahlungsfristen<\/li>\n<li>verbesserte Schuldeneintreibung<\/li>\n<li>geringe Kosten, um den Schuldner zu erreichen und einen Tilgungsplan zu vereinbaren<\/li>\n<\/ul>\t\t\t\t\t\t<\/div>\n\t\t\t\t<\/div>\n\t\t\t\t\t<\/div>\n\t\t<\/div>\n\t\t\t\t\t\t\t<\/div>\n\t\t<\/section>\n\t\t\t\t<section class=\"elementor-section elementor-top-section elementor-element elementor-element-37bf990 elementor-section-stretched elementor-section-boxed elementor-section-height-default elementor-section-height-default\" data-id=\"37bf990\" data-element_type=\"section\" data-settings=\"{&quot;stretch_section&quot;:&quot;section-stretched&quot;}\">\n\t\t\t\t\t\t<div class=\"elementor-container elementor-column-gap-default\">\n\t\t\t\t\t<div class=\"elementor-column elementor-col-50 elementor-top-column elementor-element elementor-element-0bea1eb\" data-id=\"0bea1eb\" data-element_type=\"column\" data-settings=\"{&quot;background_background&quot;:&quot;classic&quot;}\">\n\t\t\t<div class=\"elementor-widget-wrap elementor-element-populated\">\n\t\t\t\t\t\t\t\t<div class=\"elementor-element elementor-element-a278219 premium-testimonial__skin1 elementor-widget elementor-widget-premium-addon-testimonials\" data-id=\"a278219\" data-element_type=\"widget\" data-settings=\"{&quot;skin&quot;:&quot;skin1&quot;,&quot;img_position&quot;:&quot;relative&quot;,&quot;arrows_lq_effect&quot;:&quot;none&quot;}\" data-widget_type=\"premium-addon-testimonials.default\">\n\t\t\t\t<div class=\"elementor-widget-container\">\n\t\t\t\r\n\t\t\r\n\t\t<div class=\"premium-testimonial-box\">\r\n\r\n\t\t\t\r\n\t\t\t\t<div class=\"premium-testimonial-container\">\r\n\r\n\t\t\t\t\t\t\t\t\t\t\t<div class=\"premium-testimonial-upper-quote\">\r\n\t\t\t\t\t\t\t<svg id=\"Layer_1\" class=\"premium-testimonial-quote\" xmlns=\"http:\/\/www.w3.org\/2000\/svg\" width=\"48\" height=\"37\" viewbox=\"0 0 48 37\"><path d=\"m37,37c6.07,0,11-4.93,11-11s-4.93-11-11-11c-.32,0-.63.02-.94.05.54-4.81,2.18-9.43,4.79-13.52.19-.31.2-.7.03-1.01-.18-.32-.51-.52-.88-.52h-2c-.27,0-.54.11-.73.31-5.14,5.41-11.27,14.26-11.27,25.69,0,6.07,4.93,10.99,11,11h0Zm-26,0c6.07,0,11-4.93,11-11s-4.93-11-11-11c-.32,0-.63.02-.94.05.54-4.81,2.18-9.43,4.79-13.52.19-.31.2-.7.03-1.01-.18-.32-.51-.52-.87-.52h-2c-.27,0-.54.11-.73.31C6.13,5.72,0,14.57,0,26c0,6.07,4.93,10.99,11,11h0Zm0,0\"\/><\/svg>\t\t\t\t\t\t<\/div>\r\n\t\t\t\t\t\r\n\t\t\t\t\t<div class=\"premium-testimonial-content-wrapper\">\r\n\r\n\t\t\t\t\t\t\r\n\t\t\t\t\t\t<div class=\"premium-testimonial-text-wrapper\">\r\n\t\t\t\t\t\t\t<div >\r\n\t\t\t\t\t\t\t\tMATERNA Communications bietet seit 2005 Sprach- und SMS-Nachrichtendienste f\u00fcr UPC an.\nDie von diesem Unternehmen angebotenen L\u00f6sungen haben den Vindikationsprozess optimiert. (...)\t\t\t\t\t\t\t<\/div>\r\n\t\t\t\t\t\t<\/div>\r\n\r\n\t\t\t\t\t\t\r\n\t\t\t\t\t\t\r\n\r\n\t\t\t\t\t\t\t\t\t\t\t\t\t\t\t<div class=\"premium-testimonial-img-wrapper\">\r\n\t\t\t\t\t\t\t\t\t<img decoding=\"async\" src=\"https:\/\/www.comverga.com\/pol\/wp-content\/plugins\/elementor\/assets\/images\/placeholder.png\" alt=\"\" class=\"premium-testimonial-person-image\">\r\n\t\t\t\t\t\t\t\t<\/div>\r\n\t\t\t\t\t\t\t\r\n\r\n\t\t\t\t\t\t\t<div class=\"premium-testimonial-author-info\">\r\n\t\t\t\t\t\t\t\t<h3 class=\"premium-testimonial-person-name\">\r\n\t\t\t\t\t\t\t\t\t<span >\r\n\t\t\t\t\t\t\t\t\t\tPawel Gruszka\t\t\t\t\t\t\t\t\t<\/span>\r\n\t\t\t\t\t\t\t\t<\/h3>\r\n\r\n\t\t\t\t\t\t\t\t\t\t\t\t\t\t\t\t\t<h4 class=\"premium-testimonial-job\">\r\n\t\t\t\t\t\t\t\t\t\t\t\t\t\t\t\t\t\t\t<span class=\"premium-testimonial-company-link\" >\r\n\t\t\t\t\t\t\t\t\t\t\tDirektor f\u00fcr Geb\u00fchren und Inkasso, UPS\t\t\t\t\t\t\t\t\t\t<\/span>\r\n\t\t\t\t\t\t\t\t\t\t\t\t\t\t\t\t\t\t<\/h4>\r\n\t\t\t\t\t\t\t\t\t\t\t\t\t\t\t<\/div>\r\n\r\n\t\t\t\t\t\t\r\n\t\t\t\t\t<\/div>\r\n\r\n\t\t\t\t\t\t\t\t\t\t\t<div class=\"premium-testimonial-lower-quote\">\r\n\t\t\t\t\t\t\t<svg id=\"Layer_1\" class=\"premium-testimonial-quote\" xmlns=\"http:\/\/www.w3.org\/2000\/svg\" width=\"48\" height=\"37\" viewbox=\"0 0 48 37\"><path d=\"m37,37c6.07,0,11-4.93,11-11s-4.93-11-11-11c-.32,0-.63.02-.94.05.54-4.81,2.18-9.43,4.79-13.52.19-.31.2-.7.03-1.01-.18-.32-.51-.52-.88-.52h-2c-.27,0-.54.11-.73.31-5.14,5.41-11.27,14.26-11.27,25.69,0,6.07,4.93,10.99,11,11h0Zm-26,0c6.07,0,11-4.93,11-11s-4.93-11-11-11c-.32,0-.63.02-.94.05.54-4.81,2.18-9.43,4.79-13.52.19-.31.2-.7.03-1.01-.18-.32-.51-.52-.87-.52h-2c-.27,0-.54.11-.73.31C6.13,5.72,0,14.57,0,26c0,6.07,4.93,10.99,11,11h0Zm0,0\"\/><\/svg>\t\t\t\t\t\t<\/div>\r\n\t\t\t\t\t\t\t\t\t<\/div>\r\n\r\n\t\t\t\r\n\r\n\t\t<\/div>\r\n\t\t\t\t<\/div>\n\t\t\t\t<\/div>\n\t\t\t\t\t<\/div>\n\t\t<\/div>\n\t\t\t\t<div class=\"elementor-column elementor-col-50 elementor-top-column elementor-element elementor-element-5817530\" data-id=\"5817530\" data-element_type=\"column\" data-settings=\"{&quot;background_background&quot;:&quot;classic&quot;}\">\n\t\t\t<div class=\"elementor-widget-wrap elementor-element-populated\">\n\t\t\t\t\t\t\t\t<div class=\"elementor-element elementor-element-d637a06 premium-testimonial__skin1 elementor-widget elementor-widget-premium-addon-testimonials\" data-id=\"d637a06\" data-element_type=\"widget\" data-settings=\"{&quot;skin&quot;:&quot;skin1&quot;,&quot;img_position&quot;:&quot;relative&quot;,&quot;arrows_lq_effect&quot;:&quot;none&quot;}\" data-widget_type=\"premium-addon-testimonials.default\">\n\t\t\t\t<div class=\"elementor-widget-container\">\n\t\t\t\r\n\t\t\r\n\t\t<div class=\"premium-testimonial-box\">\r\n\r\n\t\t\t\r\n\t\t\t\t<div class=\"premium-testimonial-container\">\r\n\r\n\t\t\t\t\t\t\t\t\t\t\t<div class=\"premium-testimonial-upper-quote\">\r\n\t\t\t\t\t\t\t<svg id=\"Layer_1\" class=\"premium-testimonial-quote\" xmlns=\"http:\/\/www.w3.org\/2000\/svg\" width=\"48\" height=\"37\" viewbox=\"0 0 48 37\"><path d=\"m37,37c6.07,0,11-4.93,11-11s-4.93-11-11-11c-.32,0-.63.02-.94.05.54-4.81,2.18-9.43,4.79-13.52.19-.31.2-.7.03-1.01-.18-.32-.51-.52-.88-.52h-2c-.27,0-.54.11-.73.31-5.14,5.41-11.27,14.26-11.27,25.69,0,6.07,4.93,10.99,11,11h0Zm-26,0c6.07,0,11-4.93,11-11s-4.93-11-11-11c-.32,0-.63.02-.94.05.54-4.81,2.18-9.43,4.79-13.52.19-.31.2-.7.03-1.01-.18-.32-.51-.52-.87-.52h-2c-.27,0-.54.11-.73.31C6.13,5.72,0,14.57,0,26c0,6.07,4.93,10.99,11,11h0Zm0,0\"\/><\/svg>\t\t\t\t\t\t<\/div>\r\n\t\t\t\t\t\r\n\t\t\t\t\t<div class=\"premium-testimonial-content-wrapper\">\r\n\r\n\t\t\t\t\t\t\r\n\t\t\t\t\t\t<div class=\"premium-testimonial-text-wrapper\">\r\n\t\t\t\t\t\t\t<div >\r\n\t\t\t\t\t\t\t\t<p>Seit Oktober 2008 arbeiten wir mit KRUK im Bereich der Text- und Sprachnachrichten zusammen. Die Zusammenarbeit mit dem Unternehmen ist ausgezeichnet.<br \/>Wir m\u00f6chten die professionellen Dienstleistungen von COMVERGA, dem Hersteller des mProfi-Tools, empfehlen.<\/p>\t\t\t\t\t\t\t<\/div>\r\n\t\t\t\t\t\t<\/div>\r\n\r\n\t\t\t\t\t\t\r\n\t\t\t\t\t\t\r\n\r\n\t\t\t\t\t\t\t\t\t\t\t\t\t\t\t<div class=\"premium-testimonial-img-wrapper\">\r\n\t\t\t\t\t\t\t\t\t<img decoding=\"async\" src=\"https:\/\/www.comverga.com\/pol\/wp-content\/plugins\/elementor\/assets\/images\/placeholder.png\" alt=\"\" class=\"premium-testimonial-person-image\">\r\n\t\t\t\t\t\t\t\t<\/div>\r\n\t\t\t\t\t\t\t\r\n\r\n\t\t\t\t\t\t\t<div class=\"premium-testimonial-author-info\">\r\n\t\t\t\t\t\t\t\t<h3 class=\"premium-testimonial-person-name\">\r\n\t\t\t\t\t\t\t\t\t<span >\r\n\t\t\t\t\t\t\t\t\t\tLukas Neuman\t\t\t\t\t\t\t\t\t<\/span>\r\n\t\t\t\t\t\t\t\t<\/h3>\r\n\r\n\t\t\t\t\t\t\t\t\t\t\t\t\t\t\t\t\t<h4 class=\"premium-testimonial-job\">\r\n\t\t\t\t\t\t\t\t\t\t\t\t\t\t\t\t\t\t\t<span class=\"premium-testimonial-company-link\" >\r\n\t\t\t\t\t\t\t\t\t\t\t\u00a0IT-Direktor, KRUK S.A.\t\t\t\t\t\t\t\t\t\t<\/span>\r\n\t\t\t\t\t\t\t\t\t\t\t\t\t\t\t\t\t\t<\/h4>\r\n\t\t\t\t\t\t\t\t\t\t\t\t\t\t\t<\/div>\r\n\r\n\t\t\t\t\t\t\r\n\t\t\t\t\t<\/div>\r\n\r\n\t\t\t\t\t\t\t\t\t\t\t<div class=\"premium-testimonial-lower-quote\">\r\n\t\t\t\t\t\t\t<svg id=\"Layer_1\" class=\"premium-testimonial-quote\" xmlns=\"http:\/\/www.w3.org\/2000\/svg\" width=\"48\" height=\"37\" viewbox=\"0 0 48 37\"><path d=\"m37,37c6.07,0,11-4.93,11-11s-4.93-11-11-11c-.32,0-.63.02-.94.05.54-4.81,2.18-9.43,4.79-13.52.19-.31.2-.7.03-1.01-.18-.32-.51-.52-.88-.52h-2c-.27,0-.54.11-.73.31-5.14,5.41-11.27,14.26-11.27,25.69,0,6.07,4.93,10.99,11,11h0Zm-26,0c6.07,0,11-4.93,11-11s-4.93-11-11-11c-.32,0-.63.02-.94.05.54-4.81,2.18-9.43,4.79-13.52.19-.31.2-.7.03-1.01-.18-.32-.51-.52-.87-.52h-2c-.27,0-.54.11-.73.31C6.13,5.72,0,14.57,0,26c0,6.07,4.93,10.99,11,11h0Zm0,0\"\/><\/svg>\t\t\t\t\t\t<\/div>\r\n\t\t\t\t\t\t\t\t\t<\/div>\r\n\r\n\t\t\t\r\n\r\n\t\t<\/div>\r\n\t\t\t\t<\/div>\n\t\t\t\t<\/div>\n\t\t\t\t<div class=\"elementor-element elementor-element-fdeed10 elementor-widget elementor-widget-text-editor\" data-id=\"fdeed10\" data-element_type=\"widget\" data-widget_type=\"text-editor.default\">\n\t\t\t\t<div class=\"elementor-widget-container\">\n\t\t\t\t\t\t\t\t\t\t\t\t\t<\/div>\n\t\t\t\t<\/div>\n\t\t\t\t\t<\/div>\n\t\t<\/div>\n\t\t\t\t\t\t\t<\/div>\n\t\t<\/section>\n\t\t\t\t\t\t\t<\/div>","protected":false},"excerpt":{"rendered":"<p>COMVERGA Services for Debt Collection Seit 2004 arbeiten wir sehr eng mit Unternehmen aus der Inkassobranche zusammen. Der h\u00e4ufigste Kommunikationskanal im automatisierten Inkasso und im Vorinkasso ist die SMS. Je nach Status des Falles werden SMS-Nachrichten mit einem alphanumerischen Absenderfeld (dem Namen des Inkasso- oder Vertragsunternehmens im Nachrichtenkopf) versendet. Beliebt und effektiv sind auch Nachrichten, die [...] gesendet werden.<\/p>","protected":false},"author":1,"featured_media":53,"parent":348,"menu_order":2,"comment_status":"closed","ping_status":"closed","template":"","meta":{"footnotes":""},"yoast_head":"<!-- This site is optimized with the Yoast SEO plugin v21.6 - https:\/\/yoast.com\/wordpress\/plugins\/seo\/ -->\n<title>Windykacja SMS - COMVERGA Poland<\/title>\n<meta name=\"robots\" content=\"index, follow, max-snippet:-1, max-image-preview:large, max-video-preview:-1\" \/>\n<link rel=\"canonical\" href=\"https:\/\/www.comverga.com\/pol\/de\/branze\/windykacja-sms\/\" \/>\n<meta property=\"og:locale\" content=\"de_DE\" \/>\n<meta property=\"og:type\" content=\"article\" \/>\n<meta property=\"og:title\" content=\"Windykacja SMS - COMVERGA Poland\" \/>\n<meta property=\"og:description\" content=\"Us\u0142ugi COMVERGA dla Windykacji Od 2004 roku bardzo blisko wsp\u00f3\u0142pracujemy z firmami z sektora windykacji nale\u017cno\u015bci. Najpopularniejszym kana\u0142em komunikacji w automatycznych procesach windykacyjnych, i pre-windykacyjnych jest SMS. W zalezno\u015bci od statusu sprawy, wiadomo\u015bci SMS wysy\u0142ane s\u0105 z alfanumerycznym polem nadawcy (nazwa firmy windykuj\u0105cej lub zlecaj\u0105cej w nag\u0142\u00f3wku wiadomo\u015bci). Popularne i skuteczne s\u0105 r\u00f3wnie\u017c wiadomo\u015bci wysy\u0142ane [&hellip;]\" \/>\n<meta property=\"og:url\" content=\"https:\/\/www.comverga.com\/pol\/de\/branze\/windykacja-sms\/\" \/>\n<meta property=\"og:site_name\" content=\"COMVERGA Poland\" \/>\n<meta property=\"article:modified_time\" content=\"2021-03-10T15:10:40+00:00\" \/>\n<meta property=\"og:image\" content=\"https:\/\/www.comverga.com\/pol\/wp-content\/uploads\/sites\/2\/2020\/11\/windykacja-sms.jpg\" \/>\n\t<meta property=\"og:image:width\" content=\"1920\" \/>\n\t<meta property=\"og:image:height\" content=\"955\" \/>\n\t<meta property=\"og:image:type\" content=\"image\/jpeg\" \/>\n<meta name=\"twitter:card\" content=\"summary_large_image\" \/>\n<meta name=\"twitter:label1\" content=\"Gesch\u00e4tzte Lesezeit\" \/>\n\t<meta name=\"twitter:data1\" content=\"2\u00a0Minuten\" \/>\n<script type=\"application\/ld+json\" class=\"yoast-schema-graph\">{\"@context\":\"https:\/\/schema.org\",\"@graph\":[{\"@type\":\"WebPage\",\"@id\":\"https:\/\/www.comverga.com\/pol\/branze\/windykacja-sms\/\",\"url\":\"https:\/\/www.comverga.com\/pol\/branze\/windykacja-sms\/\",\"name\":\"Windykacja SMS - COMVERGA Poland\",\"isPartOf\":{\"@id\":\"https:\/\/www.comverga.com\/pol\/#website\"},\"datePublished\":\"2020-12-15T14:08:02+00:00\",\"dateModified\":\"2021-03-10T15:10:40+00:00\",\"breadcrumb\":{\"@id\":\"https:\/\/www.comverga.com\/pol\/branze\/windykacja-sms\/#breadcrumb\"},\"inLanguage\":\"de\",\"potentialAction\":[{\"@type\":\"ReadAction\",\"target\":[\"https:\/\/www.comverga.com\/pol\/branze\/windykacja-sms\/\"]}]},{\"@type\":\"BreadcrumbList\",\"@id\":\"https:\/\/www.comverga.com\/pol\/branze\/windykacja-sms\/#breadcrumb\",\"itemListElement\":[{\"@type\":\"ListItem\",\"position\":1,\"name\":\"Bran\u017ce\",\"item\":\"https:\/\/www.comverga.com\/pol\/branze\/\"},{\"@type\":\"ListItem\",\"position\":2,\"name\":\"Windykacja SMS\"}]},{\"@type\":\"WebSite\",\"@id\":\"https:\/\/www.comverga.com\/pol\/#website\",\"url\":\"https:\/\/www.comverga.com\/pol\/\",\"name\":\"COMVERGA Poland\",\"description\":\"Comverga Poland\",\"publisher\":{\"@id\":\"https:\/\/www.comverga.com\/pol\/#organization\"},\"potentialAction\":[{\"@type\":\"SearchAction\",\"target\":{\"@type\":\"EntryPoint\",\"urlTemplate\":\"https:\/\/www.comverga.com\/pol\/?s={search_term_string}\"},\"query-input\":\"required name=search_term_string\"}],\"inLanguage\":\"de\"},{\"@type\":\"Organization\",\"@id\":\"https:\/\/www.comverga.com\/pol\/#organization\",\"name\":\"COMVERGA Poland\",\"url\":\"https:\/\/www.comverga.com\/pol\/\",\"logo\":{\"@type\":\"ImageObject\",\"inLanguage\":\"de\",\"@id\":\"https:\/\/www.comverga.com\/pol\/#\/schema\/logo\/image\/\",\"url\":\"https:\/\/www.comverga.com\/pol\/wp-content\/uploads\/sites\/2\/2020\/11\/Comverga_CC.png\",\"contentUrl\":\"https:\/\/www.comverga.com\/pol\/wp-content\/uploads\/sites\/2\/2020\/11\/Comverga_CC.png\",\"width\":800,\"height\":800,\"caption\":\"COMVERGA Poland\"},\"image\":{\"@id\":\"https:\/\/www.comverga.com\/pol\/#\/schema\/logo\/image\/\"}}]}<\/script>\n<!-- \/ Yoast SEO plugin. -->","yoast_head_json":{"title":"Einziehung von Forderungen per SMS - COMVERGA Polen","robots":{"index":"index","follow":"follow","max-snippet":"max-snippet:-1","max-image-preview":"max-image-preview:large","max-video-preview":"max-video-preview:-1"},"canonical":"https:\/\/www.comverga.com\/pol\/de\/branze\/windykacja-sms\/","og_locale":"de_DE","og_type":"article","og_title":"Windykacja SMS - COMVERGA Poland","og_description":"Us\u0142ugi COMVERGA dla Windykacji Od 2004 roku bardzo blisko wsp\u00f3\u0142pracujemy z firmami z sektora windykacji nale\u017cno\u015bci. Najpopularniejszym kana\u0142em komunikacji w automatycznych procesach windykacyjnych, i pre-windykacyjnych jest SMS. W zalezno\u015bci od statusu sprawy, wiadomo\u015bci SMS wysy\u0142ane s\u0105 z alfanumerycznym polem nadawcy (nazwa firmy windykuj\u0105cej lub zlecaj\u0105cej w nag\u0142\u00f3wku wiadomo\u015bci). Popularne i skuteczne s\u0105 r\u00f3wnie\u017c wiadomo\u015bci wysy\u0142ane [&hellip;]","og_url":"https:\/\/www.comverga.com\/pol\/de\/branze\/windykacja-sms\/","og_site_name":"COMVERGA Poland","article_modified_time":"2021-03-10T15:10:40+00:00","og_image":[{"width":1920,"height":955,"url":"https:\/\/www.comverga.com\/pol\/wp-content\/uploads\/sites\/2\/2020\/11\/windykacja-sms.jpg","type":"image\/jpeg"}],"twitter_card":"summary_large_image","twitter_misc":{"Gesch\u00e4tzte Lesezeit":"2\u00a0Minuten"},"schema":{"@context":"https:\/\/schema.org","@graph":[{"@type":"WebPage","@id":"https:\/\/www.comverga.com\/pol\/branze\/windykacja-sms\/","url":"https:\/\/www.comverga.com\/pol\/branze\/windykacja-sms\/","name":"Einziehung von Forderungen per SMS - COMVERGA Polen","isPartOf":{"@id":"https:\/\/www.comverga.com\/pol\/#website"},"datePublished":"2020-12-15T14:08:02+00:00","dateModified":"2021-03-10T15:10:40+00:00","breadcrumb":{"@id":"https:\/\/www.comverga.com\/pol\/branze\/windykacja-sms\/#breadcrumb"},"inLanguage":"de","potentialAction":[{"@type":"ReadAction","target":["https:\/\/www.comverga.com\/pol\/branze\/windykacja-sms\/"]}]},{"@type":"BreadcrumbList","@id":"https:\/\/www.comverga.com\/pol\/branze\/windykacja-sms\/#breadcrumb","itemListElement":[{"@type":"ListItem","position":1,"name":"Bran\u017ce","item":"https:\/\/www.comverga.com\/pol\/branze\/"},{"@type":"ListItem","position":2,"name":"Windykacja SMS"}]},{"@type":"WebSite","@id":"https:\/\/www.comverga.com\/pol\/#website","url":"https:\/\/www.comverga.com\/pol\/","name":"COMVERGA Polen","description":"Comverga Polen","publisher":{"@id":"https:\/\/www.comverga.com\/pol\/#organization"},"potentialAction":[{"@type":"SearchAction","target":{"@type":"EntryPoint","urlTemplate":"https:\/\/www.comverga.com\/pol\/?s={search_term_string}"},"query-input":"required name=search_term_string"}],"inLanguage":"de"},{"@type":"Organization","@id":"https:\/\/www.comverga.com\/pol\/#organization","name":"COMVERGA Polen","url":"https:\/\/www.comverga.com\/pol\/","logo":{"@type":"ImageObject","inLanguage":"de","@id":"https:\/\/www.comverga.com\/pol\/#\/schema\/logo\/image\/","url":"https:\/\/www.comverga.com\/pol\/wp-content\/uploads\/sites\/2\/2020\/11\/Comverga_CC.png","contentUrl":"https:\/\/www.comverga.com\/pol\/wp-content\/uploads\/sites\/2\/2020\/11\/Comverga_CC.png","width":800,"height":800,"caption":"COMVERGA Poland"},"image":{"@id":"https:\/\/www.comverga.com\/pol\/#\/schema\/logo\/image\/"}}]}},"_links":{"self":[{"href":"https:\/\/www.comverga.com\/pol\/de\/wp-json\/wp\/v2\/pages\/842"}],"collection":[{"href":"https:\/\/www.comverga.com\/pol\/de\/wp-json\/wp\/v2\/pages"}],"about":[{"href":"https:\/\/www.comverga.com\/pol\/de\/wp-json\/wp\/v2\/types\/page"}],"author":[{"embeddable":true,"href":"https:\/\/www.comverga.com\/pol\/de\/wp-json\/wp\/v2\/users\/1"}],"replies":[{"embeddable":true,"href":"https:\/\/www.comverga.com\/pol\/de\/wp-json\/wp\/v2\/comments?post=842"}],"version-history":[{"count":15,"href":"https:\/\/www.comverga.com\/pol\/de\/wp-json\/wp\/v2\/pages\/842\/revisions"}],"predecessor-version":[{"id":2072,"href":"https:\/\/www.comverga.com\/pol\/de\/wp-json\/wp\/v2\/pages\/842\/revisions\/2072"}],"up":[{"embeddable":true,"href":"https:\/\/www.comverga.com\/pol\/de\/wp-json\/wp\/v2\/pages\/348"}],"wp:featuredmedia":[{"embeddable":true,"href":"https:\/\/www.comverga.com\/pol\/de\/wp-json\/wp\/v2\/media\/53"}],"wp:attachment":[{"href":"https:\/\/www.comverga.com\/pol\/de\/wp-json\/wp\/v2\/media?parent=842"}],"curies":[{"name":"wp","href":"https:\/\/api.w.org\/{rel}","templated":true}]}}