{"id":846,"date":"2020-12-15T15:15:37","date_gmt":"2020-12-15T14:15:37","guid":{"rendered":"https:\/\/www.comverga.com\/pol\/?page_id=846"},"modified":"2021-03-17T17:24:39","modified_gmt":"2021-03-17T16:24:39","slug":"finanse","status":"publish","type":"page","link":"https:\/\/www.comverga.com\/pol\/de\/branze\/finanse\/","title":{"rendered":"Finanzen"},"content":{"rendered":"<div data-elementor-type=\"wp-page\" data-elementor-id=\"846\" class=\"elementor elementor-846\">\n\t\t\t\t\t\t\t\t\t<section class=\"elementor-section elementor-top-section elementor-element elementor-element-2f8a373f elementor-section-stretched elementor-section-boxed elementor-section-height-default elementor-section-height-default\" data-id=\"2f8a373f\" data-element_type=\"section\" data-settings=\"{&quot;stretch_section&quot;:&quot;section-stretched&quot;,&quot;background_background&quot;:&quot;classic&quot;}\">\n\t\t\t\t\t\t<div class=\"elementor-container elementor-column-gap-default\">\n\t\t\t\t\t<div class=\"elementor-column elementor-col-100 elementor-top-column elementor-element elementor-element-1bce045f\" data-id=\"1bce045f\" data-element_type=\"column\">\n\t\t\t<div class=\"elementor-widget-wrap elementor-element-populated\">\n\t\t\t\t\t\t\t\t<div class=\"elementor-element elementor-element-2f0f4706 elementor-widget elementor-widget-text-editor\" data-id=\"2f0f4706\" data-element_type=\"widget\" data-widget_type=\"text-editor.default\">\n\t\t\t\t<div class=\"elementor-widget-container\">\n\t\t\t\t\t\t\t<!-- wp:paragraph -->\n<p>Im Finanzwesen haben sie bereits berechnet, dass zuverl\u00e4ssige Informationen unbezahlbar sind.<br \/>Die zahlreichen Projekte, die unser Unternehmen in den letzten Jahren durchgef\u00fchrt hat, haben es uns erm\u00f6glicht, eine breite Palette von L\u00f6sungen zu entwickeln, die f\u00fcr die Kommunikation moderner Finanzinstitute grundlegend sind. Wir bieten Instrumente f\u00fcr den einfachen Kontakt zwischen einem Unternehmen und seinen Kunden, basierend auf SMS-, VMS- oder MMS-Diensten.<\/p>\n<!-- \/wp:paragraph --><!-- wp:paragraph -->\n<p>Branchenspezifische Dienstleistungen erm\u00f6glichen eine umfassende Betreuung von Gesch\u00e4ftsprozessen in Banken, Versicherungen und Inkassounternehmen. Das h\u00e4ufigste Modell der Zusammenarbeit mit dem Kunden ist die Erstellung ma\u00dfgeschneiderter L\u00f6sungen, die von Fall zu Fall an die Anforderungen und Bed\u00fcrfnisse des Kunden angepasst werden.<\/p>\n<!-- \/wp:paragraph --><!-- wp:paragraph -->\n<p><strong>Vorteile f\u00fcr Finanzunternehmen, die unsere Dienste nutzen:<\/strong><\/p>\n<!-- \/wp:paragraph --><!-- wp:list -->\n<ul>\n<li>Umfassendes Kundenbeziehungsmanagement (Mahnungen, Benachrichtigungen, Inkasso)<\/li>\n<li>Information und Angebot von neuen Produkten und Dienstleistungen<\/li>\n<li>Aufbau von Kundenbeziehungen durch Versenden von Treuebotschaften (z. B. \"Danke, dass Sie seit 5 Jahren bei uns sind\")<\/li>\n<li>Befragung und Bewertung nach abgeschlossenen Prozessen, z.B. Kredit, Versicherung<\/li>\n<li>Senkung der mit dem Briefverkehr verbundenen Kosten zugunsten kosteng\u00fcnstiger elektronischer Nachrichten (z. B. SMS, MMS)<\/li>\n<\/ul>\n<!-- \/wp:list --><!-- wp:heading \/--><!-- wp:list \/-->\t\t\t\t\t\t<\/div>\n\t\t\t\t<\/div>\n\t\t\t\t\t<\/div>\n\t\t<\/div>\n\t\t\t\t\t\t\t<\/div>\n\t\t<\/section>\n\t\t\t\t<section class=\"elementor-section elementor-top-section elementor-element elementor-element-90b367f elementor-section-stretched elementor-section-boxed elementor-section-height-default elementor-section-height-default\" data-id=\"90b367f\" data-element_type=\"section\" data-settings=\"{&quot;stretch_section&quot;:&quot;section-stretched&quot;}\">\n\t\t\t\t\t\t<div class=\"elementor-container elementor-column-gap-default\">\n\t\t\t\t\t<div class=\"elementor-column elementor-col-50 elementor-top-column elementor-element elementor-element-59103b7\" data-id=\"59103b7\" data-element_type=\"column\">\n\t\t\t<div class=\"elementor-widget-wrap elementor-element-populated\">\n\t\t\t\t\t\t\t\t<div class=\"elementor-element elementor-element-930dbd4 premium-title-center premium-title-color elementor-widget elementor-widget-premium-addon-title\" data-id=\"930dbd4\" data-element_type=\"widget\" data-widget_type=\"premium-addon-title.default\">\n\t\t\t\t<div class=\"elementor-widget-container\">\n\t\t\t\r\n\t\t<div class=\"premium-title-container style3\">\r\n\t\t\t<h2 class=\"premium-title-header premium-title-style3\">\r\n\t\t\t\t\r\n\t\t\t\t\r\n\t\t\t\t\t\t\t\t\t\t\t\t<span class=\"premium-title-text\" >\r\n\t\t\t\t\tDienstleistungen\t\t\t\t<\/span>\r\n\t\t\t\t\t\r\n\t\t\t\t\t\t\t\t\t\t\t<\/h2>\r\n\t\t<\/div>\r\n\r\n\t\t\t\t<\/div>\n\t\t\t\t<\/div>\n\t\t\t\t<div class=\"elementor-element elementor-element-61602bf elementor-widget elementor-widget-text-editor\" data-id=\"61602bf\" data-element_type=\"widget\" data-widget_type=\"text-editor.default\">\n\t\t\t\t<div class=\"elementor-widget-container\">\n\t\t\t\t\t\t\t<ul>\n<li>Integration von ICT-Systemen mit Dienstleistungsplattformen: IVR, SMS, W\u00e4hlscheibe, Voicemail<\/li>\n<li>mProfi<\/li>\n<\/ul>\t\t\t\t\t\t<\/div>\n\t\t\t\t<\/div>\n\t\t\t\t\t<\/div>\n\t\t<\/div>\n\t\t\t\t<div class=\"elementor-column elementor-col-50 elementor-top-column elementor-element elementor-element-c8bfe23\" data-id=\"c8bfe23\" data-element_type=\"column\">\n\t\t\t<div class=\"elementor-widget-wrap elementor-element-populated\">\n\t\t\t\t\t\t\t\t<div class=\"elementor-element elementor-element-50a51ee premium-title-center premium-title-color elementor-widget elementor-widget-premium-addon-title\" data-id=\"50a51ee\" data-element_type=\"widget\" data-widget_type=\"premium-addon-title.default\">\n\t\t\t\t<div class=\"elementor-widget-container\">\n\t\t\t\r\n\t\t<div class=\"premium-title-container style3\">\r\n\t\t\t<h2 class=\"premium-title-header premium-title-style3\">\r\n\t\t\t\t\r\n\t\t\t\t\r\n\t\t\t\t\t\t\t\t\t\t\t\t<span class=\"premium-title-text\" >\r\n\t\t\t\t\tSie vertrauen uns\t\t\t\t<\/span>\r\n\t\t\t\t\t\r\n\t\t\t\t\t\t\t\t\t\t\t<\/h2>\r\n\t\t<\/div>\r\n\r\n\t\t\t\t<\/div>\n\t\t\t\t<\/div>\n\t\t\t\t<div class=\"elementor-element elementor-element-a92e586 elementor-widget elementor-widget-text-editor\" data-id=\"a92e586\" data-element_type=\"widget\" data-widget_type=\"text-editor.default\">\n\t\t\t\t<div class=\"elementor-widget-container\">\n\t\t\t\t\t\t\t<ul>\n<li>Sygma Bank<\/li>\n<li>Rabe<\/li>\n<li>Link4<\/li>\n<li>PKO BP Bank<\/li>\n<li>Freiheit<\/li>\n<\/ul>\t\t\t\t\t\t<\/div>\n\t\t\t\t<\/div>\n\t\t\t\t\t<\/div>\n\t\t<\/div>\n\t\t\t\t\t\t\t<\/div>\n\t\t<\/section>\n\t\t\t\t\t\t\t<\/div>","protected":false},"excerpt":{"rendered":"<p>Die zahlreichen Projekte, die unser Unternehmen in den letzten Jahren durchgef\u00fchrt hat, haben es uns erm\u00f6glicht, eine breite Palette von L\u00f6sungen zu entwickeln, die f\u00fcr die Kommunikation moderner Finanzinstitute von grundlegender Bedeutung sind. Wir bieten Instrumente f\u00fcr den einfachen Kontakt zwischen einem Unternehmen und seinen Kunden, basierend auf SMS-, VMS- oder MMS-Diensten. Die auf die Branche zugeschnittenen Dienste erm\u00f6glichen eine umfassende [...].<\/p>","protected":false},"author":1,"featured_media":847,"parent":348,"menu_order":3,"comment_status":"closed","ping_status":"closed","template":"","meta":{"footnotes":""},"yoast_head":"<!-- This site is optimized with the Yoast SEO plugin v21.6 - https:\/\/yoast.com\/wordpress\/plugins\/seo\/ -->\n<title>Finanse - COMVERGA Poland<\/title>\n<meta name=\"robots\" content=\"index, follow, max-snippet:-1, max-image-preview:large, max-video-preview:-1\" \/>\n<link rel=\"canonical\" href=\"https:\/\/www.comverga.com\/pol\/de\/branze\/finanse\/\" \/>\n<meta property=\"og:locale\" content=\"de_DE\" \/>\n<meta property=\"og:type\" content=\"article\" \/>\n<meta property=\"og:title\" content=\"Finanse - COMVERGA Poland\" \/>\n<meta property=\"og:description\" content=\"W finansach ju\u017c policzyli, \u017ce rzetelna informacja jest bezcenna.Liczne projekty prowadzone w ostatnich latach przez nasz\u0105 firm\u0119 pozwoli\u0142y nam na wypracowanie bogatej oferty rozwi\u0105za\u0144, b\u0119d\u0105cych podstaw\u0105 w komunikacji nowoczesnych instytucji finansowych. Oferujemy instrumenty s\u0142u\u017c\u0105ce do \u0142atwego kontaktu pomi\u0119dzy firm\u0105 a jej klientami, oparte na us\u0142ugach SMS, VMS czy MMS. Serwisy dedykowane dla bran\u017cy umo\u017cliwiaj\u0105 kompleksow\u0105 [&hellip;]\" \/>\n<meta property=\"og:url\" content=\"https:\/\/www.comverga.com\/pol\/de\/branze\/finanse\/\" \/>\n<meta property=\"og:site_name\" content=\"COMVERGA Poland\" \/>\n<meta property=\"article:modified_time\" content=\"2021-03-17T16:24:39+00:00\" \/>\n<meta property=\"og:image\" content=\"https:\/\/www.comverga.com\/pol\/wp-content\/uploads\/sites\/2\/2020\/12\/finanse-3.jpg\" \/>\n\t<meta property=\"og:image:width\" content=\"1920\" \/>\n\t<meta property=\"og:image:height\" content=\"620\" \/>\n\t<meta property=\"og:image:type\" content=\"image\/jpeg\" \/>\n<meta name=\"twitter:card\" content=\"summary_large_image\" \/>\n<meta name=\"twitter:label1\" content=\"Gesch\u00e4tzte Lesezeit\" \/>\n\t<meta name=\"twitter:data1\" content=\"1\u00a0Minute\" \/>\n<script type=\"application\/ld+json\" class=\"yoast-schema-graph\">{\"@context\":\"https:\/\/schema.org\",\"@graph\":[{\"@type\":\"WebPage\",\"@id\":\"https:\/\/www.comverga.com\/pol\/branze\/finanse\/\",\"url\":\"https:\/\/www.comverga.com\/pol\/branze\/finanse\/\",\"name\":\"Finanse - COMVERGA Poland\",\"isPartOf\":{\"@id\":\"https:\/\/www.comverga.com\/pol\/#website\"},\"datePublished\":\"2020-12-15T14:15:37+00:00\",\"dateModified\":\"2021-03-17T16:24:39+00:00\",\"breadcrumb\":{\"@id\":\"https:\/\/www.comverga.com\/pol\/branze\/finanse\/#breadcrumb\"},\"inLanguage\":\"de\",\"potentialAction\":[{\"@type\":\"ReadAction\",\"target\":[\"https:\/\/www.comverga.com\/pol\/branze\/finanse\/\"]}]},{\"@type\":\"BreadcrumbList\",\"@id\":\"https:\/\/www.comverga.com\/pol\/branze\/finanse\/#breadcrumb\",\"itemListElement\":[{\"@type\":\"ListItem\",\"position\":1,\"name\":\"Bran\u017ce\",\"item\":\"https:\/\/www.comverga.com\/pol\/branze\/\"},{\"@type\":\"ListItem\",\"position\":2,\"name\":\"Finanse\"}]},{\"@type\":\"WebSite\",\"@id\":\"https:\/\/www.comverga.com\/pol\/#website\",\"url\":\"https:\/\/www.comverga.com\/pol\/\",\"name\":\"COMVERGA Poland\",\"description\":\"Comverga Poland\",\"publisher\":{\"@id\":\"https:\/\/www.comverga.com\/pol\/#organization\"},\"potentialAction\":[{\"@type\":\"SearchAction\",\"target\":{\"@type\":\"EntryPoint\",\"urlTemplate\":\"https:\/\/www.comverga.com\/pol\/?s={search_term_string}\"},\"query-input\":\"required name=search_term_string\"}],\"inLanguage\":\"de\"},{\"@type\":\"Organization\",\"@id\":\"https:\/\/www.comverga.com\/pol\/#organization\",\"name\":\"COMVERGA Poland\",\"url\":\"https:\/\/www.comverga.com\/pol\/\",\"logo\":{\"@type\":\"ImageObject\",\"inLanguage\":\"de\",\"@id\":\"https:\/\/www.comverga.com\/pol\/#\/schema\/logo\/image\/\",\"url\":\"https:\/\/www.comverga.com\/pol\/wp-content\/uploads\/sites\/2\/2020\/11\/Comverga_CC.png\",\"contentUrl\":\"https:\/\/www.comverga.com\/pol\/wp-content\/uploads\/sites\/2\/2020\/11\/Comverga_CC.png\",\"width\":800,\"height\":800,\"caption\":\"COMVERGA Poland\"},\"image\":{\"@id\":\"https:\/\/www.comverga.com\/pol\/#\/schema\/logo\/image\/\"}}]}<\/script>\n<!-- \/ Yoast SEO plugin. -->","yoast_head_json":{"title":"Finanzen - COMVERGA Polen","robots":{"index":"index","follow":"follow","max-snippet":"max-snippet:-1","max-image-preview":"max-image-preview:large","max-video-preview":"max-video-preview:-1"},"canonical":"https:\/\/www.comverga.com\/pol\/de\/branze\/finanse\/","og_locale":"de_DE","og_type":"article","og_title":"Finanse - COMVERGA Poland","og_description":"W finansach ju\u017c policzyli, \u017ce rzetelna informacja jest bezcenna.Liczne projekty prowadzone w ostatnich latach przez nasz\u0105 firm\u0119 pozwoli\u0142y nam na wypracowanie bogatej oferty rozwi\u0105za\u0144, b\u0119d\u0105cych podstaw\u0105 w komunikacji nowoczesnych instytucji finansowych. Oferujemy instrumenty s\u0142u\u017c\u0105ce do \u0142atwego kontaktu pomi\u0119dzy firm\u0105 a jej klientami, oparte na us\u0142ugach SMS, VMS czy MMS. Serwisy dedykowane dla bran\u017cy umo\u017cliwiaj\u0105 kompleksow\u0105 [&hellip;]","og_url":"https:\/\/www.comverga.com\/pol\/de\/branze\/finanse\/","og_site_name":"COMVERGA Poland","article_modified_time":"2021-03-17T16:24:39+00:00","og_image":[{"width":1920,"height":620,"url":"https:\/\/www.comverga.com\/pol\/wp-content\/uploads\/sites\/2\/2020\/12\/finanse-3.jpg","type":"image\/jpeg"}],"twitter_card":"summary_large_image","twitter_misc":{"Gesch\u00e4tzte Lesezeit":"1\u00a0Minute"},"schema":{"@context":"https:\/\/schema.org","@graph":[{"@type":"WebPage","@id":"https:\/\/www.comverga.com\/pol\/branze\/finanse\/","url":"https:\/\/www.comverga.com\/pol\/branze\/finanse\/","name":"Finanzen - COMVERGA Polen","isPartOf":{"@id":"https:\/\/www.comverga.com\/pol\/#website"},"datePublished":"2020-12-15T14:15:37+00:00","dateModified":"2021-03-17T16:24:39+00:00","breadcrumb":{"@id":"https:\/\/www.comverga.com\/pol\/branze\/finanse\/#breadcrumb"},"inLanguage":"de","potentialAction":[{"@type":"ReadAction","target":["https:\/\/www.comverga.com\/pol\/branze\/finanse\/"]}]},{"@type":"BreadcrumbList","@id":"https:\/\/www.comverga.com\/pol\/branze\/finanse\/#breadcrumb","itemListElement":[{"@type":"ListItem","position":1,"name":"Bran\u017ce","item":"https:\/\/www.comverga.com\/pol\/branze\/"},{"@type":"ListItem","position":2,"name":"Finanse"}]},{"@type":"WebSite","@id":"https:\/\/www.comverga.com\/pol\/#website","url":"https:\/\/www.comverga.com\/pol\/","name":"COMVERGA Polen","description":"Comverga Polen","publisher":{"@id":"https:\/\/www.comverga.com\/pol\/#organization"},"potentialAction":[{"@type":"SearchAction","target":{"@type":"EntryPoint","urlTemplate":"https:\/\/www.comverga.com\/pol\/?s={search_term_string}"},"query-input":"required name=search_term_string"}],"inLanguage":"de"},{"@type":"Organization","@id":"https:\/\/www.comverga.com\/pol\/#organization","name":"COMVERGA Polen","url":"https:\/\/www.comverga.com\/pol\/","logo":{"@type":"ImageObject","inLanguage":"de","@id":"https:\/\/www.comverga.com\/pol\/#\/schema\/logo\/image\/","url":"https:\/\/www.comverga.com\/pol\/wp-content\/uploads\/sites\/2\/2020\/11\/Comverga_CC.png","contentUrl":"https:\/\/www.comverga.com\/pol\/wp-content\/uploads\/sites\/2\/2020\/11\/Comverga_CC.png","width":800,"height":800,"caption":"COMVERGA Poland"},"image":{"@id":"https:\/\/www.comverga.com\/pol\/#\/schema\/logo\/image\/"}}]}},"_links":{"self":[{"href":"https:\/\/www.comverga.com\/pol\/de\/wp-json\/wp\/v2\/pages\/846"}],"collection":[{"href":"https:\/\/www.comverga.com\/pol\/de\/wp-json\/wp\/v2\/pages"}],"about":[{"href":"https:\/\/www.comverga.com\/pol\/de\/wp-json\/wp\/v2\/types\/page"}],"author":[{"embeddable":true,"href":"https:\/\/www.comverga.com\/pol\/de\/wp-json\/wp\/v2\/users\/1"}],"replies":[{"embeddable":true,"href":"https:\/\/www.comverga.com\/pol\/de\/wp-json\/wp\/v2\/comments?post=846"}],"version-history":[{"count":13,"href":"https:\/\/www.comverga.com\/pol\/de\/wp-json\/wp\/v2\/pages\/846\/revisions"}],"predecessor-version":[{"id":2076,"href":"https:\/\/www.comverga.com\/pol\/de\/wp-json\/wp\/v2\/pages\/846\/revisions\/2076"}],"up":[{"embeddable":true,"href":"https:\/\/www.comverga.com\/pol\/de\/wp-json\/wp\/v2\/pages\/348"}],"wp:featuredmedia":[{"embeddable":true,"href":"https:\/\/www.comverga.com\/pol\/de\/wp-json\/wp\/v2\/media\/847"}],"wp:attachment":[{"href":"https:\/\/www.comverga.com\/pol\/de\/wp-json\/wp\/v2\/media?parent=846"}],"curies":[{"name":"wp","href":"https:\/\/api.w.org\/{rel}","templated":true}]}}