{"id":853,"date":"2020-12-15T15:19:14","date_gmt":"2020-12-15T14:19:14","guid":{"rendered":"https:\/\/www.comverga.com\/pol\/?page_id=853"},"modified":"2021-03-17T17:29:41","modified_gmt":"2021-03-17T16:29:41","slug":"opieka-medyczna","status":"publish","type":"page","link":"https:\/\/www.comverga.com\/pol\/de\/branze\/opieka-medyczna\/","title":{"rendered":"Medizinische Versorgung"},"content":{"rendered":"<div data-elementor-type=\"wp-page\" data-elementor-id=\"853\" class=\"elementor elementor-853\">\n\t\t\t\t\t\t\t\t\t<section class=\"elementor-section elementor-top-section elementor-element elementor-element-61429b63 elementor-section-stretched elementor-section-boxed elementor-section-height-default elementor-section-height-default\" data-id=\"61429b63\" data-element_type=\"section\" data-settings=\"{&quot;stretch_section&quot;:&quot;section-stretched&quot;,&quot;background_background&quot;:&quot;classic&quot;}\">\n\t\t\t\t\t\t<div class=\"elementor-container elementor-column-gap-default\">\n\t\t\t\t\t<div class=\"elementor-column elementor-col-100 elementor-top-column elementor-element elementor-element-6f361380\" data-id=\"6f361380\" data-element_type=\"column\">\n\t\t\t<div class=\"elementor-widget-wrap elementor-element-populated\">\n\t\t\t\t\t\t\t\t<div class=\"elementor-element elementor-element-b5b33fb elementor-widget elementor-widget-heading\" data-id=\"b5b33fb\" data-element_type=\"widget\" data-widget_type=\"heading.default\">\n\t\t\t\t<div class=\"elementor-widget-container\">\n\t\t\t<h2 class=\"elementor-heading-title elementor-size-large\">Fokus auf gesunde Kommunikation<\/h2>\t\t<\/div>\n\t\t\t\t<\/div>\n\t\t\t\t<div class=\"elementor-element elementor-element-0c4ae0e elementor-widget-divider--view-line elementor-widget elementor-widget-divider\" data-id=\"0c4ae0e\" data-element_type=\"widget\" data-widget_type=\"divider.default\">\n\t\t\t\t<div class=\"elementor-widget-container\">\n\t\t\t\t\t<div class=\"elementor-divider\">\n\t\t\t<span class=\"elementor-divider-separator\">\n\t\t\t\t\t\t<\/span>\n\t\t<\/div>\n\t\t\t\t<\/div>\n\t\t\t\t<\/div>\n\t\t\t\t<div class=\"elementor-element elementor-element-f3ad457 elementor-widget elementor-widget-text-editor\" data-id=\"f3ad457\" data-element_type=\"widget\" data-widget_type=\"text-editor.default\">\n\t\t\t\t<div class=\"elementor-widget-container\">\n\t\t\t\t\t\t\t<!-- wp:paragraph -->\n<p>Wir bieten spezielle L\u00f6sungen f\u00fcr den weit verbreiteten Gesundheitssektor. Zahlreiche Projekte, die unser Unternehmen in den letzten Jahren durchgef\u00fchrt hat, haben es uns erm\u00f6glicht, eine breite Palette von Produkten zu entwickeln, die sich an Einrichtungen richten, die medizinische Dienstleistungen erbringen und Wert auf einen guten Kontakt mit den Patienten legen. Wir bieten umfassende Dienstleistungen f\u00fcr gro\u00dfe medizinische Gruppen, einzelne Krankenh\u00e4user sowie kleinere Praxen und Kliniken.<\/p>\n<!-- \/wp:paragraph --><!-- wp:paragraph -->\n<p>Von unserem umfangreichen Produktportfolio sind der mProfi-Service und die profilierten, ma\u00dfgeschneiderten L\u00f6sungen die leistungsst\u00e4rksten im Bereich des Gesundheitswesens.<\/p>\n<!-- \/wp:paragraph --><!-- wp:heading -->\n<h2>Die M\u00f6glichkeiten, die unsere Dienstleistungen bieten:<\/h2>\n<!-- \/wp:heading --><!-- wp:list -->\n<ul>\n<li>Bew\u00e4hrte einseitige und zweiseitige Kommunikation zwischen Gesundheitseinrichtung und Patient<\/li>\n<li>Verwaltung des Terminkalenders (Best\u00e4tigung, Verschiebung und Absage von Terminen)<\/li>\n<li>Einholung von Meinungen und Durchf\u00fchrung von Patientenbefragungen<\/li>\n<li>Versenden von individuellen Marketingbotschaften, z. B. Rabatten, aber auch von Expertenbotschaften, z. B. medizinischen Ratschl\u00e4gen<\/li>\n<li>M\u00f6glichkeit der vollst\u00e4ndigen Integration mit den eigenen Terminbuchungssystemen der Einrichtungen<\/li>\n<\/ul>\n<!-- \/wp:list --><!-- wp:heading \/--><!-- wp:list \/-->\t\t\t\t\t\t<\/div>\n\t\t\t\t<\/div>\n\t\t\t\t\t<\/div>\n\t\t<\/div>\n\t\t\t\t\t\t\t<\/div>\n\t\t<\/section>\n\t\t\t\t<section class=\"elementor-section elementor-top-section elementor-element elementor-element-7f6e066 elementor-section-stretched elementor-section-boxed elementor-section-height-default elementor-section-height-default\" data-id=\"7f6e066\" data-element_type=\"section\" data-settings=\"{&quot;stretch_section&quot;:&quot;section-stretched&quot;}\">\n\t\t\t\t\t\t<div class=\"elementor-container elementor-column-gap-default\">\n\t\t\t\t\t<div class=\"elementor-column elementor-col-50 elementor-top-column elementor-element elementor-element-5de63ca\" data-id=\"5de63ca\" data-element_type=\"column\">\n\t\t\t<div class=\"elementor-widget-wrap elementor-element-populated\">\n\t\t\t\t\t\t\t\t<div class=\"elementor-element elementor-element-a66c482 premium-title-center premium-title-color elementor-widget elementor-widget-premium-addon-title\" data-id=\"a66c482\" data-element_type=\"widget\" data-widget_type=\"premium-addon-title.default\">\n\t\t\t\t<div class=\"elementor-widget-container\">\n\t\t\t\r\n\t\t<div class=\"premium-title-container style3\">\r\n\t\t\t<h2 class=\"premium-title-header premium-title-style3\">\r\n\t\t\t\t\r\n\t\t\t\t\r\n\t\t\t\t\t\t\t\t\t\t\t\t<span class=\"premium-title-text\" >\r\n\t\t\t\t\tDienstleistungen\t\t\t\t<\/span>\r\n\t\t\t\t\t\r\n\t\t\t\t\t\t\t\t\t\t\t<\/h2>\r\n\t\t<\/div>\r\n\r\n\t\t\t\t<\/div>\n\t\t\t\t<\/div>\n\t\t\t\t<div class=\"elementor-element elementor-element-7152c28 elementor-widget elementor-widget-text-editor\" data-id=\"7152c28\" data-element_type=\"widget\" data-widget_type=\"text-editor.default\">\n\t\t\t\t<div class=\"elementor-widget-container\">\n\t\t\t\t\t\t\t<ul>\n<li>Ma\u00dfgeschneidert<\/li>\n<li>Fertige mProfi-L\u00f6sungen<\/li>\n<li>Mobile Anwendungen<\/li>\n<\/ul>\t\t\t\t\t\t<\/div>\n\t\t\t\t<\/div>\n\t\t\t\t\t<\/div>\n\t\t<\/div>\n\t\t\t\t<div class=\"elementor-column elementor-col-50 elementor-top-column elementor-element elementor-element-dab38e2\" data-id=\"dab38e2\" data-element_type=\"column\">\n\t\t\t<div class=\"elementor-widget-wrap elementor-element-populated\">\n\t\t\t\t\t\t\t\t<div class=\"elementor-element elementor-element-a93003c premium-title-center premium-title-color elementor-widget elementor-widget-premium-addon-title\" data-id=\"a93003c\" data-element_type=\"widget\" data-widget_type=\"premium-addon-title.default\">\n\t\t\t\t<div class=\"elementor-widget-container\">\n\t\t\t\r\n\t\t<div class=\"premium-title-container style3\">\r\n\t\t\t<h2 class=\"premium-title-header premium-title-style3\">\r\n\t\t\t\t\r\n\t\t\t\t\r\n\t\t\t\t\t\t\t\t\t\t\t\t<span class=\"premium-title-text\" >\r\n\t\t\t\t\tSie vertrauen uns\t\t\t\t<\/span>\r\n\t\t\t\t\t\r\n\t\t\t\t\t\t\t\t\t\t\t<\/h2>\r\n\t\t<\/div>\r\n\r\n\t\t\t\t<\/div>\n\t\t\t\t<\/div>\n\t\t\t\t<div class=\"elementor-element elementor-element-dc1d246 elementor-widget elementor-widget-text-editor\" data-id=\"dc1d246\" data-element_type=\"widget\" data-widget_type=\"text-editor.default\">\n\t\t\t\t<div class=\"elementor-widget-container\">\n\t\t\t\t\t\t\t<ul>\n<li>Lux Med - Fallstudie<\/li>\n<li>Medicover<\/li>\n<li>Damian Zentrum<\/li>\n<\/ul>\t\t\t\t\t\t<\/div>\n\t\t\t\t<\/div>\n\t\t\t\t\t<\/div>\n\t\t<\/div>\n\t\t\t\t\t\t\t<\/div>\n\t\t<\/section>\n\t\t\t\t\t\t\t<\/div>","protected":false},"excerpt":{"rendered":"<p>Setzen Sie auf gesunde Kommunikation Wir bieten spezielle L\u00f6sungen f\u00fcr den Gesundheitssektor im weitesten Sinne. Zahlreiche Projekte, die unser Unternehmen in den letzten Jahren durchgef\u00fchrt hat, haben es uns erm\u00f6glicht, eine breite Palette von Produkten zu entwickeln, die sich an Einrichtungen richten, die medizinische Dienstleistungen erbringen und Wert auf einen guten Kontakt mit den Patienten legen. Wir erm\u00f6glichen umfassende Dienstleistungen f\u00fcr gro\u00dfe medizinische Gruppen, einzelne Krankenh\u00e4user, aber auch kleinere Praxen [...]<\/p>","protected":false},"author":1,"featured_media":854,"parent":348,"menu_order":4,"comment_status":"closed","ping_status":"closed","template":"","meta":{"footnotes":""},"yoast_head":"<!-- This site is optimized with the Yoast SEO plugin v21.6 - https:\/\/yoast.com\/wordpress\/plugins\/seo\/ -->\n<title>Opieka medyczna - COMVERGA Poland<\/title>\n<meta name=\"robots\" content=\"index, follow, max-snippet:-1, max-image-preview:large, max-video-preview:-1\" \/>\n<link rel=\"canonical\" href=\"https:\/\/www.comverga.com\/pol\/de\/branze\/opieka-medyczna\/\" \/>\n<meta property=\"og:locale\" content=\"de_DE\" \/>\n<meta property=\"og:type\" content=\"article\" \/>\n<meta property=\"og:title\" content=\"Opieka medyczna - COMVERGA Poland\" \/>\n<meta property=\"og:description\" content=\"Postaw na zdrow\u0105 komunikacj\u0119 Oferujemy rozwi\u0105zania dedykowane dla szeroko rozumianego sektora ochrony zdrowia. Liczne projekty prowadzone w ostatnich latach przez nasz\u0105 firm\u0119 pozwoli\u0142y nam na wypracowanie bogatej oferty produkt\u00f3w kierowanych do podmiot\u00f3w, kt\u00f3re \u015bwiadcz\u0105 us\u0142ugi medyczne i ceni\u0105 sobie dobry kontakt z pacjentem. Umo\u017cliwiamy kompleksow\u0105 obs\u0142ug\u0119 du\u017cych grup medycznych, pojedynczych szpitali, a tak\u017ce mniejszych gabinet\u00f3w [&hellip;]\" \/>\n<meta property=\"og:url\" content=\"https:\/\/www.comverga.com\/pol\/de\/branze\/opieka-medyczna\/\" \/>\n<meta property=\"og:site_name\" content=\"COMVERGA Poland\" \/>\n<meta property=\"article:modified_time\" content=\"2021-03-17T16:29:41+00:00\" \/>\n<meta property=\"og:image\" content=\"https:\/\/www.comverga.com\/pol\/wp-content\/uploads\/sites\/2\/2020\/12\/opieka-medyczna.jpg\" \/>\n\t<meta property=\"og:image:width\" content=\"1920\" \/>\n\t<meta property=\"og:image:height\" content=\"620\" \/>\n\t<meta property=\"og:image:type\" content=\"image\/jpeg\" \/>\n<meta name=\"twitter:card\" content=\"summary_large_image\" \/>\n<meta name=\"twitter:label1\" content=\"Gesch\u00e4tzte Lesezeit\" \/>\n\t<meta name=\"twitter:data1\" content=\"1\u00a0Minute\" \/>\n<script type=\"application\/ld+json\" class=\"yoast-schema-graph\">{\"@context\":\"https:\/\/schema.org\",\"@graph\":[{\"@type\":\"WebPage\",\"@id\":\"https:\/\/www.comverga.com\/pol\/branze\/opieka-medyczna\/\",\"url\":\"https:\/\/www.comverga.com\/pol\/branze\/opieka-medyczna\/\",\"name\":\"Opieka medyczna - COMVERGA Poland\",\"isPartOf\":{\"@id\":\"https:\/\/www.comverga.com\/pol\/#website\"},\"datePublished\":\"2020-12-15T14:19:14+00:00\",\"dateModified\":\"2021-03-17T16:29:41+00:00\",\"breadcrumb\":{\"@id\":\"https:\/\/www.comverga.com\/pol\/branze\/opieka-medyczna\/#breadcrumb\"},\"inLanguage\":\"de\",\"potentialAction\":[{\"@type\":\"ReadAction\",\"target\":[\"https:\/\/www.comverga.com\/pol\/branze\/opieka-medyczna\/\"]}]},{\"@type\":\"BreadcrumbList\",\"@id\":\"https:\/\/www.comverga.com\/pol\/branze\/opieka-medyczna\/#breadcrumb\",\"itemListElement\":[{\"@type\":\"ListItem\",\"position\":1,\"name\":\"Bran\u017ce\",\"item\":\"https:\/\/www.comverga.com\/pol\/branze\/\"},{\"@type\":\"ListItem\",\"position\":2,\"name\":\"Opieka medyczna\"}]},{\"@type\":\"WebSite\",\"@id\":\"https:\/\/www.comverga.com\/pol\/#website\",\"url\":\"https:\/\/www.comverga.com\/pol\/\",\"name\":\"COMVERGA Poland\",\"description\":\"Comverga Poland\",\"publisher\":{\"@id\":\"https:\/\/www.comverga.com\/pol\/#organization\"},\"potentialAction\":[{\"@type\":\"SearchAction\",\"target\":{\"@type\":\"EntryPoint\",\"urlTemplate\":\"https:\/\/www.comverga.com\/pol\/?s={search_term_string}\"},\"query-input\":\"required name=search_term_string\"}],\"inLanguage\":\"de\"},{\"@type\":\"Organization\",\"@id\":\"https:\/\/www.comverga.com\/pol\/#organization\",\"name\":\"COMVERGA Poland\",\"url\":\"https:\/\/www.comverga.com\/pol\/\",\"logo\":{\"@type\":\"ImageObject\",\"inLanguage\":\"de\",\"@id\":\"https:\/\/www.comverga.com\/pol\/#\/schema\/logo\/image\/\",\"url\":\"https:\/\/www.comverga.com\/pol\/wp-content\/uploads\/sites\/2\/2020\/11\/Comverga_CC.png\",\"contentUrl\":\"https:\/\/www.comverga.com\/pol\/wp-content\/uploads\/sites\/2\/2020\/11\/Comverga_CC.png\",\"width\":800,\"height\":800,\"caption\":\"COMVERGA Poland\"},\"image\":{\"@id\":\"https:\/\/www.comverga.com\/pol\/#\/schema\/logo\/image\/\"}}]}<\/script>\n<!-- \/ Yoast SEO plugin. -->","yoast_head_json":{"title":"Opieka medyczna - COMVERGA Poland","robots":{"index":"index","follow":"follow","max-snippet":"max-snippet:-1","max-image-preview":"max-image-preview:large","max-video-preview":"max-video-preview:-1"},"canonical":"https:\/\/www.comverga.com\/pol\/de\/branze\/opieka-medyczna\/","og_locale":"de_DE","og_type":"article","og_title":"Opieka medyczna - COMVERGA Poland","og_description":"Postaw na zdrow\u0105 komunikacj\u0119 Oferujemy rozwi\u0105zania dedykowane dla szeroko rozumianego sektora ochrony zdrowia. Liczne projekty prowadzone w ostatnich latach przez nasz\u0105 firm\u0119 pozwoli\u0142y nam na wypracowanie bogatej oferty produkt\u00f3w kierowanych do podmiot\u00f3w, kt\u00f3re \u015bwiadcz\u0105 us\u0142ugi medyczne i ceni\u0105 sobie dobry kontakt z pacjentem. Umo\u017cliwiamy kompleksow\u0105 obs\u0142ug\u0119 du\u017cych grup medycznych, pojedynczych szpitali, a tak\u017ce mniejszych gabinet\u00f3w [&hellip;]","og_url":"https:\/\/www.comverga.com\/pol\/de\/branze\/opieka-medyczna\/","og_site_name":"COMVERGA Poland","article_modified_time":"2021-03-17T16:29:41+00:00","og_image":[{"width":1920,"height":620,"url":"https:\/\/www.comverga.com\/pol\/wp-content\/uploads\/sites\/2\/2020\/12\/opieka-medyczna.jpg","type":"image\/jpeg"}],"twitter_card":"summary_large_image","twitter_misc":{"Gesch\u00e4tzte Lesezeit":"1\u00a0Minute"},"schema":{"@context":"https:\/\/schema.org","@graph":[{"@type":"WebPage","@id":"https:\/\/www.comverga.com\/pol\/branze\/opieka-medyczna\/","url":"https:\/\/www.comverga.com\/pol\/branze\/opieka-medyczna\/","name":"Opieka medyczna - COMVERGA Poland","isPartOf":{"@id":"https:\/\/www.comverga.com\/pol\/#website"},"datePublished":"2020-12-15T14:19:14+00:00","dateModified":"2021-03-17T16:29:41+00:00","breadcrumb":{"@id":"https:\/\/www.comverga.com\/pol\/branze\/opieka-medyczna\/#breadcrumb"},"inLanguage":"de","potentialAction":[{"@type":"ReadAction","target":["https:\/\/www.comverga.com\/pol\/branze\/opieka-medyczna\/"]}]},{"@type":"BreadcrumbList","@id":"https:\/\/www.comverga.com\/pol\/branze\/opieka-medyczna\/#breadcrumb","itemListElement":[{"@type":"ListItem","position":1,"name":"Bran\u017ce","item":"https:\/\/www.comverga.com\/pol\/branze\/"},{"@type":"ListItem","position":2,"name":"Opieka medyczna"}]},{"@type":"WebSite","@id":"https:\/\/www.comverga.com\/pol\/#website","url":"https:\/\/www.comverga.com\/pol\/","name":"COMVERGA Polen","description":"Comverga Polen","publisher":{"@id":"https:\/\/www.comverga.com\/pol\/#organization"},"potentialAction":[{"@type":"SearchAction","target":{"@type":"EntryPoint","urlTemplate":"https:\/\/www.comverga.com\/pol\/?s={search_term_string}"},"query-input":"required name=search_term_string"}],"inLanguage":"de"},{"@type":"Organization","@id":"https:\/\/www.comverga.com\/pol\/#organization","name":"COMVERGA Polen","url":"https:\/\/www.comverga.com\/pol\/","logo":{"@type":"ImageObject","inLanguage":"de","@id":"https:\/\/www.comverga.com\/pol\/#\/schema\/logo\/image\/","url":"https:\/\/www.comverga.com\/pol\/wp-content\/uploads\/sites\/2\/2020\/11\/Comverga_CC.png","contentUrl":"https:\/\/www.comverga.com\/pol\/wp-content\/uploads\/sites\/2\/2020\/11\/Comverga_CC.png","width":800,"height":800,"caption":"COMVERGA Poland"},"image":{"@id":"https:\/\/www.comverga.com\/pol\/#\/schema\/logo\/image\/"}}]}},"_links":{"self":[{"href":"https:\/\/www.comverga.com\/pol\/de\/wp-json\/wp\/v2\/pages\/853"}],"collection":[{"href":"https:\/\/www.comverga.com\/pol\/de\/wp-json\/wp\/v2\/pages"}],"about":[{"href":"https:\/\/www.comverga.com\/pol\/de\/wp-json\/wp\/v2\/types\/page"}],"author":[{"embeddable":true,"href":"https:\/\/www.comverga.com\/pol\/de\/wp-json\/wp\/v2\/users\/1"}],"replies":[{"embeddable":true,"href":"https:\/\/www.comverga.com\/pol\/de\/wp-json\/wp\/v2\/comments?post=853"}],"version-history":[{"count":11,"href":"https:\/\/www.comverga.com\/pol\/de\/wp-json\/wp\/v2\/pages\/853\/revisions"}],"predecessor-version":[{"id":2079,"href":"https:\/\/www.comverga.com\/pol\/de\/wp-json\/wp\/v2\/pages\/853\/revisions\/2079"}],"up":[{"embeddable":true,"href":"https:\/\/www.comverga.com\/pol\/de\/wp-json\/wp\/v2\/pages\/348"}],"wp:featuredmedia":[{"embeddable":true,"href":"https:\/\/www.comverga.com\/pol\/de\/wp-json\/wp\/v2\/media\/854"}],"wp:attachment":[{"href":"https:\/\/www.comverga.com\/pol\/de\/wp-json\/wp\/v2\/media?parent=853"}],"curies":[{"name":"wp","href":"https:\/\/api.w.org\/{rel}","templated":true}]}}