{"id":865,"date":"2020-12-15T15:24:31","date_gmt":"2020-12-15T14:24:31","guid":{"rendered":"https:\/\/www.comverga.com\/pol\/?page_id=865"},"modified":"2021-03-17T17:40:01","modified_gmt":"2021-03-17T16:40:01","slug":"eventy","status":"publish","type":"page","link":"https:\/\/www.comverga.com\/pol\/de\/branze\/eventy\/","title":{"rendered":"Veranstaltungen"},"content":{"rendered":"<div data-elementor-type=\"wp-page\" data-elementor-id=\"865\" class=\"elementor elementor-865\">\n\t\t\t\t\t\t\t\t\t<section class=\"elementor-section elementor-top-section elementor-element elementor-element-6c615e74 elementor-section-stretched elementor-section-boxed elementor-section-height-default elementor-section-height-default\" data-id=\"6c615e74\" data-element_type=\"section\" data-settings=\"{&quot;stretch_section&quot;:&quot;section-stretched&quot;,&quot;background_background&quot;:&quot;classic&quot;}\">\n\t\t\t\t\t\t<div class=\"elementor-container elementor-column-gap-default\">\n\t\t\t\t\t<div class=\"elementor-column elementor-col-100 elementor-top-column elementor-element elementor-element-3213f2ea\" data-id=\"3213f2ea\" data-element_type=\"column\">\n\t\t\t<div class=\"elementor-widget-wrap elementor-element-populated\">\n\t\t\t\t\t\t\t\t<div class=\"elementor-element elementor-element-8bc5835 elementor-widget elementor-widget-heading\" data-id=\"8bc5835\" data-element_type=\"widget\" data-widget_type=\"heading.default\">\n\t\t\t\t<div class=\"elementor-widget-container\">\n\t\t\t<h2 class=\"elementor-heading-title elementor-size-large\">Kommunikation bei Massenveranstaltungen<\/h2>\t\t<\/div>\n\t\t\t\t<\/div>\n\t\t\t\t<div class=\"elementor-element elementor-element-9ed71a9 elementor-widget-divider--view-line elementor-widget elementor-widget-divider\" data-id=\"9ed71a9\" data-element_type=\"widget\" data-widget_type=\"divider.default\">\n\t\t\t\t<div class=\"elementor-widget-container\">\n\t\t\t\t\t<div class=\"elementor-divider\">\n\t\t\t<span class=\"elementor-divider-separator\">\n\t\t\t\t\t\t<\/span>\n\t\t<\/div>\n\t\t\t\t<\/div>\n\t\t\t\t<\/div>\n\t\t\t\t<div class=\"elementor-element elementor-element-f532547 elementor-widget elementor-widget-text-editor\" data-id=\"f532547\" data-element_type=\"widget\" data-widget_type=\"text-editor.default\">\n\t\t\t\t<div class=\"elementor-widget-container\">\n\t\t\t\t\t\t\t<!-- wp:heading \/--><!-- wp:paragraph -->\n<p>Wir bieten der Unterhaltungs- und Veranstaltungsbranche Kommunikationsl\u00f6sungen f\u00fcr Organisatoren von Veranstaltungen aller Art und Massenveranstaltungen. Unsere Dienstleistungen erm\u00f6glichen eine noch bessere Interaktion mit den Teilnehmern und die Koordination der Veranstaltung selbst.<\/p>\n<!-- \/wp:paragraph --><!-- wp:paragraph -->\n<p>Spezielle Veranstaltungen, die darauf abzielen, mit einem breiten Publikum zu interagieren, sind zunehmend ein fester Bestandteil von Massenveranstaltungen. Beliebt sind verschiedene Arten von Wettbewerben und Umfragen, die dank des Einsatzes neuester Technologien und allgegenw\u00e4rtiger Smartphones einen unmittelbaren Kontakt zwischen dem Veranstalter und den Teilnehmern der Veranstaltung erm\u00f6glichen.<\/p>\n<!-- \/wp:paragraph --><!-- wp:heading \/--><!-- wp:list \/--><!-- wp:heading \/--><!-- wp:list \/-->\t\t\t\t\t\t<\/div>\n\t\t\t\t<\/div>\n\t\t\t\t\t<\/div>\n\t\t<\/div>\n\t\t\t\t\t\t\t<\/div>\n\t\t<\/section>\n\t\t\t\t<section class=\"elementor-section elementor-top-section elementor-element elementor-element-32ac2ed elementor-section-stretched elementor-section-boxed elementor-section-height-default elementor-section-height-default\" data-id=\"32ac2ed\" data-element_type=\"section\" data-settings=\"{&quot;stretch_section&quot;:&quot;section-stretched&quot;}\">\n\t\t\t\t\t\t<div class=\"elementor-container elementor-column-gap-default\">\n\t\t\t\t\t<div class=\"elementor-column elementor-col-50 elementor-top-column elementor-element elementor-element-20ab3eb\" data-id=\"20ab3eb\" data-element_type=\"column\">\n\t\t\t<div class=\"elementor-widget-wrap elementor-element-populated\">\n\t\t\t\t\t\t\t\t<div class=\"elementor-element elementor-element-431f9c2 premium-title-center premium-title-color elementor-widget elementor-widget-premium-addon-title\" data-id=\"431f9c2\" data-element_type=\"widget\" data-widget_type=\"premium-addon-title.default\">\n\t\t\t\t<div class=\"elementor-widget-container\">\n\t\t\t\r\n\t\t<div class=\"premium-title-container style3\">\r\n\t\t\t<h2 class=\"premium-title-header premium-title-style3\">\r\n\t\t\t\t\r\n\t\t\t\t\r\n\t\t\t\t\t\t\t\t\t\t\t\t<span class=\"premium-title-text\" >\r\n\t\t\t\t\tVorteile unserer Dienstleistungen\t\t\t\t<\/span>\r\n\t\t\t\t\t\r\n\t\t\t\t\t\t\t\t\t\t\t<\/h2>\r\n\t\t<\/div>\r\n\r\n\t\t\t\t<\/div>\n\t\t\t\t<\/div>\n\t\t\t\t<div class=\"elementor-element elementor-element-bc7a269 elementor-widget elementor-widget-text-editor\" data-id=\"bc7a269\" data-element_type=\"widget\" data-widget_type=\"text-editor.default\">\n\t\t\t\t<div class=\"elementor-widget-container\">\n\t\t\t\t\t\t\t<ul>\n<li>Steigern Sie die Teilnahme an Ihrer Veranstaltung, indem Sie Ihre Einladung besser bekannt machen<\/li>\n<li>Sofortige Interaktion mit den Teilnehmern durch Benachrichtigungen, Wettbewerbe und Umfragen<\/li>\n<li>ein positives Image des Veranstalters zu schaffen und eine Beziehung zu den Teilnehmern aufzubauen<\/li>\n<li>Verwalten Sie Ihre Veranstaltungen von Ihrem Mobiltelefon aus<\/li>\n<li>Versenden von Nachrichten \u00fcber die Dienstleistungen der Partner unter Ausnutzung der Pr\u00e4senz eines breiten Publikums<\/li>\n<li>die Ergebnisse von Online-Abstimmungen und -Wettbewerben sofort zu ver\u00f6ffentlichen und auf breiter Ebene zu pr\u00e4sentieren<\/li>\n<li>W\u00e4hlen Sie eines der vielen von uns entwickelten Module f\u00fcr Abstimmungen<\/li>\n<\/ul>\t\t\t\t\t\t<\/div>\n\t\t\t\t<\/div>\n\t\t\t\t\t<\/div>\n\t\t<\/div>\n\t\t\t\t<div class=\"elementor-column elementor-col-50 elementor-top-column elementor-element elementor-element-e7590af\" data-id=\"e7590af\" data-element_type=\"column\">\n\t\t\t<div class=\"elementor-widget-wrap elementor-element-populated\">\n\t\t\t\t\t\t\t\t<div class=\"elementor-element elementor-element-8d72b89 premium-title-center premium-title-color elementor-widget elementor-widget-premium-addon-title\" data-id=\"8d72b89\" data-element_type=\"widget\" data-widget_type=\"premium-addon-title.default\">\n\t\t\t\t<div class=\"elementor-widget-container\">\n\t\t\t\r\n\t\t<div class=\"premium-title-container style3\">\r\n\t\t\t<h2 class=\"premium-title-header premium-title-style3\">\r\n\t\t\t\t\r\n\t\t\t\t\r\n\t\t\t\t\t\t\t\t\t\t\t\t<span class=\"premium-title-text\" >\r\n\t\t\t\t\tDienstleistungen\t\t\t\t<\/span>\r\n\t\t\t\t\t\r\n\t\t\t\t\t\t\t\t\t\t\t<\/h2>\r\n\t\t<\/div>\r\n\r\n\t\t\t\t<\/div>\n\t\t\t\t<\/div>\n\t\t\t\t<div class=\"elementor-element elementor-element-29e7049 elementor-widget elementor-widget-text-editor\" data-id=\"29e7049\" data-element_type=\"widget\" data-widget_type=\"text-editor.default\">\n\t\t\t\t<div class=\"elementor-widget-container\">\n\t\t\t\t\t\t\t<ul>\n<li>mProfi<\/li>\n<li>Mobile Anwendungen<\/li>\n<\/ul>\t\t\t\t\t\t<\/div>\n\t\t\t\t<\/div>\n\t\t\t\t\t<\/div>\n\t\t<\/div>\n\t\t\t\t\t\t\t<\/div>\n\t\t<\/section>\n\t\t\t\t\t\t\t<\/div>","protected":false},"excerpt":{"rendered":"<p>Kommunikation bei Massenveranstaltungen Wir bieten der Unterhaltungs- und Veranstaltungsbranche Kommunikationsl\u00f6sungen, die sich an Organisatoren von Veranstaltungen aller Art und Massenveranstaltungen richten. Unsere Dienstleistungen erm\u00f6glichen eine noch bessere Interaktion mit den Teilnehmern und eine bessere Koordination der Veranstaltung selbst. Sonderveranstaltungen sind zunehmend ein fester Bestandteil von Massenveranstaltungen, mit dem Ziel, mit einem breiten Publikum zu interagieren. Beliebte [...]<\/p>","protected":false},"author":1,"featured_media":867,"parent":348,"menu_order":6,"comment_status":"closed","ping_status":"closed","template":"","meta":{"footnotes":""},"yoast_head":"<!-- This site is optimized with the Yoast SEO plugin v21.6 - https:\/\/yoast.com\/wordpress\/plugins\/seo\/ -->\n<title>Eventy - COMVERGA Poland<\/title>\n<meta name=\"robots\" content=\"index, follow, max-snippet:-1, max-image-preview:large, max-video-preview:-1\" \/>\n<link rel=\"canonical\" href=\"https:\/\/www.comverga.com\/pol\/de\/branze\/eventy\/\" \/>\n<meta property=\"og:locale\" content=\"de_DE\" \/>\n<meta property=\"og:type\" content=\"article\" \/>\n<meta property=\"og:title\" content=\"Eventy - COMVERGA Poland\" \/>\n<meta property=\"og:description\" content=\"Komunikacja podczas wydarze\u0144 masowych Bran\u017cy rozrywkowej i eventowej oferujemy rozwi\u0105zania komunikacyjne, dedykowane organizatorom wszelkiego rodzaju wydarze\u0144 i imprez masowych. Dzi\u0119ki naszym us\u0142ugom mo\u017cliwa jest jeszcze lepsza interakcja z uczestnikami oraz koordynacja przebiegu samego wydarzenia. Coraz cz\u0119\u015bciej integralnym elementem wydarze\u0144 masowych s\u0105 akcje specjalne, kt\u00f3re maj\u0105 na celu wej\u015bcie w interakcj\u0119 z szerok\u0105 publiczno\u015bci\u0105. Popularno\u015bci\u0105 ciesz\u0105 [&hellip;]\" \/>\n<meta property=\"og:url\" content=\"https:\/\/www.comverga.com\/pol\/de\/branze\/eventy\/\" \/>\n<meta property=\"og:site_name\" content=\"COMVERGA Poland\" \/>\n<meta property=\"article:modified_time\" content=\"2021-03-17T16:40:01+00:00\" \/>\n<meta property=\"og:image\" content=\"https:\/\/www.comverga.com\/pol\/wp-content\/uploads\/sites\/2\/2020\/12\/eventy-1.jpg\" \/>\n\t<meta property=\"og:image:width\" content=\"1920\" \/>\n\t<meta property=\"og:image:height\" content=\"620\" \/>\n\t<meta property=\"og:image:type\" content=\"image\/jpeg\" \/>\n<meta name=\"twitter:card\" content=\"summary_large_image\" \/>\n<meta name=\"twitter:label1\" content=\"Gesch\u00e4tzte Lesezeit\" \/>\n\t<meta name=\"twitter:data1\" content=\"1\u00a0Minute\" \/>\n<script type=\"application\/ld+json\" class=\"yoast-schema-graph\">{\"@context\":\"https:\/\/schema.org\",\"@graph\":[{\"@type\":\"WebPage\",\"@id\":\"https:\/\/www.comverga.com\/pol\/branze\/eventy\/\",\"url\":\"https:\/\/www.comverga.com\/pol\/branze\/eventy\/\",\"name\":\"Eventy - COMVERGA Poland\",\"isPartOf\":{\"@id\":\"https:\/\/www.comverga.com\/pol\/#website\"},\"datePublished\":\"2020-12-15T14:24:31+00:00\",\"dateModified\":\"2021-03-17T16:40:01+00:00\",\"breadcrumb\":{\"@id\":\"https:\/\/www.comverga.com\/pol\/branze\/eventy\/#breadcrumb\"},\"inLanguage\":\"de\",\"potentialAction\":[{\"@type\":\"ReadAction\",\"target\":[\"https:\/\/www.comverga.com\/pol\/branze\/eventy\/\"]}]},{\"@type\":\"BreadcrumbList\",\"@id\":\"https:\/\/www.comverga.com\/pol\/branze\/eventy\/#breadcrumb\",\"itemListElement\":[{\"@type\":\"ListItem\",\"position\":1,\"name\":\"Bran\u017ce\",\"item\":\"https:\/\/www.comverga.com\/pol\/branze\/\"},{\"@type\":\"ListItem\",\"position\":2,\"name\":\"Eventy\"}]},{\"@type\":\"WebSite\",\"@id\":\"https:\/\/www.comverga.com\/pol\/#website\",\"url\":\"https:\/\/www.comverga.com\/pol\/\",\"name\":\"COMVERGA Poland\",\"description\":\"Comverga Poland\",\"publisher\":{\"@id\":\"https:\/\/www.comverga.com\/pol\/#organization\"},\"potentialAction\":[{\"@type\":\"SearchAction\",\"target\":{\"@type\":\"EntryPoint\",\"urlTemplate\":\"https:\/\/www.comverga.com\/pol\/?s={search_term_string}\"},\"query-input\":\"required name=search_term_string\"}],\"inLanguage\":\"de\"},{\"@type\":\"Organization\",\"@id\":\"https:\/\/www.comverga.com\/pol\/#organization\",\"name\":\"COMVERGA Poland\",\"url\":\"https:\/\/www.comverga.com\/pol\/\",\"logo\":{\"@type\":\"ImageObject\",\"inLanguage\":\"de\",\"@id\":\"https:\/\/www.comverga.com\/pol\/#\/schema\/logo\/image\/\",\"url\":\"https:\/\/www.comverga.com\/pol\/wp-content\/uploads\/sites\/2\/2020\/11\/Comverga_CC.png\",\"contentUrl\":\"https:\/\/www.comverga.com\/pol\/wp-content\/uploads\/sites\/2\/2020\/11\/Comverga_CC.png\",\"width\":800,\"height\":800,\"caption\":\"COMVERGA Poland\"},\"image\":{\"@id\":\"https:\/\/www.comverga.com\/pol\/#\/schema\/logo\/image\/\"}}]}<\/script>\n<!-- \/ Yoast SEO plugin. -->","yoast_head_json":{"title":"Veranstaltungen - COMVERGA Polen","robots":{"index":"index","follow":"follow","max-snippet":"max-snippet:-1","max-image-preview":"max-image-preview:large","max-video-preview":"max-video-preview:-1"},"canonical":"https:\/\/www.comverga.com\/pol\/de\/branze\/eventy\/","og_locale":"de_DE","og_type":"article","og_title":"Eventy - COMVERGA Poland","og_description":"Komunikacja podczas wydarze\u0144 masowych Bran\u017cy rozrywkowej i eventowej oferujemy rozwi\u0105zania komunikacyjne, dedykowane organizatorom wszelkiego rodzaju wydarze\u0144 i imprez masowych. Dzi\u0119ki naszym us\u0142ugom mo\u017cliwa jest jeszcze lepsza interakcja z uczestnikami oraz koordynacja przebiegu samego wydarzenia. Coraz cz\u0119\u015bciej integralnym elementem wydarze\u0144 masowych s\u0105 akcje specjalne, kt\u00f3re maj\u0105 na celu wej\u015bcie w interakcj\u0119 z szerok\u0105 publiczno\u015bci\u0105. Popularno\u015bci\u0105 ciesz\u0105 [&hellip;]","og_url":"https:\/\/www.comverga.com\/pol\/de\/branze\/eventy\/","og_site_name":"COMVERGA Poland","article_modified_time":"2021-03-17T16:40:01+00:00","og_image":[{"width":1920,"height":620,"url":"https:\/\/www.comverga.com\/pol\/wp-content\/uploads\/sites\/2\/2020\/12\/eventy-1.jpg","type":"image\/jpeg"}],"twitter_card":"summary_large_image","twitter_misc":{"Gesch\u00e4tzte Lesezeit":"1\u00a0Minute"},"schema":{"@context":"https:\/\/schema.org","@graph":[{"@type":"WebPage","@id":"https:\/\/www.comverga.com\/pol\/branze\/eventy\/","url":"https:\/\/www.comverga.com\/pol\/branze\/eventy\/","name":"Veranstaltungen - COMVERGA Polen","isPartOf":{"@id":"https:\/\/www.comverga.com\/pol\/#website"},"datePublished":"2020-12-15T14:24:31+00:00","dateModified":"2021-03-17T16:40:01+00:00","breadcrumb":{"@id":"https:\/\/www.comverga.com\/pol\/branze\/eventy\/#breadcrumb"},"inLanguage":"de","potentialAction":[{"@type":"ReadAction","target":["https:\/\/www.comverga.com\/pol\/branze\/eventy\/"]}]},{"@type":"BreadcrumbList","@id":"https:\/\/www.comverga.com\/pol\/branze\/eventy\/#breadcrumb","itemListElement":[{"@type":"ListItem","position":1,"name":"Bran\u017ce","item":"https:\/\/www.comverga.com\/pol\/branze\/"},{"@type":"ListItem","position":2,"name":"Eventy"}]},{"@type":"WebSite","@id":"https:\/\/www.comverga.com\/pol\/#website","url":"https:\/\/www.comverga.com\/pol\/","name":"COMVERGA Polen","description":"Comverga Polen","publisher":{"@id":"https:\/\/www.comverga.com\/pol\/#organization"},"potentialAction":[{"@type":"SearchAction","target":{"@type":"EntryPoint","urlTemplate":"https:\/\/www.comverga.com\/pol\/?s={search_term_string}"},"query-input":"required name=search_term_string"}],"inLanguage":"de"},{"@type":"Organization","@id":"https:\/\/www.comverga.com\/pol\/#organization","name":"COMVERGA Polen","url":"https:\/\/www.comverga.com\/pol\/","logo":{"@type":"ImageObject","inLanguage":"de","@id":"https:\/\/www.comverga.com\/pol\/#\/schema\/logo\/image\/","url":"https:\/\/www.comverga.com\/pol\/wp-content\/uploads\/sites\/2\/2020\/11\/Comverga_CC.png","contentUrl":"https:\/\/www.comverga.com\/pol\/wp-content\/uploads\/sites\/2\/2020\/11\/Comverga_CC.png","width":800,"height":800,"caption":"COMVERGA Poland"},"image":{"@id":"https:\/\/www.comverga.com\/pol\/#\/schema\/logo\/image\/"}}]}},"_links":{"self":[{"href":"https:\/\/www.comverga.com\/pol\/de\/wp-json\/wp\/v2\/pages\/865"}],"collection":[{"href":"https:\/\/www.comverga.com\/pol\/de\/wp-json\/wp\/v2\/pages"}],"about":[{"href":"https:\/\/www.comverga.com\/pol\/de\/wp-json\/wp\/v2\/types\/page"}],"author":[{"embeddable":true,"href":"https:\/\/www.comverga.com\/pol\/de\/wp-json\/wp\/v2\/users\/1"}],"replies":[{"embeddable":true,"href":"https:\/\/www.comverga.com\/pol\/de\/wp-json\/wp\/v2\/comments?post=865"}],"version-history":[{"count":9,"href":"https:\/\/www.comverga.com\/pol\/de\/wp-json\/wp\/v2\/pages\/865\/revisions"}],"predecessor-version":[{"id":2085,"href":"https:\/\/www.comverga.com\/pol\/de\/wp-json\/wp\/v2\/pages\/865\/revisions\/2085"}],"up":[{"embeddable":true,"href":"https:\/\/www.comverga.com\/pol\/de\/wp-json\/wp\/v2\/pages\/348"}],"wp:featuredmedia":[{"embeddable":true,"href":"https:\/\/www.comverga.com\/pol\/de\/wp-json\/wp\/v2\/media\/867"}],"wp:attachment":[{"href":"https:\/\/www.comverga.com\/pol\/de\/wp-json\/wp\/v2\/media?parent=865"}],"curies":[{"name":"wp","href":"https:\/\/api.w.org\/{rel}","templated":true}]}}