{"id":886,"date":"2020-12-15T15:37:00","date_gmt":"2020-12-15T14:37:00","guid":{"rendered":"https:\/\/www.comverga.com\/pol\/?page_id=886"},"modified":"2021-02-03T13:40:37","modified_gmt":"2021-02-03T12:40:37","slug":"inne","status":"publish","type":"page","link":"https:\/\/www.comverga.com\/pol\/de\/branze\/inne\/","title":{"rendered":"Andere"},"content":{"rendered":"<div data-elementor-type=\"wp-page\" data-elementor-id=\"886\" class=\"elementor elementor-886\">\n\t\t\t\t\t\t\t\t\t<section class=\"elementor-section elementor-top-section elementor-element elementor-element-28f21ecd elementor-section-stretched elementor-section-boxed elementor-section-height-default elementor-section-height-default\" data-id=\"28f21ecd\" data-element_type=\"section\" data-settings=\"{&quot;stretch_section&quot;:&quot;section-stretched&quot;,&quot;background_background&quot;:&quot;classic&quot;}\">\n\t\t\t\t\t\t<div class=\"elementor-container elementor-column-gap-default\">\n\t\t\t\t\t<div class=\"elementor-column elementor-col-100 elementor-top-column elementor-element elementor-element-5a302e48\" data-id=\"5a302e48\" data-element_type=\"column\">\n\t\t\t<div class=\"elementor-widget-wrap elementor-element-populated\">\n\t\t\t\t\t\t\t\t<div class=\"elementor-element elementor-element-164436ef elementor-widget elementor-widget-text-editor\" data-id=\"164436ef\" data-element_type=\"widget\" data-widget_type=\"text-editor.default\">\n\t\t\t\t<div class=\"elementor-widget-container\">\n\t\t\t\t\t\t\t<!-- wp:heading -->\n<h2>Finden Sie heraus, wie Sie unsere Dienste sonst noch nutzen k\u00f6nnen<\/h2>\n<!-- \/wp:heading -->\n\n<!-- wp:paragraph -->\n<p>Wir bieten eine breite Palette von Tools an, die sich gut f\u00fcr nicht kommerzielle Veranstaltungen wie Hochzeiten, Jubil\u00e4en oder Geburtstage eignen, f\u00fcr die Einladungen in Form von personalisierten SMS-Nachrichten vorbereitet werden k\u00f6nnen.<\/p>\n<!-- \/wp:paragraph -->\n\n<!-- wp:paragraph -->\n<p>Unser Angebot richtet sich auch an die Tourismus- und Hotelbranche.<\/p>\n<!-- \/wp:paragraph -->\n\n<!-- wp:heading -->\n<h2><strong>Was bieten unsere Dienstleistungen den Kunden?<\/strong><\/h2>\n<!-- \/wp:heading -->\n\n<!-- wp:list -->\n<ul><li>Individuelle Entwicklung und Versendung von Nachrichten mit dem eigenen Namen des Absenders<\/li><\/ul>\n<!-- \/wp:list -->\n\n<!-- wp:heading -->\n<h2>Dienstleistungen:<\/h2>\n<!-- \/wp:heading -->\n\n<!-- wp:list -->\n<ul><li>Ma\u00dfgeschneiderte Dienstleistungen<\/li><li>Vorgefertigte L\u00f6sungen<\/li><li>mProfi<\/li><\/ul>\n<!-- \/wp:list -->\t\t\t\t\t\t<\/div>\n\t\t\t\t<\/div>\n\t\t\t\t\t<\/div>\n\t\t<\/div>\n\t\t\t\t\t\t\t<\/div>\n\t\t<\/section>\n\t\t\t\t\t\t\t<\/div>","protected":false},"excerpt":{"rendered":"<p>Finden Sie heraus, wie Sie unsere Dienste sonst noch nutzen k\u00f6nnen Wir bieten eine breite Palette von Tools, die sich gut f\u00fcr nicht kommerzielle Veranstaltungen wie Hochzeiten, Jubil\u00e4en oder Geburtstage eignen, f\u00fcr die Einladungen in Form von personalisierten SMS-Nachrichten vorbereitet werden k\u00f6nnen. Wir richten unser Angebot auch an die Tourismus- und Hotelbranche. Was bieten unsere Dienstleistungen den Kunden? Individuelle Entwicklung und Versand von [...] Nachrichten.<\/p>","protected":false},"author":1,"featured_media":887,"parent":348,"menu_order":9,"comment_status":"closed","ping_status":"closed","template":"","meta":{"footnotes":""},"yoast_head":"<!-- This site is optimized with the Yoast SEO plugin v21.6 - https:\/\/yoast.com\/wordpress\/plugins\/seo\/ -->\n<title>Inne - COMVERGA Poland<\/title>\n<meta name=\"robots\" content=\"index, follow, max-snippet:-1, max-image-preview:large, max-video-preview:-1\" \/>\n<link rel=\"canonical\" href=\"https:\/\/www.comverga.com\/pol\/de\/branze\/inne\/\" \/>\n<meta property=\"og:locale\" content=\"de_DE\" \/>\n<meta property=\"og:type\" content=\"article\" \/>\n<meta property=\"og:title\" content=\"Inne - COMVERGA Poland\" \/>\n<meta property=\"og:description\" content=\"Sprawd\u017a jak jeszcze mo\u017cna wykorzysta\u0107 nasze us\u0142ugi Oferujemy szerok\u0105 palet\u0119 narz\u0119dzi, kt\u00f3re sprawdzaj\u0105 si\u0119 przypadku organizowania niekomercyjnych wydarze\u0144 okoliczno\u015bciowych, takich jak: \u015bluby, rocznice czy urodziny, na kt\u00f3re zaproszenia mog\u0105 by\u0107 przygotowywane w formie spersonalizowanych komunikat\u00f3w SMS. Nasz\u0105 ofert\u0119 kierujemy tak\u017ce do bran\u017cy turystycznej i hotelarskiej. Co daj\u0105 nasze us\u0142ugi klientom? Indywidualne opracowanie i wysy\u0142ka wiadomo\u015bci [&hellip;]\" \/>\n<meta property=\"og:url\" content=\"https:\/\/www.comverga.com\/pol\/de\/branze\/inne\/\" \/>\n<meta property=\"og:site_name\" content=\"COMVERGA Poland\" \/>\n<meta property=\"article:modified_time\" content=\"2021-02-03T12:40:37+00:00\" \/>\n<meta property=\"og:image\" content=\"https:\/\/www.comverga.com\/pol\/wp-content\/uploads\/sites\/2\/2020\/12\/inne-1.jpg\" \/>\n\t<meta property=\"og:image:width\" content=\"1920\" \/>\n\t<meta property=\"og:image:height\" content=\"620\" \/>\n\t<meta property=\"og:image:type\" content=\"image\/jpeg\" \/>\n<meta name=\"twitter:card\" content=\"summary_large_image\" \/>\n<script type=\"application\/ld+json\" class=\"yoast-schema-graph\">{\"@context\":\"https:\/\/schema.org\",\"@graph\":[{\"@type\":\"WebPage\",\"@id\":\"https:\/\/www.comverga.com\/pol\/branze\/inne\/\",\"url\":\"https:\/\/www.comverga.com\/pol\/branze\/inne\/\",\"name\":\"Inne - COMVERGA Poland\",\"isPartOf\":{\"@id\":\"https:\/\/www.comverga.com\/pol\/#website\"},\"datePublished\":\"2020-12-15T14:37:00+00:00\",\"dateModified\":\"2021-02-03T12:40:37+00:00\",\"breadcrumb\":{\"@id\":\"https:\/\/www.comverga.com\/pol\/branze\/inne\/#breadcrumb\"},\"inLanguage\":\"de\",\"potentialAction\":[{\"@type\":\"ReadAction\",\"target\":[\"https:\/\/www.comverga.com\/pol\/branze\/inne\/\"]}]},{\"@type\":\"BreadcrumbList\",\"@id\":\"https:\/\/www.comverga.com\/pol\/branze\/inne\/#breadcrumb\",\"itemListElement\":[{\"@type\":\"ListItem\",\"position\":1,\"name\":\"Bran\u017ce\",\"item\":\"https:\/\/www.comverga.com\/pol\/branze\/\"},{\"@type\":\"ListItem\",\"position\":2,\"name\":\"Inne\"}]},{\"@type\":\"WebSite\",\"@id\":\"https:\/\/www.comverga.com\/pol\/#website\",\"url\":\"https:\/\/www.comverga.com\/pol\/\",\"name\":\"COMVERGA Poland\",\"description\":\"Comverga Poland\",\"publisher\":{\"@id\":\"https:\/\/www.comverga.com\/pol\/#organization\"},\"potentialAction\":[{\"@type\":\"SearchAction\",\"target\":{\"@type\":\"EntryPoint\",\"urlTemplate\":\"https:\/\/www.comverga.com\/pol\/?s={search_term_string}\"},\"query-input\":\"required name=search_term_string\"}],\"inLanguage\":\"de\"},{\"@type\":\"Organization\",\"@id\":\"https:\/\/www.comverga.com\/pol\/#organization\",\"name\":\"COMVERGA Poland\",\"url\":\"https:\/\/www.comverga.com\/pol\/\",\"logo\":{\"@type\":\"ImageObject\",\"inLanguage\":\"de\",\"@id\":\"https:\/\/www.comverga.com\/pol\/#\/schema\/logo\/image\/\",\"url\":\"https:\/\/www.comverga.com\/pol\/wp-content\/uploads\/sites\/2\/2020\/11\/Comverga_CC.png\",\"contentUrl\":\"https:\/\/www.comverga.com\/pol\/wp-content\/uploads\/sites\/2\/2020\/11\/Comverga_CC.png\",\"width\":800,\"height\":800,\"caption\":\"COMVERGA Poland\"},\"image\":{\"@id\":\"https:\/\/www.comverga.com\/pol\/#\/schema\/logo\/image\/\"}}]}<\/script>\n<!-- \/ Yoast SEO plugin. -->","yoast_head_json":{"title":"Sonstiges - COMVERGA Polen","robots":{"index":"index","follow":"follow","max-snippet":"max-snippet:-1","max-image-preview":"max-image-preview:large","max-video-preview":"max-video-preview:-1"},"canonical":"https:\/\/www.comverga.com\/pol\/de\/branze\/inne\/","og_locale":"de_DE","og_type":"article","og_title":"Inne - COMVERGA Poland","og_description":"Sprawd\u017a jak jeszcze mo\u017cna wykorzysta\u0107 nasze us\u0142ugi Oferujemy szerok\u0105 palet\u0119 narz\u0119dzi, kt\u00f3re sprawdzaj\u0105 si\u0119 przypadku organizowania niekomercyjnych wydarze\u0144 okoliczno\u015bciowych, takich jak: \u015bluby, rocznice czy urodziny, na kt\u00f3re zaproszenia mog\u0105 by\u0107 przygotowywane w formie spersonalizowanych komunikat\u00f3w SMS. Nasz\u0105 ofert\u0119 kierujemy tak\u017ce do bran\u017cy turystycznej i hotelarskiej. Co daj\u0105 nasze us\u0142ugi klientom? Indywidualne opracowanie i wysy\u0142ka wiadomo\u015bci [&hellip;]","og_url":"https:\/\/www.comverga.com\/pol\/de\/branze\/inne\/","og_site_name":"COMVERGA Poland","article_modified_time":"2021-02-03T12:40:37+00:00","og_image":[{"width":1920,"height":620,"url":"https:\/\/www.comverga.com\/pol\/wp-content\/uploads\/sites\/2\/2020\/12\/inne-1.jpg","type":"image\/jpeg"}],"twitter_card":"summary_large_image","schema":{"@context":"https:\/\/schema.org","@graph":[{"@type":"WebPage","@id":"https:\/\/www.comverga.com\/pol\/branze\/inne\/","url":"https:\/\/www.comverga.com\/pol\/branze\/inne\/","name":"Sonstiges - COMVERGA Polen","isPartOf":{"@id":"https:\/\/www.comverga.com\/pol\/#website"},"datePublished":"2020-12-15T14:37:00+00:00","dateModified":"2021-02-03T12:40:37+00:00","breadcrumb":{"@id":"https:\/\/www.comverga.com\/pol\/branze\/inne\/#breadcrumb"},"inLanguage":"de","potentialAction":[{"@type":"ReadAction","target":["https:\/\/www.comverga.com\/pol\/branze\/inne\/"]}]},{"@type":"BreadcrumbList","@id":"https:\/\/www.comverga.com\/pol\/branze\/inne\/#breadcrumb","itemListElement":[{"@type":"ListItem","position":1,"name":"Bran\u017ce","item":"https:\/\/www.comverga.com\/pol\/branze\/"},{"@type":"ListItem","position":2,"name":"Inne"}]},{"@type":"WebSite","@id":"https:\/\/www.comverga.com\/pol\/#website","url":"https:\/\/www.comverga.com\/pol\/","name":"COMVERGA Polen","description":"Comverga Polen","publisher":{"@id":"https:\/\/www.comverga.com\/pol\/#organization"},"potentialAction":[{"@type":"SearchAction","target":{"@type":"EntryPoint","urlTemplate":"https:\/\/www.comverga.com\/pol\/?s={search_term_string}"},"query-input":"required name=search_term_string"}],"inLanguage":"de"},{"@type":"Organization","@id":"https:\/\/www.comverga.com\/pol\/#organization","name":"COMVERGA Polen","url":"https:\/\/www.comverga.com\/pol\/","logo":{"@type":"ImageObject","inLanguage":"de","@id":"https:\/\/www.comverga.com\/pol\/#\/schema\/logo\/image\/","url":"https:\/\/www.comverga.com\/pol\/wp-content\/uploads\/sites\/2\/2020\/11\/Comverga_CC.png","contentUrl":"https:\/\/www.comverga.com\/pol\/wp-content\/uploads\/sites\/2\/2020\/11\/Comverga_CC.png","width":800,"height":800,"caption":"COMVERGA Poland"},"image":{"@id":"https:\/\/www.comverga.com\/pol\/#\/schema\/logo\/image\/"}}]}},"_links":{"self":[{"href":"https:\/\/www.comverga.com\/pol\/de\/wp-json\/wp\/v2\/pages\/886"}],"collection":[{"href":"https:\/\/www.comverga.com\/pol\/de\/wp-json\/wp\/v2\/pages"}],"about":[{"href":"https:\/\/www.comverga.com\/pol\/de\/wp-json\/wp\/v2\/types\/page"}],"author":[{"embeddable":true,"href":"https:\/\/www.comverga.com\/pol\/de\/wp-json\/wp\/v2\/users\/1"}],"replies":[{"embeddable":true,"href":"https:\/\/www.comverga.com\/pol\/de\/wp-json\/wp\/v2\/comments?post=886"}],"version-history":[{"count":5,"href":"https:\/\/www.comverga.com\/pol\/de\/wp-json\/wp\/v2\/pages\/886\/revisions"}],"predecessor-version":[{"id":1954,"href":"https:\/\/www.comverga.com\/pol\/de\/wp-json\/wp\/v2\/pages\/886\/revisions\/1954"}],"up":[{"embeddable":true,"href":"https:\/\/www.comverga.com\/pol\/de\/wp-json\/wp\/v2\/pages\/348"}],"wp:featuredmedia":[{"embeddable":true,"href":"https:\/\/www.comverga.com\/pol\/de\/wp-json\/wp\/v2\/media\/887"}],"wp:attachment":[{"href":"https:\/\/www.comverga.com\/pol\/de\/wp-json\/wp\/v2\/media?parent=886"}],"curies":[{"name":"wp","href":"https:\/\/api.w.org\/{rel}","templated":true}]}}