{"id":613,"date":"2020-11-27T16:50:14","date_gmt":"2020-11-27T15:50:14","guid":{"rendered":"https:\/\/www.comverga.com\/pol\/?page_id=613"},"modified":"2020-11-27T16:50:14","modified_gmt":"2020-11-27T15:50:14","slug":"mprofi","status":"publish","type":"page","link":"https:\/\/www.comverga.com\/pol\/en\/dienstleistungen\/software-as-a-service-platform-as-a-service\/mprofi\/","title":{"rendered":"mProfi"},"content":{"rendered":"<p>mProfi.pl ist unsere Antwort auf die wachsenden Bed\u00fcrfnisse von Kunden aus kleinen und mittleren Unternehmen.<\/p>\n\n\n\n<h2 class=\"wp-block-heading\">Dienstleistungen<\/h2>\n\n\n\n<p>mProfi ist eine spezialisierte Telekommunikationsplattform zur Unterst\u00fctzung von Teleshopping-Prozessen sowie zur Pflege und zum Aufbau von Beziehungen zu bestehenden Kunden. Die Idee hinter der Plattform ist, dass sie f\u00fcr den Benutzer einfach und intuitiv zu bedienen ist. mProfi ist auch ein hervorragendes Werbemittel, mit dem Unternehmen typische Marketingaktivit\u00e4ten durchf\u00fchren k\u00f6nnen, z. B. die Verteilung einer Informationsagenda zu einer bestimmten Veranstaltung, die Durchf\u00fchrung von Abstimmungen oder Umfragen oder das Sammeln von Meinungen zu einem bestimmten Produkt.<\/p>\n\n\n\n<h2 class=\"wp-block-heading\">Verwendung<\/h2>\n\n\n\n<p>mProfi ist eine \u00e4u\u00dferst bequeme L\u00f6sung. Es wird Ihnen helfen, zu verkaufen, zu behalten und zu sammeln, zu stimulieren, zu aktivieren und zu unterhalten. Wir bieten unseren Kunden Tools, die das unabh\u00e4ngige Massenversenden von Nachrichten, Benachrichtigungen (z. B. in Form von SMS) an Mobilfunknetze und Sprachnachrichten erm\u00f6glichen - auch an Festnetztelefonbesitzer. Ein sehr wichtiges Element des mProfi.pl-Dienstes sind Module zum Erstellen von Kontaktdatenbanken: Kunden, Bewerber, Patienten und Mitarbeiter.<\/p>\n\n\n\n<p>Weitere Informationen unter <a href=\"http:\/\/www.mProfi.pl\">www.mProfi.pl<\/a><\/p>","protected":false},"excerpt":{"rendered":"<p>mProfi.pl ist unsere Antwort auf die wachsenden Bed\u00fcrfnisse von Kunden aus kleinen und mittleren Unternehmen. Dienstleistungen mProfi ist eine spezialisierte Telekommunikationsplattform zur Unterst\u00fctzung von Teleshopping-Prozessen sowie zur Pflege und zum Aufbau von Beziehungen zu bestehenden Kunden. Die Idee hinter der Plattform ist, dass sie f\u00fcr den Benutzer einfach und intuitiv zu bedienen ist. mProfi ist [...].<\/p>","protected":false},"author":1,"featured_media":137,"parent":206,"menu_order":4,"comment_status":"closed","ping_status":"closed","template":"","meta":{"footnotes":""},"yoast_head":"<!-- This site is optimized with the Yoast SEO plugin v21.6 - https:\/\/yoast.com\/wordpress\/plugins\/seo\/ -->\n<title>mProfi - COMVERGA Poland<\/title>\n<meta name=\"robots\" content=\"index, follow, max-snippet:-1, max-image-preview:large, max-video-preview:-1\" \/>\n<link rel=\"canonical\" href=\"https:\/\/www.comverga.com\/pol\/en\/dienstleistungen\/software-as-a-service-platform-as-a-service\/mprofi\/\" \/>\n<meta property=\"og:locale\" content=\"en_GB\" \/>\n<meta property=\"og:type\" content=\"article\" \/>\n<meta property=\"og:title\" content=\"mProfi - COMVERGA Poland\" \/>\n<meta property=\"og:description\" content=\"mProfi.pl ist unsere Antwort auf die wachsenden Bed\u00fcrfnisse von Kunden aus kleinen und mittleren Unternehmen. Dienstleistungen mProfi ist eine spezialisierte Telekommunikationsplattform zur Unterst\u00fctzung von Teleshopping-Prozessen sowie zur Pflege und zum Aufbau von Beziehungen zu bestehenden Kunden. Die Idee hinter der Plattform ist, dass sie f\u00fcr den Benutzer einfach und intuitiv zu bedienen ist. mProfi ist [&hellip;]\" \/>\n<meta property=\"og:url\" content=\"https:\/\/www.comverga.com\/pol\/en\/dienstleistungen\/software-as-a-service-platform-as-a-service\/mprofi\/\" \/>\n<meta property=\"og:site_name\" content=\"COMVERGA Poland\" \/>\n<meta property=\"og:image\" content=\"https:\/\/www.comverga.com\/pol\/wp-content\/uploads\/sites\/2\/2020\/11\/mprofi-1.jpg\" \/>\n\t<meta property=\"og:image:width\" content=\"1920\" \/>\n\t<meta property=\"og:image:height\" content=\"955\" \/>\n\t<meta property=\"og:image:type\" content=\"image\/jpeg\" \/>\n<meta name=\"twitter:card\" content=\"summary_large_image\" \/>\n<meta name=\"twitter:label1\" content=\"Estimated reading time\" \/>\n\t<meta name=\"twitter:data1\" content=\"1 minute\" \/>\n<script type=\"application\/ld+json\" class=\"yoast-schema-graph\">{\"@context\":\"https:\/\/schema.org\",\"@graph\":[{\"@type\":\"WebPage\",\"@id\":\"https:\/\/www.comverga.com\/pol\/dienstleistungen\/software-as-a-service-platform-as-a-service\/mprofi\/\",\"url\":\"https:\/\/www.comverga.com\/pol\/dienstleistungen\/software-as-a-service-platform-as-a-service\/mprofi\/\",\"name\":\"mProfi - COMVERGA Poland\",\"isPartOf\":{\"@id\":\"https:\/\/www.comverga.com\/pol\/#website\"},\"datePublished\":\"2020-11-27T15:50:14+00:00\",\"dateModified\":\"2020-11-27T15:50:14+00:00\",\"breadcrumb\":{\"@id\":\"https:\/\/www.comverga.com\/pol\/dienstleistungen\/software-as-a-service-platform-as-a-service\/mprofi\/#breadcrumb\"},\"inLanguage\":\"en-GB\",\"potentialAction\":[{\"@type\":\"ReadAction\",\"target\":[\"https:\/\/www.comverga.com\/pol\/dienstleistungen\/software-as-a-service-platform-as-a-service\/mprofi\/\"]}]},{\"@type\":\"BreadcrumbList\",\"@id\":\"https:\/\/www.comverga.com\/pol\/dienstleistungen\/software-as-a-service-platform-as-a-service\/mprofi\/#breadcrumb\",\"itemListElement\":[{\"@type\":\"ListItem\",\"position\":1,\"name\":\"Dienstleistungen\",\"item\":\"https:\/\/www.comverga.com\/pol\/dienstleistungen\/\"},{\"@type\":\"ListItem\",\"position\":2,\"name\":\"Software as a Service \/ Platform as a Service\",\"item\":\"https:\/\/www.comverga.com\/pol\/dienstleistungen\/software-as-a-service-platform-as-a-service\/\"},{\"@type\":\"ListItem\",\"position\":3,\"name\":\"mProfi\"}]},{\"@type\":\"WebSite\",\"@id\":\"https:\/\/www.comverga.com\/pol\/#website\",\"url\":\"https:\/\/www.comverga.com\/pol\/\",\"name\":\"COMVERGA Poland\",\"description\":\"Comverga Poland\",\"publisher\":{\"@id\":\"https:\/\/www.comverga.com\/pol\/#organization\"},\"potentialAction\":[{\"@type\":\"SearchAction\",\"target\":{\"@type\":\"EntryPoint\",\"urlTemplate\":\"https:\/\/www.comverga.com\/pol\/?s={search_term_string}\"},\"query-input\":\"required name=search_term_string\"}],\"inLanguage\":\"en-GB\"},{\"@type\":\"Organization\",\"@id\":\"https:\/\/www.comverga.com\/pol\/#organization\",\"name\":\"COMVERGA Poland\",\"url\":\"https:\/\/www.comverga.com\/pol\/\",\"logo\":{\"@type\":\"ImageObject\",\"inLanguage\":\"en-GB\",\"@id\":\"https:\/\/www.comverga.com\/pol\/#\/schema\/logo\/image\/\",\"url\":\"https:\/\/www.comverga.com\/pol\/wp-content\/uploads\/sites\/2\/2020\/11\/Comverga_CC.png\",\"contentUrl\":\"https:\/\/www.comverga.com\/pol\/wp-content\/uploads\/sites\/2\/2020\/11\/Comverga_CC.png\",\"width\":800,\"height\":800,\"caption\":\"COMVERGA Poland\"},\"image\":{\"@id\":\"https:\/\/www.comverga.com\/pol\/#\/schema\/logo\/image\/\"}}]}<\/script>\n<!-- \/ Yoast SEO plugin. -->","yoast_head_json":{"title":"mProfi - COMVERGA Poland","robots":{"index":"index","follow":"follow","max-snippet":"max-snippet:-1","max-image-preview":"max-image-preview:large","max-video-preview":"max-video-preview:-1"},"canonical":"https:\/\/www.comverga.com\/pol\/en\/dienstleistungen\/software-as-a-service-platform-as-a-service\/mprofi\/","og_locale":"en_GB","og_type":"article","og_title":"mProfi - COMVERGA Poland","og_description":"mProfi.pl ist unsere Antwort auf die wachsenden Bed\u00fcrfnisse von Kunden aus kleinen und mittleren Unternehmen. Dienstleistungen mProfi ist eine spezialisierte Telekommunikationsplattform zur Unterst\u00fctzung von Teleshopping-Prozessen sowie zur Pflege und zum Aufbau von Beziehungen zu bestehenden Kunden. Die Idee hinter der Plattform ist, dass sie f\u00fcr den Benutzer einfach und intuitiv zu bedienen ist. mProfi ist [&hellip;]","og_url":"https:\/\/www.comverga.com\/pol\/en\/dienstleistungen\/software-as-a-service-platform-as-a-service\/mprofi\/","og_site_name":"COMVERGA Poland","og_image":[{"width":1920,"height":955,"url":"https:\/\/www.comverga.com\/pol\/wp-content\/uploads\/sites\/2\/2020\/11\/mprofi-1.jpg","type":"image\/jpeg"}],"twitter_card":"summary_large_image","twitter_misc":{"Estimated reading time":"1 minute"},"schema":{"@context":"https:\/\/schema.org","@graph":[{"@type":"WebPage","@id":"https:\/\/www.comverga.com\/pol\/dienstleistungen\/software-as-a-service-platform-as-a-service\/mprofi\/","url":"https:\/\/www.comverga.com\/pol\/dienstleistungen\/software-as-a-service-platform-as-a-service\/mprofi\/","name":"mProfi - COMVERGA Poland","isPartOf":{"@id":"https:\/\/www.comverga.com\/pol\/#website"},"datePublished":"2020-11-27T15:50:14+00:00","dateModified":"2020-11-27T15:50:14+00:00","breadcrumb":{"@id":"https:\/\/www.comverga.com\/pol\/dienstleistungen\/software-as-a-service-platform-as-a-service\/mprofi\/#breadcrumb"},"inLanguage":"en-GB","potentialAction":[{"@type":"ReadAction","target":["https:\/\/www.comverga.com\/pol\/dienstleistungen\/software-as-a-service-platform-as-a-service\/mprofi\/"]}]},{"@type":"BreadcrumbList","@id":"https:\/\/www.comverga.com\/pol\/dienstleistungen\/software-as-a-service-platform-as-a-service\/mprofi\/#breadcrumb","itemListElement":[{"@type":"ListItem","position":1,"name":"Dienstleistungen","item":"https:\/\/www.comverga.com\/pol\/dienstleistungen\/"},{"@type":"ListItem","position":2,"name":"Software as a Service \/ Platform as a Service","item":"https:\/\/www.comverga.com\/pol\/dienstleistungen\/software-as-a-service-platform-as-a-service\/"},{"@type":"ListItem","position":3,"name":"mProfi"}]},{"@type":"WebSite","@id":"https:\/\/www.comverga.com\/pol\/#website","url":"https:\/\/www.comverga.com\/pol\/","name":"COMVERGA Poland","description":"Comverga Poland","publisher":{"@id":"https:\/\/www.comverga.com\/pol\/#organization"},"potentialAction":[{"@type":"SearchAction","target":{"@type":"EntryPoint","urlTemplate":"https:\/\/www.comverga.com\/pol\/?s={search_term_string}"},"query-input":"required name=search_term_string"}],"inLanguage":"en-GB"},{"@type":"Organization","@id":"https:\/\/www.comverga.com\/pol\/#organization","name":"COMVERGA Poland","url":"https:\/\/www.comverga.com\/pol\/","logo":{"@type":"ImageObject","inLanguage":"en-GB","@id":"https:\/\/www.comverga.com\/pol\/#\/schema\/logo\/image\/","url":"https:\/\/www.comverga.com\/pol\/wp-content\/uploads\/sites\/2\/2020\/11\/Comverga_CC.png","contentUrl":"https:\/\/www.comverga.com\/pol\/wp-content\/uploads\/sites\/2\/2020\/11\/Comverga_CC.png","width":800,"height":800,"caption":"COMVERGA Poland"},"image":{"@id":"https:\/\/www.comverga.com\/pol\/#\/schema\/logo\/image\/"}}]}},"_links":{"self":[{"href":"https:\/\/www.comverga.com\/pol\/en\/wp-json\/wp\/v2\/pages\/613"}],"collection":[{"href":"https:\/\/www.comverga.com\/pol\/en\/wp-json\/wp\/v2\/pages"}],"about":[{"href":"https:\/\/www.comverga.com\/pol\/en\/wp-json\/wp\/v2\/types\/page"}],"author":[{"embeddable":true,"href":"https:\/\/www.comverga.com\/pol\/en\/wp-json\/wp\/v2\/users\/1"}],"replies":[{"embeddable":true,"href":"https:\/\/www.comverga.com\/pol\/en\/wp-json\/wp\/v2\/comments?post=613"}],"version-history":[{"count":0,"href":"https:\/\/www.comverga.com\/pol\/en\/wp-json\/wp\/v2\/pages\/613\/revisions"}],"up":[{"embeddable":true,"href":"https:\/\/www.comverga.com\/pol\/en\/wp-json\/wp\/v2\/pages\/206"}],"wp:featuredmedia":[{"embeddable":true,"href":"https:\/\/www.comverga.com\/pol\/en\/wp-json\/wp\/v2\/media\/137"}],"wp:attachment":[{"href":"https:\/\/www.comverga.com\/pol\/en\/wp-json\/wp\/v2\/media?parent=613"}],"curies":[{"name":"wp","href":"https:\/\/api.w.org\/{rel}","templated":true}]}}