{"id":636,"date":"2020-11-30T06:44:04","date_gmt":"2020-11-30T05:44:04","guid":{"rendered":"https:\/\/www.comverga.com\/pol\/?page_id=636"},"modified":"2021-02-01T14:11:52","modified_gmt":"2021-02-01T13:11:52","slug":"number-verification","status":"publish","type":"page","link":"https:\/\/www.comverga.com\/pol\/en\/uslugi\/rozzwiazania\/number-verification\/","title":{"rendered":"Checking the numbers"},"content":{"rendered":"<div data-elementor-type=\"wp-page\" data-elementor-id=\"636\" class=\"elementor elementor-636\">\n\t\t\t\t\t\t\t\t\t<section class=\"elementor-section elementor-top-section elementor-element elementor-element-4e390da7 elementor-section-stretched elementor-section-boxed elementor-section-height-default elementor-section-height-default\" data-id=\"4e390da7\" data-element_type=\"section\" data-settings=\"{&quot;stretch_section&quot;:&quot;section-stretched&quot;,&quot;background_background&quot;:&quot;classic&quot;}\">\n\t\t\t\t\t\t<div class=\"elementor-container elementor-column-gap-default\">\n\t\t\t\t\t<div class=\"elementor-column elementor-col-100 elementor-top-column elementor-element elementor-element-7b9cd579\" data-id=\"7b9cd579\" data-element_type=\"column\">\n\t\t\t<div class=\"elementor-widget-wrap elementor-element-populated\">\n\t\t\t\t\t\t\t\t<div class=\"elementor-element elementor-element-6a68638f elementor-widget elementor-widget-text-editor\" data-id=\"6a68638f\" data-element_type=\"widget\" data-widget_type=\"text-editor.default\">\n\t\t\t\t<div class=\"elementor-widget-container\">\n\t\t\t\t\t\t\t<!-- wp:paragraph -->\n<p>The Number Check service is used in the process of verifying mobile number databases. By means of it, it is possible to confirm general information concerning the number itself, such as membership of a given mobile network, and detailed information such as the name of the network to which the number is logged, the number's activity status, etc. The third aspect is to verify the number's temporary activity and availability - at the level of reachability and busyness.<\/p>\n<!-- \/wp:paragraph -->\n\n<!-- wp:paragraph -->\n<p>Depending on the type of information expected, we offer the following options for the Number Check service:<\/p>\n<!-- \/wp:paragraph -->\n\n<!-- wp:list -->\n<ul><li>BASIC check<\/li><li>PROFI check<\/li><li>TELCO check<\/li><\/ul>\n<!-- \/wp:list -->\n\n<!-- wp:paragraph -->\n<p>* The BASIC package uses ported number databases and only allows the identification of the destination network to which the number type belongs. This information must not be interpreted as an indication that the number in question is registered on the network or is active.<\/p>\n<!-- \/wp:paragraph -->\n\n<!-- wp:paragraph -->\n<p>* The PROFI package uses queries to the HLR registers of the mobile operators. In this way, the information obtained is up-to-date and makes it possible to determine its location (country), correctness and certain aspects of activity (logged into the network, etc.).<\/p>\n<!-- \/wp:paragraph -->\n\n<!-- wp:paragraph -->\n<p>* The TELCO package engages specific telecommunications services to check the quality of a number. This form is ideal for verifying the status of a number and its availability on the telecommunications network.<\/p>\n<!-- \/wp:paragraph -->\t\t\t\t\t\t<\/div>\n\t\t\t\t<\/div>\n\t\t\t\t\t<\/div>\n\t\t<\/div>\n\t\t\t\t\t\t\t<\/div>\n\t\t<\/section>\n\t\t\t\t\t\t\t<\/div>","protected":false},"excerpt":{"rendered":"<p>The Number Check service is used in the process of verifying mobile number databases. With its help, it is possible to confirm general information about the number itself, such as its membership of a particular mobile network, and specific information such as the name of the network to which the number is logged in, the number's activity status, etc. A third aspect is to verify the number's temporary activity and availability - on [...]<\/p>","protected":false},"author":1,"featured_media":50,"parent":249,"menu_order":7,"comment_status":"closed","ping_status":"closed","template":"","meta":{"footnotes":""},"yoast_head":"<!-- This site is optimized with the Yoast SEO plugin v21.6 - https:\/\/yoast.com\/wordpress\/plugins\/seo\/ -->\n<title>Sprawdzanie numer\u00f3w - COMVERGA Poland<\/title>\n<meta name=\"robots\" content=\"index, follow, max-snippet:-1, max-image-preview:large, max-video-preview:-1\" \/>\n<link rel=\"canonical\" href=\"https:\/\/www.comverga.com\/pol\/en\/uslugi\/rozzwiazania\/number-verification\/\" \/>\n<meta property=\"og:locale\" content=\"en_GB\" \/>\n<meta property=\"og:type\" content=\"article\" \/>\n<meta property=\"og:title\" content=\"Sprawdzanie numer\u00f3w - COMVERGA Poland\" \/>\n<meta property=\"og:description\" content=\"Us\u0142uga Sprawdzania Numer\u00f3w jest u\u017cywana w procesie weryfikacji baz numer\u00f3w kom\u00f3rkowych. Za jej pomoc\u0105 mo\u017cliwe jest potwierdzenie informacji og\u00f3lnych dotycz\u0105cych samego numeru, jak np. przynale\u017cno\u015b\u0107 do danej sieci kom\u00f3rkowej, oraz informacji szczeg\u00f3\u0142owych takich jak nazwa sieci, do kt\u00f3rej numer jest zalogowany, status aktywno\u015bci numeru, itp. Trzecim aspektem jest zweryfikowanie chwilowej aktywno\u015bci i dost\u0119pno\u015bci numeru- na [&hellip;]\" \/>\n<meta property=\"og:url\" content=\"https:\/\/www.comverga.com\/pol\/en\/uslugi\/rozzwiazania\/number-verification\/\" \/>\n<meta property=\"og:site_name\" content=\"COMVERGA Poland\" \/>\n<meta property=\"article:modified_time\" content=\"2021-02-01T13:11:52+00:00\" \/>\n<meta property=\"og:image\" content=\"https:\/\/www.comverga.com\/pol\/wp-content\/uploads\/sites\/2\/2020\/11\/sprawdzanie-numerow-1.jpg\" \/>\n\t<meta property=\"og:image:width\" content=\"1920\" \/>\n\t<meta property=\"og:image:height\" content=\"620\" \/>\n\t<meta property=\"og:image:type\" content=\"image\/jpeg\" \/>\n<meta name=\"twitter:card\" content=\"summary_large_image\" \/>\n<meta name=\"twitter:label1\" content=\"Estimated reading time\" \/>\n\t<meta name=\"twitter:data1\" content=\"1 minute\" \/>\n<script type=\"application\/ld+json\" class=\"yoast-schema-graph\">{\"@context\":\"https:\/\/schema.org\",\"@graph\":[{\"@type\":\"WebPage\",\"@id\":\"https:\/\/www.comverga.com\/pol\/uslugi\/rozzwiazania\/number-verification\/\",\"url\":\"https:\/\/www.comverga.com\/pol\/uslugi\/rozzwiazania\/number-verification\/\",\"name\":\"Sprawdzanie numer\u00f3w - COMVERGA Poland\",\"isPartOf\":{\"@id\":\"https:\/\/www.comverga.com\/pol\/#website\"},\"datePublished\":\"2020-11-30T05:44:04+00:00\",\"dateModified\":\"2021-02-01T13:11:52+00:00\",\"breadcrumb\":{\"@id\":\"https:\/\/www.comverga.com\/pol\/uslugi\/rozzwiazania\/number-verification\/#breadcrumb\"},\"inLanguage\":\"en-GB\",\"potentialAction\":[{\"@type\":\"ReadAction\",\"target\":[\"https:\/\/www.comverga.com\/pol\/uslugi\/rozzwiazania\/number-verification\/\"]}]},{\"@type\":\"BreadcrumbList\",\"@id\":\"https:\/\/www.comverga.com\/pol\/uslugi\/rozzwiazania\/number-verification\/#breadcrumb\",\"itemListElement\":[{\"@type\":\"ListItem\",\"position\":1,\"name\":\"Us\u0142ugi\",\"item\":\"https:\/\/www.comverga.com\/pol\/uslugi\/\"},{\"@type\":\"ListItem\",\"position\":2,\"name\":\"Rozwi\u0105zania informatyczne i telekomunikacyjne\",\"item\":\"https:\/\/www.comverga.com\/pol\/uslugi\/rozzwiazania\/\"},{\"@type\":\"ListItem\",\"position\":3,\"name\":\"Sprawdzanie numer\u00f3w\"}]},{\"@type\":\"WebSite\",\"@id\":\"https:\/\/www.comverga.com\/pol\/#website\",\"url\":\"https:\/\/www.comverga.com\/pol\/\",\"name\":\"COMVERGA Poland\",\"description\":\"Comverga Poland\",\"publisher\":{\"@id\":\"https:\/\/www.comverga.com\/pol\/#organization\"},\"potentialAction\":[{\"@type\":\"SearchAction\",\"target\":{\"@type\":\"EntryPoint\",\"urlTemplate\":\"https:\/\/www.comverga.com\/pol\/?s={search_term_string}\"},\"query-input\":\"required name=search_term_string\"}],\"inLanguage\":\"en-GB\"},{\"@type\":\"Organization\",\"@id\":\"https:\/\/www.comverga.com\/pol\/#organization\",\"name\":\"COMVERGA Poland\",\"url\":\"https:\/\/www.comverga.com\/pol\/\",\"logo\":{\"@type\":\"ImageObject\",\"inLanguage\":\"en-GB\",\"@id\":\"https:\/\/www.comverga.com\/pol\/#\/schema\/logo\/image\/\",\"url\":\"https:\/\/www.comverga.com\/pol\/wp-content\/uploads\/sites\/2\/2020\/11\/Comverga_CC.png\",\"contentUrl\":\"https:\/\/www.comverga.com\/pol\/wp-content\/uploads\/sites\/2\/2020\/11\/Comverga_CC.png\",\"width\":800,\"height\":800,\"caption\":\"COMVERGA Poland\"},\"image\":{\"@id\":\"https:\/\/www.comverga.com\/pol\/#\/schema\/logo\/image\/\"}}]}<\/script>\n<!-- \/ Yoast SEO plugin. -->","yoast_head_json":{"title":"Sprawdzanie numer\u00f3w - COMVERGA Poland","robots":{"index":"index","follow":"follow","max-snippet":"max-snippet:-1","max-image-preview":"max-image-preview:large","max-video-preview":"max-video-preview:-1"},"canonical":"https:\/\/www.comverga.com\/pol\/en\/uslugi\/rozzwiazania\/number-verification\/","og_locale":"en_GB","og_type":"article","og_title":"Sprawdzanie numer\u00f3w - COMVERGA Poland","og_description":"Us\u0142uga Sprawdzania Numer\u00f3w jest u\u017cywana w procesie weryfikacji baz numer\u00f3w kom\u00f3rkowych. Za jej pomoc\u0105 mo\u017cliwe jest potwierdzenie informacji og\u00f3lnych dotycz\u0105cych samego numeru, jak np. przynale\u017cno\u015b\u0107 do danej sieci kom\u00f3rkowej, oraz informacji szczeg\u00f3\u0142owych takich jak nazwa sieci, do kt\u00f3rej numer jest zalogowany, status aktywno\u015bci numeru, itp. Trzecim aspektem jest zweryfikowanie chwilowej aktywno\u015bci i dost\u0119pno\u015bci numeru- na [&hellip;]","og_url":"https:\/\/www.comverga.com\/pol\/en\/uslugi\/rozzwiazania\/number-verification\/","og_site_name":"COMVERGA Poland","article_modified_time":"2021-02-01T13:11:52+00:00","og_image":[{"width":1920,"height":620,"url":"https:\/\/www.comverga.com\/pol\/wp-content\/uploads\/sites\/2\/2020\/11\/sprawdzanie-numerow-1.jpg","type":"image\/jpeg"}],"twitter_card":"summary_large_image","twitter_misc":{"Estimated reading time":"1 minute"},"schema":{"@context":"https:\/\/schema.org","@graph":[{"@type":"WebPage","@id":"https:\/\/www.comverga.com\/pol\/uslugi\/rozzwiazania\/number-verification\/","url":"https:\/\/www.comverga.com\/pol\/uslugi\/rozzwiazania\/number-verification\/","name":"Sprawdzanie numer\u00f3w - COMVERGA Poland","isPartOf":{"@id":"https:\/\/www.comverga.com\/pol\/#website"},"datePublished":"2020-11-30T05:44:04+00:00","dateModified":"2021-02-01T13:11:52+00:00","breadcrumb":{"@id":"https:\/\/www.comverga.com\/pol\/uslugi\/rozzwiazania\/number-verification\/#breadcrumb"},"inLanguage":"en-GB","potentialAction":[{"@type":"ReadAction","target":["https:\/\/www.comverga.com\/pol\/uslugi\/rozzwiazania\/number-verification\/"]}]},{"@type":"BreadcrumbList","@id":"https:\/\/www.comverga.com\/pol\/uslugi\/rozzwiazania\/number-verification\/#breadcrumb","itemListElement":[{"@type":"ListItem","position":1,"name":"Us\u0142ugi","item":"https:\/\/www.comverga.com\/pol\/uslugi\/"},{"@type":"ListItem","position":2,"name":"Rozwi\u0105zania informatyczne i telekomunikacyjne","item":"https:\/\/www.comverga.com\/pol\/uslugi\/rozzwiazania\/"},{"@type":"ListItem","position":3,"name":"Sprawdzanie numer\u00f3w"}]},{"@type":"WebSite","@id":"https:\/\/www.comverga.com\/pol\/#website","url":"https:\/\/www.comverga.com\/pol\/","name":"COMVERGA Poland","description":"Comverga Poland","publisher":{"@id":"https:\/\/www.comverga.com\/pol\/#organization"},"potentialAction":[{"@type":"SearchAction","target":{"@type":"EntryPoint","urlTemplate":"https:\/\/www.comverga.com\/pol\/?s={search_term_string}"},"query-input":"required name=search_term_string"}],"inLanguage":"en-GB"},{"@type":"Organization","@id":"https:\/\/www.comverga.com\/pol\/#organization","name":"COMVERGA Poland","url":"https:\/\/www.comverga.com\/pol\/","logo":{"@type":"ImageObject","inLanguage":"en-GB","@id":"https:\/\/www.comverga.com\/pol\/#\/schema\/logo\/image\/","url":"https:\/\/www.comverga.com\/pol\/wp-content\/uploads\/sites\/2\/2020\/11\/Comverga_CC.png","contentUrl":"https:\/\/www.comverga.com\/pol\/wp-content\/uploads\/sites\/2\/2020\/11\/Comverga_CC.png","width":800,"height":800,"caption":"COMVERGA Poland"},"image":{"@id":"https:\/\/www.comverga.com\/pol\/#\/schema\/logo\/image\/"}}]}},"_links":{"self":[{"href":"https:\/\/www.comverga.com\/pol\/en\/wp-json\/wp\/v2\/pages\/636"}],"collection":[{"href":"https:\/\/www.comverga.com\/pol\/en\/wp-json\/wp\/v2\/pages"}],"about":[{"href":"https:\/\/www.comverga.com\/pol\/en\/wp-json\/wp\/v2\/types\/page"}],"author":[{"embeddable":true,"href":"https:\/\/www.comverga.com\/pol\/en\/wp-json\/wp\/v2\/users\/1"}],"replies":[{"embeddable":true,"href":"https:\/\/www.comverga.com\/pol\/en\/wp-json\/wp\/v2\/comments?post=636"}],"version-history":[{"count":7,"href":"https:\/\/www.comverga.com\/pol\/en\/wp-json\/wp\/v2\/pages\/636\/revisions"}],"predecessor-version":[{"id":1877,"href":"https:\/\/www.comverga.com\/pol\/en\/wp-json\/wp\/v2\/pages\/636\/revisions\/1877"}],"up":[{"embeddable":true,"href":"https:\/\/www.comverga.com\/pol\/en\/wp-json\/wp\/v2\/pages\/249"}],"wp:featuredmedia":[{"embeddable":true,"href":"https:\/\/www.comverga.com\/pol\/en\/wp-json\/wp\/v2\/media\/50"}],"wp:attachment":[{"href":"https:\/\/www.comverga.com\/pol\/en\/wp-json\/wp\/v2\/media?parent=636"}],"curies":[{"name":"wp","href":"https:\/\/api.w.org\/{rel}","templated":true}]}}