{"id":709,"date":"2020-12-02T11:50:06","date_gmt":"2020-12-02T10:50:06","guid":{"rendered":"https:\/\/www.comverga.com\/pol\/?page_id=709"},"modified":"2021-02-01T12:36:13","modified_gmt":"2021-02-01T11:36:13","slug":"sdp-dla-cloud","status":"publish","type":"page","link":"https:\/\/www.comverga.com\/pol\/en\/uslugi\/oprogramowanie-jako-usluga-platforma-jako-usluga\/sdp-dla-cloud\/","title":{"rendered":"SDP for cloud computing"},"content":{"rendered":"<div data-elementor-type=\"wp-page\" data-elementor-id=\"709\" class=\"elementor elementor-709\">\n\t\t\t\t\t\t\t\t\t<section class=\"elementor-section elementor-top-section elementor-element elementor-element-4e637385 elementor-section-stretched elementor-section-boxed elementor-section-height-default elementor-section-height-default\" data-id=\"4e637385\" data-element_type=\"section\" data-settings=\"{&quot;stretch_section&quot;:&quot;section-stretched&quot;,&quot;background_background&quot;:&quot;classic&quot;}\">\n\t\t\t\t\t\t<div class=\"elementor-container elementor-column-gap-default\">\n\t\t\t\t\t<div class=\"elementor-column elementor-col-100 elementor-top-column elementor-element elementor-element-79ff007b\" data-id=\"79ff007b\" data-element_type=\"column\">\n\t\t\t<div class=\"elementor-widget-wrap elementor-element-populated\">\n\t\t\t\t\t\t\t\t<div class=\"elementor-element elementor-element-7abe51da elementor-widget elementor-widget-text-editor\" data-id=\"7abe51da\" data-element_type=\"widget\" data-widget_type=\"text-editor.default\">\n\t\t\t\t<div class=\"elementor-widget-container\">\n\t\t\t\t\t\t\t<!-- wp:paragraph -->\n<p>Today's rapidly changing environment increasingly supports the use of cloud services. This applies to their volume, different types of services and different users. The costs for businesses using cloud services are growing rapidly and controlling them, being able to allocate them to different cost centres and specific users, is becoming a necessity.<\/p>\n<!-- \/wp:paragraph -->\n\n<!-- wp:paragraph -->\n<p>SDP enables complete and flexible management of the use of cloud services in an organisation, including control of their activation and deactivation, control of the amount and time of use, allocation of costs from different cloud providers to users and cost centres. It supports both public cloud providers (IBM, Amazon, Microsoft, Alcatel, Unify) and internal providers within the organisation.<\/p>\n<!-- \/wp:paragraph -->\t\t\t\t\t\t<\/div>\n\t\t\t\t<\/div>\n\t\t\t\t\t<\/div>\n\t\t<\/div>\n\t\t\t\t\t\t\t<\/div>\n\t\t<\/section>\n\t\t\t\t\t\t\t<\/div>","protected":false},"excerpt":{"rendered":"<p>Today's rapidly changing environment increasingly supports the use of cloud services. This applies to their volume, different types of services and different users. The costs of businesses using cloud services are growing rapidly and controlling them, being able to break them down into different cost centres and specific users, is becoming a necessity. SDP enables full and [...]<\/p>","protected":false},"author":1,"featured_media":145,"parent":240,"menu_order":5,"comment_status":"closed","ping_status":"closed","template":"","meta":{"footnotes":""},"yoast_head":"<!-- This site is optimized with the Yoast SEO plugin v21.6 - https:\/\/yoast.com\/wordpress\/plugins\/seo\/ -->\n<title>SDP dla chmury obliczeniowej - COMVERGA Poland<\/title>\n<meta name=\"robots\" content=\"index, follow, max-snippet:-1, max-image-preview:large, max-video-preview:-1\" \/>\n<link rel=\"canonical\" href=\"https:\/\/www.comverga.com\/pol\/en\/uslugi\/oprogramowanie-jako-usluga-platforma-jako-usluga\/sdp-dla-cloud\/\" \/>\n<meta property=\"og:locale\" content=\"en_GB\" \/>\n<meta property=\"og:type\" content=\"article\" \/>\n<meta property=\"og:title\" content=\"SDP dla chmury obliczeniowej - COMVERGA Poland\" \/>\n<meta property=\"og:description\" content=\"Dzisiejsze szybko zmieniaj\u0105ce si\u0119 \u015brodowisko w coraz wi\u0119kszym stopniu wspiera korzystanie z us\u0142ug w chmurze. Dotyczy to zar\u00f3wno ich ilo\u015bci, r\u00f3\u017cnych rodzaj\u00f3w us\u0142ug jak i r\u00f3\u017cnych u\u017cytkownik\u00f3w. Koszty przedsi\u0119biorstw korzystaj\u0105cych z us\u0142ug w chmurze szybko rosn\u0105 a ich kontrola, mo\u017cliwo\u015b\u0107 podzia\u0142u na r\u00f3\u017cne centra koszt\u00f3w i konkretnych u\u017cytkownik\u00f3w staje si\u0119 konieczno\u015bci\u0105. SDP umo\u017cliwia pe\u0142ne i [&hellip;]\" \/>\n<meta property=\"og:url\" content=\"https:\/\/www.comverga.com\/pol\/en\/uslugi\/oprogramowanie-jako-usluga-platforma-jako-usluga\/sdp-dla-cloud\/\" \/>\n<meta property=\"og:site_name\" content=\"COMVERGA Poland\" \/>\n<meta property=\"article:modified_time\" content=\"2021-02-01T11:36:13+00:00\" \/>\n<meta property=\"og:image\" content=\"https:\/\/www.comverga.com\/pol\/wp-content\/uploads\/sites\/2\/2020\/11\/technologiekomunikacji-1.jpg\" \/>\n\t<meta property=\"og:image:width\" content=\"1920\" \/>\n\t<meta property=\"og:image:height\" content=\"955\" \/>\n\t<meta property=\"og:image:type\" content=\"image\/jpeg\" \/>\n<meta name=\"twitter:card\" content=\"summary_large_image\" \/>\n<meta name=\"twitter:label1\" content=\"Estimated reading time\" \/>\n\t<meta name=\"twitter:data1\" content=\"1 minute\" \/>\n<script type=\"application\/ld+json\" class=\"yoast-schema-graph\">{\"@context\":\"https:\/\/schema.org\",\"@graph\":[{\"@type\":\"WebPage\",\"@id\":\"https:\/\/www.comverga.com\/pol\/uslugi\/oprogramowanie-jako-usluga-platforma-jako-usluga\/sdp-dla-cloud\/\",\"url\":\"https:\/\/www.comverga.com\/pol\/uslugi\/oprogramowanie-jako-usluga-platforma-jako-usluga\/sdp-dla-cloud\/\",\"name\":\"SDP dla chmury obliczeniowej - COMVERGA Poland\",\"isPartOf\":{\"@id\":\"https:\/\/www.comverga.com\/pol\/#website\"},\"datePublished\":\"2020-12-02T10:50:06+00:00\",\"dateModified\":\"2021-02-01T11:36:13+00:00\",\"breadcrumb\":{\"@id\":\"https:\/\/www.comverga.com\/pol\/uslugi\/oprogramowanie-jako-usluga-platforma-jako-usluga\/sdp-dla-cloud\/#breadcrumb\"},\"inLanguage\":\"en-GB\",\"potentialAction\":[{\"@type\":\"ReadAction\",\"target\":[\"https:\/\/www.comverga.com\/pol\/uslugi\/oprogramowanie-jako-usluga-platforma-jako-usluga\/sdp-dla-cloud\/\"]}]},{\"@type\":\"BreadcrumbList\",\"@id\":\"https:\/\/www.comverga.com\/pol\/uslugi\/oprogramowanie-jako-usluga-platforma-jako-usluga\/sdp-dla-cloud\/#breadcrumb\",\"itemListElement\":[{\"@type\":\"ListItem\",\"position\":1,\"name\":\"Us\u0142ugi\",\"item\":\"https:\/\/www.comverga.com\/pol\/uslugi\/\"},{\"@type\":\"ListItem\",\"position\":2,\"name\":\"Oprogramowanie jako us\u0142uga \/ platforma jako us\u0142uga\",\"item\":\"https:\/\/www.comverga.com\/pol\/uslugi\/oprogramowanie-jako-usluga-platforma-jako-usluga\/\"},{\"@type\":\"ListItem\",\"position\":3,\"name\":\"SDP dla chmury obliczeniowej\"}]},{\"@type\":\"WebSite\",\"@id\":\"https:\/\/www.comverga.com\/pol\/#website\",\"url\":\"https:\/\/www.comverga.com\/pol\/\",\"name\":\"COMVERGA Poland\",\"description\":\"Comverga Poland\",\"publisher\":{\"@id\":\"https:\/\/www.comverga.com\/pol\/#organization\"},\"potentialAction\":[{\"@type\":\"SearchAction\",\"target\":{\"@type\":\"EntryPoint\",\"urlTemplate\":\"https:\/\/www.comverga.com\/pol\/?s={search_term_string}\"},\"query-input\":\"required name=search_term_string\"}],\"inLanguage\":\"en-GB\"},{\"@type\":\"Organization\",\"@id\":\"https:\/\/www.comverga.com\/pol\/#organization\",\"name\":\"COMVERGA Poland\",\"url\":\"https:\/\/www.comverga.com\/pol\/\",\"logo\":{\"@type\":\"ImageObject\",\"inLanguage\":\"en-GB\",\"@id\":\"https:\/\/www.comverga.com\/pol\/#\/schema\/logo\/image\/\",\"url\":\"https:\/\/www.comverga.com\/pol\/wp-content\/uploads\/sites\/2\/2020\/11\/Comverga_CC.png\",\"contentUrl\":\"https:\/\/www.comverga.com\/pol\/wp-content\/uploads\/sites\/2\/2020\/11\/Comverga_CC.png\",\"width\":800,\"height\":800,\"caption\":\"COMVERGA Poland\"},\"image\":{\"@id\":\"https:\/\/www.comverga.com\/pol\/#\/schema\/logo\/image\/\"}}]}<\/script>\n<!-- \/ Yoast SEO plugin. -->","yoast_head_json":{"title":"SDP for cloud computing - COMVERGA Poland","robots":{"index":"index","follow":"follow","max-snippet":"max-snippet:-1","max-image-preview":"max-image-preview:large","max-video-preview":"max-video-preview:-1"},"canonical":"https:\/\/www.comverga.com\/pol\/en\/uslugi\/oprogramowanie-jako-usluga-platforma-jako-usluga\/sdp-dla-cloud\/","og_locale":"en_GB","og_type":"article","og_title":"SDP dla chmury obliczeniowej - COMVERGA Poland","og_description":"Dzisiejsze szybko zmieniaj\u0105ce si\u0119 \u015brodowisko w coraz wi\u0119kszym stopniu wspiera korzystanie z us\u0142ug w chmurze. Dotyczy to zar\u00f3wno ich ilo\u015bci, r\u00f3\u017cnych rodzaj\u00f3w us\u0142ug jak i r\u00f3\u017cnych u\u017cytkownik\u00f3w. Koszty przedsi\u0119biorstw korzystaj\u0105cych z us\u0142ug w chmurze szybko rosn\u0105 a ich kontrola, mo\u017cliwo\u015b\u0107 podzia\u0142u na r\u00f3\u017cne centra koszt\u00f3w i konkretnych u\u017cytkownik\u00f3w staje si\u0119 konieczno\u015bci\u0105. SDP umo\u017cliwia pe\u0142ne i [&hellip;]","og_url":"https:\/\/www.comverga.com\/pol\/en\/uslugi\/oprogramowanie-jako-usluga-platforma-jako-usluga\/sdp-dla-cloud\/","og_site_name":"COMVERGA Poland","article_modified_time":"2021-02-01T11:36:13+00:00","og_image":[{"width":1920,"height":955,"url":"https:\/\/www.comverga.com\/pol\/wp-content\/uploads\/sites\/2\/2020\/11\/technologiekomunikacji-1.jpg","type":"image\/jpeg"}],"twitter_card":"summary_large_image","twitter_misc":{"Estimated reading time":"1 minute"},"schema":{"@context":"https:\/\/schema.org","@graph":[{"@type":"WebPage","@id":"https:\/\/www.comverga.com\/pol\/uslugi\/oprogramowanie-jako-usluga-platforma-jako-usluga\/sdp-dla-cloud\/","url":"https:\/\/www.comverga.com\/pol\/uslugi\/oprogramowanie-jako-usluga-platforma-jako-usluga\/sdp-dla-cloud\/","name":"SDP for cloud computing - COMVERGA Poland","isPartOf":{"@id":"https:\/\/www.comverga.com\/pol\/#website"},"datePublished":"2020-12-02T10:50:06+00:00","dateModified":"2021-02-01T11:36:13+00:00","breadcrumb":{"@id":"https:\/\/www.comverga.com\/pol\/uslugi\/oprogramowanie-jako-usluga-platforma-jako-usluga\/sdp-dla-cloud\/#breadcrumb"},"inLanguage":"en-GB","potentialAction":[{"@type":"ReadAction","target":["https:\/\/www.comverga.com\/pol\/uslugi\/oprogramowanie-jako-usluga-platforma-jako-usluga\/sdp-dla-cloud\/"]}]},{"@type":"BreadcrumbList","@id":"https:\/\/www.comverga.com\/pol\/uslugi\/oprogramowanie-jako-usluga-platforma-jako-usluga\/sdp-dla-cloud\/#breadcrumb","itemListElement":[{"@type":"ListItem","position":1,"name":"Us\u0142ugi","item":"https:\/\/www.comverga.com\/pol\/uslugi\/"},{"@type":"ListItem","position":2,"name":"Oprogramowanie jako us\u0142uga \/ platforma jako us\u0142uga","item":"https:\/\/www.comverga.com\/pol\/uslugi\/oprogramowanie-jako-usluga-platforma-jako-usluga\/"},{"@type":"ListItem","position":3,"name":"SDP dla chmury obliczeniowej"}]},{"@type":"WebSite","@id":"https:\/\/www.comverga.com\/pol\/#website","url":"https:\/\/www.comverga.com\/pol\/","name":"COMVERGA Poland","description":"Comverga Poland","publisher":{"@id":"https:\/\/www.comverga.com\/pol\/#organization"},"potentialAction":[{"@type":"SearchAction","target":{"@type":"EntryPoint","urlTemplate":"https:\/\/www.comverga.com\/pol\/?s={search_term_string}"},"query-input":"required name=search_term_string"}],"inLanguage":"en-GB"},{"@type":"Organization","@id":"https:\/\/www.comverga.com\/pol\/#organization","name":"COMVERGA Poland","url":"https:\/\/www.comverga.com\/pol\/","logo":{"@type":"ImageObject","inLanguage":"en-GB","@id":"https:\/\/www.comverga.com\/pol\/#\/schema\/logo\/image\/","url":"https:\/\/www.comverga.com\/pol\/wp-content\/uploads\/sites\/2\/2020\/11\/Comverga_CC.png","contentUrl":"https:\/\/www.comverga.com\/pol\/wp-content\/uploads\/sites\/2\/2020\/11\/Comverga_CC.png","width":800,"height":800,"caption":"COMVERGA Poland"},"image":{"@id":"https:\/\/www.comverga.com\/pol\/#\/schema\/logo\/image\/"}}]}},"_links":{"self":[{"href":"https:\/\/www.comverga.com\/pol\/en\/wp-json\/wp\/v2\/pages\/709"}],"collection":[{"href":"https:\/\/www.comverga.com\/pol\/en\/wp-json\/wp\/v2\/pages"}],"about":[{"href":"https:\/\/www.comverga.com\/pol\/en\/wp-json\/wp\/v2\/types\/page"}],"author":[{"embeddable":true,"href":"https:\/\/www.comverga.com\/pol\/en\/wp-json\/wp\/v2\/users\/1"}],"replies":[{"embeddable":true,"href":"https:\/\/www.comverga.com\/pol\/en\/wp-json\/wp\/v2\/comments?post=709"}],"version-history":[{"count":9,"href":"https:\/\/www.comverga.com\/pol\/en\/wp-json\/wp\/v2\/pages\/709\/revisions"}],"predecessor-version":[{"id":1840,"href":"https:\/\/www.comverga.com\/pol\/en\/wp-json\/wp\/v2\/pages\/709\/revisions\/1840"}],"up":[{"embeddable":true,"href":"https:\/\/www.comverga.com\/pol\/en\/wp-json\/wp\/v2\/pages\/240"}],"wp:featuredmedia":[{"embeddable":true,"href":"https:\/\/www.comverga.com\/pol\/en\/wp-json\/wp\/v2\/media\/145"}],"wp:attachment":[{"href":"https:\/\/www.comverga.com\/pol\/en\/wp-json\/wp\/v2\/media?parent=709"}],"curies":[{"name":"wp","href":"https:\/\/api.w.org\/{rel}","templated":true}]}}