{"id":829,"date":"2020-12-15T13:35:39","date_gmt":"2020-12-15T12:35:39","guid":{"rendered":"https:\/\/www.comverga.com\/pol\/?page_id=829"},"modified":"2021-02-03T12:14:46","modified_gmt":"2021-02-03T11:14:46","slug":"administracja","status":"publish","type":"page","link":"https:\/\/www.comverga.com\/pol\/en\/branze\/administracja\/","title":{"rendered":"Administration"},"content":{"rendered":"<div data-elementor-type=\"wp-page\" data-elementor-id=\"829\" class=\"elementor elementor-829\">\n\t\t\t\t\t\t\t\t\t<section class=\"elementor-section elementor-top-section elementor-element elementor-element-346f3f57 elementor-section-stretched elementor-section-boxed elementor-section-height-default elementor-section-height-default\" data-id=\"346f3f57\" data-element_type=\"section\" data-settings=\"{&quot;stretch_section&quot;:&quot;section-stretched&quot;,&quot;background_background&quot;:&quot;classic&quot;}\">\n\t\t\t\t\t\t<div class=\"elementor-container elementor-column-gap-default\">\n\t\t\t\t\t<div class=\"elementor-column elementor-col-100 elementor-top-column elementor-element elementor-element-15852ae2\" data-id=\"15852ae2\" data-element_type=\"column\">\n\t\t\t<div class=\"elementor-widget-wrap elementor-element-populated\">\n\t\t\t\t\t\t\t\t<div class=\"elementor-element elementor-element-b1de15a elementor-widget elementor-widget-heading\" data-id=\"b1de15a\" data-element_type=\"widget\" data-widget_type=\"heading.default\">\n\t\t\t\t<div class=\"elementor-widget-container\">\n\t\t\t<h2 class=\"elementor-heading-title elementor-size-large\">In the service of public administration<\/h2>\t\t<\/div>\n\t\t\t\t<\/div>\n\t\t\t\t<div class=\"elementor-element elementor-element-bb3c6ff elementor-widget-divider--view-line elementor-widget elementor-widget-divider\" data-id=\"bb3c6ff\" data-element_type=\"widget\" data-widget_type=\"divider.default\">\n\t\t\t\t<div class=\"elementor-widget-container\">\n\t\t\t\t\t<div class=\"elementor-divider\">\n\t\t\t<span class=\"elementor-divider-separator\">\n\t\t\t\t\t\t<\/span>\n\t\t<\/div>\n\t\t\t\t<\/div>\n\t\t\t\t<\/div>\n\t\t\t\t<div class=\"elementor-element elementor-element-62bffdc elementor-widget elementor-widget-text-editor\" data-id=\"62bffdc\" data-element_type=\"widget\" data-widget_type=\"text-editor.default\">\n\t\t\t\t<div class=\"elementor-widget-container\">\n\t\t\t\t\t\t\t<p>Our company is actively involved in the development of the information society. A key element in building a modern state is the provision of public services with the support of modern telecommunications solutions.<\/p>\n<p>Since 2012, we have held a GIODO certificate, confirming our competence in the field of personal data protection.<\/p>\n<p><strong>The most commonly used solution is the mProfi service, which provides:<\/strong><\/p>\n<ul>\n<li>To reach a wide range of people of each local community with information.<\/li>\n<li>Highly effective message that can be broadcast to both mobile phones and landlines - popular in smaller towns.<\/li>\n<li>Integration of the local community through regular updates sent out on current events in the town, municipality or region.<\/li>\n<li>Promotion of cultural and sporting events, thereby increasing attendance.<\/li>\n<li>Increasing the convenience and safety levels of residents through ad hoc announcements of obstructions in a particular location or impending dangers.<\/li>\n<\/ul>\n<p><strong>Selected modules of the mProfi service allow offices to:<\/strong><\/p>\n<ul>\n<li>Building a supplicant\/client base<\/li>\n<li>Handling the day-to-day contacts with the public<\/li>\n<li>Transmission of alarm messages<\/li>\n<li>Handling voting or competitions at events promoting the city or municipality<\/li>\n<li>and many more...<\/li>\n<\/ul>\n<p>As part of the mProfi service, we also provide a dedicated smartphone app for the efficient implementation of the above services. In addition to the popular mProfi service, we offer the administration the possibility of creating dedicated systems and tailor-made services.<\/p>\t\t\t\t\t\t<\/div>\n\t\t\t\t<\/div>\n\t\t\t\t\t<\/div>\n\t\t<\/div>\n\t\t\t\t\t\t\t<\/div>\n\t\t<\/section>\n\t\t\t\t<section class=\"elementor-section elementor-top-section elementor-element elementor-element-7b8495a elementor-section-stretched elementor-section-boxed elementor-section-height-default elementor-section-height-default\" data-id=\"7b8495a\" data-element_type=\"section\" data-settings=\"{&quot;stretch_section&quot;:&quot;section-stretched&quot;}\">\n\t\t\t\t\t\t<div class=\"elementor-container elementor-column-gap-default\">\n\t\t\t\t\t<div class=\"elementor-column elementor-col-50 elementor-top-column elementor-element elementor-element-bcde066\" data-id=\"bcde066\" data-element_type=\"column\">\n\t\t\t<div class=\"elementor-widget-wrap elementor-element-populated\">\n\t\t\t\t\t\t\t\t<div class=\"elementor-element elementor-element-1654a99 premium-title-center premium-title-color elementor-widget elementor-widget-premium-addon-title\" data-id=\"1654a99\" data-element_type=\"widget\" data-widget_type=\"premium-addon-title.default\">\n\t\t\t\t<div class=\"elementor-widget-container\">\n\t\t\t\r\n\t\t<div class=\"premium-title-container style3\">\r\n\t\t\t<h2 class=\"premium-title-header premium-title-style3\">\r\n\t\t\t\t\r\n\t\t\t\t\r\n\t\t\t\t\t\t\t\t\t\t\t\t<span class=\"premium-title-text\" >\r\n\t\t\t\t\tServices\t\t\t\t<\/span>\r\n\t\t\t\t\t\r\n\t\t\t\t\t\t\t\t\t\t\t<\/h2>\r\n\t\t<\/div>\r\n\r\n\t\t\t\t<\/div>\n\t\t\t\t<\/div>\n\t\t\t\t<div class=\"elementor-element elementor-element-c0f8a58 elementor-widget elementor-widget-text-editor\" data-id=\"c0f8a58\" data-element_type=\"widget\" data-widget_type=\"text-editor.default\">\n\t\t\t\t<div class=\"elementor-widget-container\">\n\t\t\t\t\t\t\t<ul>\n<li>Tailor-made<\/li>\n<li>Ready-to-use mProfi solutions<\/li>\n<li>Mobile applications<\/li>\n<\/ul>\t\t\t\t\t\t<\/div>\n\t\t\t\t<\/div>\n\t\t\t\t\t<\/div>\n\t\t<\/div>\n\t\t\t\t<div class=\"elementor-column elementor-col-50 elementor-top-column elementor-element elementor-element-19a83c0\" data-id=\"19a83c0\" data-element_type=\"column\">\n\t\t\t<div class=\"elementor-widget-wrap elementor-element-populated\">\n\t\t\t\t\t\t\t\t<div class=\"elementor-element elementor-element-c02ca89 premium-title-center premium-title-color elementor-widget elementor-widget-premium-addon-title\" data-id=\"c02ca89\" data-element_type=\"widget\" data-widget_type=\"premium-addon-title.default\">\n\t\t\t\t<div class=\"elementor-widget-container\">\n\t\t\t\r\n\t\t<div class=\"premium-title-container style3\">\r\n\t\t\t<h2 class=\"premium-title-header premium-title-style3\">\r\n\t\t\t\t\r\n\t\t\t\t\r\n\t\t\t\t\t\t\t\t\t\t\t\t<span class=\"premium-title-text\" >\r\n\t\t\t\t\tThey trust us\t\t\t\t<\/span>\r\n\t\t\t\t\t\r\n\t\t\t\t\t\t\t\t\t\t\t<\/h2>\r\n\t\t<\/div>\r\n\r\n\t\t\t\t<\/div>\n\t\t\t\t<\/div>\n\t\t\t\t<div class=\"elementor-element elementor-element-a09352c elementor-widget elementor-widget-text-editor\" data-id=\"a09352c\" data-element_type=\"widget\" data-widget_type=\"text-editor.default\">\n\t\t\t\t<div class=\"elementor-widget-container\">\n\t\t\t\t\t\t\t<ul>\n<li>Lesznowola Office<\/li>\n<li>Poczta Polska<\/li>\n<li>Ursyn\u00f3w Municipality Office<\/li>\n<\/ul>\t\t\t\t\t\t<\/div>\n\t\t\t\t<\/div>\n\t\t\t\t\t<\/div>\n\t\t<\/div>\n\t\t\t\t\t\t\t<\/div>\n\t\t<\/section>\n\t\t\t\t\t\t\t<\/div>","protected":false},"excerpt":{"rendered":"<p>At the service of public administration Our company is actively involved in the development of the information society. A key element in building a modern state is the provision of public services with the support of modern telecommunications solutions. Since 2012, we have held a GIODO certificate, confirming our competence in personal data protection. The most commonly used solution is the mProfi service, which provides: Reaching a wide range of [...] with information.<\/p>","protected":false},"author":1,"featured_media":830,"parent":348,"menu_order":0,"comment_status":"closed","ping_status":"closed","template":"","meta":{"footnotes":""},"yoast_head":"<!-- This site is optimized with the Yoast SEO plugin v21.6 - https:\/\/yoast.com\/wordpress\/plugins\/seo\/ -->\n<title>Administracja - COMVERGA Poland<\/title>\n<meta name=\"robots\" content=\"index, follow, max-snippet:-1, max-image-preview:large, max-video-preview:-1\" \/>\n<link rel=\"canonical\" href=\"https:\/\/www.comverga.com\/pol\/en\/branze\/administracja\/\" \/>\n<meta property=\"og:locale\" content=\"en_GB\" \/>\n<meta property=\"og:type\" content=\"article\" \/>\n<meta property=\"og:title\" content=\"Administracja - COMVERGA Poland\" \/>\n<meta property=\"og:description\" content=\"W s\u0142u\u017cbie administracji publicznej Nasza firma aktywnie w\u0142\u0105cza si\u0119 w rozw\u00f3j spo\u0142ecze\u0144stwa informacyjnego. Kluczowym elementem budowy nowoczesnego pa\u0144stwa jest \u015bwiadczenie us\u0142ug publicznych przy wsparciu nowoczesnych rozwi\u0105za\u0144 telekomunikacyjnych. Od 2012 roku posiadamy certyfikat GIODO, potwierdzaj\u0105cy nasze kompetencje w zakresie ochrony danych osobowych. Najcz\u0119\u015bciej wykorzystywanym rozwi\u0105zaniem jest us\u0142uga mProfi, kt\u00f3ra zapewnia: Dotarcie z informacj\u0105 do szerokiego grona [&hellip;]\" \/>\n<meta property=\"og:url\" content=\"https:\/\/www.comverga.com\/pol\/en\/branze\/administracja\/\" \/>\n<meta property=\"og:site_name\" content=\"COMVERGA Poland\" \/>\n<meta property=\"article:modified_time\" content=\"2021-02-03T11:14:46+00:00\" \/>\n<meta property=\"og:image\" content=\"https:\/\/www.comverga.com\/pol\/wp-content\/uploads\/sites\/2\/2020\/12\/administracja.jpg\" \/>\n\t<meta property=\"og:image:width\" content=\"1920\" \/>\n\t<meta property=\"og:image:height\" content=\"620\" \/>\n\t<meta property=\"og:image:type\" content=\"image\/jpeg\" \/>\n<meta name=\"twitter:card\" content=\"summary_large_image\" \/>\n<meta name=\"twitter:label1\" content=\"Estimated reading time\" \/>\n\t<meta name=\"twitter:data1\" content=\"1 minute\" \/>\n<script type=\"application\/ld+json\" class=\"yoast-schema-graph\">{\"@context\":\"https:\/\/schema.org\",\"@graph\":[{\"@type\":\"WebPage\",\"@id\":\"https:\/\/www.comverga.com\/pol\/branze\/administracja\/\",\"url\":\"https:\/\/www.comverga.com\/pol\/branze\/administracja\/\",\"name\":\"Administracja - COMVERGA Poland\",\"isPartOf\":{\"@id\":\"https:\/\/www.comverga.com\/pol\/#website\"},\"datePublished\":\"2020-12-15T12:35:39+00:00\",\"dateModified\":\"2021-02-03T11:14:46+00:00\",\"breadcrumb\":{\"@id\":\"https:\/\/www.comverga.com\/pol\/branze\/administracja\/#breadcrumb\"},\"inLanguage\":\"en-GB\",\"potentialAction\":[{\"@type\":\"ReadAction\",\"target\":[\"https:\/\/www.comverga.com\/pol\/branze\/administracja\/\"]}]},{\"@type\":\"BreadcrumbList\",\"@id\":\"https:\/\/www.comverga.com\/pol\/branze\/administracja\/#breadcrumb\",\"itemListElement\":[{\"@type\":\"ListItem\",\"position\":1,\"name\":\"Bran\u017ce\",\"item\":\"https:\/\/www.comverga.com\/pol\/branze\/\"},{\"@type\":\"ListItem\",\"position\":2,\"name\":\"Administracja\"}]},{\"@type\":\"WebSite\",\"@id\":\"https:\/\/www.comverga.com\/pol\/#website\",\"url\":\"https:\/\/www.comverga.com\/pol\/\",\"name\":\"COMVERGA Poland\",\"description\":\"Comverga Poland\",\"publisher\":{\"@id\":\"https:\/\/www.comverga.com\/pol\/#organization\"},\"potentialAction\":[{\"@type\":\"SearchAction\",\"target\":{\"@type\":\"EntryPoint\",\"urlTemplate\":\"https:\/\/www.comverga.com\/pol\/?s={search_term_string}\"},\"query-input\":\"required name=search_term_string\"}],\"inLanguage\":\"en-GB\"},{\"@type\":\"Organization\",\"@id\":\"https:\/\/www.comverga.com\/pol\/#organization\",\"name\":\"COMVERGA Poland\",\"url\":\"https:\/\/www.comverga.com\/pol\/\",\"logo\":{\"@type\":\"ImageObject\",\"inLanguage\":\"en-GB\",\"@id\":\"https:\/\/www.comverga.com\/pol\/#\/schema\/logo\/image\/\",\"url\":\"https:\/\/www.comverga.com\/pol\/wp-content\/uploads\/sites\/2\/2020\/11\/Comverga_CC.png\",\"contentUrl\":\"https:\/\/www.comverga.com\/pol\/wp-content\/uploads\/sites\/2\/2020\/11\/Comverga_CC.png\",\"width\":800,\"height\":800,\"caption\":\"COMVERGA Poland\"},\"image\":{\"@id\":\"https:\/\/www.comverga.com\/pol\/#\/schema\/logo\/image\/\"}}]}<\/script>\n<!-- \/ Yoast SEO plugin. -->","yoast_head_json":{"title":"Administration - COMVERGA Poland","robots":{"index":"index","follow":"follow","max-snippet":"max-snippet:-1","max-image-preview":"max-image-preview:large","max-video-preview":"max-video-preview:-1"},"canonical":"https:\/\/www.comverga.com\/pol\/en\/branze\/administracja\/","og_locale":"en_GB","og_type":"article","og_title":"Administracja - COMVERGA Poland","og_description":"W s\u0142u\u017cbie administracji publicznej Nasza firma aktywnie w\u0142\u0105cza si\u0119 w rozw\u00f3j spo\u0142ecze\u0144stwa informacyjnego. Kluczowym elementem budowy nowoczesnego pa\u0144stwa jest \u015bwiadczenie us\u0142ug publicznych przy wsparciu nowoczesnych rozwi\u0105za\u0144 telekomunikacyjnych. Od 2012 roku posiadamy certyfikat GIODO, potwierdzaj\u0105cy nasze kompetencje w zakresie ochrony danych osobowych. Najcz\u0119\u015bciej wykorzystywanym rozwi\u0105zaniem jest us\u0142uga mProfi, kt\u00f3ra zapewnia: Dotarcie z informacj\u0105 do szerokiego grona [&hellip;]","og_url":"https:\/\/www.comverga.com\/pol\/en\/branze\/administracja\/","og_site_name":"COMVERGA Poland","article_modified_time":"2021-02-03T11:14:46+00:00","og_image":[{"width":1920,"height":620,"url":"https:\/\/www.comverga.com\/pol\/wp-content\/uploads\/sites\/2\/2020\/12\/administracja.jpg","type":"image\/jpeg"}],"twitter_card":"summary_large_image","twitter_misc":{"Estimated reading time":"1 minute"},"schema":{"@context":"https:\/\/schema.org","@graph":[{"@type":"WebPage","@id":"https:\/\/www.comverga.com\/pol\/branze\/administracja\/","url":"https:\/\/www.comverga.com\/pol\/branze\/administracja\/","name":"Administration - COMVERGA Poland","isPartOf":{"@id":"https:\/\/www.comverga.com\/pol\/#website"},"datePublished":"2020-12-15T12:35:39+00:00","dateModified":"2021-02-03T11:14:46+00:00","breadcrumb":{"@id":"https:\/\/www.comverga.com\/pol\/branze\/administracja\/#breadcrumb"},"inLanguage":"en-GB","potentialAction":[{"@type":"ReadAction","target":["https:\/\/www.comverga.com\/pol\/branze\/administracja\/"]}]},{"@type":"BreadcrumbList","@id":"https:\/\/www.comverga.com\/pol\/branze\/administracja\/#breadcrumb","itemListElement":[{"@type":"ListItem","position":1,"name":"Bran\u017ce","item":"https:\/\/www.comverga.com\/pol\/branze\/"},{"@type":"ListItem","position":2,"name":"Administracja"}]},{"@type":"WebSite","@id":"https:\/\/www.comverga.com\/pol\/#website","url":"https:\/\/www.comverga.com\/pol\/","name":"COMVERGA Poland","description":"Comverga Poland","publisher":{"@id":"https:\/\/www.comverga.com\/pol\/#organization"},"potentialAction":[{"@type":"SearchAction","target":{"@type":"EntryPoint","urlTemplate":"https:\/\/www.comverga.com\/pol\/?s={search_term_string}"},"query-input":"required name=search_term_string"}],"inLanguage":"en-GB"},{"@type":"Organization","@id":"https:\/\/www.comverga.com\/pol\/#organization","name":"COMVERGA Poland","url":"https:\/\/www.comverga.com\/pol\/","logo":{"@type":"ImageObject","inLanguage":"en-GB","@id":"https:\/\/www.comverga.com\/pol\/#\/schema\/logo\/image\/","url":"https:\/\/www.comverga.com\/pol\/wp-content\/uploads\/sites\/2\/2020\/11\/Comverga_CC.png","contentUrl":"https:\/\/www.comverga.com\/pol\/wp-content\/uploads\/sites\/2\/2020\/11\/Comverga_CC.png","width":800,"height":800,"caption":"COMVERGA Poland"},"image":{"@id":"https:\/\/www.comverga.com\/pol\/#\/schema\/logo\/image\/"}}]}},"_links":{"self":[{"href":"https:\/\/www.comverga.com\/pol\/en\/wp-json\/wp\/v2\/pages\/829"}],"collection":[{"href":"https:\/\/www.comverga.com\/pol\/en\/wp-json\/wp\/v2\/pages"}],"about":[{"href":"https:\/\/www.comverga.com\/pol\/en\/wp-json\/wp\/v2\/types\/page"}],"author":[{"embeddable":true,"href":"https:\/\/www.comverga.com\/pol\/en\/wp-json\/wp\/v2\/users\/1"}],"replies":[{"embeddable":true,"href":"https:\/\/www.comverga.com\/pol\/en\/wp-json\/wp\/v2\/comments?post=829"}],"version-history":[{"count":12,"href":"https:\/\/www.comverga.com\/pol\/en\/wp-json\/wp\/v2\/pages\/829\/revisions"}],"predecessor-version":[{"id":1922,"href":"https:\/\/www.comverga.com\/pol\/en\/wp-json\/wp\/v2\/pages\/829\/revisions\/1922"}],"up":[{"embeddable":true,"href":"https:\/\/www.comverga.com\/pol\/en\/wp-json\/wp\/v2\/pages\/348"}],"wp:featuredmedia":[{"embeddable":true,"href":"https:\/\/www.comverga.com\/pol\/en\/wp-json\/wp\/v2\/media\/830"}],"wp:attachment":[{"href":"https:\/\/www.comverga.com\/pol\/en\/wp-json\/wp\/v2\/media?parent=829"}],"curies":[{"name":"wp","href":"https:\/\/api.w.org\/{rel}","templated":true}]}}