{"id":872,"date":"2020-12-15T15:32:24","date_gmt":"2020-12-15T14:32:24","guid":{"rendered":"https:\/\/www.comverga.com\/pol\/?page_id=872"},"modified":"2021-03-17T17:43:04","modified_gmt":"2021-03-17T16:43:04","slug":"edukacja","status":"publish","type":"page","link":"https:\/\/www.comverga.com\/pol\/en\/branze\/edukacja\/","title":{"rendered":"Education"},"content":{"rendered":"<div data-elementor-type=\"wp-page\" data-elementor-id=\"872\" class=\"elementor elementor-872\">\n\t\t\t\t\t\t\t\t\t<section class=\"elementor-section elementor-top-section elementor-element elementor-element-5294004f elementor-section-stretched elementor-section-boxed elementor-section-height-default elementor-section-height-default\" data-id=\"5294004f\" data-element_type=\"section\" data-settings=\"{&quot;stretch_section&quot;:&quot;section-stretched&quot;,&quot;background_background&quot;:&quot;classic&quot;}\">\n\t\t\t\t\t\t<div class=\"elementor-container elementor-column-gap-default\">\n\t\t\t\t\t<div class=\"elementor-column elementor-col-100 elementor-top-column elementor-element elementor-element-11b49ea6\" data-id=\"11b49ea6\" data-element_type=\"column\">\n\t\t\t<div class=\"elementor-widget-wrap elementor-element-populated\">\n\t\t\t\t\t\t\t\t<div class=\"elementor-element elementor-element-9e94e98 elementor-widget elementor-widget-heading\" data-id=\"9e94e98\" data-element_type=\"widget\" data-widget_type=\"heading.default\">\n\t\t\t\t<div class=\"elementor-widget-container\">\n\t\t\t<h2 class=\"elementor-heading-title elementor-size-large\">SMS, VMS and MMS communication as an aid to education<\/h2>\t\t<\/div>\n\t\t\t\t<\/div>\n\t\t\t\t<div class=\"elementor-element elementor-element-96c888a elementor-widget-divider--view-line elementor-widget elementor-widget-divider\" data-id=\"96c888a\" data-element_type=\"widget\" data-widget_type=\"divider.default\">\n\t\t\t\t<div class=\"elementor-widget-container\">\n\t\t\t\t\t<div class=\"elementor-divider\">\n\t\t\t<span class=\"elementor-divider-separator\">\n\t\t\t\t\t\t<\/span>\n\t\t<\/div>\n\t\t\t\t<\/div>\n\t\t\t\t<\/div>\n\t\t\t\t<div class=\"elementor-element elementor-element-1c94d972 elementor-widget elementor-widget-text-editor\" data-id=\"1c94d972\" data-element_type=\"widget\" data-widget_type=\"text-editor.default\">\n\t\t\t\t<div class=\"elementor-widget-container\">\n\t\t\t\t\t\t\t<!-- wp:heading \/--><!-- wp:paragraph -->\n<p>Tools for the education sector support training, teaching and coaching processes of all kinds. This offer is aimed at institutions and companies that want to ensure the transfer of knowledge to trainees or students in a modern - and at the same time effective - manner.<\/p>\n<!-- \/wp:paragraph --><!-- wp:heading -->\n<h2>Advantages of our services:<\/h2>\n<!-- \/wp:heading --><!-- wp:list -->\n<ul>\n<li>Constant evaluation of the effects of the training by sending quizzes and questions related to the chosen topics<\/li>\n<li>Expanding the scope of the courses with additional information sent to mobile phones (e.g. sending recipes after the culinary course)<\/li>\n<li>Additional channel of communication between the organiser and the participants of the various activities (questionnaires, reminders, information about deadlines, making and cancelling appointments\/consultations)<\/li>\n<li>Possibility of organising mobile courses<\/li>\n<\/ul>\n<!-- \/wp:list --><!-- wp:paragraph -->\n<p>An increasing number of childcare facilities, such as nurseries and kindergartens, are becoming convinced of the effectiveness of our solutions. Thanks to our products, communication between caregivers and parents of the children attending is noticeably improved.<\/p>\n<!-- \/wp:paragraph --><!-- wp:heading \/-->\t\t\t\t\t\t<\/div>\n\t\t\t\t<\/div>\n\t\t\t\t\t<\/div>\n\t\t<\/div>\n\t\t\t\t\t\t\t<\/div>\n\t\t<\/section>\n\t\t\t\t<section class=\"elementor-section elementor-top-section elementor-element elementor-element-ac3a156 elementor-section-stretched elementor-section-boxed elementor-section-height-default elementor-section-height-default\" data-id=\"ac3a156\" data-element_type=\"section\" data-settings=\"{&quot;stretch_section&quot;:&quot;section-stretched&quot;}\">\n\t\t\t\t\t\t<div class=\"elementor-container elementor-column-gap-default\">\n\t\t\t\t\t<div class=\"elementor-column elementor-col-50 elementor-top-column elementor-element elementor-element-0544ded\" data-id=\"0544ded\" data-element_type=\"column\">\n\t\t\t<div class=\"elementor-widget-wrap elementor-element-populated\">\n\t\t\t\t\t\t\t\t<div class=\"elementor-element elementor-element-ab748f1 premium-title-center premium-title-color elementor-widget elementor-widget-premium-addon-title\" data-id=\"ab748f1\" data-element_type=\"widget\" data-widget_type=\"premium-addon-title.default\">\n\t\t\t\t<div class=\"elementor-widget-container\">\n\t\t\t\r\n\t\t<div class=\"premium-title-container style3\">\r\n\t\t\t<h2 class=\"premium-title-header premium-title-style3\">\r\n\t\t\t\t\r\n\t\t\t\t\r\n\t\t\t\t\t\t\t\t\t\t\t\t<span class=\"premium-title-text\" >\r\n\t\t\t\t\tServices\t\t\t\t<\/span>\r\n\t\t\t\t\t\r\n\t\t\t\t\t\t\t\t\t\t\t<\/h2>\r\n\t\t<\/div>\r\n\r\n\t\t\t\t<\/div>\n\t\t\t\t<\/div>\n\t\t\t\t<div class=\"elementor-element elementor-element-33626b2 elementor-widget elementor-widget-text-editor\" data-id=\"33626b2\" data-element_type=\"widget\" data-widget_type=\"text-editor.default\">\n\t\t\t\t<div class=\"elementor-widget-container\">\n\t\t\t\t\t\t\t<ul>\n<li>Tailor-made<\/li>\n<li>Ready-to-use mProfi solutions<\/li>\n<li>Mobile applications<\/li>\n<\/ul>\t\t\t\t\t\t<\/div>\n\t\t\t\t<\/div>\n\t\t\t\t\t<\/div>\n\t\t<\/div>\n\t\t\t\t<div class=\"elementor-column elementor-col-50 elementor-top-column elementor-element elementor-element-199ed03\" data-id=\"199ed03\" data-element_type=\"column\">\n\t\t\t<div class=\"elementor-widget-wrap elementor-element-populated\">\n\t\t\t\t\t\t\t\t<div class=\"elementor-element elementor-element-98154f4 premium-title-center premium-title-color elementor-widget elementor-widget-premium-addon-title\" data-id=\"98154f4\" data-element_type=\"widget\" data-widget_type=\"premium-addon-title.default\">\n\t\t\t\t<div class=\"elementor-widget-container\">\n\t\t\t\r\n\t\t<div class=\"premium-title-container style3\">\r\n\t\t\t<h2 class=\"premium-title-header premium-title-style3\">\r\n\t\t\t\t\r\n\t\t\t\t\r\n\t\t\t\t\t\t\t\t\t\t\t\t<span class=\"premium-title-text\" >\r\n\t\t\t\t\tThey trust us\t\t\t\t<\/span>\r\n\t\t\t\t\t\r\n\t\t\t\t\t\t\t\t\t\t\t<\/h2>\r\n\t\t<\/div>\r\n\r\n\t\t\t\t<\/div>\n\t\t\t\t<\/div>\n\t\t\t\t<div class=\"elementor-element elementor-element-98c9e50 elementor-widget elementor-widget-text-editor\" data-id=\"98c9e50\" data-element_type=\"widget\" data-widget_type=\"text-editor.default\">\n\t\t\t\t<div class=\"elementor-widget-container\">\n\t\t\t\t\t\t\t<ul>\n<li>Sandler<\/li>\n<li>Parents' Council of the School Complex in \u0141azy<\/li>\n<\/ul>\t\t\t\t\t\t<\/div>\n\t\t\t\t<\/div>\n\t\t\t\t\t<\/div>\n\t\t<\/div>\n\t\t\t\t\t\t\t<\/div>\n\t\t<\/section>\n\t\t\t\t\t\t\t<\/div>","protected":false},"excerpt":{"rendered":"<p>SMS, VMS and MMS communication as training aids Tools for the education sector support training, teaching and coaching processes of all kinds. This is an offer aimed at institutions and companies that want to ensure the transfer of knowledge to trainees or students in a modern - and at the same time effective - way. Advantages of our services: Constant evaluation of training effects by sending quizzes [...].<\/p>","protected":false},"author":1,"featured_media":873,"parent":348,"menu_order":7,"comment_status":"closed","ping_status":"closed","template":"","meta":{"footnotes":""},"yoast_head":"<!-- This site is optimized with the Yoast SEO plugin v21.6 - https:\/\/yoast.com\/wordpress\/plugins\/seo\/ -->\n<title>Edukacja - COMVERGA Poland<\/title>\n<meta name=\"robots\" content=\"index, follow, max-snippet:-1, max-image-preview:large, max-video-preview:-1\" \/>\n<link rel=\"canonical\" href=\"https:\/\/www.comverga.com\/pol\/en\/branze\/edukacja\/\" \/>\n<meta property=\"og:locale\" content=\"en_GB\" \/>\n<meta property=\"og:type\" content=\"article\" \/>\n<meta property=\"og:title\" content=\"Edukacja - COMVERGA Poland\" \/>\n<meta property=\"og:description\" content=\"Komunikacja SMS, VMS i MMS jako pomoc w kszta\u0142ceniu Narz\u0119dzia dla sektora edukacyjnego wspieraj\u0105 procesy szkoleniowe, nauczania oraz wszelkiego rodzaju treningi. To oferta kierowana do instytucji i firm, kt\u00f3re chc\u0105 w spos\u00f3b nowoczesny &#8211; a przy tym skuteczny &#8211; zapewni\u0107 przekazanie wiedzy kursantom czy studentom. Zalety naszych us\u0142ug: Sta\u0142a ewaluacji efekt\u00f3w szkole\u0144 poprzez przesy\u0142anie quiz\u00f3w [&hellip;]\" \/>\n<meta property=\"og:url\" content=\"https:\/\/www.comverga.com\/pol\/en\/branze\/edukacja\/\" \/>\n<meta property=\"og:site_name\" content=\"COMVERGA Poland\" \/>\n<meta property=\"article:modified_time\" content=\"2021-03-17T16:43:04+00:00\" \/>\n<meta property=\"og:image\" content=\"https:\/\/www.comverga.com\/pol\/wp-content\/uploads\/sites\/2\/2020\/12\/edukacja-1.jpg\" \/>\n\t<meta property=\"og:image:width\" content=\"1920\" \/>\n\t<meta property=\"og:image:height\" content=\"620\" \/>\n\t<meta property=\"og:image:type\" content=\"image\/jpeg\" \/>\n<meta name=\"twitter:card\" content=\"summary_large_image\" \/>\n<meta name=\"twitter:label1\" content=\"Estimated reading time\" \/>\n\t<meta name=\"twitter:data1\" content=\"1 minute\" \/>\n<script type=\"application\/ld+json\" class=\"yoast-schema-graph\">{\"@context\":\"https:\/\/schema.org\",\"@graph\":[{\"@type\":\"WebPage\",\"@id\":\"https:\/\/www.comverga.com\/pol\/branze\/edukacja\/\",\"url\":\"https:\/\/www.comverga.com\/pol\/branze\/edukacja\/\",\"name\":\"Edukacja - COMVERGA Poland\",\"isPartOf\":{\"@id\":\"https:\/\/www.comverga.com\/pol\/#website\"},\"datePublished\":\"2020-12-15T14:32:24+00:00\",\"dateModified\":\"2021-03-17T16:43:04+00:00\",\"breadcrumb\":{\"@id\":\"https:\/\/www.comverga.com\/pol\/branze\/edukacja\/#breadcrumb\"},\"inLanguage\":\"en-GB\",\"potentialAction\":[{\"@type\":\"ReadAction\",\"target\":[\"https:\/\/www.comverga.com\/pol\/branze\/edukacja\/\"]}]},{\"@type\":\"BreadcrumbList\",\"@id\":\"https:\/\/www.comverga.com\/pol\/branze\/edukacja\/#breadcrumb\",\"itemListElement\":[{\"@type\":\"ListItem\",\"position\":1,\"name\":\"Bran\u017ce\",\"item\":\"https:\/\/www.comverga.com\/pol\/branze\/\"},{\"@type\":\"ListItem\",\"position\":2,\"name\":\"Edukacja\"}]},{\"@type\":\"WebSite\",\"@id\":\"https:\/\/www.comverga.com\/pol\/#website\",\"url\":\"https:\/\/www.comverga.com\/pol\/\",\"name\":\"COMVERGA Poland\",\"description\":\"Comverga Poland\",\"publisher\":{\"@id\":\"https:\/\/www.comverga.com\/pol\/#organization\"},\"potentialAction\":[{\"@type\":\"SearchAction\",\"target\":{\"@type\":\"EntryPoint\",\"urlTemplate\":\"https:\/\/www.comverga.com\/pol\/?s={search_term_string}\"},\"query-input\":\"required name=search_term_string\"}],\"inLanguage\":\"en-GB\"},{\"@type\":\"Organization\",\"@id\":\"https:\/\/www.comverga.com\/pol\/#organization\",\"name\":\"COMVERGA Poland\",\"url\":\"https:\/\/www.comverga.com\/pol\/\",\"logo\":{\"@type\":\"ImageObject\",\"inLanguage\":\"en-GB\",\"@id\":\"https:\/\/www.comverga.com\/pol\/#\/schema\/logo\/image\/\",\"url\":\"https:\/\/www.comverga.com\/pol\/wp-content\/uploads\/sites\/2\/2020\/11\/Comverga_CC.png\",\"contentUrl\":\"https:\/\/www.comverga.com\/pol\/wp-content\/uploads\/sites\/2\/2020\/11\/Comverga_CC.png\",\"width\":800,\"height\":800,\"caption\":\"COMVERGA Poland\"},\"image\":{\"@id\":\"https:\/\/www.comverga.com\/pol\/#\/schema\/logo\/image\/\"}}]}<\/script>\n<!-- \/ Yoast SEO plugin. -->","yoast_head_json":{"title":"Education - COMVERGA Poland","robots":{"index":"index","follow":"follow","max-snippet":"max-snippet:-1","max-image-preview":"max-image-preview:large","max-video-preview":"max-video-preview:-1"},"canonical":"https:\/\/www.comverga.com\/pol\/en\/branze\/edukacja\/","og_locale":"en_GB","og_type":"article","og_title":"Edukacja - COMVERGA Poland","og_description":"Komunikacja SMS, VMS i MMS jako pomoc w kszta\u0142ceniu Narz\u0119dzia dla sektora edukacyjnego wspieraj\u0105 procesy szkoleniowe, nauczania oraz wszelkiego rodzaju treningi. To oferta kierowana do instytucji i firm, kt\u00f3re chc\u0105 w spos\u00f3b nowoczesny &#8211; a przy tym skuteczny &#8211; zapewni\u0107 przekazanie wiedzy kursantom czy studentom. Zalety naszych us\u0142ug: Sta\u0142a ewaluacji efekt\u00f3w szkole\u0144 poprzez przesy\u0142anie quiz\u00f3w [&hellip;]","og_url":"https:\/\/www.comverga.com\/pol\/en\/branze\/edukacja\/","og_site_name":"COMVERGA Poland","article_modified_time":"2021-03-17T16:43:04+00:00","og_image":[{"width":1920,"height":620,"url":"https:\/\/www.comverga.com\/pol\/wp-content\/uploads\/sites\/2\/2020\/12\/edukacja-1.jpg","type":"image\/jpeg"}],"twitter_card":"summary_large_image","twitter_misc":{"Estimated reading time":"1 minute"},"schema":{"@context":"https:\/\/schema.org","@graph":[{"@type":"WebPage","@id":"https:\/\/www.comverga.com\/pol\/branze\/edukacja\/","url":"https:\/\/www.comverga.com\/pol\/branze\/edukacja\/","name":"Education - COMVERGA Poland","isPartOf":{"@id":"https:\/\/www.comverga.com\/pol\/#website"},"datePublished":"2020-12-15T14:32:24+00:00","dateModified":"2021-03-17T16:43:04+00:00","breadcrumb":{"@id":"https:\/\/www.comverga.com\/pol\/branze\/edukacja\/#breadcrumb"},"inLanguage":"en-GB","potentialAction":[{"@type":"ReadAction","target":["https:\/\/www.comverga.com\/pol\/branze\/edukacja\/"]}]},{"@type":"BreadcrumbList","@id":"https:\/\/www.comverga.com\/pol\/branze\/edukacja\/#breadcrumb","itemListElement":[{"@type":"ListItem","position":1,"name":"Bran\u017ce","item":"https:\/\/www.comverga.com\/pol\/branze\/"},{"@type":"ListItem","position":2,"name":"Edukacja"}]},{"@type":"WebSite","@id":"https:\/\/www.comverga.com\/pol\/#website","url":"https:\/\/www.comverga.com\/pol\/","name":"COMVERGA Poland","description":"Comverga Poland","publisher":{"@id":"https:\/\/www.comverga.com\/pol\/#organization"},"potentialAction":[{"@type":"SearchAction","target":{"@type":"EntryPoint","urlTemplate":"https:\/\/www.comverga.com\/pol\/?s={search_term_string}"},"query-input":"required name=search_term_string"}],"inLanguage":"en-GB"},{"@type":"Organization","@id":"https:\/\/www.comverga.com\/pol\/#organization","name":"COMVERGA Poland","url":"https:\/\/www.comverga.com\/pol\/","logo":{"@type":"ImageObject","inLanguage":"en-GB","@id":"https:\/\/www.comverga.com\/pol\/#\/schema\/logo\/image\/","url":"https:\/\/www.comverga.com\/pol\/wp-content\/uploads\/sites\/2\/2020\/11\/Comverga_CC.png","contentUrl":"https:\/\/www.comverga.com\/pol\/wp-content\/uploads\/sites\/2\/2020\/11\/Comverga_CC.png","width":800,"height":800,"caption":"COMVERGA Poland"},"image":{"@id":"https:\/\/www.comverga.com\/pol\/#\/schema\/logo\/image\/"}}]}},"_links":{"self":[{"href":"https:\/\/www.comverga.com\/pol\/en\/wp-json\/wp\/v2\/pages\/872"}],"collection":[{"href":"https:\/\/www.comverga.com\/pol\/en\/wp-json\/wp\/v2\/pages"}],"about":[{"href":"https:\/\/www.comverga.com\/pol\/en\/wp-json\/wp\/v2\/types\/page"}],"author":[{"embeddable":true,"href":"https:\/\/www.comverga.com\/pol\/en\/wp-json\/wp\/v2\/users\/1"}],"replies":[{"embeddable":true,"href":"https:\/\/www.comverga.com\/pol\/en\/wp-json\/wp\/v2\/comments?post=872"}],"version-history":[{"count":11,"href":"https:\/\/www.comverga.com\/pol\/en\/wp-json\/wp\/v2\/pages\/872\/revisions"}],"predecessor-version":[{"id":2091,"href":"https:\/\/www.comverga.com\/pol\/en\/wp-json\/wp\/v2\/pages\/872\/revisions\/2091"}],"up":[{"embeddable":true,"href":"https:\/\/www.comverga.com\/pol\/en\/wp-json\/wp\/v2\/pages\/348"}],"wp:featuredmedia":[{"embeddable":true,"href":"https:\/\/www.comverga.com\/pol\/en\/wp-json\/wp\/v2\/media\/873"}],"wp:attachment":[{"href":"https:\/\/www.comverga.com\/pol\/en\/wp-json\/wp\/v2\/media?parent=872"}],"curies":[{"name":"wp","href":"https:\/\/api.w.org\/{rel}","templated":true}]}}