{"id":877,"date":"2020-12-15T15:34:39","date_gmt":"2020-12-15T14:34:39","guid":{"rendered":"https:\/\/www.comverga.com\/pol\/?page_id=877"},"modified":"2021-02-03T13:39:20","modified_gmt":"2021-02-03T12:39:20","slug":"biznes-lokalny","status":"publish","type":"page","link":"https:\/\/www.comverga.com\/pol\/en\/branze\/biznes-lokalny\/","title":{"rendered":"Local business"},"content":{"rendered":"<div data-elementor-type=\"wp-page\" data-elementor-id=\"877\" class=\"elementor elementor-877\">\n\t\t\t\t\t\t\t\t\t<section class=\"elementor-section elementor-top-section elementor-element elementor-element-11b86133 elementor-section-stretched elementor-section-boxed elementor-section-height-default elementor-section-height-default\" data-id=\"11b86133\" data-element_type=\"section\" data-settings=\"{&quot;stretch_section&quot;:&quot;section-stretched&quot;,&quot;background_background&quot;:&quot;classic&quot;}\">\n\t\t\t\t\t\t<div class=\"elementor-container elementor-column-gap-default\">\n\t\t\t\t\t<div class=\"elementor-column elementor-col-100 elementor-top-column elementor-element elementor-element-4cf5cfc8\" data-id=\"4cf5cfc8\" data-element_type=\"column\">\n\t\t\t<div class=\"elementor-widget-wrap elementor-element-populated\">\n\t\t\t\t\t\t\t\t<div class=\"elementor-element elementor-element-2a49f176 elementor-widget elementor-widget-text-editor\" data-id=\"2a49f176\" data-element_type=\"widget\" data-widget_type=\"text-editor.default\">\n\t\t\t\t<div class=\"elementor-widget-container\">\n\t\t\t\t\t\t\t<!-- wp:heading -->\n<h2>Communication in the immediate environment - local business<\/h2>\n<!-- \/wp:heading -->\n\n<!-- wp:paragraph -->\n<p>We offer tools that support small business, especially those based on services. Our solutions can be used, for example, by: hairdressing salons, medical and dental practices, beauty salons, car repair shops and many others.<\/p>\n<!-- \/wp:paragraph -->\n\n<!-- wp:paragraph -->\n<p>For small service companies, SMS messaging technology can have a very significant impact on the quality of contact, as well as the scope of business - allowing them to increase the scale of their outreach to existing and potential customers.<\/p>\n<!-- \/wp:paragraph -->\n\n<!-- wp:heading -->\n<h2><strong>Key benefits for our clients:<\/strong><\/h2>\n<!-- \/wp:heading -->\n\n<!-- wp:list -->\n<ul><li>Possibility of keeping records of appointments and meetings<\/li><li>Reminder of appointments and service dates (e.g. tyre change)<\/li><li>Reaching out with commercial and promotional information<\/li><li>Evaluation and ongoing contact with customers and, most importantly, building your own customer base<\/li><li>Both one-way and two-way communication (confirmation of attendance, enrolment, collection of opinions, surveys, evaluation)<\/li><\/ul>\n<!-- \/wp:list -->\n\n<!-- wp:heading -->\n<h2>Services:<\/h2>\n<!-- \/wp:heading -->\n\n<!-- wp:list -->\n<ul><li>mProfi<\/li><li>Tailor-made services<\/li><\/ul>\n<!-- \/wp:list -->\t\t\t\t\t\t<\/div>\n\t\t\t\t<\/div>\n\t\t\t\t\t<\/div>\n\t\t<\/div>\n\t\t\t\t\t\t\t<\/div>\n\t\t<\/section>\n\t\t\t\t\t\t\t<\/div>","protected":false},"excerpt":{"rendered":"<p>Communication in the immediate environment - local business We offer tools that support small business, especially service-based business. For example, hairdressing salons, doctors' and dentists' surgeries, beauty salons, car repair shops and many others can benefit from our solutions. For small service-based businesses, SMS messaging technology can have a very significant impact on the quality of contact and [...]<\/p>","protected":false},"author":1,"featured_media":1948,"parent":348,"menu_order":8,"comment_status":"closed","ping_status":"closed","template":"","meta":{"footnotes":""},"yoast_head":"<!-- This site is optimized with the Yoast SEO plugin v21.6 - https:\/\/yoast.com\/wordpress\/plugins\/seo\/ -->\n<title>Biznes lokalny - COMVERGA Poland<\/title>\n<meta name=\"robots\" content=\"index, follow, max-snippet:-1, max-image-preview:large, max-video-preview:-1\" \/>\n<link rel=\"canonical\" href=\"https:\/\/www.comverga.com\/pol\/en\/branze\/biznes-lokalny\/\" \/>\n<meta property=\"og:locale\" content=\"en_GB\" \/>\n<meta property=\"og:type\" content=\"article\" \/>\n<meta property=\"og:title\" content=\"Biznes lokalny - COMVERGA Poland\" \/>\n<meta property=\"og:description\" content=\"Komunikacja w najbli\u017cszym otoczeniu &#8211; biznes lokalny Oferujemy narz\u0119dzia, kt\u00f3re wspieraj\u0105 ma\u0142y biznes, w szczeg\u00f3lno\u015bci ten oparty na us\u0142ugach. Z naszych rozwi\u0105za\u0144 mog\u0105 korzystaj\u0105 np.: salony fryzjerskie, gabinety lekarskie i stomatologiczne, gabinety kosmetyczne, warsztaty samochodowe i wiele innych. W przypadku niewielkich przedsi\u0119biorstw us\u0142ugowych, technologia komunikat\u00f3w SMS mo\u017ce mie\u0107 bardzo istotny wp\u0142yw na jako\u015b\u0107 kontaktu, a [&hellip;]\" \/>\n<meta property=\"og:url\" content=\"https:\/\/www.comverga.com\/pol\/en\/branze\/biznes-lokalny\/\" \/>\n<meta property=\"og:site_name\" content=\"COMVERGA Poland\" \/>\n<meta property=\"article:modified_time\" content=\"2021-02-03T12:39:20+00:00\" \/>\n<meta property=\"og:image\" content=\"https:\/\/www.comverga.com\/pol\/wp-content\/uploads\/sites\/2\/2021\/02\/biznes_lokalny-1.jpg\" \/>\n\t<meta property=\"og:image:width\" content=\"1290\" \/>\n\t<meta property=\"og:image:height\" content=\"857\" \/>\n\t<meta property=\"og:image:type\" content=\"image\/jpeg\" \/>\n<meta name=\"twitter:card\" content=\"summary_large_image\" \/>\n<meta name=\"twitter:label1\" content=\"Estimated reading time\" \/>\n\t<meta name=\"twitter:data1\" content=\"1 minute\" \/>\n<script type=\"application\/ld+json\" class=\"yoast-schema-graph\">{\"@context\":\"https:\/\/schema.org\",\"@graph\":[{\"@type\":\"WebPage\",\"@id\":\"https:\/\/www.comverga.com\/pol\/branze\/biznes-lokalny\/\",\"url\":\"https:\/\/www.comverga.com\/pol\/branze\/biznes-lokalny\/\",\"name\":\"Biznes lokalny - COMVERGA Poland\",\"isPartOf\":{\"@id\":\"https:\/\/www.comverga.com\/pol\/#website\"},\"datePublished\":\"2020-12-15T14:34:39+00:00\",\"dateModified\":\"2021-02-03T12:39:20+00:00\",\"breadcrumb\":{\"@id\":\"https:\/\/www.comverga.com\/pol\/branze\/biznes-lokalny\/#breadcrumb\"},\"inLanguage\":\"en-GB\",\"potentialAction\":[{\"@type\":\"ReadAction\",\"target\":[\"https:\/\/www.comverga.com\/pol\/branze\/biznes-lokalny\/\"]}]},{\"@type\":\"BreadcrumbList\",\"@id\":\"https:\/\/www.comverga.com\/pol\/branze\/biznes-lokalny\/#breadcrumb\",\"itemListElement\":[{\"@type\":\"ListItem\",\"position\":1,\"name\":\"Bran\u017ce\",\"item\":\"https:\/\/www.comverga.com\/pol\/branze\/\"},{\"@type\":\"ListItem\",\"position\":2,\"name\":\"Biznes lokalny\"}]},{\"@type\":\"WebSite\",\"@id\":\"https:\/\/www.comverga.com\/pol\/#website\",\"url\":\"https:\/\/www.comverga.com\/pol\/\",\"name\":\"COMVERGA Poland\",\"description\":\"Comverga Poland\",\"publisher\":{\"@id\":\"https:\/\/www.comverga.com\/pol\/#organization\"},\"potentialAction\":[{\"@type\":\"SearchAction\",\"target\":{\"@type\":\"EntryPoint\",\"urlTemplate\":\"https:\/\/www.comverga.com\/pol\/?s={search_term_string}\"},\"query-input\":\"required name=search_term_string\"}],\"inLanguage\":\"en-GB\"},{\"@type\":\"Organization\",\"@id\":\"https:\/\/www.comverga.com\/pol\/#organization\",\"name\":\"COMVERGA Poland\",\"url\":\"https:\/\/www.comverga.com\/pol\/\",\"logo\":{\"@type\":\"ImageObject\",\"inLanguage\":\"en-GB\",\"@id\":\"https:\/\/www.comverga.com\/pol\/#\/schema\/logo\/image\/\",\"url\":\"https:\/\/www.comverga.com\/pol\/wp-content\/uploads\/sites\/2\/2020\/11\/Comverga_CC.png\",\"contentUrl\":\"https:\/\/www.comverga.com\/pol\/wp-content\/uploads\/sites\/2\/2020\/11\/Comverga_CC.png\",\"width\":800,\"height\":800,\"caption\":\"COMVERGA Poland\"},\"image\":{\"@id\":\"https:\/\/www.comverga.com\/pol\/#\/schema\/logo\/image\/\"}}]}<\/script>\n<!-- \/ Yoast SEO plugin. -->","yoast_head_json":{"title":"Biznes lokalny - COMVERGA Poland","robots":{"index":"index","follow":"follow","max-snippet":"max-snippet:-1","max-image-preview":"max-image-preview:large","max-video-preview":"max-video-preview:-1"},"canonical":"https:\/\/www.comverga.com\/pol\/en\/branze\/biznes-lokalny\/","og_locale":"en_GB","og_type":"article","og_title":"Biznes lokalny - COMVERGA Poland","og_description":"Komunikacja w najbli\u017cszym otoczeniu &#8211; biznes lokalny Oferujemy narz\u0119dzia, kt\u00f3re wspieraj\u0105 ma\u0142y biznes, w szczeg\u00f3lno\u015bci ten oparty na us\u0142ugach. Z naszych rozwi\u0105za\u0144 mog\u0105 korzystaj\u0105 np.: salony fryzjerskie, gabinety lekarskie i stomatologiczne, gabinety kosmetyczne, warsztaty samochodowe i wiele innych. W przypadku niewielkich przedsi\u0119biorstw us\u0142ugowych, technologia komunikat\u00f3w SMS mo\u017ce mie\u0107 bardzo istotny wp\u0142yw na jako\u015b\u0107 kontaktu, a [&hellip;]","og_url":"https:\/\/www.comverga.com\/pol\/en\/branze\/biznes-lokalny\/","og_site_name":"COMVERGA Poland","article_modified_time":"2021-02-03T12:39:20+00:00","og_image":[{"width":1290,"height":857,"url":"https:\/\/www.comverga.com\/pol\/wp-content\/uploads\/sites\/2\/2021\/02\/biznes_lokalny-1.jpg","type":"image\/jpeg"}],"twitter_card":"summary_large_image","twitter_misc":{"Estimated reading time":"1 minute"},"schema":{"@context":"https:\/\/schema.org","@graph":[{"@type":"WebPage","@id":"https:\/\/www.comverga.com\/pol\/branze\/biznes-lokalny\/","url":"https:\/\/www.comverga.com\/pol\/branze\/biznes-lokalny\/","name":"Biznes lokalny - COMVERGA Poland","isPartOf":{"@id":"https:\/\/www.comverga.com\/pol\/#website"},"datePublished":"2020-12-15T14:34:39+00:00","dateModified":"2021-02-03T12:39:20+00:00","breadcrumb":{"@id":"https:\/\/www.comverga.com\/pol\/branze\/biznes-lokalny\/#breadcrumb"},"inLanguage":"en-GB","potentialAction":[{"@type":"ReadAction","target":["https:\/\/www.comverga.com\/pol\/branze\/biznes-lokalny\/"]}]},{"@type":"BreadcrumbList","@id":"https:\/\/www.comverga.com\/pol\/branze\/biznes-lokalny\/#breadcrumb","itemListElement":[{"@type":"ListItem","position":1,"name":"Bran\u017ce","item":"https:\/\/www.comverga.com\/pol\/branze\/"},{"@type":"ListItem","position":2,"name":"Biznes lokalny"}]},{"@type":"WebSite","@id":"https:\/\/www.comverga.com\/pol\/#website","url":"https:\/\/www.comverga.com\/pol\/","name":"COMVERGA Poland","description":"Comverga Poland","publisher":{"@id":"https:\/\/www.comverga.com\/pol\/#organization"},"potentialAction":[{"@type":"SearchAction","target":{"@type":"EntryPoint","urlTemplate":"https:\/\/www.comverga.com\/pol\/?s={search_term_string}"},"query-input":"required name=search_term_string"}],"inLanguage":"en-GB"},{"@type":"Organization","@id":"https:\/\/www.comverga.com\/pol\/#organization","name":"COMVERGA Poland","url":"https:\/\/www.comverga.com\/pol\/","logo":{"@type":"ImageObject","inLanguage":"en-GB","@id":"https:\/\/www.comverga.com\/pol\/#\/schema\/logo\/image\/","url":"https:\/\/www.comverga.com\/pol\/wp-content\/uploads\/sites\/2\/2020\/11\/Comverga_CC.png","contentUrl":"https:\/\/www.comverga.com\/pol\/wp-content\/uploads\/sites\/2\/2020\/11\/Comverga_CC.png","width":800,"height":800,"caption":"COMVERGA Poland"},"image":{"@id":"https:\/\/www.comverga.com\/pol\/#\/schema\/logo\/image\/"}}]}},"_links":{"self":[{"href":"https:\/\/www.comverga.com\/pol\/en\/wp-json\/wp\/v2\/pages\/877"}],"collection":[{"href":"https:\/\/www.comverga.com\/pol\/en\/wp-json\/wp\/v2\/pages"}],"about":[{"href":"https:\/\/www.comverga.com\/pol\/en\/wp-json\/wp\/v2\/types\/page"}],"author":[{"embeddable":true,"href":"https:\/\/www.comverga.com\/pol\/en\/wp-json\/wp\/v2\/users\/1"}],"replies":[{"embeddable":true,"href":"https:\/\/www.comverga.com\/pol\/en\/wp-json\/wp\/v2\/comments?post=877"}],"version-history":[{"count":7,"href":"https:\/\/www.comverga.com\/pol\/en\/wp-json\/wp\/v2\/pages\/877\/revisions"}],"predecessor-version":[{"id":1951,"href":"https:\/\/www.comverga.com\/pol\/en\/wp-json\/wp\/v2\/pages\/877\/revisions\/1951"}],"up":[{"embeddable":true,"href":"https:\/\/www.comverga.com\/pol\/en\/wp-json\/wp\/v2\/pages\/348"}],"wp:featuredmedia":[{"embeddable":true,"href":"https:\/\/www.comverga.com\/pol\/en\/wp-json\/wp\/v2\/media\/1948"}],"wp:attachment":[{"href":"https:\/\/www.comverga.com\/pol\/en\/wp-json\/wp\/v2\/media?parent=877"}],"curies":[{"name":"wp","href":"https:\/\/api.w.org\/{rel}","templated":true}]}}