{"id":859,"date":"2020-12-15T15:21:33","date_gmt":"2020-12-15T14:21:33","guid":{"rendered":"https:\/\/www.comverga.com\/pol\/?page_id=859"},"modified":"2021-03-17T17:36:28","modified_gmt":"2021-03-17T16:36:28","slug":"telekomunikacja","status":"publish","type":"page","link":"https:\/\/www.comverga.com\/pol\/branze\/telekomunikacja\/","title":{"rendered":"Telekomunikacja"},"content":{"rendered":"\t\t<div data-elementor-type=\"wp-page\" data-elementor-id=\"859\" class=\"elementor elementor-859\">\n\t\t\t\t\t\t\t\t\t<section class=\"elementor-section elementor-top-section elementor-element elementor-element-6ad0f0da elementor-section-stretched elementor-section-boxed elementor-section-height-default elementor-section-height-default\" data-id=\"6ad0f0da\" data-element_type=\"section\" data-settings=\"{&quot;stretch_section&quot;:&quot;section-stretched&quot;,&quot;background_background&quot;:&quot;classic&quot;}\">\n\t\t\t\t\t\t<div class=\"elementor-container elementor-column-gap-default\">\n\t\t\t\t\t<div class=\"elementor-column elementor-col-100 elementor-top-column elementor-element elementor-element-566cd718\" data-id=\"566cd718\" data-element_type=\"column\">\n\t\t\t<div class=\"elementor-widget-wrap elementor-element-populated\">\n\t\t\t\t\t\t\t\t<div class=\"elementor-element elementor-element-833725b elementor-widget elementor-widget-heading\" data-id=\"833725b\" data-element_type=\"widget\" data-widget_type=\"heading.default\">\n\t\t\t\t<div class=\"elementor-widget-container\">\n\t\t\t<h2 class=\"elementor-heading-title elementor-size-large\">\u0141\u0105czymy z lud\u017ami<\/h2>\t\t<\/div>\n\t\t\t\t<\/div>\n\t\t\t\t<div class=\"elementor-element elementor-element-4a839e7 elementor-widget-divider--view-line elementor-widget elementor-widget-divider\" data-id=\"4a839e7\" data-element_type=\"widget\" data-widget_type=\"divider.default\">\n\t\t\t\t<div class=\"elementor-widget-container\">\n\t\t\t\t\t<div class=\"elementor-divider\">\n\t\t\t<span class=\"elementor-divider-separator\">\n\t\t\t\t\t\t<\/span>\n\t\t<\/div>\n\t\t\t\t<\/div>\n\t\t\t\t<\/div>\n\t\t\t\t<div class=\"elementor-element elementor-element-322f49ae elementor-widget elementor-widget-text-editor\" data-id=\"322f49ae\" data-element_type=\"widget\" data-widget_type=\"text-editor.default\">\n\t\t\t\t<div class=\"elementor-widget-container\">\n\t\t\t\t\t\t\t<!-- wp:paragraph -->\n<p>W ramach oferty dedykowanej dla bran\u017cy telekomunikacyjnej umo\u017cliwiamy klientom pe\u0142n\u0105 kontrol\u0119 nad procesem komunikacji ze swoimi abonentami. W odpowiedzi na coraz szerszy zakres us\u0142ug mobilnych stworzyli\u015bmy narz\u0119dzia oparte na SMS, VMS i MMS, kt\u00f3re usprawniaj\u0105 wymian\u0119 informacji oraz pomagaj\u0105 jeszcze skuteczniej dociera\u0107 do odbiorc\u00f3w.<\/p>\n<!-- \/wp:paragraph --><!-- wp:paragraph -->\n<p>Partnerom telekomunikacyjnym oferujemy us\u0142ugi mProfi, kt\u00f3ra mo\u017ce by\u0107 w pe\u0142ni sprofilowana i rozbudowana wedle indywidualnych wymaga\u0144. W praktyce oznacza to, \u017ce dany operator ma mo\u017cliwo\u015b\u0107 rozszerzy\u0107 narz\u0119dzie o w\u0142asne modu\u0142y czy te\u017c przearan\u017cowa\u0107 szat\u0119 graficzn\u0105 i &#8211; np. umie\u015bci\u0107 w\u0142asne logo (model tzw. white labeled).<\/p>\n<!-- \/wp:paragraph --><!-- wp:paragraph -->\n<p>Proponujemy tak\u017ce rozbudow\u0119 obecnie posiadanych rozwi\u0105za\u0144 o elementy dodatkowe, takie jak: urz\u0105dzenia sieciowe, WAP GW, SMSC, Signalling Node, Content Management Platform MACS i wiele innych.<\/p>\n<!-- \/wp:paragraph --><!-- wp:heading \/--><!-- wp:list \/--><!-- wp:heading \/--><!-- wp:list \/--><!-- wp:heading \/--><!-- wp:list \/-->\t\t\t\t\t\t<\/div>\n\t\t\t\t<\/div>\n\t\t\t\t\t<\/div>\n\t\t<\/div>\n\t\t\t\t\t\t\t<\/div>\n\t\t<\/section>\n\t\t\t\t<section class=\"elementor-section elementor-top-section elementor-element elementor-element-9981c9e elementor-section-stretched elementor-section-boxed elementor-section-height-default elementor-section-height-default\" data-id=\"9981c9e\" data-element_type=\"section\" data-settings=\"{&quot;stretch_section&quot;:&quot;section-stretched&quot;}\">\n\t\t\t\t\t\t<div class=\"elementor-container elementor-column-gap-default\">\n\t\t\t\t\t<div class=\"elementor-column elementor-col-50 elementor-top-column elementor-element elementor-element-86d423b\" data-id=\"86d423b\" data-element_type=\"column\">\n\t\t\t<div class=\"elementor-widget-wrap elementor-element-populated\">\n\t\t\t\t\t\t\t\t<div class=\"elementor-element elementor-element-00ff12f premium-title-center premium-title-color elementor-widget elementor-widget-premium-addon-title\" data-id=\"00ff12f\" data-element_type=\"widget\" data-widget_type=\"premium-addon-title.default\">\n\t\t\t\t<div class=\"elementor-widget-container\">\n\t\t\t\r\n\t\t<div class=\"premium-title-container style3\">\r\n\t\t\t<h2 class=\"premium-title-header premium-title-style3\">\r\n\t\t\t\t\r\n\t\t\t\t\r\n\t\t\t\t\t\t\t\t\t\t\t\t<span class=\"premium-title-text\" >\r\n\t\t\t\t\tUs\u0142ugi\t\t\t\t<\/span>\r\n\t\t\t\t\t\r\n\t\t\t\t\t\t\t\t\t\t\t<\/h2>\r\n\t\t<\/div>\r\n\r\n\t\t\t\t<\/div>\n\t\t\t\t<\/div>\n\t\t\t\t<div class=\"elementor-element elementor-element-a1e714d elementor-widget elementor-widget-text-editor\" data-id=\"a1e714d\" data-element_type=\"widget\" data-widget_type=\"text-editor.default\">\n\t\t\t\t<div class=\"elementor-widget-container\">\n\t\t\t\t\t\t\t<ul>\n<li>Us\u0142ugi szyte na miar\u0119<\/li>\n<li>Platformy telekomunikacyjne: WAP GW, SMSC, Voice Mail System, Signalling Node<\/li>\n<li>mProfi<\/li>\n<li>Aplikacje mobilne<\/li>\n<\/ul>\t\t\t\t\t\t<\/div>\n\t\t\t\t<\/div>\n\t\t\t\t\t<\/div>\n\t\t<\/div>\n\t\t\t\t<div class=\"elementor-column elementor-col-50 elementor-top-column elementor-element elementor-element-290ce08\" data-id=\"290ce08\" data-element_type=\"column\">\n\t\t\t<div class=\"elementor-widget-wrap elementor-element-populated\">\n\t\t\t\t\t\t\t\t<div class=\"elementor-element elementor-element-d1a49bb premium-title-center premium-title-color elementor-widget elementor-widget-premium-addon-title\" data-id=\"d1a49bb\" data-element_type=\"widget\" data-widget_type=\"premium-addon-title.default\">\n\t\t\t\t<div class=\"elementor-widget-container\">\n\t\t\t\r\n\t\t<div class=\"premium-title-container style3\">\r\n\t\t\t<h2 class=\"premium-title-header premium-title-style3\">\r\n\t\t\t\t\r\n\t\t\t\t\r\n\t\t\t\t\t\t\t\t\t\t\t\t<span class=\"premium-title-text\" >\r\n\t\t\t\t\tZaufali nam\t\t\t\t<\/span>\r\n\t\t\t\t\t\r\n\t\t\t\t\t\t\t\t\t\t\t<\/h2>\r\n\t\t<\/div>\r\n\r\n\t\t\t\t<\/div>\n\t\t\t\t<\/div>\n\t\t\t\t<div class=\"elementor-element elementor-element-66d502f elementor-widget elementor-widget-text-editor\" data-id=\"66d502f\" data-element_type=\"widget\" data-widget_type=\"text-editor.default\">\n\t\t\t\t<div class=\"elementor-widget-container\">\n\t\t\t\t\t\t\t<ul>\n<li>Telekomunikacja Polska S.A. &#8211; Case Study<\/li>\n<li>Orange<\/li>\n<li>T-Mobile<\/li>\n<li>P4<\/li>\n<li>UPC<\/li>\n<li>Sferia<\/li>\n<\/ul>\t\t\t\t\t\t<\/div>\n\t\t\t\t<\/div>\n\t\t\t\t\t<\/div>\n\t\t<\/div>\n\t\t\t\t\t\t\t<\/div>\n\t\t<\/section>\n\t\t\t\t<section class=\"elementor-section elementor-top-section elementor-element elementor-element-ad06bcb elementor-section-stretched elementor-section-boxed elementor-section-height-default elementor-section-height-default\" data-id=\"ad06bcb\" data-element_type=\"section\" data-settings=\"{&quot;stretch_section&quot;:&quot;section-stretched&quot;}\">\n\t\t\t\t\t\t<div class=\"elementor-container elementor-column-gap-default\">\n\t\t\t\t\t<div class=\"elementor-column elementor-col-100 elementor-top-column elementor-element elementor-element-aa333fc\" data-id=\"aa333fc\" data-element_type=\"column\">\n\t\t\t<div class=\"elementor-widget-wrap elementor-element-populated\">\n\t\t\t\t\t\t\t\t<div class=\"elementor-element elementor-element-e9c236c elementor-widget elementor-widget-heading\" data-id=\"e9c236c\" data-element_type=\"widget\" data-widget_type=\"heading.default\">\n\t\t\t\t<div class=\"elementor-widget-container\">\n\t\t\t<h2 class=\"elementor-heading-title elementor-size-large\">Mo\u017cliwo\u015bci, jakie daj\u0105 nasze us\u0142ugi<\/h2>\t\t<\/div>\n\t\t\t\t<\/div>\n\t\t\t\t<div class=\"elementor-element elementor-element-01539b0 elementor-widget-divider--view-line elementor-widget elementor-widget-divider\" data-id=\"01539b0\" data-element_type=\"widget\" data-widget_type=\"divider.default\">\n\t\t\t\t<div class=\"elementor-widget-container\">\n\t\t\t\t\t<div class=\"elementor-divider\">\n\t\t\t<span class=\"elementor-divider-separator\">\n\t\t\t\t\t\t<\/span>\n\t\t<\/div>\n\t\t\t\t<\/div>\n\t\t\t\t<\/div>\n\t\t\t\t<div class=\"elementor-element elementor-element-88b8ffc elementor-widget elementor-widget-text-editor\" data-id=\"88b8ffc\" data-element_type=\"widget\" data-widget_type=\"text-editor.default\">\n\t\t\t\t<div class=\"elementor-widget-container\">\n\t\t\t\t\t\t\t<ul>\n<li>Przesy\u0142anie powiadomie\u0144 tekstowych oraz g\u0142osowych<\/li>\n<li>Sprawdzona komunikacja z klientem masowym<\/li>\n<li>Profilowanie komunikat\u00f3w w zale\u017cno\u015bci od celu: przypomnienia, potwierdzenia, windykacja, ofertowanie i wiele innych<\/li>\n<li>Segmentowanie komunikat\u00f3w do poszczeg\u00f3lnych grup odbiorc\u00f3w<\/li>\n<li>Przeprowadzanie dzia\u0142a\u0144 ewaluacyjnych: ankiety, sondy, badania satysfakcji<\/li>\n<\/ul>\t\t\t\t\t\t<\/div>\n\t\t\t\t<\/div>\n\t\t\t\t\t<\/div>\n\t\t<\/div>\n\t\t\t\t\t\t\t<\/div>\n\t\t<\/section>\n\t\t\t\t\t\t\t<\/div>\n\t\t","protected":false},"excerpt":{"rendered":"<p>\u0141\u0105czymy z lud\u017ami W ramach oferty dedykowanej dla bran\u017cy telekomunikacyjnej umo\u017cliwiamy klientom pe\u0142n\u0105 kontrol\u0119 nad procesem komunikacji ze swoimi abonentami. W odpowiedzi na coraz szerszy zakres us\u0142ug mobilnych stworzyli\u015bmy narz\u0119dzia oparte na SMS, VMS i MMS, kt\u00f3re usprawniaj\u0105 wymian\u0119 informacji oraz pomagaj\u0105 jeszcze skuteczniej dociera\u0107 do odbiorc\u00f3w. Partnerom telekomunikacyjnym oferujemy us\u0142ugi mProfi, kt\u00f3ra mo\u017ce by\u0107 [&hellip;]<\/p>\n","protected":false},"author":1,"featured_media":860,"parent":348,"menu_order":5,"comment_status":"closed","ping_status":"closed","template":"","meta":{"footnotes":""},"yoast_head":"<!-- This site is optimized with the Yoast SEO plugin v21.6 - https:\/\/yoast.com\/wordpress\/plugins\/seo\/ -->\n<title>Telekomunikacja - COMVERGA Poland<\/title>\n<meta name=\"robots\" content=\"index, follow, max-snippet:-1, max-image-preview:large, max-video-preview:-1\" \/>\n<link rel=\"canonical\" href=\"https:\/\/www.comverga.com\/pol\/branze\/telekomunikacja\/\" \/>\n<meta property=\"og:locale\" content=\"pl_PL\" \/>\n<meta property=\"og:type\" content=\"article\" \/>\n<meta property=\"og:title\" content=\"Telekomunikacja - COMVERGA Poland\" \/>\n<meta property=\"og:description\" content=\"\u0141\u0105czymy z lud\u017ami W ramach oferty dedykowanej dla bran\u017cy telekomunikacyjnej umo\u017cliwiamy klientom pe\u0142n\u0105 kontrol\u0119 nad procesem komunikacji ze swoimi abonentami. W odpowiedzi na coraz szerszy zakres us\u0142ug mobilnych stworzyli\u015bmy narz\u0119dzia oparte na SMS, VMS i MMS, kt\u00f3re usprawniaj\u0105 wymian\u0119 informacji oraz pomagaj\u0105 jeszcze skuteczniej dociera\u0107 do odbiorc\u00f3w. Partnerom telekomunikacyjnym oferujemy us\u0142ugi mProfi, kt\u00f3ra mo\u017ce by\u0107 [&hellip;]\" \/>\n<meta property=\"og:url\" content=\"https:\/\/www.comverga.com\/pol\/branze\/telekomunikacja\/\" \/>\n<meta property=\"og:site_name\" content=\"COMVERGA Poland\" \/>\n<meta property=\"article:modified_time\" content=\"2021-03-17T16:36:28+00:00\" \/>\n<meta property=\"og:image\" content=\"https:\/\/www.comverga.com\/pol\/wp-content\/uploads\/sites\/2\/2020\/12\/telekomunikacja.jpg\" \/>\n\t<meta property=\"og:image:width\" content=\"1920\" \/>\n\t<meta property=\"og:image:height\" content=\"620\" \/>\n\t<meta property=\"og:image:type\" content=\"image\/jpeg\" \/>\n<meta name=\"twitter:card\" content=\"summary_large_image\" \/>\n<meta name=\"twitter:label1\" content=\"Szacowany czas czytania\" \/>\n\t<meta name=\"twitter:data1\" content=\"1 minuta\" \/>\n<script type=\"application\/ld+json\" class=\"yoast-schema-graph\">{\"@context\":\"https:\/\/schema.org\",\"@graph\":[{\"@type\":\"WebPage\",\"@id\":\"https:\/\/www.comverga.com\/pol\/branze\/telekomunikacja\/\",\"url\":\"https:\/\/www.comverga.com\/pol\/branze\/telekomunikacja\/\",\"name\":\"Telekomunikacja - COMVERGA Poland\",\"isPartOf\":{\"@id\":\"https:\/\/www.comverga.com\/pol\/#website\"},\"datePublished\":\"2020-12-15T14:21:33+00:00\",\"dateModified\":\"2021-03-17T16:36:28+00:00\",\"breadcrumb\":{\"@id\":\"https:\/\/www.comverga.com\/pol\/branze\/telekomunikacja\/#breadcrumb\"},\"inLanguage\":\"pl-PL\",\"potentialAction\":[{\"@type\":\"ReadAction\",\"target\":[\"https:\/\/www.comverga.com\/pol\/branze\/telekomunikacja\/\"]}]},{\"@type\":\"BreadcrumbList\",\"@id\":\"https:\/\/www.comverga.com\/pol\/branze\/telekomunikacja\/#breadcrumb\",\"itemListElement\":[{\"@type\":\"ListItem\",\"position\":1,\"name\":\"Bran\u017ce\",\"item\":\"https:\/\/www.comverga.com\/pol\/branze\/\"},{\"@type\":\"ListItem\",\"position\":2,\"name\":\"Telekomunikacja\"}]},{\"@type\":\"WebSite\",\"@id\":\"https:\/\/www.comverga.com\/pol\/#website\",\"url\":\"https:\/\/www.comverga.com\/pol\/\",\"name\":\"COMVERGA Poland\",\"description\":\"Comverga Poland\",\"publisher\":{\"@id\":\"https:\/\/www.comverga.com\/pol\/#organization\"},\"potentialAction\":[{\"@type\":\"SearchAction\",\"target\":{\"@type\":\"EntryPoint\",\"urlTemplate\":\"https:\/\/www.comverga.com\/pol\/?s={search_term_string}\"},\"query-input\":\"required name=search_term_string\"}],\"inLanguage\":\"pl-PL\"},{\"@type\":\"Organization\",\"@id\":\"https:\/\/www.comverga.com\/pol\/#organization\",\"name\":\"COMVERGA Poland\",\"url\":\"https:\/\/www.comverga.com\/pol\/\",\"logo\":{\"@type\":\"ImageObject\",\"inLanguage\":\"pl-PL\",\"@id\":\"https:\/\/www.comverga.com\/pol\/#\/schema\/logo\/image\/\",\"url\":\"https:\/\/www.comverga.com\/pol\/wp-content\/uploads\/sites\/2\/2020\/11\/Comverga_CC.png\",\"contentUrl\":\"https:\/\/www.comverga.com\/pol\/wp-content\/uploads\/sites\/2\/2020\/11\/Comverga_CC.png\",\"width\":800,\"height\":800,\"caption\":\"COMVERGA Poland\"},\"image\":{\"@id\":\"https:\/\/www.comverga.com\/pol\/#\/schema\/logo\/image\/\"}}]}<\/script>\n<!-- \/ Yoast SEO plugin. -->","yoast_head_json":{"title":"Telekomunikacja - COMVERGA Poland","robots":{"index":"index","follow":"follow","max-snippet":"max-snippet:-1","max-image-preview":"max-image-preview:large","max-video-preview":"max-video-preview:-1"},"canonical":"https:\/\/www.comverga.com\/pol\/branze\/telekomunikacja\/","og_locale":"pl_PL","og_type":"article","og_title":"Telekomunikacja - COMVERGA Poland","og_description":"\u0141\u0105czymy z lud\u017ami W ramach oferty dedykowanej dla bran\u017cy telekomunikacyjnej umo\u017cliwiamy klientom pe\u0142n\u0105 kontrol\u0119 nad procesem komunikacji ze swoimi abonentami. W odpowiedzi na coraz szerszy zakres us\u0142ug mobilnych stworzyli\u015bmy narz\u0119dzia oparte na SMS, VMS i MMS, kt\u00f3re usprawniaj\u0105 wymian\u0119 informacji oraz pomagaj\u0105 jeszcze skuteczniej dociera\u0107 do odbiorc\u00f3w. Partnerom telekomunikacyjnym oferujemy us\u0142ugi mProfi, kt\u00f3ra mo\u017ce by\u0107 [&hellip;]","og_url":"https:\/\/www.comverga.com\/pol\/branze\/telekomunikacja\/","og_site_name":"COMVERGA Poland","article_modified_time":"2021-03-17T16:36:28+00:00","og_image":[{"width":1920,"height":620,"url":"https:\/\/www.comverga.com\/pol\/wp-content\/uploads\/sites\/2\/2020\/12\/telekomunikacja.jpg","type":"image\/jpeg"}],"twitter_card":"summary_large_image","twitter_misc":{"Szacowany czas czytania":"1 minuta"},"schema":{"@context":"https:\/\/schema.org","@graph":[{"@type":"WebPage","@id":"https:\/\/www.comverga.com\/pol\/branze\/telekomunikacja\/","url":"https:\/\/www.comverga.com\/pol\/branze\/telekomunikacja\/","name":"Telekomunikacja - COMVERGA Poland","isPartOf":{"@id":"https:\/\/www.comverga.com\/pol\/#website"},"datePublished":"2020-12-15T14:21:33+00:00","dateModified":"2021-03-17T16:36:28+00:00","breadcrumb":{"@id":"https:\/\/www.comverga.com\/pol\/branze\/telekomunikacja\/#breadcrumb"},"inLanguage":"pl-PL","potentialAction":[{"@type":"ReadAction","target":["https:\/\/www.comverga.com\/pol\/branze\/telekomunikacja\/"]}]},{"@type":"BreadcrumbList","@id":"https:\/\/www.comverga.com\/pol\/branze\/telekomunikacja\/#breadcrumb","itemListElement":[{"@type":"ListItem","position":1,"name":"Bran\u017ce","item":"https:\/\/www.comverga.com\/pol\/branze\/"},{"@type":"ListItem","position":2,"name":"Telekomunikacja"}]},{"@type":"WebSite","@id":"https:\/\/www.comverga.com\/pol\/#website","url":"https:\/\/www.comverga.com\/pol\/","name":"COMVERGA Poland","description":"Comverga Poland","publisher":{"@id":"https:\/\/www.comverga.com\/pol\/#organization"},"potentialAction":[{"@type":"SearchAction","target":{"@type":"EntryPoint","urlTemplate":"https:\/\/www.comverga.com\/pol\/?s={search_term_string}"},"query-input":"required name=search_term_string"}],"inLanguage":"pl-PL"},{"@type":"Organization","@id":"https:\/\/www.comverga.com\/pol\/#organization","name":"COMVERGA Poland","url":"https:\/\/www.comverga.com\/pol\/","logo":{"@type":"ImageObject","inLanguage":"pl-PL","@id":"https:\/\/www.comverga.com\/pol\/#\/schema\/logo\/image\/","url":"https:\/\/www.comverga.com\/pol\/wp-content\/uploads\/sites\/2\/2020\/11\/Comverga_CC.png","contentUrl":"https:\/\/www.comverga.com\/pol\/wp-content\/uploads\/sites\/2\/2020\/11\/Comverga_CC.png","width":800,"height":800,"caption":"COMVERGA Poland"},"image":{"@id":"https:\/\/www.comverga.com\/pol\/#\/schema\/logo\/image\/"}}]}},"_links":{"self":[{"href":"https:\/\/www.comverga.com\/pol\/wp-json\/wp\/v2\/pages\/859"}],"collection":[{"href":"https:\/\/www.comverga.com\/pol\/wp-json\/wp\/v2\/pages"}],"about":[{"href":"https:\/\/www.comverga.com\/pol\/wp-json\/wp\/v2\/types\/page"}],"author":[{"embeddable":true,"href":"https:\/\/www.comverga.com\/pol\/wp-json\/wp\/v2\/users\/1"}],"replies":[{"embeddable":true,"href":"https:\/\/www.comverga.com\/pol\/wp-json\/wp\/v2\/comments?post=859"}],"version-history":[{"count":8,"href":"https:\/\/www.comverga.com\/pol\/wp-json\/wp\/v2\/pages\/859\/revisions"}],"predecessor-version":[{"id":2082,"href":"https:\/\/www.comverga.com\/pol\/wp-json\/wp\/v2\/pages\/859\/revisions\/2082"}],"up":[{"embeddable":true,"href":"https:\/\/www.comverga.com\/pol\/wp-json\/wp\/v2\/pages\/348"}],"wp:featuredmedia":[{"embeddable":true,"href":"https:\/\/www.comverga.com\/pol\/wp-json\/wp\/v2\/media\/860"}],"wp:attachment":[{"href":"https:\/\/www.comverga.com\/pol\/wp-json\/wp\/v2\/media?parent=859"}],"curies":[{"name":"wp","href":"https:\/\/api.w.org\/{rel}","templated":true}]}}